{"id":105571,"date":"2020-04-21T13:00:29","date_gmt":"2020-04-21T11:00:29","guid":{"rendered":"https:\/\/tourtravelandmore.com\/tours\/non%20class\u00e9\/visite-privee-de-peterhof-et-du-palais-catherina\/"},"modified":"2021-03-25T13:31:02","modified_gmt":"2021-03-25T12:31:02","slug":"visite-privee-de-peterhof-et-du-palais-catherina","status":"publish","type":"product","link":"https:\/\/tourtravelandmore.com\/fr\/tours\/russie-fr\/saint-petersbourg-fr\/visite-privee-de-peterhof-et-du-palais-catherina\/","title":{"rendered":"Visite priv\u00e9e de Peterhof et du palais Catherina"},"content":{"rendered":"<h2>Description<\/h2>\n<p>Venez avec nous et profitez de cette visite priv\u00e9e du palais Peterhof et Catherina dans les deux palais les plus embl\u00e9matiques de Saint-P\u00e9tersbourg. Ne manquez pas cette occasion unique de d\u00e9couvrir deux des principaux palais de la ville!<\/p>\n<p>Profitez de cette occasion pour d\u00e9couvrir Saint-P\u00e9tersbourg et ses 2 palais principaux avec votre propre guide et chauffeur officiel priv\u00e9. Ne manquez pas les fontaines de Peterhof, le palais Catherine de style baroque et bien plus encore lors de cette visite priv\u00e9e.<\/p>\n<p>Pour cette visite priv\u00e9e, notre chauffeur priv\u00e9 et guide officiel vous attendra \u00e0 l&#8217;endroit de votre choix. Nous pouvons venir vous chercher \u00e0 votre h\u00f4tel, ou m\u00eame au port de croisi\u00e8re. La prise en charge peut \u00eatre organis\u00e9e \u00e0 n&#8217;importe quel endroit de la ville.<\/p>\n<p>Une fois que nous nous sommes rencontr\u00e9s, nous commencerons votre visite priv\u00e9e. Montez dans notre v\u00e9hicule priv\u00e9 et nous partirons vers le Palais Catherine!<\/p>\n<h2>Sites d&#8217;int\u00e9r\u00eat et monuments<\/h2>\n<p>Lors de votre visite priv\u00e9e de Peterhof et du palais Catherina, d\u00e9couvrez deux des sites les plus embl\u00e9matiques de Saint-P\u00e9tersbourg. Il s&#8217;agit du palais Catherine et de Peterhof. Deux anciens palais d&#8217;\u00e9t\u00e9 c\u00e9l\u00e8bres des tsars russes. Notre chauffeur et guide viendra vous chercher \u00e0 l&#8217;heure souhait\u00e9e dans votre h\u00f4tel ou lieu de votre choix dans la ville.<\/p>\n<p>Vous conduirez 30 km en dehors de la ville jusqu&#8217;\u00e0 ce que vous arriviez au Palais Catherine. Vous visiterez cet endroit merveilleux. Cela inclura la salle Ambre. Ensuite, promenez-vous dans ses magnifiques jardins. C&#8217;est toujours avec votre guide officiel priv\u00e9.<\/p>\n<p>Vous visiterez ensuite Peterhof. Il a \u00e9t\u00e9 \u00e9tabli par Pierre le Grand. Il est rempli de peintures qu&#8217;il a rapport\u00e9es de ses voyages europ\u00e9ens. Ce magnifique palais, connu sous le nom de \u00abVersailles russe\u00bb, est un site du patrimoine mondial de l&#8217;UNESCO. Il est \u00e9galement tr\u00e8s connu pour ses fontaines.<\/p>\n<p>L&#8217;itin\u00e9raire final de votre visite priv\u00e9e au d\u00e9part de Saint-P\u00e9tersbourg est absolument adaptable \u00e0 vos propres int\u00e9r\u00eats et go\u00fbts.<\/p>\n<p>D\u00e9couvrez nos visites priv\u00e9es!<\/p>\n","protected":false},"excerpt":{"rendered":"<p>Profitez de cette occasion pour conna\u00eetre les deux palais les plus embl\u00e9matiques de Saint-P\u00e9tersbourg et visitez le palais Catherine et Peterhof avec votre guide priv\u00e9! Visite priv\u00e9e de Peterhof et du palais Catherina.<\/p>\n","protected":false},"featured_media":97510,"comment_status":"open","ping_status":"closed","template":"","meta":{"_acf_changed":false},"product_brand":[],"product_cat":[3739,3828],"product_tag":[],"class_list":{"0":"post-105571","1":"product","2":"type-product","3":"status-publish","4":"has-post-thumbnail","6":"product_cat-russie-fr","7":"product_cat-saint-petersbourg-fr","9":"first","10":"instock","11":"shipping-taxable","12":"purchasable","13":"product-type-simple"},"acf":[],"yoast_head":"<!-- This site is optimized with the Yoast SEO Premium plugin v25.3.1 (Yoast SEO v25.3.1) - https:\/\/yoast.com\/wordpress\/plugins\/seo\/ -->\n<title>Visite priv\u00e9e du palais Peterhof et Catherina \u00e0 Saint-P\u00e9tersbourg<\/title>\n<meta name=\"description\" content=\"Apprenez \u00e0 conna\u00eetre les deux palais les plus embl\u00e9matiques de Saint-P\u00e9tersbourg et visitez le palais Catherine et Peterhof. Visite priv\u00e9e de Peterhof et du palais Catherina\" \/>\n<meta name=\"robots\" content=\"index, follow, max-snippet:-1, max-image-preview:large, max-video-preview:-1\" \/>\n<link rel=\"canonical\" href=\"https:\/\/tourtravelandmore.com\/fr\/tours\/russie-fr\/saint-petersbourg-fr\/visite-privee-de-peterhof-et-du-palais-catherina\/\" \/>\n<meta property=\"og:locale\" content=\"fr_FR\" \/>\n<meta property=\"og:type\" content=\"article\" \/>\n<meta property=\"og:title\" content=\"Visite priv\u00e9e de Peterhof et du palais Catherina\" \/>\n<meta property=\"og:description\" content=\"Apprenez \u00e0 conna\u00eetre les deux palais les plus embl\u00e9matiques de Saint-P\u00e9tersbourg et visitez le palais Catherine et Peterhof. Visite priv\u00e9e de Peterhof et du palais Catherina\" \/>\n<meta property=\"og:url\" content=\"https:\/\/tourtravelandmore.com\/fr\/tours\/russie-fr\/saint-petersbourg-fr\/visite-privee-de-peterhof-et-du-palais-catherina\/\" \/>\n<meta property=\"og:site_name\" content=\"Tour Travel And More\" \/>\n<meta property=\"article:publisher\" content=\"https:\/\/www.facebook.com\/tourtravelandmore\/\" \/>\n<meta property=\"article:modified_time\" content=\"2021-03-25T12:31:02+00:00\" \/>\n<meta property=\"og:image\" content=\"https:\/\/tourtravelandmore.com\/wp-content\/uploads\/2020\/04\/peterhof.jpg\" \/>\n\t<meta property=\"og:image:width\" content=\"1023\" \/>\n\t<meta property=\"og:image:height\" content=\"623\" \/>\n\t<meta property=\"og:image:type\" content=\"image\/jpeg\" \/>\n<meta name=\"twitter:card\" content=\"summary_large_image\" \/>\n<meta name=\"twitter:site\" content=\"@TourTravel_More\" \/>\n<meta name=\"twitter:label1\" content=\"Dur\u00e9e de lecture estim\u00e9e\" \/>\n\t<meta name=\"twitter:data1\" content=\"2 minutes\" \/>\n<script type=\"application\/ld+json\" class=\"yoast-schema-graph\">{\"@context\":\"https:\/\/schema.org\",\"@graph\":[{\"@type\":\"WebPage\",\"@id\":\"https:\/\/tourtravelandmore.com\/fr\/tours\/russie-fr\/saint-petersbourg-fr\/visite-privee-de-peterhof-et-du-palais-catherina\/\",\"url\":\"https:\/\/tourtravelandmore.com\/fr\/tours\/russie-fr\/saint-petersbourg-fr\/visite-privee-de-peterhof-et-du-palais-catherina\/\",\"name\":\"Visite priv\u00e9e du palais Peterhof et Catherina \u00e0 Saint-P\u00e9tersbourg\",\"isPartOf\":{\"@id\":\"https:\/\/tourtravelandmore.com\/fr\/#website\"},\"primaryImageOfPage\":{\"@id\":\"https:\/\/tourtravelandmore.com\/fr\/tours\/russie-fr\/saint-petersbourg-fr\/visite-privee-de-peterhof-et-du-palais-catherina\/#primaryimage\"},\"image\":{\"@id\":\"https:\/\/tourtravelandmore.com\/fr\/tours\/russie-fr\/saint-petersbourg-fr\/visite-privee-de-peterhof-et-du-palais-catherina\/#primaryimage\"},\"thumbnailUrl\":\"https:\/\/tourtravelandmore.com\/wp-content\/uploads\/2020\/04\/peterhof.jpg\",\"datePublished\":\"2020-04-21T11:00:29+00:00\",\"dateModified\":\"2021-03-25T12:31:02+00:00\",\"description\":\"Apprenez \u00e0 conna\u00eetre les deux palais les plus embl\u00e9matiques de Saint-P\u00e9tersbourg et visitez le palais Catherine et Peterhof. Visite priv\u00e9e de Peterhof et du palais Catherina\",\"breadcrumb\":{\"@id\":\"https:\/\/tourtravelandmore.com\/fr\/tours\/russie-fr\/saint-petersbourg-fr\/visite-privee-de-peterhof-et-du-palais-catherina\/#breadcrumb\"},\"inLanguage\":\"fr-FR\",\"potentialAction\":[{\"@type\":\"ReadAction\",\"target\":[\"https:\/\/tourtravelandmore.com\/fr\/tours\/russie-fr\/saint-petersbourg-fr\/visite-privee-de-peterhof-et-du-palais-catherina\/\"]}]},{\"@type\":\"ImageObject\",\"inLanguage\":\"fr-FR\",\"@id\":\"https:\/\/tourtravelandmore.com\/fr\/tours\/russie-fr\/saint-petersbourg-fr\/visite-privee-de-peterhof-et-du-palais-catherina\/#primaryimage\",\"url\":\"https:\/\/tourtravelandmore.com\/wp-content\/uploads\/2020\/04\/peterhof.jpg\",\"contentUrl\":\"https:\/\/tourtravelandmore.com\/wp-content\/uploads\/2020\/04\/peterhof.jpg\",\"width\":1023,\"height\":623},{\"@type\":\"BreadcrumbList\",\"@id\":\"https:\/\/tourtravelandmore.com\/fr\/tours\/russie-fr\/saint-petersbourg-fr\/visite-privee-de-peterhof-et-du-palais-catherina\/#breadcrumb\",\"itemListElement\":[{\"@type\":\"ListItem\",\"position\":1,\"name\":\"Home\",\"item\":\"https:\/\/tourtravelandmore.com\/fr\/\"},{\"@type\":\"ListItem\",\"position\":2,\"name\":\"Tours\",\"item\":\"https:\/\/tourtravelandmore.com\/fr\/tours\/\"},{\"@type\":\"ListItem\",\"position\":3,\"name\":\"Visite priv\u00e9e de Peterhof et du palais Catherina\"}]},{\"@type\":\"WebSite\",\"@id\":\"https:\/\/tourtravelandmore.com\/fr\/#website\",\"url\":\"https:\/\/tourtravelandmore.com\/fr\/\",\"name\":\"Tour Travel And More\",\"description\":\"Private sightseeing tours and luxury transfers in Spain\",\"publisher\":{\"@id\":\"https:\/\/tourtravelandmore.com\/fr\/#organization\"},\"potentialAction\":[{\"@type\":\"SearchAction\",\"target\":{\"@type\":\"EntryPoint\",\"urlTemplate\":\"https:\/\/tourtravelandmore.com\/fr\/?s={search_term_string}\"},\"query-input\":{\"@type\":\"PropertyValueSpecification\",\"valueRequired\":true,\"valueName\":\"search_term_string\"}}],\"inLanguage\":\"fr-FR\"},{\"@type\":\"Organization\",\"@id\":\"https:\/\/tourtravelandmore.com\/fr\/#organization\",\"name\":\"Tour Travel And More\",\"url\":\"https:\/\/tourtravelandmore.com\/fr\/\",\"logo\":{\"@type\":\"ImageObject\",\"inLanguage\":\"fr-FR\",\"@id\":\"https:\/\/tourtravelandmore.com\/fr\/#\/schema\/logo\/image\/\",\"url\":\"https:\/\/tourtravelandmore.com\/wp-content\/uploads\/2022\/12\/cropped-logo-cabecera-new.png\",\"contentUrl\":\"https:\/\/tourtravelandmore.com\/wp-content\/uploads\/2022\/12\/cropped-logo-cabecera-new.png\",\"width\":430,\"height\":61,\"caption\":\"Tour Travel And More\"},\"image\":{\"@id\":\"https:\/\/tourtravelandmore.com\/fr\/#\/schema\/logo\/image\/\"},\"sameAs\":[\"https:\/\/www.facebook.com\/tourtravelandmore\/\",\"https:\/\/x.com\/TourTravel_More\"]}]}<\/script>\n<!-- \/ Yoast SEO Premium plugin. -->","yoast_head_json":{"title":"Visite priv\u00e9e du palais Peterhof et Catherina \u00e0 Saint-P\u00e9tersbourg","description":"Apprenez \u00e0 conna\u00eetre les deux palais les plus embl\u00e9matiques de Saint-P\u00e9tersbourg et visitez le palais Catherine et Peterhof. Visite priv\u00e9e de Peterhof et du palais Catherina","robots":{"index":"index","follow":"follow","max-snippet":"max-snippet:-1","max-image-preview":"max-image-preview:large","max-video-preview":"max-video-preview:-1"},"canonical":"https:\/\/tourtravelandmore.com\/fr\/tours\/russie-fr\/saint-petersbourg-fr\/visite-privee-de-peterhof-et-du-palais-catherina\/","og_locale":"fr_FR","og_type":"article","og_title":"Visite priv\u00e9e de Peterhof et du palais Catherina","og_description":"Apprenez \u00e0 conna\u00eetre les deux palais les plus embl\u00e9matiques de Saint-P\u00e9tersbourg et visitez le palais Catherine et Peterhof. Visite priv\u00e9e de Peterhof et du palais Catherina","og_url":"https:\/\/tourtravelandmore.com\/fr\/tours\/russie-fr\/saint-petersbourg-fr\/visite-privee-de-peterhof-et-du-palais-catherina\/","og_site_name":"Tour Travel And More","article_publisher":"https:\/\/www.facebook.com\/tourtravelandmore\/","article_modified_time":"2021-03-25T12:31:02+00:00","og_image":[{"width":1023,"height":623,"url":"https:\/\/tourtravelandmore.com\/wp-content\/uploads\/2020\/04\/peterhof.jpg","type":"image\/jpeg"}],"twitter_card":"summary_large_image","twitter_site":"@TourTravel_More","twitter_misc":{"Dur\u00e9e de lecture estim\u00e9e":"2 minutes"},"schema":{"@context":"https:\/\/schema.org","@graph":[{"@type":"WebPage","@id":"https:\/\/tourtravelandmore.com\/fr\/tours\/russie-fr\/saint-petersbourg-fr\/visite-privee-de-peterhof-et-du-palais-catherina\/","url":"https:\/\/tourtravelandmore.com\/fr\/tours\/russie-fr\/saint-petersbourg-fr\/visite-privee-de-peterhof-et-du-palais-catherina\/","name":"Visite priv\u00e9e du palais Peterhof et Catherina \u00e0 Saint-P\u00e9tersbourg","isPartOf":{"@id":"https:\/\/tourtravelandmore.com\/fr\/#website"},"primaryImageOfPage":{"@id":"https:\/\/tourtravelandmore.com\/fr\/tours\/russie-fr\/saint-petersbourg-fr\/visite-privee-de-peterhof-et-du-palais-catherina\/#primaryimage"},"image":{"@id":"https:\/\/tourtravelandmore.com\/fr\/tours\/russie-fr\/saint-petersbourg-fr\/visite-privee-de-peterhof-et-du-palais-catherina\/#primaryimage"},"thumbnailUrl":"https:\/\/tourtravelandmore.com\/wp-content\/uploads\/2020\/04\/peterhof.jpg","datePublished":"2020-04-21T11:00:29+00:00","dateModified":"2021-03-25T12:31:02+00:00","description":"Apprenez \u00e0 conna\u00eetre les deux palais les plus embl\u00e9matiques de Saint-P\u00e9tersbourg et visitez le palais Catherine et Peterhof. Visite priv\u00e9e de Peterhof et du palais Catherina","breadcrumb":{"@id":"https:\/\/tourtravelandmore.com\/fr\/tours\/russie-fr\/saint-petersbourg-fr\/visite-privee-de-peterhof-et-du-palais-catherina\/#breadcrumb"},"inLanguage":"fr-FR","potentialAction":[{"@type":"ReadAction","target":["https:\/\/tourtravelandmore.com\/fr\/tours\/russie-fr\/saint-petersbourg-fr\/visite-privee-de-peterhof-et-du-palais-catherina\/"]}]},{"@type":"ImageObject","inLanguage":"fr-FR","@id":"https:\/\/tourtravelandmore.com\/fr\/tours\/russie-fr\/saint-petersbourg-fr\/visite-privee-de-peterhof-et-du-palais-catherina\/#primaryimage","url":"https:\/\/tourtravelandmore.com\/wp-content\/uploads\/2020\/04\/peterhof.jpg","contentUrl":"https:\/\/tourtravelandmore.com\/wp-content\/uploads\/2020\/04\/peterhof.jpg","width":1023,"height":623},{"@type":"BreadcrumbList","@id":"https:\/\/tourtravelandmore.com\/fr\/tours\/russie-fr\/saint-petersbourg-fr\/visite-privee-de-peterhof-et-du-palais-catherina\/#breadcrumb","itemListElement":[{"@type":"ListItem","position":1,"name":"Home","item":"https:\/\/tourtravelandmore.com\/fr\/"},{"@type":"ListItem","position":2,"name":"Tours","item":"https:\/\/tourtravelandmore.com\/fr\/tours\/"},{"@type":"ListItem","position":3,"name":"Visite priv\u00e9e de Peterhof et du palais Catherina"}]},{"@type":"WebSite","@id":"https:\/\/tourtravelandmore.com\/fr\/#website","url":"https:\/\/tourtravelandmore.com\/fr\/","name":"Tour Travel And More","description":"Private sightseeing tours and luxury transfers in Spain","publisher":{"@id":"https:\/\/tourtravelandmore.com\/fr\/#organization"},"potentialAction":[{"@type":"SearchAction","target":{"@type":"EntryPoint","urlTemplate":"https:\/\/tourtravelandmore.com\/fr\/?s={search_term_string}"},"query-input":{"@type":"PropertyValueSpecification","valueRequired":true,"valueName":"search_term_string"}}],"inLanguage":"fr-FR"},{"@type":"Organization","@id":"https:\/\/tourtravelandmore.com\/fr\/#organization","name":"Tour Travel And More","url":"https:\/\/tourtravelandmore.com\/fr\/","logo":{"@type":"ImageObject","inLanguage":"fr-FR","@id":"https:\/\/tourtravelandmore.com\/fr\/#\/schema\/logo\/image\/","url":"https:\/\/tourtravelandmore.com\/wp-content\/uploads\/2022\/12\/cropped-logo-cabecera-new.png","contentUrl":"https:\/\/tourtravelandmore.com\/wp-content\/uploads\/2022\/12\/cropped-logo-cabecera-new.png","width":430,"height":61,"caption":"Tour Travel And More"},"image":{"@id":"https:\/\/tourtravelandmore.com\/fr\/#\/schema\/logo\/image\/"},"sameAs":["https:\/\/www.facebook.com\/tourtravelandmore\/","https:\/\/x.com\/TourTravel_More"]}]}},"_links":{"self":[{"href":"https:\/\/tourtravelandmore.com\/fr\/wp-json\/wp\/v2\/product\/105571","targetHints":{"allow":["GET"]}}],"collection":[{"href":"https:\/\/tourtravelandmore.com\/fr\/wp-json\/wp\/v2\/product"}],"about":[{"href":"https:\/\/tourtravelandmore.com\/fr\/wp-json\/wp\/v2\/types\/product"}],"replies":[{"embeddable":true,"href":"https:\/\/tourtravelandmore.com\/fr\/wp-json\/wp\/v2\/comments?post=105571"}],"wp:featuredmedia":[{"embeddable":true,"href":"https:\/\/tourtravelandmore.com\/fr\/wp-json\/wp\/v2\/media\/97510"}],"wp:attachment":[{"href":"https:\/\/tourtravelandmore.com\/fr\/wp-json\/wp\/v2\/media?parent=105571"}],"wp:term":[{"taxonomy":"product_brand","embeddable":true,"href":"https:\/\/tourtravelandmore.com\/fr\/wp-json\/wp\/v2\/product_brand?post=105571"},{"taxonomy":"product_cat","embeddable":true,"href":"https:\/\/tourtravelandmore.com\/fr\/wp-json\/wp\/v2\/product_cat?post=105571"},{"taxonomy":"product_tag","embeddable":true,"href":"https:\/\/tourtravelandmore.com\/fr\/wp-json\/wp\/v2\/product_tag?post=105571"}],"curies":[{"name":"wp","href":"https:\/\/api.w.org\/{rel}","templated":true}]}}