{"id":105556,"date":"2020-04-24T12:24:06","date_gmt":"2020-04-24T10:24:06","guid":{"rendered":"https:\/\/tourtravelandmore.com\/tours\/non%20class\u00e9\/transfert-prive-a-saint-petersbourg\/"},"modified":"2021-03-25T13:25:49","modified_gmt":"2021-03-25T12:25:49","slug":"transfert-prive-a-saint-petersbourg","status":"publish","type":"product","link":"https:\/\/tourtravelandmore.com\/fr\/tours\/russie-fr\/saint-petersbourg-fr\/transfert-prive-a-saint-petersbourg\/","title":{"rendered":"Transfert priv\u00e9 \u00e0 Saint-P\u00e9tersbourg"},"content":{"rendered":"<h2>Description<\/h2>\n<p>Profitez du transfert priv\u00e9 de Saint-P\u00e9tersbourg pour vous rendre confortablement d&#8217;un endroit \u00e0 un autre.<\/p>\n<p>Nous pouvons organiser la prise en charge depuis n&#8217;importe quel endroit \u00e0 Saint-P\u00e9tersbourg pour vous. Cela peut provenir d&#8217;une ville ou d&#8217;un a\u00e9roport et vous emmener partout o\u00f9 vous le souhaitez.<\/p>\n<p>Faites venir votre chauffeur priv\u00e9 dans l&#8217;un de nos v\u00e9hicules de luxe. Nous vous attendons pour vous emmener \u00e0 votre destination finale. Nous vous d\u00e9poserons confortablement \u00e0 l&#8217;endroit de votre choix \u00e0 l&#8217;int\u00e9rieur de la ville.<\/p>\n<p>Pour ces transferts priv\u00e9s, nous pouvons toujours vous emmener pour un transfert de restaurant, ou tout type de transfert que vous souhaitez. Ne manquez pas notre transfert priv\u00e9 \u00e0 Saint-P\u00e9tersbourg pour une exp\u00e9rience confortable.<\/p>\n<p>Nous organisons pour vous des v\u00e9hicules de luxe priv\u00e9s. Nous aurions besoin de savoir combien de bagages vous avez pour organiser le v\u00e9hicule correspondant. Des si\u00e8ges pour enfants sont \u00e9galement disponibles. Informez nos experts en voyages au moment de la r\u00e9servation.<\/p>\n<h2>Sites d&#8217;int\u00e9r\u00eat et monuments<\/h2>\n<p>Fond\u00e9e en 1703 par Pierre le Grand, et aujourd&#8217;hui avec une population de plus de 5 millions d&#8217;habitants, Saint-P\u00e9tersbourg est la deuxi\u00e8me plus grande ville de Russie. La ville est situ\u00e9e \u00e0 la pointe orientale de la mer Baltique et de la Neva. Son centre historique, rempli de canaux et de ponts baroques, a \u00e9t\u00e9 d\u00e9clar\u00e9 par l&#8217;UNESCO comme site du patrimoine mondial. Saint-P\u00e9tersbourg abrite l&#8217;une des plus grandes et des plus anciennes collections d&#8217;art, de tr\u00e9sors et d&#8217;antiquit\u00e9s du monde au mus\u00e9e de l&#8217;Ermitage.<\/p>\n<p>D\u00e9couvrez les autres circuits priv\u00e9s que nous proposons \u00e0 Saint-P\u00e9tersbourg.<\/p>\n","protected":false},"excerpt":{"rendered":"<p>Arrivez confortablement \u00e0 votre destination finale \u00e0 Saint-P\u00e9tersbourg dans nos v\u00e9hicules de luxe priv\u00e9s et avec nos chauffeurs professionnels. Transfert priv\u00e9 \u00e0 Saint-P\u00e9tersbourg.<\/p>\n","protected":false},"featured_media":95809,"comment_status":"open","ping_status":"closed","template":"","meta":{"_acf_changed":false},"product_brand":[],"product_cat":[3739,3828],"product_tag":[],"class_list":{"0":"post-105556","1":"product","2":"type-product","3":"status-publish","4":"has-post-thumbnail","6":"product_cat-russie-fr","7":"product_cat-saint-petersbourg-fr","9":"first","10":"instock","11":"shipping-taxable","12":"purchasable","13":"product-type-simple"},"acf":[],"yoast_head":"<!-- This site is optimized with the Yoast SEO Premium plugin v25.3.1 (Yoast SEO v25.3.1) - https:\/\/yoast.com\/wordpress\/plugins\/seo\/ -->\n<title>Transfert priv\u00e9 \u00e0 Saint-P\u00e9tersbourg - Transfert de d\u00e9part ou d&#039;arriv\u00e9e<\/title>\n<meta name=\"description\" content=\"Arrivez confortablement \u00e0 votre destination finale \u00e0 Saint-P\u00e9tersbourg dans nos v\u00e9hicules de luxe priv\u00e9s et dans notre transfert priv\u00e9 \u00e0 Saint-P\u00e9tersbourg\" \/>\n<meta name=\"robots\" content=\"index, follow, max-snippet:-1, max-image-preview:large, max-video-preview:-1\" \/>\n<link rel=\"canonical\" href=\"https:\/\/tourtravelandmore.com\/fr\/tours\/russie-fr\/saint-petersbourg-fr\/transfert-prive-a-saint-petersbourg\/\" \/>\n<meta property=\"og:locale\" content=\"fr_FR\" \/>\n<meta property=\"og:type\" content=\"article\" \/>\n<meta property=\"og:title\" content=\"Transfert priv\u00e9 \u00e0 Saint-P\u00e9tersbourg\" \/>\n<meta property=\"og:description\" content=\"Arrivez confortablement \u00e0 votre destination finale \u00e0 Saint-P\u00e9tersbourg dans nos v\u00e9hicules de luxe priv\u00e9s et dans notre transfert priv\u00e9 \u00e0 Saint-P\u00e9tersbourg\" \/>\n<meta property=\"og:url\" content=\"https:\/\/tourtravelandmore.com\/fr\/tours\/russie-fr\/saint-petersbourg-fr\/transfert-prive-a-saint-petersbourg\/\" \/>\n<meta property=\"og:site_name\" content=\"Tour Travel And More\" \/>\n<meta property=\"article:publisher\" content=\"https:\/\/www.facebook.com\/tourtravelandmore\/\" \/>\n<meta property=\"article:modified_time\" content=\"2021-03-25T12:25:49+00:00\" \/>\n<meta property=\"og:image\" content=\"https:\/\/tourtravelandmore.com\/wp-content\/uploads\/2016\/11\/TrasladoAlicante-1.png\" \/>\n\t<meta property=\"og:image:width\" content=\"640\" \/>\n\t<meta property=\"og:image:height\" content=\"425\" \/>\n\t<meta property=\"og:image:type\" content=\"image\/png\" \/>\n<meta name=\"twitter:card\" content=\"summary_large_image\" \/>\n<meta name=\"twitter:site\" content=\"@TourTravel_More\" \/>\n<meta name=\"twitter:label1\" content=\"Dur\u00e9e de lecture estim\u00e9e\" \/>\n\t<meta name=\"twitter:data1\" content=\"1 minute\" \/>\n<script type=\"application\/ld+json\" class=\"yoast-schema-graph\">{\"@context\":\"https:\/\/schema.org\",\"@graph\":[{\"@type\":\"WebPage\",\"@id\":\"https:\/\/tourtravelandmore.com\/fr\/tours\/russie-fr\/saint-petersbourg-fr\/transfert-prive-a-saint-petersbourg\/\",\"url\":\"https:\/\/tourtravelandmore.com\/fr\/tours\/russie-fr\/saint-petersbourg-fr\/transfert-prive-a-saint-petersbourg\/\",\"name\":\"Transfert priv\u00e9 \u00e0 Saint-P\u00e9tersbourg - Transfert de d\u00e9part ou d'arriv\u00e9e\",\"isPartOf\":{\"@id\":\"https:\/\/tourtravelandmore.com\/fr\/#website\"},\"primaryImageOfPage\":{\"@id\":\"https:\/\/tourtravelandmore.com\/fr\/tours\/russie-fr\/saint-petersbourg-fr\/transfert-prive-a-saint-petersbourg\/#primaryimage\"},\"image\":{\"@id\":\"https:\/\/tourtravelandmore.com\/fr\/tours\/russie-fr\/saint-petersbourg-fr\/transfert-prive-a-saint-petersbourg\/#primaryimage\"},\"thumbnailUrl\":\"https:\/\/tourtravelandmore.com\/wp-content\/uploads\/2016\/11\/TrasladoAlicante-1.png\",\"datePublished\":\"2020-04-24T10:24:06+00:00\",\"dateModified\":\"2021-03-25T12:25:49+00:00\",\"description\":\"Arrivez confortablement \u00e0 votre destination finale \u00e0 Saint-P\u00e9tersbourg dans nos v\u00e9hicules de luxe priv\u00e9s et dans notre transfert priv\u00e9 \u00e0 Saint-P\u00e9tersbourg\",\"breadcrumb\":{\"@id\":\"https:\/\/tourtravelandmore.com\/fr\/tours\/russie-fr\/saint-petersbourg-fr\/transfert-prive-a-saint-petersbourg\/#breadcrumb\"},\"inLanguage\":\"fr-FR\",\"potentialAction\":[{\"@type\":\"ReadAction\",\"target\":[\"https:\/\/tourtravelandmore.com\/fr\/tours\/russie-fr\/saint-petersbourg-fr\/transfert-prive-a-saint-petersbourg\/\"]}]},{\"@type\":\"ImageObject\",\"inLanguage\":\"fr-FR\",\"@id\":\"https:\/\/tourtravelandmore.com\/fr\/tours\/russie-fr\/saint-petersbourg-fr\/transfert-prive-a-saint-petersbourg\/#primaryimage\",\"url\":\"https:\/\/tourtravelandmore.com\/wp-content\/uploads\/2016\/11\/TrasladoAlicante-1.png\",\"contentUrl\":\"https:\/\/tourtravelandmore.com\/wp-content\/uploads\/2016\/11\/TrasladoAlicante-1.png\",\"width\":640,\"height\":425},{\"@type\":\"BreadcrumbList\",\"@id\":\"https:\/\/tourtravelandmore.com\/fr\/tours\/russie-fr\/saint-petersbourg-fr\/transfert-prive-a-saint-petersbourg\/#breadcrumb\",\"itemListElement\":[{\"@type\":\"ListItem\",\"position\":1,\"name\":\"Home\",\"item\":\"https:\/\/tourtravelandmore.com\/fr\/\"},{\"@type\":\"ListItem\",\"position\":2,\"name\":\"Tours\",\"item\":\"https:\/\/tourtravelandmore.com\/fr\/tours\/\"},{\"@type\":\"ListItem\",\"position\":3,\"name\":\"Transfert priv\u00e9 \u00e0 Saint-P\u00e9tersbourg\"}]},{\"@type\":\"WebSite\",\"@id\":\"https:\/\/tourtravelandmore.com\/fr\/#website\",\"url\":\"https:\/\/tourtravelandmore.com\/fr\/\",\"name\":\"Tour Travel And More\",\"description\":\"Private sightseeing tours and luxury transfers in Spain\",\"publisher\":{\"@id\":\"https:\/\/tourtravelandmore.com\/fr\/#organization\"},\"potentialAction\":[{\"@type\":\"SearchAction\",\"target\":{\"@type\":\"EntryPoint\",\"urlTemplate\":\"https:\/\/tourtravelandmore.com\/fr\/?s={search_term_string}\"},\"query-input\":{\"@type\":\"PropertyValueSpecification\",\"valueRequired\":true,\"valueName\":\"search_term_string\"}}],\"inLanguage\":\"fr-FR\"},{\"@type\":\"Organization\",\"@id\":\"https:\/\/tourtravelandmore.com\/fr\/#organization\",\"name\":\"Tour Travel And More\",\"url\":\"https:\/\/tourtravelandmore.com\/fr\/\",\"logo\":{\"@type\":\"ImageObject\",\"inLanguage\":\"fr-FR\",\"@id\":\"https:\/\/tourtravelandmore.com\/fr\/#\/schema\/logo\/image\/\",\"url\":\"https:\/\/tourtravelandmore.com\/wp-content\/uploads\/2022\/12\/cropped-logo-cabecera-new.png\",\"contentUrl\":\"https:\/\/tourtravelandmore.com\/wp-content\/uploads\/2022\/12\/cropped-logo-cabecera-new.png\",\"width\":430,\"height\":61,\"caption\":\"Tour Travel And More\"},\"image\":{\"@id\":\"https:\/\/tourtravelandmore.com\/fr\/#\/schema\/logo\/image\/\"},\"sameAs\":[\"https:\/\/www.facebook.com\/tourtravelandmore\/\",\"https:\/\/x.com\/TourTravel_More\"]}]}<\/script>\n<!-- \/ Yoast SEO Premium plugin. -->","yoast_head_json":{"title":"Transfert priv\u00e9 \u00e0 Saint-P\u00e9tersbourg - Transfert de d\u00e9part ou d'arriv\u00e9e","description":"Arrivez confortablement \u00e0 votre destination finale \u00e0 Saint-P\u00e9tersbourg dans nos v\u00e9hicules de luxe priv\u00e9s et dans notre transfert priv\u00e9 \u00e0 Saint-P\u00e9tersbourg","robots":{"index":"index","follow":"follow","max-snippet":"max-snippet:-1","max-image-preview":"max-image-preview:large","max-video-preview":"max-video-preview:-1"},"canonical":"https:\/\/tourtravelandmore.com\/fr\/tours\/russie-fr\/saint-petersbourg-fr\/transfert-prive-a-saint-petersbourg\/","og_locale":"fr_FR","og_type":"article","og_title":"Transfert priv\u00e9 \u00e0 Saint-P\u00e9tersbourg","og_description":"Arrivez confortablement \u00e0 votre destination finale \u00e0 Saint-P\u00e9tersbourg dans nos v\u00e9hicules de luxe priv\u00e9s et dans notre transfert priv\u00e9 \u00e0 Saint-P\u00e9tersbourg","og_url":"https:\/\/tourtravelandmore.com\/fr\/tours\/russie-fr\/saint-petersbourg-fr\/transfert-prive-a-saint-petersbourg\/","og_site_name":"Tour Travel And More","article_publisher":"https:\/\/www.facebook.com\/tourtravelandmore\/","article_modified_time":"2021-03-25T12:25:49+00:00","og_image":[{"width":640,"height":425,"url":"https:\/\/tourtravelandmore.com\/wp-content\/uploads\/2016\/11\/TrasladoAlicante-1.png","type":"image\/png"}],"twitter_card":"summary_large_image","twitter_site":"@TourTravel_More","twitter_misc":{"Dur\u00e9e de lecture estim\u00e9e":"1 minute"},"schema":{"@context":"https:\/\/schema.org","@graph":[{"@type":"WebPage","@id":"https:\/\/tourtravelandmore.com\/fr\/tours\/russie-fr\/saint-petersbourg-fr\/transfert-prive-a-saint-petersbourg\/","url":"https:\/\/tourtravelandmore.com\/fr\/tours\/russie-fr\/saint-petersbourg-fr\/transfert-prive-a-saint-petersbourg\/","name":"Transfert priv\u00e9 \u00e0 Saint-P\u00e9tersbourg - Transfert de d\u00e9part ou d'arriv\u00e9e","isPartOf":{"@id":"https:\/\/tourtravelandmore.com\/fr\/#website"},"primaryImageOfPage":{"@id":"https:\/\/tourtravelandmore.com\/fr\/tours\/russie-fr\/saint-petersbourg-fr\/transfert-prive-a-saint-petersbourg\/#primaryimage"},"image":{"@id":"https:\/\/tourtravelandmore.com\/fr\/tours\/russie-fr\/saint-petersbourg-fr\/transfert-prive-a-saint-petersbourg\/#primaryimage"},"thumbnailUrl":"https:\/\/tourtravelandmore.com\/wp-content\/uploads\/2016\/11\/TrasladoAlicante-1.png","datePublished":"2020-04-24T10:24:06+00:00","dateModified":"2021-03-25T12:25:49+00:00","description":"Arrivez confortablement \u00e0 votre destination finale \u00e0 Saint-P\u00e9tersbourg dans nos v\u00e9hicules de luxe priv\u00e9s et dans notre transfert priv\u00e9 \u00e0 Saint-P\u00e9tersbourg","breadcrumb":{"@id":"https:\/\/tourtravelandmore.com\/fr\/tours\/russie-fr\/saint-petersbourg-fr\/transfert-prive-a-saint-petersbourg\/#breadcrumb"},"inLanguage":"fr-FR","potentialAction":[{"@type":"ReadAction","target":["https:\/\/tourtravelandmore.com\/fr\/tours\/russie-fr\/saint-petersbourg-fr\/transfert-prive-a-saint-petersbourg\/"]}]},{"@type":"ImageObject","inLanguage":"fr-FR","@id":"https:\/\/tourtravelandmore.com\/fr\/tours\/russie-fr\/saint-petersbourg-fr\/transfert-prive-a-saint-petersbourg\/#primaryimage","url":"https:\/\/tourtravelandmore.com\/wp-content\/uploads\/2016\/11\/TrasladoAlicante-1.png","contentUrl":"https:\/\/tourtravelandmore.com\/wp-content\/uploads\/2016\/11\/TrasladoAlicante-1.png","width":640,"height":425},{"@type":"BreadcrumbList","@id":"https:\/\/tourtravelandmore.com\/fr\/tours\/russie-fr\/saint-petersbourg-fr\/transfert-prive-a-saint-petersbourg\/#breadcrumb","itemListElement":[{"@type":"ListItem","position":1,"name":"Home","item":"https:\/\/tourtravelandmore.com\/fr\/"},{"@type":"ListItem","position":2,"name":"Tours","item":"https:\/\/tourtravelandmore.com\/fr\/tours\/"},{"@type":"ListItem","position":3,"name":"Transfert priv\u00e9 \u00e0 Saint-P\u00e9tersbourg"}]},{"@type":"WebSite","@id":"https:\/\/tourtravelandmore.com\/fr\/#website","url":"https:\/\/tourtravelandmore.com\/fr\/","name":"Tour Travel And More","description":"Private sightseeing tours and luxury transfers in Spain","publisher":{"@id":"https:\/\/tourtravelandmore.com\/fr\/#organization"},"potentialAction":[{"@type":"SearchAction","target":{"@type":"EntryPoint","urlTemplate":"https:\/\/tourtravelandmore.com\/fr\/?s={search_term_string}"},"query-input":{"@type":"PropertyValueSpecification","valueRequired":true,"valueName":"search_term_string"}}],"inLanguage":"fr-FR"},{"@type":"Organization","@id":"https:\/\/tourtravelandmore.com\/fr\/#organization","name":"Tour Travel And More","url":"https:\/\/tourtravelandmore.com\/fr\/","logo":{"@type":"ImageObject","inLanguage":"fr-FR","@id":"https:\/\/tourtravelandmore.com\/fr\/#\/schema\/logo\/image\/","url":"https:\/\/tourtravelandmore.com\/wp-content\/uploads\/2022\/12\/cropped-logo-cabecera-new.png","contentUrl":"https:\/\/tourtravelandmore.com\/wp-content\/uploads\/2022\/12\/cropped-logo-cabecera-new.png","width":430,"height":61,"caption":"Tour Travel And More"},"image":{"@id":"https:\/\/tourtravelandmore.com\/fr\/#\/schema\/logo\/image\/"},"sameAs":["https:\/\/www.facebook.com\/tourtravelandmore\/","https:\/\/x.com\/TourTravel_More"]}]}},"_links":{"self":[{"href":"https:\/\/tourtravelandmore.com\/fr\/wp-json\/wp\/v2\/product\/105556","targetHints":{"allow":["GET"]}}],"collection":[{"href":"https:\/\/tourtravelandmore.com\/fr\/wp-json\/wp\/v2\/product"}],"about":[{"href":"https:\/\/tourtravelandmore.com\/fr\/wp-json\/wp\/v2\/types\/product"}],"replies":[{"embeddable":true,"href":"https:\/\/tourtravelandmore.com\/fr\/wp-json\/wp\/v2\/comments?post=105556"}],"wp:featuredmedia":[{"embeddable":true,"href":"https:\/\/tourtravelandmore.com\/fr\/wp-json\/wp\/v2\/media\/95809"}],"wp:attachment":[{"href":"https:\/\/tourtravelandmore.com\/fr\/wp-json\/wp\/v2\/media?parent=105556"}],"wp:term":[{"taxonomy":"product_brand","embeddable":true,"href":"https:\/\/tourtravelandmore.com\/fr\/wp-json\/wp\/v2\/product_brand?post=105556"},{"taxonomy":"product_cat","embeddable":true,"href":"https:\/\/tourtravelandmore.com\/fr\/wp-json\/wp\/v2\/product_cat?post=105556"},{"taxonomy":"product_tag","embeddable":true,"href":"https:\/\/tourtravelandmore.com\/fr\/wp-json\/wp\/v2\/product_tag?post=105556"}],"curies":[{"name":"wp","href":"https:\/\/api.w.org\/{rel}","templated":true}]}}