{"id":105550,"date":"2020-05-04T12:00:20","date_gmt":"2020-05-04T10:00:20","guid":{"rendered":"https:\/\/tourtravelandmore.com\/tours\/non%20class\u00e9\/visite-privee-a-pied-de-saint-petersbourg\/"},"modified":"2021-03-25T13:24:53","modified_gmt":"2021-03-25T12:24:53","slug":"visite-privee-a-pied-de-saint-petersbourg","status":"publish","type":"product","link":"https:\/\/tourtravelandmore.com\/fr\/tours\/russie-fr\/saint-petersbourg-fr\/visite-privee-a-pied-de-saint-petersbourg\/","title":{"rendered":"Visite priv\u00e9e \u00e0 pied de Saint-P\u00e9tersbourg"},"content":{"rendered":"<h2>Description<\/h2>\n<p>D\u00e9couvrez la merveilleuse ville de Saint-P\u00e9tersbourg avec nous et profitez de cette visite priv\u00e9e \u00e0 pied de 4 heures \u00e0 Saint-P\u00e9tersbourg des sites les plus embl\u00e9matiques de la ville. Laissez-vous fasciner par son architecture, son histoire et une valeur et une offre artistiques impressionnantes.<\/p>\n<p>Au cours de cette belle promenade informative, vous compterez sur la compagnie d&#8217;un guide priv\u00e9. Votre guide est \u00e9galement un grand connaisseur de la ville, de son histoire, de ses l\u00e9gendes et des faits et histoires les plus int\u00e9ressants de Saint-P\u00e9tersbourg.<\/p>\n<p>Cette visite priv\u00e9e d\u00e9butera \u00e0 partir d&#8217;un point de rencontre situ\u00e9 au centre de la ville. Si votre h\u00f4tel est situ\u00e9 dans le centre-ville, nous pouvons organiser une prise en charge priv\u00e9e \u00e0 pied. Contactez nos experts en voyages pour plus d&#8217;informations.<\/p>\n<h2>Sites d&#8217;int\u00e9r\u00eat et monuments<\/h2>\n<p>Saint-P\u00e9tersbourg a \u00e9t\u00e9 cr\u00e9\u00e9 comme l\u2019intention de la Russie de montrer le statut imp\u00e9rial croissant du pays dans le monde.<\/p>\n<p>La ville a \u00e9t\u00e9 fond\u00e9e par le tsar Pierre Ier (le Grand) et est la capitale de la Russie depuis plus de 200 ans.<\/p>\n<p>Lors de notre visite priv\u00e9e \u00e0 pied, vous d\u00e9couvrirez certains des sites les plus embl\u00e9matiques du centre historique de la ville avec un expert local. Cette visite priv\u00e9e \u00e0 pied est destin\u00e9e \u00e0 couvrir toutes les principales attractions de la ville et \u00e0 apprendre son histoire. D\u00e9couvrez sa magnifique architecture et bien s\u00fbr le temps de prendre de magnifiques photos.<\/p>\n<p>Certains des sites que vous visiterez lors de votre visite priv\u00e9e sont:<br \/>\n&#8211; Forteresse Pierre et Paul<br \/>\n&#8211; Place du Palais<br \/>\n&#8211; Pont du palais<br \/>\n&#8211; Place du S\u00e9nat<br \/>\n&#8211; Place St Isaac<br \/>\n&#8211; Cath\u00e9drale Saint-Isaac<br \/>\n&#8211; Nevsky prospekt<br \/>\n&#8211; \u00c9glise du sang r\u00e9pandu<br \/>\n&#8211; Cath\u00e9drale de Kazan<br \/>\n&#8211; Emporium Elisseeff<br \/>\n&#8211; Maison du chanteur<br \/>\n&#8211; Beaucoup plus!<\/p>\n<p>Si vous le souhaitez, nous pourrions \u00e9galement combiner cette visite avec une visite \u00e0 n&#8217;importe quel monumen de la ville. Si vous souhaitez visiter un mus\u00e9e ou un monument, nous pouvons organiser des billets coupe-file. Nous pouvons organiser la prise en charge depuis n&#8217;importe quel h\u00f4tel \u00e0 Saint-P\u00e9tersbourg et vous pouvez utiliser le m\u00e9tro local avec votre guide priv\u00e9, ou nous pouvons \u00e9galement organiser une disposition de v\u00e9hicule priv\u00e9 pour votre visite priv\u00e9e.<\/p>\n<p>Ne manquez pas cette chance de profiter de cette visite priv\u00e9e \u00e0 pied de Saint-P\u00e9tersbourg.<\/p>\n<p>Jetez un \u0153il \u00e0 toutes les autres visites priv\u00e9es que nous proposons.<\/p>\n","protected":false},"excerpt":{"rendered":"<p>Tirez le meilleur parti de votre visite et d\u00e9couvrez l&#8217;histoire de Saint-P\u00e9tersbourg, ses rues principales, ses sites et ses places avec un guide local exp\u00e9riment\u00e9 et agr\u00e9\u00e9. Visite priv\u00e9e \u00e0 pied de Saint-P\u00e9tersbourg<\/p>\n","protected":false},"featured_media":97525,"comment_status":"open","ping_status":"closed","template":"","meta":{"_acf_changed":false},"product_brand":[],"product_cat":[3739,3828],"product_tag":[],"class_list":{"0":"post-105550","1":"product","2":"type-product","3":"status-publish","4":"has-post-thumbnail","6":"product_cat-russie-fr","7":"product_cat-saint-petersbourg-fr","9":"first","10":"instock","11":"shipping-taxable","12":"purchasable","13":"product-type-simple"},"acf":[],"yoast_head":"<!-- This site is optimized with the Yoast SEO Premium plugin v25.3.1 (Yoast SEO v25.3.1) - https:\/\/yoast.com\/wordpress\/plugins\/seo\/ -->\n<title>Visite priv\u00e9e \u00e0 pied de Saint-P\u00e9tersbourg - avec guide officiel<\/title>\n<meta name=\"description\" content=\"Profitez au maximum de votre visite et d\u00e9couvrez l&#039;histoire de Saint-P\u00e9tersbourg, ses rues principales et ses places. Visite priv\u00e9e \u00e0 pied de Saint-P\u00e9tersbourg\" \/>\n<meta name=\"robots\" content=\"index, follow, max-snippet:-1, max-image-preview:large, max-video-preview:-1\" \/>\n<link rel=\"canonical\" href=\"https:\/\/tourtravelandmore.com\/fr\/tours\/russie-fr\/saint-petersbourg-fr\/visite-privee-a-pied-de-saint-petersbourg\/\" \/>\n<meta property=\"og:locale\" content=\"fr_FR\" \/>\n<meta property=\"og:type\" content=\"article\" \/>\n<meta property=\"og:title\" content=\"Visite priv\u00e9e \u00e0 pied de Saint-P\u00e9tersbourg\" \/>\n<meta property=\"og:description\" content=\"Profitez au maximum de votre visite et d\u00e9couvrez l&#039;histoire de Saint-P\u00e9tersbourg, ses rues principales et ses places. Visite priv\u00e9e \u00e0 pied de Saint-P\u00e9tersbourg\" \/>\n<meta property=\"og:url\" content=\"https:\/\/tourtravelandmore.com\/fr\/tours\/russie-fr\/saint-petersbourg-fr\/visite-privee-a-pied-de-saint-petersbourg\/\" \/>\n<meta property=\"og:site_name\" content=\"Tour Travel And More\" \/>\n<meta property=\"article:publisher\" content=\"https:\/\/www.facebook.com\/tourtravelandmore\/\" \/>\n<meta property=\"article:modified_time\" content=\"2021-03-25T12:24:53+00:00\" \/>\n<meta property=\"og:image\" content=\"https:\/\/tourtravelandmore.com\/wp-content\/uploads\/2020\/05\/saint-petersburg-peter-st-petersburg-saint-petersburg.jpg\" \/>\n\t<meta property=\"og:image:width\" content=\"910\" \/>\n\t<meta property=\"og:image:height\" content=\"607\" \/>\n\t<meta property=\"og:image:type\" content=\"image\/jpeg\" \/>\n<meta name=\"twitter:card\" content=\"summary_large_image\" \/>\n<meta name=\"twitter:site\" content=\"@TourTravel_More\" \/>\n<meta name=\"twitter:label1\" content=\"Dur\u00e9e de lecture estim\u00e9e\" \/>\n\t<meta name=\"twitter:data1\" content=\"2 minutes\" \/>\n<script type=\"application\/ld+json\" class=\"yoast-schema-graph\">{\"@context\":\"https:\/\/schema.org\",\"@graph\":[{\"@type\":\"WebPage\",\"@id\":\"https:\/\/tourtravelandmore.com\/fr\/tours\/russie-fr\/saint-petersbourg-fr\/visite-privee-a-pied-de-saint-petersbourg\/\",\"url\":\"https:\/\/tourtravelandmore.com\/fr\/tours\/russie-fr\/saint-petersbourg-fr\/visite-privee-a-pied-de-saint-petersbourg\/\",\"name\":\"Visite priv\u00e9e \u00e0 pied de Saint-P\u00e9tersbourg - avec guide officiel\",\"isPartOf\":{\"@id\":\"https:\/\/tourtravelandmore.com\/fr\/#website\"},\"primaryImageOfPage\":{\"@id\":\"https:\/\/tourtravelandmore.com\/fr\/tours\/russie-fr\/saint-petersbourg-fr\/visite-privee-a-pied-de-saint-petersbourg\/#primaryimage\"},\"image\":{\"@id\":\"https:\/\/tourtravelandmore.com\/fr\/tours\/russie-fr\/saint-petersbourg-fr\/visite-privee-a-pied-de-saint-petersbourg\/#primaryimage\"},\"thumbnailUrl\":\"https:\/\/tourtravelandmore.com\/wp-content\/uploads\/2020\/05\/saint-petersburg-peter-st-petersburg-saint-petersburg.jpg\",\"datePublished\":\"2020-05-04T10:00:20+00:00\",\"dateModified\":\"2021-03-25T12:24:53+00:00\",\"description\":\"Profitez au maximum de votre visite et d\u00e9couvrez l'histoire de Saint-P\u00e9tersbourg, ses rues principales et ses places. Visite priv\u00e9e \u00e0 pied de Saint-P\u00e9tersbourg\",\"breadcrumb\":{\"@id\":\"https:\/\/tourtravelandmore.com\/fr\/tours\/russie-fr\/saint-petersbourg-fr\/visite-privee-a-pied-de-saint-petersbourg\/#breadcrumb\"},\"inLanguage\":\"fr-FR\",\"potentialAction\":[{\"@type\":\"ReadAction\",\"target\":[\"https:\/\/tourtravelandmore.com\/fr\/tours\/russie-fr\/saint-petersbourg-fr\/visite-privee-a-pied-de-saint-petersbourg\/\"]}]},{\"@type\":\"ImageObject\",\"inLanguage\":\"fr-FR\",\"@id\":\"https:\/\/tourtravelandmore.com\/fr\/tours\/russie-fr\/saint-petersbourg-fr\/visite-privee-a-pied-de-saint-petersbourg\/#primaryimage\",\"url\":\"https:\/\/tourtravelandmore.com\/wp-content\/uploads\/2020\/05\/saint-petersburg-peter-st-petersburg-saint-petersburg.jpg\",\"contentUrl\":\"https:\/\/tourtravelandmore.com\/wp-content\/uploads\/2020\/05\/saint-petersburg-peter-st-petersburg-saint-petersburg.jpg\",\"width\":910,\"height\":607},{\"@type\":\"BreadcrumbList\",\"@id\":\"https:\/\/tourtravelandmore.com\/fr\/tours\/russie-fr\/saint-petersbourg-fr\/visite-privee-a-pied-de-saint-petersbourg\/#breadcrumb\",\"itemListElement\":[{\"@type\":\"ListItem\",\"position\":1,\"name\":\"Home\",\"item\":\"https:\/\/tourtravelandmore.com\/fr\/\"},{\"@type\":\"ListItem\",\"position\":2,\"name\":\"Tours\",\"item\":\"https:\/\/tourtravelandmore.com\/fr\/tours\/\"},{\"@type\":\"ListItem\",\"position\":3,\"name\":\"Visite priv\u00e9e \u00e0 pied de Saint-P\u00e9tersbourg\"}]},{\"@type\":\"WebSite\",\"@id\":\"https:\/\/tourtravelandmore.com\/fr\/#website\",\"url\":\"https:\/\/tourtravelandmore.com\/fr\/\",\"name\":\"Tour Travel And More\",\"description\":\"Private sightseeing tours and luxury transfers in Spain\",\"publisher\":{\"@id\":\"https:\/\/tourtravelandmore.com\/fr\/#organization\"},\"potentialAction\":[{\"@type\":\"SearchAction\",\"target\":{\"@type\":\"EntryPoint\",\"urlTemplate\":\"https:\/\/tourtravelandmore.com\/fr\/?s={search_term_string}\"},\"query-input\":{\"@type\":\"PropertyValueSpecification\",\"valueRequired\":true,\"valueName\":\"search_term_string\"}}],\"inLanguage\":\"fr-FR\"},{\"@type\":\"Organization\",\"@id\":\"https:\/\/tourtravelandmore.com\/fr\/#organization\",\"name\":\"Tour Travel And More\",\"url\":\"https:\/\/tourtravelandmore.com\/fr\/\",\"logo\":{\"@type\":\"ImageObject\",\"inLanguage\":\"fr-FR\",\"@id\":\"https:\/\/tourtravelandmore.com\/fr\/#\/schema\/logo\/image\/\",\"url\":\"https:\/\/tourtravelandmore.com\/wp-content\/uploads\/2022\/12\/cropped-logo-cabecera-new.png\",\"contentUrl\":\"https:\/\/tourtravelandmore.com\/wp-content\/uploads\/2022\/12\/cropped-logo-cabecera-new.png\",\"width\":430,\"height\":61,\"caption\":\"Tour Travel And More\"},\"image\":{\"@id\":\"https:\/\/tourtravelandmore.com\/fr\/#\/schema\/logo\/image\/\"},\"sameAs\":[\"https:\/\/www.facebook.com\/tourtravelandmore\/\",\"https:\/\/x.com\/TourTravel_More\"]}]}<\/script>\n<!-- \/ Yoast SEO Premium plugin. -->","yoast_head_json":{"title":"Visite priv\u00e9e \u00e0 pied de Saint-P\u00e9tersbourg - avec guide officiel","description":"Profitez au maximum de votre visite et d\u00e9couvrez l'histoire de Saint-P\u00e9tersbourg, ses rues principales et ses places. Visite priv\u00e9e \u00e0 pied de Saint-P\u00e9tersbourg","robots":{"index":"index","follow":"follow","max-snippet":"max-snippet:-1","max-image-preview":"max-image-preview:large","max-video-preview":"max-video-preview:-1"},"canonical":"https:\/\/tourtravelandmore.com\/fr\/tours\/russie-fr\/saint-petersbourg-fr\/visite-privee-a-pied-de-saint-petersbourg\/","og_locale":"fr_FR","og_type":"article","og_title":"Visite priv\u00e9e \u00e0 pied de Saint-P\u00e9tersbourg","og_description":"Profitez au maximum de votre visite et d\u00e9couvrez l'histoire de Saint-P\u00e9tersbourg, ses rues principales et ses places. Visite priv\u00e9e \u00e0 pied de Saint-P\u00e9tersbourg","og_url":"https:\/\/tourtravelandmore.com\/fr\/tours\/russie-fr\/saint-petersbourg-fr\/visite-privee-a-pied-de-saint-petersbourg\/","og_site_name":"Tour Travel And More","article_publisher":"https:\/\/www.facebook.com\/tourtravelandmore\/","article_modified_time":"2021-03-25T12:24:53+00:00","og_image":[{"width":910,"height":607,"url":"https:\/\/tourtravelandmore.com\/wp-content\/uploads\/2020\/05\/saint-petersburg-peter-st-petersburg-saint-petersburg.jpg","type":"image\/jpeg"}],"twitter_card":"summary_large_image","twitter_site":"@TourTravel_More","twitter_misc":{"Dur\u00e9e de lecture estim\u00e9e":"2 minutes"},"schema":{"@context":"https:\/\/schema.org","@graph":[{"@type":"WebPage","@id":"https:\/\/tourtravelandmore.com\/fr\/tours\/russie-fr\/saint-petersbourg-fr\/visite-privee-a-pied-de-saint-petersbourg\/","url":"https:\/\/tourtravelandmore.com\/fr\/tours\/russie-fr\/saint-petersbourg-fr\/visite-privee-a-pied-de-saint-petersbourg\/","name":"Visite priv\u00e9e \u00e0 pied de Saint-P\u00e9tersbourg - avec guide officiel","isPartOf":{"@id":"https:\/\/tourtravelandmore.com\/fr\/#website"},"primaryImageOfPage":{"@id":"https:\/\/tourtravelandmore.com\/fr\/tours\/russie-fr\/saint-petersbourg-fr\/visite-privee-a-pied-de-saint-petersbourg\/#primaryimage"},"image":{"@id":"https:\/\/tourtravelandmore.com\/fr\/tours\/russie-fr\/saint-petersbourg-fr\/visite-privee-a-pied-de-saint-petersbourg\/#primaryimage"},"thumbnailUrl":"https:\/\/tourtravelandmore.com\/wp-content\/uploads\/2020\/05\/saint-petersburg-peter-st-petersburg-saint-petersburg.jpg","datePublished":"2020-05-04T10:00:20+00:00","dateModified":"2021-03-25T12:24:53+00:00","description":"Profitez au maximum de votre visite et d\u00e9couvrez l'histoire de Saint-P\u00e9tersbourg, ses rues principales et ses places. Visite priv\u00e9e \u00e0 pied de Saint-P\u00e9tersbourg","breadcrumb":{"@id":"https:\/\/tourtravelandmore.com\/fr\/tours\/russie-fr\/saint-petersbourg-fr\/visite-privee-a-pied-de-saint-petersbourg\/#breadcrumb"},"inLanguage":"fr-FR","potentialAction":[{"@type":"ReadAction","target":["https:\/\/tourtravelandmore.com\/fr\/tours\/russie-fr\/saint-petersbourg-fr\/visite-privee-a-pied-de-saint-petersbourg\/"]}]},{"@type":"ImageObject","inLanguage":"fr-FR","@id":"https:\/\/tourtravelandmore.com\/fr\/tours\/russie-fr\/saint-petersbourg-fr\/visite-privee-a-pied-de-saint-petersbourg\/#primaryimage","url":"https:\/\/tourtravelandmore.com\/wp-content\/uploads\/2020\/05\/saint-petersburg-peter-st-petersburg-saint-petersburg.jpg","contentUrl":"https:\/\/tourtravelandmore.com\/wp-content\/uploads\/2020\/05\/saint-petersburg-peter-st-petersburg-saint-petersburg.jpg","width":910,"height":607},{"@type":"BreadcrumbList","@id":"https:\/\/tourtravelandmore.com\/fr\/tours\/russie-fr\/saint-petersbourg-fr\/visite-privee-a-pied-de-saint-petersbourg\/#breadcrumb","itemListElement":[{"@type":"ListItem","position":1,"name":"Home","item":"https:\/\/tourtravelandmore.com\/fr\/"},{"@type":"ListItem","position":2,"name":"Tours","item":"https:\/\/tourtravelandmore.com\/fr\/tours\/"},{"@type":"ListItem","position":3,"name":"Visite priv\u00e9e \u00e0 pied de Saint-P\u00e9tersbourg"}]},{"@type":"WebSite","@id":"https:\/\/tourtravelandmore.com\/fr\/#website","url":"https:\/\/tourtravelandmore.com\/fr\/","name":"Tour Travel And More","description":"Private sightseeing tours and luxury transfers in Spain","publisher":{"@id":"https:\/\/tourtravelandmore.com\/fr\/#organization"},"potentialAction":[{"@type":"SearchAction","target":{"@type":"EntryPoint","urlTemplate":"https:\/\/tourtravelandmore.com\/fr\/?s={search_term_string}"},"query-input":{"@type":"PropertyValueSpecification","valueRequired":true,"valueName":"search_term_string"}}],"inLanguage":"fr-FR"},{"@type":"Organization","@id":"https:\/\/tourtravelandmore.com\/fr\/#organization","name":"Tour Travel And More","url":"https:\/\/tourtravelandmore.com\/fr\/","logo":{"@type":"ImageObject","inLanguage":"fr-FR","@id":"https:\/\/tourtravelandmore.com\/fr\/#\/schema\/logo\/image\/","url":"https:\/\/tourtravelandmore.com\/wp-content\/uploads\/2022\/12\/cropped-logo-cabecera-new.png","contentUrl":"https:\/\/tourtravelandmore.com\/wp-content\/uploads\/2022\/12\/cropped-logo-cabecera-new.png","width":430,"height":61,"caption":"Tour Travel And More"},"image":{"@id":"https:\/\/tourtravelandmore.com\/fr\/#\/schema\/logo\/image\/"},"sameAs":["https:\/\/www.facebook.com\/tourtravelandmore\/","https:\/\/x.com\/TourTravel_More"]}]}},"_links":{"self":[{"href":"https:\/\/tourtravelandmore.com\/fr\/wp-json\/wp\/v2\/product\/105550","targetHints":{"allow":["GET"]}}],"collection":[{"href":"https:\/\/tourtravelandmore.com\/fr\/wp-json\/wp\/v2\/product"}],"about":[{"href":"https:\/\/tourtravelandmore.com\/fr\/wp-json\/wp\/v2\/types\/product"}],"replies":[{"embeddable":true,"href":"https:\/\/tourtravelandmore.com\/fr\/wp-json\/wp\/v2\/comments?post=105550"}],"wp:featuredmedia":[{"embeddable":true,"href":"https:\/\/tourtravelandmore.com\/fr\/wp-json\/wp\/v2\/media\/97525"}],"wp:attachment":[{"href":"https:\/\/tourtravelandmore.com\/fr\/wp-json\/wp\/v2\/media?parent=105550"}],"wp:term":[{"taxonomy":"product_brand","embeddable":true,"href":"https:\/\/tourtravelandmore.com\/fr\/wp-json\/wp\/v2\/product_brand?post=105550"},{"taxonomy":"product_cat","embeddable":true,"href":"https:\/\/tourtravelandmore.com\/fr\/wp-json\/wp\/v2\/product_cat?post=105550"},{"taxonomy":"product_tag","embeddable":true,"href":"https:\/\/tourtravelandmore.com\/fr\/wp-json\/wp\/v2\/product_tag?post=105550"}],"curies":[{"name":"wp","href":"https:\/\/api.w.org\/{rel}","templated":true}]}}