{"id":105544,"date":"2020-05-08T13:16:23","date_gmt":"2020-05-08T11:16:23","guid":{"rendered":"https:\/\/tourtravelandmore.com\/tours\/non%20class\u00e9\/visite-privee-de-saint-petersbourg-prise-en-charge-facultative-du-port-de-croisiere\/"},"modified":"2021-03-25T13:23:55","modified_gmt":"2021-03-25T12:23:55","slug":"visite-privee-de-saint-petersbourg-prise-en-charge-facultative-du-port-de-croisiere","status":"publish","type":"product","link":"https:\/\/tourtravelandmore.com\/fr\/tours\/russie-fr\/saint-petersbourg-fr\/visite-privee-de-saint-petersbourg-prise-en-charge-facultative-du-port-de-croisiere\/","title":{"rendered":"Visite priv\u00e9e de Saint-P\u00e9tersbourg &#8211; Prise en charge facultative du port de croisi\u00e8re"},"content":{"rendered":"<h2>Description<\/h2>\n<p>Saint-P\u00e9tersbourg est l&#8217;une des plus belles villes du monde. C&#8217;est pourquoi vous devez profiter de notre visite priv\u00e9e de Saint-P\u00e9tersbourg. \u00c9lev\u00e9 par Pierre le Grand pour montrer la capacit\u00e9 imp\u00e9riale de la Russie. La ville a un style d&#8217;architecture large avec une forte influence des capitales europ\u00e9ennes.<\/p>\n<p>Dans cette excursion priv\u00e9e \u00e0 terre, nous organiserons un chauffeur priv\u00e9 parlant anglais et un guide officiel. Nous vous emm\u00e8nerons dans ce circuit unique et vous aiderons \u00e0 d\u00e9couvrir cette merveilleuse ville.<\/p>\n<p>Votre chauffeur et votre guide viendront vous chercher au port de croisi\u00e8re de Saint-P\u00e9tersbourg \u00e0 l&#8217;heure souhait\u00e9e pour lancer votre visite priv\u00e9e.<\/p>\n<p>Il s&#8217;agit d&#8217;une exp\u00e9rience personnalis\u00e9e et nous pouvons modifier les sites \u00e0 visiter en fonction de vos demandes et int\u00e9r\u00eats. Nous pouvons organiser des billets coupe-file pour n&#8217;importe quel monument ou mus\u00e9e de la ville, comme l&#8217;Ermitage, le Peterhof ou le palais de Catalina, entre autres.<\/p>\n<p>Contactez-nous et nous organiserons une exp\u00e9rience priv\u00e9e et un itin\u00e9raire pour d\u00e9couvrir Saint-P\u00e9tersbourg depuis le port de croisi\u00e8re ou n&#8217;importe quel endroit. Laissez nos experts en voyages vous emmener sur les sites les plus importants lors de cette visite priv\u00e9e de Saint-P\u00e9tersbourg.<\/p>\n<h2>Sites d&#8217;int\u00e9r\u00eat et monuments<\/h2>\n<p>Profitez de cette visite priv\u00e9e depuis le port de croisi\u00e8re de Saint-P\u00e9tersbourg. Nous pouvons \u00e9galement organiser la prise en charge depuis n&#8217;importe quel autre endroit ou h\u00f4tel de Saint-P\u00e9tersbourg. Nous pouvons organiser une excursion d&#8217;une demi-journ\u00e9e ou d&#8217;une journ\u00e9e compl\u00e8te. Notre chauffeur anglophone et notre guide officiel viendront vous chercher au port de croisi\u00e8re ou \u00e0 l&#8217;h\u00f4tel. Nous pouvons organiser la visite avec un chauffeur guide anglophone si vous pr\u00e9f\u00e9rez.<\/p>\n<p>Lors de la prise en charge, nous nous dirigerons vers le centre de Saint-P\u00e9tersbourg. La ville a \u00e9t\u00e9 financ\u00e9e comme l\u2019intention de la Russie de montrer son statut imp\u00e9rial croissant dans le monde. Le fondateur \u00e9tait le tsar Peter I (le Grand). Saint-P\u00e9tersbourg est connue dans le monde entier comme le symbole de l&#8217;amour de la Russie pour l&#8217;art, l&#8217;histoire et la culture.<\/p>\n<p>Lors de votre excursion priv\u00e9e \u00e0 terre, nous vous aiderons \u00e0 d\u00e9couvrir les plus beaux endroits de la ville. Nous nous adaptons toujours \u00e0 vos int\u00e9r\u00eats personnels. La visite peut \u00eatre ax\u00e9e sur l&#8217;architecture et l&#8217;art. Elle peut aussi bien \u00eatre centr\u00e9e sur l&#8217;histoire de la ville et du pays.<\/p>\n<p>Voici quelques-uns des sites les plus embl\u00e9matiques de la ville, que vous pourrez visiter lors de votre visite priv\u00e9e:<\/p>\n<ul>\n<li>Forteresse Pierre et Paul<\/li>\n<li>Place du palais<\/li>\n<li>Pont du palais<\/li>\n<li>Place du S\u00e9nat<\/li>\n<li>Place St Isaac<\/li>\n<li>Cath\u00e9drale St Isaac<\/li>\n<li>Hermitage (billets coupe-file en option)<\/li>\n<li>Catalina (nous pouvons organiser des billets coupe-file si vous le souhaitez)<\/li>\n<li>Peterhof (billets coupe-file en option)<\/li>\n<li>Nevsky prospekt<\/li>\n<li>\u00c9glise du sang r\u00e9pandu<\/li>\n<li>Cath\u00e9drale de Kazan<\/li>\n<li>Emporium Elisseeff<\/li>\n<li>Maison du chanteur<\/li>\n<li>Beaucoup plus!<\/li>\n<\/ul>\n<p>Notre chauffeur guide vous ram\u00e8nera au port de croisi\u00e8re de la ville \u00e0 l&#8217;heure de votre d\u00e9part. Nous pouvons personnaliser la visite et r\u00e9server des billets coupe-file pour n&#8217;importe quel monument de mus\u00e9e.<\/p>\n<p>Jetez un \u0153il \u00e0 nos autres visites priv\u00e9es \u00e0 Saint-P\u00e9tersbourg. Nous proposons des visites priv\u00e9es dans n&#8217;importe quel endroit.<\/p>\n","protected":false},"excerpt":{"rendered":"<p>Profitez de cette occasion pour d\u00e9couvrir les lieux les plus embl\u00e9matiques de Saint-P\u00e9tersbourg avec votre guide et chauffeur priv\u00e9s. Visite priv\u00e9e de Saint-P\u00e9tersbourg<\/p>\n","protected":false},"featured_media":97526,"comment_status":"open","ping_status":"closed","template":"","meta":{"_acf_changed":false},"product_brand":[],"product_cat":[3739,3828],"product_tag":[],"class_list":{"0":"post-105544","1":"product","2":"type-product","3":"status-publish","4":"has-post-thumbnail","6":"product_cat-russie-fr","7":"product_cat-saint-petersbourg-fr","9":"first","10":"instock","11":"shipping-taxable","12":"purchasable","13":"product-type-simple"},"acf":[],"yoast_head":"<!-- This site is optimized with the Yoast SEO Premium plugin v25.3.1 (Yoast SEO v25.3.1) - https:\/\/yoast.com\/wordpress\/plugins\/seo\/ -->\n<title>Visite priv\u00e9e de Saint-P\u00e9tersbourg - Excursion \u00e0 terre \/ Visite de la ville<\/title>\n<meta name=\"description\" content=\"Profitez de cette occasion pour d\u00e9couvrir les lieux les plus embl\u00e9matiques de Saint-P\u00e9tersbourg avec votre guide et chauffeur priv\u00e9s. Visite priv\u00e9e de Saint-P\u00e9tersbourg\" \/>\n<meta name=\"robots\" content=\"index, follow, max-snippet:-1, max-image-preview:large, max-video-preview:-1\" \/>\n<link rel=\"canonical\" href=\"https:\/\/tourtravelandmore.com\/fr\/tours\/russie-fr\/saint-petersbourg-fr\/visite-privee-de-saint-petersbourg-prise-en-charge-facultative-du-port-de-croisiere\/\" \/>\n<meta property=\"og:locale\" content=\"fr_FR\" \/>\n<meta property=\"og:type\" content=\"article\" \/>\n<meta property=\"og:title\" content=\"Visite priv\u00e9e de Saint-P\u00e9tersbourg - Prise en charge facultative du port de croisi\u00e8re\" \/>\n<meta property=\"og:description\" content=\"Profitez de cette occasion pour d\u00e9couvrir les lieux les plus embl\u00e9matiques de Saint-P\u00e9tersbourg avec votre guide et chauffeur priv\u00e9s. Visite priv\u00e9e de Saint-P\u00e9tersbourg\" \/>\n<meta property=\"og:url\" content=\"https:\/\/tourtravelandmore.com\/fr\/tours\/russie-fr\/saint-petersbourg-fr\/visite-privee-de-saint-petersbourg-prise-en-charge-facultative-du-port-de-croisiere\/\" \/>\n<meta property=\"og:site_name\" content=\"Tour Travel And More\" \/>\n<meta property=\"article:publisher\" content=\"https:\/\/www.facebook.com\/tourtravelandmore\/\" \/>\n<meta property=\"article:modified_time\" content=\"2021-03-25T12:23:55+00:00\" \/>\n<meta property=\"og:image\" content=\"https:\/\/tourtravelandmore.com\/wp-content\/uploads\/2020\/05\/Petersburg-square.jpg\" \/>\n\t<meta property=\"og:image:width\" content=\"1600\" \/>\n\t<meta property=\"og:image:height\" content=\"1200\" \/>\n\t<meta property=\"og:image:type\" content=\"image\/jpeg\" \/>\n<meta name=\"twitter:card\" content=\"summary_large_image\" \/>\n<meta name=\"twitter:site\" content=\"@TourTravel_More\" \/>\n<meta name=\"twitter:label1\" content=\"Dur\u00e9e de lecture estim\u00e9e\" \/>\n\t<meta name=\"twitter:data1\" content=\"3 minutes\" \/>\n<script type=\"application\/ld+json\" class=\"yoast-schema-graph\">{\"@context\":\"https:\/\/schema.org\",\"@graph\":[{\"@type\":\"WebPage\",\"@id\":\"https:\/\/tourtravelandmore.com\/fr\/tours\/russie-fr\/saint-petersbourg-fr\/visite-privee-de-saint-petersbourg-prise-en-charge-facultative-du-port-de-croisiere\/\",\"url\":\"https:\/\/tourtravelandmore.com\/fr\/tours\/russie-fr\/saint-petersbourg-fr\/visite-privee-de-saint-petersbourg-prise-en-charge-facultative-du-port-de-croisiere\/\",\"name\":\"Visite priv\u00e9e de Saint-P\u00e9tersbourg - Excursion \u00e0 terre \/ Visite de la ville\",\"isPartOf\":{\"@id\":\"https:\/\/tourtravelandmore.com\/fr\/#website\"},\"primaryImageOfPage\":{\"@id\":\"https:\/\/tourtravelandmore.com\/fr\/tours\/russie-fr\/saint-petersbourg-fr\/visite-privee-de-saint-petersbourg-prise-en-charge-facultative-du-port-de-croisiere\/#primaryimage\"},\"image\":{\"@id\":\"https:\/\/tourtravelandmore.com\/fr\/tours\/russie-fr\/saint-petersbourg-fr\/visite-privee-de-saint-petersbourg-prise-en-charge-facultative-du-port-de-croisiere\/#primaryimage\"},\"thumbnailUrl\":\"https:\/\/tourtravelandmore.com\/wp-content\/uploads\/2020\/05\/Petersburg-square.jpg\",\"datePublished\":\"2020-05-08T11:16:23+00:00\",\"dateModified\":\"2021-03-25T12:23:55+00:00\",\"description\":\"Profitez de cette occasion pour d\u00e9couvrir les lieux les plus embl\u00e9matiques de Saint-P\u00e9tersbourg avec votre guide et chauffeur priv\u00e9s. Visite priv\u00e9e de Saint-P\u00e9tersbourg\",\"breadcrumb\":{\"@id\":\"https:\/\/tourtravelandmore.com\/fr\/tours\/russie-fr\/saint-petersbourg-fr\/visite-privee-de-saint-petersbourg-prise-en-charge-facultative-du-port-de-croisiere\/#breadcrumb\"},\"inLanguage\":\"fr-FR\",\"potentialAction\":[{\"@type\":\"ReadAction\",\"target\":[\"https:\/\/tourtravelandmore.com\/fr\/tours\/russie-fr\/saint-petersbourg-fr\/visite-privee-de-saint-petersbourg-prise-en-charge-facultative-du-port-de-croisiere\/\"]}]},{\"@type\":\"ImageObject\",\"inLanguage\":\"fr-FR\",\"@id\":\"https:\/\/tourtravelandmore.com\/fr\/tours\/russie-fr\/saint-petersbourg-fr\/visite-privee-de-saint-petersbourg-prise-en-charge-facultative-du-port-de-croisiere\/#primaryimage\",\"url\":\"https:\/\/tourtravelandmore.com\/wp-content\/uploads\/2020\/05\/Petersburg-square.jpg\",\"contentUrl\":\"https:\/\/tourtravelandmore.com\/wp-content\/uploads\/2020\/05\/Petersburg-square.jpg\",\"width\":1600,\"height\":1200},{\"@type\":\"BreadcrumbList\",\"@id\":\"https:\/\/tourtravelandmore.com\/fr\/tours\/russie-fr\/saint-petersbourg-fr\/visite-privee-de-saint-petersbourg-prise-en-charge-facultative-du-port-de-croisiere\/#breadcrumb\",\"itemListElement\":[{\"@type\":\"ListItem\",\"position\":1,\"name\":\"Home\",\"item\":\"https:\/\/tourtravelandmore.com\/fr\/\"},{\"@type\":\"ListItem\",\"position\":2,\"name\":\"Tours\",\"item\":\"https:\/\/tourtravelandmore.com\/fr\/tours\/\"},{\"@type\":\"ListItem\",\"position\":3,\"name\":\"Visite priv\u00e9e de Saint-P\u00e9tersbourg &#8211; Prise en charge facultative du port de croisi\u00e8re\"}]},{\"@type\":\"WebSite\",\"@id\":\"https:\/\/tourtravelandmore.com\/fr\/#website\",\"url\":\"https:\/\/tourtravelandmore.com\/fr\/\",\"name\":\"Tour Travel And More\",\"description\":\"Private sightseeing tours and luxury transfers in Spain\",\"publisher\":{\"@id\":\"https:\/\/tourtravelandmore.com\/fr\/#organization\"},\"potentialAction\":[{\"@type\":\"SearchAction\",\"target\":{\"@type\":\"EntryPoint\",\"urlTemplate\":\"https:\/\/tourtravelandmore.com\/fr\/?s={search_term_string}\"},\"query-input\":{\"@type\":\"PropertyValueSpecification\",\"valueRequired\":true,\"valueName\":\"search_term_string\"}}],\"inLanguage\":\"fr-FR\"},{\"@type\":\"Organization\",\"@id\":\"https:\/\/tourtravelandmore.com\/fr\/#organization\",\"name\":\"Tour Travel And More\",\"url\":\"https:\/\/tourtravelandmore.com\/fr\/\",\"logo\":{\"@type\":\"ImageObject\",\"inLanguage\":\"fr-FR\",\"@id\":\"https:\/\/tourtravelandmore.com\/fr\/#\/schema\/logo\/image\/\",\"url\":\"https:\/\/tourtravelandmore.com\/wp-content\/uploads\/2022\/12\/cropped-logo-cabecera-new.png\",\"contentUrl\":\"https:\/\/tourtravelandmore.com\/wp-content\/uploads\/2022\/12\/cropped-logo-cabecera-new.png\",\"width\":430,\"height\":61,\"caption\":\"Tour Travel And More\"},\"image\":{\"@id\":\"https:\/\/tourtravelandmore.com\/fr\/#\/schema\/logo\/image\/\"},\"sameAs\":[\"https:\/\/www.facebook.com\/tourtravelandmore\/\",\"https:\/\/x.com\/TourTravel_More\"]}]}<\/script>\n<!-- \/ Yoast SEO Premium plugin. -->","yoast_head_json":{"title":"Visite priv\u00e9e de Saint-P\u00e9tersbourg - Excursion \u00e0 terre \/ Visite de la ville","description":"Profitez de cette occasion pour d\u00e9couvrir les lieux les plus embl\u00e9matiques de Saint-P\u00e9tersbourg avec votre guide et chauffeur priv\u00e9s. Visite priv\u00e9e de Saint-P\u00e9tersbourg","robots":{"index":"index","follow":"follow","max-snippet":"max-snippet:-1","max-image-preview":"max-image-preview:large","max-video-preview":"max-video-preview:-1"},"canonical":"https:\/\/tourtravelandmore.com\/fr\/tours\/russie-fr\/saint-petersbourg-fr\/visite-privee-de-saint-petersbourg-prise-en-charge-facultative-du-port-de-croisiere\/","og_locale":"fr_FR","og_type":"article","og_title":"Visite priv\u00e9e de Saint-P\u00e9tersbourg - Prise en charge facultative du port de croisi\u00e8re","og_description":"Profitez de cette occasion pour d\u00e9couvrir les lieux les plus embl\u00e9matiques de Saint-P\u00e9tersbourg avec votre guide et chauffeur priv\u00e9s. Visite priv\u00e9e de Saint-P\u00e9tersbourg","og_url":"https:\/\/tourtravelandmore.com\/fr\/tours\/russie-fr\/saint-petersbourg-fr\/visite-privee-de-saint-petersbourg-prise-en-charge-facultative-du-port-de-croisiere\/","og_site_name":"Tour Travel And More","article_publisher":"https:\/\/www.facebook.com\/tourtravelandmore\/","article_modified_time":"2021-03-25T12:23:55+00:00","og_image":[{"width":1600,"height":1200,"url":"https:\/\/tourtravelandmore.com\/wp-content\/uploads\/2020\/05\/Petersburg-square.jpg","type":"image\/jpeg"}],"twitter_card":"summary_large_image","twitter_site":"@TourTravel_More","twitter_misc":{"Dur\u00e9e de lecture estim\u00e9e":"3 minutes"},"schema":{"@context":"https:\/\/schema.org","@graph":[{"@type":"WebPage","@id":"https:\/\/tourtravelandmore.com\/fr\/tours\/russie-fr\/saint-petersbourg-fr\/visite-privee-de-saint-petersbourg-prise-en-charge-facultative-du-port-de-croisiere\/","url":"https:\/\/tourtravelandmore.com\/fr\/tours\/russie-fr\/saint-petersbourg-fr\/visite-privee-de-saint-petersbourg-prise-en-charge-facultative-du-port-de-croisiere\/","name":"Visite priv\u00e9e de Saint-P\u00e9tersbourg - Excursion \u00e0 terre \/ Visite de la ville","isPartOf":{"@id":"https:\/\/tourtravelandmore.com\/fr\/#website"},"primaryImageOfPage":{"@id":"https:\/\/tourtravelandmore.com\/fr\/tours\/russie-fr\/saint-petersbourg-fr\/visite-privee-de-saint-petersbourg-prise-en-charge-facultative-du-port-de-croisiere\/#primaryimage"},"image":{"@id":"https:\/\/tourtravelandmore.com\/fr\/tours\/russie-fr\/saint-petersbourg-fr\/visite-privee-de-saint-petersbourg-prise-en-charge-facultative-du-port-de-croisiere\/#primaryimage"},"thumbnailUrl":"https:\/\/tourtravelandmore.com\/wp-content\/uploads\/2020\/05\/Petersburg-square.jpg","datePublished":"2020-05-08T11:16:23+00:00","dateModified":"2021-03-25T12:23:55+00:00","description":"Profitez de cette occasion pour d\u00e9couvrir les lieux les plus embl\u00e9matiques de Saint-P\u00e9tersbourg avec votre guide et chauffeur priv\u00e9s. Visite priv\u00e9e de Saint-P\u00e9tersbourg","breadcrumb":{"@id":"https:\/\/tourtravelandmore.com\/fr\/tours\/russie-fr\/saint-petersbourg-fr\/visite-privee-de-saint-petersbourg-prise-en-charge-facultative-du-port-de-croisiere\/#breadcrumb"},"inLanguage":"fr-FR","potentialAction":[{"@type":"ReadAction","target":["https:\/\/tourtravelandmore.com\/fr\/tours\/russie-fr\/saint-petersbourg-fr\/visite-privee-de-saint-petersbourg-prise-en-charge-facultative-du-port-de-croisiere\/"]}]},{"@type":"ImageObject","inLanguage":"fr-FR","@id":"https:\/\/tourtravelandmore.com\/fr\/tours\/russie-fr\/saint-petersbourg-fr\/visite-privee-de-saint-petersbourg-prise-en-charge-facultative-du-port-de-croisiere\/#primaryimage","url":"https:\/\/tourtravelandmore.com\/wp-content\/uploads\/2020\/05\/Petersburg-square.jpg","contentUrl":"https:\/\/tourtravelandmore.com\/wp-content\/uploads\/2020\/05\/Petersburg-square.jpg","width":1600,"height":1200},{"@type":"BreadcrumbList","@id":"https:\/\/tourtravelandmore.com\/fr\/tours\/russie-fr\/saint-petersbourg-fr\/visite-privee-de-saint-petersbourg-prise-en-charge-facultative-du-port-de-croisiere\/#breadcrumb","itemListElement":[{"@type":"ListItem","position":1,"name":"Home","item":"https:\/\/tourtravelandmore.com\/fr\/"},{"@type":"ListItem","position":2,"name":"Tours","item":"https:\/\/tourtravelandmore.com\/fr\/tours\/"},{"@type":"ListItem","position":3,"name":"Visite priv\u00e9e de Saint-P\u00e9tersbourg &#8211; Prise en charge facultative du port de croisi\u00e8re"}]},{"@type":"WebSite","@id":"https:\/\/tourtravelandmore.com\/fr\/#website","url":"https:\/\/tourtravelandmore.com\/fr\/","name":"Tour Travel And More","description":"Private sightseeing tours and luxury transfers in Spain","publisher":{"@id":"https:\/\/tourtravelandmore.com\/fr\/#organization"},"potentialAction":[{"@type":"SearchAction","target":{"@type":"EntryPoint","urlTemplate":"https:\/\/tourtravelandmore.com\/fr\/?s={search_term_string}"},"query-input":{"@type":"PropertyValueSpecification","valueRequired":true,"valueName":"search_term_string"}}],"inLanguage":"fr-FR"},{"@type":"Organization","@id":"https:\/\/tourtravelandmore.com\/fr\/#organization","name":"Tour Travel And More","url":"https:\/\/tourtravelandmore.com\/fr\/","logo":{"@type":"ImageObject","inLanguage":"fr-FR","@id":"https:\/\/tourtravelandmore.com\/fr\/#\/schema\/logo\/image\/","url":"https:\/\/tourtravelandmore.com\/wp-content\/uploads\/2022\/12\/cropped-logo-cabecera-new.png","contentUrl":"https:\/\/tourtravelandmore.com\/wp-content\/uploads\/2022\/12\/cropped-logo-cabecera-new.png","width":430,"height":61,"caption":"Tour Travel And More"},"image":{"@id":"https:\/\/tourtravelandmore.com\/fr\/#\/schema\/logo\/image\/"},"sameAs":["https:\/\/www.facebook.com\/tourtravelandmore\/","https:\/\/x.com\/TourTravel_More"]}]}},"_links":{"self":[{"href":"https:\/\/tourtravelandmore.com\/fr\/wp-json\/wp\/v2\/product\/105544","targetHints":{"allow":["GET"]}}],"collection":[{"href":"https:\/\/tourtravelandmore.com\/fr\/wp-json\/wp\/v2\/product"}],"about":[{"href":"https:\/\/tourtravelandmore.com\/fr\/wp-json\/wp\/v2\/types\/product"}],"replies":[{"embeddable":true,"href":"https:\/\/tourtravelandmore.com\/fr\/wp-json\/wp\/v2\/comments?post=105544"}],"wp:featuredmedia":[{"embeddable":true,"href":"https:\/\/tourtravelandmore.com\/fr\/wp-json\/wp\/v2\/media\/97526"}],"wp:attachment":[{"href":"https:\/\/tourtravelandmore.com\/fr\/wp-json\/wp\/v2\/media?parent=105544"}],"wp:term":[{"taxonomy":"product_brand","embeddable":true,"href":"https:\/\/tourtravelandmore.com\/fr\/wp-json\/wp\/v2\/product_brand?post=105544"},{"taxonomy":"product_cat","embeddable":true,"href":"https:\/\/tourtravelandmore.com\/fr\/wp-json\/wp\/v2\/product_cat?post=105544"},{"taxonomy":"product_tag","embeddable":true,"href":"https:\/\/tourtravelandmore.com\/fr\/wp-json\/wp\/v2\/product_tag?post=105544"}],"curies":[{"name":"wp","href":"https:\/\/api.w.org\/{rel}","templated":true}]}}