{"id":105520,"date":"2019-01-30T14:20:56","date_gmt":"2019-01-30T13:20:56","guid":{"rendered":"https:\/\/tourtravelandmore.com\/tours\/non%20class\u00e9\/excursion-privee-dune-journee-a-rabat-au-depart-de-fes-ou-de-meknes\/"},"modified":"2021-03-25T12:34:37","modified_gmt":"2021-03-25T11:34:37","slug":"excursion-privee-dune-journee-a-rabat-au-depart-de-fes-ou-de-meknes","status":"publish","type":"product","link":"https:\/\/tourtravelandmore.com\/fr\/tours\/maroc-fr\/fez-fr\/excursion-privee-dune-journee-a-rabat-au-depart-de-fes-ou-de-meknes\/","title":{"rendered":"Excursion priv\u00e9e d&#8217;une journ\u00e9e \u00e0 Rabat au d\u00e9part de F\u00e8s ou de Mekn\u00e8s"},"content":{"rendered":"<h2>Description<\/h2>\n<p>Profitez de cette exp\u00e9rience incroyable de la prise en charge \u00e0 votre h\u00f4tel ou riad en v\u00e9hicule priv\u00e9 jusqu&#8217;\u00e0 votre arriv\u00e9e \u00e0 Rabat. Ceci est une excursion priv\u00e9e parfaite d&#8217;une journ\u00e9e \u00e0 Rabat. Nous pouvons organiser la prise en charge depuis n&#8217;importe quel endroit \u00e0 Mekn\u00e8s ou F\u00e8s.<\/p>\n<p>En chemin, vous pourrez profiter de ses magnifiques paysages o\u00f9 vous pourrez prendre quelques photos. Nous commencerons la visite \u00e0 travers les monuments les plus embl\u00e9matiques de cette ville tels que la Torre Hassan et le mausol\u00e9e de Mohamed V.<\/p>\n<p>Nous pouvons nous arr\u00eater pour un d\u00e9jeuner et continuer vers la Casba de los Udaya et le palais royal de Rabat o\u00f9 pour y acc\u00e9der il faut traverser l&#8217;esplanade du M\u00e9chouar, qui poss\u00e8de sept portes royales, chacune diff\u00e9rente et d\u00e9cor\u00e9e diff\u00e9remment.<\/p>\n<p>Pour terminer cette visite, nous nous aventurerons dans les ruines de Chella, une forteresse m\u00e9di\u00e9vale musulmane indispensable si vous allez visiter cette ville.<\/p>\n<p>Profitez de la flexibilit\u00e9 de cette visite o\u00f9 nous pouvons nous concentrer sur les lieux qui vous int\u00e9ressent le plus.<\/p>\n<h2>Sites d&#8217;int\u00e9r\u00eat et monuments<\/h2>\n<p>La visite priv\u00e9e d&#8217;une journ\u00e9e \u00e0 Rabat commencera par la prise en charge \u00e0 votre h\u00f4tel ou riad dans votre v\u00e9hicule priv\u00e9 pour rejoindre Rabat situ\u00e9 \u00e0 seulement deux heures de route. Votre guide vous emm\u00e8nera \u00e0 travers les points les plus embl\u00e9matiques de cette ville o\u00f9 vous d\u00e9couvrirez des ann\u00e9es de patrimoine culturel marocain.<\/p>\n<p>Entre autres monuments et sites touristiques, vous pouvez apprendre \u00e0 conna\u00eetre:<\/p>\n<ul>\n<li>Palais Royal<\/li>\n<li>La mosqu\u00e9e Hassan II<\/li>\n<li>Le Mellah<\/li>\n<li>Tour Hassan<\/li>\n<li>Beaucoup plus!<\/li>\n<\/ul>\n<p>Vous pourrez personnaliser cette visite et prendre des photos impressionnantes quand vous le souhaitez. Il s&#8217;agit d&#8217;une visite unique enti\u00e8rement personnalis\u00e9e pour vous et votre groupe.<\/p>\n<p>D\u00e9couvrez les autres circuits priv\u00e9s que nous proposons \u00e0 F\u00e8s, Mekn\u00e8s et tout le Maroc. N&#8217;oubliez pas de contacter nos experts en voyages si vous avez des doutes!<\/p>\n","protected":false},"excerpt":{"rendered":"<p>Rejoignez-nous pour cette visite priv\u00e9e de 8 heures \u00e0 Rabat au d\u00e9part de F\u00e8s et profitez de cette magnifique ville d\u00e9clar\u00e9e site du patrimoine mondial. Vous visiterez les points forts tels que le mausol\u00e9e de Mohammed V et la tour Hassan du 12\u00e8me si\u00e8cle. Vous pouvez vous aventurer \u00e0 la fois dans la m\u00e9dina (vieille ville) et dans les ruines romaines et m\u00e9di\u00e9vales de Chellah.<\/p>\n","protected":false},"featured_media":95528,"comment_status":"open","ping_status":"closed","template":"","meta":{"_acf_changed":false},"product_brand":[],"product_cat":[3726,3818],"product_tag":[],"class_list":{"0":"post-105520","1":"product","2":"type-product","3":"status-publish","4":"has-post-thumbnail","6":"product_cat-maroc-fr","7":"product_cat-fez-fr","9":"first","10":"instock","11":"shipping-taxable","12":"purchasable","13":"product-type-simple"},"acf":[],"yoast_head":"<!-- This site is optimized with the Yoast SEO Premium plugin v25.3.1 (Yoast SEO v25.3.1) - https:\/\/yoast.com\/wordpress\/plugins\/seo\/ -->\n<title>Excursion priv\u00e9e d&#039;une journ\u00e9e \u00e0 Rabat au d\u00e9part de F\u00e8s ou de Mekn\u00e8s avec guide et chauffeur<\/title>\n<meta name=\"description\" content=\"Profitez de cette excursion priv\u00e9e d&#039;une journ\u00e9e \u00e0 Rabat au d\u00e9part de F\u00e8s ou de Mekn\u00e8s avec un guide local et exp\u00e9riment\u00e9 et un v\u00e9hicule priv\u00e9. Entr\u00e9es aux sites principaux incluses.\" \/>\n<meta name=\"robots\" content=\"index, follow, max-snippet:-1, max-image-preview:large, max-video-preview:-1\" \/>\n<link rel=\"canonical\" href=\"https:\/\/tourtravelandmore.com\/fr\/tours\/maroc-fr\/fez-fr\/excursion-privee-dune-journee-a-rabat-au-depart-de-fes-ou-de-meknes\/\" \/>\n<meta property=\"og:locale\" content=\"fr_FR\" \/>\n<meta property=\"og:type\" content=\"article\" \/>\n<meta property=\"og:title\" content=\"Excursion priv\u00e9e d&#039;une journ\u00e9e \u00e0 Rabat au d\u00e9part de F\u00e8s ou de Mekn\u00e8s\" \/>\n<meta property=\"og:description\" content=\"Profitez de cette excursion priv\u00e9e d&#039;une journ\u00e9e \u00e0 Rabat au d\u00e9part de F\u00e8s ou de Mekn\u00e8s avec un guide local et exp\u00e9riment\u00e9 et un v\u00e9hicule priv\u00e9. Entr\u00e9es aux sites principaux incluses.\" \/>\n<meta property=\"og:url\" content=\"https:\/\/tourtravelandmore.com\/fr\/tours\/maroc-fr\/fez-fr\/excursion-privee-dune-journee-a-rabat-au-depart-de-fes-ou-de-meknes\/\" \/>\n<meta property=\"og:site_name\" content=\"Tour Travel And More\" \/>\n<meta property=\"article:publisher\" content=\"https:\/\/www.facebook.com\/tourtravelandmore\/\" \/>\n<meta property=\"article:modified_time\" content=\"2021-03-25T11:34:37+00:00\" \/>\n<meta property=\"og:image\" content=\"https:\/\/tourtravelandmore.com\/wp-content\/uploads\/2019\/01\/Rabat_Mausole_MohammedV.jpg\" \/>\n\t<meta property=\"og:image:width\" content=\"1600\" \/>\n\t<meta property=\"og:image:height\" content=\"1200\" \/>\n\t<meta property=\"og:image:type\" content=\"image\/jpeg\" \/>\n<meta name=\"twitter:card\" content=\"summary_large_image\" \/>\n<meta name=\"twitter:site\" content=\"@TourTravel_More\" \/>\n<meta name=\"twitter:label1\" content=\"Dur\u00e9e de lecture estim\u00e9e\" \/>\n\t<meta name=\"twitter:data1\" content=\"2 minutes\" \/>\n<script type=\"application\/ld+json\" class=\"yoast-schema-graph\">{\"@context\":\"https:\/\/schema.org\",\"@graph\":[{\"@type\":\"WebPage\",\"@id\":\"https:\/\/tourtravelandmore.com\/fr\/tours\/maroc-fr\/fez-fr\/excursion-privee-dune-journee-a-rabat-au-depart-de-fes-ou-de-meknes\/\",\"url\":\"https:\/\/tourtravelandmore.com\/fr\/tours\/maroc-fr\/fez-fr\/excursion-privee-dune-journee-a-rabat-au-depart-de-fes-ou-de-meknes\/\",\"name\":\"Excursion priv\u00e9e d'une journ\u00e9e \u00e0 Rabat au d\u00e9part de F\u00e8s ou de Mekn\u00e8s avec guide et chauffeur\",\"isPartOf\":{\"@id\":\"https:\/\/tourtravelandmore.com\/fr\/#website\"},\"primaryImageOfPage\":{\"@id\":\"https:\/\/tourtravelandmore.com\/fr\/tours\/maroc-fr\/fez-fr\/excursion-privee-dune-journee-a-rabat-au-depart-de-fes-ou-de-meknes\/#primaryimage\"},\"image\":{\"@id\":\"https:\/\/tourtravelandmore.com\/fr\/tours\/maroc-fr\/fez-fr\/excursion-privee-dune-journee-a-rabat-au-depart-de-fes-ou-de-meknes\/#primaryimage\"},\"thumbnailUrl\":\"https:\/\/tourtravelandmore.com\/wp-content\/uploads\/2019\/01\/Rabat_Mausole_MohammedV.jpg\",\"datePublished\":\"2019-01-30T13:20:56+00:00\",\"dateModified\":\"2021-03-25T11:34:37+00:00\",\"description\":\"Profitez de cette excursion priv\u00e9e d'une journ\u00e9e \u00e0 Rabat au d\u00e9part de F\u00e8s ou de Mekn\u00e8s avec un guide local et exp\u00e9riment\u00e9 et un v\u00e9hicule priv\u00e9. Entr\u00e9es aux sites principaux incluses.\",\"breadcrumb\":{\"@id\":\"https:\/\/tourtravelandmore.com\/fr\/tours\/maroc-fr\/fez-fr\/excursion-privee-dune-journee-a-rabat-au-depart-de-fes-ou-de-meknes\/#breadcrumb\"},\"inLanguage\":\"fr-FR\",\"potentialAction\":[{\"@type\":\"ReadAction\",\"target\":[\"https:\/\/tourtravelandmore.com\/fr\/tours\/maroc-fr\/fez-fr\/excursion-privee-dune-journee-a-rabat-au-depart-de-fes-ou-de-meknes\/\"]}]},{\"@type\":\"ImageObject\",\"inLanguage\":\"fr-FR\",\"@id\":\"https:\/\/tourtravelandmore.com\/fr\/tours\/maroc-fr\/fez-fr\/excursion-privee-dune-journee-a-rabat-au-depart-de-fes-ou-de-meknes\/#primaryimage\",\"url\":\"https:\/\/tourtravelandmore.com\/wp-content\/uploads\/2019\/01\/Rabat_Mausole_MohammedV.jpg\",\"contentUrl\":\"https:\/\/tourtravelandmore.com\/wp-content\/uploads\/2019\/01\/Rabat_Mausole_MohammedV.jpg\",\"width\":1600,\"height\":1200},{\"@type\":\"BreadcrumbList\",\"@id\":\"https:\/\/tourtravelandmore.com\/fr\/tours\/maroc-fr\/fez-fr\/excursion-privee-dune-journee-a-rabat-au-depart-de-fes-ou-de-meknes\/#breadcrumb\",\"itemListElement\":[{\"@type\":\"ListItem\",\"position\":1,\"name\":\"Home\",\"item\":\"https:\/\/tourtravelandmore.com\/fr\/\"},{\"@type\":\"ListItem\",\"position\":2,\"name\":\"Tours\",\"item\":\"https:\/\/tourtravelandmore.com\/fr\/tours\/\"},{\"@type\":\"ListItem\",\"position\":3,\"name\":\"Excursion priv\u00e9e d&rsquo;une journ\u00e9e \u00e0 Rabat au d\u00e9part de F\u00e8s ou de Mekn\u00e8s\"}]},{\"@type\":\"WebSite\",\"@id\":\"https:\/\/tourtravelandmore.com\/fr\/#website\",\"url\":\"https:\/\/tourtravelandmore.com\/fr\/\",\"name\":\"Tour Travel And More\",\"description\":\"Private sightseeing tours and luxury transfers in Spain\",\"publisher\":{\"@id\":\"https:\/\/tourtravelandmore.com\/fr\/#organization\"},\"potentialAction\":[{\"@type\":\"SearchAction\",\"target\":{\"@type\":\"EntryPoint\",\"urlTemplate\":\"https:\/\/tourtravelandmore.com\/fr\/?s={search_term_string}\"},\"query-input\":{\"@type\":\"PropertyValueSpecification\",\"valueRequired\":true,\"valueName\":\"search_term_string\"}}],\"inLanguage\":\"fr-FR\"},{\"@type\":\"Organization\",\"@id\":\"https:\/\/tourtravelandmore.com\/fr\/#organization\",\"name\":\"Tour Travel And More\",\"url\":\"https:\/\/tourtravelandmore.com\/fr\/\",\"logo\":{\"@type\":\"ImageObject\",\"inLanguage\":\"fr-FR\",\"@id\":\"https:\/\/tourtravelandmore.com\/fr\/#\/schema\/logo\/image\/\",\"url\":\"https:\/\/tourtravelandmore.com\/wp-content\/uploads\/2022\/12\/cropped-logo-cabecera-new.png\",\"contentUrl\":\"https:\/\/tourtravelandmore.com\/wp-content\/uploads\/2022\/12\/cropped-logo-cabecera-new.png\",\"width\":430,\"height\":61,\"caption\":\"Tour Travel And More\"},\"image\":{\"@id\":\"https:\/\/tourtravelandmore.com\/fr\/#\/schema\/logo\/image\/\"},\"sameAs\":[\"https:\/\/www.facebook.com\/tourtravelandmore\/\",\"https:\/\/x.com\/TourTravel_More\"]}]}<\/script>\n<!-- \/ Yoast SEO Premium plugin. -->","yoast_head_json":{"title":"Excursion priv\u00e9e d'une journ\u00e9e \u00e0 Rabat au d\u00e9part de F\u00e8s ou de Mekn\u00e8s avec guide et chauffeur","description":"Profitez de cette excursion priv\u00e9e d'une journ\u00e9e \u00e0 Rabat au d\u00e9part de F\u00e8s ou de Mekn\u00e8s avec un guide local et exp\u00e9riment\u00e9 et un v\u00e9hicule priv\u00e9. Entr\u00e9es aux sites principaux incluses.","robots":{"index":"index","follow":"follow","max-snippet":"max-snippet:-1","max-image-preview":"max-image-preview:large","max-video-preview":"max-video-preview:-1"},"canonical":"https:\/\/tourtravelandmore.com\/fr\/tours\/maroc-fr\/fez-fr\/excursion-privee-dune-journee-a-rabat-au-depart-de-fes-ou-de-meknes\/","og_locale":"fr_FR","og_type":"article","og_title":"Excursion priv\u00e9e d'une journ\u00e9e \u00e0 Rabat au d\u00e9part de F\u00e8s ou de Mekn\u00e8s","og_description":"Profitez de cette excursion priv\u00e9e d'une journ\u00e9e \u00e0 Rabat au d\u00e9part de F\u00e8s ou de Mekn\u00e8s avec un guide local et exp\u00e9riment\u00e9 et un v\u00e9hicule priv\u00e9. Entr\u00e9es aux sites principaux incluses.","og_url":"https:\/\/tourtravelandmore.com\/fr\/tours\/maroc-fr\/fez-fr\/excursion-privee-dune-journee-a-rabat-au-depart-de-fes-ou-de-meknes\/","og_site_name":"Tour Travel And More","article_publisher":"https:\/\/www.facebook.com\/tourtravelandmore\/","article_modified_time":"2021-03-25T11:34:37+00:00","og_image":[{"width":1600,"height":1200,"url":"https:\/\/tourtravelandmore.com\/wp-content\/uploads\/2019\/01\/Rabat_Mausole_MohammedV.jpg","type":"image\/jpeg"}],"twitter_card":"summary_large_image","twitter_site":"@TourTravel_More","twitter_misc":{"Dur\u00e9e de lecture estim\u00e9e":"2 minutes"},"schema":{"@context":"https:\/\/schema.org","@graph":[{"@type":"WebPage","@id":"https:\/\/tourtravelandmore.com\/fr\/tours\/maroc-fr\/fez-fr\/excursion-privee-dune-journee-a-rabat-au-depart-de-fes-ou-de-meknes\/","url":"https:\/\/tourtravelandmore.com\/fr\/tours\/maroc-fr\/fez-fr\/excursion-privee-dune-journee-a-rabat-au-depart-de-fes-ou-de-meknes\/","name":"Excursion priv\u00e9e d'une journ\u00e9e \u00e0 Rabat au d\u00e9part de F\u00e8s ou de Mekn\u00e8s avec guide et chauffeur","isPartOf":{"@id":"https:\/\/tourtravelandmore.com\/fr\/#website"},"primaryImageOfPage":{"@id":"https:\/\/tourtravelandmore.com\/fr\/tours\/maroc-fr\/fez-fr\/excursion-privee-dune-journee-a-rabat-au-depart-de-fes-ou-de-meknes\/#primaryimage"},"image":{"@id":"https:\/\/tourtravelandmore.com\/fr\/tours\/maroc-fr\/fez-fr\/excursion-privee-dune-journee-a-rabat-au-depart-de-fes-ou-de-meknes\/#primaryimage"},"thumbnailUrl":"https:\/\/tourtravelandmore.com\/wp-content\/uploads\/2019\/01\/Rabat_Mausole_MohammedV.jpg","datePublished":"2019-01-30T13:20:56+00:00","dateModified":"2021-03-25T11:34:37+00:00","description":"Profitez de cette excursion priv\u00e9e d'une journ\u00e9e \u00e0 Rabat au d\u00e9part de F\u00e8s ou de Mekn\u00e8s avec un guide local et exp\u00e9riment\u00e9 et un v\u00e9hicule priv\u00e9. Entr\u00e9es aux sites principaux incluses.","breadcrumb":{"@id":"https:\/\/tourtravelandmore.com\/fr\/tours\/maroc-fr\/fez-fr\/excursion-privee-dune-journee-a-rabat-au-depart-de-fes-ou-de-meknes\/#breadcrumb"},"inLanguage":"fr-FR","potentialAction":[{"@type":"ReadAction","target":["https:\/\/tourtravelandmore.com\/fr\/tours\/maroc-fr\/fez-fr\/excursion-privee-dune-journee-a-rabat-au-depart-de-fes-ou-de-meknes\/"]}]},{"@type":"ImageObject","inLanguage":"fr-FR","@id":"https:\/\/tourtravelandmore.com\/fr\/tours\/maroc-fr\/fez-fr\/excursion-privee-dune-journee-a-rabat-au-depart-de-fes-ou-de-meknes\/#primaryimage","url":"https:\/\/tourtravelandmore.com\/wp-content\/uploads\/2019\/01\/Rabat_Mausole_MohammedV.jpg","contentUrl":"https:\/\/tourtravelandmore.com\/wp-content\/uploads\/2019\/01\/Rabat_Mausole_MohammedV.jpg","width":1600,"height":1200},{"@type":"BreadcrumbList","@id":"https:\/\/tourtravelandmore.com\/fr\/tours\/maroc-fr\/fez-fr\/excursion-privee-dune-journee-a-rabat-au-depart-de-fes-ou-de-meknes\/#breadcrumb","itemListElement":[{"@type":"ListItem","position":1,"name":"Home","item":"https:\/\/tourtravelandmore.com\/fr\/"},{"@type":"ListItem","position":2,"name":"Tours","item":"https:\/\/tourtravelandmore.com\/fr\/tours\/"},{"@type":"ListItem","position":3,"name":"Excursion priv\u00e9e d&rsquo;une journ\u00e9e \u00e0 Rabat au d\u00e9part de F\u00e8s ou de Mekn\u00e8s"}]},{"@type":"WebSite","@id":"https:\/\/tourtravelandmore.com\/fr\/#website","url":"https:\/\/tourtravelandmore.com\/fr\/","name":"Tour Travel And More","description":"Private sightseeing tours and luxury transfers in Spain","publisher":{"@id":"https:\/\/tourtravelandmore.com\/fr\/#organization"},"potentialAction":[{"@type":"SearchAction","target":{"@type":"EntryPoint","urlTemplate":"https:\/\/tourtravelandmore.com\/fr\/?s={search_term_string}"},"query-input":{"@type":"PropertyValueSpecification","valueRequired":true,"valueName":"search_term_string"}}],"inLanguage":"fr-FR"},{"@type":"Organization","@id":"https:\/\/tourtravelandmore.com\/fr\/#organization","name":"Tour Travel And More","url":"https:\/\/tourtravelandmore.com\/fr\/","logo":{"@type":"ImageObject","inLanguage":"fr-FR","@id":"https:\/\/tourtravelandmore.com\/fr\/#\/schema\/logo\/image\/","url":"https:\/\/tourtravelandmore.com\/wp-content\/uploads\/2022\/12\/cropped-logo-cabecera-new.png","contentUrl":"https:\/\/tourtravelandmore.com\/wp-content\/uploads\/2022\/12\/cropped-logo-cabecera-new.png","width":430,"height":61,"caption":"Tour Travel And More"},"image":{"@id":"https:\/\/tourtravelandmore.com\/fr\/#\/schema\/logo\/image\/"},"sameAs":["https:\/\/www.facebook.com\/tourtravelandmore\/","https:\/\/x.com\/TourTravel_More"]}]}},"_links":{"self":[{"href":"https:\/\/tourtravelandmore.com\/fr\/wp-json\/wp\/v2\/product\/105520","targetHints":{"allow":["GET"]}}],"collection":[{"href":"https:\/\/tourtravelandmore.com\/fr\/wp-json\/wp\/v2\/product"}],"about":[{"href":"https:\/\/tourtravelandmore.com\/fr\/wp-json\/wp\/v2\/types\/product"}],"replies":[{"embeddable":true,"href":"https:\/\/tourtravelandmore.com\/fr\/wp-json\/wp\/v2\/comments?post=105520"}],"wp:featuredmedia":[{"embeddable":true,"href":"https:\/\/tourtravelandmore.com\/fr\/wp-json\/wp\/v2\/media\/95528"}],"wp:attachment":[{"href":"https:\/\/tourtravelandmore.com\/fr\/wp-json\/wp\/v2\/media?parent=105520"}],"wp:term":[{"taxonomy":"product_brand","embeddable":true,"href":"https:\/\/tourtravelandmore.com\/fr\/wp-json\/wp\/v2\/product_brand?post=105520"},{"taxonomy":"product_cat","embeddable":true,"href":"https:\/\/tourtravelandmore.com\/fr\/wp-json\/wp\/v2\/product_cat?post=105520"},{"taxonomy":"product_tag","embeddable":true,"href":"https:\/\/tourtravelandmore.com\/fr\/wp-json\/wp\/v2\/product_tag?post=105520"}],"curies":[{"name":"wp","href":"https:\/\/api.w.org\/{rel}","templated":true}]}}