{"id":105514,"date":"2019-01-30T11:29:04","date_gmt":"2019-01-30T10:29:04","guid":{"rendered":"https:\/\/tourtravelandmore.com\/tours\/non%20class\u00e9\/visite-privee-a-pied-de-fes\/"},"modified":"2021-03-25T12:31:51","modified_gmt":"2021-03-25T11:31:51","slug":"visite-privee-a-pied-de-fes","status":"publish","type":"product","link":"https:\/\/tourtravelandmore.com\/fr\/tours\/maroc-fr\/fez-fr\/visite-privee-a-pied-de-fes\/","title":{"rendered":"Visite priv\u00e9e \u00e0 pied de F\u00e8s"},"content":{"rendered":"<h2>Description<\/h2>\n<p>La meilleure fa\u00e7on de conna\u00eetre une ville est de faire une visite \u00e0 pied. Dans ce cas, F\u00e8s ne fait pas exception. En fait, vous pouvez vous perdre dans les rues de F\u00e8s sans guide. C&#8217;est pourquoi notre visite priv\u00e9e \u00e0 pied de F\u00e8s est un v\u00e9ritable must.<\/p>\n<p>Profitez de cette exp\u00e9rience unique \u00e0 travers les rues de la m\u00e9dina jusqu&#8217;au c\u0153ur de la ville. Vous pouvez conna\u00eetre l&#8217;histoire et la culture de l&#8217;une des quatre villes imp\u00e9riales. D\u00e9couvrez les nombreuses mosqu\u00e9es et les diff\u00e9rents souks. Profitez du march\u00e9 culinaire et des rues commer\u00e7antes de diff\u00e9rents produits parmi l&#8217;artisanat qui vous permettront de voir en profondeur au Mus\u00e9e Nejjarine des Arts et M\u00e9tiers du Bois.<\/p>\n<p>Vous pouvez choisir l&#8217;heure de d\u00e9part de la visite. Il est \u00e9galement possible de r\u00e9cup\u00e9rer et de rendre votre h\u00f4tel dans le v\u00e9hicule priv\u00e9.<\/p>\n<p>Vous pouvez profiter des madrasas l\u00e9gendaires et des caravasares cach\u00e9s. Profitez de la flexibilit\u00e9 de cette visite o\u00f9 nous pouvons nous concentrer sur les lieux qui vous int\u00e9ressent le plus.<\/p>\n<h2>Sites d&#8217;int\u00e9r\u00eat et monuments<\/h2>\n<p>Retrouvez votre guide priv\u00e9 devant votre h\u00f4tel ou riad. C&#8217;est toujours qu&#8217;il est \u00e0 condition que l&#8217;h\u00f4tel ou le riad soit situ\u00e9 \u00e0 proximit\u00e9 de la m\u00e9dina, sinon, nous nous retrouverons en un point central. Nous commencerons ensuite votre visite priv\u00e9e \u00e0 F\u00e8s. Votre guide vous emm\u00e8nera \u00e0 travers les points les plus embl\u00e9matiques de la m\u00e9dina o\u00f9 vous pourrez vous aventurer dans la plus grande zone pi\u00e9tonne de la plan\u00e8te.<\/p>\n<p>Entre autres monuments et sites, vous pouvez apprendre \u00e0 conna\u00eetre:<\/p>\n<ul>\n<li>Medersa Bou Inania<\/li>\n<li>Dar Batha<\/li>\n<li>Medersa el-Attarine<\/li>\n<li>Mosqu\u00e9e Al Quaraouiyine<\/li>\n<li>Mellah<\/li>\n<li>Beaucoup plus!<\/li>\n<\/ul>\n<p>Profitez de cette visite priv\u00e9e \u00e0 pied de F\u00e8s et de l&#8217;exp\u00e9rience unique dans les rues de F\u00e8s. C&#8217;est vraiment une visite guid\u00e9e de 4 heures une fois dans une vie! Vous serez tr\u00e8s surpris de tout ce que F\u00e8s a \u00e0 offrir.<\/p>\n<p>Nous avons beaucoup d&#8217;autres options \u00e0 faire \u00e0 F\u00e8s. D\u00e9couvrez-les ici!<\/p>\n","protected":false},"excerpt":{"rendered":"<p>Rejoignez-nous pour cette visite priv\u00e9e \u00e0 pied de la m\u00e9dina de F\u00e8s avec un guide local expert. Vous pouvez profiter des quartiers les plus anciens de la ville et des monuments les plus impressionnants. C&#8217;est la meilleure fa\u00e7on de parcourir ces sentiers et leurs labyrinthes de rues. Contactez-nous pour une exp\u00e9rience personnalis\u00e9e.<\/p>\n","protected":false},"featured_media":95522,"comment_status":"open","ping_status":"closed","template":"","meta":{"_acf_changed":false},"product_brand":[],"product_cat":[3726,3818],"product_tag":[],"class_list":{"0":"post-105514","1":"product","2":"type-product","3":"status-publish","4":"has-post-thumbnail","6":"product_cat-maroc-fr","7":"product_cat-fez-fr","9":"first","10":"instock","11":"shipping-taxable","12":"purchasable","13":"product-type-simple"},"acf":[],"yoast_head":"<!-- This site is optimized with the Yoast SEO Premium plugin v25.3.1 (Yoast SEO v25.3.1) - https:\/\/yoast.com\/wordpress\/plugins\/seo\/ -->\n<title>Visite priv\u00e9e \u00e0 pied de F\u00e8s et m\u00e9dina avec guide officiel<\/title>\n<meta name=\"description\" content=\"Profitez de cette visite priv\u00e9e \u00e0 pied de F\u00e8s et de la m\u00e9dina de F\u00e8s avec un guide local et exp\u00e9riment\u00e9. Entr\u00e9es aux principaux sites de la m\u00e9dina incluses.\" \/>\n<meta name=\"robots\" content=\"index, follow, max-snippet:-1, max-image-preview:large, max-video-preview:-1\" \/>\n<link rel=\"canonical\" href=\"https:\/\/tourtravelandmore.com\/fr\/tours\/maroc-fr\/fez-fr\/visite-privee-a-pied-de-fes\/\" \/>\n<meta property=\"og:locale\" content=\"fr_FR\" \/>\n<meta property=\"og:type\" content=\"article\" \/>\n<meta property=\"og:title\" content=\"Visite priv\u00e9e \u00e0 pied de F\u00e8s\" \/>\n<meta property=\"og:description\" content=\"Profitez de cette visite priv\u00e9e \u00e0 pied de F\u00e8s et de la m\u00e9dina de F\u00e8s avec un guide local et exp\u00e9riment\u00e9. Entr\u00e9es aux principaux sites de la m\u00e9dina incluses.\" \/>\n<meta property=\"og:url\" content=\"https:\/\/tourtravelandmore.com\/fr\/tours\/maroc-fr\/fez-fr\/visite-privee-a-pied-de-fes\/\" \/>\n<meta property=\"og:site_name\" content=\"Tour Travel And More\" \/>\n<meta property=\"article:publisher\" content=\"https:\/\/www.facebook.com\/tourtravelandmore\/\" \/>\n<meta property=\"article:modified_time\" content=\"2021-03-25T11:31:51+00:00\" \/>\n<meta property=\"og:image\" content=\"https:\/\/tourtravelandmore.com\/wp-content\/uploads\/2019\/01\/Kings_palace_in_Fes_5364773212-1024x680.jpg\" \/>\n\t<meta property=\"og:image:width\" content=\"1024\" \/>\n\t<meta property=\"og:image:height\" content=\"680\" \/>\n\t<meta property=\"og:image:type\" content=\"image\/jpeg\" \/>\n<meta name=\"twitter:card\" content=\"summary_large_image\" \/>\n<meta name=\"twitter:site\" content=\"@TourTravel_More\" \/>\n<meta name=\"twitter:label1\" content=\"Dur\u00e9e de lecture estim\u00e9e\" \/>\n\t<meta name=\"twitter:data1\" content=\"2 minutes\" \/>\n<script type=\"application\/ld+json\" class=\"yoast-schema-graph\">{\"@context\":\"https:\/\/schema.org\",\"@graph\":[{\"@type\":\"WebPage\",\"@id\":\"https:\/\/tourtravelandmore.com\/fr\/tours\/maroc-fr\/fez-fr\/visite-privee-a-pied-de-fes\/\",\"url\":\"https:\/\/tourtravelandmore.com\/fr\/tours\/maroc-fr\/fez-fr\/visite-privee-a-pied-de-fes\/\",\"name\":\"Visite priv\u00e9e \u00e0 pied de F\u00e8s et m\u00e9dina avec guide officiel\",\"isPartOf\":{\"@id\":\"https:\/\/tourtravelandmore.com\/fr\/#website\"},\"primaryImageOfPage\":{\"@id\":\"https:\/\/tourtravelandmore.com\/fr\/tours\/maroc-fr\/fez-fr\/visite-privee-a-pied-de-fes\/#primaryimage\"},\"image\":{\"@id\":\"https:\/\/tourtravelandmore.com\/fr\/tours\/maroc-fr\/fez-fr\/visite-privee-a-pied-de-fes\/#primaryimage\"},\"thumbnailUrl\":\"https:\/\/tourtravelandmore.com\/wp-content\/uploads\/2019\/01\/Kings_palace_in_Fes_5364773212.jpg\",\"datePublished\":\"2019-01-30T10:29:04+00:00\",\"dateModified\":\"2021-03-25T11:31:51+00:00\",\"description\":\"Profitez de cette visite priv\u00e9e \u00e0 pied de F\u00e8s et de la m\u00e9dina de F\u00e8s avec un guide local et exp\u00e9riment\u00e9. Entr\u00e9es aux principaux sites de la m\u00e9dina incluses.\",\"breadcrumb\":{\"@id\":\"https:\/\/tourtravelandmore.com\/fr\/tours\/maroc-fr\/fez-fr\/visite-privee-a-pied-de-fes\/#breadcrumb\"},\"inLanguage\":\"fr-FR\",\"potentialAction\":[{\"@type\":\"ReadAction\",\"target\":[\"https:\/\/tourtravelandmore.com\/fr\/tours\/maroc-fr\/fez-fr\/visite-privee-a-pied-de-fes\/\"]}]},{\"@type\":\"ImageObject\",\"inLanguage\":\"fr-FR\",\"@id\":\"https:\/\/tourtravelandmore.com\/fr\/tours\/maroc-fr\/fez-fr\/visite-privee-a-pied-de-fes\/#primaryimage\",\"url\":\"https:\/\/tourtravelandmore.com\/wp-content\/uploads\/2019\/01\/Kings_palace_in_Fes_5364773212.jpg\",\"contentUrl\":\"https:\/\/tourtravelandmore.com\/wp-content\/uploads\/2019\/01\/Kings_palace_in_Fes_5364773212.jpg\",\"width\":4288,\"height\":2848},{\"@type\":\"BreadcrumbList\",\"@id\":\"https:\/\/tourtravelandmore.com\/fr\/tours\/maroc-fr\/fez-fr\/visite-privee-a-pied-de-fes\/#breadcrumb\",\"itemListElement\":[{\"@type\":\"ListItem\",\"position\":1,\"name\":\"Home\",\"item\":\"https:\/\/tourtravelandmore.com\/fr\/\"},{\"@type\":\"ListItem\",\"position\":2,\"name\":\"Tours\",\"item\":\"https:\/\/tourtravelandmore.com\/fr\/tours\/\"},{\"@type\":\"ListItem\",\"position\":3,\"name\":\"Visite priv\u00e9e \u00e0 pied de F\u00e8s\"}]},{\"@type\":\"WebSite\",\"@id\":\"https:\/\/tourtravelandmore.com\/fr\/#website\",\"url\":\"https:\/\/tourtravelandmore.com\/fr\/\",\"name\":\"Tour Travel And More\",\"description\":\"Private sightseeing tours and luxury transfers in Spain\",\"publisher\":{\"@id\":\"https:\/\/tourtravelandmore.com\/fr\/#organization\"},\"potentialAction\":[{\"@type\":\"SearchAction\",\"target\":{\"@type\":\"EntryPoint\",\"urlTemplate\":\"https:\/\/tourtravelandmore.com\/fr\/?s={search_term_string}\"},\"query-input\":{\"@type\":\"PropertyValueSpecification\",\"valueRequired\":true,\"valueName\":\"search_term_string\"}}],\"inLanguage\":\"fr-FR\"},{\"@type\":\"Organization\",\"@id\":\"https:\/\/tourtravelandmore.com\/fr\/#organization\",\"name\":\"Tour Travel And More\",\"url\":\"https:\/\/tourtravelandmore.com\/fr\/\",\"logo\":{\"@type\":\"ImageObject\",\"inLanguage\":\"fr-FR\",\"@id\":\"https:\/\/tourtravelandmore.com\/fr\/#\/schema\/logo\/image\/\",\"url\":\"https:\/\/tourtravelandmore.com\/wp-content\/uploads\/2022\/12\/cropped-logo-cabecera-new.png\",\"contentUrl\":\"https:\/\/tourtravelandmore.com\/wp-content\/uploads\/2022\/12\/cropped-logo-cabecera-new.png\",\"width\":430,\"height\":61,\"caption\":\"Tour Travel And More\"},\"image\":{\"@id\":\"https:\/\/tourtravelandmore.com\/fr\/#\/schema\/logo\/image\/\"},\"sameAs\":[\"https:\/\/www.facebook.com\/tourtravelandmore\/\",\"https:\/\/x.com\/TourTravel_More\"]}]}<\/script>\n<!-- \/ Yoast SEO Premium plugin. -->","yoast_head_json":{"title":"Visite priv\u00e9e \u00e0 pied de F\u00e8s et m\u00e9dina avec guide officiel","description":"Profitez de cette visite priv\u00e9e \u00e0 pied de F\u00e8s et de la m\u00e9dina de F\u00e8s avec un guide local et exp\u00e9riment\u00e9. Entr\u00e9es aux principaux sites de la m\u00e9dina incluses.","robots":{"index":"index","follow":"follow","max-snippet":"max-snippet:-1","max-image-preview":"max-image-preview:large","max-video-preview":"max-video-preview:-1"},"canonical":"https:\/\/tourtravelandmore.com\/fr\/tours\/maroc-fr\/fez-fr\/visite-privee-a-pied-de-fes\/","og_locale":"fr_FR","og_type":"article","og_title":"Visite priv\u00e9e \u00e0 pied de F\u00e8s","og_description":"Profitez de cette visite priv\u00e9e \u00e0 pied de F\u00e8s et de la m\u00e9dina de F\u00e8s avec un guide local et exp\u00e9riment\u00e9. Entr\u00e9es aux principaux sites de la m\u00e9dina incluses.","og_url":"https:\/\/tourtravelandmore.com\/fr\/tours\/maroc-fr\/fez-fr\/visite-privee-a-pied-de-fes\/","og_site_name":"Tour Travel And More","article_publisher":"https:\/\/www.facebook.com\/tourtravelandmore\/","article_modified_time":"2021-03-25T11:31:51+00:00","og_image":[{"width":1024,"height":680,"url":"https:\/\/tourtravelandmore.com\/wp-content\/uploads\/2019\/01\/Kings_palace_in_Fes_5364773212-1024x680.jpg","type":"image\/jpeg"}],"twitter_card":"summary_large_image","twitter_site":"@TourTravel_More","twitter_misc":{"Dur\u00e9e de lecture estim\u00e9e":"2 minutes"},"schema":{"@context":"https:\/\/schema.org","@graph":[{"@type":"WebPage","@id":"https:\/\/tourtravelandmore.com\/fr\/tours\/maroc-fr\/fez-fr\/visite-privee-a-pied-de-fes\/","url":"https:\/\/tourtravelandmore.com\/fr\/tours\/maroc-fr\/fez-fr\/visite-privee-a-pied-de-fes\/","name":"Visite priv\u00e9e \u00e0 pied de F\u00e8s et m\u00e9dina avec guide officiel","isPartOf":{"@id":"https:\/\/tourtravelandmore.com\/fr\/#website"},"primaryImageOfPage":{"@id":"https:\/\/tourtravelandmore.com\/fr\/tours\/maroc-fr\/fez-fr\/visite-privee-a-pied-de-fes\/#primaryimage"},"image":{"@id":"https:\/\/tourtravelandmore.com\/fr\/tours\/maroc-fr\/fez-fr\/visite-privee-a-pied-de-fes\/#primaryimage"},"thumbnailUrl":"https:\/\/tourtravelandmore.com\/wp-content\/uploads\/2019\/01\/Kings_palace_in_Fes_5364773212.jpg","datePublished":"2019-01-30T10:29:04+00:00","dateModified":"2021-03-25T11:31:51+00:00","description":"Profitez de cette visite priv\u00e9e \u00e0 pied de F\u00e8s et de la m\u00e9dina de F\u00e8s avec un guide local et exp\u00e9riment\u00e9. Entr\u00e9es aux principaux sites de la m\u00e9dina incluses.","breadcrumb":{"@id":"https:\/\/tourtravelandmore.com\/fr\/tours\/maroc-fr\/fez-fr\/visite-privee-a-pied-de-fes\/#breadcrumb"},"inLanguage":"fr-FR","potentialAction":[{"@type":"ReadAction","target":["https:\/\/tourtravelandmore.com\/fr\/tours\/maroc-fr\/fez-fr\/visite-privee-a-pied-de-fes\/"]}]},{"@type":"ImageObject","inLanguage":"fr-FR","@id":"https:\/\/tourtravelandmore.com\/fr\/tours\/maroc-fr\/fez-fr\/visite-privee-a-pied-de-fes\/#primaryimage","url":"https:\/\/tourtravelandmore.com\/wp-content\/uploads\/2019\/01\/Kings_palace_in_Fes_5364773212.jpg","contentUrl":"https:\/\/tourtravelandmore.com\/wp-content\/uploads\/2019\/01\/Kings_palace_in_Fes_5364773212.jpg","width":4288,"height":2848},{"@type":"BreadcrumbList","@id":"https:\/\/tourtravelandmore.com\/fr\/tours\/maroc-fr\/fez-fr\/visite-privee-a-pied-de-fes\/#breadcrumb","itemListElement":[{"@type":"ListItem","position":1,"name":"Home","item":"https:\/\/tourtravelandmore.com\/fr\/"},{"@type":"ListItem","position":2,"name":"Tours","item":"https:\/\/tourtravelandmore.com\/fr\/tours\/"},{"@type":"ListItem","position":3,"name":"Visite priv\u00e9e \u00e0 pied de F\u00e8s"}]},{"@type":"WebSite","@id":"https:\/\/tourtravelandmore.com\/fr\/#website","url":"https:\/\/tourtravelandmore.com\/fr\/","name":"Tour Travel And More","description":"Private sightseeing tours and luxury transfers in Spain","publisher":{"@id":"https:\/\/tourtravelandmore.com\/fr\/#organization"},"potentialAction":[{"@type":"SearchAction","target":{"@type":"EntryPoint","urlTemplate":"https:\/\/tourtravelandmore.com\/fr\/?s={search_term_string}"},"query-input":{"@type":"PropertyValueSpecification","valueRequired":true,"valueName":"search_term_string"}}],"inLanguage":"fr-FR"},{"@type":"Organization","@id":"https:\/\/tourtravelandmore.com\/fr\/#organization","name":"Tour Travel And More","url":"https:\/\/tourtravelandmore.com\/fr\/","logo":{"@type":"ImageObject","inLanguage":"fr-FR","@id":"https:\/\/tourtravelandmore.com\/fr\/#\/schema\/logo\/image\/","url":"https:\/\/tourtravelandmore.com\/wp-content\/uploads\/2022\/12\/cropped-logo-cabecera-new.png","contentUrl":"https:\/\/tourtravelandmore.com\/wp-content\/uploads\/2022\/12\/cropped-logo-cabecera-new.png","width":430,"height":61,"caption":"Tour Travel And More"},"image":{"@id":"https:\/\/tourtravelandmore.com\/fr\/#\/schema\/logo\/image\/"},"sameAs":["https:\/\/www.facebook.com\/tourtravelandmore\/","https:\/\/x.com\/TourTravel_More"]}]}},"_links":{"self":[{"href":"https:\/\/tourtravelandmore.com\/fr\/wp-json\/wp\/v2\/product\/105514","targetHints":{"allow":["GET"]}}],"collection":[{"href":"https:\/\/tourtravelandmore.com\/fr\/wp-json\/wp\/v2\/product"}],"about":[{"href":"https:\/\/tourtravelandmore.com\/fr\/wp-json\/wp\/v2\/types\/product"}],"replies":[{"embeddable":true,"href":"https:\/\/tourtravelandmore.com\/fr\/wp-json\/wp\/v2\/comments?post=105514"}],"wp:featuredmedia":[{"embeddable":true,"href":"https:\/\/tourtravelandmore.com\/fr\/wp-json\/wp\/v2\/media\/95522"}],"wp:attachment":[{"href":"https:\/\/tourtravelandmore.com\/fr\/wp-json\/wp\/v2\/media?parent=105514"}],"wp:term":[{"taxonomy":"product_brand","embeddable":true,"href":"https:\/\/tourtravelandmore.com\/fr\/wp-json\/wp\/v2\/product_brand?post=105514"},{"taxonomy":"product_cat","embeddable":true,"href":"https:\/\/tourtravelandmore.com\/fr\/wp-json\/wp\/v2\/product_cat?post=105514"},{"taxonomy":"product_tag","embeddable":true,"href":"https:\/\/tourtravelandmore.com\/fr\/wp-json\/wp\/v2\/product_tag?post=105514"}],"curies":[{"name":"wp","href":"https:\/\/api.w.org\/{rel}","templated":true}]}}