{"id":105501,"date":"2019-03-27T12:44:19","date_gmt":"2019-03-27T11:44:19","guid":{"rendered":"https:\/\/tourtravelandmore.com\/tours\/non%20class\u00e9\/visite-privee-de-tetouan-au-depart-de-tanger\/"},"modified":"2021-03-25T12:16:32","modified_gmt":"2021-03-25T11:16:32","slug":"visite-privee-de-tetouan-au-depart-de-tanger","status":"publish","type":"product","link":"https:\/\/tourtravelandmore.com\/fr\/tours\/maroc-fr\/tangier-fr\/visite-privee-de-tetouan-au-depart-de-tanger\/","title":{"rendered":"Visite priv\u00e9e de T\u00e9touan au d\u00e9part de Tanger"},"content":{"rendered":"<h2>Description<\/h2>\n<p>Ceci est notre grande visite priv\u00e9e de T\u00e9touan au d\u00e9part de Tanger. Vous aurez une belle promenade \u00e0 travers la campagne de Tanger et de T\u00e9touan. Vous pouvez vous arr\u00eater sur le chemin pour des photos s&#8217;ils le souhaitent.Une fois arriv\u00e9s, nous aurons d&#8217;abord une id\u00e9e de la partie hispanique de T\u00e9touan (la Paloma Blanca) et vous appr\u00e9cierez l&#8217;architecture andalouse de la T\u00e9touan contemporaine.<\/p>\n<p>Plus tard, vous ferez la visite de la vieille ville qui est consid\u00e9r\u00e9e comme patrimoine international par l&#8217;UNESCO et vous explorerez les march\u00e9s fermiers (march\u00e9s berb\u00e8res de fruits, l\u00e9gumes, \u00e9pices et autres ..), traverserez divers ateliers, tanneurs, orf\u00e8vre, argent Smith, arr\u00eatez-vous au palais du roi, diverses mosqu\u00e9es \u00e0 la belle architecture mauresque.<\/p>\n<p>Nous continuerons avec la visite du quartier juif Mellah de T\u00e9touan, de multiples rues \u00e9troites vo\u00fbt\u00e9es formant une sorte de labyrinthe ou labyrinthe \u00e0 l&#8217;int\u00e9rieur de la m\u00e9dina qui a une architecture distincte, au cours de cette visite \u00e0 pied vous aurez des commentaires sur l&#8217;histoire, la culture de la ville. Une fois la visite termin\u00e9e, vous pouvez d\u00e9jeuner et temps libre, puis vous diriger vers Tanger.<\/p>\n<h2>Sites d&#8217;int\u00e9r\u00eat et monuments<\/h2>\n<p>La visite priv\u00e9e de T\u00e9touan au d\u00e9part de Tanger commencera par la prise en charge \u00e0 votre h\u00f4tel dans votre v\u00e9hicule priv\u00e9 avec chauffeur officiel. Votre guide vous emm\u00e8nera \u00e0 travers les points les plus embl\u00e9matiques de la m\u00e9dina et du reste de la ville.<\/p>\n<p>Entre autres monuments et sites touristiques, vous pouvez apprendre \u00e0 conna\u00eetre:<\/p>\n<ul>\n<li>Promenez-vous dans l&#8217;ancienne m\u00e9dina<\/li>\n<li>Mus\u00e9e arch\u00e9ologique<\/li>\n<li>Arts et artisanat locaux<\/li>\n<li>Beaucoup plus!<\/li>\n<\/ul>\n<p>Cette visite priv\u00e9e se terminera \u00e0 votre h\u00f4tel, port de croisi\u00e8re ou lieu de votre choix \u00e0 Tanger.<\/p>\n<p>Jetez un \u0153il \u00e0 toutes nos visites priv\u00e9es que nous proposons \u00e0 T\u00e9touan. Nos exp\u00e9riences sont compl\u00e8tement uniques!<\/p>\n","protected":false},"excerpt":{"rendered":"<p><span style=\"font-weight: 400;\">Profitez de cette visite priv\u00e9e enti\u00e8rement personnalis\u00e9e de T\u00e9touan et profitez de cette ville unique au Maroc. Profitez de cette occasion pour d\u00e9couvrir le Maroc lors de cette excursion d&#8217;une journ\u00e9e depuis votre h\u00f4tel ou votre port de croisi\u00e8re \u00e0 Tanger. Personnalisez votre propre exp\u00e9rience. Ne manquez pas des sites comme la m\u00e9dina de T\u00e9touan, le mus\u00e9e arch\u00e9ologique et bien plus encore!<\/span><span style=\"font-weight: 400;\"><br \/>\n<\/span><\/p>\n<p>&nbsp;<\/p>\n","protected":false},"featured_media":95683,"comment_status":"open","ping_status":"closed","template":"","meta":{"_acf_changed":false},"product_brand":[],"product_cat":[3726,3817],"product_tag":[],"class_list":{"0":"post-105501","1":"product","2":"type-product","3":"status-publish","4":"has-post-thumbnail","6":"product_cat-maroc-fr","7":"product_cat-tangier-fr","9":"first","10":"instock","11":"shipping-taxable","12":"purchasable","13":"product-type-simple"},"acf":[],"yoast_head":"<!-- This site is optimized with the Yoast SEO Premium plugin v25.3.1 (Yoast SEO v25.3.1) - https:\/\/yoast.com\/wordpress\/plugins\/seo\/ -->\n<title>Visite priv\u00e9e de T\u00e9touan au d\u00e9part de Tanger avec guide priv\u00e9 et v\u00e9hicule<\/title>\n<meta name=\"description\" content=\"D\u00e9couvrez la ville de T\u00e9touan avec un guide touristique, \u00e0 l&#039;aise dans un v\u00e9hicule priv\u00e9. Apprenez \u00e0 conna\u00eetre la c\u00e9l\u00e8bre ville du Maroc. Visite priv\u00e9e de T\u00e9touan au d\u00e9part de Tanger\" \/>\n<meta name=\"robots\" content=\"index, follow, max-snippet:-1, max-image-preview:large, max-video-preview:-1\" \/>\n<link rel=\"canonical\" href=\"https:\/\/tourtravelandmore.com\/fr\/tours\/maroc-fr\/tangier-fr\/visite-privee-de-tetouan-au-depart-de-tanger\/\" \/>\n<meta property=\"og:locale\" content=\"fr_FR\" \/>\n<meta property=\"og:type\" content=\"article\" \/>\n<meta property=\"og:title\" content=\"Visite priv\u00e9e de T\u00e9touan au d\u00e9part de Tanger\" \/>\n<meta property=\"og:description\" content=\"D\u00e9couvrez la ville de T\u00e9touan avec un guide touristique, \u00e0 l&#039;aise dans un v\u00e9hicule priv\u00e9. Apprenez \u00e0 conna\u00eetre la c\u00e9l\u00e8bre ville du Maroc. Visite priv\u00e9e de T\u00e9touan au d\u00e9part de Tanger\" \/>\n<meta property=\"og:url\" content=\"https:\/\/tourtravelandmore.com\/fr\/tours\/maroc-fr\/tangier-fr\/visite-privee-de-tetouan-au-depart-de-tanger\/\" \/>\n<meta property=\"og:site_name\" content=\"Tour Travel And More\" \/>\n<meta property=\"article:publisher\" content=\"https:\/\/www.facebook.com\/tourtravelandmore\/\" \/>\n<meta property=\"article:modified_time\" content=\"2021-03-25T11:16:32+00:00\" \/>\n<meta property=\"og:image\" content=\"https:\/\/tourtravelandmore.com\/wp-content\/uploads\/2019\/03\/28340334754_6a67965b67_b.jpg\" \/>\n\t<meta property=\"og:image:width\" content=\"1024\" \/>\n\t<meta property=\"og:image:height\" content=\"715\" \/>\n\t<meta property=\"og:image:type\" content=\"image\/jpeg\" \/>\n<meta name=\"twitter:card\" content=\"summary_large_image\" \/>\n<meta name=\"twitter:site\" content=\"@TourTravel_More\" \/>\n<meta name=\"twitter:label1\" content=\"Dur\u00e9e de lecture estim\u00e9e\" \/>\n\t<meta name=\"twitter:data1\" content=\"2 minutes\" \/>\n<script type=\"application\/ld+json\" class=\"yoast-schema-graph\">{\"@context\":\"https:\/\/schema.org\",\"@graph\":[{\"@type\":\"WebPage\",\"@id\":\"https:\/\/tourtravelandmore.com\/fr\/tours\/maroc-fr\/tangier-fr\/visite-privee-de-tetouan-au-depart-de-tanger\/\",\"url\":\"https:\/\/tourtravelandmore.com\/fr\/tours\/maroc-fr\/tangier-fr\/visite-privee-de-tetouan-au-depart-de-tanger\/\",\"name\":\"Visite priv\u00e9e de T\u00e9touan au d\u00e9part de Tanger avec guide priv\u00e9 et v\u00e9hicule\",\"isPartOf\":{\"@id\":\"https:\/\/tourtravelandmore.com\/fr\/#website\"},\"primaryImageOfPage\":{\"@id\":\"https:\/\/tourtravelandmore.com\/fr\/tours\/maroc-fr\/tangier-fr\/visite-privee-de-tetouan-au-depart-de-tanger\/#primaryimage\"},\"image\":{\"@id\":\"https:\/\/tourtravelandmore.com\/fr\/tours\/maroc-fr\/tangier-fr\/visite-privee-de-tetouan-au-depart-de-tanger\/#primaryimage\"},\"thumbnailUrl\":\"https:\/\/tourtravelandmore.com\/wp-content\/uploads\/2019\/03\/28340334754_6a67965b67_b.jpg\",\"datePublished\":\"2019-03-27T11:44:19+00:00\",\"dateModified\":\"2021-03-25T11:16:32+00:00\",\"description\":\"D\u00e9couvrez la ville de T\u00e9touan avec un guide touristique, \u00e0 l'aise dans un v\u00e9hicule priv\u00e9. Apprenez \u00e0 conna\u00eetre la c\u00e9l\u00e8bre ville du Maroc. Visite priv\u00e9e de T\u00e9touan au d\u00e9part de Tanger\",\"breadcrumb\":{\"@id\":\"https:\/\/tourtravelandmore.com\/fr\/tours\/maroc-fr\/tangier-fr\/visite-privee-de-tetouan-au-depart-de-tanger\/#breadcrumb\"},\"inLanguage\":\"fr-FR\",\"potentialAction\":[{\"@type\":\"ReadAction\",\"target\":[\"https:\/\/tourtravelandmore.com\/fr\/tours\/maroc-fr\/tangier-fr\/visite-privee-de-tetouan-au-depart-de-tanger\/\"]}]},{\"@type\":\"ImageObject\",\"inLanguage\":\"fr-FR\",\"@id\":\"https:\/\/tourtravelandmore.com\/fr\/tours\/maroc-fr\/tangier-fr\/visite-privee-de-tetouan-au-depart-de-tanger\/#primaryimage\",\"url\":\"https:\/\/tourtravelandmore.com\/wp-content\/uploads\/2019\/03\/28340334754_6a67965b67_b.jpg\",\"contentUrl\":\"https:\/\/tourtravelandmore.com\/wp-content\/uploads\/2019\/03\/28340334754_6a67965b67_b.jpg\",\"width\":1024,\"height\":715},{\"@type\":\"BreadcrumbList\",\"@id\":\"https:\/\/tourtravelandmore.com\/fr\/tours\/maroc-fr\/tangier-fr\/visite-privee-de-tetouan-au-depart-de-tanger\/#breadcrumb\",\"itemListElement\":[{\"@type\":\"ListItem\",\"position\":1,\"name\":\"Home\",\"item\":\"https:\/\/tourtravelandmore.com\/fr\/\"},{\"@type\":\"ListItem\",\"position\":2,\"name\":\"Tours\",\"item\":\"https:\/\/tourtravelandmore.com\/fr\/tours\/\"},{\"@type\":\"ListItem\",\"position\":3,\"name\":\"Visite priv\u00e9e de T\u00e9touan au d\u00e9part de Tanger\"}]},{\"@type\":\"WebSite\",\"@id\":\"https:\/\/tourtravelandmore.com\/fr\/#website\",\"url\":\"https:\/\/tourtravelandmore.com\/fr\/\",\"name\":\"Tour Travel And More\",\"description\":\"Private sightseeing tours and luxury transfers in Spain\",\"publisher\":{\"@id\":\"https:\/\/tourtravelandmore.com\/fr\/#organization\"},\"potentialAction\":[{\"@type\":\"SearchAction\",\"target\":{\"@type\":\"EntryPoint\",\"urlTemplate\":\"https:\/\/tourtravelandmore.com\/fr\/?s={search_term_string}\"},\"query-input\":{\"@type\":\"PropertyValueSpecification\",\"valueRequired\":true,\"valueName\":\"search_term_string\"}}],\"inLanguage\":\"fr-FR\"},{\"@type\":\"Organization\",\"@id\":\"https:\/\/tourtravelandmore.com\/fr\/#organization\",\"name\":\"Tour Travel And More\",\"url\":\"https:\/\/tourtravelandmore.com\/fr\/\",\"logo\":{\"@type\":\"ImageObject\",\"inLanguage\":\"fr-FR\",\"@id\":\"https:\/\/tourtravelandmore.com\/fr\/#\/schema\/logo\/image\/\",\"url\":\"https:\/\/tourtravelandmore.com\/wp-content\/uploads\/2022\/12\/cropped-logo-cabecera-new.png\",\"contentUrl\":\"https:\/\/tourtravelandmore.com\/wp-content\/uploads\/2022\/12\/cropped-logo-cabecera-new.png\",\"width\":430,\"height\":61,\"caption\":\"Tour Travel And More\"},\"image\":{\"@id\":\"https:\/\/tourtravelandmore.com\/fr\/#\/schema\/logo\/image\/\"},\"sameAs\":[\"https:\/\/www.facebook.com\/tourtravelandmore\/\",\"https:\/\/x.com\/TourTravel_More\"]}]}<\/script>\n<!-- \/ Yoast SEO Premium plugin. -->","yoast_head_json":{"title":"Visite priv\u00e9e de T\u00e9touan au d\u00e9part de Tanger avec guide priv\u00e9 et v\u00e9hicule","description":"D\u00e9couvrez la ville de T\u00e9touan avec un guide touristique, \u00e0 l'aise dans un v\u00e9hicule priv\u00e9. Apprenez \u00e0 conna\u00eetre la c\u00e9l\u00e8bre ville du Maroc. Visite priv\u00e9e de T\u00e9touan au d\u00e9part de Tanger","robots":{"index":"index","follow":"follow","max-snippet":"max-snippet:-1","max-image-preview":"max-image-preview:large","max-video-preview":"max-video-preview:-1"},"canonical":"https:\/\/tourtravelandmore.com\/fr\/tours\/maroc-fr\/tangier-fr\/visite-privee-de-tetouan-au-depart-de-tanger\/","og_locale":"fr_FR","og_type":"article","og_title":"Visite priv\u00e9e de T\u00e9touan au d\u00e9part de Tanger","og_description":"D\u00e9couvrez la ville de T\u00e9touan avec un guide touristique, \u00e0 l'aise dans un v\u00e9hicule priv\u00e9. Apprenez \u00e0 conna\u00eetre la c\u00e9l\u00e8bre ville du Maroc. Visite priv\u00e9e de T\u00e9touan au d\u00e9part de Tanger","og_url":"https:\/\/tourtravelandmore.com\/fr\/tours\/maroc-fr\/tangier-fr\/visite-privee-de-tetouan-au-depart-de-tanger\/","og_site_name":"Tour Travel And More","article_publisher":"https:\/\/www.facebook.com\/tourtravelandmore\/","article_modified_time":"2021-03-25T11:16:32+00:00","og_image":[{"width":1024,"height":715,"url":"https:\/\/tourtravelandmore.com\/wp-content\/uploads\/2019\/03\/28340334754_6a67965b67_b.jpg","type":"image\/jpeg"}],"twitter_card":"summary_large_image","twitter_site":"@TourTravel_More","twitter_misc":{"Dur\u00e9e de lecture estim\u00e9e":"2 minutes"},"schema":{"@context":"https:\/\/schema.org","@graph":[{"@type":"WebPage","@id":"https:\/\/tourtravelandmore.com\/fr\/tours\/maroc-fr\/tangier-fr\/visite-privee-de-tetouan-au-depart-de-tanger\/","url":"https:\/\/tourtravelandmore.com\/fr\/tours\/maroc-fr\/tangier-fr\/visite-privee-de-tetouan-au-depart-de-tanger\/","name":"Visite priv\u00e9e de T\u00e9touan au d\u00e9part de Tanger avec guide priv\u00e9 et v\u00e9hicule","isPartOf":{"@id":"https:\/\/tourtravelandmore.com\/fr\/#website"},"primaryImageOfPage":{"@id":"https:\/\/tourtravelandmore.com\/fr\/tours\/maroc-fr\/tangier-fr\/visite-privee-de-tetouan-au-depart-de-tanger\/#primaryimage"},"image":{"@id":"https:\/\/tourtravelandmore.com\/fr\/tours\/maroc-fr\/tangier-fr\/visite-privee-de-tetouan-au-depart-de-tanger\/#primaryimage"},"thumbnailUrl":"https:\/\/tourtravelandmore.com\/wp-content\/uploads\/2019\/03\/28340334754_6a67965b67_b.jpg","datePublished":"2019-03-27T11:44:19+00:00","dateModified":"2021-03-25T11:16:32+00:00","description":"D\u00e9couvrez la ville de T\u00e9touan avec un guide touristique, \u00e0 l'aise dans un v\u00e9hicule priv\u00e9. Apprenez \u00e0 conna\u00eetre la c\u00e9l\u00e8bre ville du Maroc. Visite priv\u00e9e de T\u00e9touan au d\u00e9part de Tanger","breadcrumb":{"@id":"https:\/\/tourtravelandmore.com\/fr\/tours\/maroc-fr\/tangier-fr\/visite-privee-de-tetouan-au-depart-de-tanger\/#breadcrumb"},"inLanguage":"fr-FR","potentialAction":[{"@type":"ReadAction","target":["https:\/\/tourtravelandmore.com\/fr\/tours\/maroc-fr\/tangier-fr\/visite-privee-de-tetouan-au-depart-de-tanger\/"]}]},{"@type":"ImageObject","inLanguage":"fr-FR","@id":"https:\/\/tourtravelandmore.com\/fr\/tours\/maroc-fr\/tangier-fr\/visite-privee-de-tetouan-au-depart-de-tanger\/#primaryimage","url":"https:\/\/tourtravelandmore.com\/wp-content\/uploads\/2019\/03\/28340334754_6a67965b67_b.jpg","contentUrl":"https:\/\/tourtravelandmore.com\/wp-content\/uploads\/2019\/03\/28340334754_6a67965b67_b.jpg","width":1024,"height":715},{"@type":"BreadcrumbList","@id":"https:\/\/tourtravelandmore.com\/fr\/tours\/maroc-fr\/tangier-fr\/visite-privee-de-tetouan-au-depart-de-tanger\/#breadcrumb","itemListElement":[{"@type":"ListItem","position":1,"name":"Home","item":"https:\/\/tourtravelandmore.com\/fr\/"},{"@type":"ListItem","position":2,"name":"Tours","item":"https:\/\/tourtravelandmore.com\/fr\/tours\/"},{"@type":"ListItem","position":3,"name":"Visite priv\u00e9e de T\u00e9touan au d\u00e9part de Tanger"}]},{"@type":"WebSite","@id":"https:\/\/tourtravelandmore.com\/fr\/#website","url":"https:\/\/tourtravelandmore.com\/fr\/","name":"Tour Travel And More","description":"Private sightseeing tours and luxury transfers in Spain","publisher":{"@id":"https:\/\/tourtravelandmore.com\/fr\/#organization"},"potentialAction":[{"@type":"SearchAction","target":{"@type":"EntryPoint","urlTemplate":"https:\/\/tourtravelandmore.com\/fr\/?s={search_term_string}"},"query-input":{"@type":"PropertyValueSpecification","valueRequired":true,"valueName":"search_term_string"}}],"inLanguage":"fr-FR"},{"@type":"Organization","@id":"https:\/\/tourtravelandmore.com\/fr\/#organization","name":"Tour Travel And More","url":"https:\/\/tourtravelandmore.com\/fr\/","logo":{"@type":"ImageObject","inLanguage":"fr-FR","@id":"https:\/\/tourtravelandmore.com\/fr\/#\/schema\/logo\/image\/","url":"https:\/\/tourtravelandmore.com\/wp-content\/uploads\/2022\/12\/cropped-logo-cabecera-new.png","contentUrl":"https:\/\/tourtravelandmore.com\/wp-content\/uploads\/2022\/12\/cropped-logo-cabecera-new.png","width":430,"height":61,"caption":"Tour Travel And More"},"image":{"@id":"https:\/\/tourtravelandmore.com\/fr\/#\/schema\/logo\/image\/"},"sameAs":["https:\/\/www.facebook.com\/tourtravelandmore\/","https:\/\/x.com\/TourTravel_More"]}]}},"_links":{"self":[{"href":"https:\/\/tourtravelandmore.com\/fr\/wp-json\/wp\/v2\/product\/105501","targetHints":{"allow":["GET"]}}],"collection":[{"href":"https:\/\/tourtravelandmore.com\/fr\/wp-json\/wp\/v2\/product"}],"about":[{"href":"https:\/\/tourtravelandmore.com\/fr\/wp-json\/wp\/v2\/types\/product"}],"replies":[{"embeddable":true,"href":"https:\/\/tourtravelandmore.com\/fr\/wp-json\/wp\/v2\/comments?post=105501"}],"wp:featuredmedia":[{"embeddable":true,"href":"https:\/\/tourtravelandmore.com\/fr\/wp-json\/wp\/v2\/media\/95683"}],"wp:attachment":[{"href":"https:\/\/tourtravelandmore.com\/fr\/wp-json\/wp\/v2\/media?parent=105501"}],"wp:term":[{"taxonomy":"product_brand","embeddable":true,"href":"https:\/\/tourtravelandmore.com\/fr\/wp-json\/wp\/v2\/product_brand?post=105501"},{"taxonomy":"product_cat","embeddable":true,"href":"https:\/\/tourtravelandmore.com\/fr\/wp-json\/wp\/v2\/product_cat?post=105501"},{"taxonomy":"product_tag","embeddable":true,"href":"https:\/\/tourtravelandmore.com\/fr\/wp-json\/wp\/v2\/product_tag?post=105501"}],"curies":[{"name":"wp","href":"https:\/\/api.w.org\/{rel}","templated":true}]}}