{"id":105496,"date":"2018-08-01T12:27:57","date_gmt":"2018-08-01T10:27:57","guid":{"rendered":"https:\/\/tourtravelandmore.com\/tours\/non%20class\u00e9\/visite-privee-de-chefchaouen-au-depart-de-tanger\/"},"modified":"2021-03-25T12:15:35","modified_gmt":"2021-03-25T11:15:35","slug":"visite-privee-de-chefchaouen-au-depart-de-tanger","status":"publish","type":"product","link":"https:\/\/tourtravelandmore.com\/fr\/tours\/maroc-fr\/tangier-fr\/visite-privee-de-chefchaouen-au-depart-de-tanger\/","title":{"rendered":"Visite priv\u00e9e de Chefchaouen au d\u00e9part de Tanger"},"content":{"rendered":"<h2>Description<\/h2>\n<p>Profitez de cette visite priv\u00e9e de Chefchaouen au d\u00e9part de Tanger avec votre guide officiel et apprenez \u00e0 conna\u00eetre Chefchaouen.<\/p>\n<p>Votre chauffeur priv\u00e9, accompagn\u00e9 de votre guide priv\u00e9, viendra vous chercher \u00e0 votre h\u00f4tel ou lieu de votre choix \u00e0 Tanger. Nous nous dirigerons ensuite vers Chefchaouen. C&#8217;est une ville magnifique et unique.<\/p>\n<p>Il s&#8217;agit d&#8217;une visite enti\u00e8rement personnalis\u00e9e. Vous pouvez personnaliser chaque visite en nous contactant simplement. Voici un exemple de certains des sites les plus importants pour vous donner une id\u00e9e, mais votre visite sera enti\u00e8rement personnalis\u00e9e pour r\u00e9pondre exactement \u00e0 vos besoins.<\/p>\n<p>Nous vous aiderons \u00e0 organiser votre exp\u00e9rience totalement personnalis\u00e9e et unique de Tanger \u00e0 Chefchaouen<\/p>\n<h2>Sites d&#8217;int\u00e9r\u00eat et monuments<\/h2>\n<p>Une fois que votre guide et votre chauffeur sont venus vous chercher et votre groupe \u00e0 votre h\u00f4tel, port ou lieu de votre choix \u00e0 Tanger, nous ferons un tour priv\u00e9 jusqu&#8217;\u00e0 ce que vous atteigniez Chefchaouen. Sur votre chemin, vous profiterez de beaux paysages en atteignant la \u00abville bleue\u00bb. C&#8217;est \u00e0 ce moment-l\u00e0 que d\u00e9butera notre visite priv\u00e9e de Chefchaouen au d\u00e9part de Tanger.<\/p>\n<p>Une fois que vous avez atteint la soi-disant ville bleue, vous profiterez de temps libre dans la m\u00e9dina et vous prom\u00e8nerez dans ses rues uniques et merveilleuses. Visitez la c\u00e9l\u00e8bre place Uta el-Hammam et le souk de la ville.<\/p>\n<p>Bien s\u00fbr, vous aurez \u00e9galement suffisamment de temps pour profiter de la cuisine marocaine et visiter les boutiques d&#8217;artisans avant de retourner \u00e0 Tanger.<\/p>\n<p>Votre chauffeur et votre guide vous ram\u00e8neront \u00e0 votre h\u00f4tel.<\/p>\n<p>Jetez un \u0153il \u00e0 toutes nos autres exp\u00e9riences que nous proposons \u00e0 Tanger. Nous pouvons organiser tout type d&#8217;exp\u00e9rience priv\u00e9e ou de visite priv\u00e9e pour vous. Tanger est vraiment une ville unique \u00e0 visiter.<\/p>\n","protected":false},"excerpt":{"rendered":"<p><span style=\"font-weight: 400;\">Rejoignez-nous pour cette visite priv\u00e9e personnalis\u00e9e de Chefchaouen et admirez cette ville unique au Maroc. Profitez de cette occasion pour d\u00e9couvrir le Maroc lors de cette excursion d&#8217;une journ\u00e9e depuis votre h\u00f4tel ou votre port de croisi\u00e8re \u00e0 Tanger. Personnalisez votre propre exp\u00e9rience. Ne manquez pas des sites comme la m\u00e9dina de Chefchaouen, la place Uta el-Hammam, les boutiques d&#8217;artisans et bien plus encore!<\/span><\/p>\n<p>&nbsp;<\/p>\n","protected":false},"featured_media":95094,"comment_status":"open","ping_status":"closed","template":"","meta":{"_acf_changed":false},"product_brand":[],"product_cat":[3726,3817],"product_tag":[],"class_list":{"0":"post-105496","1":"product","2":"type-product","3":"status-publish","4":"has-post-thumbnail","6":"product_cat-maroc-fr","7":"product_cat-tangier-fr","9":"first","10":"instock","11":"shipping-taxable","12":"purchasable","13":"product-type-simple"},"acf":[],"yoast_head":"<!-- This site is optimized with the Yoast SEO Premium plugin v25.3.1 (Yoast SEO v25.3.1) - https:\/\/yoast.com\/wordpress\/plugins\/seo\/ -->\n<title>Visite priv\u00e9e de Chefchaouen au d\u00e9part de Tanger avec guide priv\u00e9 et v\u00e9hicule<\/title>\n<meta name=\"description\" content=\"D\u00e9couvrez la ville de Chefchaouen avec un guide touristique, \u00e0 l&#039;aise dans un v\u00e9hicule priv\u00e9. Apprenez \u00e0 conna\u00eetre la ville bleue. Visite priv\u00e9e de Chefchaouen au d\u00e9part de Tanger\" \/>\n<meta name=\"robots\" content=\"index, follow, max-snippet:-1, max-image-preview:large, max-video-preview:-1\" \/>\n<link rel=\"canonical\" href=\"https:\/\/tourtravelandmore.com\/fr\/tours\/maroc-fr\/tangier-fr\/visite-privee-de-chefchaouen-au-depart-de-tanger\/\" \/>\n<meta property=\"og:locale\" content=\"fr_FR\" \/>\n<meta property=\"og:type\" content=\"article\" \/>\n<meta property=\"og:title\" content=\"Visite priv\u00e9e de Chefchaouen au d\u00e9part de Tanger\" \/>\n<meta property=\"og:description\" content=\"D\u00e9couvrez la ville de Chefchaouen avec un guide touristique, \u00e0 l&#039;aise dans un v\u00e9hicule priv\u00e9. Apprenez \u00e0 conna\u00eetre la ville bleue. Visite priv\u00e9e de Chefchaouen au d\u00e9part de Tanger\" \/>\n<meta property=\"og:url\" content=\"https:\/\/tourtravelandmore.com\/fr\/tours\/maroc-fr\/tangier-fr\/visite-privee-de-chefchaouen-au-depart-de-tanger\/\" \/>\n<meta property=\"og:site_name\" content=\"Tour Travel And More\" \/>\n<meta property=\"article:publisher\" content=\"https:\/\/www.facebook.com\/tourtravelandmore\/\" \/>\n<meta property=\"article:modified_time\" content=\"2021-03-25T11:15:35+00:00\" \/>\n<meta property=\"og:image\" content=\"https:\/\/tourtravelandmore.com\/wp-content\/uploads\/2018\/08\/Chefchaouen_vu_de_la_route_dOuezzane-jfgornet-2.jpg\" \/>\n\t<meta property=\"og:image:width\" content=\"1936\" \/>\n\t<meta property=\"og:image:height\" content=\"1288\" \/>\n\t<meta property=\"og:image:type\" content=\"image\/jpeg\" \/>\n<meta name=\"twitter:card\" content=\"summary_large_image\" \/>\n<meta name=\"twitter:site\" content=\"@TourTravel_More\" \/>\n<meta name=\"twitter:label1\" content=\"Dur\u00e9e de lecture estim\u00e9e\" \/>\n\t<meta name=\"twitter:data1\" content=\"2 minutes\" \/>\n<script type=\"application\/ld+json\" class=\"yoast-schema-graph\">{\"@context\":\"https:\/\/schema.org\",\"@graph\":[{\"@type\":\"WebPage\",\"@id\":\"https:\/\/tourtravelandmore.com\/fr\/tours\/maroc-fr\/tangier-fr\/visite-privee-de-chefchaouen-au-depart-de-tanger\/\",\"url\":\"https:\/\/tourtravelandmore.com\/fr\/tours\/maroc-fr\/tangier-fr\/visite-privee-de-chefchaouen-au-depart-de-tanger\/\",\"name\":\"Visite priv\u00e9e de Chefchaouen au d\u00e9part de Tanger avec guide priv\u00e9 et v\u00e9hicule\",\"isPartOf\":{\"@id\":\"https:\/\/tourtravelandmore.com\/fr\/#website\"},\"primaryImageOfPage\":{\"@id\":\"https:\/\/tourtravelandmore.com\/fr\/tours\/maroc-fr\/tangier-fr\/visite-privee-de-chefchaouen-au-depart-de-tanger\/#primaryimage\"},\"image\":{\"@id\":\"https:\/\/tourtravelandmore.com\/fr\/tours\/maroc-fr\/tangier-fr\/visite-privee-de-chefchaouen-au-depart-de-tanger\/#primaryimage\"},\"thumbnailUrl\":\"https:\/\/tourtravelandmore.com\/wp-content\/uploads\/2018\/08\/Chefchaouen_vu_de_la_route_dOuezzane-jfgornet-2.jpg\",\"datePublished\":\"2018-08-01T10:27:57+00:00\",\"dateModified\":\"2021-03-25T11:15:35+00:00\",\"description\":\"D\u00e9couvrez la ville de Chefchaouen avec un guide touristique, \u00e0 l'aise dans un v\u00e9hicule priv\u00e9. Apprenez \u00e0 conna\u00eetre la ville bleue. Visite priv\u00e9e de Chefchaouen au d\u00e9part de Tanger\",\"breadcrumb\":{\"@id\":\"https:\/\/tourtravelandmore.com\/fr\/tours\/maroc-fr\/tangier-fr\/visite-privee-de-chefchaouen-au-depart-de-tanger\/#breadcrumb\"},\"inLanguage\":\"fr-FR\",\"potentialAction\":[{\"@type\":\"ReadAction\",\"target\":[\"https:\/\/tourtravelandmore.com\/fr\/tours\/maroc-fr\/tangier-fr\/visite-privee-de-chefchaouen-au-depart-de-tanger\/\"]}]},{\"@type\":\"ImageObject\",\"inLanguage\":\"fr-FR\",\"@id\":\"https:\/\/tourtravelandmore.com\/fr\/tours\/maroc-fr\/tangier-fr\/visite-privee-de-chefchaouen-au-depart-de-tanger\/#primaryimage\",\"url\":\"https:\/\/tourtravelandmore.com\/wp-content\/uploads\/2018\/08\/Chefchaouen_vu_de_la_route_dOuezzane-jfgornet-2.jpg\",\"contentUrl\":\"https:\/\/tourtravelandmore.com\/wp-content\/uploads\/2018\/08\/Chefchaouen_vu_de_la_route_dOuezzane-jfgornet-2.jpg\",\"width\":1936,\"height\":1288},{\"@type\":\"BreadcrumbList\",\"@id\":\"https:\/\/tourtravelandmore.com\/fr\/tours\/maroc-fr\/tangier-fr\/visite-privee-de-chefchaouen-au-depart-de-tanger\/#breadcrumb\",\"itemListElement\":[{\"@type\":\"ListItem\",\"position\":1,\"name\":\"Home\",\"item\":\"https:\/\/tourtravelandmore.com\/fr\/\"},{\"@type\":\"ListItem\",\"position\":2,\"name\":\"Tours\",\"item\":\"https:\/\/tourtravelandmore.com\/fr\/tours\/\"},{\"@type\":\"ListItem\",\"position\":3,\"name\":\"Visite priv\u00e9e de Chefchaouen au d\u00e9part de Tanger\"}]},{\"@type\":\"WebSite\",\"@id\":\"https:\/\/tourtravelandmore.com\/fr\/#website\",\"url\":\"https:\/\/tourtravelandmore.com\/fr\/\",\"name\":\"Tour Travel And More\",\"description\":\"Private sightseeing tours and luxury transfers in Spain\",\"publisher\":{\"@id\":\"https:\/\/tourtravelandmore.com\/fr\/#organization\"},\"potentialAction\":[{\"@type\":\"SearchAction\",\"target\":{\"@type\":\"EntryPoint\",\"urlTemplate\":\"https:\/\/tourtravelandmore.com\/fr\/?s={search_term_string}\"},\"query-input\":{\"@type\":\"PropertyValueSpecification\",\"valueRequired\":true,\"valueName\":\"search_term_string\"}}],\"inLanguage\":\"fr-FR\"},{\"@type\":\"Organization\",\"@id\":\"https:\/\/tourtravelandmore.com\/fr\/#organization\",\"name\":\"Tour Travel And More\",\"url\":\"https:\/\/tourtravelandmore.com\/fr\/\",\"logo\":{\"@type\":\"ImageObject\",\"inLanguage\":\"fr-FR\",\"@id\":\"https:\/\/tourtravelandmore.com\/fr\/#\/schema\/logo\/image\/\",\"url\":\"https:\/\/tourtravelandmore.com\/wp-content\/uploads\/2022\/12\/cropped-logo-cabecera-new.png\",\"contentUrl\":\"https:\/\/tourtravelandmore.com\/wp-content\/uploads\/2022\/12\/cropped-logo-cabecera-new.png\",\"width\":430,\"height\":61,\"caption\":\"Tour Travel And More\"},\"image\":{\"@id\":\"https:\/\/tourtravelandmore.com\/fr\/#\/schema\/logo\/image\/\"},\"sameAs\":[\"https:\/\/www.facebook.com\/tourtravelandmore\/\",\"https:\/\/x.com\/TourTravel_More\"]}]}<\/script>\n<!-- \/ Yoast SEO Premium plugin. -->","yoast_head_json":{"title":"Visite priv\u00e9e de Chefchaouen au d\u00e9part de Tanger avec guide priv\u00e9 et v\u00e9hicule","description":"D\u00e9couvrez la ville de Chefchaouen avec un guide touristique, \u00e0 l'aise dans un v\u00e9hicule priv\u00e9. Apprenez \u00e0 conna\u00eetre la ville bleue. Visite priv\u00e9e de Chefchaouen au d\u00e9part de Tanger","robots":{"index":"index","follow":"follow","max-snippet":"max-snippet:-1","max-image-preview":"max-image-preview:large","max-video-preview":"max-video-preview:-1"},"canonical":"https:\/\/tourtravelandmore.com\/fr\/tours\/maroc-fr\/tangier-fr\/visite-privee-de-chefchaouen-au-depart-de-tanger\/","og_locale":"fr_FR","og_type":"article","og_title":"Visite priv\u00e9e de Chefchaouen au d\u00e9part de Tanger","og_description":"D\u00e9couvrez la ville de Chefchaouen avec un guide touristique, \u00e0 l'aise dans un v\u00e9hicule priv\u00e9. Apprenez \u00e0 conna\u00eetre la ville bleue. Visite priv\u00e9e de Chefchaouen au d\u00e9part de Tanger","og_url":"https:\/\/tourtravelandmore.com\/fr\/tours\/maroc-fr\/tangier-fr\/visite-privee-de-chefchaouen-au-depart-de-tanger\/","og_site_name":"Tour Travel And More","article_publisher":"https:\/\/www.facebook.com\/tourtravelandmore\/","article_modified_time":"2021-03-25T11:15:35+00:00","og_image":[{"width":1936,"height":1288,"url":"https:\/\/tourtravelandmore.com\/wp-content\/uploads\/2018\/08\/Chefchaouen_vu_de_la_route_dOuezzane-jfgornet-2.jpg","type":"image\/jpeg"}],"twitter_card":"summary_large_image","twitter_site":"@TourTravel_More","twitter_misc":{"Dur\u00e9e de lecture estim\u00e9e":"2 minutes"},"schema":{"@context":"https:\/\/schema.org","@graph":[{"@type":"WebPage","@id":"https:\/\/tourtravelandmore.com\/fr\/tours\/maroc-fr\/tangier-fr\/visite-privee-de-chefchaouen-au-depart-de-tanger\/","url":"https:\/\/tourtravelandmore.com\/fr\/tours\/maroc-fr\/tangier-fr\/visite-privee-de-chefchaouen-au-depart-de-tanger\/","name":"Visite priv\u00e9e de Chefchaouen au d\u00e9part de Tanger avec guide priv\u00e9 et v\u00e9hicule","isPartOf":{"@id":"https:\/\/tourtravelandmore.com\/fr\/#website"},"primaryImageOfPage":{"@id":"https:\/\/tourtravelandmore.com\/fr\/tours\/maroc-fr\/tangier-fr\/visite-privee-de-chefchaouen-au-depart-de-tanger\/#primaryimage"},"image":{"@id":"https:\/\/tourtravelandmore.com\/fr\/tours\/maroc-fr\/tangier-fr\/visite-privee-de-chefchaouen-au-depart-de-tanger\/#primaryimage"},"thumbnailUrl":"https:\/\/tourtravelandmore.com\/wp-content\/uploads\/2018\/08\/Chefchaouen_vu_de_la_route_dOuezzane-jfgornet-2.jpg","datePublished":"2018-08-01T10:27:57+00:00","dateModified":"2021-03-25T11:15:35+00:00","description":"D\u00e9couvrez la ville de Chefchaouen avec un guide touristique, \u00e0 l'aise dans un v\u00e9hicule priv\u00e9. Apprenez \u00e0 conna\u00eetre la ville bleue. Visite priv\u00e9e de Chefchaouen au d\u00e9part de Tanger","breadcrumb":{"@id":"https:\/\/tourtravelandmore.com\/fr\/tours\/maroc-fr\/tangier-fr\/visite-privee-de-chefchaouen-au-depart-de-tanger\/#breadcrumb"},"inLanguage":"fr-FR","potentialAction":[{"@type":"ReadAction","target":["https:\/\/tourtravelandmore.com\/fr\/tours\/maroc-fr\/tangier-fr\/visite-privee-de-chefchaouen-au-depart-de-tanger\/"]}]},{"@type":"ImageObject","inLanguage":"fr-FR","@id":"https:\/\/tourtravelandmore.com\/fr\/tours\/maroc-fr\/tangier-fr\/visite-privee-de-chefchaouen-au-depart-de-tanger\/#primaryimage","url":"https:\/\/tourtravelandmore.com\/wp-content\/uploads\/2018\/08\/Chefchaouen_vu_de_la_route_dOuezzane-jfgornet-2.jpg","contentUrl":"https:\/\/tourtravelandmore.com\/wp-content\/uploads\/2018\/08\/Chefchaouen_vu_de_la_route_dOuezzane-jfgornet-2.jpg","width":1936,"height":1288},{"@type":"BreadcrumbList","@id":"https:\/\/tourtravelandmore.com\/fr\/tours\/maroc-fr\/tangier-fr\/visite-privee-de-chefchaouen-au-depart-de-tanger\/#breadcrumb","itemListElement":[{"@type":"ListItem","position":1,"name":"Home","item":"https:\/\/tourtravelandmore.com\/fr\/"},{"@type":"ListItem","position":2,"name":"Tours","item":"https:\/\/tourtravelandmore.com\/fr\/tours\/"},{"@type":"ListItem","position":3,"name":"Visite priv\u00e9e de Chefchaouen au d\u00e9part de Tanger"}]},{"@type":"WebSite","@id":"https:\/\/tourtravelandmore.com\/fr\/#website","url":"https:\/\/tourtravelandmore.com\/fr\/","name":"Tour Travel And More","description":"Private sightseeing tours and luxury transfers in Spain","publisher":{"@id":"https:\/\/tourtravelandmore.com\/fr\/#organization"},"potentialAction":[{"@type":"SearchAction","target":{"@type":"EntryPoint","urlTemplate":"https:\/\/tourtravelandmore.com\/fr\/?s={search_term_string}"},"query-input":{"@type":"PropertyValueSpecification","valueRequired":true,"valueName":"search_term_string"}}],"inLanguage":"fr-FR"},{"@type":"Organization","@id":"https:\/\/tourtravelandmore.com\/fr\/#organization","name":"Tour Travel And More","url":"https:\/\/tourtravelandmore.com\/fr\/","logo":{"@type":"ImageObject","inLanguage":"fr-FR","@id":"https:\/\/tourtravelandmore.com\/fr\/#\/schema\/logo\/image\/","url":"https:\/\/tourtravelandmore.com\/wp-content\/uploads\/2022\/12\/cropped-logo-cabecera-new.png","contentUrl":"https:\/\/tourtravelandmore.com\/wp-content\/uploads\/2022\/12\/cropped-logo-cabecera-new.png","width":430,"height":61,"caption":"Tour Travel And More"},"image":{"@id":"https:\/\/tourtravelandmore.com\/fr\/#\/schema\/logo\/image\/"},"sameAs":["https:\/\/www.facebook.com\/tourtravelandmore\/","https:\/\/x.com\/TourTravel_More"]}]}},"_links":{"self":[{"href":"https:\/\/tourtravelandmore.com\/fr\/wp-json\/wp\/v2\/product\/105496","targetHints":{"allow":["GET"]}}],"collection":[{"href":"https:\/\/tourtravelandmore.com\/fr\/wp-json\/wp\/v2\/product"}],"about":[{"href":"https:\/\/tourtravelandmore.com\/fr\/wp-json\/wp\/v2\/types\/product"}],"replies":[{"embeddable":true,"href":"https:\/\/tourtravelandmore.com\/fr\/wp-json\/wp\/v2\/comments?post=105496"}],"wp:featuredmedia":[{"embeddable":true,"href":"https:\/\/tourtravelandmore.com\/fr\/wp-json\/wp\/v2\/media\/95094"}],"wp:attachment":[{"href":"https:\/\/tourtravelandmore.com\/fr\/wp-json\/wp\/v2\/media?parent=105496"}],"wp:term":[{"taxonomy":"product_brand","embeddable":true,"href":"https:\/\/tourtravelandmore.com\/fr\/wp-json\/wp\/v2\/product_brand?post=105496"},{"taxonomy":"product_cat","embeddable":true,"href":"https:\/\/tourtravelandmore.com\/fr\/wp-json\/wp\/v2\/product_cat?post=105496"},{"taxonomy":"product_tag","embeddable":true,"href":"https:\/\/tourtravelandmore.com\/fr\/wp-json\/wp\/v2\/product_tag?post=105496"}],"curies":[{"name":"wp","href":"https:\/\/api.w.org\/{rel}","templated":true}]}}