{"id":105491,"date":"2018-07-31T16:06:39","date_gmt":"2018-07-31T14:06:39","guid":{"rendered":"https:\/\/tourtravelandmore.com\/tours\/non%20class\u00e9\/tour-prive-de-tanger\/"},"modified":"2021-03-25T12:14:44","modified_gmt":"2021-03-25T11:14:44","slug":"tour-prive-de-tanger","status":"publish","type":"product","link":"https:\/\/tourtravelandmore.com\/fr\/tours\/maroc-fr\/tangier-fr\/tour-prive-de-tanger\/","title":{"rendered":"Tour priv\u00e9 de Tanger"},"content":{"rendered":"<h2>Description<\/h2>\n<p>Profitez de cette visite priv\u00e9e de Tanger pour d\u00e9couvrir les meilleurs quartiers de cette belle ville.<\/p>\n<p>Apprendre \u00e0 conna\u00eetre une ville avec une visite priv\u00e9e, c&#8217;est le meilleur moyen d&#8217;apprendre tous les joyaux cach\u00e9s de la ville.<\/p>\n<p>Tout d&#8217;abord, nous organiserons une prise en charge confortable depuis votre h\u00f4tel \u00e0 Tanger. Nous nous dirigerons ensuite vers le meilleur de la ville de Tanger. Nous commencerons cette visite priv\u00e9e de Tanger.<\/p>\n<p>Votre guide priv\u00e9 et votre chauffeur s\u00e9par\u00e9 seront \u00e0 votre disposition pendant toute la dur\u00e9e de la visite. Nos visites priv\u00e9es peuvent \u00eatre d&#8217;une demi-journ\u00e9e ou d&#8217;une journ\u00e9e compl\u00e8te.<\/p>\n<h2>Sites d&#8217;int\u00e9r\u00eat et monuments<\/h2>\n<p>Apr\u00e8s la prise en charge \u00e0 votre h\u00f4tel \u00e0 Tanger, nous ferons un tour \u00e0 travers diff\u00e9rents quartiers et zones environnantes, y compris plusieurs arr\u00eats \u00e0 des points de vue incroyables, une courte pause au cap Spartel o\u00f9 l&#8217;oc\u00e9an Atlantique rencontre la mer M\u00e9diterran\u00e9e, une visite du mythique Grottes d&#8217;Hercule et balades \u00e0 dos de chameau! Profitez d&#8217;une balade \u00e0 dos de chameau de 15 minutes!<\/p>\n<p>La deuxi\u00e8me partie de la visite consiste en une longue promenade \u00e0 travers le labyrinthe de rues \u00e9troites et ruelles de la Kasbah (forteresse), pour un aper\u00e7u d&#8217;un riche patrimoine architectural qui comprend un mur de la ville du 15\u00e8me si\u00e8cle et de nombreux b\u00e2timents arabo-andalous. style, qui ont inspir\u00e9 de grands artistes et peintres parmi lesquels Eug\u00e8ne Delacroix, Henri Matisse.<\/p>\n<p>Puis direction la M\u00e9dina (vieille ville), qui repr\u00e9sente un centre d&#8217;int\u00e9r\u00eat majeur pour avoir un avant-go\u00fbt de la culture et du mode de vie locaux \u00e0 travers l&#8217;ambiance de ses march\u00e9s et rues anim\u00e9s, ses fours communaux, ses bains \u00e0 vapeur, ses boutiques artisanales .. et ses places anim\u00e9es. . Elle abrite \u00e9galement un important h\u00e9ritage juif et chr\u00e9tien.<\/p>\n<p>La visite offre \u00e9galement l&#8217;occasion de d\u00e9couvrir la cuisine marocaine authentique et l&#8217;atmosph\u00e8re vibrante des souks o\u00f9 les artisans et les marchands fabriquent \/ vendent leurs articles traditionnels.<\/p>\n<p>Votre chauffeur et votre guide vous ram\u00e8neront \u00e0 votre h\u00f4tel.<\/p>\n<p>Ne manquez pas nos autres visites et exp\u00e9riences priv\u00e9es \u00e0 Tanger.<\/p>\n","protected":false},"excerpt":{"rendered":"<p><span style=\"font-weight: 400;\">Laissez-nous vous emmener dans cette excursion priv\u00e9e d&#8217;une journ\u00e9e \u00e0 Tanger. La prise en charge peut se faire depuis votre h\u00f4tel, port de croisi\u00e8re ou lieu de votre choix \u00e0 Tanger. Ne manquez pas des sites comme le cap Spartel, la grotte d&#8217;Hercule, une vue imprenable sur la mer et l&#8217;oc\u00e9an et bien plus encore, avec votre chauffeur priv\u00e9 et votre guide officiel.<\/span><\/p>\n<p>&nbsp;<\/p>\n","protected":false},"featured_media":95091,"comment_status":"open","ping_status":"closed","template":"","meta":{"_acf_changed":false},"product_brand":[],"product_cat":[3726,3817],"product_tag":[],"class_list":{"0":"post-105491","1":"product","2":"type-product","3":"status-publish","4":"has-post-thumbnail","6":"product_cat-maroc-fr","7":"product_cat-tangier-fr","9":"first","10":"instock","11":"shipping-taxable","12":"purchasable","13":"product-type-simple"},"acf":[],"yoast_head":"<!-- This site is optimized with the Yoast SEO Premium plugin v25.3.1 (Yoast SEO v25.3.1) - https:\/\/yoast.com\/wordpress\/plugins\/seo\/ -->\n<title>Visite priv\u00e9e d&#039;une journ\u00e9e \u00e0 Tanger avec guide priv\u00e9 et v\u00e9hicule priv\u00e9<\/title>\n<meta name=\"description\" content=\"D\u00e9couvrez la belle ville de Tanger avec un guide officiel, \u00e0 l&#039;aise dans un v\u00e9hicule priv\u00e9. Profitez d&#039;une balade \u00e0 dos de chameau dans le d\u00e9sert, la m\u00e9dina et la kasbah\" \/>\n<meta name=\"robots\" content=\"index, follow, max-snippet:-1, max-image-preview:large, max-video-preview:-1\" \/>\n<link rel=\"canonical\" href=\"https:\/\/tourtravelandmore.com\/fr\/tours\/maroc-fr\/tangier-fr\/tour-prive-de-tanger\/\" \/>\n<meta property=\"og:locale\" content=\"fr_FR\" \/>\n<meta property=\"og:type\" content=\"article\" \/>\n<meta property=\"og:title\" content=\"Tour priv\u00e9 de Tanger\" \/>\n<meta property=\"og:description\" content=\"D\u00e9couvrez la belle ville de Tanger avec un guide officiel, \u00e0 l&#039;aise dans un v\u00e9hicule priv\u00e9. Profitez d&#039;une balade \u00e0 dos de chameau dans le d\u00e9sert, la m\u00e9dina et la kasbah\" \/>\n<meta property=\"og:url\" content=\"https:\/\/tourtravelandmore.com\/fr\/tours\/maroc-fr\/tangier-fr\/tour-prive-de-tanger\/\" \/>\n<meta property=\"og:site_name\" content=\"Tour Travel And More\" \/>\n<meta property=\"article:publisher\" content=\"https:\/\/www.facebook.com\/tourtravelandmore\/\" \/>\n<meta property=\"article:modified_time\" content=\"2021-03-25T11:14:44+00:00\" \/>\n<meta property=\"og:image\" content=\"https:\/\/tourtravelandmore.com\/wp-content\/uploads\/2018\/07\/Tangier_Medina_01.jpg\" \/>\n\t<meta property=\"og:image:width\" content=\"1030\" \/>\n\t<meta property=\"og:image:height\" content=\"768\" \/>\n\t<meta property=\"og:image:type\" content=\"image\/jpeg\" \/>\n<meta name=\"twitter:card\" content=\"summary_large_image\" \/>\n<meta name=\"twitter:site\" content=\"@TourTravel_More\" \/>\n<meta name=\"twitter:label1\" content=\"Dur\u00e9e de lecture estim\u00e9e\" \/>\n\t<meta name=\"twitter:data1\" content=\"2 minutes\" \/>\n<script type=\"application\/ld+json\" class=\"yoast-schema-graph\">{\"@context\":\"https:\/\/schema.org\",\"@graph\":[{\"@type\":\"WebPage\",\"@id\":\"https:\/\/tourtravelandmore.com\/fr\/tours\/maroc-fr\/tangier-fr\/tour-prive-de-tanger\/\",\"url\":\"https:\/\/tourtravelandmore.com\/fr\/tours\/maroc-fr\/tangier-fr\/tour-prive-de-tanger\/\",\"name\":\"Visite priv\u00e9e d'une journ\u00e9e \u00e0 Tanger avec guide priv\u00e9 et v\u00e9hicule priv\u00e9\",\"isPartOf\":{\"@id\":\"https:\/\/tourtravelandmore.com\/fr\/#website\"},\"primaryImageOfPage\":{\"@id\":\"https:\/\/tourtravelandmore.com\/fr\/tours\/maroc-fr\/tangier-fr\/tour-prive-de-tanger\/#primaryimage\"},\"image\":{\"@id\":\"https:\/\/tourtravelandmore.com\/fr\/tours\/maroc-fr\/tangier-fr\/tour-prive-de-tanger\/#primaryimage\"},\"thumbnailUrl\":\"https:\/\/tourtravelandmore.com\/wp-content\/uploads\/2018\/07\/Tangier_Medina_01.jpg\",\"datePublished\":\"2018-07-31T14:06:39+00:00\",\"dateModified\":\"2021-03-25T11:14:44+00:00\",\"description\":\"D\u00e9couvrez la belle ville de Tanger avec un guide officiel, \u00e0 l'aise dans un v\u00e9hicule priv\u00e9. Profitez d'une balade \u00e0 dos de chameau dans le d\u00e9sert, la m\u00e9dina et la kasbah\",\"breadcrumb\":{\"@id\":\"https:\/\/tourtravelandmore.com\/fr\/tours\/maroc-fr\/tangier-fr\/tour-prive-de-tanger\/#breadcrumb\"},\"inLanguage\":\"fr-FR\",\"potentialAction\":[{\"@type\":\"ReadAction\",\"target\":[\"https:\/\/tourtravelandmore.com\/fr\/tours\/maroc-fr\/tangier-fr\/tour-prive-de-tanger\/\"]}]},{\"@type\":\"ImageObject\",\"inLanguage\":\"fr-FR\",\"@id\":\"https:\/\/tourtravelandmore.com\/fr\/tours\/maroc-fr\/tangier-fr\/tour-prive-de-tanger\/#primaryimage\",\"url\":\"https:\/\/tourtravelandmore.com\/wp-content\/uploads\/2018\/07\/Tangier_Medina_01.jpg\",\"contentUrl\":\"https:\/\/tourtravelandmore.com\/wp-content\/uploads\/2018\/07\/Tangier_Medina_01.jpg\",\"width\":1030,\"height\":768},{\"@type\":\"BreadcrumbList\",\"@id\":\"https:\/\/tourtravelandmore.com\/fr\/tours\/maroc-fr\/tangier-fr\/tour-prive-de-tanger\/#breadcrumb\",\"itemListElement\":[{\"@type\":\"ListItem\",\"position\":1,\"name\":\"Home\",\"item\":\"https:\/\/tourtravelandmore.com\/fr\/\"},{\"@type\":\"ListItem\",\"position\":2,\"name\":\"Tours\",\"item\":\"https:\/\/tourtravelandmore.com\/fr\/tours\/\"},{\"@type\":\"ListItem\",\"position\":3,\"name\":\"Tour priv\u00e9 de Tanger\"}]},{\"@type\":\"WebSite\",\"@id\":\"https:\/\/tourtravelandmore.com\/fr\/#website\",\"url\":\"https:\/\/tourtravelandmore.com\/fr\/\",\"name\":\"Tour Travel And More\",\"description\":\"Private sightseeing tours and luxury transfers in Spain\",\"publisher\":{\"@id\":\"https:\/\/tourtravelandmore.com\/fr\/#organization\"},\"potentialAction\":[{\"@type\":\"SearchAction\",\"target\":{\"@type\":\"EntryPoint\",\"urlTemplate\":\"https:\/\/tourtravelandmore.com\/fr\/?s={search_term_string}\"},\"query-input\":{\"@type\":\"PropertyValueSpecification\",\"valueRequired\":true,\"valueName\":\"search_term_string\"}}],\"inLanguage\":\"fr-FR\"},{\"@type\":\"Organization\",\"@id\":\"https:\/\/tourtravelandmore.com\/fr\/#organization\",\"name\":\"Tour Travel And More\",\"url\":\"https:\/\/tourtravelandmore.com\/fr\/\",\"logo\":{\"@type\":\"ImageObject\",\"inLanguage\":\"fr-FR\",\"@id\":\"https:\/\/tourtravelandmore.com\/fr\/#\/schema\/logo\/image\/\",\"url\":\"https:\/\/tourtravelandmore.com\/wp-content\/uploads\/2022\/12\/cropped-logo-cabecera-new.png\",\"contentUrl\":\"https:\/\/tourtravelandmore.com\/wp-content\/uploads\/2022\/12\/cropped-logo-cabecera-new.png\",\"width\":430,\"height\":61,\"caption\":\"Tour Travel And More\"},\"image\":{\"@id\":\"https:\/\/tourtravelandmore.com\/fr\/#\/schema\/logo\/image\/\"},\"sameAs\":[\"https:\/\/www.facebook.com\/tourtravelandmore\/\",\"https:\/\/x.com\/TourTravel_More\"]}]}<\/script>\n<!-- \/ Yoast SEO Premium plugin. -->","yoast_head_json":{"title":"Visite priv\u00e9e d'une journ\u00e9e \u00e0 Tanger avec guide priv\u00e9 et v\u00e9hicule priv\u00e9","description":"D\u00e9couvrez la belle ville de Tanger avec un guide officiel, \u00e0 l'aise dans un v\u00e9hicule priv\u00e9. Profitez d'une balade \u00e0 dos de chameau dans le d\u00e9sert, la m\u00e9dina et la kasbah","robots":{"index":"index","follow":"follow","max-snippet":"max-snippet:-1","max-image-preview":"max-image-preview:large","max-video-preview":"max-video-preview:-1"},"canonical":"https:\/\/tourtravelandmore.com\/fr\/tours\/maroc-fr\/tangier-fr\/tour-prive-de-tanger\/","og_locale":"fr_FR","og_type":"article","og_title":"Tour priv\u00e9 de Tanger","og_description":"D\u00e9couvrez la belle ville de Tanger avec un guide officiel, \u00e0 l'aise dans un v\u00e9hicule priv\u00e9. Profitez d'une balade \u00e0 dos de chameau dans le d\u00e9sert, la m\u00e9dina et la kasbah","og_url":"https:\/\/tourtravelandmore.com\/fr\/tours\/maroc-fr\/tangier-fr\/tour-prive-de-tanger\/","og_site_name":"Tour Travel And More","article_publisher":"https:\/\/www.facebook.com\/tourtravelandmore\/","article_modified_time":"2021-03-25T11:14:44+00:00","og_image":[{"width":1030,"height":768,"url":"https:\/\/tourtravelandmore.com\/wp-content\/uploads\/2018\/07\/Tangier_Medina_01.jpg","type":"image\/jpeg"}],"twitter_card":"summary_large_image","twitter_site":"@TourTravel_More","twitter_misc":{"Dur\u00e9e de lecture estim\u00e9e":"2 minutes"},"schema":{"@context":"https:\/\/schema.org","@graph":[{"@type":"WebPage","@id":"https:\/\/tourtravelandmore.com\/fr\/tours\/maroc-fr\/tangier-fr\/tour-prive-de-tanger\/","url":"https:\/\/tourtravelandmore.com\/fr\/tours\/maroc-fr\/tangier-fr\/tour-prive-de-tanger\/","name":"Visite priv\u00e9e d'une journ\u00e9e \u00e0 Tanger avec guide priv\u00e9 et v\u00e9hicule priv\u00e9","isPartOf":{"@id":"https:\/\/tourtravelandmore.com\/fr\/#website"},"primaryImageOfPage":{"@id":"https:\/\/tourtravelandmore.com\/fr\/tours\/maroc-fr\/tangier-fr\/tour-prive-de-tanger\/#primaryimage"},"image":{"@id":"https:\/\/tourtravelandmore.com\/fr\/tours\/maroc-fr\/tangier-fr\/tour-prive-de-tanger\/#primaryimage"},"thumbnailUrl":"https:\/\/tourtravelandmore.com\/wp-content\/uploads\/2018\/07\/Tangier_Medina_01.jpg","datePublished":"2018-07-31T14:06:39+00:00","dateModified":"2021-03-25T11:14:44+00:00","description":"D\u00e9couvrez la belle ville de Tanger avec un guide officiel, \u00e0 l'aise dans un v\u00e9hicule priv\u00e9. Profitez d'une balade \u00e0 dos de chameau dans le d\u00e9sert, la m\u00e9dina et la kasbah","breadcrumb":{"@id":"https:\/\/tourtravelandmore.com\/fr\/tours\/maroc-fr\/tangier-fr\/tour-prive-de-tanger\/#breadcrumb"},"inLanguage":"fr-FR","potentialAction":[{"@type":"ReadAction","target":["https:\/\/tourtravelandmore.com\/fr\/tours\/maroc-fr\/tangier-fr\/tour-prive-de-tanger\/"]}]},{"@type":"ImageObject","inLanguage":"fr-FR","@id":"https:\/\/tourtravelandmore.com\/fr\/tours\/maroc-fr\/tangier-fr\/tour-prive-de-tanger\/#primaryimage","url":"https:\/\/tourtravelandmore.com\/wp-content\/uploads\/2018\/07\/Tangier_Medina_01.jpg","contentUrl":"https:\/\/tourtravelandmore.com\/wp-content\/uploads\/2018\/07\/Tangier_Medina_01.jpg","width":1030,"height":768},{"@type":"BreadcrumbList","@id":"https:\/\/tourtravelandmore.com\/fr\/tours\/maroc-fr\/tangier-fr\/tour-prive-de-tanger\/#breadcrumb","itemListElement":[{"@type":"ListItem","position":1,"name":"Home","item":"https:\/\/tourtravelandmore.com\/fr\/"},{"@type":"ListItem","position":2,"name":"Tours","item":"https:\/\/tourtravelandmore.com\/fr\/tours\/"},{"@type":"ListItem","position":3,"name":"Tour priv\u00e9 de Tanger"}]},{"@type":"WebSite","@id":"https:\/\/tourtravelandmore.com\/fr\/#website","url":"https:\/\/tourtravelandmore.com\/fr\/","name":"Tour Travel And More","description":"Private sightseeing tours and luxury transfers in Spain","publisher":{"@id":"https:\/\/tourtravelandmore.com\/fr\/#organization"},"potentialAction":[{"@type":"SearchAction","target":{"@type":"EntryPoint","urlTemplate":"https:\/\/tourtravelandmore.com\/fr\/?s={search_term_string}"},"query-input":{"@type":"PropertyValueSpecification","valueRequired":true,"valueName":"search_term_string"}}],"inLanguage":"fr-FR"},{"@type":"Organization","@id":"https:\/\/tourtravelandmore.com\/fr\/#organization","name":"Tour Travel And More","url":"https:\/\/tourtravelandmore.com\/fr\/","logo":{"@type":"ImageObject","inLanguage":"fr-FR","@id":"https:\/\/tourtravelandmore.com\/fr\/#\/schema\/logo\/image\/","url":"https:\/\/tourtravelandmore.com\/wp-content\/uploads\/2022\/12\/cropped-logo-cabecera-new.png","contentUrl":"https:\/\/tourtravelandmore.com\/wp-content\/uploads\/2022\/12\/cropped-logo-cabecera-new.png","width":430,"height":61,"caption":"Tour Travel And More"},"image":{"@id":"https:\/\/tourtravelandmore.com\/fr\/#\/schema\/logo\/image\/"},"sameAs":["https:\/\/www.facebook.com\/tourtravelandmore\/","https:\/\/x.com\/TourTravel_More"]}]}},"_links":{"self":[{"href":"https:\/\/tourtravelandmore.com\/fr\/wp-json\/wp\/v2\/product\/105491","targetHints":{"allow":["GET"]}}],"collection":[{"href":"https:\/\/tourtravelandmore.com\/fr\/wp-json\/wp\/v2\/product"}],"about":[{"href":"https:\/\/tourtravelandmore.com\/fr\/wp-json\/wp\/v2\/types\/product"}],"replies":[{"embeddable":true,"href":"https:\/\/tourtravelandmore.com\/fr\/wp-json\/wp\/v2\/comments?post=105491"}],"wp:featuredmedia":[{"embeddable":true,"href":"https:\/\/tourtravelandmore.com\/fr\/wp-json\/wp\/v2\/media\/95091"}],"wp:attachment":[{"href":"https:\/\/tourtravelandmore.com\/fr\/wp-json\/wp\/v2\/media?parent=105491"}],"wp:term":[{"taxonomy":"product_brand","embeddable":true,"href":"https:\/\/tourtravelandmore.com\/fr\/wp-json\/wp\/v2\/product_brand?post=105491"},{"taxonomy":"product_cat","embeddable":true,"href":"https:\/\/tourtravelandmore.com\/fr\/wp-json\/wp\/v2\/product_cat?post=105491"},{"taxonomy":"product_tag","embeddable":true,"href":"https:\/\/tourtravelandmore.com\/fr\/wp-json\/wp\/v2\/product_tag?post=105491"}],"curies":[{"name":"wp","href":"https:\/\/api.w.org\/{rel}","templated":true}]}}