{"id":105479,"date":"2019-12-19T12:35:31","date_gmt":"2019-12-19T11:35:31","guid":{"rendered":"https:\/\/tourtravelandmore.com\/tours\/non%20class\u00e9\/visite-privee-au-musee-sheikh-faisal\/"},"modified":"2021-03-25T12:02:22","modified_gmt":"2021-03-25T11:02:22","slug":"visite-privee-au-musee-sheikh-faisal","status":"publish","type":"product","link":"https:\/\/tourtravelandmore.com\/fr\/tours\/qatar-fr\/doha-fr\/visite-privee-au-musee-sheikh-faisal\/","title":{"rendered":"Visite priv\u00e9e au mus\u00e9e Sheikh Faisal"},"content":{"rendered":"<h2>Description<\/h2>\n<p>Profitez autant que possible de votre s\u00e9jour \u00e0 Doha avec cette visite priv\u00e9e du mus\u00e9e Sheikh Faisal de Doha. Vous d\u00e9couvrirez les \u0153uvres les plus embl\u00e9matiques et les plus belles du mus\u00e9e.<\/p>\n<p>Cette visite priv\u00e9e au mus\u00e9e Sheikh Faisal d\u00e9butera devant le mus\u00e9e. Votre guide priv\u00e9 vous attendra et nous commencerons cette visite priv\u00e9e.<\/p>\n<p>Nous pouvons organiser un v\u00e9hicule priv\u00e9 avec chauffeur pour vous emmener \u00e9galement. Le mus\u00e9e est situ\u00e9 \u00e0 environ 20 km de la ville de Doha. C&#8217;est pourquoi si vous avez besoin d&#8217;un v\u00e9hicule priv\u00e9 pour le transport, nous pouvons l&#8217;organiser pour vous.<\/p>\n<p>Ce mus\u00e9e priv\u00e9 a une superficie de 530 000 m2. C&#8217;est aussi un mus\u00e9e de 3 b\u00e2timents.<\/p>\n<h2>Sites d&#8217;int\u00e9r\u00eat et monuments<\/h2>\n<p>Le mus\u00e9e Sheikh Faisal vous fait d\u00e9couvrir le fascinant patrimoine du Qatar. R\u00e9parti sur trois b\u00e2timents, le mus\u00e9e expose plus de 15 000 pi\u00e8ces du monde entier, dont de l&#8217;art islamique, des peintures, des pi\u00e8ces de monnaie et des collections de voitures.<\/p>\n<p>Apr\u00e8s avoir appr\u00e9ci\u00e9 cette visite, votre chauffeur priv\u00e9, accompagn\u00e9 de votre guide priv\u00e9, vous ram\u00e8nera \u00e0 votre h\u00f4tel ou lieu de votre choix \u00e0 Doha. N&#8217;oubliez pas que la visite est 100% adaptable \u00e0 vos propres int\u00e9r\u00eats et go\u00fbts. Il est \u00e9galement possible de faire une visite plus longue, n&#8217;h\u00e9sitez pas \u00e0 nous contacter si vous avez des doutes.<\/p>\n<p>Profitez de 15 salles du mus\u00e9e et admirez plus de 15 000 objets. Ils sont dispos\u00e9s en diff\u00e9rentes collections:<\/p>\n<ul>\n<li>Art islamique<\/li>\n<li>V\u00e9hicules<\/li>\n<li>Pi\u00e8ces et monnaie<\/li>\n<li>Patrimoine qatari<\/li>\n<\/ul>\n<p>Nous organisons cette visite priv\u00e9e sur mesure pour vous. Nous pouvons bien s\u00fbr organiser tout autre type d&#8217;exp\u00e9rience priv\u00e9e.<\/p>\n<p>Jetez un \u0153il \u00e0 nos autres visites priv\u00e9es \u00e0 Doha! D\u00e9couvrez-les ici!<\/p>\n","protected":false},"excerpt":{"rendered":"<p>Rejoignez-nous dans votre v\u00e9hicule de luxe priv\u00e9, avec un chauffeur priv\u00e9 et un guide officiel du fascinant mus\u00e9e Sheikh Faisal \u00e0 Doha. Vous apprendrez \u00e0 conna\u00eetre les \u0153uvres d&#8217;art les plus embl\u00e9matiques et les plus belles du mus\u00e9e avec un professionnel qui vous expliquera l&#8217;histoire de ce lieu.<\/p>\n","protected":false},"featured_media":96869,"comment_status":"open","ping_status":"closed","template":"","meta":{"_acf_changed":false},"product_brand":[],"product_cat":[3740,3824],"product_tag":[],"class_list":{"0":"post-105479","1":"product","2":"type-product","3":"status-publish","4":"has-post-thumbnail","6":"product_cat-qatar-fr","7":"product_cat-doha-fr","9":"first","10":"instock","11":"shipping-taxable","12":"purchasable","13":"product-type-simple"},"acf":[],"yoast_head":"<!-- This site is optimized with the Yoast SEO Premium plugin v25.3.1 (Yoast SEO v25.3.1) - https:\/\/yoast.com\/wordpress\/plugins\/seo\/ -->\n<title>Visite priv\u00e9e du mus\u00e9e Sheikh Faisal au d\u00e9part de Doha - Mus\u00e9e Sheikh Faisal<\/title>\n<meta name=\"description\" content=\"Profitez de votre temps \u00e0 Doha avec cette visite priv\u00e9e du mus\u00e9e Sheikh Faisal. Vous apprendrez \u00e0 conna\u00eetre les meilleures \u0153uvres d&#039;art et collections du mus\u00e9e.\" \/>\n<meta name=\"robots\" content=\"index, follow, max-snippet:-1, max-image-preview:large, max-video-preview:-1\" \/>\n<link rel=\"canonical\" href=\"https:\/\/tourtravelandmore.com\/fr\/tours\/qatar-fr\/doha-fr\/visite-privee-au-musee-sheikh-faisal\/\" \/>\n<meta property=\"og:locale\" content=\"fr_FR\" \/>\n<meta property=\"og:type\" content=\"article\" \/>\n<meta property=\"og:title\" content=\"Visite priv\u00e9e au mus\u00e9e Sheikh Faisal\" \/>\n<meta property=\"og:description\" content=\"Profitez de votre temps \u00e0 Doha avec cette visite priv\u00e9e du mus\u00e9e Sheikh Faisal. Vous apprendrez \u00e0 conna\u00eetre les meilleures \u0153uvres d&#039;art et collections du mus\u00e9e.\" \/>\n<meta property=\"og:url\" content=\"https:\/\/tourtravelandmore.com\/fr\/tours\/qatar-fr\/doha-fr\/visite-privee-au-musee-sheikh-faisal\/\" \/>\n<meta property=\"og:site_name\" content=\"Tour Travel And More\" \/>\n<meta property=\"article:publisher\" content=\"https:\/\/www.facebook.com\/tourtravelandmore\/\" \/>\n<meta property=\"article:modified_time\" content=\"2021-03-25T11:02:22+00:00\" \/>\n<meta property=\"og:image\" content=\"https:\/\/tourtravelandmore.com\/wp-content\/uploads\/2019\/12\/Doha26.jpg\" \/>\n\t<meta property=\"og:image:width\" content=\"1024\" \/>\n\t<meta property=\"og:image:height\" content=\"768\" \/>\n\t<meta property=\"og:image:type\" content=\"image\/jpeg\" \/>\n<meta name=\"twitter:card\" content=\"summary_large_image\" \/>\n<meta name=\"twitter:site\" content=\"@TourTravel_More\" \/>\n<meta name=\"twitter:label1\" content=\"Dur\u00e9e de lecture estim\u00e9e\" \/>\n\t<meta name=\"twitter:data1\" content=\"2 minutes\" \/>\n<script type=\"application\/ld+json\" class=\"yoast-schema-graph\">{\"@context\":\"https:\/\/schema.org\",\"@graph\":[{\"@type\":\"WebPage\",\"@id\":\"https:\/\/tourtravelandmore.com\/fr\/tours\/qatar-fr\/doha-fr\/visite-privee-au-musee-sheikh-faisal\/\",\"url\":\"https:\/\/tourtravelandmore.com\/fr\/tours\/qatar-fr\/doha-fr\/visite-privee-au-musee-sheikh-faisal\/\",\"name\":\"Visite priv\u00e9e du mus\u00e9e Sheikh Faisal au d\u00e9part de Doha - Mus\u00e9e Sheikh Faisal\",\"isPartOf\":{\"@id\":\"https:\/\/tourtravelandmore.com\/fr\/#website\"},\"primaryImageOfPage\":{\"@id\":\"https:\/\/tourtravelandmore.com\/fr\/tours\/qatar-fr\/doha-fr\/visite-privee-au-musee-sheikh-faisal\/#primaryimage\"},\"image\":{\"@id\":\"https:\/\/tourtravelandmore.com\/fr\/tours\/qatar-fr\/doha-fr\/visite-privee-au-musee-sheikh-faisal\/#primaryimage\"},\"thumbnailUrl\":\"https:\/\/tourtravelandmore.com\/wp-content\/uploads\/2019\/12\/Doha26.jpg\",\"datePublished\":\"2019-12-19T11:35:31+00:00\",\"dateModified\":\"2021-03-25T11:02:22+00:00\",\"description\":\"Profitez de votre temps \u00e0 Doha avec cette visite priv\u00e9e du mus\u00e9e Sheikh Faisal. Vous apprendrez \u00e0 conna\u00eetre les meilleures \u0153uvres d'art et collections du mus\u00e9e.\",\"breadcrumb\":{\"@id\":\"https:\/\/tourtravelandmore.com\/fr\/tours\/qatar-fr\/doha-fr\/visite-privee-au-musee-sheikh-faisal\/#breadcrumb\"},\"inLanguage\":\"fr-FR\",\"potentialAction\":[{\"@type\":\"ReadAction\",\"target\":[\"https:\/\/tourtravelandmore.com\/fr\/tours\/qatar-fr\/doha-fr\/visite-privee-au-musee-sheikh-faisal\/\"]}]},{\"@type\":\"ImageObject\",\"inLanguage\":\"fr-FR\",\"@id\":\"https:\/\/tourtravelandmore.com\/fr\/tours\/qatar-fr\/doha-fr\/visite-privee-au-musee-sheikh-faisal\/#primaryimage\",\"url\":\"https:\/\/tourtravelandmore.com\/wp-content\/uploads\/2019\/12\/Doha26.jpg\",\"contentUrl\":\"https:\/\/tourtravelandmore.com\/wp-content\/uploads\/2019\/12\/Doha26.jpg\",\"width\":1024,\"height\":768},{\"@type\":\"BreadcrumbList\",\"@id\":\"https:\/\/tourtravelandmore.com\/fr\/tours\/qatar-fr\/doha-fr\/visite-privee-au-musee-sheikh-faisal\/#breadcrumb\",\"itemListElement\":[{\"@type\":\"ListItem\",\"position\":1,\"name\":\"Home\",\"item\":\"https:\/\/tourtravelandmore.com\/fr\/\"},{\"@type\":\"ListItem\",\"position\":2,\"name\":\"Tours\",\"item\":\"https:\/\/tourtravelandmore.com\/fr\/tours\/\"},{\"@type\":\"ListItem\",\"position\":3,\"name\":\"Visite priv\u00e9e au mus\u00e9e Sheikh Faisal\"}]},{\"@type\":\"WebSite\",\"@id\":\"https:\/\/tourtravelandmore.com\/fr\/#website\",\"url\":\"https:\/\/tourtravelandmore.com\/fr\/\",\"name\":\"Tour Travel And More\",\"description\":\"Private sightseeing tours and luxury transfers in Spain\",\"publisher\":{\"@id\":\"https:\/\/tourtravelandmore.com\/fr\/#organization\"},\"potentialAction\":[{\"@type\":\"SearchAction\",\"target\":{\"@type\":\"EntryPoint\",\"urlTemplate\":\"https:\/\/tourtravelandmore.com\/fr\/?s={search_term_string}\"},\"query-input\":{\"@type\":\"PropertyValueSpecification\",\"valueRequired\":true,\"valueName\":\"search_term_string\"}}],\"inLanguage\":\"fr-FR\"},{\"@type\":\"Organization\",\"@id\":\"https:\/\/tourtravelandmore.com\/fr\/#organization\",\"name\":\"Tour Travel And More\",\"url\":\"https:\/\/tourtravelandmore.com\/fr\/\",\"logo\":{\"@type\":\"ImageObject\",\"inLanguage\":\"fr-FR\",\"@id\":\"https:\/\/tourtravelandmore.com\/fr\/#\/schema\/logo\/image\/\",\"url\":\"https:\/\/tourtravelandmore.com\/wp-content\/uploads\/2022\/12\/cropped-logo-cabecera-new.png\",\"contentUrl\":\"https:\/\/tourtravelandmore.com\/wp-content\/uploads\/2022\/12\/cropped-logo-cabecera-new.png\",\"width\":430,\"height\":61,\"caption\":\"Tour Travel And More\"},\"image\":{\"@id\":\"https:\/\/tourtravelandmore.com\/fr\/#\/schema\/logo\/image\/\"},\"sameAs\":[\"https:\/\/www.facebook.com\/tourtravelandmore\/\",\"https:\/\/x.com\/TourTravel_More\"]}]}<\/script>\n<!-- \/ Yoast SEO Premium plugin. -->","yoast_head_json":{"title":"Visite priv\u00e9e du mus\u00e9e Sheikh Faisal au d\u00e9part de Doha - Mus\u00e9e Sheikh Faisal","description":"Profitez de votre temps \u00e0 Doha avec cette visite priv\u00e9e du mus\u00e9e Sheikh Faisal. Vous apprendrez \u00e0 conna\u00eetre les meilleures \u0153uvres d'art et collections du mus\u00e9e.","robots":{"index":"index","follow":"follow","max-snippet":"max-snippet:-1","max-image-preview":"max-image-preview:large","max-video-preview":"max-video-preview:-1"},"canonical":"https:\/\/tourtravelandmore.com\/fr\/tours\/qatar-fr\/doha-fr\/visite-privee-au-musee-sheikh-faisal\/","og_locale":"fr_FR","og_type":"article","og_title":"Visite priv\u00e9e au mus\u00e9e Sheikh Faisal","og_description":"Profitez de votre temps \u00e0 Doha avec cette visite priv\u00e9e du mus\u00e9e Sheikh Faisal. Vous apprendrez \u00e0 conna\u00eetre les meilleures \u0153uvres d'art et collections du mus\u00e9e.","og_url":"https:\/\/tourtravelandmore.com\/fr\/tours\/qatar-fr\/doha-fr\/visite-privee-au-musee-sheikh-faisal\/","og_site_name":"Tour Travel And More","article_publisher":"https:\/\/www.facebook.com\/tourtravelandmore\/","article_modified_time":"2021-03-25T11:02:22+00:00","og_image":[{"width":1024,"height":768,"url":"https:\/\/tourtravelandmore.com\/wp-content\/uploads\/2019\/12\/Doha26.jpg","type":"image\/jpeg"}],"twitter_card":"summary_large_image","twitter_site":"@TourTravel_More","twitter_misc":{"Dur\u00e9e de lecture estim\u00e9e":"2 minutes"},"schema":{"@context":"https:\/\/schema.org","@graph":[{"@type":"WebPage","@id":"https:\/\/tourtravelandmore.com\/fr\/tours\/qatar-fr\/doha-fr\/visite-privee-au-musee-sheikh-faisal\/","url":"https:\/\/tourtravelandmore.com\/fr\/tours\/qatar-fr\/doha-fr\/visite-privee-au-musee-sheikh-faisal\/","name":"Visite priv\u00e9e du mus\u00e9e Sheikh Faisal au d\u00e9part de Doha - Mus\u00e9e Sheikh Faisal","isPartOf":{"@id":"https:\/\/tourtravelandmore.com\/fr\/#website"},"primaryImageOfPage":{"@id":"https:\/\/tourtravelandmore.com\/fr\/tours\/qatar-fr\/doha-fr\/visite-privee-au-musee-sheikh-faisal\/#primaryimage"},"image":{"@id":"https:\/\/tourtravelandmore.com\/fr\/tours\/qatar-fr\/doha-fr\/visite-privee-au-musee-sheikh-faisal\/#primaryimage"},"thumbnailUrl":"https:\/\/tourtravelandmore.com\/wp-content\/uploads\/2019\/12\/Doha26.jpg","datePublished":"2019-12-19T11:35:31+00:00","dateModified":"2021-03-25T11:02:22+00:00","description":"Profitez de votre temps \u00e0 Doha avec cette visite priv\u00e9e du mus\u00e9e Sheikh Faisal. Vous apprendrez \u00e0 conna\u00eetre les meilleures \u0153uvres d'art et collections du mus\u00e9e.","breadcrumb":{"@id":"https:\/\/tourtravelandmore.com\/fr\/tours\/qatar-fr\/doha-fr\/visite-privee-au-musee-sheikh-faisal\/#breadcrumb"},"inLanguage":"fr-FR","potentialAction":[{"@type":"ReadAction","target":["https:\/\/tourtravelandmore.com\/fr\/tours\/qatar-fr\/doha-fr\/visite-privee-au-musee-sheikh-faisal\/"]}]},{"@type":"ImageObject","inLanguage":"fr-FR","@id":"https:\/\/tourtravelandmore.com\/fr\/tours\/qatar-fr\/doha-fr\/visite-privee-au-musee-sheikh-faisal\/#primaryimage","url":"https:\/\/tourtravelandmore.com\/wp-content\/uploads\/2019\/12\/Doha26.jpg","contentUrl":"https:\/\/tourtravelandmore.com\/wp-content\/uploads\/2019\/12\/Doha26.jpg","width":1024,"height":768},{"@type":"BreadcrumbList","@id":"https:\/\/tourtravelandmore.com\/fr\/tours\/qatar-fr\/doha-fr\/visite-privee-au-musee-sheikh-faisal\/#breadcrumb","itemListElement":[{"@type":"ListItem","position":1,"name":"Home","item":"https:\/\/tourtravelandmore.com\/fr\/"},{"@type":"ListItem","position":2,"name":"Tours","item":"https:\/\/tourtravelandmore.com\/fr\/tours\/"},{"@type":"ListItem","position":3,"name":"Visite priv\u00e9e au mus\u00e9e Sheikh Faisal"}]},{"@type":"WebSite","@id":"https:\/\/tourtravelandmore.com\/fr\/#website","url":"https:\/\/tourtravelandmore.com\/fr\/","name":"Tour Travel And More","description":"Private sightseeing tours and luxury transfers in Spain","publisher":{"@id":"https:\/\/tourtravelandmore.com\/fr\/#organization"},"potentialAction":[{"@type":"SearchAction","target":{"@type":"EntryPoint","urlTemplate":"https:\/\/tourtravelandmore.com\/fr\/?s={search_term_string}"},"query-input":{"@type":"PropertyValueSpecification","valueRequired":true,"valueName":"search_term_string"}}],"inLanguage":"fr-FR"},{"@type":"Organization","@id":"https:\/\/tourtravelandmore.com\/fr\/#organization","name":"Tour Travel And More","url":"https:\/\/tourtravelandmore.com\/fr\/","logo":{"@type":"ImageObject","inLanguage":"fr-FR","@id":"https:\/\/tourtravelandmore.com\/fr\/#\/schema\/logo\/image\/","url":"https:\/\/tourtravelandmore.com\/wp-content\/uploads\/2022\/12\/cropped-logo-cabecera-new.png","contentUrl":"https:\/\/tourtravelandmore.com\/wp-content\/uploads\/2022\/12\/cropped-logo-cabecera-new.png","width":430,"height":61,"caption":"Tour Travel And More"},"image":{"@id":"https:\/\/tourtravelandmore.com\/fr\/#\/schema\/logo\/image\/"},"sameAs":["https:\/\/www.facebook.com\/tourtravelandmore\/","https:\/\/x.com\/TourTravel_More"]}]}},"_links":{"self":[{"href":"https:\/\/tourtravelandmore.com\/fr\/wp-json\/wp\/v2\/product\/105479","targetHints":{"allow":["GET"]}}],"collection":[{"href":"https:\/\/tourtravelandmore.com\/fr\/wp-json\/wp\/v2\/product"}],"about":[{"href":"https:\/\/tourtravelandmore.com\/fr\/wp-json\/wp\/v2\/types\/product"}],"replies":[{"embeddable":true,"href":"https:\/\/tourtravelandmore.com\/fr\/wp-json\/wp\/v2\/comments?post=105479"}],"wp:featuredmedia":[{"embeddable":true,"href":"https:\/\/tourtravelandmore.com\/fr\/wp-json\/wp\/v2\/media\/96869"}],"wp:attachment":[{"href":"https:\/\/tourtravelandmore.com\/fr\/wp-json\/wp\/v2\/media?parent=105479"}],"wp:term":[{"taxonomy":"product_brand","embeddable":true,"href":"https:\/\/tourtravelandmore.com\/fr\/wp-json\/wp\/v2\/product_brand?post=105479"},{"taxonomy":"product_cat","embeddable":true,"href":"https:\/\/tourtravelandmore.com\/fr\/wp-json\/wp\/v2\/product_cat?post=105479"},{"taxonomy":"product_tag","embeddable":true,"href":"https:\/\/tourtravelandmore.com\/fr\/wp-json\/wp\/v2\/product_tag?post=105479"}],"curies":[{"name":"wp","href":"https:\/\/api.w.org\/{rel}","templated":true}]}}