{"id":105473,"date":"2019-12-19T12:35:31","date_gmt":"2019-12-19T11:35:31","guid":{"rendered":"https:\/\/tourtravelandmore.com\/tours\/non%20class\u00e9\/visite-privee-des-chevaux-arabes\/"},"modified":"2021-03-25T12:01:19","modified_gmt":"2021-03-25T11:01:19","slug":"visite-privee-des-chevaux-arabes","status":"publish","type":"product","link":"https:\/\/tourtravelandmore.com\/fr\/tours\/qatar-fr\/doha-fr\/visite-privee-des-chevaux-arabes\/","title":{"rendered":"Visite priv\u00e9e des chevaux arabes"},"content":{"rendered":"<h2>Description<\/h2>\n<p>Profitez autant que possible de votre s\u00e9jour \u00e0 Doha avec cette visite priv\u00e9e \u00e0 Al Shaqab. Un centre \u00e9questre o\u00f9 sont dress\u00e9s les chevaux arabes vous attend. Vous apprendrez \u00e0 conna\u00eetre l&#8217;un des chevaux les plus embl\u00e9matiques du monde. Tout cela dans notre visite priv\u00e9e des chevaux arabes.<\/p>\n<p>Cette visite priv\u00e9e, comme toutes nos visites, d\u00e9butera par une prise en charge confortable depuis votre h\u00f4tel ou lieu de votre choix. Apr\u00e8s une prise en charge confortable, nous nous dirigerons vers le salon des chevaux arabes.<\/p>\n<p>C&#8217;est vraiment un endroit merveilleux \u00e0 visiter et \u00e0 d\u00e9couvrir.<\/p>\n<p>Apr\u00e8s la visite priv\u00e9e \u00e0 cheval arabe, vous retournerez vers votre h\u00f4tel ou lieu de votre choix \u00e0 Doha.<\/p>\n<h2>Sites d&#8217;int\u00e9r\u00eat et monuments<\/h2>\n<p>Au cours de cette visite priv\u00e9e des chevaux arabes, d\u00e9couvrez la culture \u00e9questre, son animal majestueux et appr\u00e9ciez la race arabe<\/p>\n<p>Vous aurez \u00e9galement le temps de visiter la plus ancienne \u00e9curie du Qatar. Cela peut \u00eatre trouv\u00e9 \u00e0 partir de l&#8217;\u00e9poque de l&#8217;Empire ottoman<\/p>\n<p>Nous organiserons \u00e9galement du temps pour que vous puissiez voir les installations d&#8217;entra\u00eenement et l&#8217;une des plus grandes ar\u00e8nes \u00e9questres au monde<\/p>\n<p>C&#8217;est notre meilleure visite priv\u00e9e pour profiter d&#8217;un spectacle \u00e9questre en direct! C&#8217;est une exp\u00e9rience merveilleuse et unique de 4 heures. C&#8217;est vraiment un must \u00e0 visiter \u00e0 Doha.<\/p>\n<p>Apr\u00e8s avoir appr\u00e9ci\u00e9 cette visite, votre chauffeur priv\u00e9, accompagn\u00e9 de votre guide priv\u00e9, vous ram\u00e8nera \u00e0 votre h\u00f4tel ou lieu de votre choix \u00e0 Doha. Nous vous d\u00e9poserons \u00e0 votre h\u00f4tel et vous pourrez continuer vos merveilleuses vacances. N&#8217;oubliez pas de contacter nos experts en voyages pour vous aider dans tout ce dont vous pourriez avoir besoin.<\/p>\n<p>N&#8217;oubliez pas que la visite est 100% adaptable \u00e0 vos propres int\u00e9r\u00eats et go\u00fbts. Il est \u00e9galement possible de faire une visite plus longue, n&#8217;h\u00e9sitez pas \u00e0 nous contacter si vous avez des doutes.<\/p>\n<p>Ne manquez pas non plus nos autres visites priv\u00e9es.<\/p>\n","protected":false},"excerpt":{"rendered":"<p>Profitez-en pour d\u00e9couvrir Doha, l&#8217;une des plus belles villes d&#8217;Asie, dans votre v\u00e9hicule de luxe priv\u00e9, avec un chauffeur priv\u00e9 et un guide. D\u00e9couvrez le centre \u00e9questre Al Shaqab de Doha lors de cette visite avec un guide priv\u00e9, qui vous montrera et vous dira les meilleurs secrets de cette ancienne race de chevaux arabes.<\/p>\n","protected":false},"featured_media":96868,"comment_status":"open","ping_status":"closed","template":"","meta":{"_acf_changed":false},"product_brand":[],"product_cat":[3740,3824],"product_tag":[],"class_list":{"0":"post-105473","1":"product","2":"type-product","3":"status-publish","4":"has-post-thumbnail","6":"product_cat-qatar-fr","7":"product_cat-doha-fr","9":"first","10":"instock","11":"shipping-taxable","12":"purchasable","13":"product-type-simple"},"acf":[],"yoast_head":"<!-- This site is optimized with the Yoast SEO Premium plugin v25.3.1 (Yoast SEO v25.3.1) - https:\/\/yoast.com\/wordpress\/plugins\/seo\/ -->\n<title>Visite priv\u00e9e des chevaux arabes au d\u00e9part de Doha - Visite priv\u00e9e des chevaux arabes<\/title>\n<meta name=\"description\" content=\"Visite priv\u00e9e des chevaux arabes pour d\u00e9couvrir les fantastiques chevaux de Doha, l&#039;une des races les plus embl\u00e9matiques du monde entier. Profitez d&#039;un spectacle \u00e9questre en direct!\" \/>\n<meta name=\"robots\" content=\"index, follow, max-snippet:-1, max-image-preview:large, max-video-preview:-1\" \/>\n<link rel=\"canonical\" href=\"https:\/\/tourtravelandmore.com\/fr\/tours\/qatar-fr\/doha-fr\/visite-privee-des-chevaux-arabes\/\" \/>\n<meta property=\"og:locale\" content=\"fr_FR\" \/>\n<meta property=\"og:type\" content=\"article\" \/>\n<meta property=\"og:title\" content=\"Visite priv\u00e9e des chevaux arabes\" \/>\n<meta property=\"og:description\" content=\"Visite priv\u00e9e des chevaux arabes pour d\u00e9couvrir les fantastiques chevaux de Doha, l&#039;une des races les plus embl\u00e9matiques du monde entier. Profitez d&#039;un spectacle \u00e9questre en direct!\" \/>\n<meta property=\"og:url\" content=\"https:\/\/tourtravelandmore.com\/fr\/tours\/qatar-fr\/doha-fr\/visite-privee-des-chevaux-arabes\/\" \/>\n<meta property=\"og:site_name\" content=\"Tour Travel And More\" \/>\n<meta property=\"article:publisher\" content=\"https:\/\/www.facebook.com\/tourtravelandmore\/\" \/>\n<meta property=\"article:modified_time\" content=\"2021-03-25T11:01:19+00:00\" \/>\n<meta property=\"og:image\" content=\"https:\/\/tourtravelandmore.com\/wp-content\/uploads\/2019\/12\/Doha25-937x1024.jpg\" \/>\n\t<meta property=\"og:image:width\" content=\"937\" \/>\n\t<meta property=\"og:image:height\" content=\"1024\" \/>\n\t<meta property=\"og:image:type\" content=\"image\/jpeg\" \/>\n<meta name=\"twitter:card\" content=\"summary_large_image\" \/>\n<meta name=\"twitter:site\" content=\"@TourTravel_More\" \/>\n<meta name=\"twitter:label1\" content=\"Dur\u00e9e de lecture estim\u00e9e\" \/>\n\t<meta name=\"twitter:data1\" content=\"2 minutes\" \/>\n<script type=\"application\/ld+json\" class=\"yoast-schema-graph\">{\"@context\":\"https:\/\/schema.org\",\"@graph\":[{\"@type\":\"WebPage\",\"@id\":\"https:\/\/tourtravelandmore.com\/fr\/tours\/qatar-fr\/doha-fr\/visite-privee-des-chevaux-arabes\/\",\"url\":\"https:\/\/tourtravelandmore.com\/fr\/tours\/qatar-fr\/doha-fr\/visite-privee-des-chevaux-arabes\/\",\"name\":\"Visite priv\u00e9e des chevaux arabes au d\u00e9part de Doha - Visite priv\u00e9e des chevaux arabes\",\"isPartOf\":{\"@id\":\"https:\/\/tourtravelandmore.com\/fr\/#website\"},\"primaryImageOfPage\":{\"@id\":\"https:\/\/tourtravelandmore.com\/fr\/tours\/qatar-fr\/doha-fr\/visite-privee-des-chevaux-arabes\/#primaryimage\"},\"image\":{\"@id\":\"https:\/\/tourtravelandmore.com\/fr\/tours\/qatar-fr\/doha-fr\/visite-privee-des-chevaux-arabes\/#primaryimage\"},\"thumbnailUrl\":\"https:\/\/tourtravelandmore.com\/wp-content\/uploads\/2019\/12\/Doha25.jpg\",\"datePublished\":\"2019-12-19T11:35:31+00:00\",\"dateModified\":\"2021-03-25T11:01:19+00:00\",\"description\":\"Visite priv\u00e9e des chevaux arabes pour d\u00e9couvrir les fantastiques chevaux de Doha, l'une des races les plus embl\u00e9matiques du monde entier. Profitez d'un spectacle \u00e9questre en direct!\",\"breadcrumb\":{\"@id\":\"https:\/\/tourtravelandmore.com\/fr\/tours\/qatar-fr\/doha-fr\/visite-privee-des-chevaux-arabes\/#breadcrumb\"},\"inLanguage\":\"fr-FR\",\"potentialAction\":[{\"@type\":\"ReadAction\",\"target\":[\"https:\/\/tourtravelandmore.com\/fr\/tours\/qatar-fr\/doha-fr\/visite-privee-des-chevaux-arabes\/\"]}]},{\"@type\":\"ImageObject\",\"inLanguage\":\"fr-FR\",\"@id\":\"https:\/\/tourtravelandmore.com\/fr\/tours\/qatar-fr\/doha-fr\/visite-privee-des-chevaux-arabes\/#primaryimage\",\"url\":\"https:\/\/tourtravelandmore.com\/wp-content\/uploads\/2019\/12\/Doha25.jpg\",\"contentUrl\":\"https:\/\/tourtravelandmore.com\/wp-content\/uploads\/2019\/12\/Doha25.jpg\",\"width\":1500,\"height\":1640},{\"@type\":\"BreadcrumbList\",\"@id\":\"https:\/\/tourtravelandmore.com\/fr\/tours\/qatar-fr\/doha-fr\/visite-privee-des-chevaux-arabes\/#breadcrumb\",\"itemListElement\":[{\"@type\":\"ListItem\",\"position\":1,\"name\":\"Home\",\"item\":\"https:\/\/tourtravelandmore.com\/fr\/\"},{\"@type\":\"ListItem\",\"position\":2,\"name\":\"Tours\",\"item\":\"https:\/\/tourtravelandmore.com\/fr\/tours\/\"},{\"@type\":\"ListItem\",\"position\":3,\"name\":\"Visite priv\u00e9e des chevaux arabes\"}]},{\"@type\":\"WebSite\",\"@id\":\"https:\/\/tourtravelandmore.com\/fr\/#website\",\"url\":\"https:\/\/tourtravelandmore.com\/fr\/\",\"name\":\"Tour Travel And More\",\"description\":\"Private sightseeing tours and luxury transfers in Spain\",\"publisher\":{\"@id\":\"https:\/\/tourtravelandmore.com\/fr\/#organization\"},\"potentialAction\":[{\"@type\":\"SearchAction\",\"target\":{\"@type\":\"EntryPoint\",\"urlTemplate\":\"https:\/\/tourtravelandmore.com\/fr\/?s={search_term_string}\"},\"query-input\":{\"@type\":\"PropertyValueSpecification\",\"valueRequired\":true,\"valueName\":\"search_term_string\"}}],\"inLanguage\":\"fr-FR\"},{\"@type\":\"Organization\",\"@id\":\"https:\/\/tourtravelandmore.com\/fr\/#organization\",\"name\":\"Tour Travel And More\",\"url\":\"https:\/\/tourtravelandmore.com\/fr\/\",\"logo\":{\"@type\":\"ImageObject\",\"inLanguage\":\"fr-FR\",\"@id\":\"https:\/\/tourtravelandmore.com\/fr\/#\/schema\/logo\/image\/\",\"url\":\"https:\/\/tourtravelandmore.com\/wp-content\/uploads\/2022\/12\/cropped-logo-cabecera-new.png\",\"contentUrl\":\"https:\/\/tourtravelandmore.com\/wp-content\/uploads\/2022\/12\/cropped-logo-cabecera-new.png\",\"width\":430,\"height\":61,\"caption\":\"Tour Travel And More\"},\"image\":{\"@id\":\"https:\/\/tourtravelandmore.com\/fr\/#\/schema\/logo\/image\/\"},\"sameAs\":[\"https:\/\/www.facebook.com\/tourtravelandmore\/\",\"https:\/\/x.com\/TourTravel_More\"]}]}<\/script>\n<!-- \/ Yoast SEO Premium plugin. -->","yoast_head_json":{"title":"Visite priv\u00e9e des chevaux arabes au d\u00e9part de Doha - Visite priv\u00e9e des chevaux arabes","description":"Visite priv\u00e9e des chevaux arabes pour d\u00e9couvrir les fantastiques chevaux de Doha, l'une des races les plus embl\u00e9matiques du monde entier. Profitez d'un spectacle \u00e9questre en direct!","robots":{"index":"index","follow":"follow","max-snippet":"max-snippet:-1","max-image-preview":"max-image-preview:large","max-video-preview":"max-video-preview:-1"},"canonical":"https:\/\/tourtravelandmore.com\/fr\/tours\/qatar-fr\/doha-fr\/visite-privee-des-chevaux-arabes\/","og_locale":"fr_FR","og_type":"article","og_title":"Visite priv\u00e9e des chevaux arabes","og_description":"Visite priv\u00e9e des chevaux arabes pour d\u00e9couvrir les fantastiques chevaux de Doha, l'une des races les plus embl\u00e9matiques du monde entier. Profitez d'un spectacle \u00e9questre en direct!","og_url":"https:\/\/tourtravelandmore.com\/fr\/tours\/qatar-fr\/doha-fr\/visite-privee-des-chevaux-arabes\/","og_site_name":"Tour Travel And More","article_publisher":"https:\/\/www.facebook.com\/tourtravelandmore\/","article_modified_time":"2021-03-25T11:01:19+00:00","og_image":[{"width":937,"height":1024,"url":"https:\/\/tourtravelandmore.com\/wp-content\/uploads\/2019\/12\/Doha25-937x1024.jpg","type":"image\/jpeg"}],"twitter_card":"summary_large_image","twitter_site":"@TourTravel_More","twitter_misc":{"Dur\u00e9e de lecture estim\u00e9e":"2 minutes"},"schema":{"@context":"https:\/\/schema.org","@graph":[{"@type":"WebPage","@id":"https:\/\/tourtravelandmore.com\/fr\/tours\/qatar-fr\/doha-fr\/visite-privee-des-chevaux-arabes\/","url":"https:\/\/tourtravelandmore.com\/fr\/tours\/qatar-fr\/doha-fr\/visite-privee-des-chevaux-arabes\/","name":"Visite priv\u00e9e des chevaux arabes au d\u00e9part de Doha - Visite priv\u00e9e des chevaux arabes","isPartOf":{"@id":"https:\/\/tourtravelandmore.com\/fr\/#website"},"primaryImageOfPage":{"@id":"https:\/\/tourtravelandmore.com\/fr\/tours\/qatar-fr\/doha-fr\/visite-privee-des-chevaux-arabes\/#primaryimage"},"image":{"@id":"https:\/\/tourtravelandmore.com\/fr\/tours\/qatar-fr\/doha-fr\/visite-privee-des-chevaux-arabes\/#primaryimage"},"thumbnailUrl":"https:\/\/tourtravelandmore.com\/wp-content\/uploads\/2019\/12\/Doha25.jpg","datePublished":"2019-12-19T11:35:31+00:00","dateModified":"2021-03-25T11:01:19+00:00","description":"Visite priv\u00e9e des chevaux arabes pour d\u00e9couvrir les fantastiques chevaux de Doha, l'une des races les plus embl\u00e9matiques du monde entier. Profitez d'un spectacle \u00e9questre en direct!","breadcrumb":{"@id":"https:\/\/tourtravelandmore.com\/fr\/tours\/qatar-fr\/doha-fr\/visite-privee-des-chevaux-arabes\/#breadcrumb"},"inLanguage":"fr-FR","potentialAction":[{"@type":"ReadAction","target":["https:\/\/tourtravelandmore.com\/fr\/tours\/qatar-fr\/doha-fr\/visite-privee-des-chevaux-arabes\/"]}]},{"@type":"ImageObject","inLanguage":"fr-FR","@id":"https:\/\/tourtravelandmore.com\/fr\/tours\/qatar-fr\/doha-fr\/visite-privee-des-chevaux-arabes\/#primaryimage","url":"https:\/\/tourtravelandmore.com\/wp-content\/uploads\/2019\/12\/Doha25.jpg","contentUrl":"https:\/\/tourtravelandmore.com\/wp-content\/uploads\/2019\/12\/Doha25.jpg","width":1500,"height":1640},{"@type":"BreadcrumbList","@id":"https:\/\/tourtravelandmore.com\/fr\/tours\/qatar-fr\/doha-fr\/visite-privee-des-chevaux-arabes\/#breadcrumb","itemListElement":[{"@type":"ListItem","position":1,"name":"Home","item":"https:\/\/tourtravelandmore.com\/fr\/"},{"@type":"ListItem","position":2,"name":"Tours","item":"https:\/\/tourtravelandmore.com\/fr\/tours\/"},{"@type":"ListItem","position":3,"name":"Visite priv\u00e9e des chevaux arabes"}]},{"@type":"WebSite","@id":"https:\/\/tourtravelandmore.com\/fr\/#website","url":"https:\/\/tourtravelandmore.com\/fr\/","name":"Tour Travel And More","description":"Private sightseeing tours and luxury transfers in Spain","publisher":{"@id":"https:\/\/tourtravelandmore.com\/fr\/#organization"},"potentialAction":[{"@type":"SearchAction","target":{"@type":"EntryPoint","urlTemplate":"https:\/\/tourtravelandmore.com\/fr\/?s={search_term_string}"},"query-input":{"@type":"PropertyValueSpecification","valueRequired":true,"valueName":"search_term_string"}}],"inLanguage":"fr-FR"},{"@type":"Organization","@id":"https:\/\/tourtravelandmore.com\/fr\/#organization","name":"Tour Travel And More","url":"https:\/\/tourtravelandmore.com\/fr\/","logo":{"@type":"ImageObject","inLanguage":"fr-FR","@id":"https:\/\/tourtravelandmore.com\/fr\/#\/schema\/logo\/image\/","url":"https:\/\/tourtravelandmore.com\/wp-content\/uploads\/2022\/12\/cropped-logo-cabecera-new.png","contentUrl":"https:\/\/tourtravelandmore.com\/wp-content\/uploads\/2022\/12\/cropped-logo-cabecera-new.png","width":430,"height":61,"caption":"Tour Travel And More"},"image":{"@id":"https:\/\/tourtravelandmore.com\/fr\/#\/schema\/logo\/image\/"},"sameAs":["https:\/\/www.facebook.com\/tourtravelandmore\/","https:\/\/x.com\/TourTravel_More"]}]}},"_links":{"self":[{"href":"https:\/\/tourtravelandmore.com\/fr\/wp-json\/wp\/v2\/product\/105473","targetHints":{"allow":["GET"]}}],"collection":[{"href":"https:\/\/tourtravelandmore.com\/fr\/wp-json\/wp\/v2\/product"}],"about":[{"href":"https:\/\/tourtravelandmore.com\/fr\/wp-json\/wp\/v2\/types\/product"}],"replies":[{"embeddable":true,"href":"https:\/\/tourtravelandmore.com\/fr\/wp-json\/wp\/v2\/comments?post=105473"}],"wp:featuredmedia":[{"embeddable":true,"href":"https:\/\/tourtravelandmore.com\/fr\/wp-json\/wp\/v2\/media\/96868"}],"wp:attachment":[{"href":"https:\/\/tourtravelandmore.com\/fr\/wp-json\/wp\/v2\/media?parent=105473"}],"wp:term":[{"taxonomy":"product_brand","embeddable":true,"href":"https:\/\/tourtravelandmore.com\/fr\/wp-json\/wp\/v2\/product_brand?post=105473"},{"taxonomy":"product_cat","embeddable":true,"href":"https:\/\/tourtravelandmore.com\/fr\/wp-json\/wp\/v2\/product_cat?post=105473"},{"taxonomy":"product_tag","embeddable":true,"href":"https:\/\/tourtravelandmore.com\/fr\/wp-json\/wp\/v2\/product_tag?post=105473"}],"curies":[{"name":"wp","href":"https:\/\/api.w.org\/{rel}","templated":true}]}}