{"id":105467,"date":"2019-12-19T11:32:55","date_gmt":"2019-12-19T10:32:55","guid":{"rendered":"https:\/\/tourtravelandmore.com\/tours\/non%20class\u00e9\/safari-prive-dans-le-desert-au-depart-de-doha\/"},"modified":"2021-03-25T12:00:21","modified_gmt":"2021-03-25T11:00:21","slug":"safari-prive-dans-le-desert-au-depart-de-doha","status":"publish","type":"product","link":"https:\/\/tourtravelandmore.com\/fr\/tours\/qatar-fr\/doha-fr\/safari-prive-dans-le-desert-au-depart-de-doha\/","title":{"rendered":"Safari priv\u00e9 dans le d\u00e9sert au d\u00e9part de Doha"},"content":{"rendered":"<h2>Description<\/h2>\n<p>Profitez autant que possible de votre s\u00e9jour \u00e0 Doha avec ce safari priv\u00e9 dans le d\u00e9sert de Doha. Vous d\u00e9couvrirez les paysages les plus embl\u00e9matiques et les plus beaux de ce merveilleux d\u00e9sert. Un votre v\u00e9hicule priv\u00e9, avec un chauffeur priv\u00e9 et un guide touristique. Il s&#8217;agit d&#8217;un safari priv\u00e9 dans le d\u00e9sert unique au d\u00e9part de Doha.<\/p>\n<p>Nous viendrons vous chercher, \u00e0 l&#8217;heure souhait\u00e9e, \u00e0 votre h\u00f4tel ou lieu de votre choix, et commencerons cette visite priv\u00e9e \u00e0 travers les plus beaux endroits de Doha. Nous nous dirigerons ensuite vers le d\u00e9sert Safari.<\/p>\n<p>L&#8217;\u00e9quipe de Tour Travel and More vous aidera \u00e0 organiser la meilleure visite possible, en adaptant le plus possible le temps \u00e0 vos propres int\u00e9r\u00eats et go\u00fbts.<\/p>\n<p>Apr\u00e8s la visite, nous organiserons un retour confortable \u00e0 votre h\u00f4tel ou lieu de votre choix \u00e0 Doha.<\/p>\n<h2>Sites d&#8217;int\u00e9r\u00eat et monuments<\/h2>\n<p>Profitez de la beaut\u00e9 de la plage de Sealine avec une visite en 4&#215;4. Entrez en contact avec la nature et d\u00e9tendez-vous avec la sensation du sable sur vos pieds; vous pouvez \u00e9galement vous arr\u00eater pour une photo avec des faucons ou monter \u00e0 dos de chameau (tous deux facultatifs)<br \/>\nVous ressentirez \u00e9galement l&#8217;adr\u00e9naline des dunes le long de la c\u00f4te de la mer d&#8217;Oman, un chauffeur professionnel montera et descendra les dunes tout en acc\u00e9l\u00e9rant et en ralentissant, en maintenant l&#8217;\u00e9quilibre du v\u00e9hicule.<\/p>\n<p>Apr\u00e8s avoir appr\u00e9ci\u00e9 cette visite, votre chauffeur priv\u00e9, accompagn\u00e9 de votre guide priv\u00e9, vous ram\u00e8nera \u00e0 votre h\u00f4tel ou lieu de votre choix \u00e0 Doha. N&#8217;oubliez pas que la visite est 100% adaptable \u00e0 vos propres int\u00e9r\u00eats et go\u00fbts. Il est \u00e9galement possible de faire une visite plus longue, n&#8217;h\u00e9sitez pas \u00e0 nous contacter si vous avez des doutes.<\/p>\n<p>Ne manquez pas nos autres visites priv\u00e9es \u00e0 Doha.<\/p>\n","protected":false},"excerpt":{"rendered":"<p>Profitez de vos journ\u00e9es \u00e0 Doha et profitez de cette visite priv\u00e9e du fantastique d\u00e9sert de Doha. Vous visiterez et verrez les paysages les plus beaux et les plus embl\u00e9matiques qu&#8217;offre cette ville fantastique.<\/p>\n","protected":false},"featured_media":96862,"comment_status":"open","ping_status":"closed","template":"","meta":{"_acf_changed":false},"product_brand":[],"product_cat":[3740,3824],"product_tag":[],"class_list":{"0":"post-105467","1":"product","2":"type-product","3":"status-publish","4":"has-post-thumbnail","6":"product_cat-qatar-fr","7":"product_cat-doha-fr","9":"first","10":"instock","11":"shipping-taxable","12":"purchasable","13":"product-type-simple"},"acf":[],"yoast_head":"<!-- This site is optimized with the Yoast SEO Premium plugin v25.3.1 (Yoast SEO v25.3.1) - https:\/\/yoast.com\/wordpress\/plugins\/seo\/ -->\n<title>Safari priv\u00e9 dans le d\u00e9sert au d\u00e9part de Doha - VISITE PRIV\u00c9E DE DOHA<\/title>\n<meta name=\"description\" content=\"Visite priv\u00e9e pour d\u00e9couvrir le d\u00e9sert de Doha, ses paysages les plus embl\u00e9matiques et les plus beaux, et ses plages reposantes. Safari priv\u00e9 dans le d\u00e9sert au d\u00e9part de Doha\" \/>\n<meta name=\"robots\" content=\"index, follow, max-snippet:-1, max-image-preview:large, max-video-preview:-1\" \/>\n<link rel=\"canonical\" href=\"https:\/\/tourtravelandmore.com\/fr\/tours\/qatar-fr\/doha-fr\/safari-prive-dans-le-desert-au-depart-de-doha\/\" \/>\n<meta property=\"og:locale\" content=\"fr_FR\" \/>\n<meta property=\"og:type\" content=\"article\" \/>\n<meta property=\"og:title\" content=\"Safari priv\u00e9 dans le d\u00e9sert au d\u00e9part de Doha\" \/>\n<meta property=\"og:description\" content=\"Visite priv\u00e9e pour d\u00e9couvrir le d\u00e9sert de Doha, ses paysages les plus embl\u00e9matiques et les plus beaux, et ses plages reposantes. Safari priv\u00e9 dans le d\u00e9sert au d\u00e9part de Doha\" \/>\n<meta property=\"og:url\" content=\"https:\/\/tourtravelandmore.com\/fr\/tours\/qatar-fr\/doha-fr\/safari-prive-dans-le-desert-au-depart-de-doha\/\" \/>\n<meta property=\"og:site_name\" content=\"Tour Travel And More\" \/>\n<meta property=\"article:publisher\" content=\"https:\/\/www.facebook.com\/tourtravelandmore\/\" \/>\n<meta property=\"article:modified_time\" content=\"2021-03-25T11:00:21+00:00\" \/>\n<meta property=\"og:image\" content=\"https:\/\/tourtravelandmore.com\/wp-content\/uploads\/2019\/12\/Doha20.jpg\" \/>\n\t<meta property=\"og:image:width\" content=\"1280\" \/>\n\t<meta property=\"og:image:height\" content=\"853\" \/>\n\t<meta property=\"og:image:type\" content=\"image\/jpeg\" \/>\n<meta name=\"twitter:card\" content=\"summary_large_image\" \/>\n<meta name=\"twitter:site\" content=\"@TourTravel_More\" \/>\n<meta name=\"twitter:label1\" content=\"Dur\u00e9e de lecture estim\u00e9e\" \/>\n\t<meta name=\"twitter:data1\" content=\"2 minutes\" \/>\n<script type=\"application\/ld+json\" class=\"yoast-schema-graph\">{\"@context\":\"https:\/\/schema.org\",\"@graph\":[{\"@type\":\"WebPage\",\"@id\":\"https:\/\/tourtravelandmore.com\/fr\/tours\/qatar-fr\/doha-fr\/safari-prive-dans-le-desert-au-depart-de-doha\/\",\"url\":\"https:\/\/tourtravelandmore.com\/fr\/tours\/qatar-fr\/doha-fr\/safari-prive-dans-le-desert-au-depart-de-doha\/\",\"name\":\"Safari priv\u00e9 dans le d\u00e9sert au d\u00e9part de Doha - VISITE PRIV\u00c9E DE DOHA\",\"isPartOf\":{\"@id\":\"https:\/\/tourtravelandmore.com\/fr\/#website\"},\"primaryImageOfPage\":{\"@id\":\"https:\/\/tourtravelandmore.com\/fr\/tours\/qatar-fr\/doha-fr\/safari-prive-dans-le-desert-au-depart-de-doha\/#primaryimage\"},\"image\":{\"@id\":\"https:\/\/tourtravelandmore.com\/fr\/tours\/qatar-fr\/doha-fr\/safari-prive-dans-le-desert-au-depart-de-doha\/#primaryimage\"},\"thumbnailUrl\":\"https:\/\/tourtravelandmore.com\/wp-content\/uploads\/2019\/12\/Doha20.jpg\",\"datePublished\":\"2019-12-19T10:32:55+00:00\",\"dateModified\":\"2021-03-25T11:00:21+00:00\",\"description\":\"Visite priv\u00e9e pour d\u00e9couvrir le d\u00e9sert de Doha, ses paysages les plus embl\u00e9matiques et les plus beaux, et ses plages reposantes. Safari priv\u00e9 dans le d\u00e9sert au d\u00e9part de Doha\",\"breadcrumb\":{\"@id\":\"https:\/\/tourtravelandmore.com\/fr\/tours\/qatar-fr\/doha-fr\/safari-prive-dans-le-desert-au-depart-de-doha\/#breadcrumb\"},\"inLanguage\":\"fr-FR\",\"potentialAction\":[{\"@type\":\"ReadAction\",\"target\":[\"https:\/\/tourtravelandmore.com\/fr\/tours\/qatar-fr\/doha-fr\/safari-prive-dans-le-desert-au-depart-de-doha\/\"]}]},{\"@type\":\"ImageObject\",\"inLanguage\":\"fr-FR\",\"@id\":\"https:\/\/tourtravelandmore.com\/fr\/tours\/qatar-fr\/doha-fr\/safari-prive-dans-le-desert-au-depart-de-doha\/#primaryimage\",\"url\":\"https:\/\/tourtravelandmore.com\/wp-content\/uploads\/2019\/12\/Doha20.jpg\",\"contentUrl\":\"https:\/\/tourtravelandmore.com\/wp-content\/uploads\/2019\/12\/Doha20.jpg\",\"width\":1280,\"height\":853},{\"@type\":\"BreadcrumbList\",\"@id\":\"https:\/\/tourtravelandmore.com\/fr\/tours\/qatar-fr\/doha-fr\/safari-prive-dans-le-desert-au-depart-de-doha\/#breadcrumb\",\"itemListElement\":[{\"@type\":\"ListItem\",\"position\":1,\"name\":\"Home\",\"item\":\"https:\/\/tourtravelandmore.com\/fr\/\"},{\"@type\":\"ListItem\",\"position\":2,\"name\":\"Tours\",\"item\":\"https:\/\/tourtravelandmore.com\/fr\/tours\/\"},{\"@type\":\"ListItem\",\"position\":3,\"name\":\"Safari priv\u00e9 dans le d\u00e9sert au d\u00e9part de Doha\"}]},{\"@type\":\"WebSite\",\"@id\":\"https:\/\/tourtravelandmore.com\/fr\/#website\",\"url\":\"https:\/\/tourtravelandmore.com\/fr\/\",\"name\":\"Tour Travel And More\",\"description\":\"Private sightseeing tours and luxury transfers in Spain\",\"publisher\":{\"@id\":\"https:\/\/tourtravelandmore.com\/fr\/#organization\"},\"potentialAction\":[{\"@type\":\"SearchAction\",\"target\":{\"@type\":\"EntryPoint\",\"urlTemplate\":\"https:\/\/tourtravelandmore.com\/fr\/?s={search_term_string}\"},\"query-input\":{\"@type\":\"PropertyValueSpecification\",\"valueRequired\":true,\"valueName\":\"search_term_string\"}}],\"inLanguage\":\"fr-FR\"},{\"@type\":\"Organization\",\"@id\":\"https:\/\/tourtravelandmore.com\/fr\/#organization\",\"name\":\"Tour Travel And More\",\"url\":\"https:\/\/tourtravelandmore.com\/fr\/\",\"logo\":{\"@type\":\"ImageObject\",\"inLanguage\":\"fr-FR\",\"@id\":\"https:\/\/tourtravelandmore.com\/fr\/#\/schema\/logo\/image\/\",\"url\":\"https:\/\/tourtravelandmore.com\/wp-content\/uploads\/2022\/12\/cropped-logo-cabecera-new.png\",\"contentUrl\":\"https:\/\/tourtravelandmore.com\/wp-content\/uploads\/2022\/12\/cropped-logo-cabecera-new.png\",\"width\":430,\"height\":61,\"caption\":\"Tour Travel And More\"},\"image\":{\"@id\":\"https:\/\/tourtravelandmore.com\/fr\/#\/schema\/logo\/image\/\"},\"sameAs\":[\"https:\/\/www.facebook.com\/tourtravelandmore\/\",\"https:\/\/x.com\/TourTravel_More\"]}]}<\/script>\n<!-- \/ Yoast SEO Premium plugin. -->","yoast_head_json":{"title":"Safari priv\u00e9 dans le d\u00e9sert au d\u00e9part de Doha - VISITE PRIV\u00c9E DE DOHA","description":"Visite priv\u00e9e pour d\u00e9couvrir le d\u00e9sert de Doha, ses paysages les plus embl\u00e9matiques et les plus beaux, et ses plages reposantes. Safari priv\u00e9 dans le d\u00e9sert au d\u00e9part de Doha","robots":{"index":"index","follow":"follow","max-snippet":"max-snippet:-1","max-image-preview":"max-image-preview:large","max-video-preview":"max-video-preview:-1"},"canonical":"https:\/\/tourtravelandmore.com\/fr\/tours\/qatar-fr\/doha-fr\/safari-prive-dans-le-desert-au-depart-de-doha\/","og_locale":"fr_FR","og_type":"article","og_title":"Safari priv\u00e9 dans le d\u00e9sert au d\u00e9part de Doha","og_description":"Visite priv\u00e9e pour d\u00e9couvrir le d\u00e9sert de Doha, ses paysages les plus embl\u00e9matiques et les plus beaux, et ses plages reposantes. Safari priv\u00e9 dans le d\u00e9sert au d\u00e9part de Doha","og_url":"https:\/\/tourtravelandmore.com\/fr\/tours\/qatar-fr\/doha-fr\/safari-prive-dans-le-desert-au-depart-de-doha\/","og_site_name":"Tour Travel And More","article_publisher":"https:\/\/www.facebook.com\/tourtravelandmore\/","article_modified_time":"2021-03-25T11:00:21+00:00","og_image":[{"width":1280,"height":853,"url":"https:\/\/tourtravelandmore.com\/wp-content\/uploads\/2019\/12\/Doha20.jpg","type":"image\/jpeg"}],"twitter_card":"summary_large_image","twitter_site":"@TourTravel_More","twitter_misc":{"Dur\u00e9e de lecture estim\u00e9e":"2 minutes"},"schema":{"@context":"https:\/\/schema.org","@graph":[{"@type":"WebPage","@id":"https:\/\/tourtravelandmore.com\/fr\/tours\/qatar-fr\/doha-fr\/safari-prive-dans-le-desert-au-depart-de-doha\/","url":"https:\/\/tourtravelandmore.com\/fr\/tours\/qatar-fr\/doha-fr\/safari-prive-dans-le-desert-au-depart-de-doha\/","name":"Safari priv\u00e9 dans le d\u00e9sert au d\u00e9part de Doha - VISITE PRIV\u00c9E DE DOHA","isPartOf":{"@id":"https:\/\/tourtravelandmore.com\/fr\/#website"},"primaryImageOfPage":{"@id":"https:\/\/tourtravelandmore.com\/fr\/tours\/qatar-fr\/doha-fr\/safari-prive-dans-le-desert-au-depart-de-doha\/#primaryimage"},"image":{"@id":"https:\/\/tourtravelandmore.com\/fr\/tours\/qatar-fr\/doha-fr\/safari-prive-dans-le-desert-au-depart-de-doha\/#primaryimage"},"thumbnailUrl":"https:\/\/tourtravelandmore.com\/wp-content\/uploads\/2019\/12\/Doha20.jpg","datePublished":"2019-12-19T10:32:55+00:00","dateModified":"2021-03-25T11:00:21+00:00","description":"Visite priv\u00e9e pour d\u00e9couvrir le d\u00e9sert de Doha, ses paysages les plus embl\u00e9matiques et les plus beaux, et ses plages reposantes. Safari priv\u00e9 dans le d\u00e9sert au d\u00e9part de Doha","breadcrumb":{"@id":"https:\/\/tourtravelandmore.com\/fr\/tours\/qatar-fr\/doha-fr\/safari-prive-dans-le-desert-au-depart-de-doha\/#breadcrumb"},"inLanguage":"fr-FR","potentialAction":[{"@type":"ReadAction","target":["https:\/\/tourtravelandmore.com\/fr\/tours\/qatar-fr\/doha-fr\/safari-prive-dans-le-desert-au-depart-de-doha\/"]}]},{"@type":"ImageObject","inLanguage":"fr-FR","@id":"https:\/\/tourtravelandmore.com\/fr\/tours\/qatar-fr\/doha-fr\/safari-prive-dans-le-desert-au-depart-de-doha\/#primaryimage","url":"https:\/\/tourtravelandmore.com\/wp-content\/uploads\/2019\/12\/Doha20.jpg","contentUrl":"https:\/\/tourtravelandmore.com\/wp-content\/uploads\/2019\/12\/Doha20.jpg","width":1280,"height":853},{"@type":"BreadcrumbList","@id":"https:\/\/tourtravelandmore.com\/fr\/tours\/qatar-fr\/doha-fr\/safari-prive-dans-le-desert-au-depart-de-doha\/#breadcrumb","itemListElement":[{"@type":"ListItem","position":1,"name":"Home","item":"https:\/\/tourtravelandmore.com\/fr\/"},{"@type":"ListItem","position":2,"name":"Tours","item":"https:\/\/tourtravelandmore.com\/fr\/tours\/"},{"@type":"ListItem","position":3,"name":"Safari priv\u00e9 dans le d\u00e9sert au d\u00e9part de Doha"}]},{"@type":"WebSite","@id":"https:\/\/tourtravelandmore.com\/fr\/#website","url":"https:\/\/tourtravelandmore.com\/fr\/","name":"Tour Travel And More","description":"Private sightseeing tours and luxury transfers in Spain","publisher":{"@id":"https:\/\/tourtravelandmore.com\/fr\/#organization"},"potentialAction":[{"@type":"SearchAction","target":{"@type":"EntryPoint","urlTemplate":"https:\/\/tourtravelandmore.com\/fr\/?s={search_term_string}"},"query-input":{"@type":"PropertyValueSpecification","valueRequired":true,"valueName":"search_term_string"}}],"inLanguage":"fr-FR"},{"@type":"Organization","@id":"https:\/\/tourtravelandmore.com\/fr\/#organization","name":"Tour Travel And More","url":"https:\/\/tourtravelandmore.com\/fr\/","logo":{"@type":"ImageObject","inLanguage":"fr-FR","@id":"https:\/\/tourtravelandmore.com\/fr\/#\/schema\/logo\/image\/","url":"https:\/\/tourtravelandmore.com\/wp-content\/uploads\/2022\/12\/cropped-logo-cabecera-new.png","contentUrl":"https:\/\/tourtravelandmore.com\/wp-content\/uploads\/2022\/12\/cropped-logo-cabecera-new.png","width":430,"height":61,"caption":"Tour Travel And More"},"image":{"@id":"https:\/\/tourtravelandmore.com\/fr\/#\/schema\/logo\/image\/"},"sameAs":["https:\/\/www.facebook.com\/tourtravelandmore\/","https:\/\/x.com\/TourTravel_More"]}]}},"_links":{"self":[{"href":"https:\/\/tourtravelandmore.com\/fr\/wp-json\/wp\/v2\/product\/105467","targetHints":{"allow":["GET"]}}],"collection":[{"href":"https:\/\/tourtravelandmore.com\/fr\/wp-json\/wp\/v2\/product"}],"about":[{"href":"https:\/\/tourtravelandmore.com\/fr\/wp-json\/wp\/v2\/types\/product"}],"replies":[{"embeddable":true,"href":"https:\/\/tourtravelandmore.com\/fr\/wp-json\/wp\/v2\/comments?post=105467"}],"wp:featuredmedia":[{"embeddable":true,"href":"https:\/\/tourtravelandmore.com\/fr\/wp-json\/wp\/v2\/media\/96862"}],"wp:attachment":[{"href":"https:\/\/tourtravelandmore.com\/fr\/wp-json\/wp\/v2\/media?parent=105467"}],"wp:term":[{"taxonomy":"product_brand","embeddable":true,"href":"https:\/\/tourtravelandmore.com\/fr\/wp-json\/wp\/v2\/product_brand?post=105467"},{"taxonomy":"product_cat","embeddable":true,"href":"https:\/\/tourtravelandmore.com\/fr\/wp-json\/wp\/v2\/product_cat?post=105467"},{"taxonomy":"product_tag","embeddable":true,"href":"https:\/\/tourtravelandmore.com\/fr\/wp-json\/wp\/v2\/product_tag?post=105467"}],"curies":[{"name":"wp","href":"https:\/\/api.w.org\/{rel}","templated":true}]}}