{"id":105452,"date":"2019-12-17T12:40:38","date_gmt":"2019-12-17T11:40:38","guid":{"rendered":"https:\/\/tourtravelandmore.com\/tours\/non%20class\u00e9\/visite-privee-de-la-mosquee-de-doha\/"},"modified":"2021-03-25T11:45:14","modified_gmt":"2021-03-25T10:45:14","slug":"visite-privee-de-la-mosquee-de-doha","status":"publish","type":"product","link":"https:\/\/tourtravelandmore.com\/fr\/tours\/qatar-fr\/doha-fr\/visite-privee-de-la-mosquee-de-doha\/","title":{"rendered":"Visite priv\u00e9e de la mosqu\u00e9e de Doha"},"content":{"rendered":"<h2>Description<\/h2>\n<p>Profitez autant que possible de votre s\u00e9jour \u00e0 Doha pour explorer les spectaculaires mosqu\u00e9es qu&#8217;offre le Qatar. Profitez de notre visite priv\u00e9e de la mosqu\u00e9e de Doha.<\/p>\n<p>Nous viendrons vous chercher, \u00e0 l&#8217;heure souhait\u00e9e, \u00e0 votre h\u00f4tel \u00e0 Doha. Toujours dans un v\u00e9hicule de luxe priv\u00e9, avec un chauffeur priv\u00e9 et un guide touristique. Nous commencerons ensuite cette visite priv\u00e9e \u00e0 travers les plus belles mosqu\u00e9es de Doha.<\/p>\n<p>Nous organiserons ensuite une visite priv\u00e9e pour conna\u00eetre les meilleures mosqu\u00e9es. Notre visite priv\u00e9e de la mosqu\u00e9e de Doha est parfaite pour vous!<\/p>\n<h2>Sites d&#8217;int\u00e9r\u00eat et monuments<\/h2>\n<p><strong>La grande mosqu\u00e9e d&#8217;\u00c9tat<\/strong><br \/>\nSitu\u00e9e dans le quartier Jubailat de Doha, cette mosqu\u00e9e est l&#8217;une des plus grandes du Qatar. Construite dans la premi\u00e8re moiti\u00e9 du XXe si\u00e8cle, la mosqu\u00e9e peut accueillir plus de 30 000 fid\u00e8les pour les pri\u00e8res. Son architecture est la combinaison parfaite de l&#8217;architecture traditionnelle arabe et moderne, avec 28 d\u00f4mes dans le hall central et 65 d\u00f4mes dans le quadrilat\u00e8re ext\u00e9rieur, il atteint un total de 93 d\u00f4mes qui rendent cette mosqu\u00e9e unique.<\/p>\n<p><strong>Mosqu\u00e9e Katara<\/strong><br \/>\nCon\u00e7ue par le designer de mosqu\u00e9es turques de renomm\u00e9e mondiale, Zainab Fadil Oglu et inspir\u00e9e par plusieurs mosqu\u00e9es c\u00e9l\u00e8bres autour des villes et capitales du monde musulman, la mosqu\u00e9e Katara trouve sa singularit\u00e9 dans sa couleur, son design et ses carreaux \u00e0 motifs.<\/p>\n<p><strong>Mosqu\u00e9e de la ville de l&#8217;\u00e9ducation<\/strong><\/p>\n<p>Avec sa grande forme asym\u00e9trique et sa disposition en spirale, cette mosqu\u00e9e repose sur cinq colonnes imposantes repr\u00e9sentant les cinq piliers de l&#8217;islam. Avec une capacit\u00e9 de 1 800 fid\u00e8les, il est rapidement devenu le nouveau point culminant de la remarquable ligne d&#8217;horizon de Doha.<\/p>\n<p>Cette visite priv\u00e9e se terminera \u00e0 votre h\u00f4tel ou lieu de votre choix \u00e0 Doha.<\/p>\n<p>Ne manquez pas toutes les visites et exp\u00e9riences priv\u00e9es que nous pouvons organiser pour vous. V\u00e9rifiez-les tous ici! Notre \u00e9quipe de Tour Travel &amp; More peut organiser tout type d&#8217;exp\u00e9rience priv\u00e9e pour vous! Contactez-nous!<\/p>\n","protected":false},"excerpt":{"rendered":"<p>Doha est une ville qui allie une atmosph\u00e8re moderne et ostentatoire \u00e0 la plus stricte tradition. Au cours de cette visite priv\u00e9e de la mosqu\u00e9e, vous visiterez et verrez les lieux culturels et religieux les plus beaux et les plus embl\u00e9matiques de cette ville fantastique.<\/p>\n<p>&nbsp;<\/p>\n","protected":false},"featured_media":96858,"comment_status":"open","ping_status":"closed","template":"","meta":{"_acf_changed":false},"product_brand":[],"product_cat":[3740,3824],"product_tag":[],"class_list":{"0":"post-105452","1":"product","2":"type-product","3":"status-publish","4":"has-post-thumbnail","6":"product_cat-qatar-fr","7":"product_cat-doha-fr","9":"first","10":"instock","11":"shipping-taxable","12":"purchasable","13":"product-type-simple"},"acf":[],"yoast_head":"<!-- This site is optimized with the Yoast SEO Premium plugin v25.3.1 (Yoast SEO v25.3.1) - https:\/\/yoast.com\/wordpress\/plugins\/seo\/ -->\n<title>Visite priv\u00e9e de la mosqu\u00e9e de Doha - VISITE PRIV\u00c9E DE DOHA - Guide officiel<\/title>\n<meta name=\"description\" content=\"Visite priv\u00e9e pour d\u00e9couvrir les fantastiques mosqu\u00e9es de Doha: la grande mosqu\u00e9e d&#039;\u00c9tat, la mosqu\u00e9e Katara et la mosqu\u00e9e Education City. Visite priv\u00e9e de la mosqu\u00e9e de Doha\" \/>\n<meta name=\"robots\" content=\"index, follow, max-snippet:-1, max-image-preview:large, max-video-preview:-1\" \/>\n<link rel=\"canonical\" href=\"https:\/\/tourtravelandmore.com\/fr\/tours\/qatar-fr\/doha-fr\/visite-privee-de-la-mosquee-de-doha\/\" \/>\n<meta property=\"og:locale\" content=\"fr_FR\" \/>\n<meta property=\"og:type\" content=\"article\" \/>\n<meta property=\"og:title\" content=\"Visite priv\u00e9e de la mosqu\u00e9e de Doha\" \/>\n<meta property=\"og:description\" content=\"Visite priv\u00e9e pour d\u00e9couvrir les fantastiques mosqu\u00e9es de Doha: la grande mosqu\u00e9e d&#039;\u00c9tat, la mosqu\u00e9e Katara et la mosqu\u00e9e Education City. Visite priv\u00e9e de la mosqu\u00e9e de Doha\" \/>\n<meta property=\"og:url\" content=\"https:\/\/tourtravelandmore.com\/fr\/tours\/qatar-fr\/doha-fr\/visite-privee-de-la-mosquee-de-doha\/\" \/>\n<meta property=\"og:site_name\" content=\"Tour Travel And More\" \/>\n<meta property=\"article:publisher\" content=\"https:\/\/www.facebook.com\/tourtravelandmore\/\" \/>\n<meta property=\"article:modified_time\" content=\"2021-03-25T10:45:14+00:00\" \/>\n<meta property=\"og:image\" content=\"https:\/\/tourtravelandmore.com\/wp-content\/uploads\/2019\/12\/Doha18.jpg\" \/>\n\t<meta property=\"og:image:width\" content=\"2448\" \/>\n\t<meta property=\"og:image:height\" content=\"3264\" \/>\n\t<meta property=\"og:image:type\" content=\"image\/jpeg\" \/>\n<meta name=\"twitter:card\" content=\"summary_large_image\" \/>\n<meta name=\"twitter:site\" content=\"@TourTravel_More\" \/>\n<meta name=\"twitter:label1\" content=\"Dur\u00e9e de lecture estim\u00e9e\" \/>\n\t<meta name=\"twitter:data1\" content=\"2 minutes\" \/>\n<script type=\"application\/ld+json\" class=\"yoast-schema-graph\">{\"@context\":\"https:\/\/schema.org\",\"@graph\":[{\"@type\":\"WebPage\",\"@id\":\"https:\/\/tourtravelandmore.com\/fr\/tours\/qatar-fr\/doha-fr\/visite-privee-de-la-mosquee-de-doha\/\",\"url\":\"https:\/\/tourtravelandmore.com\/fr\/tours\/qatar-fr\/doha-fr\/visite-privee-de-la-mosquee-de-doha\/\",\"name\":\"Visite priv\u00e9e de la mosqu\u00e9e de Doha - VISITE PRIV\u00c9E DE DOHA - Guide officiel\",\"isPartOf\":{\"@id\":\"https:\/\/tourtravelandmore.com\/fr\/#website\"},\"primaryImageOfPage\":{\"@id\":\"https:\/\/tourtravelandmore.com\/fr\/tours\/qatar-fr\/doha-fr\/visite-privee-de-la-mosquee-de-doha\/#primaryimage\"},\"image\":{\"@id\":\"https:\/\/tourtravelandmore.com\/fr\/tours\/qatar-fr\/doha-fr\/visite-privee-de-la-mosquee-de-doha\/#primaryimage\"},\"thumbnailUrl\":\"https:\/\/tourtravelandmore.com\/wp-content\/uploads\/2019\/12\/Doha18.jpg\",\"datePublished\":\"2019-12-17T11:40:38+00:00\",\"dateModified\":\"2021-03-25T10:45:14+00:00\",\"description\":\"Visite priv\u00e9e pour d\u00e9couvrir les fantastiques mosqu\u00e9es de Doha: la grande mosqu\u00e9e d'\u00c9tat, la mosqu\u00e9e Katara et la mosqu\u00e9e Education City. Visite priv\u00e9e de la mosqu\u00e9e de Doha\",\"breadcrumb\":{\"@id\":\"https:\/\/tourtravelandmore.com\/fr\/tours\/qatar-fr\/doha-fr\/visite-privee-de-la-mosquee-de-doha\/#breadcrumb\"},\"inLanguage\":\"fr-FR\",\"potentialAction\":[{\"@type\":\"ReadAction\",\"target\":[\"https:\/\/tourtravelandmore.com\/fr\/tours\/qatar-fr\/doha-fr\/visite-privee-de-la-mosquee-de-doha\/\"]}]},{\"@type\":\"ImageObject\",\"inLanguage\":\"fr-FR\",\"@id\":\"https:\/\/tourtravelandmore.com\/fr\/tours\/qatar-fr\/doha-fr\/visite-privee-de-la-mosquee-de-doha\/#primaryimage\",\"url\":\"https:\/\/tourtravelandmore.com\/wp-content\/uploads\/2019\/12\/Doha18.jpg\",\"contentUrl\":\"https:\/\/tourtravelandmore.com\/wp-content\/uploads\/2019\/12\/Doha18.jpg\",\"width\":2448,\"height\":3264},{\"@type\":\"BreadcrumbList\",\"@id\":\"https:\/\/tourtravelandmore.com\/fr\/tours\/qatar-fr\/doha-fr\/visite-privee-de-la-mosquee-de-doha\/#breadcrumb\",\"itemListElement\":[{\"@type\":\"ListItem\",\"position\":1,\"name\":\"Home\",\"item\":\"https:\/\/tourtravelandmore.com\/fr\/\"},{\"@type\":\"ListItem\",\"position\":2,\"name\":\"Tours\",\"item\":\"https:\/\/tourtravelandmore.com\/fr\/tours\/\"},{\"@type\":\"ListItem\",\"position\":3,\"name\":\"Visite priv\u00e9e de la mosqu\u00e9e de Doha\"}]},{\"@type\":\"WebSite\",\"@id\":\"https:\/\/tourtravelandmore.com\/fr\/#website\",\"url\":\"https:\/\/tourtravelandmore.com\/fr\/\",\"name\":\"Tour Travel And More\",\"description\":\"Private sightseeing tours and luxury transfers in Spain\",\"publisher\":{\"@id\":\"https:\/\/tourtravelandmore.com\/fr\/#organization\"},\"potentialAction\":[{\"@type\":\"SearchAction\",\"target\":{\"@type\":\"EntryPoint\",\"urlTemplate\":\"https:\/\/tourtravelandmore.com\/fr\/?s={search_term_string}\"},\"query-input\":{\"@type\":\"PropertyValueSpecification\",\"valueRequired\":true,\"valueName\":\"search_term_string\"}}],\"inLanguage\":\"fr-FR\"},{\"@type\":\"Organization\",\"@id\":\"https:\/\/tourtravelandmore.com\/fr\/#organization\",\"name\":\"Tour Travel And More\",\"url\":\"https:\/\/tourtravelandmore.com\/fr\/\",\"logo\":{\"@type\":\"ImageObject\",\"inLanguage\":\"fr-FR\",\"@id\":\"https:\/\/tourtravelandmore.com\/fr\/#\/schema\/logo\/image\/\",\"url\":\"https:\/\/tourtravelandmore.com\/wp-content\/uploads\/2022\/12\/cropped-logo-cabecera-new.png\",\"contentUrl\":\"https:\/\/tourtravelandmore.com\/wp-content\/uploads\/2022\/12\/cropped-logo-cabecera-new.png\",\"width\":430,\"height\":61,\"caption\":\"Tour Travel And More\"},\"image\":{\"@id\":\"https:\/\/tourtravelandmore.com\/fr\/#\/schema\/logo\/image\/\"},\"sameAs\":[\"https:\/\/www.facebook.com\/tourtravelandmore\/\",\"https:\/\/x.com\/TourTravel_More\"]}]}<\/script>\n<!-- \/ Yoast SEO Premium plugin. -->","yoast_head_json":{"title":"Visite priv\u00e9e de la mosqu\u00e9e de Doha - VISITE PRIV\u00c9E DE DOHA - Guide officiel","description":"Visite priv\u00e9e pour d\u00e9couvrir les fantastiques mosqu\u00e9es de Doha: la grande mosqu\u00e9e d'\u00c9tat, la mosqu\u00e9e Katara et la mosqu\u00e9e Education City. Visite priv\u00e9e de la mosqu\u00e9e de Doha","robots":{"index":"index","follow":"follow","max-snippet":"max-snippet:-1","max-image-preview":"max-image-preview:large","max-video-preview":"max-video-preview:-1"},"canonical":"https:\/\/tourtravelandmore.com\/fr\/tours\/qatar-fr\/doha-fr\/visite-privee-de-la-mosquee-de-doha\/","og_locale":"fr_FR","og_type":"article","og_title":"Visite priv\u00e9e de la mosqu\u00e9e de Doha","og_description":"Visite priv\u00e9e pour d\u00e9couvrir les fantastiques mosqu\u00e9es de Doha: la grande mosqu\u00e9e d'\u00c9tat, la mosqu\u00e9e Katara et la mosqu\u00e9e Education City. Visite priv\u00e9e de la mosqu\u00e9e de Doha","og_url":"https:\/\/tourtravelandmore.com\/fr\/tours\/qatar-fr\/doha-fr\/visite-privee-de-la-mosquee-de-doha\/","og_site_name":"Tour Travel And More","article_publisher":"https:\/\/www.facebook.com\/tourtravelandmore\/","article_modified_time":"2021-03-25T10:45:14+00:00","og_image":[{"width":2448,"height":3264,"url":"https:\/\/tourtravelandmore.com\/wp-content\/uploads\/2019\/12\/Doha18.jpg","type":"image\/jpeg"}],"twitter_card":"summary_large_image","twitter_site":"@TourTravel_More","twitter_misc":{"Dur\u00e9e de lecture estim\u00e9e":"2 minutes"},"schema":{"@context":"https:\/\/schema.org","@graph":[{"@type":"WebPage","@id":"https:\/\/tourtravelandmore.com\/fr\/tours\/qatar-fr\/doha-fr\/visite-privee-de-la-mosquee-de-doha\/","url":"https:\/\/tourtravelandmore.com\/fr\/tours\/qatar-fr\/doha-fr\/visite-privee-de-la-mosquee-de-doha\/","name":"Visite priv\u00e9e de la mosqu\u00e9e de Doha - VISITE PRIV\u00c9E DE DOHA - Guide officiel","isPartOf":{"@id":"https:\/\/tourtravelandmore.com\/fr\/#website"},"primaryImageOfPage":{"@id":"https:\/\/tourtravelandmore.com\/fr\/tours\/qatar-fr\/doha-fr\/visite-privee-de-la-mosquee-de-doha\/#primaryimage"},"image":{"@id":"https:\/\/tourtravelandmore.com\/fr\/tours\/qatar-fr\/doha-fr\/visite-privee-de-la-mosquee-de-doha\/#primaryimage"},"thumbnailUrl":"https:\/\/tourtravelandmore.com\/wp-content\/uploads\/2019\/12\/Doha18.jpg","datePublished":"2019-12-17T11:40:38+00:00","dateModified":"2021-03-25T10:45:14+00:00","description":"Visite priv\u00e9e pour d\u00e9couvrir les fantastiques mosqu\u00e9es de Doha: la grande mosqu\u00e9e d'\u00c9tat, la mosqu\u00e9e Katara et la mosqu\u00e9e Education City. Visite priv\u00e9e de la mosqu\u00e9e de Doha","breadcrumb":{"@id":"https:\/\/tourtravelandmore.com\/fr\/tours\/qatar-fr\/doha-fr\/visite-privee-de-la-mosquee-de-doha\/#breadcrumb"},"inLanguage":"fr-FR","potentialAction":[{"@type":"ReadAction","target":["https:\/\/tourtravelandmore.com\/fr\/tours\/qatar-fr\/doha-fr\/visite-privee-de-la-mosquee-de-doha\/"]}]},{"@type":"ImageObject","inLanguage":"fr-FR","@id":"https:\/\/tourtravelandmore.com\/fr\/tours\/qatar-fr\/doha-fr\/visite-privee-de-la-mosquee-de-doha\/#primaryimage","url":"https:\/\/tourtravelandmore.com\/wp-content\/uploads\/2019\/12\/Doha18.jpg","contentUrl":"https:\/\/tourtravelandmore.com\/wp-content\/uploads\/2019\/12\/Doha18.jpg","width":2448,"height":3264},{"@type":"BreadcrumbList","@id":"https:\/\/tourtravelandmore.com\/fr\/tours\/qatar-fr\/doha-fr\/visite-privee-de-la-mosquee-de-doha\/#breadcrumb","itemListElement":[{"@type":"ListItem","position":1,"name":"Home","item":"https:\/\/tourtravelandmore.com\/fr\/"},{"@type":"ListItem","position":2,"name":"Tours","item":"https:\/\/tourtravelandmore.com\/fr\/tours\/"},{"@type":"ListItem","position":3,"name":"Visite priv\u00e9e de la mosqu\u00e9e de Doha"}]},{"@type":"WebSite","@id":"https:\/\/tourtravelandmore.com\/fr\/#website","url":"https:\/\/tourtravelandmore.com\/fr\/","name":"Tour Travel And More","description":"Private sightseeing tours and luxury transfers in Spain","publisher":{"@id":"https:\/\/tourtravelandmore.com\/fr\/#organization"},"potentialAction":[{"@type":"SearchAction","target":{"@type":"EntryPoint","urlTemplate":"https:\/\/tourtravelandmore.com\/fr\/?s={search_term_string}"},"query-input":{"@type":"PropertyValueSpecification","valueRequired":true,"valueName":"search_term_string"}}],"inLanguage":"fr-FR"},{"@type":"Organization","@id":"https:\/\/tourtravelandmore.com\/fr\/#organization","name":"Tour Travel And More","url":"https:\/\/tourtravelandmore.com\/fr\/","logo":{"@type":"ImageObject","inLanguage":"fr-FR","@id":"https:\/\/tourtravelandmore.com\/fr\/#\/schema\/logo\/image\/","url":"https:\/\/tourtravelandmore.com\/wp-content\/uploads\/2022\/12\/cropped-logo-cabecera-new.png","contentUrl":"https:\/\/tourtravelandmore.com\/wp-content\/uploads\/2022\/12\/cropped-logo-cabecera-new.png","width":430,"height":61,"caption":"Tour Travel And More"},"image":{"@id":"https:\/\/tourtravelandmore.com\/fr\/#\/schema\/logo\/image\/"},"sameAs":["https:\/\/www.facebook.com\/tourtravelandmore\/","https:\/\/x.com\/TourTravel_More"]}]}},"_links":{"self":[{"href":"https:\/\/tourtravelandmore.com\/fr\/wp-json\/wp\/v2\/product\/105452","targetHints":{"allow":["GET"]}}],"collection":[{"href":"https:\/\/tourtravelandmore.com\/fr\/wp-json\/wp\/v2\/product"}],"about":[{"href":"https:\/\/tourtravelandmore.com\/fr\/wp-json\/wp\/v2\/types\/product"}],"replies":[{"embeddable":true,"href":"https:\/\/tourtravelandmore.com\/fr\/wp-json\/wp\/v2\/comments?post=105452"}],"wp:featuredmedia":[{"embeddable":true,"href":"https:\/\/tourtravelandmore.com\/fr\/wp-json\/wp\/v2\/media\/96858"}],"wp:attachment":[{"href":"https:\/\/tourtravelandmore.com\/fr\/wp-json\/wp\/v2\/media?parent=105452"}],"wp:term":[{"taxonomy":"product_brand","embeddable":true,"href":"https:\/\/tourtravelandmore.com\/fr\/wp-json\/wp\/v2\/product_brand?post=105452"},{"taxonomy":"product_cat","embeddable":true,"href":"https:\/\/tourtravelandmore.com\/fr\/wp-json\/wp\/v2\/product_cat?post=105452"},{"taxonomy":"product_tag","embeddable":true,"href":"https:\/\/tourtravelandmore.com\/fr\/wp-json\/wp\/v2\/product_tag?post=105452"}],"curies":[{"name":"wp","href":"https:\/\/api.w.org\/{rel}","templated":true}]}}