{"id":105446,"date":"2019-12-17T11:29:42","date_gmt":"2019-12-17T10:29:42","guid":{"rendered":"https:\/\/tourtravelandmore.com\/tours\/non%20class\u00e9\/visite-privee-a-pied-du-souk-de-waqif-a-doha\/"},"modified":"2021-03-25T11:43:49","modified_gmt":"2021-03-25T10:43:49","slug":"visite-privee-a-pied-du-souk-de-waqif-a-doha","status":"publish","type":"product","link":"https:\/\/tourtravelandmore.com\/fr\/tours\/qatar-fr\/doha-fr\/visite-privee-a-pied-du-souk-de-waqif-a-doha\/","title":{"rendered":"Visite priv\u00e9e \u00e0 pied du souk de Waqif \u00e0 Doha"},"content":{"rendered":"<h2>Description<\/h2>\n<p>Profitez autant que possible de votre s\u00e9jour \u00e0 Doha avec cette visite priv\u00e9e \u00e0 pied de la ville de Doha. Vous d\u00e9couvrirez les endroits les plus embl\u00e9matiques et les plus beaux du magnifique souk de Waqif. Notre visite priv\u00e9e \u00e0 pied du souk de Waqif \u00e0 Doha vous offrira la meilleure exp\u00e9rience.<\/p>\n<p>Tout d&#8217;abord, cette visite priv\u00e9e commencera \u00e0 partir de votre lieu de choix pr\u00e8s du souk de Waquif. C&#8217;est l\u00e0 que cette visite priv\u00e9e \u00e0 pied du souk de Waqif \u00e0 Doha. Notre guide sera \u00e0 votre disposition pour une grande visite priv\u00e9e de 3 heures.<\/p>\n<p>Enfin, cette visite priv\u00e9e se terminera dans un point de rendez-vous situ\u00e9 au centre de Waqif Souk.<\/p>\n<h2>Sites d&#8217;int\u00e9r\u00eat et monuments<\/h2>\n<p><strong>Souq Waqif<\/strong><br \/>\nDans le souk Waqif color\u00e9, vous ressentirez les vibrations et l&#8217;atmosph\u00e8re d&#8217;un ancien site de march\u00e9. L&#8217;offre culinaire est abondante dans les ruelles, o\u00f9 vous pourrez d\u00e9guster des plats traditionnels du Qatar ainsi que des plats r\u00e9gionaux d&#8217;Asie et d&#8217;Afrique du Nord. La vari\u00e9t\u00e9 des produits que vous pouvez acheter au souk vous \u00e9tonne, des boutiques de textile et de parfumerie, en passant par la section des \u00e9pices et en terminant dans des quartiers avec des faucons et des \u00e9curies avec des chevaux arabes et des chameaux.<br \/>\nSi tous ces endroits vous ouvrent l&#8217;app\u00e9tit, vous avez de la chance, vous go\u00fbterez la saveur de Doha avec quelques d\u00e9lices arabes.<\/p>\n<p>La visite commencera et se terminera au m\u00eame endroit o\u00f9 elle a commenc\u00e9. Il a une dur\u00e9e totale de 3 heures. Comme dit, il est possible d&#8217;adapter la visite \u00e0 vos propres int\u00e9r\u00eats, nous vous avons montr\u00e9 ici un exemple de ce que nous pensons \u00eatre un tr\u00e8s bon moyen de conna\u00eetre les march\u00e9s qatariens.<\/p>\n<p>N&#8217;oubliez pas que la visite est totalement adaptable, et Tour Travel &amp; More, nous sommes l\u00e0 pour vous aider \u00e0 l&#8217;organiser de la meilleure fa\u00e7on possible.<\/p>\n<p>Jetez un \u0153il \u00e0 nos autres visites priv\u00e9es!<\/p>\n","protected":false},"excerpt":{"rendered":"<p>Profitez de cette exp\u00e9rience pour d\u00e9couvrir certains des quartiers les plus embl\u00e9matiques et historiques de Doha lors de cette visite priv\u00e9e \u00e0 pied avec votre guide priv\u00e9, qui vous montrera les points forts du souk de Waqif et vous donnera un aper\u00e7u de la culture et de la gastronomie.<\/p>\n","protected":false},"featured_media":96829,"comment_status":"open","ping_status":"closed","template":"","meta":{"_acf_changed":false},"product_brand":[],"product_cat":[3740,3824],"product_tag":[],"class_list":{"0":"post-105446","1":"product","2":"type-product","3":"status-publish","4":"has-post-thumbnail","6":"product_cat-qatar-fr","7":"product_cat-doha-fr","9":"first","10":"instock","11":"shipping-taxable","12":"purchasable","13":"product-type-simple"},"acf":[],"yoast_head":"<!-- This site is optimized with the Yoast SEO Premium plugin v25.3.1 (Yoast SEO v25.3.1) - https:\/\/yoast.com\/wordpress\/plugins\/seo\/ -->\n<title>Visite priv\u00e9e \u00e0 pied du souk de Waqif \u00e0 Doha - VISITE PRIV\u00c9E DE DOHA<\/title>\n<meta name=\"description\" content=\"Apprenez \u00e0 conna\u00eetre le march\u00e9 de Doha avec son histoire, sa large offre culturelle et gastronomique. Go\u00fbtez aux d\u00e9lices arabes! Visite priv\u00e9e \u00e0 pied du souk de Waqif \u00e0 Doha\" \/>\n<meta name=\"robots\" content=\"index, follow, max-snippet:-1, max-image-preview:large, max-video-preview:-1\" \/>\n<link rel=\"canonical\" href=\"https:\/\/tourtravelandmore.com\/fr\/tours\/qatar-fr\/doha-fr\/visite-privee-a-pied-du-souk-de-waqif-a-doha\/\" \/>\n<meta property=\"og:locale\" content=\"fr_FR\" \/>\n<meta property=\"og:type\" content=\"article\" \/>\n<meta property=\"og:title\" content=\"Visite priv\u00e9e \u00e0 pied du souk de Waqif \u00e0 Doha\" \/>\n<meta property=\"og:description\" content=\"Apprenez \u00e0 conna\u00eetre le march\u00e9 de Doha avec son histoire, sa large offre culturelle et gastronomique. Go\u00fbtez aux d\u00e9lices arabes! Visite priv\u00e9e \u00e0 pied du souk de Waqif \u00e0 Doha\" \/>\n<meta property=\"og:url\" content=\"https:\/\/tourtravelandmore.com\/fr\/tours\/qatar-fr\/doha-fr\/visite-privee-a-pied-du-souk-de-waqif-a-doha\/\" \/>\n<meta property=\"og:site_name\" content=\"Tour Travel And More\" \/>\n<meta property=\"article:publisher\" content=\"https:\/\/www.facebook.com\/tourtravelandmore\/\" \/>\n<meta property=\"article:modified_time\" content=\"2021-03-25T10:43:49+00:00\" \/>\n<meta property=\"og:image\" content=\"https:\/\/tourtravelandmore.com\/wp-content\/uploads\/2019\/12\/Doha3.jpg\" \/>\n\t<meta property=\"og:image:width\" content=\"827\" \/>\n\t<meta property=\"og:image:height\" content=\"1024\" \/>\n\t<meta property=\"og:image:type\" content=\"image\/jpeg\" \/>\n<meta name=\"twitter:card\" content=\"summary_large_image\" \/>\n<meta name=\"twitter:site\" content=\"@TourTravel_More\" \/>\n<meta name=\"twitter:label1\" content=\"Dur\u00e9e de lecture estim\u00e9e\" \/>\n\t<meta name=\"twitter:data1\" content=\"2 minutes\" \/>\n<script type=\"application\/ld+json\" class=\"yoast-schema-graph\">{\"@context\":\"https:\/\/schema.org\",\"@graph\":[{\"@type\":\"WebPage\",\"@id\":\"https:\/\/tourtravelandmore.com\/fr\/tours\/qatar-fr\/doha-fr\/visite-privee-a-pied-du-souk-de-waqif-a-doha\/\",\"url\":\"https:\/\/tourtravelandmore.com\/fr\/tours\/qatar-fr\/doha-fr\/visite-privee-a-pied-du-souk-de-waqif-a-doha\/\",\"name\":\"Visite priv\u00e9e \u00e0 pied du souk de Waqif \u00e0 Doha - VISITE PRIV\u00c9E DE DOHA\",\"isPartOf\":{\"@id\":\"https:\/\/tourtravelandmore.com\/fr\/#website\"},\"primaryImageOfPage\":{\"@id\":\"https:\/\/tourtravelandmore.com\/fr\/tours\/qatar-fr\/doha-fr\/visite-privee-a-pied-du-souk-de-waqif-a-doha\/#primaryimage\"},\"image\":{\"@id\":\"https:\/\/tourtravelandmore.com\/fr\/tours\/qatar-fr\/doha-fr\/visite-privee-a-pied-du-souk-de-waqif-a-doha\/#primaryimage\"},\"thumbnailUrl\":\"https:\/\/tourtravelandmore.com\/wp-content\/uploads\/2019\/12\/Doha3.jpg\",\"datePublished\":\"2019-12-17T10:29:42+00:00\",\"dateModified\":\"2021-03-25T10:43:49+00:00\",\"description\":\"Apprenez \u00e0 conna\u00eetre le march\u00e9 de Doha avec son histoire, sa large offre culturelle et gastronomique. Go\u00fbtez aux d\u00e9lices arabes! Visite priv\u00e9e \u00e0 pied du souk de Waqif \u00e0 Doha\",\"breadcrumb\":{\"@id\":\"https:\/\/tourtravelandmore.com\/fr\/tours\/qatar-fr\/doha-fr\/visite-privee-a-pied-du-souk-de-waqif-a-doha\/#breadcrumb\"},\"inLanguage\":\"fr-FR\",\"potentialAction\":[{\"@type\":\"ReadAction\",\"target\":[\"https:\/\/tourtravelandmore.com\/fr\/tours\/qatar-fr\/doha-fr\/visite-privee-a-pied-du-souk-de-waqif-a-doha\/\"]}]},{\"@type\":\"ImageObject\",\"inLanguage\":\"fr-FR\",\"@id\":\"https:\/\/tourtravelandmore.com\/fr\/tours\/qatar-fr\/doha-fr\/visite-privee-a-pied-du-souk-de-waqif-a-doha\/#primaryimage\",\"url\":\"https:\/\/tourtravelandmore.com\/wp-content\/uploads\/2019\/12\/Doha3.jpg\",\"contentUrl\":\"https:\/\/tourtravelandmore.com\/wp-content\/uploads\/2019\/12\/Doha3.jpg\",\"width\":827,\"height\":1024},{\"@type\":\"BreadcrumbList\",\"@id\":\"https:\/\/tourtravelandmore.com\/fr\/tours\/qatar-fr\/doha-fr\/visite-privee-a-pied-du-souk-de-waqif-a-doha\/#breadcrumb\",\"itemListElement\":[{\"@type\":\"ListItem\",\"position\":1,\"name\":\"Home\",\"item\":\"https:\/\/tourtravelandmore.com\/fr\/\"},{\"@type\":\"ListItem\",\"position\":2,\"name\":\"Tours\",\"item\":\"https:\/\/tourtravelandmore.com\/fr\/tours\/\"},{\"@type\":\"ListItem\",\"position\":3,\"name\":\"Visite priv\u00e9e \u00e0 pied du souk de Waqif \u00e0 Doha\"}]},{\"@type\":\"WebSite\",\"@id\":\"https:\/\/tourtravelandmore.com\/fr\/#website\",\"url\":\"https:\/\/tourtravelandmore.com\/fr\/\",\"name\":\"Tour Travel And More\",\"description\":\"Private sightseeing tours and luxury transfers in Spain\",\"publisher\":{\"@id\":\"https:\/\/tourtravelandmore.com\/fr\/#organization\"},\"potentialAction\":[{\"@type\":\"SearchAction\",\"target\":{\"@type\":\"EntryPoint\",\"urlTemplate\":\"https:\/\/tourtravelandmore.com\/fr\/?s={search_term_string}\"},\"query-input\":{\"@type\":\"PropertyValueSpecification\",\"valueRequired\":true,\"valueName\":\"search_term_string\"}}],\"inLanguage\":\"fr-FR\"},{\"@type\":\"Organization\",\"@id\":\"https:\/\/tourtravelandmore.com\/fr\/#organization\",\"name\":\"Tour Travel And More\",\"url\":\"https:\/\/tourtravelandmore.com\/fr\/\",\"logo\":{\"@type\":\"ImageObject\",\"inLanguage\":\"fr-FR\",\"@id\":\"https:\/\/tourtravelandmore.com\/fr\/#\/schema\/logo\/image\/\",\"url\":\"https:\/\/tourtravelandmore.com\/wp-content\/uploads\/2022\/12\/cropped-logo-cabecera-new.png\",\"contentUrl\":\"https:\/\/tourtravelandmore.com\/wp-content\/uploads\/2022\/12\/cropped-logo-cabecera-new.png\",\"width\":430,\"height\":61,\"caption\":\"Tour Travel And More\"},\"image\":{\"@id\":\"https:\/\/tourtravelandmore.com\/fr\/#\/schema\/logo\/image\/\"},\"sameAs\":[\"https:\/\/www.facebook.com\/tourtravelandmore\/\",\"https:\/\/x.com\/TourTravel_More\"]}]}<\/script>\n<!-- \/ Yoast SEO Premium plugin. -->","yoast_head_json":{"title":"Visite priv\u00e9e \u00e0 pied du souk de Waqif \u00e0 Doha - VISITE PRIV\u00c9E DE DOHA","description":"Apprenez \u00e0 conna\u00eetre le march\u00e9 de Doha avec son histoire, sa large offre culturelle et gastronomique. Go\u00fbtez aux d\u00e9lices arabes! Visite priv\u00e9e \u00e0 pied du souk de Waqif \u00e0 Doha","robots":{"index":"index","follow":"follow","max-snippet":"max-snippet:-1","max-image-preview":"max-image-preview:large","max-video-preview":"max-video-preview:-1"},"canonical":"https:\/\/tourtravelandmore.com\/fr\/tours\/qatar-fr\/doha-fr\/visite-privee-a-pied-du-souk-de-waqif-a-doha\/","og_locale":"fr_FR","og_type":"article","og_title":"Visite priv\u00e9e \u00e0 pied du souk de Waqif \u00e0 Doha","og_description":"Apprenez \u00e0 conna\u00eetre le march\u00e9 de Doha avec son histoire, sa large offre culturelle et gastronomique. Go\u00fbtez aux d\u00e9lices arabes! Visite priv\u00e9e \u00e0 pied du souk de Waqif \u00e0 Doha","og_url":"https:\/\/tourtravelandmore.com\/fr\/tours\/qatar-fr\/doha-fr\/visite-privee-a-pied-du-souk-de-waqif-a-doha\/","og_site_name":"Tour Travel And More","article_publisher":"https:\/\/www.facebook.com\/tourtravelandmore\/","article_modified_time":"2021-03-25T10:43:49+00:00","og_image":[{"width":827,"height":1024,"url":"https:\/\/tourtravelandmore.com\/wp-content\/uploads\/2019\/12\/Doha3.jpg","type":"image\/jpeg"}],"twitter_card":"summary_large_image","twitter_site":"@TourTravel_More","twitter_misc":{"Dur\u00e9e de lecture estim\u00e9e":"2 minutes"},"schema":{"@context":"https:\/\/schema.org","@graph":[{"@type":"WebPage","@id":"https:\/\/tourtravelandmore.com\/fr\/tours\/qatar-fr\/doha-fr\/visite-privee-a-pied-du-souk-de-waqif-a-doha\/","url":"https:\/\/tourtravelandmore.com\/fr\/tours\/qatar-fr\/doha-fr\/visite-privee-a-pied-du-souk-de-waqif-a-doha\/","name":"Visite priv\u00e9e \u00e0 pied du souk de Waqif \u00e0 Doha - VISITE PRIV\u00c9E DE DOHA","isPartOf":{"@id":"https:\/\/tourtravelandmore.com\/fr\/#website"},"primaryImageOfPage":{"@id":"https:\/\/tourtravelandmore.com\/fr\/tours\/qatar-fr\/doha-fr\/visite-privee-a-pied-du-souk-de-waqif-a-doha\/#primaryimage"},"image":{"@id":"https:\/\/tourtravelandmore.com\/fr\/tours\/qatar-fr\/doha-fr\/visite-privee-a-pied-du-souk-de-waqif-a-doha\/#primaryimage"},"thumbnailUrl":"https:\/\/tourtravelandmore.com\/wp-content\/uploads\/2019\/12\/Doha3.jpg","datePublished":"2019-12-17T10:29:42+00:00","dateModified":"2021-03-25T10:43:49+00:00","description":"Apprenez \u00e0 conna\u00eetre le march\u00e9 de Doha avec son histoire, sa large offre culturelle et gastronomique. Go\u00fbtez aux d\u00e9lices arabes! Visite priv\u00e9e \u00e0 pied du souk de Waqif \u00e0 Doha","breadcrumb":{"@id":"https:\/\/tourtravelandmore.com\/fr\/tours\/qatar-fr\/doha-fr\/visite-privee-a-pied-du-souk-de-waqif-a-doha\/#breadcrumb"},"inLanguage":"fr-FR","potentialAction":[{"@type":"ReadAction","target":["https:\/\/tourtravelandmore.com\/fr\/tours\/qatar-fr\/doha-fr\/visite-privee-a-pied-du-souk-de-waqif-a-doha\/"]}]},{"@type":"ImageObject","inLanguage":"fr-FR","@id":"https:\/\/tourtravelandmore.com\/fr\/tours\/qatar-fr\/doha-fr\/visite-privee-a-pied-du-souk-de-waqif-a-doha\/#primaryimage","url":"https:\/\/tourtravelandmore.com\/wp-content\/uploads\/2019\/12\/Doha3.jpg","contentUrl":"https:\/\/tourtravelandmore.com\/wp-content\/uploads\/2019\/12\/Doha3.jpg","width":827,"height":1024},{"@type":"BreadcrumbList","@id":"https:\/\/tourtravelandmore.com\/fr\/tours\/qatar-fr\/doha-fr\/visite-privee-a-pied-du-souk-de-waqif-a-doha\/#breadcrumb","itemListElement":[{"@type":"ListItem","position":1,"name":"Home","item":"https:\/\/tourtravelandmore.com\/fr\/"},{"@type":"ListItem","position":2,"name":"Tours","item":"https:\/\/tourtravelandmore.com\/fr\/tours\/"},{"@type":"ListItem","position":3,"name":"Visite priv\u00e9e \u00e0 pied du souk de Waqif \u00e0 Doha"}]},{"@type":"WebSite","@id":"https:\/\/tourtravelandmore.com\/fr\/#website","url":"https:\/\/tourtravelandmore.com\/fr\/","name":"Tour Travel And More","description":"Private sightseeing tours and luxury transfers in Spain","publisher":{"@id":"https:\/\/tourtravelandmore.com\/fr\/#organization"},"potentialAction":[{"@type":"SearchAction","target":{"@type":"EntryPoint","urlTemplate":"https:\/\/tourtravelandmore.com\/fr\/?s={search_term_string}"},"query-input":{"@type":"PropertyValueSpecification","valueRequired":true,"valueName":"search_term_string"}}],"inLanguage":"fr-FR"},{"@type":"Organization","@id":"https:\/\/tourtravelandmore.com\/fr\/#organization","name":"Tour Travel And More","url":"https:\/\/tourtravelandmore.com\/fr\/","logo":{"@type":"ImageObject","inLanguage":"fr-FR","@id":"https:\/\/tourtravelandmore.com\/fr\/#\/schema\/logo\/image\/","url":"https:\/\/tourtravelandmore.com\/wp-content\/uploads\/2022\/12\/cropped-logo-cabecera-new.png","contentUrl":"https:\/\/tourtravelandmore.com\/wp-content\/uploads\/2022\/12\/cropped-logo-cabecera-new.png","width":430,"height":61,"caption":"Tour Travel And More"},"image":{"@id":"https:\/\/tourtravelandmore.com\/fr\/#\/schema\/logo\/image\/"},"sameAs":["https:\/\/www.facebook.com\/tourtravelandmore\/","https:\/\/x.com\/TourTravel_More"]}]}},"_links":{"self":[{"href":"https:\/\/tourtravelandmore.com\/fr\/wp-json\/wp\/v2\/product\/105446","targetHints":{"allow":["GET"]}}],"collection":[{"href":"https:\/\/tourtravelandmore.com\/fr\/wp-json\/wp\/v2\/product"}],"about":[{"href":"https:\/\/tourtravelandmore.com\/fr\/wp-json\/wp\/v2\/types\/product"}],"replies":[{"embeddable":true,"href":"https:\/\/tourtravelandmore.com\/fr\/wp-json\/wp\/v2\/comments?post=105446"}],"wp:featuredmedia":[{"embeddable":true,"href":"https:\/\/tourtravelandmore.com\/fr\/wp-json\/wp\/v2\/media\/96829"}],"wp:attachment":[{"href":"https:\/\/tourtravelandmore.com\/fr\/wp-json\/wp\/v2\/media?parent=105446"}],"wp:term":[{"taxonomy":"product_brand","embeddable":true,"href":"https:\/\/tourtravelandmore.com\/fr\/wp-json\/wp\/v2\/product_brand?post=105446"},{"taxonomy":"product_cat","embeddable":true,"href":"https:\/\/tourtravelandmore.com\/fr\/wp-json\/wp\/v2\/product_cat?post=105446"},{"taxonomy":"product_tag","embeddable":true,"href":"https:\/\/tourtravelandmore.com\/fr\/wp-json\/wp\/v2\/product_tag?post=105446"}],"curies":[{"name":"wp","href":"https:\/\/api.w.org\/{rel}","templated":true}]}}