{"id":105440,"date":"2019-12-13T13:45:49","date_gmt":"2019-12-13T12:45:49","guid":{"rendered":"https:\/\/tourtravelandmore.com\/tours\/non%20class\u00e9\/visite-privee-des-musees-de-doha\/"},"modified":"2021-03-25T11:42:41","modified_gmt":"2021-03-25T10:42:41","slug":"visite-privee-des-musees-de-doha","status":"publish","type":"product","link":"https:\/\/tourtravelandmore.com\/fr\/tours\/qatar-fr\/doha-fr\/visite-privee-des-musees-de-doha\/","title":{"rendered":"Visite priv\u00e9e des mus\u00e9es de Doha"},"content":{"rendered":"<h2>Description<\/h2>\n<p>Laissez-nous organiser cette visite priv\u00e9e des mus\u00e9es de Doha pour d\u00e9couvrir les meilleurs mus\u00e9es de Doha.<\/p>\n<p>Tout d&#8217;abord, pour cette visite priv\u00e9e, nous organiserons une prise en charge priv\u00e9e depuis votre h\u00f4tel ou lieu de votre choix \u00e0 Doha. Nous commencerons ensuite cette visite priv\u00e9e. Apprenez \u00e0 conna\u00eetre 4 mus\u00e9es incroyables et uniques.<\/p>\n<p>Enfin, demandez-nous de vous ramener \u00e0 votre h\u00f4tel ou lieu de votre choix \u00e0 Doha.<\/p>\n<h2>Sites d&#8217;int\u00e9r\u00eat et monuments<\/h2>\n<p>Voici quelques exemples de ce \u00e0 quoi vous attendre lors de cette visite priv\u00e9e des mus\u00e9es de Doha.<\/p>\n<p>R\u00e9v\u00e9lant des facettes uniques de la culture et de la soci\u00e9t\u00e9 qatarie, les mus\u00e9es Msheireb c\u00e9l\u00e9breront l&#8217;histoire de quatre maisons patrimoniales:<\/p>\n<ul>\n<li>La maison Bin Jelmood sensibilise \u00e0 l&#8217;abolition mondiale de l&#8217;exploitation humaine.<\/li>\n<li>La maison Mohammed Bin Jassim d\u00e9montre les valeurs traditionnelles de Msheireb en tant que fondements pour les progr\u00e8s futurs de Doha.<\/li>\n<li>Company House raconte l&#8217;histoire des premiers travailleurs de l&#8217;industrie p\u00e9troli\u00e8re qatari et de leurs familles<\/li>\n<li>Radwani House repr\u00e9sente le mode de vie traditionnel qatari et son \u00e9volution.<\/li>\n<\/ul>\n<p>En suivant le parcours culturel, vous trouverez le mus\u00e9e d&#8217;art islamique du Qatar. Situ\u00e9 \u00e0 l&#8217;extr\u00e9mit\u00e9 sud de la baie de Doha et con\u00e7u par l&#8217;architecte laur\u00e9at du prix Pritzker I.M. Pei, le MIA accueille des pi\u00e8ces de dynasties musulmanes de toute l&#8217;Asie, de l&#8217;Afrique et de l&#8217;Europe. D\u00e9couvrez les premiers manuscrits islamiques, la c\u00e9ramique, le verre, l&#8217;ivoire, les bijoux, les miniatures, les textiles et de nombreuses autres \u0153uvres de ce joyau architectural.<\/p>\n<p>Le Mus\u00e9e national du Qatar pr\u00e9sente trois sections, les premi\u00e8res \u00e9tapes, la vie au Qatar et l&#8217;histoire moderne. Le mus\u00e9e fait une apparition perturbatrice dans le paysage de Doha, inspir\u00e9e du cristal rose du d\u00e9sert, que l&#8217;on trouve au Qatar.<\/p>\n<p>Cette visite priv\u00e9e se terminera \u00e0 votre h\u00f4tel ou lieu de votre choix \u00e0 Doha.<\/p>\n<p>Jetez un \u0153il \u00e0 toutes nos autres exp\u00e9riences priv\u00e9es et visites de la ville que nous proposons \u00e0 Doha.<\/p>\n","protected":false},"excerpt":{"rendered":"<p>Si vous aimez d\u00e9couvrir l&#8217;histoire, les arts et l&#8217;architecture de chaque endroit que vous visitez, c&#8217;est une exp\u00e9rience parfaite pour vous \u00e0 Doha: visite priv\u00e9e des mus\u00e9es. Vous visiterez et verrez les lieux culturels et artistiques les plus beaux et les plus embl\u00e9matiques de cette ville fantastique avec un guide professionnel priv\u00e9.<\/p>\n","protected":false},"featured_media":96851,"comment_status":"open","ping_status":"closed","template":"","meta":{"_acf_changed":false},"product_brand":[],"product_cat":[3740,3824],"product_tag":[],"class_list":{"0":"post-105440","1":"product","2":"type-product","3":"status-publish","4":"has-post-thumbnail","6":"product_cat-qatar-fr","7":"product_cat-doha-fr","9":"first","10":"instock","11":"shipping-taxable","12":"purchasable","13":"product-type-simple"},"acf":[],"yoast_head":"<!-- This site is optimized with the Yoast SEO Premium plugin v25.3.1 (Yoast SEO v25.3.1) - https:\/\/yoast.com\/wordpress\/plugins\/seo\/ -->\n<title>Visite priv\u00e9e des mus\u00e9es de Doha - VISITE PRIV\u00c9E DE DOHA - Guide officiel<\/title>\n<meta name=\"description\" content=\"D\u00e9couvrez les fantastiques mus\u00e9es de Doha: les mus\u00e9es Msheireb, le mus\u00e9e d&#039;art islamique et le mus\u00e9e national du Qatar. Visite priv\u00e9e des mus\u00e9es de Doha\" \/>\n<meta name=\"robots\" content=\"index, follow, max-snippet:-1, max-image-preview:large, max-video-preview:-1\" \/>\n<link rel=\"canonical\" href=\"https:\/\/tourtravelandmore.com\/fr\/tours\/qatar-fr\/doha-fr\/visite-privee-des-musees-de-doha\/\" \/>\n<meta property=\"og:locale\" content=\"fr_FR\" \/>\n<meta property=\"og:type\" content=\"article\" \/>\n<meta property=\"og:title\" content=\"Visite priv\u00e9e des mus\u00e9es de Doha\" \/>\n<meta property=\"og:description\" content=\"D\u00e9couvrez les fantastiques mus\u00e9es de Doha: les mus\u00e9es Msheireb, le mus\u00e9e d&#039;art islamique et le mus\u00e9e national du Qatar. Visite priv\u00e9e des mus\u00e9es de Doha\" \/>\n<meta property=\"og:url\" content=\"https:\/\/tourtravelandmore.com\/fr\/tours\/qatar-fr\/doha-fr\/visite-privee-des-musees-de-doha\/\" \/>\n<meta property=\"og:site_name\" content=\"Tour Travel And More\" \/>\n<meta property=\"article:publisher\" content=\"https:\/\/www.facebook.com\/tourtravelandmore\/\" \/>\n<meta property=\"article:modified_time\" content=\"2021-03-25T10:42:41+00:00\" \/>\n<meta property=\"og:image\" content=\"https:\/\/tourtravelandmore.com\/wp-content\/uploads\/2019\/12\/Doha12.jpg\" \/>\n\t<meta property=\"og:image:width\" content=\"1024\" \/>\n\t<meta property=\"og:image:height\" content=\"678\" \/>\n\t<meta property=\"og:image:type\" content=\"image\/jpeg\" \/>\n<meta name=\"twitter:card\" content=\"summary_large_image\" \/>\n<meta name=\"twitter:site\" content=\"@TourTravel_More\" \/>\n<meta name=\"twitter:label1\" content=\"Dur\u00e9e de lecture estim\u00e9e\" \/>\n\t<meta name=\"twitter:data1\" content=\"2 minutes\" \/>\n<script type=\"application\/ld+json\" class=\"yoast-schema-graph\">{\"@context\":\"https:\/\/schema.org\",\"@graph\":[{\"@type\":\"WebPage\",\"@id\":\"https:\/\/tourtravelandmore.com\/fr\/tours\/qatar-fr\/doha-fr\/visite-privee-des-musees-de-doha\/\",\"url\":\"https:\/\/tourtravelandmore.com\/fr\/tours\/qatar-fr\/doha-fr\/visite-privee-des-musees-de-doha\/\",\"name\":\"Visite priv\u00e9e des mus\u00e9es de Doha - VISITE PRIV\u00c9E DE DOHA - Guide officiel\",\"isPartOf\":{\"@id\":\"https:\/\/tourtravelandmore.com\/fr\/#website\"},\"primaryImageOfPage\":{\"@id\":\"https:\/\/tourtravelandmore.com\/fr\/tours\/qatar-fr\/doha-fr\/visite-privee-des-musees-de-doha\/#primaryimage\"},\"image\":{\"@id\":\"https:\/\/tourtravelandmore.com\/fr\/tours\/qatar-fr\/doha-fr\/visite-privee-des-musees-de-doha\/#primaryimage\"},\"thumbnailUrl\":\"https:\/\/tourtravelandmore.com\/wp-content\/uploads\/2019\/12\/Doha12.jpg\",\"datePublished\":\"2019-12-13T12:45:49+00:00\",\"dateModified\":\"2021-03-25T10:42:41+00:00\",\"description\":\"D\u00e9couvrez les fantastiques mus\u00e9es de Doha: les mus\u00e9es Msheireb, le mus\u00e9e d'art islamique et le mus\u00e9e national du Qatar. Visite priv\u00e9e des mus\u00e9es de Doha\",\"breadcrumb\":{\"@id\":\"https:\/\/tourtravelandmore.com\/fr\/tours\/qatar-fr\/doha-fr\/visite-privee-des-musees-de-doha\/#breadcrumb\"},\"inLanguage\":\"fr-FR\",\"potentialAction\":[{\"@type\":\"ReadAction\",\"target\":[\"https:\/\/tourtravelandmore.com\/fr\/tours\/qatar-fr\/doha-fr\/visite-privee-des-musees-de-doha\/\"]}]},{\"@type\":\"ImageObject\",\"inLanguage\":\"fr-FR\",\"@id\":\"https:\/\/tourtravelandmore.com\/fr\/tours\/qatar-fr\/doha-fr\/visite-privee-des-musees-de-doha\/#primaryimage\",\"url\":\"https:\/\/tourtravelandmore.com\/wp-content\/uploads\/2019\/12\/Doha12.jpg\",\"contentUrl\":\"https:\/\/tourtravelandmore.com\/wp-content\/uploads\/2019\/12\/Doha12.jpg\",\"width\":1024,\"height\":678,\"caption\":\"Museum of Islamic Art in Doha, Qatar\"},{\"@type\":\"BreadcrumbList\",\"@id\":\"https:\/\/tourtravelandmore.com\/fr\/tours\/qatar-fr\/doha-fr\/visite-privee-des-musees-de-doha\/#breadcrumb\",\"itemListElement\":[{\"@type\":\"ListItem\",\"position\":1,\"name\":\"Home\",\"item\":\"https:\/\/tourtravelandmore.com\/fr\/\"},{\"@type\":\"ListItem\",\"position\":2,\"name\":\"Tours\",\"item\":\"https:\/\/tourtravelandmore.com\/fr\/tours\/\"},{\"@type\":\"ListItem\",\"position\":3,\"name\":\"Visite priv\u00e9e des mus\u00e9es de Doha\"}]},{\"@type\":\"WebSite\",\"@id\":\"https:\/\/tourtravelandmore.com\/fr\/#website\",\"url\":\"https:\/\/tourtravelandmore.com\/fr\/\",\"name\":\"Tour Travel And More\",\"description\":\"Private sightseeing tours and luxury transfers in Spain\",\"publisher\":{\"@id\":\"https:\/\/tourtravelandmore.com\/fr\/#organization\"},\"potentialAction\":[{\"@type\":\"SearchAction\",\"target\":{\"@type\":\"EntryPoint\",\"urlTemplate\":\"https:\/\/tourtravelandmore.com\/fr\/?s={search_term_string}\"},\"query-input\":{\"@type\":\"PropertyValueSpecification\",\"valueRequired\":true,\"valueName\":\"search_term_string\"}}],\"inLanguage\":\"fr-FR\"},{\"@type\":\"Organization\",\"@id\":\"https:\/\/tourtravelandmore.com\/fr\/#organization\",\"name\":\"Tour Travel And More\",\"url\":\"https:\/\/tourtravelandmore.com\/fr\/\",\"logo\":{\"@type\":\"ImageObject\",\"inLanguage\":\"fr-FR\",\"@id\":\"https:\/\/tourtravelandmore.com\/fr\/#\/schema\/logo\/image\/\",\"url\":\"https:\/\/tourtravelandmore.com\/wp-content\/uploads\/2022\/12\/cropped-logo-cabecera-new.png\",\"contentUrl\":\"https:\/\/tourtravelandmore.com\/wp-content\/uploads\/2022\/12\/cropped-logo-cabecera-new.png\",\"width\":430,\"height\":61,\"caption\":\"Tour Travel And More\"},\"image\":{\"@id\":\"https:\/\/tourtravelandmore.com\/fr\/#\/schema\/logo\/image\/\"},\"sameAs\":[\"https:\/\/www.facebook.com\/tourtravelandmore\/\",\"https:\/\/x.com\/TourTravel_More\"]}]}<\/script>\n<!-- \/ Yoast SEO Premium plugin. -->","yoast_head_json":{"title":"Visite priv\u00e9e des mus\u00e9es de Doha - VISITE PRIV\u00c9E DE DOHA - Guide officiel","description":"D\u00e9couvrez les fantastiques mus\u00e9es de Doha: les mus\u00e9es Msheireb, le mus\u00e9e d'art islamique et le mus\u00e9e national du Qatar. Visite priv\u00e9e des mus\u00e9es de Doha","robots":{"index":"index","follow":"follow","max-snippet":"max-snippet:-1","max-image-preview":"max-image-preview:large","max-video-preview":"max-video-preview:-1"},"canonical":"https:\/\/tourtravelandmore.com\/fr\/tours\/qatar-fr\/doha-fr\/visite-privee-des-musees-de-doha\/","og_locale":"fr_FR","og_type":"article","og_title":"Visite priv\u00e9e des mus\u00e9es de Doha","og_description":"D\u00e9couvrez les fantastiques mus\u00e9es de Doha: les mus\u00e9es Msheireb, le mus\u00e9e d'art islamique et le mus\u00e9e national du Qatar. Visite priv\u00e9e des mus\u00e9es de Doha","og_url":"https:\/\/tourtravelandmore.com\/fr\/tours\/qatar-fr\/doha-fr\/visite-privee-des-musees-de-doha\/","og_site_name":"Tour Travel And More","article_publisher":"https:\/\/www.facebook.com\/tourtravelandmore\/","article_modified_time":"2021-03-25T10:42:41+00:00","og_image":[{"width":1024,"height":678,"url":"https:\/\/tourtravelandmore.com\/wp-content\/uploads\/2019\/12\/Doha12.jpg","type":"image\/jpeg"}],"twitter_card":"summary_large_image","twitter_site":"@TourTravel_More","twitter_misc":{"Dur\u00e9e de lecture estim\u00e9e":"2 minutes"},"schema":{"@context":"https:\/\/schema.org","@graph":[{"@type":"WebPage","@id":"https:\/\/tourtravelandmore.com\/fr\/tours\/qatar-fr\/doha-fr\/visite-privee-des-musees-de-doha\/","url":"https:\/\/tourtravelandmore.com\/fr\/tours\/qatar-fr\/doha-fr\/visite-privee-des-musees-de-doha\/","name":"Visite priv\u00e9e des mus\u00e9es de Doha - VISITE PRIV\u00c9E DE DOHA - Guide officiel","isPartOf":{"@id":"https:\/\/tourtravelandmore.com\/fr\/#website"},"primaryImageOfPage":{"@id":"https:\/\/tourtravelandmore.com\/fr\/tours\/qatar-fr\/doha-fr\/visite-privee-des-musees-de-doha\/#primaryimage"},"image":{"@id":"https:\/\/tourtravelandmore.com\/fr\/tours\/qatar-fr\/doha-fr\/visite-privee-des-musees-de-doha\/#primaryimage"},"thumbnailUrl":"https:\/\/tourtravelandmore.com\/wp-content\/uploads\/2019\/12\/Doha12.jpg","datePublished":"2019-12-13T12:45:49+00:00","dateModified":"2021-03-25T10:42:41+00:00","description":"D\u00e9couvrez les fantastiques mus\u00e9es de Doha: les mus\u00e9es Msheireb, le mus\u00e9e d'art islamique et le mus\u00e9e national du Qatar. Visite priv\u00e9e des mus\u00e9es de Doha","breadcrumb":{"@id":"https:\/\/tourtravelandmore.com\/fr\/tours\/qatar-fr\/doha-fr\/visite-privee-des-musees-de-doha\/#breadcrumb"},"inLanguage":"fr-FR","potentialAction":[{"@type":"ReadAction","target":["https:\/\/tourtravelandmore.com\/fr\/tours\/qatar-fr\/doha-fr\/visite-privee-des-musees-de-doha\/"]}]},{"@type":"ImageObject","inLanguage":"fr-FR","@id":"https:\/\/tourtravelandmore.com\/fr\/tours\/qatar-fr\/doha-fr\/visite-privee-des-musees-de-doha\/#primaryimage","url":"https:\/\/tourtravelandmore.com\/wp-content\/uploads\/2019\/12\/Doha12.jpg","contentUrl":"https:\/\/tourtravelandmore.com\/wp-content\/uploads\/2019\/12\/Doha12.jpg","width":1024,"height":678,"caption":"Museum of Islamic Art in Doha, Qatar"},{"@type":"BreadcrumbList","@id":"https:\/\/tourtravelandmore.com\/fr\/tours\/qatar-fr\/doha-fr\/visite-privee-des-musees-de-doha\/#breadcrumb","itemListElement":[{"@type":"ListItem","position":1,"name":"Home","item":"https:\/\/tourtravelandmore.com\/fr\/"},{"@type":"ListItem","position":2,"name":"Tours","item":"https:\/\/tourtravelandmore.com\/fr\/tours\/"},{"@type":"ListItem","position":3,"name":"Visite priv\u00e9e des mus\u00e9es de Doha"}]},{"@type":"WebSite","@id":"https:\/\/tourtravelandmore.com\/fr\/#website","url":"https:\/\/tourtravelandmore.com\/fr\/","name":"Tour Travel And More","description":"Private sightseeing tours and luxury transfers in Spain","publisher":{"@id":"https:\/\/tourtravelandmore.com\/fr\/#organization"},"potentialAction":[{"@type":"SearchAction","target":{"@type":"EntryPoint","urlTemplate":"https:\/\/tourtravelandmore.com\/fr\/?s={search_term_string}"},"query-input":{"@type":"PropertyValueSpecification","valueRequired":true,"valueName":"search_term_string"}}],"inLanguage":"fr-FR"},{"@type":"Organization","@id":"https:\/\/tourtravelandmore.com\/fr\/#organization","name":"Tour Travel And More","url":"https:\/\/tourtravelandmore.com\/fr\/","logo":{"@type":"ImageObject","inLanguage":"fr-FR","@id":"https:\/\/tourtravelandmore.com\/fr\/#\/schema\/logo\/image\/","url":"https:\/\/tourtravelandmore.com\/wp-content\/uploads\/2022\/12\/cropped-logo-cabecera-new.png","contentUrl":"https:\/\/tourtravelandmore.com\/wp-content\/uploads\/2022\/12\/cropped-logo-cabecera-new.png","width":430,"height":61,"caption":"Tour Travel And More"},"image":{"@id":"https:\/\/tourtravelandmore.com\/fr\/#\/schema\/logo\/image\/"},"sameAs":["https:\/\/www.facebook.com\/tourtravelandmore\/","https:\/\/x.com\/TourTravel_More"]}]}},"_links":{"self":[{"href":"https:\/\/tourtravelandmore.com\/fr\/wp-json\/wp\/v2\/product\/105440","targetHints":{"allow":["GET"]}}],"collection":[{"href":"https:\/\/tourtravelandmore.com\/fr\/wp-json\/wp\/v2\/product"}],"about":[{"href":"https:\/\/tourtravelandmore.com\/fr\/wp-json\/wp\/v2\/types\/product"}],"replies":[{"embeddable":true,"href":"https:\/\/tourtravelandmore.com\/fr\/wp-json\/wp\/v2\/comments?post=105440"}],"wp:featuredmedia":[{"embeddable":true,"href":"https:\/\/tourtravelandmore.com\/fr\/wp-json\/wp\/v2\/media\/96851"}],"wp:attachment":[{"href":"https:\/\/tourtravelandmore.com\/fr\/wp-json\/wp\/v2\/media?parent=105440"}],"wp:term":[{"taxonomy":"product_brand","embeddable":true,"href":"https:\/\/tourtravelandmore.com\/fr\/wp-json\/wp\/v2\/product_brand?post=105440"},{"taxonomy":"product_cat","embeddable":true,"href":"https:\/\/tourtravelandmore.com\/fr\/wp-json\/wp\/v2\/product_cat?post=105440"},{"taxonomy":"product_tag","embeddable":true,"href":"https:\/\/tourtravelandmore.com\/fr\/wp-json\/wp\/v2\/product_tag?post=105440"}],"curies":[{"name":"wp","href":"https:\/\/api.w.org\/{rel}","templated":true}]}}