{"id":105434,"date":"2019-12-13T10:02:36","date_gmt":"2019-12-13T09:02:36","guid":{"rendered":"https:\/\/tourtravelandmore.com\/tours\/non%20class\u00e9\/visite-privee-de-doha\/"},"modified":"2021-03-25T11:41:12","modified_gmt":"2021-03-25T10:41:12","slug":"visite-privee-de-doha","status":"publish","type":"product","link":"https:\/\/tourtravelandmore.com\/fr\/tours\/qatar-fr\/doha-fr\/visite-privee-de-doha\/","title":{"rendered":"Visite priv\u00e9e de Doha"},"content":{"rendered":"<h2>Description<\/h2>\n<p>Profitez de cette visite priv\u00e9e de Doha. C&#8217;est le meilleur moyen de d\u00e9couvrir la ville unique de Doha.<\/p>\n<p>Nous pouvons organiser une excursion priv\u00e9e d&#8217;une demi-journ\u00e9e et \u00e9galement une excursion d&#8217;une journ\u00e9e compl\u00e8te. Contactez simplement nos experts en voyages et nous organiserons la meilleure visite priv\u00e9e pour vous. C&#8217;est une exp\u00e9rience priv\u00e9e unique pour vous!<\/p>\n<p>D\u00e9couvrez ce que vous pouvez appr\u00e9cier ici ci-dessous lors de cette visite priv\u00e9e de Doha.<\/p>\n<h2>Sites d&#8217;int\u00e9r\u00eat et monuments<\/h2>\n<p>Le joyau brillant du Qatar est connu dans le monde entier pour sa riche offre culturelle. Ses gratte-ciel embl\u00e9matiques et futuristes et l&#8217;\u00e9tonnante beaut\u00e9 de ses plages et de son d\u00e9sert.<\/p>\n<p>Encerclant la baie de Doha en forme de demi-lune, la promenade de la Corniche s&#8217;\u00e9tend sur sept kilom\u00e8tres. Offrant un sentier p\u00e9destre plein de vues magnifiques sur l&#8217;eau.<\/p>\n<p>L&#8217;une des vues les plus embl\u00e9matiques de ce front de mer est l&#8217;ancien Dhow Harbour. C&#8217;est un endroit r\u00eav\u00e9 par les photographes, surtout \u00e0 l&#8217;aube ou au coucher du soleil. \u00c0 l&#8217;aube, vous pouvez \u00e9galement vous asseoir au bord du port et regarder les bateaux en bois traditionnels glisser vers la mer et les p\u00eacheurs revenir avec la prise du jour.<\/p>\n<p>Vous appr\u00e9cierez \u00e9galement la visite de l&#8217;\u00eele aux perles. C&#8217;est une \u00eele artificielle consid\u00e9r\u00e9e comme l&#8217;un des plus grands d\u00e9veloppements immobiliers du Moyen-Orient. La Perle est divis\u00e9e en 12 quartiers, chacun ayant un style architectural distinct. Passer de petits appartements et maisons de ville \u00e0 des villas et des gratte-ciel complets en plus de la magnifique marina et de la beaut\u00e9 des plages calmes.<\/p>\n<h4>Quoi d&#8217;autre \u00e0 appr\u00e9cier &#8230;<\/h4>\n<p>Sur la c\u00f4te est entre le Pearl et West Bay, vous rencontrerez Katara. C&#8217;est l&#8217;un des plus grands projets culturels multidimensionnels du Qatar.<\/p>\n<p>Ce village regorge d&#8217;histoire et de patrimoine. Les gens viennent d\u00e9couvrir les cultures du monde qui comprend un immense amphith\u00e9\u00e2tre gr\u00e9co-romain, un op\u00e9ra, un th\u00e9\u00e2tre, des salles de concert, des galeries d&#8217;exposition et un grand nombre de restaurants internationaux.<\/p>\n<p>Ce phare culturel est le lieu id\u00e9al pour les festivals, ateliers et expositions r\u00e9gionaux et internationaux. En suivant le parcours culturel, vous trouverez le mus\u00e9e d&#8217;art islamique du Qatar. Situ\u00e9 \u00e0 l&#8217;extr\u00e9mit\u00e9 sud de la baie de Doha et con\u00e7u par l&#8217;architecte laur\u00e9at du prix Pritzker I.M. Pei, le MIA accueille des pi\u00e8ces de dynasties musulmanes de toute l&#8217;Asie, de l&#8217;Afrique et de l&#8217;Europe. D\u00e9couvrez les premiers manuscrits islamiques, la c\u00e9ramique, le verre, l&#8217;ivoire, les bijoux, les miniatures, les textiles et de nombreuses autres \u0153uvres de ce joyau architectural.<\/p>\n<h4>Quelques exemples de ce \u00e0 quoi vous attendre:<\/h4>\n<p>R\u00e9v\u00e9lant des facettes uniques de la culture et de la soci\u00e9t\u00e9 qatarie, les mus\u00e9es Msheireb c\u00e9l\u00e9breront l&#8217;histoire de quatre maisons patrimoniales:<\/p>\n<ul>\n<li>La maison Bin Jelmood sensibilise \u00e0 l&#8217;abolition mondiale de l&#8217;exploitation humaine.<\/li>\n<li>La maison Mohammed Bin Jassim d\u00e9montre les valeurs traditionnelles de Msheireb en tant que fondements pour les progr\u00e8s futurs de Doha.<\/li>\n<li>Company House raconte l&#8217;histoire des premiers travailleurs de l&#8217;industrie p\u00e9troli\u00e8re qatari et de leurs familles<\/li>\n<li>Radwani House repr\u00e9sente le mode de vie traditionnel qatari et son \u00e9volution.<\/li>\n<\/ul>\n<p>Un autre chef-d&#8217;\u0153uvre architectural est le merveilleux centre culturel islamique Abdulla Bin Zaid Al Mahmoud, bien connu sous le nom de mosqu\u00e9e Fanar, l&#8217;un des monuments les plus importants du Qatar. Construite en brique et en mortier, cette mosqu\u00e9e a \u00e9t\u00e9 la plus grande du pays jusqu&#8217;en 2011. Des musulmans au monde: L&#8217;objectif principal est de pr\u00e9senter la culture musulmane au monde entier \u00e0 travers des expositions, des cours de langue et des visites (entr\u00e9e non-musulmane autoris\u00e9e). Si vous visitez le vendredi, vous serez heureux d&#8217;\u00e9couter le Khutba (sermon) en anglais!<\/p>\n<h4>Que voir d&#8217;autre dans cette visite priv\u00e9e de Doha:<\/h4>\n<p>Un autre arr\u00eat obligatoire sont les souks traditionnels (march\u00e9s), le souk Waqif et le souk de l&#8217;or.<br \/>\nDans le souk Waqif color\u00e9, vous ressentirez les vibrations et l&#8217;atmosph\u00e8re d&#8217;un ancien site de march\u00e9. L&#8217;offre culinaire est abondante dans les ruelles, o\u00f9 vous pourrez d\u00e9guster des plats traditionnels du Qatar ainsi que des plats r\u00e9gionaux d&#8217;Asie et d&#8217;Afrique du Nord. La vari\u00e9t\u00e9 des produits que vous pouvez acheter au souk vous \u00e9tonne, des boutiques de textile et de parfumerie, en passant par la section des \u00e9pices et en terminant dans des quartiers avec des faucons et des \u00e9curies avec des chevaux arabes et des chameaux. Proche du souk Waqif, le souk de l&#8217;or de Doha vous \u00e9blouira par la luminosit\u00e9 des pi\u00e8ces d&#8217;or et vous laissera sans voix avec les dessins et l&#8217;authenticit\u00e9 des bijoux artisanaux.<\/p>\n<p>Si tous ces endroits vous ouvrent l&#8217;app\u00e9tit, vous avez de la chance, vous go\u00fbterez la saveur de Doha lors d&#8217;un d\u00e9jeuner dans un restaurant local arabe traditionnel.<\/p>\n<p>Apr\u00e8s avoir appr\u00e9ci\u00e9 cette excursion d&#8217;une journ\u00e9e compl\u00e8te, votre chauffeur priv\u00e9, accompagn\u00e9 de votre guide priv\u00e9, vous ram\u00e8nera \u00e0 votre h\u00f4tel ou lieu de votre choix \u00e0 Doha. N&#8217;oubliez pas que la visite est 100% adaptable \u00e0 vos propres int\u00e9r\u00eats et go\u00fbts. Il est \u00e9galement possible de faire une visite plus longue, n&#8217;h\u00e9sitez pas \u00e0 nous contacter si vous avez des doutes.<\/p>\n<p>Consultez nos autres visites priv\u00e9es \u00e0 Doha!<\/p>\n","protected":false},"excerpt":{"rendered":"<p>Venez avec nous dans cette excursion priv\u00e9e d&#8217;une journ\u00e9e \u00e0 travers la ville de Doha, o\u00f9 vous visiterez et verrez les endroits les plus beaux et les plus embl\u00e9matiques de cette ville fantastique. Sa large offre culturelle et artistique, son histoire et sa gastronomie.<\/p>\n","protected":false},"featured_media":96847,"comment_status":"open","ping_status":"closed","template":"","meta":{"_acf_changed":false},"product_brand":[],"product_cat":[3740,3824],"product_tag":[],"class_list":{"0":"post-105434","1":"product","2":"type-product","3":"status-publish","4":"has-post-thumbnail","6":"product_cat-qatar-fr","7":"product_cat-doha-fr","9":"first","10":"instock","11":"shipping-taxable","12":"purchasable","13":"product-type-simple"},"acf":[],"yoast_head":"<!-- This site is optimized with the Yoast SEO Premium plugin v25.3.1 (Yoast SEO v25.3.1) - https:\/\/yoast.com\/wordpress\/plugins\/seo\/ -->\n<title>Visite priv\u00e9e de Doha - demi-journ\u00e9e ou journ\u00e9e compl\u00e8te - Chauffeur priv\u00e9 et guide touristique<\/title>\n<meta name=\"description\" content=\"Visite pour d\u00e9couvrir la fantastique ville de Doha, sa large offre culturelle et artistique, son histoire, sa gastronomie et ses imposants gratte-ciel. Visite priv\u00e9e de Doha\" \/>\n<meta name=\"robots\" content=\"index, follow, max-snippet:-1, max-image-preview:large, max-video-preview:-1\" \/>\n<link rel=\"canonical\" href=\"https:\/\/tourtravelandmore.com\/fr\/tours\/qatar-fr\/doha-fr\/visite-privee-de-doha\/\" \/>\n<meta property=\"og:locale\" content=\"fr_FR\" \/>\n<meta property=\"og:type\" content=\"article\" \/>\n<meta property=\"og:title\" content=\"Visite priv\u00e9e de Doha\" \/>\n<meta property=\"og:description\" content=\"Visite pour d\u00e9couvrir la fantastique ville de Doha, sa large offre culturelle et artistique, son histoire, sa gastronomie et ses imposants gratte-ciel. Visite priv\u00e9e de Doha\" \/>\n<meta property=\"og:url\" content=\"https:\/\/tourtravelandmore.com\/fr\/tours\/qatar-fr\/doha-fr\/visite-privee-de-doha\/\" \/>\n<meta property=\"og:site_name\" content=\"Tour Travel And More\" \/>\n<meta property=\"article:publisher\" content=\"https:\/\/www.facebook.com\/tourtravelandmore\/\" \/>\n<meta property=\"article:modified_time\" content=\"2021-03-25T10:41:12+00:00\" \/>\n<meta property=\"og:image\" content=\"https:\/\/tourtravelandmore.com\/wp-content\/uploads\/2019\/12\/Doha8.jpg\" \/>\n\t<meta property=\"og:image:width\" content=\"1634\" \/>\n\t<meta property=\"og:image:height\" content=\"1087\" \/>\n\t<meta property=\"og:image:type\" content=\"image\/jpeg\" \/>\n<meta name=\"twitter:card\" content=\"summary_large_image\" \/>\n<meta name=\"twitter:site\" content=\"@TourTravel_More\" \/>\n<meta name=\"twitter:label1\" content=\"Dur\u00e9e de lecture estim\u00e9e\" \/>\n\t<meta name=\"twitter:data1\" content=\"5 minutes\" \/>\n<script type=\"application\/ld+json\" class=\"yoast-schema-graph\">{\"@context\":\"https:\/\/schema.org\",\"@graph\":[{\"@type\":\"WebPage\",\"@id\":\"https:\/\/tourtravelandmore.com\/fr\/tours\/qatar-fr\/doha-fr\/visite-privee-de-doha\/\",\"url\":\"https:\/\/tourtravelandmore.com\/fr\/tours\/qatar-fr\/doha-fr\/visite-privee-de-doha\/\",\"name\":\"Visite priv\u00e9e de Doha - demi-journ\u00e9e ou journ\u00e9e compl\u00e8te - Chauffeur priv\u00e9 et guide touristique\",\"isPartOf\":{\"@id\":\"https:\/\/tourtravelandmore.com\/fr\/#website\"},\"primaryImageOfPage\":{\"@id\":\"https:\/\/tourtravelandmore.com\/fr\/tours\/qatar-fr\/doha-fr\/visite-privee-de-doha\/#primaryimage\"},\"image\":{\"@id\":\"https:\/\/tourtravelandmore.com\/fr\/tours\/qatar-fr\/doha-fr\/visite-privee-de-doha\/#primaryimage\"},\"thumbnailUrl\":\"https:\/\/tourtravelandmore.com\/wp-content\/uploads\/2019\/12\/Doha8.jpg\",\"datePublished\":\"2019-12-13T09:02:36+00:00\",\"dateModified\":\"2021-03-25T10:41:12+00:00\",\"description\":\"Visite pour d\u00e9couvrir la fantastique ville de Doha, sa large offre culturelle et artistique, son histoire, sa gastronomie et ses imposants gratte-ciel. Visite priv\u00e9e de Doha\",\"breadcrumb\":{\"@id\":\"https:\/\/tourtravelandmore.com\/fr\/tours\/qatar-fr\/doha-fr\/visite-privee-de-doha\/#breadcrumb\"},\"inLanguage\":\"fr-FR\",\"potentialAction\":[{\"@type\":\"ReadAction\",\"target\":[\"https:\/\/tourtravelandmore.com\/fr\/tours\/qatar-fr\/doha-fr\/visite-privee-de-doha\/\"]}]},{\"@type\":\"ImageObject\",\"inLanguage\":\"fr-FR\",\"@id\":\"https:\/\/tourtravelandmore.com\/fr\/tours\/qatar-fr\/doha-fr\/visite-privee-de-doha\/#primaryimage\",\"url\":\"https:\/\/tourtravelandmore.com\/wp-content\/uploads\/2019\/12\/Doha8.jpg\",\"contentUrl\":\"https:\/\/tourtravelandmore.com\/wp-content\/uploads\/2019\/12\/Doha8.jpg\",\"width\":1634,\"height\":1087},{\"@type\":\"BreadcrumbList\",\"@id\":\"https:\/\/tourtravelandmore.com\/fr\/tours\/qatar-fr\/doha-fr\/visite-privee-de-doha\/#breadcrumb\",\"itemListElement\":[{\"@type\":\"ListItem\",\"position\":1,\"name\":\"Home\",\"item\":\"https:\/\/tourtravelandmore.com\/fr\/\"},{\"@type\":\"ListItem\",\"position\":2,\"name\":\"Tours\",\"item\":\"https:\/\/tourtravelandmore.com\/fr\/tours\/\"},{\"@type\":\"ListItem\",\"position\":3,\"name\":\"Visite priv\u00e9e de Doha\"}]},{\"@type\":\"WebSite\",\"@id\":\"https:\/\/tourtravelandmore.com\/fr\/#website\",\"url\":\"https:\/\/tourtravelandmore.com\/fr\/\",\"name\":\"Tour Travel And More\",\"description\":\"Private sightseeing tours and luxury transfers in Spain\",\"publisher\":{\"@id\":\"https:\/\/tourtravelandmore.com\/fr\/#organization\"},\"potentialAction\":[{\"@type\":\"SearchAction\",\"target\":{\"@type\":\"EntryPoint\",\"urlTemplate\":\"https:\/\/tourtravelandmore.com\/fr\/?s={search_term_string}\"},\"query-input\":{\"@type\":\"PropertyValueSpecification\",\"valueRequired\":true,\"valueName\":\"search_term_string\"}}],\"inLanguage\":\"fr-FR\"},{\"@type\":\"Organization\",\"@id\":\"https:\/\/tourtravelandmore.com\/fr\/#organization\",\"name\":\"Tour Travel And More\",\"url\":\"https:\/\/tourtravelandmore.com\/fr\/\",\"logo\":{\"@type\":\"ImageObject\",\"inLanguage\":\"fr-FR\",\"@id\":\"https:\/\/tourtravelandmore.com\/fr\/#\/schema\/logo\/image\/\",\"url\":\"https:\/\/tourtravelandmore.com\/wp-content\/uploads\/2022\/12\/cropped-logo-cabecera-new.png\",\"contentUrl\":\"https:\/\/tourtravelandmore.com\/wp-content\/uploads\/2022\/12\/cropped-logo-cabecera-new.png\",\"width\":430,\"height\":61,\"caption\":\"Tour Travel And More\"},\"image\":{\"@id\":\"https:\/\/tourtravelandmore.com\/fr\/#\/schema\/logo\/image\/\"},\"sameAs\":[\"https:\/\/www.facebook.com\/tourtravelandmore\/\",\"https:\/\/x.com\/TourTravel_More\"]}]}<\/script>\n<!-- \/ Yoast SEO Premium plugin. -->","yoast_head_json":{"title":"Visite priv\u00e9e de Doha - demi-journ\u00e9e ou journ\u00e9e compl\u00e8te - Chauffeur priv\u00e9 et guide touristique","description":"Visite pour d\u00e9couvrir la fantastique ville de Doha, sa large offre culturelle et artistique, son histoire, sa gastronomie et ses imposants gratte-ciel. Visite priv\u00e9e de Doha","robots":{"index":"index","follow":"follow","max-snippet":"max-snippet:-1","max-image-preview":"max-image-preview:large","max-video-preview":"max-video-preview:-1"},"canonical":"https:\/\/tourtravelandmore.com\/fr\/tours\/qatar-fr\/doha-fr\/visite-privee-de-doha\/","og_locale":"fr_FR","og_type":"article","og_title":"Visite priv\u00e9e de Doha","og_description":"Visite pour d\u00e9couvrir la fantastique ville de Doha, sa large offre culturelle et artistique, son histoire, sa gastronomie et ses imposants gratte-ciel. Visite priv\u00e9e de Doha","og_url":"https:\/\/tourtravelandmore.com\/fr\/tours\/qatar-fr\/doha-fr\/visite-privee-de-doha\/","og_site_name":"Tour Travel And More","article_publisher":"https:\/\/www.facebook.com\/tourtravelandmore\/","article_modified_time":"2021-03-25T10:41:12+00:00","og_image":[{"width":1634,"height":1087,"url":"https:\/\/tourtravelandmore.com\/wp-content\/uploads\/2019\/12\/Doha8.jpg","type":"image\/jpeg"}],"twitter_card":"summary_large_image","twitter_site":"@TourTravel_More","twitter_misc":{"Dur\u00e9e de lecture estim\u00e9e":"5 minutes"},"schema":{"@context":"https:\/\/schema.org","@graph":[{"@type":"WebPage","@id":"https:\/\/tourtravelandmore.com\/fr\/tours\/qatar-fr\/doha-fr\/visite-privee-de-doha\/","url":"https:\/\/tourtravelandmore.com\/fr\/tours\/qatar-fr\/doha-fr\/visite-privee-de-doha\/","name":"Visite priv\u00e9e de Doha - demi-journ\u00e9e ou journ\u00e9e compl\u00e8te - Chauffeur priv\u00e9 et guide touristique","isPartOf":{"@id":"https:\/\/tourtravelandmore.com\/fr\/#website"},"primaryImageOfPage":{"@id":"https:\/\/tourtravelandmore.com\/fr\/tours\/qatar-fr\/doha-fr\/visite-privee-de-doha\/#primaryimage"},"image":{"@id":"https:\/\/tourtravelandmore.com\/fr\/tours\/qatar-fr\/doha-fr\/visite-privee-de-doha\/#primaryimage"},"thumbnailUrl":"https:\/\/tourtravelandmore.com\/wp-content\/uploads\/2019\/12\/Doha8.jpg","datePublished":"2019-12-13T09:02:36+00:00","dateModified":"2021-03-25T10:41:12+00:00","description":"Visite pour d\u00e9couvrir la fantastique ville de Doha, sa large offre culturelle et artistique, son histoire, sa gastronomie et ses imposants gratte-ciel. Visite priv\u00e9e de Doha","breadcrumb":{"@id":"https:\/\/tourtravelandmore.com\/fr\/tours\/qatar-fr\/doha-fr\/visite-privee-de-doha\/#breadcrumb"},"inLanguage":"fr-FR","potentialAction":[{"@type":"ReadAction","target":["https:\/\/tourtravelandmore.com\/fr\/tours\/qatar-fr\/doha-fr\/visite-privee-de-doha\/"]}]},{"@type":"ImageObject","inLanguage":"fr-FR","@id":"https:\/\/tourtravelandmore.com\/fr\/tours\/qatar-fr\/doha-fr\/visite-privee-de-doha\/#primaryimage","url":"https:\/\/tourtravelandmore.com\/wp-content\/uploads\/2019\/12\/Doha8.jpg","contentUrl":"https:\/\/tourtravelandmore.com\/wp-content\/uploads\/2019\/12\/Doha8.jpg","width":1634,"height":1087},{"@type":"BreadcrumbList","@id":"https:\/\/tourtravelandmore.com\/fr\/tours\/qatar-fr\/doha-fr\/visite-privee-de-doha\/#breadcrumb","itemListElement":[{"@type":"ListItem","position":1,"name":"Home","item":"https:\/\/tourtravelandmore.com\/fr\/"},{"@type":"ListItem","position":2,"name":"Tours","item":"https:\/\/tourtravelandmore.com\/fr\/tours\/"},{"@type":"ListItem","position":3,"name":"Visite priv\u00e9e de Doha"}]},{"@type":"WebSite","@id":"https:\/\/tourtravelandmore.com\/fr\/#website","url":"https:\/\/tourtravelandmore.com\/fr\/","name":"Tour Travel And More","description":"Private sightseeing tours and luxury transfers in Spain","publisher":{"@id":"https:\/\/tourtravelandmore.com\/fr\/#organization"},"potentialAction":[{"@type":"SearchAction","target":{"@type":"EntryPoint","urlTemplate":"https:\/\/tourtravelandmore.com\/fr\/?s={search_term_string}"},"query-input":{"@type":"PropertyValueSpecification","valueRequired":true,"valueName":"search_term_string"}}],"inLanguage":"fr-FR"},{"@type":"Organization","@id":"https:\/\/tourtravelandmore.com\/fr\/#organization","name":"Tour Travel And More","url":"https:\/\/tourtravelandmore.com\/fr\/","logo":{"@type":"ImageObject","inLanguage":"fr-FR","@id":"https:\/\/tourtravelandmore.com\/fr\/#\/schema\/logo\/image\/","url":"https:\/\/tourtravelandmore.com\/wp-content\/uploads\/2022\/12\/cropped-logo-cabecera-new.png","contentUrl":"https:\/\/tourtravelandmore.com\/wp-content\/uploads\/2022\/12\/cropped-logo-cabecera-new.png","width":430,"height":61,"caption":"Tour Travel And More"},"image":{"@id":"https:\/\/tourtravelandmore.com\/fr\/#\/schema\/logo\/image\/"},"sameAs":["https:\/\/www.facebook.com\/tourtravelandmore\/","https:\/\/x.com\/TourTravel_More"]}]}},"_links":{"self":[{"href":"https:\/\/tourtravelandmore.com\/fr\/wp-json\/wp\/v2\/product\/105434","targetHints":{"allow":["GET"]}}],"collection":[{"href":"https:\/\/tourtravelandmore.com\/fr\/wp-json\/wp\/v2\/product"}],"about":[{"href":"https:\/\/tourtravelandmore.com\/fr\/wp-json\/wp\/v2\/types\/product"}],"replies":[{"embeddable":true,"href":"https:\/\/tourtravelandmore.com\/fr\/wp-json\/wp\/v2\/comments?post=105434"}],"wp:featuredmedia":[{"embeddable":true,"href":"https:\/\/tourtravelandmore.com\/fr\/wp-json\/wp\/v2\/media\/96847"}],"wp:attachment":[{"href":"https:\/\/tourtravelandmore.com\/fr\/wp-json\/wp\/v2\/media?parent=105434"}],"wp:term":[{"taxonomy":"product_brand","embeddable":true,"href":"https:\/\/tourtravelandmore.com\/fr\/wp-json\/wp\/v2\/product_brand?post=105434"},{"taxonomy":"product_cat","embeddable":true,"href":"https:\/\/tourtravelandmore.com\/fr\/wp-json\/wp\/v2\/product_cat?post=105434"},{"taxonomy":"product_tag","embeddable":true,"href":"https:\/\/tourtravelandmore.com\/fr\/wp-json\/wp\/v2\/product_tag?post=105434"}],"curies":[{"name":"wp","href":"https:\/\/api.w.org\/{rel}","templated":true}]}}