{"id":105418,"date":"2019-04-01T16:19:51","date_gmt":"2019-04-01T14:19:51","guid":{"rendered":"https:\/\/tourtravelandmore.com\/tours\/non%20class\u00e9\/tour-du-desert-dagafay\/"},"modified":"2023-09-27T14:17:04","modified_gmt":"2023-09-27T12:17:04","slug":"tour-du-desert-dagafay","status":"publish","type":"product","link":"https:\/\/tourtravelandmore.com\/fr\/tours\/maroc-fr\/marrakech-fr\/tour-du-desert-dagafay\/","title":{"rendered":"Tour du d\u00e9sert d&#8217;Agafay"},"content":{"rendered":"<h2>Description de l&#8217;excursion dans le d\u00e9sert d&#8217;Agafay<\/h2>\n<p>Profitez de cette excursion priv\u00e9e avec prise en charge \u00e0 votre h\u00f4tel ou riad pour vous rendre dans le d\u00e9sert exotique d&#8217;Agafay. Nous partons pour cette excursion dans le d\u00e9sert d&#8217;Agafay.<\/p>\n<p>Nous organisons une prise en charge confortable \u00e0 partir de Marrakech. Nous commencerons alors cette excursion priv\u00e9e dans le d\u00e9sert d&#8217;Agafay.<\/p>\n<p>Le d\u00e9sert d&#8217;Agafay se trouve \u00e0 40 kilom\u00e8tres de Marrakech. Il s&#8217;agit d&#8217;un plateau d\u00e9sertique et aride. Les villages de la r\u00e9gion ont \u00e9t\u00e9 d\u00e9plac\u00e9s par le manque d&#8217;eau, donc, \u00e0 part quelques bergers locaux avec leurs troupeaux de ch\u00e8vres et quelques 4&#215;4, la r\u00e9gion est libre \u00e0 visiter et fait une promenade fantastique.<\/p>\n<p>Nous retournerons ensuite \u00e0 votre h\u00f4tel ou riad \u00e0 Marrakech. Notre chauffeur vous y ram\u00e8nera pour terminer l&#8217;excursion. Chez Tour Travel &amp; More, nous sommes \u00e0 votre enti\u00e8re disposition pour vous faire vivre une exp\u00e9rience unique.<\/p>\n<h2>Circuit dans le d\u00e9sert d&#8217;Agafay | Points d&#8217;int\u00e9r\u00eat et monuments<\/h2>\n<p>L&#8217;excursion priv\u00e9e dans le d\u00e9sert d&#8217;Agafay commencera par la prise en charge \u00e0 votre h\u00f4tel ou riad dans votre v\u00e9hicule priv\u00e9 pour rejoindre le d\u00e9sert d&#8217;Agafay situ\u00e9 \u00e0 40 kilom\u00e8tres de Marrakech. Nous d\u00e9couvrirons cet endroit myst\u00e9rieux et magique o\u00f9 nous verrons ses roches blanches.<\/p>\n<p>A l&#8217;arriv\u00e9e, nous pourrons admirer ce paysage magique situ\u00e9 \u00e0 c\u00f4t\u00e9 des montagnes de l&#8217;Atlas. Vous aurez la possibilit\u00e9 de d\u00e9jeuner dans le d\u00e9sert avec diff\u00e9rents types de nourriture (europ\u00e9enne, marocaine&#8230;) Dans l&#8217;apr\u00e8s-midi, nous ferons une promenade \u00e0 dos de chameau pour profiter de ses vues magnifiques.<\/p>\n<p>Au cours de votre visite, vous pourrez voir entre autres les lieux d&#8217;int\u00e9r\u00eat suivants :<\/p>\n<ul>\n<li>Le lac Lalla Takerkoust<\/li>\n<li>Les rochers blancs<\/li>\n<li>Et bien d&#8217;autres choses encore !<\/li>\n<\/ul>\n<p>Vous pourrez personnaliser cette visite et prendre des photos impressionnantes quand vous le souhaitez. Il s&#8217;agit d&#8217;une visite enti\u00e8rement personnalis\u00e9e et unique pour vous et votre groupe. Si vous le souhaitez, vous pouvez \u00e9galement passer une nuit dans le d\u00e9sert d&#8217;Agafay.<\/p>\n<p>Profitez de cette excursion priv\u00e9e avec la prise en charge \u00e0 votre h\u00f4tel ou riad pour vous rendre dans le d\u00e9sert exotique d&#8217;Agafay. A l&#8217;arriv\u00e9e, nous pourrons admirer ce paysage magique situ\u00e9 \u00e0 c\u00f4t\u00e9 des montagnes de l&#8217;Atlas. Dans l&#8217;apr\u00e8s-midi, nous ferons une promenade \u00e0 dos de chameau pour profiter de ses vues magnifiques. Pendant la nuit, nous profiterons d&#8217;un magnifique d\u00eener de style marocain sous une banni\u00e8re d&#8217;\u00e9toiles. Nous dormirons dans un magasin de luxe.<\/p>\n<p>Si vous souhaitez ajouter la nuit dans le d\u00e9sert d&#8217;Agafay, faites-le savoir \u00e0 nos experts !<\/p>\n<p>Ne manquez pas nos autres circuits priv\u00e9s \u00e0 Marrakech et tout ce que nous proposons !<\/p>\n","protected":false},"excerpt":{"rendered":"<p>Profitez de cette visite priv\u00e9e de 6 heures dans le d\u00e9sert d&#8217;Agafay au d\u00e9part de Marrakech dans laquelle nous pouvons admirer son environnement exotique et magique. Nous dormirons dans un camping au milieu de la nuit marocaine dans ses c\u00e9l\u00e8bres jaimas avec en toile de fond les impressionnantes montagnes de l&#8217;Atlas.<\/p>\n","protected":false},"featured_media":95570,"comment_status":"open","ping_status":"closed","template":"","meta":{"_acf_changed":false},"product_brand":[],"product_cat":[4401,4403,3726,3820],"product_tag":[],"class_list":{"0":"post-105418","1":"product","2":"type-product","3":"status-publish","4":"has-post-thumbnail","6":"product_cat-all-private-tours-activities-fr-7","7":"product_cat-private-day-trips-fr-13","8":"product_cat-maroc-fr","9":"product_cat-marrakech-fr","11":"first","12":"instock","13":"shipping-taxable","14":"purchasable","15":"product-type-simple"},"acf":[],"yoast_head":"<!-- This site is optimized with the Yoast SEO Premium plugin v25.3.1 (Yoast SEO v25.3.1) - https:\/\/yoast.com\/wordpress\/plugins\/seo\/ -->\n<title>Une nuit dans le d\u00e9sert d&#039;Agafay avec guide touristique. Visite priv\u00e9e du d\u00e9sert d&#039;Agafay<\/title>\n<meta name=\"description\" content=\"Profitez de cette visite priv\u00e9e du d\u00e9sert d&#039;Agafay avec un guide local et exp\u00e9riment\u00e9 et un v\u00e9hicule avec chauffeur. Tout est inclus.\" \/>\n<meta name=\"robots\" content=\"index, follow, max-snippet:-1, max-image-preview:large, max-video-preview:-1\" \/>\n<link rel=\"canonical\" href=\"https:\/\/tourtravelandmore.com\/fr\/tours\/maroc-fr\/marrakech-fr\/tour-du-desert-dagafay\/\" \/>\n<meta property=\"og:locale\" content=\"fr_FR\" \/>\n<meta property=\"og:type\" content=\"article\" \/>\n<meta property=\"og:title\" content=\"Tour du d\u00e9sert d&#039;Agafay\" \/>\n<meta property=\"og:description\" content=\"Profitez de cette visite priv\u00e9e du d\u00e9sert d&#039;Agafay avec un guide local et exp\u00e9riment\u00e9 et un v\u00e9hicule avec chauffeur. Tout est inclus.\" \/>\n<meta property=\"og:url\" content=\"https:\/\/tourtravelandmore.com\/fr\/tours\/maroc-fr\/marrakech-fr\/tour-du-desert-dagafay\/\" \/>\n<meta property=\"og:site_name\" content=\"Tour Travel And More\" \/>\n<meta property=\"article:publisher\" content=\"https:\/\/www.facebook.com\/tourtravelandmore\/\" \/>\n<meta property=\"article:modified_time\" content=\"2023-09-27T12:17:04+00:00\" \/>\n<meta property=\"og:image\" content=\"https:\/\/tourtravelandmore.com\/wp-content\/uploads\/2019\/02\/desert-1086415_960_720.jpg\" \/>\n\t<meta property=\"og:image:width\" content=\"960\" \/>\n\t<meta property=\"og:image:height\" content=\"540\" \/>\n\t<meta property=\"og:image:type\" content=\"image\/jpeg\" \/>\n<meta name=\"twitter:card\" content=\"summary_large_image\" \/>\n<meta name=\"twitter:site\" content=\"@TourTravel_More\" \/>\n<meta name=\"twitter:label1\" content=\"Dur\u00e9e de lecture estim\u00e9e\" \/>\n\t<meta name=\"twitter:data1\" content=\"2 minutes\" \/>\n<script type=\"application\/ld+json\" class=\"yoast-schema-graph\">{\"@context\":\"https:\/\/schema.org\",\"@graph\":[{\"@type\":\"WebPage\",\"@id\":\"https:\/\/tourtravelandmore.com\/fr\/tours\/maroc-fr\/marrakech-fr\/tour-du-desert-dagafay\/\",\"url\":\"https:\/\/tourtravelandmore.com\/fr\/tours\/maroc-fr\/marrakech-fr\/tour-du-desert-dagafay\/\",\"name\":\"Une nuit dans le d\u00e9sert d'Agafay avec guide touristique. Visite priv\u00e9e du d\u00e9sert d'Agafay\",\"isPartOf\":{\"@id\":\"https:\/\/tourtravelandmore.com\/fr\/#website\"},\"primaryImageOfPage\":{\"@id\":\"https:\/\/tourtravelandmore.com\/fr\/tours\/maroc-fr\/marrakech-fr\/tour-du-desert-dagafay\/#primaryimage\"},\"image\":{\"@id\":\"https:\/\/tourtravelandmore.com\/fr\/tours\/maroc-fr\/marrakech-fr\/tour-du-desert-dagafay\/#primaryimage\"},\"thumbnailUrl\":\"https:\/\/tourtravelandmore.com\/wp-content\/uploads\/2019\/02\/desert-1086415_960_720.jpg\",\"datePublished\":\"2019-04-01T14:19:51+00:00\",\"dateModified\":\"2023-09-27T12:17:04+00:00\",\"description\":\"Profitez de cette visite priv\u00e9e du d\u00e9sert d'Agafay avec un guide local et exp\u00e9riment\u00e9 et un v\u00e9hicule avec chauffeur. Tout est inclus.\",\"breadcrumb\":{\"@id\":\"https:\/\/tourtravelandmore.com\/fr\/tours\/maroc-fr\/marrakech-fr\/tour-du-desert-dagafay\/#breadcrumb\"},\"inLanguage\":\"fr-FR\",\"potentialAction\":[{\"@type\":\"ReadAction\",\"target\":[\"https:\/\/tourtravelandmore.com\/fr\/tours\/maroc-fr\/marrakech-fr\/tour-du-desert-dagafay\/\"]}]},{\"@type\":\"ImageObject\",\"inLanguage\":\"fr-FR\",\"@id\":\"https:\/\/tourtravelandmore.com\/fr\/tours\/maroc-fr\/marrakech-fr\/tour-du-desert-dagafay\/#primaryimage\",\"url\":\"https:\/\/tourtravelandmore.com\/wp-content\/uploads\/2019\/02\/desert-1086415_960_720.jpg\",\"contentUrl\":\"https:\/\/tourtravelandmore.com\/wp-content\/uploads\/2019\/02\/desert-1086415_960_720.jpg\",\"width\":960,\"height\":540},{\"@type\":\"BreadcrumbList\",\"@id\":\"https:\/\/tourtravelandmore.com\/fr\/tours\/maroc-fr\/marrakech-fr\/tour-du-desert-dagafay\/#breadcrumb\",\"itemListElement\":[{\"@type\":\"ListItem\",\"position\":1,\"name\":\"Home\",\"item\":\"https:\/\/tourtravelandmore.com\/fr\/\"},{\"@type\":\"ListItem\",\"position\":2,\"name\":\"Tours\",\"item\":\"https:\/\/tourtravelandmore.com\/fr\/tours\/\"},{\"@type\":\"ListItem\",\"position\":3,\"name\":\"Tour du d\u00e9sert d&rsquo;Agafay\"}]},{\"@type\":\"WebSite\",\"@id\":\"https:\/\/tourtravelandmore.com\/fr\/#website\",\"url\":\"https:\/\/tourtravelandmore.com\/fr\/\",\"name\":\"Tour Travel And More\",\"description\":\"Private sightseeing tours and luxury transfers in Spain\",\"publisher\":{\"@id\":\"https:\/\/tourtravelandmore.com\/fr\/#organization\"},\"potentialAction\":[{\"@type\":\"SearchAction\",\"target\":{\"@type\":\"EntryPoint\",\"urlTemplate\":\"https:\/\/tourtravelandmore.com\/fr\/?s={search_term_string}\"},\"query-input\":{\"@type\":\"PropertyValueSpecification\",\"valueRequired\":true,\"valueName\":\"search_term_string\"}}],\"inLanguage\":\"fr-FR\"},{\"@type\":\"Organization\",\"@id\":\"https:\/\/tourtravelandmore.com\/fr\/#organization\",\"name\":\"Tour Travel And More\",\"url\":\"https:\/\/tourtravelandmore.com\/fr\/\",\"logo\":{\"@type\":\"ImageObject\",\"inLanguage\":\"fr-FR\",\"@id\":\"https:\/\/tourtravelandmore.com\/fr\/#\/schema\/logo\/image\/\",\"url\":\"https:\/\/tourtravelandmore.com\/wp-content\/uploads\/2022\/12\/cropped-logo-cabecera-new.png\",\"contentUrl\":\"https:\/\/tourtravelandmore.com\/wp-content\/uploads\/2022\/12\/cropped-logo-cabecera-new.png\",\"width\":430,\"height\":61,\"caption\":\"Tour Travel And More\"},\"image\":{\"@id\":\"https:\/\/tourtravelandmore.com\/fr\/#\/schema\/logo\/image\/\"},\"sameAs\":[\"https:\/\/www.facebook.com\/tourtravelandmore\/\",\"https:\/\/x.com\/TourTravel_More\"]}]}<\/script>\n<!-- \/ Yoast SEO Premium plugin. -->","yoast_head_json":{"title":"Une nuit dans le d\u00e9sert d'Agafay avec guide touristique. Visite priv\u00e9e du d\u00e9sert d'Agafay","description":"Profitez de cette visite priv\u00e9e du d\u00e9sert d'Agafay avec un guide local et exp\u00e9riment\u00e9 et un v\u00e9hicule avec chauffeur. Tout est inclus.","robots":{"index":"index","follow":"follow","max-snippet":"max-snippet:-1","max-image-preview":"max-image-preview:large","max-video-preview":"max-video-preview:-1"},"canonical":"https:\/\/tourtravelandmore.com\/fr\/tours\/maroc-fr\/marrakech-fr\/tour-du-desert-dagafay\/","og_locale":"fr_FR","og_type":"article","og_title":"Tour du d\u00e9sert d'Agafay","og_description":"Profitez de cette visite priv\u00e9e du d\u00e9sert d'Agafay avec un guide local et exp\u00e9riment\u00e9 et un v\u00e9hicule avec chauffeur. Tout est inclus.","og_url":"https:\/\/tourtravelandmore.com\/fr\/tours\/maroc-fr\/marrakech-fr\/tour-du-desert-dagafay\/","og_site_name":"Tour Travel And More","article_publisher":"https:\/\/www.facebook.com\/tourtravelandmore\/","article_modified_time":"2023-09-27T12:17:04+00:00","og_image":[{"width":960,"height":540,"url":"https:\/\/tourtravelandmore.com\/wp-content\/uploads\/2019\/02\/desert-1086415_960_720.jpg","type":"image\/jpeg"}],"twitter_card":"summary_large_image","twitter_site":"@TourTravel_More","twitter_misc":{"Dur\u00e9e de lecture estim\u00e9e":"2 minutes"},"schema":{"@context":"https:\/\/schema.org","@graph":[{"@type":"WebPage","@id":"https:\/\/tourtravelandmore.com\/fr\/tours\/maroc-fr\/marrakech-fr\/tour-du-desert-dagafay\/","url":"https:\/\/tourtravelandmore.com\/fr\/tours\/maroc-fr\/marrakech-fr\/tour-du-desert-dagafay\/","name":"Une nuit dans le d\u00e9sert d'Agafay avec guide touristique. Visite priv\u00e9e du d\u00e9sert d'Agafay","isPartOf":{"@id":"https:\/\/tourtravelandmore.com\/fr\/#website"},"primaryImageOfPage":{"@id":"https:\/\/tourtravelandmore.com\/fr\/tours\/maroc-fr\/marrakech-fr\/tour-du-desert-dagafay\/#primaryimage"},"image":{"@id":"https:\/\/tourtravelandmore.com\/fr\/tours\/maroc-fr\/marrakech-fr\/tour-du-desert-dagafay\/#primaryimage"},"thumbnailUrl":"https:\/\/tourtravelandmore.com\/wp-content\/uploads\/2019\/02\/desert-1086415_960_720.jpg","datePublished":"2019-04-01T14:19:51+00:00","dateModified":"2023-09-27T12:17:04+00:00","description":"Profitez de cette visite priv\u00e9e du d\u00e9sert d'Agafay avec un guide local et exp\u00e9riment\u00e9 et un v\u00e9hicule avec chauffeur. Tout est inclus.","breadcrumb":{"@id":"https:\/\/tourtravelandmore.com\/fr\/tours\/maroc-fr\/marrakech-fr\/tour-du-desert-dagafay\/#breadcrumb"},"inLanguage":"fr-FR","potentialAction":[{"@type":"ReadAction","target":["https:\/\/tourtravelandmore.com\/fr\/tours\/maroc-fr\/marrakech-fr\/tour-du-desert-dagafay\/"]}]},{"@type":"ImageObject","inLanguage":"fr-FR","@id":"https:\/\/tourtravelandmore.com\/fr\/tours\/maroc-fr\/marrakech-fr\/tour-du-desert-dagafay\/#primaryimage","url":"https:\/\/tourtravelandmore.com\/wp-content\/uploads\/2019\/02\/desert-1086415_960_720.jpg","contentUrl":"https:\/\/tourtravelandmore.com\/wp-content\/uploads\/2019\/02\/desert-1086415_960_720.jpg","width":960,"height":540},{"@type":"BreadcrumbList","@id":"https:\/\/tourtravelandmore.com\/fr\/tours\/maroc-fr\/marrakech-fr\/tour-du-desert-dagafay\/#breadcrumb","itemListElement":[{"@type":"ListItem","position":1,"name":"Home","item":"https:\/\/tourtravelandmore.com\/fr\/"},{"@type":"ListItem","position":2,"name":"Tours","item":"https:\/\/tourtravelandmore.com\/fr\/tours\/"},{"@type":"ListItem","position":3,"name":"Tour du d\u00e9sert d&rsquo;Agafay"}]},{"@type":"WebSite","@id":"https:\/\/tourtravelandmore.com\/fr\/#website","url":"https:\/\/tourtravelandmore.com\/fr\/","name":"Tour Travel And More","description":"Private sightseeing tours and luxury transfers in Spain","publisher":{"@id":"https:\/\/tourtravelandmore.com\/fr\/#organization"},"potentialAction":[{"@type":"SearchAction","target":{"@type":"EntryPoint","urlTemplate":"https:\/\/tourtravelandmore.com\/fr\/?s={search_term_string}"},"query-input":{"@type":"PropertyValueSpecification","valueRequired":true,"valueName":"search_term_string"}}],"inLanguage":"fr-FR"},{"@type":"Organization","@id":"https:\/\/tourtravelandmore.com\/fr\/#organization","name":"Tour Travel And More","url":"https:\/\/tourtravelandmore.com\/fr\/","logo":{"@type":"ImageObject","inLanguage":"fr-FR","@id":"https:\/\/tourtravelandmore.com\/fr\/#\/schema\/logo\/image\/","url":"https:\/\/tourtravelandmore.com\/wp-content\/uploads\/2022\/12\/cropped-logo-cabecera-new.png","contentUrl":"https:\/\/tourtravelandmore.com\/wp-content\/uploads\/2022\/12\/cropped-logo-cabecera-new.png","width":430,"height":61,"caption":"Tour Travel And More"},"image":{"@id":"https:\/\/tourtravelandmore.com\/fr\/#\/schema\/logo\/image\/"},"sameAs":["https:\/\/www.facebook.com\/tourtravelandmore\/","https:\/\/x.com\/TourTravel_More"]}]}},"_links":{"self":[{"href":"https:\/\/tourtravelandmore.com\/fr\/wp-json\/wp\/v2\/product\/105418","targetHints":{"allow":["GET"]}}],"collection":[{"href":"https:\/\/tourtravelandmore.com\/fr\/wp-json\/wp\/v2\/product"}],"about":[{"href":"https:\/\/tourtravelandmore.com\/fr\/wp-json\/wp\/v2\/types\/product"}],"replies":[{"embeddable":true,"href":"https:\/\/tourtravelandmore.com\/fr\/wp-json\/wp\/v2\/comments?post=105418"}],"wp:featuredmedia":[{"embeddable":true,"href":"https:\/\/tourtravelandmore.com\/fr\/wp-json\/wp\/v2\/media\/95570"}],"wp:attachment":[{"href":"https:\/\/tourtravelandmore.com\/fr\/wp-json\/wp\/v2\/media?parent=105418"}],"wp:term":[{"taxonomy":"product_brand","embeddable":true,"href":"https:\/\/tourtravelandmore.com\/fr\/wp-json\/wp\/v2\/product_brand?post=105418"},{"taxonomy":"product_cat","embeddable":true,"href":"https:\/\/tourtravelandmore.com\/fr\/wp-json\/wp\/v2\/product_cat?post=105418"},{"taxonomy":"product_tag","embeddable":true,"href":"https:\/\/tourtravelandmore.com\/fr\/wp-json\/wp\/v2\/product_tag?post=105418"}],"curies":[{"name":"wp","href":"https:\/\/api.w.org\/{rel}","templated":true}]}}