{"id":105413,"date":"2019-02-11T18:05:10","date_gmt":"2019-02-11T17:05:10","guid":{"rendered":"https:\/\/tourtravelandmore.com\/tours\/non%20class\u00e9\/experience-du-desert-de-merzouga-visite-privee-de-3-jours-au-depart-de-marrakech\/"},"modified":"2023-08-09T18:35:14","modified_gmt":"2023-08-09T16:35:14","slug":"experience-du-desert-de-merzouga-visite-privee-de-3-jours-au-depart-de-marrakech","status":"publish","type":"product","link":"https:\/\/tourtravelandmore.com\/fr\/tours\/maroc-fr\/marrakech-fr\/experience-du-desert-de-merzouga-visite-privee-de-3-jours-au-depart-de-marrakech\/","title":{"rendered":"Exp\u00e9rience du d\u00e9sert de Merzouga: visite priv\u00e9e de 3 jours au d\u00e9part de Marrakech"},"content":{"rendered":"","protected":false},"excerpt":{"rendered":"<p>Aventurez-vous dans cette incroyable exp\u00e9rience dans le d\u00e9sert du Maroc avec notre itin\u00e9raire priv\u00e9 de 3 jours. Au cours de cette aventure, nous verrons les incroyables dunes de l&#8217;Erg Chebbi qui atteignent une hauteur de 150 m\u00e8tres. Avec ce voyage, nous pouvons contempler les contrastes des diff\u00e9rents paysages du pays. Vous aurez \u00e0 votre disposition un chauffeur priv\u00e9 et un guide officiel.<\/p>\n<p>&nbsp;<\/p>\n","protected":false},"featured_media":95581,"comment_status":"open","ping_status":"closed","template":"","meta":{"_acf_changed":false},"product_brand":[],"product_cat":[4401,4403,3726,3820],"product_tag":[],"class_list":{"0":"post-105413","1":"product","2":"type-product","3":"status-publish","4":"has-post-thumbnail","6":"product_cat-all-private-tours-activities-fr-7","7":"product_cat-private-day-trips-fr-13","8":"product_cat-maroc-fr","9":"product_cat-marrakech-fr","11":"first","12":"instock","13":"shipping-taxable","14":"purchasable","15":"product-type-simple"},"acf":[],"yoast_head":"<!-- This site is optimized with the Yoast SEO Premium plugin v25.3.1 (Yoast SEO v25.3.1) - https:\/\/yoast.com\/wordpress\/plugins\/seo\/ -->\n<title>Exp\u00e9rience du d\u00e9sert de Merzouga: visite priv\u00e9e de 3 jours du d\u00e9sert de Merzoouga.<\/title>\n<meta name=\"description\" content=\"Profitez de cette visite priv\u00e9e du d\u00e9sert de Merzouga avec un guide local et exp\u00e9riment\u00e9 et un v\u00e9hicule avec chauffeur. Exp\u00e9rience du d\u00e9sert de Merzouga.\" \/>\n<meta name=\"robots\" content=\"index, follow, max-snippet:-1, max-image-preview:large, max-video-preview:-1\" \/>\n<link rel=\"canonical\" href=\"https:\/\/tourtravelandmore.com\/fr\/tours\/maroc-fr\/marrakech-fr\/experience-du-desert-de-merzouga-visite-privee-de-3-jours-au-depart-de-marrakech\/\" \/>\n<meta property=\"og:locale\" content=\"fr_FR\" \/>\n<meta property=\"og:type\" content=\"article\" \/>\n<meta property=\"og:title\" content=\"Exp\u00e9rience du d\u00e9sert de Merzouga: visite priv\u00e9e de 3 jours au d\u00e9part de Marrakech\" \/>\n<meta property=\"og:description\" content=\"Profitez de cette visite priv\u00e9e du d\u00e9sert de Merzouga avec un guide local et exp\u00e9riment\u00e9 et un v\u00e9hicule avec chauffeur. Exp\u00e9rience du d\u00e9sert de Merzouga.\" \/>\n<meta property=\"og:url\" content=\"https:\/\/tourtravelandmore.com\/fr\/tours\/maroc-fr\/marrakech-fr\/experience-du-desert-de-merzouga-visite-privee-de-3-jours-au-depart-de-marrakech\/\" \/>\n<meta property=\"og:site_name\" content=\"Tour Travel And More\" \/>\n<meta property=\"article:publisher\" content=\"https:\/\/www.facebook.com\/tourtravelandmore\/\" \/>\n<meta property=\"article:modified_time\" content=\"2023-08-09T16:35:14+00:00\" \/>\n<meta property=\"og:image\" content=\"https:\/\/tourtravelandmore.com\/wp-content\/uploads\/2019\/02\/mwezouga.jpg\" \/>\n\t<meta property=\"og:image:width\" content=\"1024\" \/>\n\t<meta property=\"og:image:height\" content=\"683\" \/>\n\t<meta property=\"og:image:type\" content=\"image\/jpeg\" \/>\n<meta name=\"twitter:card\" content=\"summary_large_image\" \/>\n<meta name=\"twitter:site\" content=\"@TourTravel_More\" \/>\n<script type=\"application\/ld+json\" class=\"yoast-schema-graph\">{\"@context\":\"https:\/\/schema.org\",\"@graph\":[{\"@type\":\"WebPage\",\"@id\":\"https:\/\/tourtravelandmore.com\/fr\/tours\/maroc-fr\/marrakech-fr\/experience-du-desert-de-merzouga-visite-privee-de-3-jours-au-depart-de-marrakech\/\",\"url\":\"https:\/\/tourtravelandmore.com\/fr\/tours\/maroc-fr\/marrakech-fr\/experience-du-desert-de-merzouga-visite-privee-de-3-jours-au-depart-de-marrakech\/\",\"name\":\"Exp\u00e9rience du d\u00e9sert de Merzouga: visite priv\u00e9e de 3 jours du d\u00e9sert de Merzoouga.\",\"isPartOf\":{\"@id\":\"https:\/\/tourtravelandmore.com\/fr\/#website\"},\"primaryImageOfPage\":{\"@id\":\"https:\/\/tourtravelandmore.com\/fr\/tours\/maroc-fr\/marrakech-fr\/experience-du-desert-de-merzouga-visite-privee-de-3-jours-au-depart-de-marrakech\/#primaryimage\"},\"image\":{\"@id\":\"https:\/\/tourtravelandmore.com\/fr\/tours\/maroc-fr\/marrakech-fr\/experience-du-desert-de-merzouga-visite-privee-de-3-jours-au-depart-de-marrakech\/#primaryimage\"},\"thumbnailUrl\":\"https:\/\/tourtravelandmore.com\/wp-content\/uploads\/2019\/02\/mwezouga.jpg\",\"datePublished\":\"2019-02-11T17:05:10+00:00\",\"dateModified\":\"2023-08-09T16:35:14+00:00\",\"description\":\"Profitez de cette visite priv\u00e9e du d\u00e9sert de Merzouga avec un guide local et exp\u00e9riment\u00e9 et un v\u00e9hicule avec chauffeur. Exp\u00e9rience du d\u00e9sert de Merzouga.\",\"breadcrumb\":{\"@id\":\"https:\/\/tourtravelandmore.com\/fr\/tours\/maroc-fr\/marrakech-fr\/experience-du-desert-de-merzouga-visite-privee-de-3-jours-au-depart-de-marrakech\/#breadcrumb\"},\"inLanguage\":\"fr-FR\",\"potentialAction\":[{\"@type\":\"ReadAction\",\"target\":[\"https:\/\/tourtravelandmore.com\/fr\/tours\/maroc-fr\/marrakech-fr\/experience-du-desert-de-merzouga-visite-privee-de-3-jours-au-depart-de-marrakech\/\"]}]},{\"@type\":\"ImageObject\",\"inLanguage\":\"fr-FR\",\"@id\":\"https:\/\/tourtravelandmore.com\/fr\/tours\/maroc-fr\/marrakech-fr\/experience-du-desert-de-merzouga-visite-privee-de-3-jours-au-depart-de-marrakech\/#primaryimage\",\"url\":\"https:\/\/tourtravelandmore.com\/wp-content\/uploads\/2019\/02\/mwezouga.jpg\",\"contentUrl\":\"https:\/\/tourtravelandmore.com\/wp-content\/uploads\/2019\/02\/mwezouga.jpg\",\"width\":1024,\"height\":683},{\"@type\":\"BreadcrumbList\",\"@id\":\"https:\/\/tourtravelandmore.com\/fr\/tours\/maroc-fr\/marrakech-fr\/experience-du-desert-de-merzouga-visite-privee-de-3-jours-au-depart-de-marrakech\/#breadcrumb\",\"itemListElement\":[{\"@type\":\"ListItem\",\"position\":1,\"name\":\"Home\",\"item\":\"https:\/\/tourtravelandmore.com\/fr\/\"},{\"@type\":\"ListItem\",\"position\":2,\"name\":\"Tours\",\"item\":\"https:\/\/tourtravelandmore.com\/fr\/tours\/\"},{\"@type\":\"ListItem\",\"position\":3,\"name\":\"Exp\u00e9rience du d\u00e9sert de Merzouga: visite priv\u00e9e de 3 jours au d\u00e9part de Marrakech\"}]},{\"@type\":\"WebSite\",\"@id\":\"https:\/\/tourtravelandmore.com\/fr\/#website\",\"url\":\"https:\/\/tourtravelandmore.com\/fr\/\",\"name\":\"Tour Travel And More\",\"description\":\"Private sightseeing tours and luxury transfers in Spain\",\"publisher\":{\"@id\":\"https:\/\/tourtravelandmore.com\/fr\/#organization\"},\"potentialAction\":[{\"@type\":\"SearchAction\",\"target\":{\"@type\":\"EntryPoint\",\"urlTemplate\":\"https:\/\/tourtravelandmore.com\/fr\/?s={search_term_string}\"},\"query-input\":{\"@type\":\"PropertyValueSpecification\",\"valueRequired\":true,\"valueName\":\"search_term_string\"}}],\"inLanguage\":\"fr-FR\"},{\"@type\":\"Organization\",\"@id\":\"https:\/\/tourtravelandmore.com\/fr\/#organization\",\"name\":\"Tour Travel And More\",\"url\":\"https:\/\/tourtravelandmore.com\/fr\/\",\"logo\":{\"@type\":\"ImageObject\",\"inLanguage\":\"fr-FR\",\"@id\":\"https:\/\/tourtravelandmore.com\/fr\/#\/schema\/logo\/image\/\",\"url\":\"https:\/\/tourtravelandmore.com\/wp-content\/uploads\/2022\/12\/cropped-logo-cabecera-new.png\",\"contentUrl\":\"https:\/\/tourtravelandmore.com\/wp-content\/uploads\/2022\/12\/cropped-logo-cabecera-new.png\",\"width\":430,\"height\":61,\"caption\":\"Tour Travel And More\"},\"image\":{\"@id\":\"https:\/\/tourtravelandmore.com\/fr\/#\/schema\/logo\/image\/\"},\"sameAs\":[\"https:\/\/www.facebook.com\/tourtravelandmore\/\",\"https:\/\/x.com\/TourTravel_More\"]}]}<\/script>\n<!-- \/ Yoast SEO Premium plugin. -->","yoast_head_json":{"title":"Exp\u00e9rience du d\u00e9sert de Merzouga: visite priv\u00e9e de 3 jours du d\u00e9sert de Merzoouga.","description":"Profitez de cette visite priv\u00e9e du d\u00e9sert de Merzouga avec un guide local et exp\u00e9riment\u00e9 et un v\u00e9hicule avec chauffeur. Exp\u00e9rience du d\u00e9sert de Merzouga.","robots":{"index":"index","follow":"follow","max-snippet":"max-snippet:-1","max-image-preview":"max-image-preview:large","max-video-preview":"max-video-preview:-1"},"canonical":"https:\/\/tourtravelandmore.com\/fr\/tours\/maroc-fr\/marrakech-fr\/experience-du-desert-de-merzouga-visite-privee-de-3-jours-au-depart-de-marrakech\/","og_locale":"fr_FR","og_type":"article","og_title":"Exp\u00e9rience du d\u00e9sert de Merzouga: visite priv\u00e9e de 3 jours au d\u00e9part de Marrakech","og_description":"Profitez de cette visite priv\u00e9e du d\u00e9sert de Merzouga avec un guide local et exp\u00e9riment\u00e9 et un v\u00e9hicule avec chauffeur. Exp\u00e9rience du d\u00e9sert de Merzouga.","og_url":"https:\/\/tourtravelandmore.com\/fr\/tours\/maroc-fr\/marrakech-fr\/experience-du-desert-de-merzouga-visite-privee-de-3-jours-au-depart-de-marrakech\/","og_site_name":"Tour Travel And More","article_publisher":"https:\/\/www.facebook.com\/tourtravelandmore\/","article_modified_time":"2023-08-09T16:35:14+00:00","og_image":[{"width":1024,"height":683,"url":"https:\/\/tourtravelandmore.com\/wp-content\/uploads\/2019\/02\/mwezouga.jpg","type":"image\/jpeg"}],"twitter_card":"summary_large_image","twitter_site":"@TourTravel_More","schema":{"@context":"https:\/\/schema.org","@graph":[{"@type":"WebPage","@id":"https:\/\/tourtravelandmore.com\/fr\/tours\/maroc-fr\/marrakech-fr\/experience-du-desert-de-merzouga-visite-privee-de-3-jours-au-depart-de-marrakech\/","url":"https:\/\/tourtravelandmore.com\/fr\/tours\/maroc-fr\/marrakech-fr\/experience-du-desert-de-merzouga-visite-privee-de-3-jours-au-depart-de-marrakech\/","name":"Exp\u00e9rience du d\u00e9sert de Merzouga: visite priv\u00e9e de 3 jours du d\u00e9sert de Merzoouga.","isPartOf":{"@id":"https:\/\/tourtravelandmore.com\/fr\/#website"},"primaryImageOfPage":{"@id":"https:\/\/tourtravelandmore.com\/fr\/tours\/maroc-fr\/marrakech-fr\/experience-du-desert-de-merzouga-visite-privee-de-3-jours-au-depart-de-marrakech\/#primaryimage"},"image":{"@id":"https:\/\/tourtravelandmore.com\/fr\/tours\/maroc-fr\/marrakech-fr\/experience-du-desert-de-merzouga-visite-privee-de-3-jours-au-depart-de-marrakech\/#primaryimage"},"thumbnailUrl":"https:\/\/tourtravelandmore.com\/wp-content\/uploads\/2019\/02\/mwezouga.jpg","datePublished":"2019-02-11T17:05:10+00:00","dateModified":"2023-08-09T16:35:14+00:00","description":"Profitez de cette visite priv\u00e9e du d\u00e9sert de Merzouga avec un guide local et exp\u00e9riment\u00e9 et un v\u00e9hicule avec chauffeur. Exp\u00e9rience du d\u00e9sert de Merzouga.","breadcrumb":{"@id":"https:\/\/tourtravelandmore.com\/fr\/tours\/maroc-fr\/marrakech-fr\/experience-du-desert-de-merzouga-visite-privee-de-3-jours-au-depart-de-marrakech\/#breadcrumb"},"inLanguage":"fr-FR","potentialAction":[{"@type":"ReadAction","target":["https:\/\/tourtravelandmore.com\/fr\/tours\/maroc-fr\/marrakech-fr\/experience-du-desert-de-merzouga-visite-privee-de-3-jours-au-depart-de-marrakech\/"]}]},{"@type":"ImageObject","inLanguage":"fr-FR","@id":"https:\/\/tourtravelandmore.com\/fr\/tours\/maroc-fr\/marrakech-fr\/experience-du-desert-de-merzouga-visite-privee-de-3-jours-au-depart-de-marrakech\/#primaryimage","url":"https:\/\/tourtravelandmore.com\/wp-content\/uploads\/2019\/02\/mwezouga.jpg","contentUrl":"https:\/\/tourtravelandmore.com\/wp-content\/uploads\/2019\/02\/mwezouga.jpg","width":1024,"height":683},{"@type":"BreadcrumbList","@id":"https:\/\/tourtravelandmore.com\/fr\/tours\/maroc-fr\/marrakech-fr\/experience-du-desert-de-merzouga-visite-privee-de-3-jours-au-depart-de-marrakech\/#breadcrumb","itemListElement":[{"@type":"ListItem","position":1,"name":"Home","item":"https:\/\/tourtravelandmore.com\/fr\/"},{"@type":"ListItem","position":2,"name":"Tours","item":"https:\/\/tourtravelandmore.com\/fr\/tours\/"},{"@type":"ListItem","position":3,"name":"Exp\u00e9rience du d\u00e9sert de Merzouga: visite priv\u00e9e de 3 jours au d\u00e9part de Marrakech"}]},{"@type":"WebSite","@id":"https:\/\/tourtravelandmore.com\/fr\/#website","url":"https:\/\/tourtravelandmore.com\/fr\/","name":"Tour Travel And More","description":"Private sightseeing tours and luxury transfers in Spain","publisher":{"@id":"https:\/\/tourtravelandmore.com\/fr\/#organization"},"potentialAction":[{"@type":"SearchAction","target":{"@type":"EntryPoint","urlTemplate":"https:\/\/tourtravelandmore.com\/fr\/?s={search_term_string}"},"query-input":{"@type":"PropertyValueSpecification","valueRequired":true,"valueName":"search_term_string"}}],"inLanguage":"fr-FR"},{"@type":"Organization","@id":"https:\/\/tourtravelandmore.com\/fr\/#organization","name":"Tour Travel And More","url":"https:\/\/tourtravelandmore.com\/fr\/","logo":{"@type":"ImageObject","inLanguage":"fr-FR","@id":"https:\/\/tourtravelandmore.com\/fr\/#\/schema\/logo\/image\/","url":"https:\/\/tourtravelandmore.com\/wp-content\/uploads\/2022\/12\/cropped-logo-cabecera-new.png","contentUrl":"https:\/\/tourtravelandmore.com\/wp-content\/uploads\/2022\/12\/cropped-logo-cabecera-new.png","width":430,"height":61,"caption":"Tour Travel And More"},"image":{"@id":"https:\/\/tourtravelandmore.com\/fr\/#\/schema\/logo\/image\/"},"sameAs":["https:\/\/www.facebook.com\/tourtravelandmore\/","https:\/\/x.com\/TourTravel_More"]}]}},"_links":{"self":[{"href":"https:\/\/tourtravelandmore.com\/fr\/wp-json\/wp\/v2\/product\/105413","targetHints":{"allow":["GET"]}}],"collection":[{"href":"https:\/\/tourtravelandmore.com\/fr\/wp-json\/wp\/v2\/product"}],"about":[{"href":"https:\/\/tourtravelandmore.com\/fr\/wp-json\/wp\/v2\/types\/product"}],"replies":[{"embeddable":true,"href":"https:\/\/tourtravelandmore.com\/fr\/wp-json\/wp\/v2\/comments?post=105413"}],"wp:featuredmedia":[{"embeddable":true,"href":"https:\/\/tourtravelandmore.com\/fr\/wp-json\/wp\/v2\/media\/95581"}],"wp:attachment":[{"href":"https:\/\/tourtravelandmore.com\/fr\/wp-json\/wp\/v2\/media?parent=105413"}],"wp:term":[{"taxonomy":"product_brand","embeddable":true,"href":"https:\/\/tourtravelandmore.com\/fr\/wp-json\/wp\/v2\/product_brand?post=105413"},{"taxonomy":"product_cat","embeddable":true,"href":"https:\/\/tourtravelandmore.com\/fr\/wp-json\/wp\/v2\/product_cat?post=105413"},{"taxonomy":"product_tag","embeddable":true,"href":"https:\/\/tourtravelandmore.com\/fr\/wp-json\/wp\/v2\/product_tag?post=105413"}],"curies":[{"name":"wp","href":"https:\/\/api.w.org\/{rel}","templated":true}]}}