{"id":105408,"date":"2019-02-11T17:26:34","date_gmt":"2019-02-11T16:26:34","guid":{"rendered":"https:\/\/tourtravelandmore.com\/tours\/non%20class\u00e9\/experience-dans-les-montagnes-de-latlas-4-vallees\/"},"modified":"2023-05-11T20:56:16","modified_gmt":"2023-05-11T18:56:16","slug":"experience-dans-les-montagnes-de-latlas-4-vallees","status":"publish","type":"product","link":"https:\/\/tourtravelandmore.com\/fr\/tours\/maroc-fr\/marrakech-fr\/experience-dans-les-montagnes-de-latlas-4-vallees\/","title":{"rendered":"Exp\u00e9rience dans les montagnes de l&#8217;Atlas: 4 vall\u00e9es"},"content":{"rendered":"<h2>Description<\/h2>\n<p>Profitez de cette exp\u00e9rience priv\u00e9e des montagnes de l&#8217;Atlas avec la prise en charge \u00e0 votre h\u00f4tel ou riad pour nous diriger vers les c\u00e9l\u00e8bres montagnes de l&#8217;Atlas. Au cours de cette visite, nous admirerons cette incroyable cha\u00eene de montagnes connue pour son paysage verdoyant spectaculaire. Le premier sera la vall\u00e9e d&#8217;Orika o\u00f9 nous admirerons ses c\u00e9l\u00e8bres cascades et nous prom\u00e8nerons le long de la montagne. Ceci est une exp\u00e9rience compl\u00e8te des montagnes de l&#8217;Atlas.<\/p>\n<p>Nous rencontrerons les femmes berb\u00e8res qui sont connues pour extraire l&#8217;huile d&#8217;argan.Au cours de cette promenade, nous verrons de nombreux villages avec tr\u00e8s peu de population, mais pas moins sp\u00e9ciaux car nous verrons ses c\u00e9l\u00e8bres maisons construites en adobe et en pierre.Pour terminer cette visite, nous allons visitez la vall\u00e9e d&#8217;Asni, connue pour ses c\u00e9l\u00e8bres arbres fruitiers (pommes, amandes, p\u00eaches &#8230;), un autre des sites que vous n&#8217;oublierez jamais de ce circuit sont ceux des sommets enneig\u00e9s.<\/p>\n<p>Pour cette exp\u00e9rience priv\u00e9e, nous pouvons organiser une prise en charge depuis Marrakech. Le retour peut \u00eatre bien s\u00fbr \u00e0 Marrakech, \u00e0 votre h\u00f4tel ou m\u00eame \u00e0 l&#8217;a\u00e9roport. Nous pouvons \u00e9galement faire un d\u00e9p\u00f4t dans une autre ville comme F\u00e8s si vous le souhaitez.<\/p>\n<h2>Sites d&#8217;int\u00e9r\u00eat et monuments<\/h2>\n<p>L&#8217;excursion priv\u00e9e commencera par la prise en charge \u00e0 votre h\u00f4tel ou riad dans votre v\u00e9hicule priv\u00e9 pour atteindre les montagnes de l&#8217;Atlas situ\u00e9es pr\u00e8s de Marrakech. Nous d\u00e9couvrirons cet endroit incroyable o\u00f9 vous profiterez d&#8217;un paysage verdoyant.<\/p>\n<p>Nous rencontrerons les femmes berb\u00e8res qui sont connues pour extraire l&#8217;huile d&#8217;argan. Au cours de cette promenade, nous verrons de nombreux villages tr\u00e8s peu peupl\u00e9s, mais pas moins sp\u00e9ciaux car nous verrons ses c\u00e9l\u00e8bres maisons construites en pis\u00e9 et en pierre. Pour terminer cette excursion, nous visiterons la vall\u00e9e d&#8217;Asni, connue pour ses c\u00e9l\u00e8bres arbres fruitiers (pommes, amandes, p\u00eaches&#8230;), une autre des vues que vous n&#8217;oublierez jamais de cette excursion sont celles des pics enneig\u00e9s.<\/p>\n<p>La vall\u00e9e de l&#8217;Amizmiz est situ\u00e9e \u00e0 environ 60 km au sud-ouest de Marrakech. Elle est connue pour ses paysages magnifiques, ses villages berb\u00e8res traditionnels et son souk (march\u00e9) hebdomadaire o\u00f9 les habitants viennent vendre leurs marchandises.<\/p>\n<p>La vall\u00e9e d&#8217;Asni est situ\u00e9e \u00e0 environ 45 km au sud de Marrakech. Elle est connue pour ses vues imprenables sur le mont Toubkal, le plus haut sommet d&#8217;Afrique du Nord. C&#8217;est \u00e9galement un point de d\u00e9part populaire pour les exp\u00e9ditions de randonn\u00e9e et de trekking.<\/p>\n<p>La vall\u00e9e d&#8217;Imlil est situ\u00e9e \u00e0 environ 65 km au sud de Marrakech. C&#8217;est une base populaire pour les randonneurs et les trekkeurs qui explorent les montagnes du Haut Atlas. Elle abrite \u00e9galement plusieurs villages berb\u00e8res traditionnels.<\/p>\n<p>La vall\u00e9e de l&#8217;Aremd est situ\u00e9e au c\u0153ur du Haut Atlas et est connue pour ses maisons traditionnelles en briques de terre et ses cultures en terrasses. C&#8217;est \u00e9galement un point de d\u00e9part populaire pour les treks vers le massif du Toubkal, qui comprend le mont Toubkal.<\/p>\n<p>L&#8217;Atlas du Maroc est, en fait, un syst\u00e8me montagneux qui traverse tout le nord-ouest de l&#8217;Afrique, depuis la Tunisie et passant par l&#8217;Alg\u00e9rie, sur 2400 kilom\u00e8tres. Son plus haut sommet est le Toubkal, avec 4 167 m\u00e8tres, d\u00e9j\u00e0 en territoire marocain. La population de l&#8217;Atlas est majoritairement berb\u00e8re, tant dans ce pays qu&#8217;en Alg\u00e9rie.<\/p>\n<p>D\u00e9couvrez nos visites priv\u00e9es \u00e0 Marrakech et tout ce que nous proposons.<\/p>\n","protected":false},"excerpt":{"rendered":"<p>Rejoignez-nous pour cette excursion priv\u00e9e d&#8217;une journ\u00e9e dans les montagnes de l&#8217;Atlas depuis la ville de Marrakech. Profitez de ses magnifiques vall\u00e9es verdoyantes et de ses vues \u00e0 couper le souffle avec votre guide officiel priv\u00e9. Vous pourrez admirer ses c\u00e9l\u00e8bres villages berb\u00e8res r\u00e9put\u00e9s pour la fabrication d&#8217;huile d&#8217;argan. Prise en charge \u00e0 l&#8217;endroit de votre choix \u00e0 Marrakech.<\/p>\n","protected":false},"featured_media":95577,"comment_status":"open","ping_status":"closed","template":"","meta":{"_acf_changed":false},"product_brand":[],"product_cat":[4401,4403,3726,3820],"product_tag":[],"class_list":{"0":"post-105408","1":"product","2":"type-product","3":"status-publish","4":"has-post-thumbnail","6":"product_cat-all-private-tours-activities-fr-7","7":"product_cat-private-day-trips-fr-13","8":"product_cat-maroc-fr","9":"product_cat-marrakech-fr","11":"first","12":"instock","13":"shipping-taxable","14":"purchasable","15":"product-type-simple"},"acf":[],"yoast_head":"<!-- This site is optimized with the Yoast SEO Premium plugin v25.3.1 (Yoast SEO v25.3.1) - https:\/\/yoast.com\/wordpress\/plugins\/seo\/ -->\n<title>Visite priv\u00e9e d&#039;une journ\u00e9e de l&#039;Atlas Mountanis. Exp\u00e9rience des montagnes de l&#039;Atlas<\/title>\n<meta name=\"description\" content=\"Profitez de cette visite priv\u00e9e des montagnes de l&#039;Atlas avec un guide local et exp\u00e9riment\u00e9 et un v\u00e9hicule avec chauffeur. Exp\u00e9rience des montagnes de l&#039;Atlas\" \/>\n<meta name=\"robots\" content=\"index, follow, max-snippet:-1, max-image-preview:large, max-video-preview:-1\" \/>\n<link rel=\"canonical\" href=\"https:\/\/tourtravelandmore.com\/fr\/tours\/maroc-fr\/marrakech-fr\/experience-dans-les-montagnes-de-latlas-4-vallees\/\" \/>\n<meta property=\"og:locale\" content=\"fr_FR\" \/>\n<meta property=\"og:type\" content=\"article\" \/>\n<meta property=\"og:title\" content=\"Exp\u00e9rience dans les montagnes de l&#039;Atlas: 4 vall\u00e9es\" \/>\n<meta property=\"og:description\" content=\"Profitez de cette visite priv\u00e9e des montagnes de l&#039;Atlas avec un guide local et exp\u00e9riment\u00e9 et un v\u00e9hicule avec chauffeur. Exp\u00e9rience des montagnes de l&#039;Atlas\" \/>\n<meta property=\"og:url\" content=\"https:\/\/tourtravelandmore.com\/fr\/tours\/maroc-fr\/marrakech-fr\/experience-dans-les-montagnes-de-latlas-4-vallees\/\" \/>\n<meta property=\"og:site_name\" content=\"Tour Travel And More\" \/>\n<meta property=\"article:publisher\" content=\"https:\/\/www.facebook.com\/tourtravelandmore\/\" \/>\n<meta property=\"article:modified_time\" content=\"2023-05-11T18:56:16+00:00\" \/>\n<meta property=\"og:image\" content=\"https:\/\/tourtravelandmore.com\/wp-content\/uploads\/2019\/02\/Vallee-des-roses.jpg\" \/>\n\t<meta property=\"og:image:width\" content=\"800\" \/>\n\t<meta property=\"og:image:height\" content=\"530\" \/>\n\t<meta property=\"og:image:type\" content=\"image\/jpeg\" \/>\n<meta name=\"twitter:card\" content=\"summary_large_image\" \/>\n<meta name=\"twitter:site\" content=\"@TourTravel_More\" \/>\n<meta name=\"twitter:label1\" content=\"Dur\u00e9e de lecture estim\u00e9e\" \/>\n\t<meta name=\"twitter:data1\" content=\"3 minutes\" \/>\n<script type=\"application\/ld+json\" class=\"yoast-schema-graph\">{\"@context\":\"https:\/\/schema.org\",\"@graph\":[{\"@type\":\"WebPage\",\"@id\":\"https:\/\/tourtravelandmore.com\/fr\/tours\/maroc-fr\/marrakech-fr\/experience-dans-les-montagnes-de-latlas-4-vallees\/\",\"url\":\"https:\/\/tourtravelandmore.com\/fr\/tours\/maroc-fr\/marrakech-fr\/experience-dans-les-montagnes-de-latlas-4-vallees\/\",\"name\":\"Visite priv\u00e9e d'une journ\u00e9e de l'Atlas Mountanis. Exp\u00e9rience des montagnes de l'Atlas\",\"isPartOf\":{\"@id\":\"https:\/\/tourtravelandmore.com\/fr\/#website\"},\"primaryImageOfPage\":{\"@id\":\"https:\/\/tourtravelandmore.com\/fr\/tours\/maroc-fr\/marrakech-fr\/experience-dans-les-montagnes-de-latlas-4-vallees\/#primaryimage\"},\"image\":{\"@id\":\"https:\/\/tourtravelandmore.com\/fr\/tours\/maroc-fr\/marrakech-fr\/experience-dans-les-montagnes-de-latlas-4-vallees\/#primaryimage\"},\"thumbnailUrl\":\"https:\/\/tourtravelandmore.com\/wp-content\/uploads\/2019\/02\/Vallee-des-roses.jpg\",\"datePublished\":\"2019-02-11T16:26:34+00:00\",\"dateModified\":\"2023-05-11T18:56:16+00:00\",\"description\":\"Profitez de cette visite priv\u00e9e des montagnes de l'Atlas avec un guide local et exp\u00e9riment\u00e9 et un v\u00e9hicule avec chauffeur. Exp\u00e9rience des montagnes de l'Atlas\",\"breadcrumb\":{\"@id\":\"https:\/\/tourtravelandmore.com\/fr\/tours\/maroc-fr\/marrakech-fr\/experience-dans-les-montagnes-de-latlas-4-vallees\/#breadcrumb\"},\"inLanguage\":\"fr-FR\",\"potentialAction\":[{\"@type\":\"ReadAction\",\"target\":[\"https:\/\/tourtravelandmore.com\/fr\/tours\/maroc-fr\/marrakech-fr\/experience-dans-les-montagnes-de-latlas-4-vallees\/\"]}]},{\"@type\":\"ImageObject\",\"inLanguage\":\"fr-FR\",\"@id\":\"https:\/\/tourtravelandmore.com\/fr\/tours\/maroc-fr\/marrakech-fr\/experience-dans-les-montagnes-de-latlas-4-vallees\/#primaryimage\",\"url\":\"https:\/\/tourtravelandmore.com\/wp-content\/uploads\/2019\/02\/Vallee-des-roses.jpg\",\"contentUrl\":\"https:\/\/tourtravelandmore.com\/wp-content\/uploads\/2019\/02\/Vallee-des-roses.jpg\",\"width\":800,\"height\":530},{\"@type\":\"BreadcrumbList\",\"@id\":\"https:\/\/tourtravelandmore.com\/fr\/tours\/maroc-fr\/marrakech-fr\/experience-dans-les-montagnes-de-latlas-4-vallees\/#breadcrumb\",\"itemListElement\":[{\"@type\":\"ListItem\",\"position\":1,\"name\":\"Home\",\"item\":\"https:\/\/tourtravelandmore.com\/fr\/\"},{\"@type\":\"ListItem\",\"position\":2,\"name\":\"Tours\",\"item\":\"https:\/\/tourtravelandmore.com\/fr\/tours\/\"},{\"@type\":\"ListItem\",\"position\":3,\"name\":\"Exp\u00e9rience dans les montagnes de l&rsquo;Atlas: 4 vall\u00e9es\"}]},{\"@type\":\"WebSite\",\"@id\":\"https:\/\/tourtravelandmore.com\/fr\/#website\",\"url\":\"https:\/\/tourtravelandmore.com\/fr\/\",\"name\":\"Tour Travel And More\",\"description\":\"Private sightseeing tours and luxury transfers in Spain\",\"publisher\":{\"@id\":\"https:\/\/tourtravelandmore.com\/fr\/#organization\"},\"potentialAction\":[{\"@type\":\"SearchAction\",\"target\":{\"@type\":\"EntryPoint\",\"urlTemplate\":\"https:\/\/tourtravelandmore.com\/fr\/?s={search_term_string}\"},\"query-input\":{\"@type\":\"PropertyValueSpecification\",\"valueRequired\":true,\"valueName\":\"search_term_string\"}}],\"inLanguage\":\"fr-FR\"},{\"@type\":\"Organization\",\"@id\":\"https:\/\/tourtravelandmore.com\/fr\/#organization\",\"name\":\"Tour Travel And More\",\"url\":\"https:\/\/tourtravelandmore.com\/fr\/\",\"logo\":{\"@type\":\"ImageObject\",\"inLanguage\":\"fr-FR\",\"@id\":\"https:\/\/tourtravelandmore.com\/fr\/#\/schema\/logo\/image\/\",\"url\":\"https:\/\/tourtravelandmore.com\/wp-content\/uploads\/2022\/12\/cropped-logo-cabecera-new.png\",\"contentUrl\":\"https:\/\/tourtravelandmore.com\/wp-content\/uploads\/2022\/12\/cropped-logo-cabecera-new.png\",\"width\":430,\"height\":61,\"caption\":\"Tour Travel And More\"},\"image\":{\"@id\":\"https:\/\/tourtravelandmore.com\/fr\/#\/schema\/logo\/image\/\"},\"sameAs\":[\"https:\/\/www.facebook.com\/tourtravelandmore\/\",\"https:\/\/x.com\/TourTravel_More\"]}]}<\/script>\n<!-- \/ Yoast SEO Premium plugin. -->","yoast_head_json":{"title":"Visite priv\u00e9e d'une journ\u00e9e de l'Atlas Mountanis. Exp\u00e9rience des montagnes de l'Atlas","description":"Profitez de cette visite priv\u00e9e des montagnes de l'Atlas avec un guide local et exp\u00e9riment\u00e9 et un v\u00e9hicule avec chauffeur. Exp\u00e9rience des montagnes de l'Atlas","robots":{"index":"index","follow":"follow","max-snippet":"max-snippet:-1","max-image-preview":"max-image-preview:large","max-video-preview":"max-video-preview:-1"},"canonical":"https:\/\/tourtravelandmore.com\/fr\/tours\/maroc-fr\/marrakech-fr\/experience-dans-les-montagnes-de-latlas-4-vallees\/","og_locale":"fr_FR","og_type":"article","og_title":"Exp\u00e9rience dans les montagnes de l'Atlas: 4 vall\u00e9es","og_description":"Profitez de cette visite priv\u00e9e des montagnes de l'Atlas avec un guide local et exp\u00e9riment\u00e9 et un v\u00e9hicule avec chauffeur. Exp\u00e9rience des montagnes de l'Atlas","og_url":"https:\/\/tourtravelandmore.com\/fr\/tours\/maroc-fr\/marrakech-fr\/experience-dans-les-montagnes-de-latlas-4-vallees\/","og_site_name":"Tour Travel And More","article_publisher":"https:\/\/www.facebook.com\/tourtravelandmore\/","article_modified_time":"2023-05-11T18:56:16+00:00","og_image":[{"width":800,"height":530,"url":"https:\/\/tourtravelandmore.com\/wp-content\/uploads\/2019\/02\/Vallee-des-roses.jpg","type":"image\/jpeg"}],"twitter_card":"summary_large_image","twitter_site":"@TourTravel_More","twitter_misc":{"Dur\u00e9e de lecture estim\u00e9e":"3 minutes"},"schema":{"@context":"https:\/\/schema.org","@graph":[{"@type":"WebPage","@id":"https:\/\/tourtravelandmore.com\/fr\/tours\/maroc-fr\/marrakech-fr\/experience-dans-les-montagnes-de-latlas-4-vallees\/","url":"https:\/\/tourtravelandmore.com\/fr\/tours\/maroc-fr\/marrakech-fr\/experience-dans-les-montagnes-de-latlas-4-vallees\/","name":"Visite priv\u00e9e d'une journ\u00e9e de l'Atlas Mountanis. Exp\u00e9rience des montagnes de l'Atlas","isPartOf":{"@id":"https:\/\/tourtravelandmore.com\/fr\/#website"},"primaryImageOfPage":{"@id":"https:\/\/tourtravelandmore.com\/fr\/tours\/maroc-fr\/marrakech-fr\/experience-dans-les-montagnes-de-latlas-4-vallees\/#primaryimage"},"image":{"@id":"https:\/\/tourtravelandmore.com\/fr\/tours\/maroc-fr\/marrakech-fr\/experience-dans-les-montagnes-de-latlas-4-vallees\/#primaryimage"},"thumbnailUrl":"https:\/\/tourtravelandmore.com\/wp-content\/uploads\/2019\/02\/Vallee-des-roses.jpg","datePublished":"2019-02-11T16:26:34+00:00","dateModified":"2023-05-11T18:56:16+00:00","description":"Profitez de cette visite priv\u00e9e des montagnes de l'Atlas avec un guide local et exp\u00e9riment\u00e9 et un v\u00e9hicule avec chauffeur. Exp\u00e9rience des montagnes de l'Atlas","breadcrumb":{"@id":"https:\/\/tourtravelandmore.com\/fr\/tours\/maroc-fr\/marrakech-fr\/experience-dans-les-montagnes-de-latlas-4-vallees\/#breadcrumb"},"inLanguage":"fr-FR","potentialAction":[{"@type":"ReadAction","target":["https:\/\/tourtravelandmore.com\/fr\/tours\/maroc-fr\/marrakech-fr\/experience-dans-les-montagnes-de-latlas-4-vallees\/"]}]},{"@type":"ImageObject","inLanguage":"fr-FR","@id":"https:\/\/tourtravelandmore.com\/fr\/tours\/maroc-fr\/marrakech-fr\/experience-dans-les-montagnes-de-latlas-4-vallees\/#primaryimage","url":"https:\/\/tourtravelandmore.com\/wp-content\/uploads\/2019\/02\/Vallee-des-roses.jpg","contentUrl":"https:\/\/tourtravelandmore.com\/wp-content\/uploads\/2019\/02\/Vallee-des-roses.jpg","width":800,"height":530},{"@type":"BreadcrumbList","@id":"https:\/\/tourtravelandmore.com\/fr\/tours\/maroc-fr\/marrakech-fr\/experience-dans-les-montagnes-de-latlas-4-vallees\/#breadcrumb","itemListElement":[{"@type":"ListItem","position":1,"name":"Home","item":"https:\/\/tourtravelandmore.com\/fr\/"},{"@type":"ListItem","position":2,"name":"Tours","item":"https:\/\/tourtravelandmore.com\/fr\/tours\/"},{"@type":"ListItem","position":3,"name":"Exp\u00e9rience dans les montagnes de l&rsquo;Atlas: 4 vall\u00e9es"}]},{"@type":"WebSite","@id":"https:\/\/tourtravelandmore.com\/fr\/#website","url":"https:\/\/tourtravelandmore.com\/fr\/","name":"Tour Travel And More","description":"Private sightseeing tours and luxury transfers in Spain","publisher":{"@id":"https:\/\/tourtravelandmore.com\/fr\/#organization"},"potentialAction":[{"@type":"SearchAction","target":{"@type":"EntryPoint","urlTemplate":"https:\/\/tourtravelandmore.com\/fr\/?s={search_term_string}"},"query-input":{"@type":"PropertyValueSpecification","valueRequired":true,"valueName":"search_term_string"}}],"inLanguage":"fr-FR"},{"@type":"Organization","@id":"https:\/\/tourtravelandmore.com\/fr\/#organization","name":"Tour Travel And More","url":"https:\/\/tourtravelandmore.com\/fr\/","logo":{"@type":"ImageObject","inLanguage":"fr-FR","@id":"https:\/\/tourtravelandmore.com\/fr\/#\/schema\/logo\/image\/","url":"https:\/\/tourtravelandmore.com\/wp-content\/uploads\/2022\/12\/cropped-logo-cabecera-new.png","contentUrl":"https:\/\/tourtravelandmore.com\/wp-content\/uploads\/2022\/12\/cropped-logo-cabecera-new.png","width":430,"height":61,"caption":"Tour Travel And More"},"image":{"@id":"https:\/\/tourtravelandmore.com\/fr\/#\/schema\/logo\/image\/"},"sameAs":["https:\/\/www.facebook.com\/tourtravelandmore\/","https:\/\/x.com\/TourTravel_More"]}]}},"_links":{"self":[{"href":"https:\/\/tourtravelandmore.com\/fr\/wp-json\/wp\/v2\/product\/105408","targetHints":{"allow":["GET"]}}],"collection":[{"href":"https:\/\/tourtravelandmore.com\/fr\/wp-json\/wp\/v2\/product"}],"about":[{"href":"https:\/\/tourtravelandmore.com\/fr\/wp-json\/wp\/v2\/types\/product"}],"replies":[{"embeddable":true,"href":"https:\/\/tourtravelandmore.com\/fr\/wp-json\/wp\/v2\/comments?post=105408"}],"wp:featuredmedia":[{"embeddable":true,"href":"https:\/\/tourtravelandmore.com\/fr\/wp-json\/wp\/v2\/media\/95577"}],"wp:attachment":[{"href":"https:\/\/tourtravelandmore.com\/fr\/wp-json\/wp\/v2\/media?parent=105408"}],"wp:term":[{"taxonomy":"product_brand","embeddable":true,"href":"https:\/\/tourtravelandmore.com\/fr\/wp-json\/wp\/v2\/product_brand?post=105408"},{"taxonomy":"product_cat","embeddable":true,"href":"https:\/\/tourtravelandmore.com\/fr\/wp-json\/wp\/v2\/product_cat?post=105408"},{"taxonomy":"product_tag","embeddable":true,"href":"https:\/\/tourtravelandmore.com\/fr\/wp-json\/wp\/v2\/product_tag?post=105408"}],"curies":[{"name":"wp","href":"https:\/\/api.w.org\/{rel}","templated":true}]}}