{"id":105403,"date":"2019-02-11T13:14:58","date_gmt":"2019-02-11T12:14:58","guid":{"rendered":"https:\/\/tourtravelandmore.com\/tours\/non%20class\u00e9\/visite-privee-de-casablanca-au-depart-de-marrakech\/"},"modified":"2023-08-29T19:59:24","modified_gmt":"2023-08-29T17:59:24","slug":"visite-privee-de-casablanca-au-depart-de-marrakech","status":"publish","type":"product","link":"https:\/\/tourtravelandmore.com\/fr\/tours\/maroc-fr\/marrakech-fr\/visite-privee-de-casablanca-au-depart-de-marrakech\/","title":{"rendered":"Visite priv\u00e9e de Casablanca au d\u00e9part de Marrakech"},"content":{"rendered":"<h2>Description<\/h2>\n<p>Prenez une journ\u00e9e hors de notre temps \u00e0 <strong>Marrakech<\/strong> et rendez-vous dans la <strong>c\u00e9l\u00e8bre ville<\/strong> de <strong>Casablanca.<\/strong> Notre visite priv\u00e9e de <strong>Casablanca<\/strong> au d\u00e9part de <strong>Marrakech<\/strong> est parfaite pour cette exp\u00e9rience.<\/p>\n<p>Profitez des sites les plus embl\u00e9matiques de Casablanca en commen\u00e7ant votre visite priv\u00e9e avec votre guide officiel visitant la place <strong>Mohamed<\/strong> <strong>V<\/strong>. Il est connu pour son architecture pittoresque qui sera plus tard copi\u00e9e par de nombreux b\u00e2timents de la ville.<\/p>\n<p>Ensuite, notre guide nous conduira \u00e0 travers le march\u00e9 central et le palais royal, situ\u00e9s juste \u00e0 c\u00f4t\u00e9.<\/p>\n<p>Ensuite, nous entrerons dans la m\u00e9dina de la ville en appr\u00e9ciant les couleurs, les sons et les odeurs marocaines. L&#8217;un des arr\u00eats obligatoires de cette visite est la mosqu\u00e9e <strong>Hassan II<\/strong> o\u00f9 notre guide priv\u00e9 officiel nous racontera les histoires les plus int\u00e9ressantes, \u00e9tant la troisi\u00e8me plus grande mosqu\u00e9e du monde.<\/p>\n<p>La derni\u00e8re \u00e9tape de ce magnifique circuit sera <strong>La Corniche,<\/strong> le magnifique front de mer de <strong>Casablanca<\/strong> o\u00f9 vous pourrez prendre un caf\u00e9 avec vue sur l&#8217;oc\u00e9an <strong>Atlantique<\/strong> ou simplement vous promener. Un arr\u00eat facultatif et non moins important est la visite du c\u00e9l\u00e8bre Rick&#8217;s Cafe, qui a \u00e9t\u00e9 con\u00e7u pour recr\u00e9er le bar devenu c\u00e9l\u00e8bre pour Humphrey Bogart et Ingrid Bergman dans le film classique Casablanca.<\/p>\n<p>Profitez de la flexibilit\u00e9 de cette visite o\u00f9 nous pouvons nous concentrer sur les lieux qui vous int\u00e9ressent le plus.<\/p>\n<h2>Sites d&#8217;int\u00e9r\u00eat et monuments<\/h2>\n<p>La <strong>visite priv\u00e9e<\/strong> de <strong>Casablanca<\/strong> au <strong>d\u00e9part<\/strong> de <strong>Marrakech<\/strong> commencera par la prise en charge \u00e0 votre h\u00f4tel ou riad dans votre v\u00e9hicule priv\u00e9 avec chauffeur pour vous rendre \u00e0 Casablanca. Il est situ\u00e9 tout pr\u00e8s de <strong>Marrakech.<\/strong><\/p>\n<p>Une fois \u00e0 <strong>Casablanca,<\/strong> votre guide vous fera traverser les points les plus embl\u00e9matiques de cette ville o\u00f9 vous d\u00e9couvrirez des ann\u00e9es de patrimoine culturel marocain.<\/p>\n<p>Entre autres monuments et sites touristiques, vous pouvez apprendre \u00e0 conna\u00eetre:<\/p>\n<ul>\n<li><strong>Mosqu\u00e9e du roi Hassan II<\/strong><\/li>\n<li><strong>Place Mohammed V<\/strong><\/li>\n<li><strong>Le mus\u00e9e juif marocain<\/strong><\/li>\n<li><strong>La Corniche (La Corniche)<\/strong><\/li>\n<li><strong>Beaucoup plus!<\/strong><\/li>\n<\/ul>\n<p>Enfin, notre chauffeur priv\u00e9 vous ram\u00e8nera vers votre h\u00f4tel ou lieu de choix \u00e0 Marrakech.<\/p>\n","protected":false},"excerpt":{"rendered":"<p>Casablanca est l&#8217;une des plus belles villes du Maroc qui m\u00e9rite vraiment d&#8217;\u00eatre visit\u00e9e. Profitez de cette excursion priv\u00e9e d&#8217;une journ\u00e9e compl\u00e8te au d\u00e9part de Marrakech dans un v\u00e9hicule avec chauffeur priv\u00e9. Au cours de cette visite, vous pourrez profiter de la m\u00e9dina (vieille ville de la ville) et des points les plus embl\u00e9matiques de la ville tels que la mosqu\u00e9e Hassan II et la magnifique promenade de la Corniche.<\/p>\n","protected":false},"featured_media":95567,"comment_status":"open","ping_status":"closed","template":"","meta":{"_acf_changed":false},"product_brand":[],"product_cat":[4401,4403,3726,3820],"product_tag":[],"class_list":{"0":"post-105403","1":"product","2":"type-product","3":"status-publish","4":"has-post-thumbnail","6":"product_cat-all-private-tours-activities-fr-7","7":"product_cat-private-day-trips-fr-13","8":"product_cat-maroc-fr","9":"product_cat-marrakech-fr","11":"first","12":"instock","13":"shipping-taxable","14":"purchasable","15":"product-type-simple"},"acf":[],"yoast_head":"<!-- This site is optimized with the Yoast SEO Premium plugin v25.3.1 (Yoast SEO v25.3.1) - https:\/\/yoast.com\/wordpress\/plugins\/seo\/ -->\n<title>Visite priv\u00e9e de Casablanca au d\u00e9part de Marrakech avec guide officiel et chauffeur<\/title>\n<meta name=\"description\" content=\"Profitez de cette visite priv\u00e9e de Casablanca au d\u00e9part de Marrakech avec un guide local et exp\u00e9riment\u00e9. Entr\u00e9es aux principaux sites de la m\u00e9dina incluses.\" \/>\n<meta name=\"robots\" content=\"index, follow, max-snippet:-1, max-image-preview:large, max-video-preview:-1\" \/>\n<link rel=\"canonical\" href=\"https:\/\/tourtravelandmore.com\/fr\/tours\/maroc-fr\/marrakech-fr\/visite-privee-de-casablanca-au-depart-de-marrakech\/\" \/>\n<meta property=\"og:locale\" content=\"fr_FR\" \/>\n<meta property=\"og:type\" content=\"article\" \/>\n<meta property=\"og:title\" content=\"Visite priv\u00e9e de Casablanca au d\u00e9part de Marrakech\" \/>\n<meta property=\"og:description\" content=\"Profitez de cette visite priv\u00e9e de Casablanca au d\u00e9part de Marrakech avec un guide local et exp\u00e9riment\u00e9. Entr\u00e9es aux principaux sites de la m\u00e9dina incluses.\" \/>\n<meta property=\"og:url\" content=\"https:\/\/tourtravelandmore.com\/fr\/tours\/maroc-fr\/marrakech-fr\/visite-privee-de-casablanca-au-depart-de-marrakech\/\" \/>\n<meta property=\"og:site_name\" content=\"Tour Travel And More\" \/>\n<meta property=\"article:publisher\" content=\"https:\/\/www.facebook.com\/tourtravelandmore\/\" \/>\n<meta property=\"article:modified_time\" content=\"2023-08-29T17:59:24+00:00\" \/>\n<meta property=\"og:image\" content=\"https:\/\/tourtravelandmore.com\/wp-content\/uploads\/2019\/02\/casablanca-2-1.jpg\" \/>\n\t<meta property=\"og:image:width\" content=\"1024\" \/>\n\t<meta property=\"og:image:height\" content=\"639\" \/>\n\t<meta property=\"og:image:type\" content=\"image\/jpeg\" \/>\n<meta name=\"twitter:card\" content=\"summary_large_image\" \/>\n<meta name=\"twitter:site\" content=\"@TourTravel_More\" \/>\n<meta name=\"twitter:label1\" content=\"Dur\u00e9e de lecture estim\u00e9e\" \/>\n\t<meta name=\"twitter:data1\" content=\"2 minutes\" \/>\n<script type=\"application\/ld+json\" class=\"yoast-schema-graph\">{\"@context\":\"https:\/\/schema.org\",\"@graph\":[{\"@type\":\"WebPage\",\"@id\":\"https:\/\/tourtravelandmore.com\/fr\/tours\/maroc-fr\/marrakech-fr\/visite-privee-de-casablanca-au-depart-de-marrakech\/\",\"url\":\"https:\/\/tourtravelandmore.com\/fr\/tours\/maroc-fr\/marrakech-fr\/visite-privee-de-casablanca-au-depart-de-marrakech\/\",\"name\":\"Visite priv\u00e9e de Casablanca au d\u00e9part de Marrakech avec guide officiel et chauffeur\",\"isPartOf\":{\"@id\":\"https:\/\/tourtravelandmore.com\/fr\/#website\"},\"primaryImageOfPage\":{\"@id\":\"https:\/\/tourtravelandmore.com\/fr\/tours\/maroc-fr\/marrakech-fr\/visite-privee-de-casablanca-au-depart-de-marrakech\/#primaryimage\"},\"image\":{\"@id\":\"https:\/\/tourtravelandmore.com\/fr\/tours\/maroc-fr\/marrakech-fr\/visite-privee-de-casablanca-au-depart-de-marrakech\/#primaryimage\"},\"thumbnailUrl\":\"https:\/\/tourtravelandmore.com\/wp-content\/uploads\/2019\/02\/casablanca-2-1.jpg\",\"datePublished\":\"2019-02-11T12:14:58+00:00\",\"dateModified\":\"2023-08-29T17:59:24+00:00\",\"description\":\"Profitez de cette visite priv\u00e9e de Casablanca au d\u00e9part de Marrakech avec un guide local et exp\u00e9riment\u00e9. Entr\u00e9es aux principaux sites de la m\u00e9dina incluses.\",\"breadcrumb\":{\"@id\":\"https:\/\/tourtravelandmore.com\/fr\/tours\/maroc-fr\/marrakech-fr\/visite-privee-de-casablanca-au-depart-de-marrakech\/#breadcrumb\"},\"inLanguage\":\"fr-FR\",\"potentialAction\":[{\"@type\":\"ReadAction\",\"target\":[\"https:\/\/tourtravelandmore.com\/fr\/tours\/maroc-fr\/marrakech-fr\/visite-privee-de-casablanca-au-depart-de-marrakech\/\"]}]},{\"@type\":\"ImageObject\",\"inLanguage\":\"fr-FR\",\"@id\":\"https:\/\/tourtravelandmore.com\/fr\/tours\/maroc-fr\/marrakech-fr\/visite-privee-de-casablanca-au-depart-de-marrakech\/#primaryimage\",\"url\":\"https:\/\/tourtravelandmore.com\/wp-content\/uploads\/2019\/02\/casablanca-2-1.jpg\",\"contentUrl\":\"https:\/\/tourtravelandmore.com\/wp-content\/uploads\/2019\/02\/casablanca-2-1.jpg\",\"width\":1024,\"height\":639},{\"@type\":\"BreadcrumbList\",\"@id\":\"https:\/\/tourtravelandmore.com\/fr\/tours\/maroc-fr\/marrakech-fr\/visite-privee-de-casablanca-au-depart-de-marrakech\/#breadcrumb\",\"itemListElement\":[{\"@type\":\"ListItem\",\"position\":1,\"name\":\"Home\",\"item\":\"https:\/\/tourtravelandmore.com\/fr\/\"},{\"@type\":\"ListItem\",\"position\":2,\"name\":\"Tours\",\"item\":\"https:\/\/tourtravelandmore.com\/fr\/tours\/\"},{\"@type\":\"ListItem\",\"position\":3,\"name\":\"Visite priv\u00e9e de Casablanca au d\u00e9part de Marrakech\"}]},{\"@type\":\"WebSite\",\"@id\":\"https:\/\/tourtravelandmore.com\/fr\/#website\",\"url\":\"https:\/\/tourtravelandmore.com\/fr\/\",\"name\":\"Tour Travel And More\",\"description\":\"Private sightseeing tours and luxury transfers in Spain\",\"publisher\":{\"@id\":\"https:\/\/tourtravelandmore.com\/fr\/#organization\"},\"potentialAction\":[{\"@type\":\"SearchAction\",\"target\":{\"@type\":\"EntryPoint\",\"urlTemplate\":\"https:\/\/tourtravelandmore.com\/fr\/?s={search_term_string}\"},\"query-input\":{\"@type\":\"PropertyValueSpecification\",\"valueRequired\":true,\"valueName\":\"search_term_string\"}}],\"inLanguage\":\"fr-FR\"},{\"@type\":\"Organization\",\"@id\":\"https:\/\/tourtravelandmore.com\/fr\/#organization\",\"name\":\"Tour Travel And More\",\"url\":\"https:\/\/tourtravelandmore.com\/fr\/\",\"logo\":{\"@type\":\"ImageObject\",\"inLanguage\":\"fr-FR\",\"@id\":\"https:\/\/tourtravelandmore.com\/fr\/#\/schema\/logo\/image\/\",\"url\":\"https:\/\/tourtravelandmore.com\/wp-content\/uploads\/2022\/12\/cropped-logo-cabecera-new.png\",\"contentUrl\":\"https:\/\/tourtravelandmore.com\/wp-content\/uploads\/2022\/12\/cropped-logo-cabecera-new.png\",\"width\":430,\"height\":61,\"caption\":\"Tour Travel And More\"},\"image\":{\"@id\":\"https:\/\/tourtravelandmore.com\/fr\/#\/schema\/logo\/image\/\"},\"sameAs\":[\"https:\/\/www.facebook.com\/tourtravelandmore\/\",\"https:\/\/x.com\/TourTravel_More\"]}]}<\/script>\n<!-- \/ Yoast SEO Premium plugin. -->","yoast_head_json":{"title":"Visite priv\u00e9e de Casablanca au d\u00e9part de Marrakech avec guide officiel et chauffeur","description":"Profitez de cette visite priv\u00e9e de Casablanca au d\u00e9part de Marrakech avec un guide local et exp\u00e9riment\u00e9. Entr\u00e9es aux principaux sites de la m\u00e9dina incluses.","robots":{"index":"index","follow":"follow","max-snippet":"max-snippet:-1","max-image-preview":"max-image-preview:large","max-video-preview":"max-video-preview:-1"},"canonical":"https:\/\/tourtravelandmore.com\/fr\/tours\/maroc-fr\/marrakech-fr\/visite-privee-de-casablanca-au-depart-de-marrakech\/","og_locale":"fr_FR","og_type":"article","og_title":"Visite priv\u00e9e de Casablanca au d\u00e9part de Marrakech","og_description":"Profitez de cette visite priv\u00e9e de Casablanca au d\u00e9part de Marrakech avec un guide local et exp\u00e9riment\u00e9. Entr\u00e9es aux principaux sites de la m\u00e9dina incluses.","og_url":"https:\/\/tourtravelandmore.com\/fr\/tours\/maroc-fr\/marrakech-fr\/visite-privee-de-casablanca-au-depart-de-marrakech\/","og_site_name":"Tour Travel And More","article_publisher":"https:\/\/www.facebook.com\/tourtravelandmore\/","article_modified_time":"2023-08-29T17:59:24+00:00","og_image":[{"width":1024,"height":639,"url":"https:\/\/tourtravelandmore.com\/wp-content\/uploads\/2019\/02\/casablanca-2-1.jpg","type":"image\/jpeg"}],"twitter_card":"summary_large_image","twitter_site":"@TourTravel_More","twitter_misc":{"Dur\u00e9e de lecture estim\u00e9e":"2 minutes"},"schema":{"@context":"https:\/\/schema.org","@graph":[{"@type":"WebPage","@id":"https:\/\/tourtravelandmore.com\/fr\/tours\/maroc-fr\/marrakech-fr\/visite-privee-de-casablanca-au-depart-de-marrakech\/","url":"https:\/\/tourtravelandmore.com\/fr\/tours\/maroc-fr\/marrakech-fr\/visite-privee-de-casablanca-au-depart-de-marrakech\/","name":"Visite priv\u00e9e de Casablanca au d\u00e9part de Marrakech avec guide officiel et chauffeur","isPartOf":{"@id":"https:\/\/tourtravelandmore.com\/fr\/#website"},"primaryImageOfPage":{"@id":"https:\/\/tourtravelandmore.com\/fr\/tours\/maroc-fr\/marrakech-fr\/visite-privee-de-casablanca-au-depart-de-marrakech\/#primaryimage"},"image":{"@id":"https:\/\/tourtravelandmore.com\/fr\/tours\/maroc-fr\/marrakech-fr\/visite-privee-de-casablanca-au-depart-de-marrakech\/#primaryimage"},"thumbnailUrl":"https:\/\/tourtravelandmore.com\/wp-content\/uploads\/2019\/02\/casablanca-2-1.jpg","datePublished":"2019-02-11T12:14:58+00:00","dateModified":"2023-08-29T17:59:24+00:00","description":"Profitez de cette visite priv\u00e9e de Casablanca au d\u00e9part de Marrakech avec un guide local et exp\u00e9riment\u00e9. Entr\u00e9es aux principaux sites de la m\u00e9dina incluses.","breadcrumb":{"@id":"https:\/\/tourtravelandmore.com\/fr\/tours\/maroc-fr\/marrakech-fr\/visite-privee-de-casablanca-au-depart-de-marrakech\/#breadcrumb"},"inLanguage":"fr-FR","potentialAction":[{"@type":"ReadAction","target":["https:\/\/tourtravelandmore.com\/fr\/tours\/maroc-fr\/marrakech-fr\/visite-privee-de-casablanca-au-depart-de-marrakech\/"]}]},{"@type":"ImageObject","inLanguage":"fr-FR","@id":"https:\/\/tourtravelandmore.com\/fr\/tours\/maroc-fr\/marrakech-fr\/visite-privee-de-casablanca-au-depart-de-marrakech\/#primaryimage","url":"https:\/\/tourtravelandmore.com\/wp-content\/uploads\/2019\/02\/casablanca-2-1.jpg","contentUrl":"https:\/\/tourtravelandmore.com\/wp-content\/uploads\/2019\/02\/casablanca-2-1.jpg","width":1024,"height":639},{"@type":"BreadcrumbList","@id":"https:\/\/tourtravelandmore.com\/fr\/tours\/maroc-fr\/marrakech-fr\/visite-privee-de-casablanca-au-depart-de-marrakech\/#breadcrumb","itemListElement":[{"@type":"ListItem","position":1,"name":"Home","item":"https:\/\/tourtravelandmore.com\/fr\/"},{"@type":"ListItem","position":2,"name":"Tours","item":"https:\/\/tourtravelandmore.com\/fr\/tours\/"},{"@type":"ListItem","position":3,"name":"Visite priv\u00e9e de Casablanca au d\u00e9part de Marrakech"}]},{"@type":"WebSite","@id":"https:\/\/tourtravelandmore.com\/fr\/#website","url":"https:\/\/tourtravelandmore.com\/fr\/","name":"Tour Travel And More","description":"Private sightseeing tours and luxury transfers in Spain","publisher":{"@id":"https:\/\/tourtravelandmore.com\/fr\/#organization"},"potentialAction":[{"@type":"SearchAction","target":{"@type":"EntryPoint","urlTemplate":"https:\/\/tourtravelandmore.com\/fr\/?s={search_term_string}"},"query-input":{"@type":"PropertyValueSpecification","valueRequired":true,"valueName":"search_term_string"}}],"inLanguage":"fr-FR"},{"@type":"Organization","@id":"https:\/\/tourtravelandmore.com\/fr\/#organization","name":"Tour Travel And More","url":"https:\/\/tourtravelandmore.com\/fr\/","logo":{"@type":"ImageObject","inLanguage":"fr-FR","@id":"https:\/\/tourtravelandmore.com\/fr\/#\/schema\/logo\/image\/","url":"https:\/\/tourtravelandmore.com\/wp-content\/uploads\/2022\/12\/cropped-logo-cabecera-new.png","contentUrl":"https:\/\/tourtravelandmore.com\/wp-content\/uploads\/2022\/12\/cropped-logo-cabecera-new.png","width":430,"height":61,"caption":"Tour Travel And More"},"image":{"@id":"https:\/\/tourtravelandmore.com\/fr\/#\/schema\/logo\/image\/"},"sameAs":["https:\/\/www.facebook.com\/tourtravelandmore\/","https:\/\/x.com\/TourTravel_More"]}]}},"_links":{"self":[{"href":"https:\/\/tourtravelandmore.com\/fr\/wp-json\/wp\/v2\/product\/105403","targetHints":{"allow":["GET"]}}],"collection":[{"href":"https:\/\/tourtravelandmore.com\/fr\/wp-json\/wp\/v2\/product"}],"about":[{"href":"https:\/\/tourtravelandmore.com\/fr\/wp-json\/wp\/v2\/types\/product"}],"replies":[{"embeddable":true,"href":"https:\/\/tourtravelandmore.com\/fr\/wp-json\/wp\/v2\/comments?post=105403"}],"wp:featuredmedia":[{"embeddable":true,"href":"https:\/\/tourtravelandmore.com\/fr\/wp-json\/wp\/v2\/media\/95567"}],"wp:attachment":[{"href":"https:\/\/tourtravelandmore.com\/fr\/wp-json\/wp\/v2\/media?parent=105403"}],"wp:term":[{"taxonomy":"product_brand","embeddable":true,"href":"https:\/\/tourtravelandmore.com\/fr\/wp-json\/wp\/v2\/product_brand?post=105403"},{"taxonomy":"product_cat","embeddable":true,"href":"https:\/\/tourtravelandmore.com\/fr\/wp-json\/wp\/v2\/product_cat?post=105403"},{"taxonomy":"product_tag","embeddable":true,"href":"https:\/\/tourtravelandmore.com\/fr\/wp-json\/wp\/v2\/product_tag?post=105403"}],"curies":[{"name":"wp","href":"https:\/\/api.w.org\/{rel}","templated":true}]}}