{"id":105398,"date":"2019-02-11T12:31:48","date_gmt":"2019-02-11T11:31:48","guid":{"rendered":"https:\/\/tourtravelandmore.com\/tours\/non%20class\u00e9\/visite-privee-dessaouira-au-depart-de-marrakech\/"},"modified":"2023-05-04T19:05:28","modified_gmt":"2023-05-04T17:05:28","slug":"visite-privee-dessaouira-au-depart-de-marrakech","status":"publish","type":"product","link":"https:\/\/tourtravelandmore.com\/fr\/tours\/maroc-fr\/marrakech-fr\/visite-privee-dessaouira-au-depart-de-marrakech\/","title":{"rendered":"Visite priv\u00e9e d&#8217;Essaouira au d\u00e9part de Marrakech"},"content":{"rendered":"<h2>Description<\/h2>\n<p>Essaouira est un endroit magnifique et unique \u00e0 visiter. C&#8217;est pourquoi vous ne pouvez pas manquer notre visite priv\u00e9e d&#8217;Essaouira au d\u00e9part de Marrakech.<\/p>\n<p>Profitez des sites les plus embl\u00e9matiques d&#8217;Essaouira connus pour son atmosph\u00e8re paisible et artistique, en commen\u00e7ant votre visite priv\u00e9e avec votre guide officiel.<\/p>\n<p>Il s&#8217;agira notamment de visiter la m\u00e9dina \u00e0 pied o\u00f9 nous d\u00e9couvrirons ses murs du 18\u00e8me si\u00e8cle. On peut admirer les c\u00e9l\u00e8bres portes qui l&#8217;entourent, certaines des plus connues sont Bab Doukkla et Bab Sebaa.<\/p>\n<p>C&#8217;est une ville portuaire du Maroc, situ\u00e9e sur la c\u00f4te ouest de l&#8217;Atlantique. Sa m\u00e9dina (vieille ville) est prot\u00e9g\u00e9e par des remparts situ\u00e9s au large de la c\u00f4te. Ces murs, con\u00e7us par des ing\u00e9nieurs europ\u00e9ens, s&#8217;appellent Skala Kasbah. Des canons m\u00e9talliques antiques gardent les murs, qui offrent une vue sur la mer. Les forts aliz\u00e9s font de la plage de la ville le lieu id\u00e9al pour le surf, la planche \u00e0 voile et le kitesurf.<\/p>\n<h2>Sites d&#8217;int\u00e9r\u00eat et monuments<\/h2>\n<p>Tout d&#8217;abord, notre visite priv\u00e9e d\u00e9butera par la prise en charge \u00e0 votre h\u00f4tel ou riad dans votre v\u00e9hicule priv\u00e9 avec chauffeur pour vous rendre \u00e0 Essaouira situ\u00e9 \u00e0 3 heures de Marrakech. Votre guide vous emm\u00e8nera \u00e0 travers les points les plus embl\u00e9matiques de cette ville connue pour ses magnifiques plages o\u00f9 vous d\u00e9couvrirez des ann\u00e9es de patrimoine culturel marocain.<\/p>\n<p>Ensuite, nous entrerons dans le port o\u00f9 nous pourrons voir sa c\u00e9l\u00e8bre forteresse avec deux tours d\u00e9fensives. Connu pour sortir dans la s\u00e9rie Game of Thrones. Dans le port, nous pouvons \u00e9galement conna\u00eetre ses nombreuses activit\u00e9s portuaires telles que la vente de poisson. Nous entrerons dans la tour de la Skala o\u00f9 nous verrons des vues magnifiques sur la ville.<\/p>\n<p>Nous irons dans cette ville et verrons de nombreux monuments tels que la Grande Mosqu\u00e9e, le march\u00e9 de Souk el Jdid et la place Orson Welles. Ensuite, nous visiterons son c\u00e9l\u00e8bre quartier juif appel\u00e9 Mellah. Nous entrerons dans ses nombreuses synagogues. Ce quartier est entour\u00e9 d&#8217;un march\u00e9, \u00e0 c\u00f4t\u00e9 de la porte de Bab Marrakech o\u00f9 l&#8217;on peut son bastion d\u00e9fensif. \u00c0 l&#8217;ext\u00e9rieur se trouve le cimeti\u00e8re europ\u00e9en.<\/p>\n<p>Pour terminer cette visite priv\u00e9e, nous profiterons des magnifiques plages de cette ville de sable fin dans lesquelles vous aurez la possibilit\u00e9 de pratiquer des sports nautiques comme la planche \u00e0 voile ou de visiter le mausol\u00e9e de Sidi Magdoul.<\/p>\n<p>Lors de votre visite, vous pourrez voir entre autres les lieux d&#8217;int\u00e9r\u00eat suivants:<\/p>\n<ul>\n<li>Place Orson Welles<\/li>\n<li>Grande mosqu\u00e9e<\/li>\n<li>Front de mer de Baba Sebaa<\/li>\n<li>Mellah<\/li>\n<li>Beaucoup plus!<\/li>\n<\/ul>\n<p>Enfin, nous organiserons un d\u00e9p\u00f4t priv\u00e9 \u00e0 Marrakech.<\/p>\n<p>Jetez un \u0153il \u00e0 nos autres visites priv\u00e9es \u00e0 Marrakech et quelles autres exp\u00e9riences nous pouvons vous offrir!<\/p>\n","protected":false},"excerpt":{"rendered":"<p>Rejoignez-nous dans cette excursion priv\u00e9e d&#8217;une journ\u00e9e \u00e0 Essaouira au d\u00e9part de Marrakech et admirez les lieux et monuments les plus importants. Une fois \u00e0 Essaouira, vous pourrez profiter de la m\u00e9dina, d\u00e9clar\u00e9e site du patrimoine mondial par l&#8217;UNESCO, et de ses nombreuses plages et monuments tels que la Grande Mosqu\u00e9e ou la place Orson Welles connue pour le film Othello et bien plus encore !.<\/p>\n<p>&nbsp;<\/p>\n","protected":false},"featured_media":95562,"comment_status":"open","ping_status":"closed","template":"","meta":{"_acf_changed":false},"product_brand":[],"product_cat":[4401,4403,3726,3820],"product_tag":[],"class_list":{"0":"post-105398","1":"product","2":"type-product","3":"status-publish","4":"has-post-thumbnail","6":"product_cat-all-private-tours-activities-fr-7","7":"product_cat-private-day-trips-fr-13","8":"product_cat-maroc-fr","9":"product_cat-marrakech-fr","11":"first","12":"instock","13":"shipping-taxable","14":"purchasable","15":"product-type-simple"},"acf":[],"yoast_head":"<!-- This site is optimized with the Yoast SEO Premium plugin v25.3.1 (Yoast SEO v25.3.1) - https:\/\/yoast.com\/wordpress\/plugins\/seo\/ -->\n<title>Visite priv\u00e9e d&#039;Essaouira au d\u00e9part de Marrakech avec guide officiel<\/title>\n<meta name=\"description\" content=\"Profitez de cette visite priv\u00e9e d&#039;Essaouira au d\u00e9part de Marrakech avec un guide local et exp\u00e9riment\u00e9. Entr\u00e9es aux principaux sites de la m\u00e9dina incluses.\" \/>\n<meta name=\"robots\" content=\"index, follow, max-snippet:-1, max-image-preview:large, max-video-preview:-1\" \/>\n<link rel=\"canonical\" href=\"https:\/\/tourtravelandmore.com\/fr\/tours\/maroc-fr\/marrakech-fr\/visite-privee-dessaouira-au-depart-de-marrakech\/\" \/>\n<meta property=\"og:locale\" content=\"fr_FR\" \/>\n<meta property=\"og:type\" content=\"article\" \/>\n<meta property=\"og:title\" content=\"Visite priv\u00e9e d&#039;Essaouira au d\u00e9part de Marrakech\" \/>\n<meta property=\"og:description\" content=\"Profitez de cette visite priv\u00e9e d&#039;Essaouira au d\u00e9part de Marrakech avec un guide local et exp\u00e9riment\u00e9. Entr\u00e9es aux principaux sites de la m\u00e9dina incluses.\" \/>\n<meta property=\"og:url\" content=\"https:\/\/tourtravelandmore.com\/fr\/tours\/maroc-fr\/marrakech-fr\/visite-privee-dessaouira-au-depart-de-marrakech\/\" \/>\n<meta property=\"og:site_name\" content=\"Tour Travel And More\" \/>\n<meta property=\"article:publisher\" content=\"https:\/\/www.facebook.com\/tourtravelandmore\/\" \/>\n<meta property=\"article:modified_time\" content=\"2023-05-04T17:05:28+00:00\" \/>\n<meta property=\"og:image\" content=\"https:\/\/tourtravelandmore.com\/wp-content\/uploads\/2019\/02\/10464243854_dd0b71b1ed_b-esouria.jpg\" \/>\n\t<meta property=\"og:image:width\" content=\"1024\" \/>\n\t<meta property=\"og:image:height\" content=\"576\" \/>\n\t<meta property=\"og:image:type\" content=\"image\/jpeg\" \/>\n<meta name=\"twitter:card\" content=\"summary_large_image\" \/>\n<meta name=\"twitter:site\" content=\"@TourTravel_More\" \/>\n<meta name=\"twitter:label1\" content=\"Dur\u00e9e de lecture estim\u00e9e\" \/>\n\t<meta name=\"twitter:data1\" content=\"2 minutes\" \/>\n<script type=\"application\/ld+json\" class=\"yoast-schema-graph\">{\"@context\":\"https:\/\/schema.org\",\"@graph\":[{\"@type\":\"WebPage\",\"@id\":\"https:\/\/tourtravelandmore.com\/fr\/tours\/maroc-fr\/marrakech-fr\/visite-privee-dessaouira-au-depart-de-marrakech\/\",\"url\":\"https:\/\/tourtravelandmore.com\/fr\/tours\/maroc-fr\/marrakech-fr\/visite-privee-dessaouira-au-depart-de-marrakech\/\",\"name\":\"Visite priv\u00e9e d'Essaouira au d\u00e9part de Marrakech avec guide officiel\",\"isPartOf\":{\"@id\":\"https:\/\/tourtravelandmore.com\/fr\/#website\"},\"primaryImageOfPage\":{\"@id\":\"https:\/\/tourtravelandmore.com\/fr\/tours\/maroc-fr\/marrakech-fr\/visite-privee-dessaouira-au-depart-de-marrakech\/#primaryimage\"},\"image\":{\"@id\":\"https:\/\/tourtravelandmore.com\/fr\/tours\/maroc-fr\/marrakech-fr\/visite-privee-dessaouira-au-depart-de-marrakech\/#primaryimage\"},\"thumbnailUrl\":\"https:\/\/tourtravelandmore.com\/wp-content\/uploads\/2019\/02\/10464243854_dd0b71b1ed_b-esouria.jpg\",\"datePublished\":\"2019-02-11T11:31:48+00:00\",\"dateModified\":\"2023-05-04T17:05:28+00:00\",\"description\":\"Profitez de cette visite priv\u00e9e d'Essaouira au d\u00e9part de Marrakech avec un guide local et exp\u00e9riment\u00e9. Entr\u00e9es aux principaux sites de la m\u00e9dina incluses.\",\"breadcrumb\":{\"@id\":\"https:\/\/tourtravelandmore.com\/fr\/tours\/maroc-fr\/marrakech-fr\/visite-privee-dessaouira-au-depart-de-marrakech\/#breadcrumb\"},\"inLanguage\":\"fr-FR\",\"potentialAction\":[{\"@type\":\"ReadAction\",\"target\":[\"https:\/\/tourtravelandmore.com\/fr\/tours\/maroc-fr\/marrakech-fr\/visite-privee-dessaouira-au-depart-de-marrakech\/\"]}]},{\"@type\":\"ImageObject\",\"inLanguage\":\"fr-FR\",\"@id\":\"https:\/\/tourtravelandmore.com\/fr\/tours\/maroc-fr\/marrakech-fr\/visite-privee-dessaouira-au-depart-de-marrakech\/#primaryimage\",\"url\":\"https:\/\/tourtravelandmore.com\/wp-content\/uploads\/2019\/02\/10464243854_dd0b71b1ed_b-esouria.jpg\",\"contentUrl\":\"https:\/\/tourtravelandmore.com\/wp-content\/uploads\/2019\/02\/10464243854_dd0b71b1ed_b-esouria.jpg\",\"width\":1024,\"height\":576},{\"@type\":\"BreadcrumbList\",\"@id\":\"https:\/\/tourtravelandmore.com\/fr\/tours\/maroc-fr\/marrakech-fr\/visite-privee-dessaouira-au-depart-de-marrakech\/#breadcrumb\",\"itemListElement\":[{\"@type\":\"ListItem\",\"position\":1,\"name\":\"Home\",\"item\":\"https:\/\/tourtravelandmore.com\/fr\/\"},{\"@type\":\"ListItem\",\"position\":2,\"name\":\"Tours\",\"item\":\"https:\/\/tourtravelandmore.com\/fr\/tours\/\"},{\"@type\":\"ListItem\",\"position\":3,\"name\":\"Visite priv\u00e9e d&rsquo;Essaouira au d\u00e9part de Marrakech\"}]},{\"@type\":\"WebSite\",\"@id\":\"https:\/\/tourtravelandmore.com\/fr\/#website\",\"url\":\"https:\/\/tourtravelandmore.com\/fr\/\",\"name\":\"Tour Travel And More\",\"description\":\"Private sightseeing tours and luxury transfers in Spain\",\"publisher\":{\"@id\":\"https:\/\/tourtravelandmore.com\/fr\/#organization\"},\"potentialAction\":[{\"@type\":\"SearchAction\",\"target\":{\"@type\":\"EntryPoint\",\"urlTemplate\":\"https:\/\/tourtravelandmore.com\/fr\/?s={search_term_string}\"},\"query-input\":{\"@type\":\"PropertyValueSpecification\",\"valueRequired\":true,\"valueName\":\"search_term_string\"}}],\"inLanguage\":\"fr-FR\"},{\"@type\":\"Organization\",\"@id\":\"https:\/\/tourtravelandmore.com\/fr\/#organization\",\"name\":\"Tour Travel And More\",\"url\":\"https:\/\/tourtravelandmore.com\/fr\/\",\"logo\":{\"@type\":\"ImageObject\",\"inLanguage\":\"fr-FR\",\"@id\":\"https:\/\/tourtravelandmore.com\/fr\/#\/schema\/logo\/image\/\",\"url\":\"https:\/\/tourtravelandmore.com\/wp-content\/uploads\/2022\/12\/cropped-logo-cabecera-new.png\",\"contentUrl\":\"https:\/\/tourtravelandmore.com\/wp-content\/uploads\/2022\/12\/cropped-logo-cabecera-new.png\",\"width\":430,\"height\":61,\"caption\":\"Tour Travel And More\"},\"image\":{\"@id\":\"https:\/\/tourtravelandmore.com\/fr\/#\/schema\/logo\/image\/\"},\"sameAs\":[\"https:\/\/www.facebook.com\/tourtravelandmore\/\",\"https:\/\/x.com\/TourTravel_More\"]}]}<\/script>\n<!-- \/ Yoast SEO Premium plugin. -->","yoast_head_json":{"title":"Visite priv\u00e9e d'Essaouira au d\u00e9part de Marrakech avec guide officiel","description":"Profitez de cette visite priv\u00e9e d'Essaouira au d\u00e9part de Marrakech avec un guide local et exp\u00e9riment\u00e9. Entr\u00e9es aux principaux sites de la m\u00e9dina incluses.","robots":{"index":"index","follow":"follow","max-snippet":"max-snippet:-1","max-image-preview":"max-image-preview:large","max-video-preview":"max-video-preview:-1"},"canonical":"https:\/\/tourtravelandmore.com\/fr\/tours\/maroc-fr\/marrakech-fr\/visite-privee-dessaouira-au-depart-de-marrakech\/","og_locale":"fr_FR","og_type":"article","og_title":"Visite priv\u00e9e d'Essaouira au d\u00e9part de Marrakech","og_description":"Profitez de cette visite priv\u00e9e d'Essaouira au d\u00e9part de Marrakech avec un guide local et exp\u00e9riment\u00e9. Entr\u00e9es aux principaux sites de la m\u00e9dina incluses.","og_url":"https:\/\/tourtravelandmore.com\/fr\/tours\/maroc-fr\/marrakech-fr\/visite-privee-dessaouira-au-depart-de-marrakech\/","og_site_name":"Tour Travel And More","article_publisher":"https:\/\/www.facebook.com\/tourtravelandmore\/","article_modified_time":"2023-05-04T17:05:28+00:00","og_image":[{"width":1024,"height":576,"url":"https:\/\/tourtravelandmore.com\/wp-content\/uploads\/2019\/02\/10464243854_dd0b71b1ed_b-esouria.jpg","type":"image\/jpeg"}],"twitter_card":"summary_large_image","twitter_site":"@TourTravel_More","twitter_misc":{"Dur\u00e9e de lecture estim\u00e9e":"2 minutes"},"schema":{"@context":"https:\/\/schema.org","@graph":[{"@type":"WebPage","@id":"https:\/\/tourtravelandmore.com\/fr\/tours\/maroc-fr\/marrakech-fr\/visite-privee-dessaouira-au-depart-de-marrakech\/","url":"https:\/\/tourtravelandmore.com\/fr\/tours\/maroc-fr\/marrakech-fr\/visite-privee-dessaouira-au-depart-de-marrakech\/","name":"Visite priv\u00e9e d'Essaouira au d\u00e9part de Marrakech avec guide officiel","isPartOf":{"@id":"https:\/\/tourtravelandmore.com\/fr\/#website"},"primaryImageOfPage":{"@id":"https:\/\/tourtravelandmore.com\/fr\/tours\/maroc-fr\/marrakech-fr\/visite-privee-dessaouira-au-depart-de-marrakech\/#primaryimage"},"image":{"@id":"https:\/\/tourtravelandmore.com\/fr\/tours\/maroc-fr\/marrakech-fr\/visite-privee-dessaouira-au-depart-de-marrakech\/#primaryimage"},"thumbnailUrl":"https:\/\/tourtravelandmore.com\/wp-content\/uploads\/2019\/02\/10464243854_dd0b71b1ed_b-esouria.jpg","datePublished":"2019-02-11T11:31:48+00:00","dateModified":"2023-05-04T17:05:28+00:00","description":"Profitez de cette visite priv\u00e9e d'Essaouira au d\u00e9part de Marrakech avec un guide local et exp\u00e9riment\u00e9. Entr\u00e9es aux principaux sites de la m\u00e9dina incluses.","breadcrumb":{"@id":"https:\/\/tourtravelandmore.com\/fr\/tours\/maroc-fr\/marrakech-fr\/visite-privee-dessaouira-au-depart-de-marrakech\/#breadcrumb"},"inLanguage":"fr-FR","potentialAction":[{"@type":"ReadAction","target":["https:\/\/tourtravelandmore.com\/fr\/tours\/maroc-fr\/marrakech-fr\/visite-privee-dessaouira-au-depart-de-marrakech\/"]}]},{"@type":"ImageObject","inLanguage":"fr-FR","@id":"https:\/\/tourtravelandmore.com\/fr\/tours\/maroc-fr\/marrakech-fr\/visite-privee-dessaouira-au-depart-de-marrakech\/#primaryimage","url":"https:\/\/tourtravelandmore.com\/wp-content\/uploads\/2019\/02\/10464243854_dd0b71b1ed_b-esouria.jpg","contentUrl":"https:\/\/tourtravelandmore.com\/wp-content\/uploads\/2019\/02\/10464243854_dd0b71b1ed_b-esouria.jpg","width":1024,"height":576},{"@type":"BreadcrumbList","@id":"https:\/\/tourtravelandmore.com\/fr\/tours\/maroc-fr\/marrakech-fr\/visite-privee-dessaouira-au-depart-de-marrakech\/#breadcrumb","itemListElement":[{"@type":"ListItem","position":1,"name":"Home","item":"https:\/\/tourtravelandmore.com\/fr\/"},{"@type":"ListItem","position":2,"name":"Tours","item":"https:\/\/tourtravelandmore.com\/fr\/tours\/"},{"@type":"ListItem","position":3,"name":"Visite priv\u00e9e d&rsquo;Essaouira au d\u00e9part de Marrakech"}]},{"@type":"WebSite","@id":"https:\/\/tourtravelandmore.com\/fr\/#website","url":"https:\/\/tourtravelandmore.com\/fr\/","name":"Tour Travel And More","description":"Private sightseeing tours and luxury transfers in Spain","publisher":{"@id":"https:\/\/tourtravelandmore.com\/fr\/#organization"},"potentialAction":[{"@type":"SearchAction","target":{"@type":"EntryPoint","urlTemplate":"https:\/\/tourtravelandmore.com\/fr\/?s={search_term_string}"},"query-input":{"@type":"PropertyValueSpecification","valueRequired":true,"valueName":"search_term_string"}}],"inLanguage":"fr-FR"},{"@type":"Organization","@id":"https:\/\/tourtravelandmore.com\/fr\/#organization","name":"Tour Travel And More","url":"https:\/\/tourtravelandmore.com\/fr\/","logo":{"@type":"ImageObject","inLanguage":"fr-FR","@id":"https:\/\/tourtravelandmore.com\/fr\/#\/schema\/logo\/image\/","url":"https:\/\/tourtravelandmore.com\/wp-content\/uploads\/2022\/12\/cropped-logo-cabecera-new.png","contentUrl":"https:\/\/tourtravelandmore.com\/wp-content\/uploads\/2022\/12\/cropped-logo-cabecera-new.png","width":430,"height":61,"caption":"Tour Travel And More"},"image":{"@id":"https:\/\/tourtravelandmore.com\/fr\/#\/schema\/logo\/image\/"},"sameAs":["https:\/\/www.facebook.com\/tourtravelandmore\/","https:\/\/x.com\/TourTravel_More"]}]}},"_links":{"self":[{"href":"https:\/\/tourtravelandmore.com\/fr\/wp-json\/wp\/v2\/product\/105398","targetHints":{"allow":["GET"]}}],"collection":[{"href":"https:\/\/tourtravelandmore.com\/fr\/wp-json\/wp\/v2\/product"}],"about":[{"href":"https:\/\/tourtravelandmore.com\/fr\/wp-json\/wp\/v2\/types\/product"}],"replies":[{"embeddable":true,"href":"https:\/\/tourtravelandmore.com\/fr\/wp-json\/wp\/v2\/comments?post=105398"}],"wp:featuredmedia":[{"embeddable":true,"href":"https:\/\/tourtravelandmore.com\/fr\/wp-json\/wp\/v2\/media\/95562"}],"wp:attachment":[{"href":"https:\/\/tourtravelandmore.com\/fr\/wp-json\/wp\/v2\/media?parent=105398"}],"wp:term":[{"taxonomy":"product_brand","embeddable":true,"href":"https:\/\/tourtravelandmore.com\/fr\/wp-json\/wp\/v2\/product_brand?post=105398"},{"taxonomy":"product_cat","embeddable":true,"href":"https:\/\/tourtravelandmore.com\/fr\/wp-json\/wp\/v2\/product_cat?post=105398"},{"taxonomy":"product_tag","embeddable":true,"href":"https:\/\/tourtravelandmore.com\/fr\/wp-json\/wp\/v2\/product_tag?post=105398"}],"curies":[{"name":"wp","href":"https:\/\/api.w.org\/{rel}","templated":true}]}}