{"id":105393,"date":"2019-02-11T11:59:31","date_gmt":"2019-02-11T10:59:31","guid":{"rendered":"https:\/\/tourtravelandmore.com\/tours\/non%20class\u00e9\/visite-privee-de-marrakech\/"},"modified":"2023-05-03T18:31:08","modified_gmt":"2023-05-03T16:31:08","slug":"visite-privee-de-marrakech","status":"publish","type":"product","link":"https:\/\/tourtravelandmore.com\/fr\/tours\/maroc-fr\/marrakech-fr\/visite-privee-de-marrakech\/","title":{"rendered":"Visite priv\u00e9e de Marrakech"},"content":{"rendered":"<h2>Description<\/h2>\n<p>Profitez de cette <strong>visite priv\u00e9e<\/strong> de <strong>Marrakech<\/strong> avec votre guide priv\u00e9 officiel et d\u00e9couvrez la merveilleuse ville antique de Marrakech.<\/p>\n<p>Nous commencerons la visite priv\u00e9e par la visite des tombeaux saadiens du 16\u00e8me si\u00e8cle o\u00f9 en plus de conna\u00eetre son incroyable beaut\u00e9, nous pourrons conna\u00eetre le lieu o\u00f9 de nombreux sultans et guerriers sont enterr\u00e9s.<\/p>\n<p>Ensuite, nous marcherons dans les rues de la ville remplies de touristes de nombreuses motos jusqu&#8217;\u00e0 ce que nous atteignions le palais de la <strong>Bahia,<\/strong> o\u00f9 vivait le <strong>sultan.<\/strong><\/p>\n<p>Nous continuerons notre visite avec le quartier juif, le march\u00e9 aux puces de la <strong>Kasbah<\/strong> et la <strong>Plaza Bad\u00eda.<\/strong> Ensuite, nous arriverons au <strong>Grand Souk<\/strong> de <strong>Marrakech,<\/strong> l&#8217;un des sites les plus impressionnants de la ville.<\/p>\n<p>Pour terminer la visite, aventurez-vous sur la place la plus importante de <strong>Marrakech, Jemaa<\/strong> el <strong>Fna,<\/strong> situ\u00e9e au centre de la ville, o\u00f9 vous pourrez d\u00e9guster le c\u00e9l\u00e8bre jus d&#8217;orange ou prendre des photos avec les c\u00e9l\u00e8bres serpents.<\/p>\n<h2>Sites d&#8217;int\u00e9r\u00eat et monuments<\/h2>\n<p>La <strong>visite priv\u00e9e<\/strong> de <strong>Marrakech<\/strong> commencera par la prise en charge \u00e0 votre h\u00f4tel dans votre v\u00e9hicule priv\u00e9 avec chauffeur officiel.<\/p>\n<p>Votre guide vous emm\u00e8nera \u00e0 travers les points les plus embl\u00e9matiques de la m\u00e9dina et du reste de la ville convertie en capitale et en centre \u00e9conomique, politique et culturel des nomades almoravides.<\/p>\n<p>Entre autres monuments et sites touristiques, vous pouvez apprendre \u00e0 conna\u00eetre:<\/p>\n<ul>\n<li><strong>Mosqu\u00e9e de la Koutoubia<\/strong><\/li>\n<li><strong>Bab Agnaou<\/strong><\/li>\n<li><strong>Palais de la Bahia<\/strong><\/li>\n<li><strong>Le Badi<\/strong><\/li>\n<li><strong>Beaucoup plus!<\/strong><\/li>\n<\/ul>\n<p>Jetez un \u0153il \u00e0 nos autres circuits priv\u00e9s que nous proposons \u00e0 <strong>Marrakech.<\/strong> Nous pouvons personnaliser tout type d&#8217;exp\u00e9rience pour vous! Contactez nos experts en voyages pour organiser un circuit sur mesure pour vous!<\/p>\n","protected":false},"excerpt":{"rendered":"<p>Marrakech est une ville incroyable au Maroc pleine d&#8217;histoire, d&#8217;architecture et de charme. Avec cette visite priv\u00e9e, vous pourrez vous aventurer dans la m\u00e9dina de Marrakech et le reste des lieux les plus embl\u00e9matiques de cette ville o\u00f9 vous pourrez explorer des ann\u00e9es de culture historique. Vous aurez \u00e0 votre disposition un v\u00e9hicule de luxe priv\u00e9 avec chauffeur et guide officiel priv\u00e9.<\/p>\n","protected":false},"featured_media":95558,"comment_status":"open","ping_status":"closed","template":"","meta":{"_acf_changed":false},"product_brand":[],"product_cat":[4401,4403,3726,3820],"product_tag":[],"class_list":{"0":"post-105393","1":"product","2":"type-product","3":"status-publish","4":"has-post-thumbnail","6":"product_cat-all-private-tours-activities-fr-7","7":"product_cat-private-day-trips-fr-13","8":"product_cat-maroc-fr","9":"product_cat-marrakech-fr","11":"first","12":"instock","13":"shipping-taxable","14":"purchasable","15":"product-type-simple"},"acf":[],"yoast_head":"<!-- This site is optimized with the Yoast SEO Premium plugin v25.3.1 (Yoast SEO v25.3.1) - https:\/\/yoast.com\/wordpress\/plugins\/seo\/ -->\n<title>Visite priv\u00e9e de Marrakech avec guide officiel et chauffeur en v\u00e9hicule<\/title>\n<meta name=\"description\" content=\"Profitez de cette visite priv\u00e9e de Marrakech avec un guide local et exp\u00e9riment\u00e9. Entr\u00e9es aux principaux sites de la m\u00e9dina incluses.\" \/>\n<meta name=\"robots\" content=\"index, follow, max-snippet:-1, max-image-preview:large, max-video-preview:-1\" \/>\n<link rel=\"canonical\" href=\"https:\/\/tourtravelandmore.com\/fr\/tours\/maroc-fr\/marrakech-fr\/visite-privee-de-marrakech\/\" \/>\n<meta property=\"og:locale\" content=\"fr_FR\" \/>\n<meta property=\"og:type\" content=\"article\" \/>\n<meta property=\"og:title\" content=\"Visite priv\u00e9e de Marrakech\" \/>\n<meta property=\"og:description\" content=\"Profitez de cette visite priv\u00e9e de Marrakech avec un guide local et exp\u00e9riment\u00e9. Entr\u00e9es aux principaux sites de la m\u00e9dina incluses.\" \/>\n<meta property=\"og:url\" content=\"https:\/\/tourtravelandmore.com\/fr\/tours\/maroc-fr\/marrakech-fr\/visite-privee-de-marrakech\/\" \/>\n<meta property=\"og:site_name\" content=\"Tour Travel And More\" \/>\n<meta property=\"article:publisher\" content=\"https:\/\/www.facebook.com\/tourtravelandmore\/\" \/>\n<meta property=\"article:modified_time\" content=\"2023-05-03T16:31:08+00:00\" \/>\n<meta property=\"og:image\" content=\"https:\/\/tourtravelandmore.com\/wp-content\/uploads\/2019\/02\/\u00b4CITY-TOUR-MARRAKECH.jpg\" \/>\n\t<meta property=\"og:image:width\" content=\"960\" \/>\n\t<meta property=\"og:image:height\" content=\"622\" \/>\n\t<meta property=\"og:image:type\" content=\"image\/jpeg\" \/>\n<meta name=\"twitter:card\" content=\"summary_large_image\" \/>\n<meta name=\"twitter:site\" content=\"@TourTravel_More\" \/>\n<meta name=\"twitter:label1\" content=\"Dur\u00e9e de lecture estim\u00e9e\" \/>\n\t<meta name=\"twitter:data1\" content=\"1 minute\" \/>\n<script type=\"application\/ld+json\" class=\"yoast-schema-graph\">{\"@context\":\"https:\/\/schema.org\",\"@graph\":[{\"@type\":\"WebPage\",\"@id\":\"https:\/\/tourtravelandmore.com\/fr\/tours\/maroc-fr\/marrakech-fr\/visite-privee-de-marrakech\/\",\"url\":\"https:\/\/tourtravelandmore.com\/fr\/tours\/maroc-fr\/marrakech-fr\/visite-privee-de-marrakech\/\",\"name\":\"Visite priv\u00e9e de Marrakech avec guide officiel et chauffeur en v\u00e9hicule\",\"isPartOf\":{\"@id\":\"https:\/\/tourtravelandmore.com\/fr\/#website\"},\"primaryImageOfPage\":{\"@id\":\"https:\/\/tourtravelandmore.com\/fr\/tours\/maroc-fr\/marrakech-fr\/visite-privee-de-marrakech\/#primaryimage\"},\"image\":{\"@id\":\"https:\/\/tourtravelandmore.com\/fr\/tours\/maroc-fr\/marrakech-fr\/visite-privee-de-marrakech\/#primaryimage\"},\"thumbnailUrl\":\"https:\/\/tourtravelandmore.com\/wp-content\/uploads\/2019\/02\/\u00b4CITY-TOUR-MARRAKECH.jpg\",\"datePublished\":\"2019-02-11T10:59:31+00:00\",\"dateModified\":\"2023-05-03T16:31:08+00:00\",\"description\":\"Profitez de cette visite priv\u00e9e de Marrakech avec un guide local et exp\u00e9riment\u00e9. Entr\u00e9es aux principaux sites de la m\u00e9dina incluses.\",\"breadcrumb\":{\"@id\":\"https:\/\/tourtravelandmore.com\/fr\/tours\/maroc-fr\/marrakech-fr\/visite-privee-de-marrakech\/#breadcrumb\"},\"inLanguage\":\"fr-FR\",\"potentialAction\":[{\"@type\":\"ReadAction\",\"target\":[\"https:\/\/tourtravelandmore.com\/fr\/tours\/maroc-fr\/marrakech-fr\/visite-privee-de-marrakech\/\"]}]},{\"@type\":\"ImageObject\",\"inLanguage\":\"fr-FR\",\"@id\":\"https:\/\/tourtravelandmore.com\/fr\/tours\/maroc-fr\/marrakech-fr\/visite-privee-de-marrakech\/#primaryimage\",\"url\":\"https:\/\/tourtravelandmore.com\/wp-content\/uploads\/2019\/02\/\u00b4CITY-TOUR-MARRAKECH.jpg\",\"contentUrl\":\"https:\/\/tourtravelandmore.com\/wp-content\/uploads\/2019\/02\/\u00b4CITY-TOUR-MARRAKECH.jpg\",\"width\":960,\"height\":622},{\"@type\":\"BreadcrumbList\",\"@id\":\"https:\/\/tourtravelandmore.com\/fr\/tours\/maroc-fr\/marrakech-fr\/visite-privee-de-marrakech\/#breadcrumb\",\"itemListElement\":[{\"@type\":\"ListItem\",\"position\":1,\"name\":\"Home\",\"item\":\"https:\/\/tourtravelandmore.com\/fr\/\"},{\"@type\":\"ListItem\",\"position\":2,\"name\":\"Tours\",\"item\":\"https:\/\/tourtravelandmore.com\/fr\/tours\/\"},{\"@type\":\"ListItem\",\"position\":3,\"name\":\"Visite priv\u00e9e de Marrakech\"}]},{\"@type\":\"WebSite\",\"@id\":\"https:\/\/tourtravelandmore.com\/fr\/#website\",\"url\":\"https:\/\/tourtravelandmore.com\/fr\/\",\"name\":\"Tour Travel And More\",\"description\":\"Private sightseeing tours and luxury transfers in Spain\",\"publisher\":{\"@id\":\"https:\/\/tourtravelandmore.com\/fr\/#organization\"},\"potentialAction\":[{\"@type\":\"SearchAction\",\"target\":{\"@type\":\"EntryPoint\",\"urlTemplate\":\"https:\/\/tourtravelandmore.com\/fr\/?s={search_term_string}\"},\"query-input\":{\"@type\":\"PropertyValueSpecification\",\"valueRequired\":true,\"valueName\":\"search_term_string\"}}],\"inLanguage\":\"fr-FR\"},{\"@type\":\"Organization\",\"@id\":\"https:\/\/tourtravelandmore.com\/fr\/#organization\",\"name\":\"Tour Travel And More\",\"url\":\"https:\/\/tourtravelandmore.com\/fr\/\",\"logo\":{\"@type\":\"ImageObject\",\"inLanguage\":\"fr-FR\",\"@id\":\"https:\/\/tourtravelandmore.com\/fr\/#\/schema\/logo\/image\/\",\"url\":\"https:\/\/tourtravelandmore.com\/wp-content\/uploads\/2022\/12\/cropped-logo-cabecera-new.png\",\"contentUrl\":\"https:\/\/tourtravelandmore.com\/wp-content\/uploads\/2022\/12\/cropped-logo-cabecera-new.png\",\"width\":430,\"height\":61,\"caption\":\"Tour Travel And More\"},\"image\":{\"@id\":\"https:\/\/tourtravelandmore.com\/fr\/#\/schema\/logo\/image\/\"},\"sameAs\":[\"https:\/\/www.facebook.com\/tourtravelandmore\/\",\"https:\/\/x.com\/TourTravel_More\"]}]}<\/script>\n<!-- \/ Yoast SEO Premium plugin. -->","yoast_head_json":{"title":"Visite priv\u00e9e de Marrakech avec guide officiel et chauffeur en v\u00e9hicule","description":"Profitez de cette visite priv\u00e9e de Marrakech avec un guide local et exp\u00e9riment\u00e9. Entr\u00e9es aux principaux sites de la m\u00e9dina incluses.","robots":{"index":"index","follow":"follow","max-snippet":"max-snippet:-1","max-image-preview":"max-image-preview:large","max-video-preview":"max-video-preview:-1"},"canonical":"https:\/\/tourtravelandmore.com\/fr\/tours\/maroc-fr\/marrakech-fr\/visite-privee-de-marrakech\/","og_locale":"fr_FR","og_type":"article","og_title":"Visite priv\u00e9e de Marrakech","og_description":"Profitez de cette visite priv\u00e9e de Marrakech avec un guide local et exp\u00e9riment\u00e9. Entr\u00e9es aux principaux sites de la m\u00e9dina incluses.","og_url":"https:\/\/tourtravelandmore.com\/fr\/tours\/maroc-fr\/marrakech-fr\/visite-privee-de-marrakech\/","og_site_name":"Tour Travel And More","article_publisher":"https:\/\/www.facebook.com\/tourtravelandmore\/","article_modified_time":"2023-05-03T16:31:08+00:00","og_image":[{"width":960,"height":622,"url":"https:\/\/tourtravelandmore.com\/wp-content\/uploads\/2019\/02\/\u00b4CITY-TOUR-MARRAKECH.jpg","type":"image\/jpeg"}],"twitter_card":"summary_large_image","twitter_site":"@TourTravel_More","twitter_misc":{"Dur\u00e9e de lecture estim\u00e9e":"1 minute"},"schema":{"@context":"https:\/\/schema.org","@graph":[{"@type":"WebPage","@id":"https:\/\/tourtravelandmore.com\/fr\/tours\/maroc-fr\/marrakech-fr\/visite-privee-de-marrakech\/","url":"https:\/\/tourtravelandmore.com\/fr\/tours\/maroc-fr\/marrakech-fr\/visite-privee-de-marrakech\/","name":"Visite priv\u00e9e de Marrakech avec guide officiel et chauffeur en v\u00e9hicule","isPartOf":{"@id":"https:\/\/tourtravelandmore.com\/fr\/#website"},"primaryImageOfPage":{"@id":"https:\/\/tourtravelandmore.com\/fr\/tours\/maroc-fr\/marrakech-fr\/visite-privee-de-marrakech\/#primaryimage"},"image":{"@id":"https:\/\/tourtravelandmore.com\/fr\/tours\/maroc-fr\/marrakech-fr\/visite-privee-de-marrakech\/#primaryimage"},"thumbnailUrl":"https:\/\/tourtravelandmore.com\/wp-content\/uploads\/2019\/02\/\u00b4CITY-TOUR-MARRAKECH.jpg","datePublished":"2019-02-11T10:59:31+00:00","dateModified":"2023-05-03T16:31:08+00:00","description":"Profitez de cette visite priv\u00e9e de Marrakech avec un guide local et exp\u00e9riment\u00e9. Entr\u00e9es aux principaux sites de la m\u00e9dina incluses.","breadcrumb":{"@id":"https:\/\/tourtravelandmore.com\/fr\/tours\/maroc-fr\/marrakech-fr\/visite-privee-de-marrakech\/#breadcrumb"},"inLanguage":"fr-FR","potentialAction":[{"@type":"ReadAction","target":["https:\/\/tourtravelandmore.com\/fr\/tours\/maroc-fr\/marrakech-fr\/visite-privee-de-marrakech\/"]}]},{"@type":"ImageObject","inLanguage":"fr-FR","@id":"https:\/\/tourtravelandmore.com\/fr\/tours\/maroc-fr\/marrakech-fr\/visite-privee-de-marrakech\/#primaryimage","url":"https:\/\/tourtravelandmore.com\/wp-content\/uploads\/2019\/02\/\u00b4CITY-TOUR-MARRAKECH.jpg","contentUrl":"https:\/\/tourtravelandmore.com\/wp-content\/uploads\/2019\/02\/\u00b4CITY-TOUR-MARRAKECH.jpg","width":960,"height":622},{"@type":"BreadcrumbList","@id":"https:\/\/tourtravelandmore.com\/fr\/tours\/maroc-fr\/marrakech-fr\/visite-privee-de-marrakech\/#breadcrumb","itemListElement":[{"@type":"ListItem","position":1,"name":"Home","item":"https:\/\/tourtravelandmore.com\/fr\/"},{"@type":"ListItem","position":2,"name":"Tours","item":"https:\/\/tourtravelandmore.com\/fr\/tours\/"},{"@type":"ListItem","position":3,"name":"Visite priv\u00e9e de Marrakech"}]},{"@type":"WebSite","@id":"https:\/\/tourtravelandmore.com\/fr\/#website","url":"https:\/\/tourtravelandmore.com\/fr\/","name":"Tour Travel And More","description":"Private sightseeing tours and luxury transfers in Spain","publisher":{"@id":"https:\/\/tourtravelandmore.com\/fr\/#organization"},"potentialAction":[{"@type":"SearchAction","target":{"@type":"EntryPoint","urlTemplate":"https:\/\/tourtravelandmore.com\/fr\/?s={search_term_string}"},"query-input":{"@type":"PropertyValueSpecification","valueRequired":true,"valueName":"search_term_string"}}],"inLanguage":"fr-FR"},{"@type":"Organization","@id":"https:\/\/tourtravelandmore.com\/fr\/#organization","name":"Tour Travel And More","url":"https:\/\/tourtravelandmore.com\/fr\/","logo":{"@type":"ImageObject","inLanguage":"fr-FR","@id":"https:\/\/tourtravelandmore.com\/fr\/#\/schema\/logo\/image\/","url":"https:\/\/tourtravelandmore.com\/wp-content\/uploads\/2022\/12\/cropped-logo-cabecera-new.png","contentUrl":"https:\/\/tourtravelandmore.com\/wp-content\/uploads\/2022\/12\/cropped-logo-cabecera-new.png","width":430,"height":61,"caption":"Tour Travel And More"},"image":{"@id":"https:\/\/tourtravelandmore.com\/fr\/#\/schema\/logo\/image\/"},"sameAs":["https:\/\/www.facebook.com\/tourtravelandmore\/","https:\/\/x.com\/TourTravel_More"]}]}},"_links":{"self":[{"href":"https:\/\/tourtravelandmore.com\/fr\/wp-json\/wp\/v2\/product\/105393","targetHints":{"allow":["GET"]}}],"collection":[{"href":"https:\/\/tourtravelandmore.com\/fr\/wp-json\/wp\/v2\/product"}],"about":[{"href":"https:\/\/tourtravelandmore.com\/fr\/wp-json\/wp\/v2\/types\/product"}],"replies":[{"embeddable":true,"href":"https:\/\/tourtravelandmore.com\/fr\/wp-json\/wp\/v2\/comments?post=105393"}],"wp:featuredmedia":[{"embeddable":true,"href":"https:\/\/tourtravelandmore.com\/fr\/wp-json\/wp\/v2\/media\/95558"}],"wp:attachment":[{"href":"https:\/\/tourtravelandmore.com\/fr\/wp-json\/wp\/v2\/media?parent=105393"}],"wp:term":[{"taxonomy":"product_brand","embeddable":true,"href":"https:\/\/tourtravelandmore.com\/fr\/wp-json\/wp\/v2\/product_brand?post=105393"},{"taxonomy":"product_cat","embeddable":true,"href":"https:\/\/tourtravelandmore.com\/fr\/wp-json\/wp\/v2\/product_cat?post=105393"},{"taxonomy":"product_tag","embeddable":true,"href":"https:\/\/tourtravelandmore.com\/fr\/wp-json\/wp\/v2\/product_tag?post=105393"}],"curies":[{"name":"wp","href":"https:\/\/api.w.org\/{rel}","templated":true}]}}