{"id":105374,"date":"2019-11-01T01:53:13","date_gmt":"2019-11-01T00:53:13","guid":{"rendered":"https:\/\/tourtravelandmore.com\/tours\/non%20class\u00e9\/visite-privee-de-harry-potter\/"},"modified":"2025-04-08T20:22:25","modified_gmt":"2025-04-08T18:22:25","slug":"visite-privee-de-harry-potter","status":"publish","type":"product","link":"https:\/\/tourtravelandmore.com\/fr\/tours\/ecosse-fr\/edinburgh-fr\/visite-privee-de-harry-potter\/","title":{"rendered":"Visite priv\u00e9e \u00e0 pied de Harry Potter"},"content":{"rendered":"<h2>Visite priv\u00e9e Harry Potter Description<\/h2>\n<p>Au cours de cette<b> visite priv\u00e9e Harry Potter<\/b> des lieux de tournage les plus c\u00e9l\u00e8bres de <b>Harry Potter<\/b>, vous profiterez de la magie de cette saga \u00e0 <b>\u00c9dimbourg<\/b>. Visitez la tombe de Tom Jedusor au cimeti\u00e8re de Greyfriars et passez entre les mains dor\u00e9es de J.K. Rowling devant l&#8217;h\u00f4tel de ville d&#8217;<b>\u00c9dimbourg.<\/b><\/p>\n<p>Au cours de la visite, votre guide priv\u00e9 vous racontera des anecdotes sur la saga et vous expliquera en d\u00e9tail de nombreuses informations sur le tournage des films.<\/p>\n<p>J.K Rowling a toujours d\u00e9clar\u00e9 qu&#8217;elle avait v\u00e9cu \u00e0 <b>\u00c9dimbourg<\/b> pendant la majeure partie de la saga. Si vous \u00eates un v\u00e9ritable fan de cette saga, n&#8217;h\u00e9sitez pas \u00e0 participer \u00e0 cette visite priv\u00e9e et \u00e0 d\u00e9couvrir la magie d&#8217;<b>Harry Potter<\/b>.<\/p>\n<p>Votre<b> guide priv\u00e9<\/b> peut vous aider \u00e0 explorer de nombreux autres endroits, m\u00eame les lieux les plus embl\u00e9matiques et impressionnants de <b>Harry Potter<\/b>, o\u00f9 vous pourrez prendre les meilleures photos quand et o\u00f9 vous le souhaitez au cours de votre <b>visite priv\u00e9e<\/b>. Les sites et le point de rencontre de cette visite sont enti\u00e8rement personnalisables. Veuillez nous contacter pour organiser la visite en fonction de vos besoins personnels.<\/p>\n<h2>Visite priv\u00e9e de Harry Potter | Points d&#8217;int\u00e9r\u00eat et monuments<\/h2>\n<p>Cette visite priv\u00e9e commencera par une prise en charge \u00e0 votre h\u00f4tel par un guide officielr. Votre guide vous fera d\u00e9couvrir les lieux les plus embl\u00e9matiques d&#8217;\u00c9dimbourg, o\u00f9 vous pourrez appr\u00e9cier les endroits qui ont servi d&#8217;inspiration \u00e0 cette saga de films.<\/p>\n<p>Au cours de votre visite, vous d\u00e9couvrirez certains des sites les plus embl\u00e9matiques de Edinburgh, tels que :<\/p>\n<ul>\n<li><b><strong>Le cimeti\u00e8re de Greyfriars<\/strong><\/b><\/li>\n<li><b><strong>Victoria Street (le Chemin de Traverse d&#8217;\u00c9dimbourg)<\/strong><\/b><\/li>\n<li><b><strong>La tombe de Tom Jedusor<\/strong><\/b><\/li>\n<li>Et bien d&#8217;autres lieux encore lors de cette visite priv\u00e9e \u00e0 pied des sites d&#8217;Harry Potter.<\/li>\n<\/ul>\n<p>Vous pourrez personnaliser cette visite et prendre des photos impressionnantes quand vous le souhaitez. Il s&#8217;agit d&#8217;une visite enti\u00e8rement personnalis\u00e9e et unique pour vous et votre groupe.<\/p>\n<p><a href=\"https:\/\/tourtravelandmore.com\/fr\/city\/ecosse-fr\/edinburgh-en\/\">Jetez un \u0153il \u00e0 nos autres visites priv\u00e9es \u00e0 \u00c9dimbourg !<\/a><\/p>\n","protected":false},"excerpt":{"rendered":"<p>Si vous \u00eates fan de Harry Potter, vous ne voulez pas manquer l&#8217;occasion de faire cette magnifique visite priv\u00e9e \u00e0 pied et de conna\u00eetre les lieux qui ont \u00e9t\u00e9 inspir\u00e9s pour faire ces films. Votre guide officiel priv\u00e9 est un professionnel et poss\u00e8de une grande connaissance de la saga de Harry Potter.<\/p>\n<p>&nbsp;<\/p>\n","protected":false},"featured_media":96633,"comment_status":"open","ping_status":"closed","template":"","meta":{"_acf_changed":false},"product_brand":[],"product_cat":[5504,5505,3741,3826,3545],"product_tag":[],"class_list":{"0":"post-105374","1":"product","2":"type-product","3":"status-publish","4":"has-post-thumbnail","6":"product_cat-all-private-tours-activities-fr-37","7":"product_cat-private-sightseeing-tours-fr-45","8":"product_cat-ecosse-fr","9":"product_cat-edinburgh-fr","10":"product_cat-royaume-uni-fr","12":"first","13":"instock","14":"shipping-taxable","15":"purchasable","16":"product-type-simple"},"acf":[],"yoast_head":"<!-- This site is optimized with the Yoast SEO Premium plugin v25.3.1 (Yoast SEO v25.3.1) - https:\/\/yoast.com\/wordpress\/plugins\/seo\/ -->\n<title>Sites de visite priv\u00e9s de Harry Potter \u00e0 \u00c9dimbourg - EDIMBURGH TOUR<\/title>\n<meta name=\"description\" content=\"Explorez et profitez de cette visite priv\u00e9e de Harry Potter et de ses sites avec un guide local et d\u00e9couvrez certains de ses endroits les plus reconnus d&#039;\u00c9dimbourg.\" \/>\n<meta name=\"robots\" content=\"index, follow, max-snippet:-1, max-image-preview:large, max-video-preview:-1\" \/>\n<link rel=\"canonical\" href=\"https:\/\/tourtravelandmore.com\/fr\/tours\/ecosse-fr\/edinburgh-fr\/visite-privee-de-harry-potter\/\" \/>\n<meta property=\"og:locale\" content=\"fr_FR\" \/>\n<meta property=\"og:type\" content=\"article\" \/>\n<meta property=\"og:title\" content=\"Visite priv\u00e9e \u00e0 pied de Harry Potter\" \/>\n<meta property=\"og:description\" content=\"Explorez et profitez de cette visite priv\u00e9e de Harry Potter et de ses sites avec un guide local et d\u00e9couvrez certains de ses endroits les plus reconnus d&#039;\u00c9dimbourg.\" \/>\n<meta property=\"og:url\" content=\"https:\/\/tourtravelandmore.com\/fr\/tours\/ecosse-fr\/edinburgh-fr\/visite-privee-de-harry-potter\/\" \/>\n<meta property=\"og:site_name\" content=\"Tour Travel And More\" \/>\n<meta property=\"article:publisher\" content=\"https:\/\/www.facebook.com\/tourtravelandmore\/\" \/>\n<meta property=\"article:modified_time\" content=\"2025-04-08T18:22:25+00:00\" \/>\n<meta property=\"og:image\" content=\"https:\/\/tourtravelandmore.com\/wp-content\/uploads\/2019\/11\/victoria_street_edinburgh.1.jpg\" \/>\n\t<meta property=\"og:image:width\" content=\"1024\" \/>\n\t<meta property=\"og:image:height\" content=\"683\" \/>\n\t<meta property=\"og:image:type\" content=\"image\/jpeg\" \/>\n<meta name=\"twitter:card\" content=\"summary_large_image\" \/>\n<meta name=\"twitter:site\" content=\"@TourTravel_More\" \/>\n<meta name=\"twitter:label1\" content=\"Dur\u00e9e de lecture estim\u00e9e\" \/>\n\t<meta name=\"twitter:data1\" content=\"2 minutes\" \/>\n<script type=\"application\/ld+json\" class=\"yoast-schema-graph\">{\"@context\":\"https:\/\/schema.org\",\"@graph\":[{\"@type\":\"WebPage\",\"@id\":\"https:\/\/tourtravelandmore.com\/fr\/tours\/ecosse-fr\/edinburgh-fr\/visite-privee-de-harry-potter\/\",\"url\":\"https:\/\/tourtravelandmore.com\/fr\/tours\/ecosse-fr\/edinburgh-fr\/visite-privee-de-harry-potter\/\",\"name\":\"Sites de visite priv\u00e9s de Harry Potter \u00e0 \u00c9dimbourg - EDIMBURGH TOUR\",\"isPartOf\":{\"@id\":\"https:\/\/tourtravelandmore.com\/fr\/#website\"},\"primaryImageOfPage\":{\"@id\":\"https:\/\/tourtravelandmore.com\/fr\/tours\/ecosse-fr\/edinburgh-fr\/visite-privee-de-harry-potter\/#primaryimage\"},\"image\":{\"@id\":\"https:\/\/tourtravelandmore.com\/fr\/tours\/ecosse-fr\/edinburgh-fr\/visite-privee-de-harry-potter\/#primaryimage\"},\"thumbnailUrl\":\"https:\/\/tourtravelandmore.com\/wp-content\/uploads\/2019\/11\/victoria_street_edinburgh.1.jpg\",\"datePublished\":\"2019-11-01T00:53:13+00:00\",\"dateModified\":\"2025-04-08T18:22:25+00:00\",\"description\":\"Explorez et profitez de cette visite priv\u00e9e de Harry Potter et de ses sites avec un guide local et d\u00e9couvrez certains de ses endroits les plus reconnus d'\u00c9dimbourg.\",\"breadcrumb\":{\"@id\":\"https:\/\/tourtravelandmore.com\/fr\/tours\/ecosse-fr\/edinburgh-fr\/visite-privee-de-harry-potter\/#breadcrumb\"},\"inLanguage\":\"fr-FR\",\"potentialAction\":[{\"@type\":\"ReadAction\",\"target\":[\"https:\/\/tourtravelandmore.com\/fr\/tours\/ecosse-fr\/edinburgh-fr\/visite-privee-de-harry-potter\/\"]}]},{\"@type\":\"ImageObject\",\"inLanguage\":\"fr-FR\",\"@id\":\"https:\/\/tourtravelandmore.com\/fr\/tours\/ecosse-fr\/edinburgh-fr\/visite-privee-de-harry-potter\/#primaryimage\",\"url\":\"https:\/\/tourtravelandmore.com\/wp-content\/uploads\/2019\/11\/victoria_street_edinburgh.1.jpg\",\"contentUrl\":\"https:\/\/tourtravelandmore.com\/wp-content\/uploads\/2019\/11\/victoria_street_edinburgh.1.jpg\",\"width\":1024,\"height\":683},{\"@type\":\"BreadcrumbList\",\"@id\":\"https:\/\/tourtravelandmore.com\/fr\/tours\/ecosse-fr\/edinburgh-fr\/visite-privee-de-harry-potter\/#breadcrumb\",\"itemListElement\":[{\"@type\":\"ListItem\",\"position\":1,\"name\":\"Home\",\"item\":\"https:\/\/tourtravelandmore.com\/fr\/\"},{\"@type\":\"ListItem\",\"position\":2,\"name\":\"Tours\",\"item\":\"https:\/\/tourtravelandmore.com\/fr\/tours\/\"},{\"@type\":\"ListItem\",\"position\":3,\"name\":\"Visite priv\u00e9e \u00e0 pied de Harry Potter\"}]},{\"@type\":\"WebSite\",\"@id\":\"https:\/\/tourtravelandmore.com\/fr\/#website\",\"url\":\"https:\/\/tourtravelandmore.com\/fr\/\",\"name\":\"Tour Travel And More\",\"description\":\"Private sightseeing tours and luxury transfers in Spain\",\"publisher\":{\"@id\":\"https:\/\/tourtravelandmore.com\/fr\/#organization\"},\"potentialAction\":[{\"@type\":\"SearchAction\",\"target\":{\"@type\":\"EntryPoint\",\"urlTemplate\":\"https:\/\/tourtravelandmore.com\/fr\/?s={search_term_string}\"},\"query-input\":{\"@type\":\"PropertyValueSpecification\",\"valueRequired\":true,\"valueName\":\"search_term_string\"}}],\"inLanguage\":\"fr-FR\"},{\"@type\":\"Organization\",\"@id\":\"https:\/\/tourtravelandmore.com\/fr\/#organization\",\"name\":\"Tour Travel And More\",\"url\":\"https:\/\/tourtravelandmore.com\/fr\/\",\"logo\":{\"@type\":\"ImageObject\",\"inLanguage\":\"fr-FR\",\"@id\":\"https:\/\/tourtravelandmore.com\/fr\/#\/schema\/logo\/image\/\",\"url\":\"https:\/\/tourtravelandmore.com\/wp-content\/uploads\/2022\/12\/cropped-logo-cabecera-new.png\",\"contentUrl\":\"https:\/\/tourtravelandmore.com\/wp-content\/uploads\/2022\/12\/cropped-logo-cabecera-new.png\",\"width\":430,\"height\":61,\"caption\":\"Tour Travel And More\"},\"image\":{\"@id\":\"https:\/\/tourtravelandmore.com\/fr\/#\/schema\/logo\/image\/\"},\"sameAs\":[\"https:\/\/www.facebook.com\/tourtravelandmore\/\",\"https:\/\/x.com\/TourTravel_More\"]}]}<\/script>\n<!-- \/ Yoast SEO Premium plugin. -->","yoast_head_json":{"title":"Sites de visite priv\u00e9s de Harry Potter \u00e0 \u00c9dimbourg - EDIMBURGH TOUR","description":"Explorez et profitez de cette visite priv\u00e9e de Harry Potter et de ses sites avec un guide local et d\u00e9couvrez certains de ses endroits les plus reconnus d'\u00c9dimbourg.","robots":{"index":"index","follow":"follow","max-snippet":"max-snippet:-1","max-image-preview":"max-image-preview:large","max-video-preview":"max-video-preview:-1"},"canonical":"https:\/\/tourtravelandmore.com\/fr\/tours\/ecosse-fr\/edinburgh-fr\/visite-privee-de-harry-potter\/","og_locale":"fr_FR","og_type":"article","og_title":"Visite priv\u00e9e \u00e0 pied de Harry Potter","og_description":"Explorez et profitez de cette visite priv\u00e9e de Harry Potter et de ses sites avec un guide local et d\u00e9couvrez certains de ses endroits les plus reconnus d'\u00c9dimbourg.","og_url":"https:\/\/tourtravelandmore.com\/fr\/tours\/ecosse-fr\/edinburgh-fr\/visite-privee-de-harry-potter\/","og_site_name":"Tour Travel And More","article_publisher":"https:\/\/www.facebook.com\/tourtravelandmore\/","article_modified_time":"2025-04-08T18:22:25+00:00","og_image":[{"width":1024,"height":683,"url":"https:\/\/tourtravelandmore.com\/wp-content\/uploads\/2019\/11\/victoria_street_edinburgh.1.jpg","type":"image\/jpeg"}],"twitter_card":"summary_large_image","twitter_site":"@TourTravel_More","twitter_misc":{"Dur\u00e9e de lecture estim\u00e9e":"2 minutes"},"schema":{"@context":"https:\/\/schema.org","@graph":[{"@type":"WebPage","@id":"https:\/\/tourtravelandmore.com\/fr\/tours\/ecosse-fr\/edinburgh-fr\/visite-privee-de-harry-potter\/","url":"https:\/\/tourtravelandmore.com\/fr\/tours\/ecosse-fr\/edinburgh-fr\/visite-privee-de-harry-potter\/","name":"Sites de visite priv\u00e9s de Harry Potter \u00e0 \u00c9dimbourg - EDIMBURGH TOUR","isPartOf":{"@id":"https:\/\/tourtravelandmore.com\/fr\/#website"},"primaryImageOfPage":{"@id":"https:\/\/tourtravelandmore.com\/fr\/tours\/ecosse-fr\/edinburgh-fr\/visite-privee-de-harry-potter\/#primaryimage"},"image":{"@id":"https:\/\/tourtravelandmore.com\/fr\/tours\/ecosse-fr\/edinburgh-fr\/visite-privee-de-harry-potter\/#primaryimage"},"thumbnailUrl":"https:\/\/tourtravelandmore.com\/wp-content\/uploads\/2019\/11\/victoria_street_edinburgh.1.jpg","datePublished":"2019-11-01T00:53:13+00:00","dateModified":"2025-04-08T18:22:25+00:00","description":"Explorez et profitez de cette visite priv\u00e9e de Harry Potter et de ses sites avec un guide local et d\u00e9couvrez certains de ses endroits les plus reconnus d'\u00c9dimbourg.","breadcrumb":{"@id":"https:\/\/tourtravelandmore.com\/fr\/tours\/ecosse-fr\/edinburgh-fr\/visite-privee-de-harry-potter\/#breadcrumb"},"inLanguage":"fr-FR","potentialAction":[{"@type":"ReadAction","target":["https:\/\/tourtravelandmore.com\/fr\/tours\/ecosse-fr\/edinburgh-fr\/visite-privee-de-harry-potter\/"]}]},{"@type":"ImageObject","inLanguage":"fr-FR","@id":"https:\/\/tourtravelandmore.com\/fr\/tours\/ecosse-fr\/edinburgh-fr\/visite-privee-de-harry-potter\/#primaryimage","url":"https:\/\/tourtravelandmore.com\/wp-content\/uploads\/2019\/11\/victoria_street_edinburgh.1.jpg","contentUrl":"https:\/\/tourtravelandmore.com\/wp-content\/uploads\/2019\/11\/victoria_street_edinburgh.1.jpg","width":1024,"height":683},{"@type":"BreadcrumbList","@id":"https:\/\/tourtravelandmore.com\/fr\/tours\/ecosse-fr\/edinburgh-fr\/visite-privee-de-harry-potter\/#breadcrumb","itemListElement":[{"@type":"ListItem","position":1,"name":"Home","item":"https:\/\/tourtravelandmore.com\/fr\/"},{"@type":"ListItem","position":2,"name":"Tours","item":"https:\/\/tourtravelandmore.com\/fr\/tours\/"},{"@type":"ListItem","position":3,"name":"Visite priv\u00e9e \u00e0 pied de Harry Potter"}]},{"@type":"WebSite","@id":"https:\/\/tourtravelandmore.com\/fr\/#website","url":"https:\/\/tourtravelandmore.com\/fr\/","name":"Tour Travel And More","description":"Private sightseeing tours and luxury transfers in Spain","publisher":{"@id":"https:\/\/tourtravelandmore.com\/fr\/#organization"},"potentialAction":[{"@type":"SearchAction","target":{"@type":"EntryPoint","urlTemplate":"https:\/\/tourtravelandmore.com\/fr\/?s={search_term_string}"},"query-input":{"@type":"PropertyValueSpecification","valueRequired":true,"valueName":"search_term_string"}}],"inLanguage":"fr-FR"},{"@type":"Organization","@id":"https:\/\/tourtravelandmore.com\/fr\/#organization","name":"Tour Travel And More","url":"https:\/\/tourtravelandmore.com\/fr\/","logo":{"@type":"ImageObject","inLanguage":"fr-FR","@id":"https:\/\/tourtravelandmore.com\/fr\/#\/schema\/logo\/image\/","url":"https:\/\/tourtravelandmore.com\/wp-content\/uploads\/2022\/12\/cropped-logo-cabecera-new.png","contentUrl":"https:\/\/tourtravelandmore.com\/wp-content\/uploads\/2022\/12\/cropped-logo-cabecera-new.png","width":430,"height":61,"caption":"Tour Travel And More"},"image":{"@id":"https:\/\/tourtravelandmore.com\/fr\/#\/schema\/logo\/image\/"},"sameAs":["https:\/\/www.facebook.com\/tourtravelandmore\/","https:\/\/x.com\/TourTravel_More"]}]}},"_links":{"self":[{"href":"https:\/\/tourtravelandmore.com\/fr\/wp-json\/wp\/v2\/product\/105374","targetHints":{"allow":["GET"]}}],"collection":[{"href":"https:\/\/tourtravelandmore.com\/fr\/wp-json\/wp\/v2\/product"}],"about":[{"href":"https:\/\/tourtravelandmore.com\/fr\/wp-json\/wp\/v2\/types\/product"}],"replies":[{"embeddable":true,"href":"https:\/\/tourtravelandmore.com\/fr\/wp-json\/wp\/v2\/comments?post=105374"}],"wp:featuredmedia":[{"embeddable":true,"href":"https:\/\/tourtravelandmore.com\/fr\/wp-json\/wp\/v2\/media\/96633"}],"wp:attachment":[{"href":"https:\/\/tourtravelandmore.com\/fr\/wp-json\/wp\/v2\/media?parent=105374"}],"wp:term":[{"taxonomy":"product_brand","embeddable":true,"href":"https:\/\/tourtravelandmore.com\/fr\/wp-json\/wp\/v2\/product_brand?post=105374"},{"taxonomy":"product_cat","embeddable":true,"href":"https:\/\/tourtravelandmore.com\/fr\/wp-json\/wp\/v2\/product_cat?post=105374"},{"taxonomy":"product_tag","embeddable":true,"href":"https:\/\/tourtravelandmore.com\/fr\/wp-json\/wp\/v2\/product_tag?post=105374"}],"curies":[{"name":"wp","href":"https:\/\/api.w.org\/{rel}","templated":true}]}}