{"id":105369,"date":"2019-10-28T14:30:31","date_gmt":"2019-10-28T13:30:31","guid":{"rendered":"https:\/\/tourtravelandmore.com\/tours\/non%20class\u00e9\/visite-privee-a-pied-dedimbourg\/"},"modified":"2025-04-07T17:30:00","modified_gmt":"2025-04-07T15:30:00","slug":"visite-privee-a-pied-dedimbourg","status":"publish","type":"product","link":"https:\/\/tourtravelandmore.com\/fr\/tours\/ecosse-fr\/edinburgh-fr\/visite-privee-a-pied-dedimbourg\/","title":{"rendered":"Visite priv\u00e9e \u00e0 pied d&#8217;\u00c9dimbourg"},"content":{"rendered":"<h2>Visite priv\u00e9e \u00e0 pied d&#8217;\u00c9dimbourg Description<\/h2>\n<p>Profitez de cette <b>visite priv\u00e9e \u00e0 pied<\/b> de la ville d&#8217;<b>\u00c9dimbourg<\/b> en compagnie de votre <b>guide officiel priv\u00e9<\/b> et d\u00e9couvrez le meilleur de ce que <b>la ville<\/b> a \u00e0 offrir lors de <b>cette visite priv\u00e9e \u00e0 pied d&#8217;\u00c9dimbourg<\/b>.<\/p>\n<p>Nous commencerons cette <b>visite priv\u00e9e \u00e0 pied<\/b> par la vieille ville, o\u00f9 nous verrons l&#8217;un des lieux les plus embl\u00e9matiques d&#8217;<b>\u00c9dimbourg<\/b>, le ch\u00e2teau m\u00e9di\u00e9val, qui a conserv\u00e9 sa structure d&#8217;il y a des milliers d&#8217;ann\u00e9es. Nous entrerons ensuite dans le quartier connu pour ses petites rues, o\u00f9 nous verrons le palais de Holyrood.<\/p>\n<p>Ensuite, nous verrons la nouvelle ville construite entre le XIIIe et le XIXe si\u00e8cle en raison de la surpopulation de la vieille ville. Nous verrons sa rue principale, Princes Street, et ses c\u00e9l\u00e8bres jardins qui bordent les quartiers.<\/p>\n<p>Parmi de nombreux autres lieux importants de la vieille et de la nouvelle ville, nous verrons : le Parlement d&#8217;\u00c9cosse, la chapelle de la Madeleine, les ruelles du Royal Mile&#8230;<\/p>\n<p>N&#8217;h\u00e9sitez pas et profitez de cette occasion pour d\u00e9couvrir \u00e0 pied les endroits les plus int\u00e9ressants d&#8217;<b>\u00c9dimbourg<\/b>.<\/p>\n<p><b><strong>Cette visite est enti\u00e8rement personnalisable. Vous pouvez adapter votre int\u00e9r\u00eat \u00e0 toutes nos visites \u00e0 \u00c9dimbourg en nous contactant.<\/strong><\/b><\/p>\n<h2>Visite priv\u00e9e d&#8217;\u00c9dimbourg \u00e0 pied | Points d&#8217;int\u00e9r\u00eat et monuments<\/h2>\n<p>Au cours de votre visite priv\u00e9e \u00e0 pied, vous d\u00e9couvrirez certains des endroits les plus connus de la ville. Vous serez t\u00e9moin de sa beaut\u00e9 architecturale unique. Parmi les sites que vous pourrez visiter lors de cette visite priv\u00e9e, nous vous proposons :<\/p>\n<ul>\n<li><b><strong>Le ch\u00e2teau d&#8217;\u00c9dimbourg<\/strong><\/b><\/li>\n<li><b><strong>La vieille ville et la nouvelle ville<\/strong><\/b><\/li>\n<li><b><strong>Le Royal Mile La rue principale<\/strong><\/b><\/li>\n<li><b><strong>Le palais de Holyrood<\/strong><\/b><\/li>\n<li>Et bien d&#8217;autres lieux encore lors de cette visite priv\u00e9e \u00e0 pied d&#8217;\u00c9dimbourg.<\/li>\n<\/ul>\n<p><a href=\"https:\/\/tourtravelandmore.com\/fr\/city\/ecosse-fr\/edinburgh-en\/\">Jetez un \u0153il \u00e0 toutes nos autres visites priv\u00e9es que nous vous proposons !<\/a> Nous sommes \u00e0 votre enti\u00e8re disposition pour organiser des exp\u00e9riences priv\u00e9es.<\/p>\n","protected":false},"excerpt":{"rendered":"<p>La ville d&#8217;\u00c9dimbourg, en \u00c9cosse, est connue pour son riche patrimoine culturel et ses interminables ruelles charg\u00e9es d&#8217;histoire. Au cours de cette visite priv\u00e9e \u00e0 pied, votre guide officiel vous fera d\u00e9couvrir des endroits incroyables tels que le ch\u00e2teau d&#8217;\u00c9dimbourg, Princes Street, le palais de Holyrood et bien plus encore!<\/p>\n","protected":false},"featured_media":96643,"comment_status":"open","ping_status":"closed","template":"","meta":{"_acf_changed":false},"product_brand":[],"product_cat":[5504,5503,3741,3826,3545],"product_tag":[],"class_list":{"0":"post-105369","1":"product","2":"type-product","3":"status-publish","4":"has-post-thumbnail","6":"product_cat-all-private-tours-activities-fr-37","7":"product_cat-private-walking-tours-fr-24","8":"product_cat-ecosse-fr","9":"product_cat-edinburgh-fr","10":"product_cat-royaume-uni-fr","12":"first","13":"instock","14":"shipping-taxable","15":"purchasable","16":"product-type-simple"},"acf":[],"yoast_head":"<!-- This site is optimized with the Yoast SEO Premium plugin v25.3.1 (Yoast SEO v25.3.1) - https:\/\/yoast.com\/wordpress\/plugins\/seo\/ -->\n<title>Visite priv\u00e9e \u00e0 pied d&#039;\u00c9dimbourg avec guide - EDIMBURGH TOUR<\/title>\n<meta name=\"description\" content=\"Explorez et profitez de la ville d&#039;\u00c9dimbourg avec cette visite priv\u00e9e \u00e0 pied d&#039;\u00c9dimbourg avec un guide local et d\u00e9couvrez certains de ses endroits les plus reconnus.\" \/>\n<meta name=\"robots\" content=\"index, follow, max-snippet:-1, max-image-preview:large, max-video-preview:-1\" \/>\n<link rel=\"canonical\" href=\"https:\/\/tourtravelandmore.com\/fr\/tours\/ecosse-fr\/edinburgh-fr\/visite-privee-a-pied-dedimbourg\/\" \/>\n<meta property=\"og:locale\" content=\"fr_FR\" \/>\n<meta property=\"og:type\" content=\"article\" \/>\n<meta property=\"og:title\" content=\"Visite priv\u00e9e \u00e0 pied d&#039;\u00c9dimbourg\" \/>\n<meta property=\"og:description\" content=\"Explorez et profitez de la ville d&#039;\u00c9dimbourg avec cette visite priv\u00e9e \u00e0 pied d&#039;\u00c9dimbourg avec un guide local et d\u00e9couvrez certains de ses endroits les plus reconnus.\" \/>\n<meta property=\"og:url\" content=\"https:\/\/tourtravelandmore.com\/fr\/tours\/ecosse-fr\/edinburgh-fr\/visite-privee-a-pied-dedimbourg\/\" \/>\n<meta property=\"og:site_name\" content=\"Tour Travel And More\" \/>\n<meta property=\"article:publisher\" content=\"https:\/\/www.facebook.com\/tourtravelandmore\/\" \/>\n<meta property=\"article:modified_time\" content=\"2025-04-07T15:30:00+00:00\" \/>\n<meta property=\"og:image\" content=\"https:\/\/tourtravelandmore.com\/wp-content\/uploads\/2019\/10\/edimburgh_castle.jpg\" \/>\n\t<meta property=\"og:image:width\" content=\"1024\" \/>\n\t<meta property=\"og:image:height\" content=\"683\" \/>\n\t<meta property=\"og:image:type\" content=\"image\/jpeg\" \/>\n<meta name=\"twitter:card\" content=\"summary_large_image\" \/>\n<meta name=\"twitter:site\" content=\"@TourTravel_More\" \/>\n<meta name=\"twitter:label1\" content=\"Dur\u00e9e de lecture estim\u00e9e\" \/>\n\t<meta name=\"twitter:data1\" content=\"2 minutes\" \/>\n<script type=\"application\/ld+json\" class=\"yoast-schema-graph\">{\"@context\":\"https:\/\/schema.org\",\"@graph\":[{\"@type\":\"WebPage\",\"@id\":\"https:\/\/tourtravelandmore.com\/fr\/tours\/ecosse-fr\/edinburgh-fr\/visite-privee-a-pied-dedimbourg\/\",\"url\":\"https:\/\/tourtravelandmore.com\/fr\/tours\/ecosse-fr\/edinburgh-fr\/visite-privee-a-pied-dedimbourg\/\",\"name\":\"Visite priv\u00e9e \u00e0 pied d'\u00c9dimbourg avec guide - EDIMBURGH TOUR\",\"isPartOf\":{\"@id\":\"https:\/\/tourtravelandmore.com\/fr\/#website\"},\"primaryImageOfPage\":{\"@id\":\"https:\/\/tourtravelandmore.com\/fr\/tours\/ecosse-fr\/edinburgh-fr\/visite-privee-a-pied-dedimbourg\/#primaryimage\"},\"image\":{\"@id\":\"https:\/\/tourtravelandmore.com\/fr\/tours\/ecosse-fr\/edinburgh-fr\/visite-privee-a-pied-dedimbourg\/#primaryimage\"},\"thumbnailUrl\":\"https:\/\/tourtravelandmore.com\/wp-content\/uploads\/2019\/10\/edimburgh_castle.jpg\",\"datePublished\":\"2019-10-28T13:30:31+00:00\",\"dateModified\":\"2025-04-07T15:30:00+00:00\",\"description\":\"Explorez et profitez de la ville d'\u00c9dimbourg avec cette visite priv\u00e9e \u00e0 pied d'\u00c9dimbourg avec un guide local et d\u00e9couvrez certains de ses endroits les plus reconnus.\",\"breadcrumb\":{\"@id\":\"https:\/\/tourtravelandmore.com\/fr\/tours\/ecosse-fr\/edinburgh-fr\/visite-privee-a-pied-dedimbourg\/#breadcrumb\"},\"inLanguage\":\"fr-FR\",\"potentialAction\":[{\"@type\":\"ReadAction\",\"target\":[\"https:\/\/tourtravelandmore.com\/fr\/tours\/ecosse-fr\/edinburgh-fr\/visite-privee-a-pied-dedimbourg\/\"]}]},{\"@type\":\"ImageObject\",\"inLanguage\":\"fr-FR\",\"@id\":\"https:\/\/tourtravelandmore.com\/fr\/tours\/ecosse-fr\/edinburgh-fr\/visite-privee-a-pied-dedimbourg\/#primaryimage\",\"url\":\"https:\/\/tourtravelandmore.com\/wp-content\/uploads\/2019\/10\/edimburgh_castle.jpg\",\"contentUrl\":\"https:\/\/tourtravelandmore.com\/wp-content\/uploads\/2019\/10\/edimburgh_castle.jpg\",\"width\":1024,\"height\":683},{\"@type\":\"BreadcrumbList\",\"@id\":\"https:\/\/tourtravelandmore.com\/fr\/tours\/ecosse-fr\/edinburgh-fr\/visite-privee-a-pied-dedimbourg\/#breadcrumb\",\"itemListElement\":[{\"@type\":\"ListItem\",\"position\":1,\"name\":\"Home\",\"item\":\"https:\/\/tourtravelandmore.com\/fr\/\"},{\"@type\":\"ListItem\",\"position\":2,\"name\":\"Tours\",\"item\":\"https:\/\/tourtravelandmore.com\/fr\/tours\/\"},{\"@type\":\"ListItem\",\"position\":3,\"name\":\"Visite priv\u00e9e \u00e0 pied d&#8217;\u00c9dimbourg\"}]},{\"@type\":\"WebSite\",\"@id\":\"https:\/\/tourtravelandmore.com\/fr\/#website\",\"url\":\"https:\/\/tourtravelandmore.com\/fr\/\",\"name\":\"Tour Travel And More\",\"description\":\"Private sightseeing tours and luxury transfers in Spain\",\"publisher\":{\"@id\":\"https:\/\/tourtravelandmore.com\/fr\/#organization\"},\"potentialAction\":[{\"@type\":\"SearchAction\",\"target\":{\"@type\":\"EntryPoint\",\"urlTemplate\":\"https:\/\/tourtravelandmore.com\/fr\/?s={search_term_string}\"},\"query-input\":{\"@type\":\"PropertyValueSpecification\",\"valueRequired\":true,\"valueName\":\"search_term_string\"}}],\"inLanguage\":\"fr-FR\"},{\"@type\":\"Organization\",\"@id\":\"https:\/\/tourtravelandmore.com\/fr\/#organization\",\"name\":\"Tour Travel And More\",\"url\":\"https:\/\/tourtravelandmore.com\/fr\/\",\"logo\":{\"@type\":\"ImageObject\",\"inLanguage\":\"fr-FR\",\"@id\":\"https:\/\/tourtravelandmore.com\/fr\/#\/schema\/logo\/image\/\",\"url\":\"https:\/\/tourtravelandmore.com\/wp-content\/uploads\/2022\/12\/cropped-logo-cabecera-new.png\",\"contentUrl\":\"https:\/\/tourtravelandmore.com\/wp-content\/uploads\/2022\/12\/cropped-logo-cabecera-new.png\",\"width\":430,\"height\":61,\"caption\":\"Tour Travel And More\"},\"image\":{\"@id\":\"https:\/\/tourtravelandmore.com\/fr\/#\/schema\/logo\/image\/\"},\"sameAs\":[\"https:\/\/www.facebook.com\/tourtravelandmore\/\",\"https:\/\/x.com\/TourTravel_More\"]}]}<\/script>\n<!-- \/ Yoast SEO Premium plugin. -->","yoast_head_json":{"title":"Visite priv\u00e9e \u00e0 pied d'\u00c9dimbourg avec guide - EDIMBURGH TOUR","description":"Explorez et profitez de la ville d'\u00c9dimbourg avec cette visite priv\u00e9e \u00e0 pied d'\u00c9dimbourg avec un guide local et d\u00e9couvrez certains de ses endroits les plus reconnus.","robots":{"index":"index","follow":"follow","max-snippet":"max-snippet:-1","max-image-preview":"max-image-preview:large","max-video-preview":"max-video-preview:-1"},"canonical":"https:\/\/tourtravelandmore.com\/fr\/tours\/ecosse-fr\/edinburgh-fr\/visite-privee-a-pied-dedimbourg\/","og_locale":"fr_FR","og_type":"article","og_title":"Visite priv\u00e9e \u00e0 pied d'\u00c9dimbourg","og_description":"Explorez et profitez de la ville d'\u00c9dimbourg avec cette visite priv\u00e9e \u00e0 pied d'\u00c9dimbourg avec un guide local et d\u00e9couvrez certains de ses endroits les plus reconnus.","og_url":"https:\/\/tourtravelandmore.com\/fr\/tours\/ecosse-fr\/edinburgh-fr\/visite-privee-a-pied-dedimbourg\/","og_site_name":"Tour Travel And More","article_publisher":"https:\/\/www.facebook.com\/tourtravelandmore\/","article_modified_time":"2025-04-07T15:30:00+00:00","og_image":[{"width":1024,"height":683,"url":"https:\/\/tourtravelandmore.com\/wp-content\/uploads\/2019\/10\/edimburgh_castle.jpg","type":"image\/jpeg"}],"twitter_card":"summary_large_image","twitter_site":"@TourTravel_More","twitter_misc":{"Dur\u00e9e de lecture estim\u00e9e":"2 minutes"},"schema":{"@context":"https:\/\/schema.org","@graph":[{"@type":"WebPage","@id":"https:\/\/tourtravelandmore.com\/fr\/tours\/ecosse-fr\/edinburgh-fr\/visite-privee-a-pied-dedimbourg\/","url":"https:\/\/tourtravelandmore.com\/fr\/tours\/ecosse-fr\/edinburgh-fr\/visite-privee-a-pied-dedimbourg\/","name":"Visite priv\u00e9e \u00e0 pied d'\u00c9dimbourg avec guide - EDIMBURGH TOUR","isPartOf":{"@id":"https:\/\/tourtravelandmore.com\/fr\/#website"},"primaryImageOfPage":{"@id":"https:\/\/tourtravelandmore.com\/fr\/tours\/ecosse-fr\/edinburgh-fr\/visite-privee-a-pied-dedimbourg\/#primaryimage"},"image":{"@id":"https:\/\/tourtravelandmore.com\/fr\/tours\/ecosse-fr\/edinburgh-fr\/visite-privee-a-pied-dedimbourg\/#primaryimage"},"thumbnailUrl":"https:\/\/tourtravelandmore.com\/wp-content\/uploads\/2019\/10\/edimburgh_castle.jpg","datePublished":"2019-10-28T13:30:31+00:00","dateModified":"2025-04-07T15:30:00+00:00","description":"Explorez et profitez de la ville d'\u00c9dimbourg avec cette visite priv\u00e9e \u00e0 pied d'\u00c9dimbourg avec un guide local et d\u00e9couvrez certains de ses endroits les plus reconnus.","breadcrumb":{"@id":"https:\/\/tourtravelandmore.com\/fr\/tours\/ecosse-fr\/edinburgh-fr\/visite-privee-a-pied-dedimbourg\/#breadcrumb"},"inLanguage":"fr-FR","potentialAction":[{"@type":"ReadAction","target":["https:\/\/tourtravelandmore.com\/fr\/tours\/ecosse-fr\/edinburgh-fr\/visite-privee-a-pied-dedimbourg\/"]}]},{"@type":"ImageObject","inLanguage":"fr-FR","@id":"https:\/\/tourtravelandmore.com\/fr\/tours\/ecosse-fr\/edinburgh-fr\/visite-privee-a-pied-dedimbourg\/#primaryimage","url":"https:\/\/tourtravelandmore.com\/wp-content\/uploads\/2019\/10\/edimburgh_castle.jpg","contentUrl":"https:\/\/tourtravelandmore.com\/wp-content\/uploads\/2019\/10\/edimburgh_castle.jpg","width":1024,"height":683},{"@type":"BreadcrumbList","@id":"https:\/\/tourtravelandmore.com\/fr\/tours\/ecosse-fr\/edinburgh-fr\/visite-privee-a-pied-dedimbourg\/#breadcrumb","itemListElement":[{"@type":"ListItem","position":1,"name":"Home","item":"https:\/\/tourtravelandmore.com\/fr\/"},{"@type":"ListItem","position":2,"name":"Tours","item":"https:\/\/tourtravelandmore.com\/fr\/tours\/"},{"@type":"ListItem","position":3,"name":"Visite priv\u00e9e \u00e0 pied d&#8217;\u00c9dimbourg"}]},{"@type":"WebSite","@id":"https:\/\/tourtravelandmore.com\/fr\/#website","url":"https:\/\/tourtravelandmore.com\/fr\/","name":"Tour Travel And More","description":"Private sightseeing tours and luxury transfers in Spain","publisher":{"@id":"https:\/\/tourtravelandmore.com\/fr\/#organization"},"potentialAction":[{"@type":"SearchAction","target":{"@type":"EntryPoint","urlTemplate":"https:\/\/tourtravelandmore.com\/fr\/?s={search_term_string}"},"query-input":{"@type":"PropertyValueSpecification","valueRequired":true,"valueName":"search_term_string"}}],"inLanguage":"fr-FR"},{"@type":"Organization","@id":"https:\/\/tourtravelandmore.com\/fr\/#organization","name":"Tour Travel And More","url":"https:\/\/tourtravelandmore.com\/fr\/","logo":{"@type":"ImageObject","inLanguage":"fr-FR","@id":"https:\/\/tourtravelandmore.com\/fr\/#\/schema\/logo\/image\/","url":"https:\/\/tourtravelandmore.com\/wp-content\/uploads\/2022\/12\/cropped-logo-cabecera-new.png","contentUrl":"https:\/\/tourtravelandmore.com\/wp-content\/uploads\/2022\/12\/cropped-logo-cabecera-new.png","width":430,"height":61,"caption":"Tour Travel And More"},"image":{"@id":"https:\/\/tourtravelandmore.com\/fr\/#\/schema\/logo\/image\/"},"sameAs":["https:\/\/www.facebook.com\/tourtravelandmore\/","https:\/\/x.com\/TourTravel_More"]}]}},"_links":{"self":[{"href":"https:\/\/tourtravelandmore.com\/fr\/wp-json\/wp\/v2\/product\/105369","targetHints":{"allow":["GET"]}}],"collection":[{"href":"https:\/\/tourtravelandmore.com\/fr\/wp-json\/wp\/v2\/product"}],"about":[{"href":"https:\/\/tourtravelandmore.com\/fr\/wp-json\/wp\/v2\/types\/product"}],"replies":[{"embeddable":true,"href":"https:\/\/tourtravelandmore.com\/fr\/wp-json\/wp\/v2\/comments?post=105369"}],"wp:featuredmedia":[{"embeddable":true,"href":"https:\/\/tourtravelandmore.com\/fr\/wp-json\/wp\/v2\/media\/96643"}],"wp:attachment":[{"href":"https:\/\/tourtravelandmore.com\/fr\/wp-json\/wp\/v2\/media?parent=105369"}],"wp:term":[{"taxonomy":"product_brand","embeddable":true,"href":"https:\/\/tourtravelandmore.com\/fr\/wp-json\/wp\/v2\/product_brand?post=105369"},{"taxonomy":"product_cat","embeddable":true,"href":"https:\/\/tourtravelandmore.com\/fr\/wp-json\/wp\/v2\/product_cat?post=105369"},{"taxonomy":"product_tag","embeddable":true,"href":"https:\/\/tourtravelandmore.com\/fr\/wp-json\/wp\/v2\/product_tag?post=105369"}],"curies":[{"name":"wp","href":"https:\/\/api.w.org\/{rel}","templated":true}]}}