{"id":105347,"date":"2019-12-26T13:44:10","date_gmt":"2019-12-26T12:44:10","guid":{"rendered":"https:\/\/tourtravelandmore.com\/tours\/non%20class\u00e9\/visite-privee-de-dubai-au-depart-dabou-dhabi\/"},"modified":"2021-03-24T21:20:33","modified_gmt":"2021-03-24T20:20:33","slug":"visite-privee-de-dubai-au-depart-dabou-dhabi","status":"publish","type":"product","link":"https:\/\/tourtravelandmore.com\/fr\/tours\/emirats-arabes-unis-fr\/abu-dhabi-fr\/visite-privee-de-dubai-au-depart-dabou-dhabi\/","title":{"rendered":"Visite priv\u00e9e de Duba\u00ef au d\u00e9part d&#8217;Abou Dhabi"},"content":{"rendered":"<h2>Description:<\/h2>\n<p>Profitez de cette visite priv\u00e9e de Duba\u00ef au d\u00e9part d&#8217;Abou Dhabi. Faites notre excursion d&#8217;une journ\u00e9e \u00e0 Duba\u00ef et d\u00e9couvrez la belle ville de Duba\u00ef. Connu dans le monde entier et un lieu incontournable une fois dans sa vie!<\/p>\n<p>Tout d&#8217;abord, nous organiserons une prise en charge confortable et rapide de votre h\u00f4tel \u00e0 Abu Dhabi. Aux c\u00f4t\u00e9s de votre chauffeur, direction Duba\u00ef. Une fois \u00e0 Duba\u00ef, rencontrez notre guide et profitez d&#8217;une visite guid\u00e9e de cette ville unique.<\/p>\n<p>Ayez du temps libre avant de retourner vers Abu Dhabi. Enfin, nous vous d\u00e9poserons \u00e0 votre h\u00f4tel \u00e0 Abu Dhabi.<\/p>\n<p>Chez Tour Travel &amp; More, nous vous proposons des exp\u00e9riences uniques!<\/p>\n<h2>Sites d&#8217;int\u00e9r\u00eat et monuments<\/h2>\n<p>Au cours de votre visite priv\u00e9e de 8 heures \u00e0 Duba\u00ef au d\u00e9part d&#8217;Abou Dhabi, vous d\u00e9couvrirez certains des sites les plus embl\u00e9matiques de Duba\u00ef. Ceci toujours avec votre expert local.<\/p>\n<p><strong>Palais Zabeel<\/strong><br \/>\nVisitez l&#8217;un des palais les plus impressionnants de Duba\u00ef et de loin l&#8217;endroit le plus s\u00fbr des \u00c9mirats arabes unis. Les progr\u00e8s technologiques doivent prot\u00e9ger Shaikh Rashid, Premier ministre des \u00c9mirats arabes unis, de toute menace ext\u00e9rieure.<\/p>\n<p><strong>&#8220;Au sommet&#8221; Burj Khalifa<\/strong><br \/>\nPropri\u00e9taire de plus de 15 records, dont &#8220;La plus haute structure jamais construite&#8221;, &#8220;Le b\u00e2timent avec la plupart des \u00e9tages&#8221; et &#8220;Le plus grand feu d&#8217;artifice du Nouvel An au monde&#8221;, entre autres, ce monstre d&#8217;acier offre une grande vari\u00e9t\u00e9 d&#8217;activit\u00e9s comme une terrasse d&#8217;observation, le le plus haut restaurant du monde et la plus haute discoth\u00e8que du monde. Ressentez le vertige &#8220;Au sommet&#8221;!<\/p>\n<p><em>Peut-\u00eatre inclure des arr\u00eats pour faire du shopping?<\/em><\/p>\n<p><strong>Centre commercial de Dubai<\/strong><br \/>\nPerdez-vous dans le deuxi\u00e8me plus grand centre commercial (par superficie totale) du monde. Plein d&#8217;attractions, pour les enfants ou pour les adultes, vous trouverez entre autres; Aquarium et zoo sous-marin, VR Park, 22 salles de cin\u00e9ma, une maison hant\u00e9e, KidZania (parc \u00e0 th\u00e8me ludo-\u00e9ducatif pour enfants) et plus de 120 restaurants et caf\u00e9s.<\/p>\n<p><strong>Aquarium du centre commercial de Duba\u00ef<\/strong><br \/>\nD\u00e9couvrez la magie d&#8217;un zoo sous-marin et impr\u00e9gnez-vous des merveilles de la nature. Trouvez plus de 400 requins et raies et la plus grande collection de requins tigres des sables.<\/p>\n<p><strong>Atlantis<\/strong><br \/>\nCet h\u00f4tel de luxe est la couronne de l&#8217;\u00eele aux palmiers. Sur le th\u00e8me du mythe de l&#8217;Atlantide et comprenant des \u00e9l\u00e9ments arabes, ce complexe propose des restaurants prim\u00e9s et un parc aquatique \u00e0 couper le souffle avec plus de 65 000 animaux marins.<\/p>\n<p><strong>Marina de Duba\u00ef<\/strong><br \/>\nExplorez l&#8217;un des quartiers les plus anim\u00e9s de la ville. De la voile dans les canaux \u00e0 la baignade et aux repas sur la plage, vivez toutes les activit\u00e9s que cette ville artificielle de canaux vous offre.<\/p>\n<p><strong>Souq Madinat Jumeirah<\/strong><br \/>\nCe march\u00e9 est le m\u00e9lange parfait entre son h\u00e9ritage arabe et ses nouvelles technologies. Des \u00e9pices aux bijoux fabriqu\u00e9s localement, cribl\u00e9s de canaux, le souk propose plus de 75 boutiques, galeries et restaurants. Profitez de la vue sur l&#8217;eau dans ce souk traditionnel du Moyen-Orient.<\/p>\n<p><strong>Burj al arab<\/strong><br \/>\nSitu\u00e9 sur une \u00eele artificielle, cet h\u00f4tel est l&#8217;un des plus hauts du monde. Avec une hauteur de 210 m\u00e8tres, c&#8217;est une ic\u00f4ne mondiale du luxe arabe.<\/p>\n<h3>Que voir d&#8217;autre \u00e0 Duba\u00ef?<\/h3>\n<p><strong>Mosqu\u00e9e Jumeirah<\/strong><br \/>\nCette mosqu\u00e9e embl\u00e9matique est l&#8217;une des deux seules mosqu\u00e9es ouvertes aux non-musulmans. Ouvert en 1979, il a adopt\u00e9 un \u00abPortes ouvertes\u00bb. Open Minds. \u00bbPolitique pour toutes les activit\u00e9s. L&#8217;art complexe de cette mosqu\u00e9e enti\u00e8rement construite en pierre blanche \u00e9merveillera chaque visiteur avec ses minarets jumeaux et son d\u00f4me central.<\/p>\n<p><strong>Mus\u00e9e de Duba\u00ef<\/strong><br \/>\nConstruit en 1787, ce mus\u00e9e centenaire est situ\u00e9 \u00e0 l&#8217;int\u00e9rieur du fort Al Fahidi. On pense qu&#8217;il s&#8217;agit du plus ancien b\u00e2timent de Duba\u00ef qui existe encore aujourd&#8217;hui. Ce patrimoine vivant est l&#8217;occasion d&#8217;acqu\u00e9rir une connaissance riche, compl\u00e8te et compl\u00e8te de la tr\u00e8s ancienne histoire de Duba\u00ef qui a interagi avec diff\u00e9rentes personnes et civilisations \u00e0 travers l&#8217;histoire.<\/p>\n<p><strong>Souk aux \u00e9pices<\/strong><br \/>\nPerdez-vous dans les all\u00e9es du souk en suivant l&#8217;ar\u00f4me de vos \u00e9pices pr\u00e9f\u00e9r\u00e9es. Pimentez votre vie dans ce voyage color\u00e9 plein de saveurs.<\/p>\n<p>Enfin, cette visite priv\u00e9e se terminera \u00e0 l&#8217;endroit de votre choix \u00e0 Abu Dhabi.<\/p>\n","protected":false},"excerpt":{"rendered":"<p>Saisissez cette occasion pour visiter le merveilleux Burj Al Arab, la mosqu\u00e9e Jumeirah, le souk Madinat Jumeirah, Burj Khalifa et de nombreux autres sites fantastiques lors d&#8217;une excursion priv\u00e9e d&#8217;une journ\u00e9e au d\u00e9part d&#8217;Abou Dhabi. Vous appr\u00e9cierez cette visite dans votre propre v\u00e9hicule priv\u00e9 avec votre propre chauffeur et guide officiel. Personnalisez votre propre exp\u00e9rience.<\/p>\n","protected":false},"featured_media":96898,"comment_status":"open","ping_status":"closed","template":"","meta":{"_acf_changed":false},"product_brand":[],"product_cat":[3733,3806],"product_tag":[],"class_list":{"0":"post-105347","1":"product","2":"type-product","3":"status-publish","4":"has-post-thumbnail","6":"product_cat-emirats-arabes-unis-fr","7":"product_cat-abu-dhabi-fr","9":"first","10":"instock","11":"shipping-taxable","12":"purchasable","13":"product-type-simple"},"acf":[],"yoast_head":"<!-- This site is optimized with the Yoast SEO Premium plugin v25.3.1 (Yoast SEO v25.3.1) - https:\/\/yoast.com\/wordpress\/plugins\/seo\/ -->\n<title>Visite priv\u00e9e \u00e0 DUBAI depuis Abu Dhabi - Visite priv\u00e9e de Duba\u00ef depuis Abu Dhabi<\/title>\n<meta name=\"description\" content=\"Visite priv\u00e9e pour explorer Duba\u00ef, ses merveilleuses mosqu\u00e9es, son architecture futuriste, ses \u00eeles artificielles \u00e9blouissantes. Visite priv\u00e9e de Duba\u00ef au d\u00e9part d&#039;Abou Dhabi\" \/>\n<meta name=\"robots\" content=\"index, follow, max-snippet:-1, max-image-preview:large, max-video-preview:-1\" \/>\n<link rel=\"canonical\" href=\"https:\/\/tourtravelandmore.com\/fr\/tours\/emirats-arabes-unis-fr\/abu-dhabi-fr\/visite-privee-de-dubai-au-depart-dabou-dhabi\/\" \/>\n<meta property=\"og:locale\" content=\"fr_FR\" \/>\n<meta property=\"og:type\" content=\"article\" \/>\n<meta property=\"og:title\" content=\"Visite priv\u00e9e de Duba\u00ef au d\u00e9part d&#039;Abou Dhabi\" \/>\n<meta property=\"og:description\" content=\"Visite priv\u00e9e pour explorer Duba\u00ef, ses merveilleuses mosqu\u00e9es, son architecture futuriste, ses \u00eeles artificielles \u00e9blouissantes. Visite priv\u00e9e de Duba\u00ef au d\u00e9part d&#039;Abou Dhabi\" \/>\n<meta property=\"og:url\" content=\"https:\/\/tourtravelandmore.com\/fr\/tours\/emirats-arabes-unis-fr\/abu-dhabi-fr\/visite-privee-de-dubai-au-depart-dabou-dhabi\/\" \/>\n<meta property=\"og:site_name\" content=\"Tour Travel And More\" \/>\n<meta property=\"article:publisher\" content=\"https:\/\/www.facebook.com\/tourtravelandmore\/\" \/>\n<meta property=\"article:modified_time\" content=\"2021-03-24T20:20:33+00:00\" \/>\n<meta property=\"og:image\" content=\"https:\/\/tourtravelandmore.com\/wp-content\/uploads\/2019\/12\/du4.jpg\" \/>\n\t<meta property=\"og:image:width\" content=\"1024\" \/>\n\t<meta property=\"og:image:height\" content=\"683\" \/>\n\t<meta property=\"og:image:type\" content=\"image\/jpeg\" \/>\n<meta name=\"twitter:card\" content=\"summary_large_image\" \/>\n<meta name=\"twitter:site\" content=\"@TourTravel_More\" \/>\n<meta name=\"twitter:label1\" content=\"Dur\u00e9e de lecture estim\u00e9e\" \/>\n\t<meta name=\"twitter:data1\" content=\"4 minutes\" \/>\n<script type=\"application\/ld+json\" class=\"yoast-schema-graph\">{\"@context\":\"https:\/\/schema.org\",\"@graph\":[{\"@type\":\"WebPage\",\"@id\":\"https:\/\/tourtravelandmore.com\/fr\/tours\/emirats-arabes-unis-fr\/abu-dhabi-fr\/visite-privee-de-dubai-au-depart-dabou-dhabi\/\",\"url\":\"https:\/\/tourtravelandmore.com\/fr\/tours\/emirats-arabes-unis-fr\/abu-dhabi-fr\/visite-privee-de-dubai-au-depart-dabou-dhabi\/\",\"name\":\"Visite priv\u00e9e \u00e0 DUBAI depuis Abu Dhabi - Visite priv\u00e9e de Duba\u00ef depuis Abu Dhabi\",\"isPartOf\":{\"@id\":\"https:\/\/tourtravelandmore.com\/fr\/#website\"},\"primaryImageOfPage\":{\"@id\":\"https:\/\/tourtravelandmore.com\/fr\/tours\/emirats-arabes-unis-fr\/abu-dhabi-fr\/visite-privee-de-dubai-au-depart-dabou-dhabi\/#primaryimage\"},\"image\":{\"@id\":\"https:\/\/tourtravelandmore.com\/fr\/tours\/emirats-arabes-unis-fr\/abu-dhabi-fr\/visite-privee-de-dubai-au-depart-dabou-dhabi\/#primaryimage\"},\"thumbnailUrl\":\"https:\/\/tourtravelandmore.com\/wp-content\/uploads\/2019\/12\/du4.jpg\",\"datePublished\":\"2019-12-26T12:44:10+00:00\",\"dateModified\":\"2021-03-24T20:20:33+00:00\",\"description\":\"Visite priv\u00e9e pour explorer Duba\u00ef, ses merveilleuses mosqu\u00e9es, son architecture futuriste, ses \u00eeles artificielles \u00e9blouissantes. Visite priv\u00e9e de Duba\u00ef au d\u00e9part d'Abou Dhabi\",\"breadcrumb\":{\"@id\":\"https:\/\/tourtravelandmore.com\/fr\/tours\/emirats-arabes-unis-fr\/abu-dhabi-fr\/visite-privee-de-dubai-au-depart-dabou-dhabi\/#breadcrumb\"},\"inLanguage\":\"fr-FR\",\"potentialAction\":[{\"@type\":\"ReadAction\",\"target\":[\"https:\/\/tourtravelandmore.com\/fr\/tours\/emirats-arabes-unis-fr\/abu-dhabi-fr\/visite-privee-de-dubai-au-depart-dabou-dhabi\/\"]}]},{\"@type\":\"ImageObject\",\"inLanguage\":\"fr-FR\",\"@id\":\"https:\/\/tourtravelandmore.com\/fr\/tours\/emirats-arabes-unis-fr\/abu-dhabi-fr\/visite-privee-de-dubai-au-depart-dabou-dhabi\/#primaryimage\",\"url\":\"https:\/\/tourtravelandmore.com\/wp-content\/uploads\/2019\/12\/du4.jpg\",\"contentUrl\":\"https:\/\/tourtravelandmore.com\/wp-content\/uploads\/2019\/12\/du4.jpg\",\"width\":1024,\"height\":683},{\"@type\":\"BreadcrumbList\",\"@id\":\"https:\/\/tourtravelandmore.com\/fr\/tours\/emirats-arabes-unis-fr\/abu-dhabi-fr\/visite-privee-de-dubai-au-depart-dabou-dhabi\/#breadcrumb\",\"itemListElement\":[{\"@type\":\"ListItem\",\"position\":1,\"name\":\"Home\",\"item\":\"https:\/\/tourtravelandmore.com\/fr\/\"},{\"@type\":\"ListItem\",\"position\":2,\"name\":\"Tours\",\"item\":\"https:\/\/tourtravelandmore.com\/fr\/tours\/\"},{\"@type\":\"ListItem\",\"position\":3,\"name\":\"Visite priv\u00e9e de Duba\u00ef au d\u00e9part d&rsquo;Abou Dhabi\"}]},{\"@type\":\"WebSite\",\"@id\":\"https:\/\/tourtravelandmore.com\/fr\/#website\",\"url\":\"https:\/\/tourtravelandmore.com\/fr\/\",\"name\":\"Tour Travel And More\",\"description\":\"Private sightseeing tours and luxury transfers in Spain\",\"publisher\":{\"@id\":\"https:\/\/tourtravelandmore.com\/fr\/#organization\"},\"potentialAction\":[{\"@type\":\"SearchAction\",\"target\":{\"@type\":\"EntryPoint\",\"urlTemplate\":\"https:\/\/tourtravelandmore.com\/fr\/?s={search_term_string}\"},\"query-input\":{\"@type\":\"PropertyValueSpecification\",\"valueRequired\":true,\"valueName\":\"search_term_string\"}}],\"inLanguage\":\"fr-FR\"},{\"@type\":\"Organization\",\"@id\":\"https:\/\/tourtravelandmore.com\/fr\/#organization\",\"name\":\"Tour Travel And More\",\"url\":\"https:\/\/tourtravelandmore.com\/fr\/\",\"logo\":{\"@type\":\"ImageObject\",\"inLanguage\":\"fr-FR\",\"@id\":\"https:\/\/tourtravelandmore.com\/fr\/#\/schema\/logo\/image\/\",\"url\":\"https:\/\/tourtravelandmore.com\/wp-content\/uploads\/2022\/12\/cropped-logo-cabecera-new.png\",\"contentUrl\":\"https:\/\/tourtravelandmore.com\/wp-content\/uploads\/2022\/12\/cropped-logo-cabecera-new.png\",\"width\":430,\"height\":61,\"caption\":\"Tour Travel And More\"},\"image\":{\"@id\":\"https:\/\/tourtravelandmore.com\/fr\/#\/schema\/logo\/image\/\"},\"sameAs\":[\"https:\/\/www.facebook.com\/tourtravelandmore\/\",\"https:\/\/x.com\/TourTravel_More\"]}]}<\/script>\n<!-- \/ Yoast SEO Premium plugin. -->","yoast_head_json":{"title":"Visite priv\u00e9e \u00e0 DUBAI depuis Abu Dhabi - Visite priv\u00e9e de Duba\u00ef depuis Abu Dhabi","description":"Visite priv\u00e9e pour explorer Duba\u00ef, ses merveilleuses mosqu\u00e9es, son architecture futuriste, ses \u00eeles artificielles \u00e9blouissantes. Visite priv\u00e9e de Duba\u00ef au d\u00e9part d'Abou Dhabi","robots":{"index":"index","follow":"follow","max-snippet":"max-snippet:-1","max-image-preview":"max-image-preview:large","max-video-preview":"max-video-preview:-1"},"canonical":"https:\/\/tourtravelandmore.com\/fr\/tours\/emirats-arabes-unis-fr\/abu-dhabi-fr\/visite-privee-de-dubai-au-depart-dabou-dhabi\/","og_locale":"fr_FR","og_type":"article","og_title":"Visite priv\u00e9e de Duba\u00ef au d\u00e9part d'Abou Dhabi","og_description":"Visite priv\u00e9e pour explorer Duba\u00ef, ses merveilleuses mosqu\u00e9es, son architecture futuriste, ses \u00eeles artificielles \u00e9blouissantes. Visite priv\u00e9e de Duba\u00ef au d\u00e9part d'Abou Dhabi","og_url":"https:\/\/tourtravelandmore.com\/fr\/tours\/emirats-arabes-unis-fr\/abu-dhabi-fr\/visite-privee-de-dubai-au-depart-dabou-dhabi\/","og_site_name":"Tour Travel And More","article_publisher":"https:\/\/www.facebook.com\/tourtravelandmore\/","article_modified_time":"2021-03-24T20:20:33+00:00","og_image":[{"width":1024,"height":683,"url":"https:\/\/tourtravelandmore.com\/wp-content\/uploads\/2019\/12\/du4.jpg","type":"image\/jpeg"}],"twitter_card":"summary_large_image","twitter_site":"@TourTravel_More","twitter_misc":{"Dur\u00e9e de lecture estim\u00e9e":"4 minutes"},"schema":{"@context":"https:\/\/schema.org","@graph":[{"@type":"WebPage","@id":"https:\/\/tourtravelandmore.com\/fr\/tours\/emirats-arabes-unis-fr\/abu-dhabi-fr\/visite-privee-de-dubai-au-depart-dabou-dhabi\/","url":"https:\/\/tourtravelandmore.com\/fr\/tours\/emirats-arabes-unis-fr\/abu-dhabi-fr\/visite-privee-de-dubai-au-depart-dabou-dhabi\/","name":"Visite priv\u00e9e \u00e0 DUBAI depuis Abu Dhabi - Visite priv\u00e9e de Duba\u00ef depuis Abu Dhabi","isPartOf":{"@id":"https:\/\/tourtravelandmore.com\/fr\/#website"},"primaryImageOfPage":{"@id":"https:\/\/tourtravelandmore.com\/fr\/tours\/emirats-arabes-unis-fr\/abu-dhabi-fr\/visite-privee-de-dubai-au-depart-dabou-dhabi\/#primaryimage"},"image":{"@id":"https:\/\/tourtravelandmore.com\/fr\/tours\/emirats-arabes-unis-fr\/abu-dhabi-fr\/visite-privee-de-dubai-au-depart-dabou-dhabi\/#primaryimage"},"thumbnailUrl":"https:\/\/tourtravelandmore.com\/wp-content\/uploads\/2019\/12\/du4.jpg","datePublished":"2019-12-26T12:44:10+00:00","dateModified":"2021-03-24T20:20:33+00:00","description":"Visite priv\u00e9e pour explorer Duba\u00ef, ses merveilleuses mosqu\u00e9es, son architecture futuriste, ses \u00eeles artificielles \u00e9blouissantes. Visite priv\u00e9e de Duba\u00ef au d\u00e9part d'Abou Dhabi","breadcrumb":{"@id":"https:\/\/tourtravelandmore.com\/fr\/tours\/emirats-arabes-unis-fr\/abu-dhabi-fr\/visite-privee-de-dubai-au-depart-dabou-dhabi\/#breadcrumb"},"inLanguage":"fr-FR","potentialAction":[{"@type":"ReadAction","target":["https:\/\/tourtravelandmore.com\/fr\/tours\/emirats-arabes-unis-fr\/abu-dhabi-fr\/visite-privee-de-dubai-au-depart-dabou-dhabi\/"]}]},{"@type":"ImageObject","inLanguage":"fr-FR","@id":"https:\/\/tourtravelandmore.com\/fr\/tours\/emirats-arabes-unis-fr\/abu-dhabi-fr\/visite-privee-de-dubai-au-depart-dabou-dhabi\/#primaryimage","url":"https:\/\/tourtravelandmore.com\/wp-content\/uploads\/2019\/12\/du4.jpg","contentUrl":"https:\/\/tourtravelandmore.com\/wp-content\/uploads\/2019\/12\/du4.jpg","width":1024,"height":683},{"@type":"BreadcrumbList","@id":"https:\/\/tourtravelandmore.com\/fr\/tours\/emirats-arabes-unis-fr\/abu-dhabi-fr\/visite-privee-de-dubai-au-depart-dabou-dhabi\/#breadcrumb","itemListElement":[{"@type":"ListItem","position":1,"name":"Home","item":"https:\/\/tourtravelandmore.com\/fr\/"},{"@type":"ListItem","position":2,"name":"Tours","item":"https:\/\/tourtravelandmore.com\/fr\/tours\/"},{"@type":"ListItem","position":3,"name":"Visite priv\u00e9e de Duba\u00ef au d\u00e9part d&rsquo;Abou Dhabi"}]},{"@type":"WebSite","@id":"https:\/\/tourtravelandmore.com\/fr\/#website","url":"https:\/\/tourtravelandmore.com\/fr\/","name":"Tour Travel And More","description":"Private sightseeing tours and luxury transfers in Spain","publisher":{"@id":"https:\/\/tourtravelandmore.com\/fr\/#organization"},"potentialAction":[{"@type":"SearchAction","target":{"@type":"EntryPoint","urlTemplate":"https:\/\/tourtravelandmore.com\/fr\/?s={search_term_string}"},"query-input":{"@type":"PropertyValueSpecification","valueRequired":true,"valueName":"search_term_string"}}],"inLanguage":"fr-FR"},{"@type":"Organization","@id":"https:\/\/tourtravelandmore.com\/fr\/#organization","name":"Tour Travel And More","url":"https:\/\/tourtravelandmore.com\/fr\/","logo":{"@type":"ImageObject","inLanguage":"fr-FR","@id":"https:\/\/tourtravelandmore.com\/fr\/#\/schema\/logo\/image\/","url":"https:\/\/tourtravelandmore.com\/wp-content\/uploads\/2022\/12\/cropped-logo-cabecera-new.png","contentUrl":"https:\/\/tourtravelandmore.com\/wp-content\/uploads\/2022\/12\/cropped-logo-cabecera-new.png","width":430,"height":61,"caption":"Tour Travel And More"},"image":{"@id":"https:\/\/tourtravelandmore.com\/fr\/#\/schema\/logo\/image\/"},"sameAs":["https:\/\/www.facebook.com\/tourtravelandmore\/","https:\/\/x.com\/TourTravel_More"]}]}},"_links":{"self":[{"href":"https:\/\/tourtravelandmore.com\/fr\/wp-json\/wp\/v2\/product\/105347","targetHints":{"allow":["GET"]}}],"collection":[{"href":"https:\/\/tourtravelandmore.com\/fr\/wp-json\/wp\/v2\/product"}],"about":[{"href":"https:\/\/tourtravelandmore.com\/fr\/wp-json\/wp\/v2\/types\/product"}],"replies":[{"embeddable":true,"href":"https:\/\/tourtravelandmore.com\/fr\/wp-json\/wp\/v2\/comments?post=105347"}],"wp:featuredmedia":[{"embeddable":true,"href":"https:\/\/tourtravelandmore.com\/fr\/wp-json\/wp\/v2\/media\/96898"}],"wp:attachment":[{"href":"https:\/\/tourtravelandmore.com\/fr\/wp-json\/wp\/v2\/media?parent=105347"}],"wp:term":[{"taxonomy":"product_brand","embeddable":true,"href":"https:\/\/tourtravelandmore.com\/fr\/wp-json\/wp\/v2\/product_brand?post=105347"},{"taxonomy":"product_cat","embeddable":true,"href":"https:\/\/tourtravelandmore.com\/fr\/wp-json\/wp\/v2\/product_cat?post=105347"},{"taxonomy":"product_tag","embeddable":true,"href":"https:\/\/tourtravelandmore.com\/fr\/wp-json\/wp\/v2\/product_tag?post=105347"}],"curies":[{"name":"wp","href":"https:\/\/api.w.org\/{rel}","templated":true}]}}