{"id":105342,"date":"2019-12-24T09:39:44","date_gmt":"2019-12-24T08:39:44","guid":{"rendered":"https:\/\/tourtravelandmore.com\/tours\/non%20class\u00e9\/tour-prive-de-safari-dans-le-desert\/"},"modified":"2021-03-24T21:18:47","modified_gmt":"2021-03-24T20:18:47","slug":"tour-prive-de-safari-dans-le-desert","status":"publish","type":"product","link":"https:\/\/tourtravelandmore.com\/fr\/tours\/emirats-arabes-unis-fr\/abu-dhabi-fr\/tour-prive-de-safari-dans-le-desert\/","title":{"rendered":"Tour priv\u00e9 de safari dans le d\u00e9sert"},"content":{"rendered":"<h2>Description:<\/h2>\n<p>Profitez de ce safari priv\u00e9 dans le d\u00e9sert avec votre propre chauffeur priv\u00e9 et guide officiel. Explorez le d\u00e9sert anim\u00e9 d&#8217;Abu Dhabi. Pr\u00e9parez-vous \u00e0 d\u00e9couvrir les paysages \u00e0 couper le souffle de ce merveilleux d\u00e9sert dans votre v\u00e9hicule priv\u00e9, avec un chauffeur priv\u00e9 et un guide touristique.<\/p>\n<p>Nous viendrons vous chercher \u00e0 votre h\u00f4tel ou lieu de votre choix \u00e0 Abu Dhabi et vous emm\u00e8nerons dans cette visite priv\u00e9e. Notre chauffeur et guide vous attendra \u00e0 votre h\u00f4tel et nous partirons pour ce grand safari priv\u00e9 dans le d\u00e9sert.<\/p>\n<p>L&#8217;\u00e9quipe de Tour Travel and More vous aidera \u00e0 concevoir votre visite de la meilleure fa\u00e7on qui corresponde \u00e0 vos propres int\u00e9r\u00eats et go\u00fbts.<\/p>\n<h2>Sites d&#8217;int\u00e9r\u00eat et monuments<\/h2>\n<p>Lors de votre safari priv\u00e9 dans le d\u00e9sert, vous d\u00e9couvrirez le d\u00e9sert le plus embl\u00e9matique d&#8217;Abu Dhabi avec votre expert local.<\/p>\n<p>Profitez de la beaut\u00e9 des dunes avec une visite en 4 \u00d7 4. Vous ressentirez l&#8217;adr\u00e9naline de ces dunes de sable rouge. Un chauffeur professionnel montera et descendra les dunes tout en acc\u00e9l\u00e9rant et en ralentissant, pour une demi-heure de vrai plaisir et de sensations fortes.<\/p>\n<p>Entrez en contact avec la nature, d\u00e9tendez-vous avec la sensation du sable sur vos pieds. Prenez une photo pendant que le soleil se couche; vous pouvez \u00e9galement vous arr\u00eater pour une photo avec des faucons ou essayer de monter \u00e0 dos de chameau.<\/p>\n<p>Apr\u00e8s ces activit\u00e9s passionnantes, c&#8217;est l&#8217;heure du spectacle! Le spectacle comprend les faucons, le tanura, le folklore, la danse du ventre, les feux d&#8217;artifice et bien plus encore.<\/p>\n<p>En plus du spectacle, vous serez ravis par le go\u00fbt d&#8217;un d\u00eener barbecue traditionnel. Cela peut \u00e9galement avoir une option v\u00e9g\u00e9tarienne incluse). Profitez \u00e9galement d&#8217;une tasse de caf\u00e9 arabe et de la fum\u00e9e de la chicha \u00e0 pipe \u00e0 eau.<\/p>\n<p>Chacun de nos guides est un guide officiel d&#8217;Abu Dhabi avec une grande connaissance de la ville et de son histoire. Votre chauffeur priv\u00e9 et votre guide seront \u00e0 votre enti\u00e8re disposition pendant toute la dur\u00e9e de la visite. Une fois la visite termin\u00e9e, votre guide officiel priv\u00e9 et votre chauffeur avec v\u00e9hicule vous ram\u00e8neront \u00e0 votre h\u00f4tel ou lieu de votre choix \u00e0 Abu Dhabi.<\/p>\n<p>Comme nous l&#8217;avons d\u00e9j\u00e0 dit, nous pouvons organiser la dur\u00e9e et les sites de la visite en fonction de vos besoins personnels. Il est possible de prolonger la dur\u00e9e de la visite, car cette visite peut \u00eatre adapt\u00e9e \u00e0 vos propres int\u00e9r\u00eats et \u00e0 vos go\u00fbts. Si vous souhaitez une exp\u00e9rience plus longue, n&#8217;h\u00e9sitez pas \u00e0 nous le demander.<\/p>\n<p>D\u00e9couvrez nos visites priv\u00e9es \u00e0 Abu Dhabi et ce que nous proposons pour vous!<\/p>\n","protected":false},"excerpt":{"rendered":"<p>Pr\u00e9parez-vous \u00e0 d\u00e9couvrir les paysages \u00e0 couper le souffle du magnifique d\u00e9sert dans votre v\u00e9hicule 4&#215;4 priv\u00e9, avec un chauffeur \/ guide professionnel priv\u00e9. Vous profiterez d&#8217;une exp\u00e9rience dynamique de d\u00e9nudage des dunes avec un expert local.<\/p>\n","protected":false},"featured_media":96893,"comment_status":"open","ping_status":"closed","template":"","meta":{"_acf_changed":false},"product_brand":[],"product_cat":[3733,3806],"product_tag":[],"class_list":{"0":"post-105342","1":"product","2":"type-product","3":"status-publish","4":"has-post-thumbnail","6":"product_cat-emirats-arabes-unis-fr","7":"product_cat-abu-dhabi-fr","9":"first","10":"instock","11":"shipping-taxable","12":"purchasable","13":"product-type-simple"},"acf":[],"yoast_head":"<!-- This site is optimized with the Yoast SEO Premium plugin v25.3.1 (Yoast SEO v25.3.1) - https:\/\/yoast.com\/wordpress\/plugins\/seo\/ -->\n<title>Visite priv\u00e9e du safari dans le d\u00e9sert d&#039;Abou Dhabi - Visite priv\u00e9e du safari dans le d\u00e9sert<\/title>\n<meta name=\"description\" content=\"Safari priv\u00e9 dans le d\u00e9sert pour explorer le d\u00e9sert anim\u00e9 d&#039;Abu Dhabi. Pr\u00e9parez-vous \u00e0 d\u00e9couvrir les paysages \u00e0 couper le souffle de ce magnifique d\u00e9sert.\" \/>\n<meta name=\"robots\" content=\"index, follow, max-snippet:-1, max-image-preview:large, max-video-preview:-1\" \/>\n<link rel=\"canonical\" href=\"https:\/\/tourtravelandmore.com\/fr\/tours\/emirats-arabes-unis-fr\/abu-dhabi-fr\/tour-prive-de-safari-dans-le-desert\/\" \/>\n<meta property=\"og:locale\" content=\"fr_FR\" \/>\n<meta property=\"og:type\" content=\"article\" \/>\n<meta property=\"og:title\" content=\"Tour priv\u00e9 de safari dans le d\u00e9sert\" \/>\n<meta property=\"og:description\" content=\"Safari priv\u00e9 dans le d\u00e9sert pour explorer le d\u00e9sert anim\u00e9 d&#039;Abu Dhabi. Pr\u00e9parez-vous \u00e0 d\u00e9couvrir les paysages \u00e0 couper le souffle de ce magnifique d\u00e9sert.\" \/>\n<meta property=\"og:url\" content=\"https:\/\/tourtravelandmore.com\/fr\/tours\/emirats-arabes-unis-fr\/abu-dhabi-fr\/tour-prive-de-safari-dans-le-desert\/\" \/>\n<meta property=\"og:site_name\" content=\"Tour Travel And More\" \/>\n<meta property=\"article:publisher\" content=\"https:\/\/www.facebook.com\/tourtravelandmore\/\" \/>\n<meta property=\"article:modified_time\" content=\"2021-03-24T20:18:47+00:00\" \/>\n<meta property=\"og:image\" content=\"https:\/\/tourtravelandmore.com\/wp-content\/uploads\/2019\/12\/abu11.jpg\" \/>\n\t<meta property=\"og:image:width\" content=\"1023\" \/>\n\t<meta property=\"og:image:height\" content=\"674\" \/>\n\t<meta property=\"og:image:type\" content=\"image\/jpeg\" \/>\n<meta name=\"twitter:card\" content=\"summary_large_image\" \/>\n<meta name=\"twitter:site\" content=\"@TourTravel_More\" \/>\n<meta name=\"twitter:label1\" content=\"Dur\u00e9e de lecture estim\u00e9e\" \/>\n\t<meta name=\"twitter:data1\" content=\"2 minutes\" \/>\n<script type=\"application\/ld+json\" class=\"yoast-schema-graph\">{\"@context\":\"https:\/\/schema.org\",\"@graph\":[{\"@type\":\"WebPage\",\"@id\":\"https:\/\/tourtravelandmore.com\/fr\/tours\/emirats-arabes-unis-fr\/abu-dhabi-fr\/tour-prive-de-safari-dans-le-desert\/\",\"url\":\"https:\/\/tourtravelandmore.com\/fr\/tours\/emirats-arabes-unis-fr\/abu-dhabi-fr\/tour-prive-de-safari-dans-le-desert\/\",\"name\":\"Visite priv\u00e9e du safari dans le d\u00e9sert d'Abou Dhabi - Visite priv\u00e9e du safari dans le d\u00e9sert\",\"isPartOf\":{\"@id\":\"https:\/\/tourtravelandmore.com\/fr\/#website\"},\"primaryImageOfPage\":{\"@id\":\"https:\/\/tourtravelandmore.com\/fr\/tours\/emirats-arabes-unis-fr\/abu-dhabi-fr\/tour-prive-de-safari-dans-le-desert\/#primaryimage\"},\"image\":{\"@id\":\"https:\/\/tourtravelandmore.com\/fr\/tours\/emirats-arabes-unis-fr\/abu-dhabi-fr\/tour-prive-de-safari-dans-le-desert\/#primaryimage\"},\"thumbnailUrl\":\"https:\/\/tourtravelandmore.com\/wp-content\/uploads\/2019\/12\/abu11.jpg\",\"datePublished\":\"2019-12-24T08:39:44+00:00\",\"dateModified\":\"2021-03-24T20:18:47+00:00\",\"description\":\"Safari priv\u00e9 dans le d\u00e9sert pour explorer le d\u00e9sert anim\u00e9 d'Abu Dhabi. Pr\u00e9parez-vous \u00e0 d\u00e9couvrir les paysages \u00e0 couper le souffle de ce magnifique d\u00e9sert.\",\"breadcrumb\":{\"@id\":\"https:\/\/tourtravelandmore.com\/fr\/tours\/emirats-arabes-unis-fr\/abu-dhabi-fr\/tour-prive-de-safari-dans-le-desert\/#breadcrumb\"},\"inLanguage\":\"fr-FR\",\"potentialAction\":[{\"@type\":\"ReadAction\",\"target\":[\"https:\/\/tourtravelandmore.com\/fr\/tours\/emirats-arabes-unis-fr\/abu-dhabi-fr\/tour-prive-de-safari-dans-le-desert\/\"]}]},{\"@type\":\"ImageObject\",\"inLanguage\":\"fr-FR\",\"@id\":\"https:\/\/tourtravelandmore.com\/fr\/tours\/emirats-arabes-unis-fr\/abu-dhabi-fr\/tour-prive-de-safari-dans-le-desert\/#primaryimage\",\"url\":\"https:\/\/tourtravelandmore.com\/wp-content\/uploads\/2019\/12\/abu11.jpg\",\"contentUrl\":\"https:\/\/tourtravelandmore.com\/wp-content\/uploads\/2019\/12\/abu11.jpg\",\"width\":1023,\"height\":674},{\"@type\":\"BreadcrumbList\",\"@id\":\"https:\/\/tourtravelandmore.com\/fr\/tours\/emirats-arabes-unis-fr\/abu-dhabi-fr\/tour-prive-de-safari-dans-le-desert\/#breadcrumb\",\"itemListElement\":[{\"@type\":\"ListItem\",\"position\":1,\"name\":\"Home\",\"item\":\"https:\/\/tourtravelandmore.com\/fr\/\"},{\"@type\":\"ListItem\",\"position\":2,\"name\":\"Tours\",\"item\":\"https:\/\/tourtravelandmore.com\/fr\/tours\/\"},{\"@type\":\"ListItem\",\"position\":3,\"name\":\"Tour priv\u00e9 de safari dans le d\u00e9sert\"}]},{\"@type\":\"WebSite\",\"@id\":\"https:\/\/tourtravelandmore.com\/fr\/#website\",\"url\":\"https:\/\/tourtravelandmore.com\/fr\/\",\"name\":\"Tour Travel And More\",\"description\":\"Private sightseeing tours and luxury transfers in Spain\",\"publisher\":{\"@id\":\"https:\/\/tourtravelandmore.com\/fr\/#organization\"},\"potentialAction\":[{\"@type\":\"SearchAction\",\"target\":{\"@type\":\"EntryPoint\",\"urlTemplate\":\"https:\/\/tourtravelandmore.com\/fr\/?s={search_term_string}\"},\"query-input\":{\"@type\":\"PropertyValueSpecification\",\"valueRequired\":true,\"valueName\":\"search_term_string\"}}],\"inLanguage\":\"fr-FR\"},{\"@type\":\"Organization\",\"@id\":\"https:\/\/tourtravelandmore.com\/fr\/#organization\",\"name\":\"Tour Travel And More\",\"url\":\"https:\/\/tourtravelandmore.com\/fr\/\",\"logo\":{\"@type\":\"ImageObject\",\"inLanguage\":\"fr-FR\",\"@id\":\"https:\/\/tourtravelandmore.com\/fr\/#\/schema\/logo\/image\/\",\"url\":\"https:\/\/tourtravelandmore.com\/wp-content\/uploads\/2022\/12\/cropped-logo-cabecera-new.png\",\"contentUrl\":\"https:\/\/tourtravelandmore.com\/wp-content\/uploads\/2022\/12\/cropped-logo-cabecera-new.png\",\"width\":430,\"height\":61,\"caption\":\"Tour Travel And More\"},\"image\":{\"@id\":\"https:\/\/tourtravelandmore.com\/fr\/#\/schema\/logo\/image\/\"},\"sameAs\":[\"https:\/\/www.facebook.com\/tourtravelandmore\/\",\"https:\/\/x.com\/TourTravel_More\"]}]}<\/script>\n<!-- \/ Yoast SEO Premium plugin. -->","yoast_head_json":{"title":"Visite priv\u00e9e du safari dans le d\u00e9sert d'Abou Dhabi - Visite priv\u00e9e du safari dans le d\u00e9sert","description":"Safari priv\u00e9 dans le d\u00e9sert pour explorer le d\u00e9sert anim\u00e9 d'Abu Dhabi. Pr\u00e9parez-vous \u00e0 d\u00e9couvrir les paysages \u00e0 couper le souffle de ce magnifique d\u00e9sert.","robots":{"index":"index","follow":"follow","max-snippet":"max-snippet:-1","max-image-preview":"max-image-preview:large","max-video-preview":"max-video-preview:-1"},"canonical":"https:\/\/tourtravelandmore.com\/fr\/tours\/emirats-arabes-unis-fr\/abu-dhabi-fr\/tour-prive-de-safari-dans-le-desert\/","og_locale":"fr_FR","og_type":"article","og_title":"Tour priv\u00e9 de safari dans le d\u00e9sert","og_description":"Safari priv\u00e9 dans le d\u00e9sert pour explorer le d\u00e9sert anim\u00e9 d'Abu Dhabi. Pr\u00e9parez-vous \u00e0 d\u00e9couvrir les paysages \u00e0 couper le souffle de ce magnifique d\u00e9sert.","og_url":"https:\/\/tourtravelandmore.com\/fr\/tours\/emirats-arabes-unis-fr\/abu-dhabi-fr\/tour-prive-de-safari-dans-le-desert\/","og_site_name":"Tour Travel And More","article_publisher":"https:\/\/www.facebook.com\/tourtravelandmore\/","article_modified_time":"2021-03-24T20:18:47+00:00","og_image":[{"width":1023,"height":674,"url":"https:\/\/tourtravelandmore.com\/wp-content\/uploads\/2019\/12\/abu11.jpg","type":"image\/jpeg"}],"twitter_card":"summary_large_image","twitter_site":"@TourTravel_More","twitter_misc":{"Dur\u00e9e de lecture estim\u00e9e":"2 minutes"},"schema":{"@context":"https:\/\/schema.org","@graph":[{"@type":"WebPage","@id":"https:\/\/tourtravelandmore.com\/fr\/tours\/emirats-arabes-unis-fr\/abu-dhabi-fr\/tour-prive-de-safari-dans-le-desert\/","url":"https:\/\/tourtravelandmore.com\/fr\/tours\/emirats-arabes-unis-fr\/abu-dhabi-fr\/tour-prive-de-safari-dans-le-desert\/","name":"Visite priv\u00e9e du safari dans le d\u00e9sert d'Abou Dhabi - Visite priv\u00e9e du safari dans le d\u00e9sert","isPartOf":{"@id":"https:\/\/tourtravelandmore.com\/fr\/#website"},"primaryImageOfPage":{"@id":"https:\/\/tourtravelandmore.com\/fr\/tours\/emirats-arabes-unis-fr\/abu-dhabi-fr\/tour-prive-de-safari-dans-le-desert\/#primaryimage"},"image":{"@id":"https:\/\/tourtravelandmore.com\/fr\/tours\/emirats-arabes-unis-fr\/abu-dhabi-fr\/tour-prive-de-safari-dans-le-desert\/#primaryimage"},"thumbnailUrl":"https:\/\/tourtravelandmore.com\/wp-content\/uploads\/2019\/12\/abu11.jpg","datePublished":"2019-12-24T08:39:44+00:00","dateModified":"2021-03-24T20:18:47+00:00","description":"Safari priv\u00e9 dans le d\u00e9sert pour explorer le d\u00e9sert anim\u00e9 d'Abu Dhabi. Pr\u00e9parez-vous \u00e0 d\u00e9couvrir les paysages \u00e0 couper le souffle de ce magnifique d\u00e9sert.","breadcrumb":{"@id":"https:\/\/tourtravelandmore.com\/fr\/tours\/emirats-arabes-unis-fr\/abu-dhabi-fr\/tour-prive-de-safari-dans-le-desert\/#breadcrumb"},"inLanguage":"fr-FR","potentialAction":[{"@type":"ReadAction","target":["https:\/\/tourtravelandmore.com\/fr\/tours\/emirats-arabes-unis-fr\/abu-dhabi-fr\/tour-prive-de-safari-dans-le-desert\/"]}]},{"@type":"ImageObject","inLanguage":"fr-FR","@id":"https:\/\/tourtravelandmore.com\/fr\/tours\/emirats-arabes-unis-fr\/abu-dhabi-fr\/tour-prive-de-safari-dans-le-desert\/#primaryimage","url":"https:\/\/tourtravelandmore.com\/wp-content\/uploads\/2019\/12\/abu11.jpg","contentUrl":"https:\/\/tourtravelandmore.com\/wp-content\/uploads\/2019\/12\/abu11.jpg","width":1023,"height":674},{"@type":"BreadcrumbList","@id":"https:\/\/tourtravelandmore.com\/fr\/tours\/emirats-arabes-unis-fr\/abu-dhabi-fr\/tour-prive-de-safari-dans-le-desert\/#breadcrumb","itemListElement":[{"@type":"ListItem","position":1,"name":"Home","item":"https:\/\/tourtravelandmore.com\/fr\/"},{"@type":"ListItem","position":2,"name":"Tours","item":"https:\/\/tourtravelandmore.com\/fr\/tours\/"},{"@type":"ListItem","position":3,"name":"Tour priv\u00e9 de safari dans le d\u00e9sert"}]},{"@type":"WebSite","@id":"https:\/\/tourtravelandmore.com\/fr\/#website","url":"https:\/\/tourtravelandmore.com\/fr\/","name":"Tour Travel And More","description":"Private sightseeing tours and luxury transfers in Spain","publisher":{"@id":"https:\/\/tourtravelandmore.com\/fr\/#organization"},"potentialAction":[{"@type":"SearchAction","target":{"@type":"EntryPoint","urlTemplate":"https:\/\/tourtravelandmore.com\/fr\/?s={search_term_string}"},"query-input":{"@type":"PropertyValueSpecification","valueRequired":true,"valueName":"search_term_string"}}],"inLanguage":"fr-FR"},{"@type":"Organization","@id":"https:\/\/tourtravelandmore.com\/fr\/#organization","name":"Tour Travel And More","url":"https:\/\/tourtravelandmore.com\/fr\/","logo":{"@type":"ImageObject","inLanguage":"fr-FR","@id":"https:\/\/tourtravelandmore.com\/fr\/#\/schema\/logo\/image\/","url":"https:\/\/tourtravelandmore.com\/wp-content\/uploads\/2022\/12\/cropped-logo-cabecera-new.png","contentUrl":"https:\/\/tourtravelandmore.com\/wp-content\/uploads\/2022\/12\/cropped-logo-cabecera-new.png","width":430,"height":61,"caption":"Tour Travel And More"},"image":{"@id":"https:\/\/tourtravelandmore.com\/fr\/#\/schema\/logo\/image\/"},"sameAs":["https:\/\/www.facebook.com\/tourtravelandmore\/","https:\/\/x.com\/TourTravel_More"]}]}},"_links":{"self":[{"href":"https:\/\/tourtravelandmore.com\/fr\/wp-json\/wp\/v2\/product\/105342","targetHints":{"allow":["GET"]}}],"collection":[{"href":"https:\/\/tourtravelandmore.com\/fr\/wp-json\/wp\/v2\/product"}],"about":[{"href":"https:\/\/tourtravelandmore.com\/fr\/wp-json\/wp\/v2\/types\/product"}],"replies":[{"embeddable":true,"href":"https:\/\/tourtravelandmore.com\/fr\/wp-json\/wp\/v2\/comments?post=105342"}],"wp:featuredmedia":[{"embeddable":true,"href":"https:\/\/tourtravelandmore.com\/fr\/wp-json\/wp\/v2\/media\/96893"}],"wp:attachment":[{"href":"https:\/\/tourtravelandmore.com\/fr\/wp-json\/wp\/v2\/media?parent=105342"}],"wp:term":[{"taxonomy":"product_brand","embeddable":true,"href":"https:\/\/tourtravelandmore.com\/fr\/wp-json\/wp\/v2\/product_brand?post=105342"},{"taxonomy":"product_cat","embeddable":true,"href":"https:\/\/tourtravelandmore.com\/fr\/wp-json\/wp\/v2\/product_cat?post=105342"},{"taxonomy":"product_tag","embeddable":true,"href":"https:\/\/tourtravelandmore.com\/fr\/wp-json\/wp\/v2\/product_tag?post=105342"}],"curies":[{"name":"wp","href":"https:\/\/api.w.org\/{rel}","templated":true}]}}