{"id":105337,"date":"2019-12-23T13:39:10","date_gmt":"2019-12-23T12:39:10","guid":{"rendered":"https:\/\/tourtravelandmore.com\/tours\/non%20class\u00e9\/visite-privee-de-la-mosquee-a-abu-dhabi\/"},"modified":"2021-03-24T21:16:51","modified_gmt":"2021-03-24T20:16:51","slug":"visite-privee-de-la-mosquee-a-abu-dhabi","status":"publish","type":"product","link":"https:\/\/tourtravelandmore.com\/fr\/tours\/emirats-arabes-unis-fr\/abu-dhabi-fr\/visite-privee-de-la-mosquee-a-abu-dhabi\/","title":{"rendered":"Visite priv\u00e9e de la mosqu\u00e9e \u00e0 Abu Dhabi"},"content":{"rendered":"<h2>Description:<\/h2>\n<p>Profitez de cette visite priv\u00e9e de la mosqu\u00e9e \u00e0 Abu Dhabi avec votre propre guide officiel priv\u00e9.<\/p>\n<p>Retrouvez votre guide devant le Sheikh Zayek. Nous commencerons ensuite cette visite guid\u00e9e priv\u00e9e de 2 heures dans un lieu unique.<\/p>\n<p>Il s&#8217;agit d&#8217;une visite priv\u00e9e unique pour conna\u00eetre le cheikh Zayed. Votre guide vous expliquera tout ce que vous devez savoir.<\/p>\n<p>Enfin, cette visite se terminera pr\u00e8s de la mosqu\u00e9e.<\/p>\n<h2>Sites d&#8217;int\u00e9r\u00eat et monuments<\/h2>\n<p>Lors de votre visite priv\u00e9e de la mosqu\u00e9e \u00e0 Abu Dhabi, vous d\u00e9couvrirez la mosqu\u00e9e la plus embl\u00e9matique d&#8217;Abu Dhabi avec votre expert local.<\/p>\n<p><strong>Mosqu\u00e9e Sheikh Zayed<\/strong><br \/>\nRev\u00eatue de marbre mac\u00e9donien, la magnifique et absolument gigantesque Grande Mosqu\u00e9e Sheikh Zayed est le b\u00e2timent embl\u00e9matique d&#8217;Abu Dhabi et de loin l&#8217;attraction touristique la plus connue de la ville. La mosqu\u00e9e fusionne des \u00e9l\u00e9ments de conception mamelouke, fatimide et ottomane pour cr\u00e9er une mosqu\u00e9e parfaitement moderne et harmonieuse qui honore et c\u00e9l\u00e8bre l&#8217;architecture islamique. Les artisans ont utilis\u00e9 des carreaux de mosa\u00efque, du verre et des sculptures complexes \u00e0 l&#8217;int\u00e9rieur et \u00e0 l&#8217;ext\u00e9rieur pour cr\u00e9er cette magnifique mosqu\u00e9e. Il met en \u00e9vidence 82 vo\u00fbtes, plus de 1000 sections, des luminaires plaqu\u00e9s or 24 carats et le plus grand tapis nou\u00e9 \u00e0 la main au monde.<\/p>\n<p>Chacun de nos guides est un guide officiel d&#8217;Abu Dhabi avec une grande connaissance de la ville et de son histoire. Votre chauffeur priv\u00e9 et votre guide seront \u00e0 votre enti\u00e8re disposition pendant toute la dur\u00e9e de la visite. Une fois la visite termin\u00e9e, votre guide officiel priv\u00e9 et votre chauffeur avec v\u00e9hicule vous ram\u00e8neront \u00e0 votre h\u00f4tel ou lieu de votre choix \u00e0 Abu Dhabi.<\/p>\n<p>Nous terminerons la visite \u00e0 c\u00f4t\u00e9 de la mosqu\u00e9e d&#8217;Abu Dhabi.<\/p>\n<p>D\u00e9couvrez nos visites priv\u00e9es \u00e0 Abu Dhabi. Chez Tour Travel &amp; More, nous sommes \u00e0 votre enti\u00e8re disposition pour une visite priv\u00e9e!<\/p>\n","protected":false},"excerpt":{"rendered":"<p>Visitez la magnifique mosqu\u00e9e Sheikh Zayed, le site le plus embl\u00e9matique d&#8217;Abu Dhabi, aux c\u00f4t\u00e9s d&#8217;un expert local. Profitez d&#8217;une exp\u00e9rience personnalis\u00e9e \u00e0 l&#8217;aise dans votre v\u00e9hicule priv\u00e9.<\/p>\n","protected":false},"featured_media":96889,"comment_status":"open","ping_status":"closed","template":"","meta":{"_acf_changed":false},"product_brand":[],"product_cat":[3733,3806],"product_tag":[],"class_list":{"0":"post-105337","1":"product","2":"type-product","3":"status-publish","4":"has-post-thumbnail","6":"product_cat-emirats-arabes-unis-fr","7":"product_cat-abu-dhabi-fr","9":"first","10":"instock","11":"shipping-taxable","12":"purchasable","13":"product-type-simple"},"acf":[],"yoast_head":"<!-- This site is optimized with the Yoast SEO Premium plugin v25.3.1 (Yoast SEO v25.3.1) - https:\/\/yoast.com\/wordpress\/plugins\/seo\/ -->\n<title>Visite priv\u00e9e de la mosqu\u00e9e d&#039;Abu Dhabi - Visite priv\u00e9e de la mosqu\u00e9e \u00e0 Abu Dhabi<\/title>\n<meta name=\"description\" content=\"Visite priv\u00e9e de la mosqu\u00e9e \u00e0 Abu Dhabi pour explorer la mosqu\u00e9e Sheikh Zayed d&#039;Abu Dhabi, sa merveilleuse architecture et ses \u0153uvres d&#039;art \u00e9blouissantes faites \u00e0 la main.\" \/>\n<meta name=\"robots\" content=\"index, follow, max-snippet:-1, max-image-preview:large, max-video-preview:-1\" \/>\n<link rel=\"canonical\" href=\"https:\/\/tourtravelandmore.com\/fr\/tours\/emirats-arabes-unis-fr\/abu-dhabi-fr\/visite-privee-de-la-mosquee-a-abu-dhabi\/\" \/>\n<meta property=\"og:locale\" content=\"fr_FR\" \/>\n<meta property=\"og:type\" content=\"article\" \/>\n<meta property=\"og:title\" content=\"Visite priv\u00e9e de la mosqu\u00e9e \u00e0 Abu Dhabi\" \/>\n<meta property=\"og:description\" content=\"Visite priv\u00e9e de la mosqu\u00e9e \u00e0 Abu Dhabi pour explorer la mosqu\u00e9e Sheikh Zayed d&#039;Abu Dhabi, sa merveilleuse architecture et ses \u0153uvres d&#039;art \u00e9blouissantes faites \u00e0 la main.\" \/>\n<meta property=\"og:url\" content=\"https:\/\/tourtravelandmore.com\/fr\/tours\/emirats-arabes-unis-fr\/abu-dhabi-fr\/visite-privee-de-la-mosquee-a-abu-dhabi\/\" \/>\n<meta property=\"og:site_name\" content=\"Tour Travel And More\" \/>\n<meta property=\"article:publisher\" content=\"https:\/\/www.facebook.com\/tourtravelandmore\/\" \/>\n<meta property=\"article:modified_time\" content=\"2021-03-24T20:16:51+00:00\" \/>\n<meta property=\"og:image\" content=\"https:\/\/tourtravelandmore.com\/wp-content\/uploads\/2019\/12\/abu8.jpg\" \/>\n\t<meta property=\"og:image:width\" content=\"960\" \/>\n\t<meta property=\"og:image:height\" content=\"640\" \/>\n\t<meta property=\"og:image:type\" content=\"image\/jpeg\" \/>\n<meta name=\"twitter:card\" content=\"summary_large_image\" \/>\n<meta name=\"twitter:site\" content=\"@TourTravel_More\" \/>\n<meta name=\"twitter:label1\" content=\"Dur\u00e9e de lecture estim\u00e9e\" \/>\n\t<meta name=\"twitter:data1\" content=\"2 minutes\" \/>\n<script type=\"application\/ld+json\" class=\"yoast-schema-graph\">{\"@context\":\"https:\/\/schema.org\",\"@graph\":[{\"@type\":\"WebPage\",\"@id\":\"https:\/\/tourtravelandmore.com\/fr\/tours\/emirats-arabes-unis-fr\/abu-dhabi-fr\/visite-privee-de-la-mosquee-a-abu-dhabi\/\",\"url\":\"https:\/\/tourtravelandmore.com\/fr\/tours\/emirats-arabes-unis-fr\/abu-dhabi-fr\/visite-privee-de-la-mosquee-a-abu-dhabi\/\",\"name\":\"Visite priv\u00e9e de la mosqu\u00e9e d'Abu Dhabi - Visite priv\u00e9e de la mosqu\u00e9e \u00e0 Abu Dhabi\",\"isPartOf\":{\"@id\":\"https:\/\/tourtravelandmore.com\/fr\/#website\"},\"primaryImageOfPage\":{\"@id\":\"https:\/\/tourtravelandmore.com\/fr\/tours\/emirats-arabes-unis-fr\/abu-dhabi-fr\/visite-privee-de-la-mosquee-a-abu-dhabi\/#primaryimage\"},\"image\":{\"@id\":\"https:\/\/tourtravelandmore.com\/fr\/tours\/emirats-arabes-unis-fr\/abu-dhabi-fr\/visite-privee-de-la-mosquee-a-abu-dhabi\/#primaryimage\"},\"thumbnailUrl\":\"https:\/\/tourtravelandmore.com\/wp-content\/uploads\/2019\/12\/abu8.jpg\",\"datePublished\":\"2019-12-23T12:39:10+00:00\",\"dateModified\":\"2021-03-24T20:16:51+00:00\",\"description\":\"Visite priv\u00e9e de la mosqu\u00e9e \u00e0 Abu Dhabi pour explorer la mosqu\u00e9e Sheikh Zayed d'Abu Dhabi, sa merveilleuse architecture et ses \u0153uvres d'art \u00e9blouissantes faites \u00e0 la main.\",\"breadcrumb\":{\"@id\":\"https:\/\/tourtravelandmore.com\/fr\/tours\/emirats-arabes-unis-fr\/abu-dhabi-fr\/visite-privee-de-la-mosquee-a-abu-dhabi\/#breadcrumb\"},\"inLanguage\":\"fr-FR\",\"potentialAction\":[{\"@type\":\"ReadAction\",\"target\":[\"https:\/\/tourtravelandmore.com\/fr\/tours\/emirats-arabes-unis-fr\/abu-dhabi-fr\/visite-privee-de-la-mosquee-a-abu-dhabi\/\"]}]},{\"@type\":\"ImageObject\",\"inLanguage\":\"fr-FR\",\"@id\":\"https:\/\/tourtravelandmore.com\/fr\/tours\/emirats-arabes-unis-fr\/abu-dhabi-fr\/visite-privee-de-la-mosquee-a-abu-dhabi\/#primaryimage\",\"url\":\"https:\/\/tourtravelandmore.com\/wp-content\/uploads\/2019\/12\/abu8.jpg\",\"contentUrl\":\"https:\/\/tourtravelandmore.com\/wp-content\/uploads\/2019\/12\/abu8.jpg\",\"width\":960,\"height\":640},{\"@type\":\"BreadcrumbList\",\"@id\":\"https:\/\/tourtravelandmore.com\/fr\/tours\/emirats-arabes-unis-fr\/abu-dhabi-fr\/visite-privee-de-la-mosquee-a-abu-dhabi\/#breadcrumb\",\"itemListElement\":[{\"@type\":\"ListItem\",\"position\":1,\"name\":\"Home\",\"item\":\"https:\/\/tourtravelandmore.com\/fr\/\"},{\"@type\":\"ListItem\",\"position\":2,\"name\":\"Tours\",\"item\":\"https:\/\/tourtravelandmore.com\/fr\/tours\/\"},{\"@type\":\"ListItem\",\"position\":3,\"name\":\"Visite priv\u00e9e de la mosqu\u00e9e \u00e0 Abu Dhabi\"}]},{\"@type\":\"WebSite\",\"@id\":\"https:\/\/tourtravelandmore.com\/fr\/#website\",\"url\":\"https:\/\/tourtravelandmore.com\/fr\/\",\"name\":\"Tour Travel And More\",\"description\":\"Private sightseeing tours and luxury transfers in Spain\",\"publisher\":{\"@id\":\"https:\/\/tourtravelandmore.com\/fr\/#organization\"},\"potentialAction\":[{\"@type\":\"SearchAction\",\"target\":{\"@type\":\"EntryPoint\",\"urlTemplate\":\"https:\/\/tourtravelandmore.com\/fr\/?s={search_term_string}\"},\"query-input\":{\"@type\":\"PropertyValueSpecification\",\"valueRequired\":true,\"valueName\":\"search_term_string\"}}],\"inLanguage\":\"fr-FR\"},{\"@type\":\"Organization\",\"@id\":\"https:\/\/tourtravelandmore.com\/fr\/#organization\",\"name\":\"Tour Travel And More\",\"url\":\"https:\/\/tourtravelandmore.com\/fr\/\",\"logo\":{\"@type\":\"ImageObject\",\"inLanguage\":\"fr-FR\",\"@id\":\"https:\/\/tourtravelandmore.com\/fr\/#\/schema\/logo\/image\/\",\"url\":\"https:\/\/tourtravelandmore.com\/wp-content\/uploads\/2022\/12\/cropped-logo-cabecera-new.png\",\"contentUrl\":\"https:\/\/tourtravelandmore.com\/wp-content\/uploads\/2022\/12\/cropped-logo-cabecera-new.png\",\"width\":430,\"height\":61,\"caption\":\"Tour Travel And More\"},\"image\":{\"@id\":\"https:\/\/tourtravelandmore.com\/fr\/#\/schema\/logo\/image\/\"},\"sameAs\":[\"https:\/\/www.facebook.com\/tourtravelandmore\/\",\"https:\/\/x.com\/TourTravel_More\"]}]}<\/script>\n<!-- \/ Yoast SEO Premium plugin. -->","yoast_head_json":{"title":"Visite priv\u00e9e de la mosqu\u00e9e d'Abu Dhabi - Visite priv\u00e9e de la mosqu\u00e9e \u00e0 Abu Dhabi","description":"Visite priv\u00e9e de la mosqu\u00e9e \u00e0 Abu Dhabi pour explorer la mosqu\u00e9e Sheikh Zayed d'Abu Dhabi, sa merveilleuse architecture et ses \u0153uvres d'art \u00e9blouissantes faites \u00e0 la main.","robots":{"index":"index","follow":"follow","max-snippet":"max-snippet:-1","max-image-preview":"max-image-preview:large","max-video-preview":"max-video-preview:-1"},"canonical":"https:\/\/tourtravelandmore.com\/fr\/tours\/emirats-arabes-unis-fr\/abu-dhabi-fr\/visite-privee-de-la-mosquee-a-abu-dhabi\/","og_locale":"fr_FR","og_type":"article","og_title":"Visite priv\u00e9e de la mosqu\u00e9e \u00e0 Abu Dhabi","og_description":"Visite priv\u00e9e de la mosqu\u00e9e \u00e0 Abu Dhabi pour explorer la mosqu\u00e9e Sheikh Zayed d'Abu Dhabi, sa merveilleuse architecture et ses \u0153uvres d'art \u00e9blouissantes faites \u00e0 la main.","og_url":"https:\/\/tourtravelandmore.com\/fr\/tours\/emirats-arabes-unis-fr\/abu-dhabi-fr\/visite-privee-de-la-mosquee-a-abu-dhabi\/","og_site_name":"Tour Travel And More","article_publisher":"https:\/\/www.facebook.com\/tourtravelandmore\/","article_modified_time":"2021-03-24T20:16:51+00:00","og_image":[{"width":960,"height":640,"url":"https:\/\/tourtravelandmore.com\/wp-content\/uploads\/2019\/12\/abu8.jpg","type":"image\/jpeg"}],"twitter_card":"summary_large_image","twitter_site":"@TourTravel_More","twitter_misc":{"Dur\u00e9e de lecture estim\u00e9e":"2 minutes"},"schema":{"@context":"https:\/\/schema.org","@graph":[{"@type":"WebPage","@id":"https:\/\/tourtravelandmore.com\/fr\/tours\/emirats-arabes-unis-fr\/abu-dhabi-fr\/visite-privee-de-la-mosquee-a-abu-dhabi\/","url":"https:\/\/tourtravelandmore.com\/fr\/tours\/emirats-arabes-unis-fr\/abu-dhabi-fr\/visite-privee-de-la-mosquee-a-abu-dhabi\/","name":"Visite priv\u00e9e de la mosqu\u00e9e d'Abu Dhabi - Visite priv\u00e9e de la mosqu\u00e9e \u00e0 Abu Dhabi","isPartOf":{"@id":"https:\/\/tourtravelandmore.com\/fr\/#website"},"primaryImageOfPage":{"@id":"https:\/\/tourtravelandmore.com\/fr\/tours\/emirats-arabes-unis-fr\/abu-dhabi-fr\/visite-privee-de-la-mosquee-a-abu-dhabi\/#primaryimage"},"image":{"@id":"https:\/\/tourtravelandmore.com\/fr\/tours\/emirats-arabes-unis-fr\/abu-dhabi-fr\/visite-privee-de-la-mosquee-a-abu-dhabi\/#primaryimage"},"thumbnailUrl":"https:\/\/tourtravelandmore.com\/wp-content\/uploads\/2019\/12\/abu8.jpg","datePublished":"2019-12-23T12:39:10+00:00","dateModified":"2021-03-24T20:16:51+00:00","description":"Visite priv\u00e9e de la mosqu\u00e9e \u00e0 Abu Dhabi pour explorer la mosqu\u00e9e Sheikh Zayed d'Abu Dhabi, sa merveilleuse architecture et ses \u0153uvres d'art \u00e9blouissantes faites \u00e0 la main.","breadcrumb":{"@id":"https:\/\/tourtravelandmore.com\/fr\/tours\/emirats-arabes-unis-fr\/abu-dhabi-fr\/visite-privee-de-la-mosquee-a-abu-dhabi\/#breadcrumb"},"inLanguage":"fr-FR","potentialAction":[{"@type":"ReadAction","target":["https:\/\/tourtravelandmore.com\/fr\/tours\/emirats-arabes-unis-fr\/abu-dhabi-fr\/visite-privee-de-la-mosquee-a-abu-dhabi\/"]}]},{"@type":"ImageObject","inLanguage":"fr-FR","@id":"https:\/\/tourtravelandmore.com\/fr\/tours\/emirats-arabes-unis-fr\/abu-dhabi-fr\/visite-privee-de-la-mosquee-a-abu-dhabi\/#primaryimage","url":"https:\/\/tourtravelandmore.com\/wp-content\/uploads\/2019\/12\/abu8.jpg","contentUrl":"https:\/\/tourtravelandmore.com\/wp-content\/uploads\/2019\/12\/abu8.jpg","width":960,"height":640},{"@type":"BreadcrumbList","@id":"https:\/\/tourtravelandmore.com\/fr\/tours\/emirats-arabes-unis-fr\/abu-dhabi-fr\/visite-privee-de-la-mosquee-a-abu-dhabi\/#breadcrumb","itemListElement":[{"@type":"ListItem","position":1,"name":"Home","item":"https:\/\/tourtravelandmore.com\/fr\/"},{"@type":"ListItem","position":2,"name":"Tours","item":"https:\/\/tourtravelandmore.com\/fr\/tours\/"},{"@type":"ListItem","position":3,"name":"Visite priv\u00e9e de la mosqu\u00e9e \u00e0 Abu Dhabi"}]},{"@type":"WebSite","@id":"https:\/\/tourtravelandmore.com\/fr\/#website","url":"https:\/\/tourtravelandmore.com\/fr\/","name":"Tour Travel And More","description":"Private sightseeing tours and luxury transfers in Spain","publisher":{"@id":"https:\/\/tourtravelandmore.com\/fr\/#organization"},"potentialAction":[{"@type":"SearchAction","target":{"@type":"EntryPoint","urlTemplate":"https:\/\/tourtravelandmore.com\/fr\/?s={search_term_string}"},"query-input":{"@type":"PropertyValueSpecification","valueRequired":true,"valueName":"search_term_string"}}],"inLanguage":"fr-FR"},{"@type":"Organization","@id":"https:\/\/tourtravelandmore.com\/fr\/#organization","name":"Tour Travel And More","url":"https:\/\/tourtravelandmore.com\/fr\/","logo":{"@type":"ImageObject","inLanguage":"fr-FR","@id":"https:\/\/tourtravelandmore.com\/fr\/#\/schema\/logo\/image\/","url":"https:\/\/tourtravelandmore.com\/wp-content\/uploads\/2022\/12\/cropped-logo-cabecera-new.png","contentUrl":"https:\/\/tourtravelandmore.com\/wp-content\/uploads\/2022\/12\/cropped-logo-cabecera-new.png","width":430,"height":61,"caption":"Tour Travel And More"},"image":{"@id":"https:\/\/tourtravelandmore.com\/fr\/#\/schema\/logo\/image\/"},"sameAs":["https:\/\/www.facebook.com\/tourtravelandmore\/","https:\/\/x.com\/TourTravel_More"]}]}},"_links":{"self":[{"href":"https:\/\/tourtravelandmore.com\/fr\/wp-json\/wp\/v2\/product\/105337","targetHints":{"allow":["GET"]}}],"collection":[{"href":"https:\/\/tourtravelandmore.com\/fr\/wp-json\/wp\/v2\/product"}],"about":[{"href":"https:\/\/tourtravelandmore.com\/fr\/wp-json\/wp\/v2\/types\/product"}],"replies":[{"embeddable":true,"href":"https:\/\/tourtravelandmore.com\/fr\/wp-json\/wp\/v2\/comments?post=105337"}],"wp:featuredmedia":[{"embeddable":true,"href":"https:\/\/tourtravelandmore.com\/fr\/wp-json\/wp\/v2\/media\/96889"}],"wp:attachment":[{"href":"https:\/\/tourtravelandmore.com\/fr\/wp-json\/wp\/v2\/media?parent=105337"}],"wp:term":[{"taxonomy":"product_brand","embeddable":true,"href":"https:\/\/tourtravelandmore.com\/fr\/wp-json\/wp\/v2\/product_brand?post=105337"},{"taxonomy":"product_cat","embeddable":true,"href":"https:\/\/tourtravelandmore.com\/fr\/wp-json\/wp\/v2\/product_cat?post=105337"},{"taxonomy":"product_tag","embeddable":true,"href":"https:\/\/tourtravelandmore.com\/fr\/wp-json\/wp\/v2\/product_tag?post=105337"}],"curies":[{"name":"wp","href":"https:\/\/api.w.org\/{rel}","templated":true}]}}