{"id":105332,"date":"2022-01-10T09:57:43","date_gmt":"2019-12-23T11:11:43","guid":{"rendered":"https:\/\/tourtravelandmore.com\/tours\/non%20class\u00e9\/visite-privee-dal-ain\/"},"modified":"2022-01-26T13:55:32","modified_gmt":"2022-01-26T12:55:32","slug":"visite-privee-dal-ain","status":"publish","type":"product","link":"https:\/\/tourtravelandmore.com\/fr\/tours\/emirats-arabes-unis-fr\/abu-dhabi-fr\/visite-privee-dal-ain\/","title":{"rendered":"Visite priv\u00e9e d&#8217;Al Ain"},"content":{"rendered":"<h2>Description:<\/h2>\n<p>Profitez de cette visite priv\u00e9e d&#8217;Al Ain avec votre propre chauffeur priv\u00e9 et guide officiel. C&#8217;est un excellent moyen d&#8217;explorer la ville anim\u00e9e d&#8217;Al Ain. Pr\u00e9parez-vous \u00e0 explorer ses merveilleux mus\u00e9es, ses march\u00e9s anciens et sa nature \u00e9blouissante.<\/p>\n<p>Tout d&#8217;abord, pour cette visite priv\u00e9e d&#8217;Al Ain, nous viendrons vous chercher \u00e0 votre h\u00f4tel ou lieu de votre choix \u00e0 Abu Dhabi. Nous nous dirigerons ensuite vers Al Ain pour cette visite priv\u00e9e.<\/p>\n<p>Profitez d&#8217;une belle visite d&#8217;Al Ain. Ayez du temps libre avant de retourner vers votre h\u00f4tel, port de croisi\u00e8re ou lieu de votre choix \u00e0 Abu Dhabi.<\/p>\n<h2>Sites d&#8217;int\u00e9r\u00eat et monuments<\/h2>\n<p>Au cours de votre visite priv\u00e9e de 8 heures \u00e0 Al Ain, vous d\u00e9couvrirez certains des sites les plus embl\u00e9matiques d&#8217;Al Ain avec votre expert local. Une fois que nous avons commenc\u00e9 la visite \u00e0 Abu Dhabi, nous vous proposons de visiter ce qui suit.<\/p>\n<p>Tout d&#8217;abord, nous nous dirigerons vers le mus\u00e9e national.<\/p>\n<p><strong>Mus\u00e9e national d&#8217;Al Ain<\/strong><br \/>\nLe mus\u00e9e repr\u00e9sente les aspects ethnographiques et arch\u00e9ologiques du pays, de l&#8217;\u00e2ge de pierre \u00e0 nos jours, offrant un aper\u00e7u des traditions et de la culture locales de la r\u00e9gion.<\/p>\n<p><strong>Oasis d&#8217;Al Ain<\/strong><br \/>\nD\u00e9clar\u00e9e patrimoine mondial de l&#8217;UNESCO en 2011. Dans cette oasis, vous serez isol\u00e9 du monde ext\u00e9rieur par plus de 147 000 palmiers dattiers et diff\u00e9rentes vari\u00e9t\u00e9s de v\u00e9g\u00e9tation.<\/p>\n<p><strong>Souk aux chameaux<\/strong><br \/>\nApprenez \u00e0 conna\u00eetre l&#8217;animal qui occupe une place particuli\u00e8re dans le patrimoine \u00e9mirati, les chameaux arabes. Immergez-vous dans la culture arabe traditionnelle, regardez les habitants n\u00e9gocier pour les chameaux ou prenez simplement une photo avec eux.<\/p>\n<h4>La tourn\u00e9e n&#8217;est pas termin\u00e9e, voyons ce qu&#8217;il en reste!<\/h4>\n<p><strong>Mus\u00e9e du palais d&#8217;Al Ain<\/strong><br \/>\nAvec une architecture de style b\u00e9douin et restaur\u00e9 \u00e0 l&#8217;aide de mat\u00e9riaux locaux respectueux de l&#8217;environnement, le mus\u00e9e montre le contraste entre les conceptions modernes et les pi\u00e8ces traditionnelles des \u00c9mirats.<\/p>\n<p><strong>Fortification d&#8217;Al Jahli<\/strong><br \/>\nAchev\u00e9e en 1898, cette fortification a \u00e9t\u00e9 construite pour prot\u00e9ger l&#8217;oasis d&#8217;Al Ain.<\/p>\n<p><strong>Jebel hafeet<\/strong><br \/>\nVisitez l&#8217;une des plus hautes montagnes de l&#8217;\u00e9mirat et profitez de ses incroyables sources chaudes.<\/p>\n<p>Cliquez ici et d\u00e9couvrez d&#8217;autres visites priv\u00e9es \u00e0 Abu Dhabi.<\/p>\n","protected":false},"excerpt":{"rendered":"<p>Visitez la ville historique la mieux pr\u00e9serv\u00e9e des EAU lors d&#8217;une excursion priv\u00e9e d&#8217;une journ\u00e9e au d\u00e9part d&#8217;Abou Dhabi. Apprenez l&#8217;histoire du site avec votre guide officiel et \u00e0 l&#8217;aise dans votre v\u00e9hicule priv\u00e9.<\/p>\n","protected":false},"featured_media":96888,"comment_status":"open","ping_status":"closed","template":"","meta":{"_acf_changed":false},"product_brand":[],"product_cat":[3733,3806],"product_tag":[],"class_list":{"0":"post-105332","1":"product","2":"type-product","3":"status-publish","4":"has-post-thumbnail","6":"product_cat-emirats-arabes-unis-fr","7":"product_cat-abu-dhabi-fr","9":"first","10":"instock","11":"shipping-taxable","12":"purchasable","13":"product-type-simple"},"acf":[],"yoast_head":"<!-- This site is optimized with the Yoast SEO Premium plugin v25.3.1 (Yoast SEO v25.3.1) - https:\/\/yoast.com\/wordpress\/plugins\/seo\/ -->\n<title>Visite priv\u00e9e d&#039;une journ\u00e9e compl\u00e8te d&#039;AL AIN au d\u00e9part d&#039;Abou Dhabi - Visite priv\u00e9e d&#039;Al Ain<\/title>\n<meta name=\"description\" content=\"Visite priv\u00e9e pour explorer Al Ain et ses merveilleuses mosqu\u00e9es, son architecture futuriste, ses \u00eeles artificielles \u00e9blouissantes lors de notre visite priv\u00e9e d&#039;Al Ain au d\u00e9part d&#039;Abou Dhabi.\" \/>\n<meta name=\"robots\" content=\"index, follow, max-snippet:-1, max-image-preview:large, max-video-preview:-1\" \/>\n<link rel=\"canonical\" href=\"https:\/\/tourtravelandmore.com\/fr\/tours\/emirats-arabes-unis-fr\/abu-dhabi-fr\/visite-privee-dal-ain\/\" \/>\n<meta property=\"og:locale\" content=\"fr_FR\" \/>\n<meta property=\"og:type\" content=\"article\" \/>\n<meta property=\"og:title\" content=\"Visite priv\u00e9e d&#039;Al Ain\" \/>\n<meta property=\"og:description\" content=\"Visite priv\u00e9e pour explorer Al Ain et ses merveilleuses mosqu\u00e9es, son architecture futuriste, ses \u00eeles artificielles \u00e9blouissantes lors de notre visite priv\u00e9e d&#039;Al Ain au d\u00e9part d&#039;Abou Dhabi.\" \/>\n<meta property=\"og:url\" content=\"https:\/\/tourtravelandmore.com\/fr\/tours\/emirats-arabes-unis-fr\/abu-dhabi-fr\/visite-privee-dal-ain\/\" \/>\n<meta property=\"og:site_name\" content=\"Tour Travel And More\" \/>\n<meta property=\"article:publisher\" content=\"https:\/\/www.facebook.com\/tourtravelandmore\/\" \/>\n<meta property=\"article:modified_time\" content=\"2022-01-26T12:55:32+00:00\" \/>\n<meta property=\"og:image\" content=\"https:\/\/tourtravelandmore.com\/wp-content\/uploads\/2019\/12\/ain4-1024x683.jpg\" \/>\n\t<meta property=\"og:image:width\" content=\"1024\" \/>\n\t<meta property=\"og:image:height\" content=\"683\" \/>\n\t<meta property=\"og:image:type\" content=\"image\/jpeg\" \/>\n<meta name=\"twitter:card\" content=\"summary_large_image\" \/>\n<meta name=\"twitter:site\" content=\"@TourTravel_More\" \/>\n<meta name=\"twitter:label1\" content=\"Dur\u00e9e de lecture estim\u00e9e\" \/>\n\t<meta name=\"twitter:data1\" content=\"2 minutes\" \/>\n<script type=\"application\/ld+json\" class=\"yoast-schema-graph\">{\"@context\":\"https:\/\/schema.org\",\"@graph\":[{\"@type\":\"WebPage\",\"@id\":\"https:\/\/tourtravelandmore.com\/fr\/tours\/emirats-arabes-unis-fr\/abu-dhabi-fr\/visite-privee-dal-ain\/\",\"url\":\"https:\/\/tourtravelandmore.com\/fr\/tours\/emirats-arabes-unis-fr\/abu-dhabi-fr\/visite-privee-dal-ain\/\",\"name\":\"Visite priv\u00e9e d'une journ\u00e9e compl\u00e8te d'AL AIN au d\u00e9part d'Abou Dhabi - Visite priv\u00e9e d'Al Ain\",\"isPartOf\":{\"@id\":\"https:\/\/tourtravelandmore.com\/fr\/#website\"},\"primaryImageOfPage\":{\"@id\":\"https:\/\/tourtravelandmore.com\/fr\/tours\/emirats-arabes-unis-fr\/abu-dhabi-fr\/visite-privee-dal-ain\/#primaryimage\"},\"image\":{\"@id\":\"https:\/\/tourtravelandmore.com\/fr\/tours\/emirats-arabes-unis-fr\/abu-dhabi-fr\/visite-privee-dal-ain\/#primaryimage\"},\"thumbnailUrl\":\"https:\/\/tourtravelandmore.com\/wp-content\/uploads\/2019\/12\/ain4.jpg\",\"datePublished\":\"2019-12-23T11:11:43+00:00\",\"dateModified\":\"2022-01-26T12:55:32+00:00\",\"description\":\"Visite priv\u00e9e pour explorer Al Ain et ses merveilleuses mosqu\u00e9es, son architecture futuriste, ses \u00eeles artificielles \u00e9blouissantes lors de notre visite priv\u00e9e d'Al Ain au d\u00e9part d'Abou Dhabi.\",\"breadcrumb\":{\"@id\":\"https:\/\/tourtravelandmore.com\/fr\/tours\/emirats-arabes-unis-fr\/abu-dhabi-fr\/visite-privee-dal-ain\/#breadcrumb\"},\"inLanguage\":\"fr-FR\",\"potentialAction\":[{\"@type\":\"ReadAction\",\"target\":[\"https:\/\/tourtravelandmore.com\/fr\/tours\/emirats-arabes-unis-fr\/abu-dhabi-fr\/visite-privee-dal-ain\/\"]}]},{\"@type\":\"ImageObject\",\"inLanguage\":\"fr-FR\",\"@id\":\"https:\/\/tourtravelandmore.com\/fr\/tours\/emirats-arabes-unis-fr\/abu-dhabi-fr\/visite-privee-dal-ain\/#primaryimage\",\"url\":\"https:\/\/tourtravelandmore.com\/wp-content\/uploads\/2019\/12\/ain4.jpg\",\"contentUrl\":\"https:\/\/tourtravelandmore.com\/wp-content\/uploads\/2019\/12\/ain4.jpg\",\"width\":3000,\"height\":2000},{\"@type\":\"BreadcrumbList\",\"@id\":\"https:\/\/tourtravelandmore.com\/fr\/tours\/emirats-arabes-unis-fr\/abu-dhabi-fr\/visite-privee-dal-ain\/#breadcrumb\",\"itemListElement\":[{\"@type\":\"ListItem\",\"position\":1,\"name\":\"Home\",\"item\":\"https:\/\/tourtravelandmore.com\/fr\/\"},{\"@type\":\"ListItem\",\"position\":2,\"name\":\"Tours\",\"item\":\"https:\/\/tourtravelandmore.com\/fr\/tours\/\"},{\"@type\":\"ListItem\",\"position\":3,\"name\":\"Visite priv\u00e9e d&rsquo;Al Ain\"}]},{\"@type\":\"WebSite\",\"@id\":\"https:\/\/tourtravelandmore.com\/fr\/#website\",\"url\":\"https:\/\/tourtravelandmore.com\/fr\/\",\"name\":\"Tour Travel And More\",\"description\":\"Private sightseeing tours and luxury transfers in Spain\",\"publisher\":{\"@id\":\"https:\/\/tourtravelandmore.com\/fr\/#organization\"},\"potentialAction\":[{\"@type\":\"SearchAction\",\"target\":{\"@type\":\"EntryPoint\",\"urlTemplate\":\"https:\/\/tourtravelandmore.com\/fr\/?s={search_term_string}\"},\"query-input\":{\"@type\":\"PropertyValueSpecification\",\"valueRequired\":true,\"valueName\":\"search_term_string\"}}],\"inLanguage\":\"fr-FR\"},{\"@type\":\"Organization\",\"@id\":\"https:\/\/tourtravelandmore.com\/fr\/#organization\",\"name\":\"Tour Travel And More\",\"url\":\"https:\/\/tourtravelandmore.com\/fr\/\",\"logo\":{\"@type\":\"ImageObject\",\"inLanguage\":\"fr-FR\",\"@id\":\"https:\/\/tourtravelandmore.com\/fr\/#\/schema\/logo\/image\/\",\"url\":\"https:\/\/tourtravelandmore.com\/wp-content\/uploads\/2022\/12\/cropped-logo-cabecera-new.png\",\"contentUrl\":\"https:\/\/tourtravelandmore.com\/wp-content\/uploads\/2022\/12\/cropped-logo-cabecera-new.png\",\"width\":430,\"height\":61,\"caption\":\"Tour Travel And More\"},\"image\":{\"@id\":\"https:\/\/tourtravelandmore.com\/fr\/#\/schema\/logo\/image\/\"},\"sameAs\":[\"https:\/\/www.facebook.com\/tourtravelandmore\/\",\"https:\/\/x.com\/TourTravel_More\"]}]}<\/script>\n<!-- \/ Yoast SEO Premium plugin. -->","yoast_head_json":{"title":"Visite priv\u00e9e d'une journ\u00e9e compl\u00e8te d'AL AIN au d\u00e9part d'Abou Dhabi - Visite priv\u00e9e d'Al Ain","description":"Visite priv\u00e9e pour explorer Al Ain et ses merveilleuses mosqu\u00e9es, son architecture futuriste, ses \u00eeles artificielles \u00e9blouissantes lors de notre visite priv\u00e9e d'Al Ain au d\u00e9part d'Abou Dhabi.","robots":{"index":"index","follow":"follow","max-snippet":"max-snippet:-1","max-image-preview":"max-image-preview:large","max-video-preview":"max-video-preview:-1"},"canonical":"https:\/\/tourtravelandmore.com\/fr\/tours\/emirats-arabes-unis-fr\/abu-dhabi-fr\/visite-privee-dal-ain\/","og_locale":"fr_FR","og_type":"article","og_title":"Visite priv\u00e9e d'Al Ain","og_description":"Visite priv\u00e9e pour explorer Al Ain et ses merveilleuses mosqu\u00e9es, son architecture futuriste, ses \u00eeles artificielles \u00e9blouissantes lors de notre visite priv\u00e9e d'Al Ain au d\u00e9part d'Abou Dhabi.","og_url":"https:\/\/tourtravelandmore.com\/fr\/tours\/emirats-arabes-unis-fr\/abu-dhabi-fr\/visite-privee-dal-ain\/","og_site_name":"Tour Travel And More","article_publisher":"https:\/\/www.facebook.com\/tourtravelandmore\/","article_modified_time":"2022-01-26T12:55:32+00:00","og_image":[{"width":1024,"height":683,"url":"https:\/\/tourtravelandmore.com\/wp-content\/uploads\/2019\/12\/ain4-1024x683.jpg","type":"image\/jpeg"}],"twitter_card":"summary_large_image","twitter_site":"@TourTravel_More","twitter_misc":{"Dur\u00e9e de lecture estim\u00e9e":"2 minutes"},"schema":{"@context":"https:\/\/schema.org","@graph":[{"@type":"WebPage","@id":"https:\/\/tourtravelandmore.com\/fr\/tours\/emirats-arabes-unis-fr\/abu-dhabi-fr\/visite-privee-dal-ain\/","url":"https:\/\/tourtravelandmore.com\/fr\/tours\/emirats-arabes-unis-fr\/abu-dhabi-fr\/visite-privee-dal-ain\/","name":"Visite priv\u00e9e d'une journ\u00e9e compl\u00e8te d'AL AIN au d\u00e9part d'Abou Dhabi - Visite priv\u00e9e d'Al Ain","isPartOf":{"@id":"https:\/\/tourtravelandmore.com\/fr\/#website"},"primaryImageOfPage":{"@id":"https:\/\/tourtravelandmore.com\/fr\/tours\/emirats-arabes-unis-fr\/abu-dhabi-fr\/visite-privee-dal-ain\/#primaryimage"},"image":{"@id":"https:\/\/tourtravelandmore.com\/fr\/tours\/emirats-arabes-unis-fr\/abu-dhabi-fr\/visite-privee-dal-ain\/#primaryimage"},"thumbnailUrl":"https:\/\/tourtravelandmore.com\/wp-content\/uploads\/2019\/12\/ain4.jpg","datePublished":"2019-12-23T11:11:43+00:00","dateModified":"2022-01-26T12:55:32+00:00","description":"Visite priv\u00e9e pour explorer Al Ain et ses merveilleuses mosqu\u00e9es, son architecture futuriste, ses \u00eeles artificielles \u00e9blouissantes lors de notre visite priv\u00e9e d'Al Ain au d\u00e9part d'Abou Dhabi.","breadcrumb":{"@id":"https:\/\/tourtravelandmore.com\/fr\/tours\/emirats-arabes-unis-fr\/abu-dhabi-fr\/visite-privee-dal-ain\/#breadcrumb"},"inLanguage":"fr-FR","potentialAction":[{"@type":"ReadAction","target":["https:\/\/tourtravelandmore.com\/fr\/tours\/emirats-arabes-unis-fr\/abu-dhabi-fr\/visite-privee-dal-ain\/"]}]},{"@type":"ImageObject","inLanguage":"fr-FR","@id":"https:\/\/tourtravelandmore.com\/fr\/tours\/emirats-arabes-unis-fr\/abu-dhabi-fr\/visite-privee-dal-ain\/#primaryimage","url":"https:\/\/tourtravelandmore.com\/wp-content\/uploads\/2019\/12\/ain4.jpg","contentUrl":"https:\/\/tourtravelandmore.com\/wp-content\/uploads\/2019\/12\/ain4.jpg","width":3000,"height":2000},{"@type":"BreadcrumbList","@id":"https:\/\/tourtravelandmore.com\/fr\/tours\/emirats-arabes-unis-fr\/abu-dhabi-fr\/visite-privee-dal-ain\/#breadcrumb","itemListElement":[{"@type":"ListItem","position":1,"name":"Home","item":"https:\/\/tourtravelandmore.com\/fr\/"},{"@type":"ListItem","position":2,"name":"Tours","item":"https:\/\/tourtravelandmore.com\/fr\/tours\/"},{"@type":"ListItem","position":3,"name":"Visite priv\u00e9e d&rsquo;Al Ain"}]},{"@type":"WebSite","@id":"https:\/\/tourtravelandmore.com\/fr\/#website","url":"https:\/\/tourtravelandmore.com\/fr\/","name":"Tour Travel And More","description":"Private sightseeing tours and luxury transfers in Spain","publisher":{"@id":"https:\/\/tourtravelandmore.com\/fr\/#organization"},"potentialAction":[{"@type":"SearchAction","target":{"@type":"EntryPoint","urlTemplate":"https:\/\/tourtravelandmore.com\/fr\/?s={search_term_string}"},"query-input":{"@type":"PropertyValueSpecification","valueRequired":true,"valueName":"search_term_string"}}],"inLanguage":"fr-FR"},{"@type":"Organization","@id":"https:\/\/tourtravelandmore.com\/fr\/#organization","name":"Tour Travel And More","url":"https:\/\/tourtravelandmore.com\/fr\/","logo":{"@type":"ImageObject","inLanguage":"fr-FR","@id":"https:\/\/tourtravelandmore.com\/fr\/#\/schema\/logo\/image\/","url":"https:\/\/tourtravelandmore.com\/wp-content\/uploads\/2022\/12\/cropped-logo-cabecera-new.png","contentUrl":"https:\/\/tourtravelandmore.com\/wp-content\/uploads\/2022\/12\/cropped-logo-cabecera-new.png","width":430,"height":61,"caption":"Tour Travel And More"},"image":{"@id":"https:\/\/tourtravelandmore.com\/fr\/#\/schema\/logo\/image\/"},"sameAs":["https:\/\/www.facebook.com\/tourtravelandmore\/","https:\/\/x.com\/TourTravel_More"]}]}},"_links":{"self":[{"href":"https:\/\/tourtravelandmore.com\/fr\/wp-json\/wp\/v2\/product\/105332","targetHints":{"allow":["GET"]}}],"collection":[{"href":"https:\/\/tourtravelandmore.com\/fr\/wp-json\/wp\/v2\/product"}],"about":[{"href":"https:\/\/tourtravelandmore.com\/fr\/wp-json\/wp\/v2\/types\/product"}],"replies":[{"embeddable":true,"href":"https:\/\/tourtravelandmore.com\/fr\/wp-json\/wp\/v2\/comments?post=105332"}],"wp:featuredmedia":[{"embeddable":true,"href":"https:\/\/tourtravelandmore.com\/fr\/wp-json\/wp\/v2\/media\/96888"}],"wp:attachment":[{"href":"https:\/\/tourtravelandmore.com\/fr\/wp-json\/wp\/v2\/media?parent=105332"}],"wp:term":[{"taxonomy":"product_brand","embeddable":true,"href":"https:\/\/tourtravelandmore.com\/fr\/wp-json\/wp\/v2\/product_brand?post=105332"},{"taxonomy":"product_cat","embeddable":true,"href":"https:\/\/tourtravelandmore.com\/fr\/wp-json\/wp\/v2\/product_cat?post=105332"},{"taxonomy":"product_tag","embeddable":true,"href":"https:\/\/tourtravelandmore.com\/fr\/wp-json\/wp\/v2\/product_tag?post=105332"}],"curies":[{"name":"wp","href":"https:\/\/api.w.org\/{rel}","templated":true}]}}