{"id":105327,"date":"2019-12-23T11:59:57","date_gmt":"2019-12-23T10:59:57","guid":{"rendered":"https:\/\/tourtravelandmore.com\/tours\/non%20class\u00e9\/transfert-prive-a-abu-dhabi\/"},"modified":"2021-03-24T21:13:52","modified_gmt":"2021-03-24T20:13:52","slug":"transfert-prive-a-abu-dhabi","status":"publish","type":"product","link":"https:\/\/tourtravelandmore.com\/fr\/tours\/emirats-arabes-unis-fr\/abu-dhabi-fr\/transfert-prive-a-abu-dhabi\/","title":{"rendered":"Transfert priv\u00e9 \u00e0 Abu Dhabi"},"content":{"rendered":"<h2>Description:<\/h2>\n<p>Arrivez \u00e0 l&#8217;a\u00e9roport d&#8217;Abu Dhabi et attendez l&#8217;un de nos chauffeurs priv\u00e9s. Nous vous emm\u00e8nerons ensuite dans ce transfert priv\u00e9 \u00e0 Abu Dhabi. Nous vous emm\u00e8nerons \u00e0 l&#8217;endroit de votre choix \u00e0 Abu Dhabi.<\/p>\n<p>Tout d&#8217;abord, apr\u00e8s votre arriv\u00e9e \u00e0 l&#8217;a\u00e9roport, rencontrez l&#8217;un de nos guides touristiques. Nous pouvons organiser tout type de transferts priv\u00e9s pour vous. Cela peut \u00eatre pour les transferts de restaurant, les transferts interurbains et tout type d&#8217;exp\u00e9rience priv\u00e9e pour vous.<\/p>\n<p>Deuxi\u00e8mement, profitez d&#8217;une vue sur la ville avant de regagner votre h\u00f4tel ou lieu de votre choix \u00e0 Abu Dhabi.<\/p>\n<p>Enfin, faites vous d\u00e9poser par notre chauffeur en toute s\u00e9curit\u00e9!<\/p>\n<h2>Sites d&#8217;int\u00e9r\u00eat et monuments<\/h2>\n<p>Abu Dhabi est la capitale des \u00c9mirats arabes unis et la plus grande des sept f\u00e9d\u00e9rations des \u00e9mirats.<\/p>\n<p>Des plages immacul\u00e9es, un soleil toute l&#8217;ann\u00e9e, de magnifiques dunes de sable et un style de vie cosmopolite palpitant attendent chaque invit\u00e9 \u00e0 Abu Dhabi.<\/p>\n<p>Cet \u00e9mirat est connu pour ses mosqu\u00e9es majestueuses avec ses minarets imposants, ses infrastructures de classe mondiale, ses \u00eeles artificielles, ses h\u00f4tels luxueux, ses centres commerciaux ressemblant \u00e0 des palais, ses th\u00e9\u00e2tres et certains des mus\u00e9es les plus c\u00e9l\u00e8bres du monde.<\/p>\n<p>Une ville o\u00f9 la tradition islamique rencontre le style de vie moderne. Une excellente destination \u00e0 la fois pour le voyageur exp\u00e9riment\u00e9 et novice.<\/p>\n<p>Commencez votre grande exp\u00e9rience \u00e0 Abu Dhabi avec notre transfert priv\u00e9 \u00e0 Abu Dhabi. Contactez nos experts en voyages chez Tour Travel &amp; More pour cr\u00e9er une exp\u00e9rience unique pour vous.<\/p>\n<p>D\u00e9couvrez nos visites priv\u00e9es que les exp\u00e9riences que nous proposons ici.<\/p>\n","protected":false},"excerpt":{"rendered":"<p>Profitez de nos transferts priv\u00e9s d&#8217;arriv\u00e9e ou de d\u00e9part \u00e0 Abu Dhabi. Proposition personnalis\u00e9e avec des v\u00e9hicules de luxe ou standard et des chauffeurs professionnels.<\/p>\n","protected":false},"featured_media":95809,"comment_status":"open","ping_status":"closed","template":"","meta":{"_acf_changed":false},"product_brand":[],"product_cat":[3733,3806],"product_tag":[],"class_list":{"0":"post-105327","1":"product","2":"type-product","3":"status-publish","4":"has-post-thumbnail","6":"product_cat-emirats-arabes-unis-fr","7":"product_cat-abu-dhabi-fr","9":"first","10":"instock","11":"shipping-taxable","12":"purchasable","13":"product-type-simple"},"acf":[],"yoast_head":"<!-- This site is optimized with the Yoast SEO Premium plugin v25.3.1 (Yoast SEO v25.3.1) - https:\/\/yoast.com\/wordpress\/plugins\/seo\/ -->\n<title>Transfert priv\u00e9 a\u00e9roport d&#039;Abu Dhabi - Transfert priv\u00e9 d&#039;Abou Dhabi<\/title>\n<meta name=\"description\" content=\"Moyen confortable d&#039;arriver \u00e0 votre destination finale \u00e0 Abu Dhabi. Transfert priv\u00e9 \u00e0 Abu Dhabi avec chauffeur pour vous emmener rapidement et confortablement \u00e0 votre emplacement\" \/>\n<meta name=\"robots\" content=\"index, follow, max-snippet:-1, max-image-preview:large, max-video-preview:-1\" \/>\n<link rel=\"canonical\" href=\"https:\/\/tourtravelandmore.com\/fr\/tours\/emirats-arabes-unis-fr\/abu-dhabi-fr\/transfert-prive-a-abu-dhabi\/\" \/>\n<meta property=\"og:locale\" content=\"fr_FR\" \/>\n<meta property=\"og:type\" content=\"article\" \/>\n<meta property=\"og:title\" content=\"Transfert priv\u00e9 \u00e0 Abu Dhabi\" \/>\n<meta property=\"og:description\" content=\"Moyen confortable d&#039;arriver \u00e0 votre destination finale \u00e0 Abu Dhabi. Transfert priv\u00e9 \u00e0 Abu Dhabi avec chauffeur pour vous emmener rapidement et confortablement \u00e0 votre emplacement\" \/>\n<meta property=\"og:url\" content=\"https:\/\/tourtravelandmore.com\/fr\/tours\/emirats-arabes-unis-fr\/abu-dhabi-fr\/transfert-prive-a-abu-dhabi\/\" \/>\n<meta property=\"og:site_name\" content=\"Tour Travel And More\" \/>\n<meta property=\"article:publisher\" content=\"https:\/\/www.facebook.com\/tourtravelandmore\/\" \/>\n<meta property=\"article:modified_time\" content=\"2021-03-24T20:13:52+00:00\" \/>\n<meta property=\"og:image\" content=\"https:\/\/tourtravelandmore.com\/wp-content\/uploads\/2016\/11\/TrasladoAlicante-1.png\" \/>\n\t<meta property=\"og:image:width\" content=\"640\" \/>\n\t<meta property=\"og:image:height\" content=\"425\" \/>\n\t<meta property=\"og:image:type\" content=\"image\/png\" \/>\n<meta name=\"twitter:card\" content=\"summary_large_image\" \/>\n<meta name=\"twitter:site\" content=\"@TourTravel_More\" \/>\n<meta name=\"twitter:label1\" content=\"Dur\u00e9e de lecture estim\u00e9e\" \/>\n\t<meta name=\"twitter:data1\" content=\"1 minute\" \/>\n<script type=\"application\/ld+json\" class=\"yoast-schema-graph\">{\"@context\":\"https:\/\/schema.org\",\"@graph\":[{\"@type\":\"WebPage\",\"@id\":\"https:\/\/tourtravelandmore.com\/fr\/tours\/emirats-arabes-unis-fr\/abu-dhabi-fr\/transfert-prive-a-abu-dhabi\/\",\"url\":\"https:\/\/tourtravelandmore.com\/fr\/tours\/emirats-arabes-unis-fr\/abu-dhabi-fr\/transfert-prive-a-abu-dhabi\/\",\"name\":\"Transfert priv\u00e9 a\u00e9roport d'Abu Dhabi - Transfert priv\u00e9 d'Abou Dhabi\",\"isPartOf\":{\"@id\":\"https:\/\/tourtravelandmore.com\/fr\/#website\"},\"primaryImageOfPage\":{\"@id\":\"https:\/\/tourtravelandmore.com\/fr\/tours\/emirats-arabes-unis-fr\/abu-dhabi-fr\/transfert-prive-a-abu-dhabi\/#primaryimage\"},\"image\":{\"@id\":\"https:\/\/tourtravelandmore.com\/fr\/tours\/emirats-arabes-unis-fr\/abu-dhabi-fr\/transfert-prive-a-abu-dhabi\/#primaryimage\"},\"thumbnailUrl\":\"https:\/\/tourtravelandmore.com\/wp-content\/uploads\/2016\/11\/TrasladoAlicante-1.png\",\"datePublished\":\"2019-12-23T10:59:57+00:00\",\"dateModified\":\"2021-03-24T20:13:52+00:00\",\"description\":\"Moyen confortable d'arriver \u00e0 votre destination finale \u00e0 Abu Dhabi. Transfert priv\u00e9 \u00e0 Abu Dhabi avec chauffeur pour vous emmener rapidement et confortablement \u00e0 votre emplacement\",\"breadcrumb\":{\"@id\":\"https:\/\/tourtravelandmore.com\/fr\/tours\/emirats-arabes-unis-fr\/abu-dhabi-fr\/transfert-prive-a-abu-dhabi\/#breadcrumb\"},\"inLanguage\":\"fr-FR\",\"potentialAction\":[{\"@type\":\"ReadAction\",\"target\":[\"https:\/\/tourtravelandmore.com\/fr\/tours\/emirats-arabes-unis-fr\/abu-dhabi-fr\/transfert-prive-a-abu-dhabi\/\"]}]},{\"@type\":\"ImageObject\",\"inLanguage\":\"fr-FR\",\"@id\":\"https:\/\/tourtravelandmore.com\/fr\/tours\/emirats-arabes-unis-fr\/abu-dhabi-fr\/transfert-prive-a-abu-dhabi\/#primaryimage\",\"url\":\"https:\/\/tourtravelandmore.com\/wp-content\/uploads\/2016\/11\/TrasladoAlicante-1.png\",\"contentUrl\":\"https:\/\/tourtravelandmore.com\/wp-content\/uploads\/2016\/11\/TrasladoAlicante-1.png\",\"width\":640,\"height\":425},{\"@type\":\"BreadcrumbList\",\"@id\":\"https:\/\/tourtravelandmore.com\/fr\/tours\/emirats-arabes-unis-fr\/abu-dhabi-fr\/transfert-prive-a-abu-dhabi\/#breadcrumb\",\"itemListElement\":[{\"@type\":\"ListItem\",\"position\":1,\"name\":\"Home\",\"item\":\"https:\/\/tourtravelandmore.com\/fr\/\"},{\"@type\":\"ListItem\",\"position\":2,\"name\":\"Tours\",\"item\":\"https:\/\/tourtravelandmore.com\/fr\/tours\/\"},{\"@type\":\"ListItem\",\"position\":3,\"name\":\"Transfert priv\u00e9 \u00e0 Abu Dhabi\"}]},{\"@type\":\"WebSite\",\"@id\":\"https:\/\/tourtravelandmore.com\/fr\/#website\",\"url\":\"https:\/\/tourtravelandmore.com\/fr\/\",\"name\":\"Tour Travel And More\",\"description\":\"Private sightseeing tours and luxury transfers in Spain\",\"publisher\":{\"@id\":\"https:\/\/tourtravelandmore.com\/fr\/#organization\"},\"potentialAction\":[{\"@type\":\"SearchAction\",\"target\":{\"@type\":\"EntryPoint\",\"urlTemplate\":\"https:\/\/tourtravelandmore.com\/fr\/?s={search_term_string}\"},\"query-input\":{\"@type\":\"PropertyValueSpecification\",\"valueRequired\":true,\"valueName\":\"search_term_string\"}}],\"inLanguage\":\"fr-FR\"},{\"@type\":\"Organization\",\"@id\":\"https:\/\/tourtravelandmore.com\/fr\/#organization\",\"name\":\"Tour Travel And More\",\"url\":\"https:\/\/tourtravelandmore.com\/fr\/\",\"logo\":{\"@type\":\"ImageObject\",\"inLanguage\":\"fr-FR\",\"@id\":\"https:\/\/tourtravelandmore.com\/fr\/#\/schema\/logo\/image\/\",\"url\":\"https:\/\/tourtravelandmore.com\/wp-content\/uploads\/2022\/12\/cropped-logo-cabecera-new.png\",\"contentUrl\":\"https:\/\/tourtravelandmore.com\/wp-content\/uploads\/2022\/12\/cropped-logo-cabecera-new.png\",\"width\":430,\"height\":61,\"caption\":\"Tour Travel And More\"},\"image\":{\"@id\":\"https:\/\/tourtravelandmore.com\/fr\/#\/schema\/logo\/image\/\"},\"sameAs\":[\"https:\/\/www.facebook.com\/tourtravelandmore\/\",\"https:\/\/x.com\/TourTravel_More\"]}]}<\/script>\n<!-- \/ Yoast SEO Premium plugin. -->","yoast_head_json":{"title":"Transfert priv\u00e9 a\u00e9roport d'Abu Dhabi - Transfert priv\u00e9 d'Abou Dhabi","description":"Moyen confortable d'arriver \u00e0 votre destination finale \u00e0 Abu Dhabi. Transfert priv\u00e9 \u00e0 Abu Dhabi avec chauffeur pour vous emmener rapidement et confortablement \u00e0 votre emplacement","robots":{"index":"index","follow":"follow","max-snippet":"max-snippet:-1","max-image-preview":"max-image-preview:large","max-video-preview":"max-video-preview:-1"},"canonical":"https:\/\/tourtravelandmore.com\/fr\/tours\/emirats-arabes-unis-fr\/abu-dhabi-fr\/transfert-prive-a-abu-dhabi\/","og_locale":"fr_FR","og_type":"article","og_title":"Transfert priv\u00e9 \u00e0 Abu Dhabi","og_description":"Moyen confortable d'arriver \u00e0 votre destination finale \u00e0 Abu Dhabi. Transfert priv\u00e9 \u00e0 Abu Dhabi avec chauffeur pour vous emmener rapidement et confortablement \u00e0 votre emplacement","og_url":"https:\/\/tourtravelandmore.com\/fr\/tours\/emirats-arabes-unis-fr\/abu-dhabi-fr\/transfert-prive-a-abu-dhabi\/","og_site_name":"Tour Travel And More","article_publisher":"https:\/\/www.facebook.com\/tourtravelandmore\/","article_modified_time":"2021-03-24T20:13:52+00:00","og_image":[{"width":640,"height":425,"url":"https:\/\/tourtravelandmore.com\/wp-content\/uploads\/2016\/11\/TrasladoAlicante-1.png","type":"image\/png"}],"twitter_card":"summary_large_image","twitter_site":"@TourTravel_More","twitter_misc":{"Dur\u00e9e de lecture estim\u00e9e":"1 minute"},"schema":{"@context":"https:\/\/schema.org","@graph":[{"@type":"WebPage","@id":"https:\/\/tourtravelandmore.com\/fr\/tours\/emirats-arabes-unis-fr\/abu-dhabi-fr\/transfert-prive-a-abu-dhabi\/","url":"https:\/\/tourtravelandmore.com\/fr\/tours\/emirats-arabes-unis-fr\/abu-dhabi-fr\/transfert-prive-a-abu-dhabi\/","name":"Transfert priv\u00e9 a\u00e9roport d'Abu Dhabi - Transfert priv\u00e9 d'Abou Dhabi","isPartOf":{"@id":"https:\/\/tourtravelandmore.com\/fr\/#website"},"primaryImageOfPage":{"@id":"https:\/\/tourtravelandmore.com\/fr\/tours\/emirats-arabes-unis-fr\/abu-dhabi-fr\/transfert-prive-a-abu-dhabi\/#primaryimage"},"image":{"@id":"https:\/\/tourtravelandmore.com\/fr\/tours\/emirats-arabes-unis-fr\/abu-dhabi-fr\/transfert-prive-a-abu-dhabi\/#primaryimage"},"thumbnailUrl":"https:\/\/tourtravelandmore.com\/wp-content\/uploads\/2016\/11\/TrasladoAlicante-1.png","datePublished":"2019-12-23T10:59:57+00:00","dateModified":"2021-03-24T20:13:52+00:00","description":"Moyen confortable d'arriver \u00e0 votre destination finale \u00e0 Abu Dhabi. Transfert priv\u00e9 \u00e0 Abu Dhabi avec chauffeur pour vous emmener rapidement et confortablement \u00e0 votre emplacement","breadcrumb":{"@id":"https:\/\/tourtravelandmore.com\/fr\/tours\/emirats-arabes-unis-fr\/abu-dhabi-fr\/transfert-prive-a-abu-dhabi\/#breadcrumb"},"inLanguage":"fr-FR","potentialAction":[{"@type":"ReadAction","target":["https:\/\/tourtravelandmore.com\/fr\/tours\/emirats-arabes-unis-fr\/abu-dhabi-fr\/transfert-prive-a-abu-dhabi\/"]}]},{"@type":"ImageObject","inLanguage":"fr-FR","@id":"https:\/\/tourtravelandmore.com\/fr\/tours\/emirats-arabes-unis-fr\/abu-dhabi-fr\/transfert-prive-a-abu-dhabi\/#primaryimage","url":"https:\/\/tourtravelandmore.com\/wp-content\/uploads\/2016\/11\/TrasladoAlicante-1.png","contentUrl":"https:\/\/tourtravelandmore.com\/wp-content\/uploads\/2016\/11\/TrasladoAlicante-1.png","width":640,"height":425},{"@type":"BreadcrumbList","@id":"https:\/\/tourtravelandmore.com\/fr\/tours\/emirats-arabes-unis-fr\/abu-dhabi-fr\/transfert-prive-a-abu-dhabi\/#breadcrumb","itemListElement":[{"@type":"ListItem","position":1,"name":"Home","item":"https:\/\/tourtravelandmore.com\/fr\/"},{"@type":"ListItem","position":2,"name":"Tours","item":"https:\/\/tourtravelandmore.com\/fr\/tours\/"},{"@type":"ListItem","position":3,"name":"Transfert priv\u00e9 \u00e0 Abu Dhabi"}]},{"@type":"WebSite","@id":"https:\/\/tourtravelandmore.com\/fr\/#website","url":"https:\/\/tourtravelandmore.com\/fr\/","name":"Tour Travel And More","description":"Private sightseeing tours and luxury transfers in Spain","publisher":{"@id":"https:\/\/tourtravelandmore.com\/fr\/#organization"},"potentialAction":[{"@type":"SearchAction","target":{"@type":"EntryPoint","urlTemplate":"https:\/\/tourtravelandmore.com\/fr\/?s={search_term_string}"},"query-input":{"@type":"PropertyValueSpecification","valueRequired":true,"valueName":"search_term_string"}}],"inLanguage":"fr-FR"},{"@type":"Organization","@id":"https:\/\/tourtravelandmore.com\/fr\/#organization","name":"Tour Travel And More","url":"https:\/\/tourtravelandmore.com\/fr\/","logo":{"@type":"ImageObject","inLanguage":"fr-FR","@id":"https:\/\/tourtravelandmore.com\/fr\/#\/schema\/logo\/image\/","url":"https:\/\/tourtravelandmore.com\/wp-content\/uploads\/2022\/12\/cropped-logo-cabecera-new.png","contentUrl":"https:\/\/tourtravelandmore.com\/wp-content\/uploads\/2022\/12\/cropped-logo-cabecera-new.png","width":430,"height":61,"caption":"Tour Travel And More"},"image":{"@id":"https:\/\/tourtravelandmore.com\/fr\/#\/schema\/logo\/image\/"},"sameAs":["https:\/\/www.facebook.com\/tourtravelandmore\/","https:\/\/x.com\/TourTravel_More"]}]}},"_links":{"self":[{"href":"https:\/\/tourtravelandmore.com\/fr\/wp-json\/wp\/v2\/product\/105327","targetHints":{"allow":["GET"]}}],"collection":[{"href":"https:\/\/tourtravelandmore.com\/fr\/wp-json\/wp\/v2\/product"}],"about":[{"href":"https:\/\/tourtravelandmore.com\/fr\/wp-json\/wp\/v2\/types\/product"}],"replies":[{"embeddable":true,"href":"https:\/\/tourtravelandmore.com\/fr\/wp-json\/wp\/v2\/comments?post=105327"}],"wp:featuredmedia":[{"embeddable":true,"href":"https:\/\/tourtravelandmore.com\/fr\/wp-json\/wp\/v2\/media\/95809"}],"wp:attachment":[{"href":"https:\/\/tourtravelandmore.com\/fr\/wp-json\/wp\/v2\/media?parent=105327"}],"wp:term":[{"taxonomy":"product_brand","embeddable":true,"href":"https:\/\/tourtravelandmore.com\/fr\/wp-json\/wp\/v2\/product_brand?post=105327"},{"taxonomy":"product_cat","embeddable":true,"href":"https:\/\/tourtravelandmore.com\/fr\/wp-json\/wp\/v2\/product_cat?post=105327"},{"taxonomy":"product_tag","embeddable":true,"href":"https:\/\/tourtravelandmore.com\/fr\/wp-json\/wp\/v2\/product_tag?post=105327"}],"curies":[{"name":"wp","href":"https:\/\/api.w.org\/{rel}","templated":true}]}}