{"id":105317,"date":"2019-12-20T12:47:25","date_gmt":"2019-12-20T11:47:25","guid":{"rendered":"https:\/\/tourtravelandmore.com\/tours\/non%20class\u00e9\/visite-privee-dabou-dhabi\/"},"modified":"2021-03-24T21:12:14","modified_gmt":"2021-03-24T20:12:14","slug":"visite-privee-dabou-dhabi","status":"publish","type":"product","link":"https:\/\/tourtravelandmore.com\/fr\/tours\/emirats-arabes-unis-fr\/abu-dhabi-fr\/visite-privee-dabou-dhabi\/","title":{"rendered":"Visite priv\u00e9e d&#8217;Abou Dhabi"},"content":{"rendered":"<h2>Description:<\/h2>\n<p>Profitez de cette visite priv\u00e9e d&#8217;Abou Dhabi avec votre propre chauffeur priv\u00e9 et guide officiel.<\/p>\n<p>Explorez la ville anim\u00e9e d&#8217;Abu Dhabi. Pr\u00e9parez-vous \u00e0 explorer ses merveilleuses mosqu\u00e9es, son architecture futuriste et ses \u00e9blouissantes \u00eeles artificielles et bien plus encore. Nous pouvons organiser pour vous une visite priv\u00e9e d&#8217;une demi-journ\u00e9e ou d&#8217;une journ\u00e9e compl\u00e8te.<\/p>\n<p>Tout d&#8217;abord, nous viendrons vous chercher \u00e0 votre h\u00f4tel ou lieu de votre choix \u00e0 Abu Dhabi.<\/p>\n<p>Profitez des superbes sites de la grande mosqu\u00e9e Sheikh Zayed, des tours Etihad, de l&#8217;Emirates Palace et de nombreux autres sites fantastiques situ\u00e9s \u00e0 proximit\u00e9 d&#8217;Abu Dhabi.<\/p>\n<p>Enfin, faites-nous vous d\u00e9poser \u00e0 votre h\u00f4tel ou lieu de votre choix \u00e0 Abu Dhabi.<\/p>\n<h2>Sites et monuments les plus importants de cette visite priv\u00e9e<\/h2>\n<p>Lors de votre visite priv\u00e9e \u00e0 Abu Dhabi, vous d\u00e9couvrirez certains des sites les plus embl\u00e9matiques d&#8217;Abu Dhabi avec votre expert local.<\/p>\n<p>Une fois que nous avons commenc\u00e9 la visite \u00e0 Abu Dhabi, nous vous proposons de visiter, entre autres sites:<\/p>\n<ul>\n<li>Tout d&#8217;abord profiter; Mosqu\u00e9e Sheikh Zayed<\/li>\n<li>Rev\u00eatue de marbre mac\u00e9donien, la magnifique et absolument gigantesque Grande Mosqu\u00e9e Sheikh Zayed est le b\u00e2timent embl\u00e9matique d&#8217;Abu Dhabi. C&#8217;est de loin l&#8217;attraction touristique la plus connue de la ville. La mosqu\u00e9e fusionne des \u00e9l\u00e9ments de design mamelouke, fatimide et ottoman. Ils sont ici cr\u00e9er une mosqu\u00e9e tout \u00e0 fait moderne et harmonieuse qui honore et c\u00e9l\u00e8bre l&#8217;architecture islamique. Les artisans ont utilis\u00e9 des carreaux de mosa\u00efque, du verre et des sculptures complexes \u00e0 l&#8217;int\u00e9rieur et \u00e0 l&#8217;ext\u00e9rieur pour cr\u00e9er cette magnifique mosqu\u00e9e.<\/li>\n<li>Palais Al- Nahyan<br \/>\nEntrez dans la zone r\u00e9sidentielle de la famille Al &#8211; Nahyan. Profitez de la vue panoramique sur les palais de l&#8217;une des six familles dirigeantes des \u00c9mirats arabes unis.<\/li>\n<li>Apr\u00e8s cela, permet de profiter; Chemin de la Corniche<br \/>\nCette route s&#8217;\u00e9tend sur un impressionnant huit kilom\u00e8tres de front de mer bien entretenu. Il comprend des aires de jeux pour enfants, des pistes cyclables et pi\u00e9tonnes s\u00e9par\u00e9es, des caf\u00e9s et des restaurants, ainsi que la plage de la Corniche &#8211; un parc de plage surveill\u00e9.<br \/>\nEt apr\u00e8s?<\/li>\n<li>Union Square<br \/>\nAussi connu sous le nom de Cannon Square. Vous trouverez d&#8217;innombrables r\u00e9f\u00e9rences de la culture arabe, ainsi que quelques caf\u00e9s et restaurants traditionnels.<\/li>\n<li>Louvre Abu Dhabi<br \/>\nLe mus\u00e9e le plus imposant du Moyen-Orient. Le Louvre Abu Dhabi retrace toute l&#8217;histoire des r\u00e9alisations artistiques de l&#8217;humanit\u00e9, du n\u00e9olithique \u00e0 nos jours.<\/li>\n<li>\u00cele de Yas<br \/>\nL&#8217;une des meilleures destinations h\u00f4teli\u00e8res de luxe d&#8217;Abu Dhabi. Avec des \u00e9tendues de plage de sable parfaites pour passer la journ\u00e9e \u00e0 bronzer.<\/li>\n<li>Monde Ferrari<br \/>\nCe parc \u00e0 th\u00e8me de marque apporte le frisson de la course de Formule 1 \u00e0 Abu Dhabi. C&#8217;est l&#8217;une des principales activit\u00e9s de la ville pour les amateurs de sensations fortes et les familles.<br \/>\nEnfin, admirez l&#8217;Emirates Palace. L&#8217;un des h\u00f4tels 5 \u00e9toiles les plus impressionnants et les plus luxueux d&#8217;Abu Dhabi.<\/li>\n<\/ul>\n<p>Nous pouvons \u00e9ventuellement inclure des billets d&#8217;entr\u00e9e \u00e0 Ferrari World et organiser le transport de retour \u00e0 votre h\u00f4tel apr\u00e8s avoir profit\u00e9 du parc \u00e0 th\u00e8me! Contactez simplement l&#8217;un de nos experts en voyages!<\/p>\n<p>Ne manquez pas nos autres visites priv\u00e9es que nous proposons \u00e0 Abu Dhabi. C&#8217;est une exp\u00e9rience priv\u00e9e unique et formidable!<\/p>\n","protected":false},"excerpt":{"rendered":"<p>Visitez la magnifique mosqu\u00e9e Sheikh Zayed, l&#8217;Emirates Palace et de nombreux autres sites avec un expert local. Vous appr\u00e9cierez cette visite dans votre propre v\u00e9hicule priv\u00e9 avec votre propre chauffeur et guide officiel. Personnalisez votre propre exp\u00e9rience.<\/p>\n","protected":false},"featured_media":96880,"comment_status":"open","ping_status":"closed","template":"","meta":{"_acf_changed":false},"product_brand":[],"product_cat":[3733,3806],"product_tag":[],"class_list":{"0":"post-105317","1":"product","2":"type-product","3":"status-publish","4":"has-post-thumbnail","6":"product_cat-emirats-arabes-unis-fr","7":"product_cat-abu-dhabi-fr","9":"first","10":"instock","11":"shipping-taxable","12":"purchasable","13":"product-type-simple"},"acf":[],"yoast_head":"<!-- This site is optimized with the Yoast SEO Premium plugin v25.3.1 (Yoast SEO v25.3.1) - https:\/\/yoast.com\/wordpress\/plugins\/seo\/ -->\n<title>Visite priv\u00e9e d&#039;une demi-journ\u00e9e ou d&#039;une journ\u00e9e compl\u00e8te d&#039;Abu Dhabi - Visite priv\u00e9e d&#039;Abou Dhabi<\/title>\n<meta name=\"description\" content=\"Visite priv\u00e9e d&#039;Abou Dhabi. Ses merveilleuses mosqu\u00e9es, son architecture futuriste, ses \u00eeles artificielles \u00e9blouissantes et bien plus encore.\" \/>\n<meta name=\"robots\" content=\"index, follow, max-snippet:-1, max-image-preview:large, max-video-preview:-1\" \/>\n<link rel=\"canonical\" href=\"https:\/\/tourtravelandmore.com\/fr\/tours\/emirats-arabes-unis-fr\/abu-dhabi-fr\/visite-privee-dabou-dhabi\/\" \/>\n<meta property=\"og:locale\" content=\"fr_FR\" \/>\n<meta property=\"og:type\" content=\"article\" \/>\n<meta property=\"og:title\" content=\"Visite priv\u00e9e d&#039;Abou Dhabi\" \/>\n<meta property=\"og:description\" content=\"Visite priv\u00e9e d&#039;Abou Dhabi. Ses merveilleuses mosqu\u00e9es, son architecture futuriste, ses \u00eeles artificielles \u00e9blouissantes et bien plus encore.\" \/>\n<meta property=\"og:url\" content=\"https:\/\/tourtravelandmore.com\/fr\/tours\/emirats-arabes-unis-fr\/abu-dhabi-fr\/visite-privee-dabou-dhabi\/\" \/>\n<meta property=\"og:site_name\" content=\"Tour Travel And More\" \/>\n<meta property=\"article:publisher\" content=\"https:\/\/www.facebook.com\/tourtravelandmore\/\" \/>\n<meta property=\"article:modified_time\" content=\"2021-03-24T20:12:14+00:00\" \/>\n<meta property=\"og:image\" content=\"https:\/\/tourtravelandmore.com\/wp-content\/uploads\/2019\/12\/Abu1.jpg\" \/>\n\t<meta property=\"og:image:width\" content=\"1024\" \/>\n\t<meta property=\"og:image:height\" content=\"681\" \/>\n\t<meta property=\"og:image:type\" content=\"image\/jpeg\" \/>\n<meta name=\"twitter:card\" content=\"summary_large_image\" \/>\n<meta name=\"twitter:site\" content=\"@TourTravel_More\" \/>\n<meta name=\"twitter:label1\" content=\"Dur\u00e9e de lecture estim\u00e9e\" \/>\n\t<meta name=\"twitter:data1\" content=\"3 minutes\" \/>\n<script type=\"application\/ld+json\" class=\"yoast-schema-graph\">{\"@context\":\"https:\/\/schema.org\",\"@graph\":[{\"@type\":\"WebPage\",\"@id\":\"https:\/\/tourtravelandmore.com\/fr\/tours\/emirats-arabes-unis-fr\/abu-dhabi-fr\/visite-privee-dabou-dhabi\/\",\"url\":\"https:\/\/tourtravelandmore.com\/fr\/tours\/emirats-arabes-unis-fr\/abu-dhabi-fr\/visite-privee-dabou-dhabi\/\",\"name\":\"Visite priv\u00e9e d'une demi-journ\u00e9e ou d'une journ\u00e9e compl\u00e8te d'Abu Dhabi - Visite priv\u00e9e d'Abou Dhabi\",\"isPartOf\":{\"@id\":\"https:\/\/tourtravelandmore.com\/fr\/#website\"},\"primaryImageOfPage\":{\"@id\":\"https:\/\/tourtravelandmore.com\/fr\/tours\/emirats-arabes-unis-fr\/abu-dhabi-fr\/visite-privee-dabou-dhabi\/#primaryimage\"},\"image\":{\"@id\":\"https:\/\/tourtravelandmore.com\/fr\/tours\/emirats-arabes-unis-fr\/abu-dhabi-fr\/visite-privee-dabou-dhabi\/#primaryimage\"},\"thumbnailUrl\":\"https:\/\/tourtravelandmore.com\/wp-content\/uploads\/2019\/12\/Abu1.jpg\",\"datePublished\":\"2019-12-20T11:47:25+00:00\",\"dateModified\":\"2021-03-24T20:12:14+00:00\",\"description\":\"Visite priv\u00e9e d'Abou Dhabi. Ses merveilleuses mosqu\u00e9es, son architecture futuriste, ses \u00eeles artificielles \u00e9blouissantes et bien plus encore.\",\"breadcrumb\":{\"@id\":\"https:\/\/tourtravelandmore.com\/fr\/tours\/emirats-arabes-unis-fr\/abu-dhabi-fr\/visite-privee-dabou-dhabi\/#breadcrumb\"},\"inLanguage\":\"fr-FR\",\"potentialAction\":[{\"@type\":\"ReadAction\",\"target\":[\"https:\/\/tourtravelandmore.com\/fr\/tours\/emirats-arabes-unis-fr\/abu-dhabi-fr\/visite-privee-dabou-dhabi\/\"]}]},{\"@type\":\"ImageObject\",\"inLanguage\":\"fr-FR\",\"@id\":\"https:\/\/tourtravelandmore.com\/fr\/tours\/emirats-arabes-unis-fr\/abu-dhabi-fr\/visite-privee-dabou-dhabi\/#primaryimage\",\"url\":\"https:\/\/tourtravelandmore.com\/wp-content\/uploads\/2019\/12\/Abu1.jpg\",\"contentUrl\":\"https:\/\/tourtravelandmore.com\/wp-content\/uploads\/2019\/12\/Abu1.jpg\",\"width\":1024,\"height\":681},{\"@type\":\"BreadcrumbList\",\"@id\":\"https:\/\/tourtravelandmore.com\/fr\/tours\/emirats-arabes-unis-fr\/abu-dhabi-fr\/visite-privee-dabou-dhabi\/#breadcrumb\",\"itemListElement\":[{\"@type\":\"ListItem\",\"position\":1,\"name\":\"Home\",\"item\":\"https:\/\/tourtravelandmore.com\/fr\/\"},{\"@type\":\"ListItem\",\"position\":2,\"name\":\"Tours\",\"item\":\"https:\/\/tourtravelandmore.com\/fr\/tours\/\"},{\"@type\":\"ListItem\",\"position\":3,\"name\":\"Visite priv\u00e9e d&rsquo;Abou Dhabi\"}]},{\"@type\":\"WebSite\",\"@id\":\"https:\/\/tourtravelandmore.com\/fr\/#website\",\"url\":\"https:\/\/tourtravelandmore.com\/fr\/\",\"name\":\"Tour Travel And More\",\"description\":\"Private sightseeing tours and luxury transfers in Spain\",\"publisher\":{\"@id\":\"https:\/\/tourtravelandmore.com\/fr\/#organization\"},\"potentialAction\":[{\"@type\":\"SearchAction\",\"target\":{\"@type\":\"EntryPoint\",\"urlTemplate\":\"https:\/\/tourtravelandmore.com\/fr\/?s={search_term_string}\"},\"query-input\":{\"@type\":\"PropertyValueSpecification\",\"valueRequired\":true,\"valueName\":\"search_term_string\"}}],\"inLanguage\":\"fr-FR\"},{\"@type\":\"Organization\",\"@id\":\"https:\/\/tourtravelandmore.com\/fr\/#organization\",\"name\":\"Tour Travel And More\",\"url\":\"https:\/\/tourtravelandmore.com\/fr\/\",\"logo\":{\"@type\":\"ImageObject\",\"inLanguage\":\"fr-FR\",\"@id\":\"https:\/\/tourtravelandmore.com\/fr\/#\/schema\/logo\/image\/\",\"url\":\"https:\/\/tourtravelandmore.com\/wp-content\/uploads\/2022\/12\/cropped-logo-cabecera-new.png\",\"contentUrl\":\"https:\/\/tourtravelandmore.com\/wp-content\/uploads\/2022\/12\/cropped-logo-cabecera-new.png\",\"width\":430,\"height\":61,\"caption\":\"Tour Travel And More\"},\"image\":{\"@id\":\"https:\/\/tourtravelandmore.com\/fr\/#\/schema\/logo\/image\/\"},\"sameAs\":[\"https:\/\/www.facebook.com\/tourtravelandmore\/\",\"https:\/\/x.com\/TourTravel_More\"]}]}<\/script>\n<!-- \/ Yoast SEO Premium plugin. -->","yoast_head_json":{"title":"Visite priv\u00e9e d'une demi-journ\u00e9e ou d'une journ\u00e9e compl\u00e8te d'Abu Dhabi - Visite priv\u00e9e d'Abou Dhabi","description":"Visite priv\u00e9e d'Abou Dhabi. Ses merveilleuses mosqu\u00e9es, son architecture futuriste, ses \u00eeles artificielles \u00e9blouissantes et bien plus encore.","robots":{"index":"index","follow":"follow","max-snippet":"max-snippet:-1","max-image-preview":"max-image-preview:large","max-video-preview":"max-video-preview:-1"},"canonical":"https:\/\/tourtravelandmore.com\/fr\/tours\/emirats-arabes-unis-fr\/abu-dhabi-fr\/visite-privee-dabou-dhabi\/","og_locale":"fr_FR","og_type":"article","og_title":"Visite priv\u00e9e d'Abou Dhabi","og_description":"Visite priv\u00e9e d'Abou Dhabi. Ses merveilleuses mosqu\u00e9es, son architecture futuriste, ses \u00eeles artificielles \u00e9blouissantes et bien plus encore.","og_url":"https:\/\/tourtravelandmore.com\/fr\/tours\/emirats-arabes-unis-fr\/abu-dhabi-fr\/visite-privee-dabou-dhabi\/","og_site_name":"Tour Travel And More","article_publisher":"https:\/\/www.facebook.com\/tourtravelandmore\/","article_modified_time":"2021-03-24T20:12:14+00:00","og_image":[{"width":1024,"height":681,"url":"https:\/\/tourtravelandmore.com\/wp-content\/uploads\/2019\/12\/Abu1.jpg","type":"image\/jpeg"}],"twitter_card":"summary_large_image","twitter_site":"@TourTravel_More","twitter_misc":{"Dur\u00e9e de lecture estim\u00e9e":"3 minutes"},"schema":{"@context":"https:\/\/schema.org","@graph":[{"@type":"WebPage","@id":"https:\/\/tourtravelandmore.com\/fr\/tours\/emirats-arabes-unis-fr\/abu-dhabi-fr\/visite-privee-dabou-dhabi\/","url":"https:\/\/tourtravelandmore.com\/fr\/tours\/emirats-arabes-unis-fr\/abu-dhabi-fr\/visite-privee-dabou-dhabi\/","name":"Visite priv\u00e9e d'une demi-journ\u00e9e ou d'une journ\u00e9e compl\u00e8te d'Abu Dhabi - Visite priv\u00e9e d'Abou Dhabi","isPartOf":{"@id":"https:\/\/tourtravelandmore.com\/fr\/#website"},"primaryImageOfPage":{"@id":"https:\/\/tourtravelandmore.com\/fr\/tours\/emirats-arabes-unis-fr\/abu-dhabi-fr\/visite-privee-dabou-dhabi\/#primaryimage"},"image":{"@id":"https:\/\/tourtravelandmore.com\/fr\/tours\/emirats-arabes-unis-fr\/abu-dhabi-fr\/visite-privee-dabou-dhabi\/#primaryimage"},"thumbnailUrl":"https:\/\/tourtravelandmore.com\/wp-content\/uploads\/2019\/12\/Abu1.jpg","datePublished":"2019-12-20T11:47:25+00:00","dateModified":"2021-03-24T20:12:14+00:00","description":"Visite priv\u00e9e d'Abou Dhabi. Ses merveilleuses mosqu\u00e9es, son architecture futuriste, ses \u00eeles artificielles \u00e9blouissantes et bien plus encore.","breadcrumb":{"@id":"https:\/\/tourtravelandmore.com\/fr\/tours\/emirats-arabes-unis-fr\/abu-dhabi-fr\/visite-privee-dabou-dhabi\/#breadcrumb"},"inLanguage":"fr-FR","potentialAction":[{"@type":"ReadAction","target":["https:\/\/tourtravelandmore.com\/fr\/tours\/emirats-arabes-unis-fr\/abu-dhabi-fr\/visite-privee-dabou-dhabi\/"]}]},{"@type":"ImageObject","inLanguage":"fr-FR","@id":"https:\/\/tourtravelandmore.com\/fr\/tours\/emirats-arabes-unis-fr\/abu-dhabi-fr\/visite-privee-dabou-dhabi\/#primaryimage","url":"https:\/\/tourtravelandmore.com\/wp-content\/uploads\/2019\/12\/Abu1.jpg","contentUrl":"https:\/\/tourtravelandmore.com\/wp-content\/uploads\/2019\/12\/Abu1.jpg","width":1024,"height":681},{"@type":"BreadcrumbList","@id":"https:\/\/tourtravelandmore.com\/fr\/tours\/emirats-arabes-unis-fr\/abu-dhabi-fr\/visite-privee-dabou-dhabi\/#breadcrumb","itemListElement":[{"@type":"ListItem","position":1,"name":"Home","item":"https:\/\/tourtravelandmore.com\/fr\/"},{"@type":"ListItem","position":2,"name":"Tours","item":"https:\/\/tourtravelandmore.com\/fr\/tours\/"},{"@type":"ListItem","position":3,"name":"Visite priv\u00e9e d&rsquo;Abou Dhabi"}]},{"@type":"WebSite","@id":"https:\/\/tourtravelandmore.com\/fr\/#website","url":"https:\/\/tourtravelandmore.com\/fr\/","name":"Tour Travel And More","description":"Private sightseeing tours and luxury transfers in Spain","publisher":{"@id":"https:\/\/tourtravelandmore.com\/fr\/#organization"},"potentialAction":[{"@type":"SearchAction","target":{"@type":"EntryPoint","urlTemplate":"https:\/\/tourtravelandmore.com\/fr\/?s={search_term_string}"},"query-input":{"@type":"PropertyValueSpecification","valueRequired":true,"valueName":"search_term_string"}}],"inLanguage":"fr-FR"},{"@type":"Organization","@id":"https:\/\/tourtravelandmore.com\/fr\/#organization","name":"Tour Travel And More","url":"https:\/\/tourtravelandmore.com\/fr\/","logo":{"@type":"ImageObject","inLanguage":"fr-FR","@id":"https:\/\/tourtravelandmore.com\/fr\/#\/schema\/logo\/image\/","url":"https:\/\/tourtravelandmore.com\/wp-content\/uploads\/2022\/12\/cropped-logo-cabecera-new.png","contentUrl":"https:\/\/tourtravelandmore.com\/wp-content\/uploads\/2022\/12\/cropped-logo-cabecera-new.png","width":430,"height":61,"caption":"Tour Travel And More"},"image":{"@id":"https:\/\/tourtravelandmore.com\/fr\/#\/schema\/logo\/image\/"},"sameAs":["https:\/\/www.facebook.com\/tourtravelandmore\/","https:\/\/x.com\/TourTravel_More"]}]}},"_links":{"self":[{"href":"https:\/\/tourtravelandmore.com\/fr\/wp-json\/wp\/v2\/product\/105317","targetHints":{"allow":["GET"]}}],"collection":[{"href":"https:\/\/tourtravelandmore.com\/fr\/wp-json\/wp\/v2\/product"}],"about":[{"href":"https:\/\/tourtravelandmore.com\/fr\/wp-json\/wp\/v2\/types\/product"}],"replies":[{"embeddable":true,"href":"https:\/\/tourtravelandmore.com\/fr\/wp-json\/wp\/v2\/comments?post=105317"}],"wp:featuredmedia":[{"embeddable":true,"href":"https:\/\/tourtravelandmore.com\/fr\/wp-json\/wp\/v2\/media\/96880"}],"wp:attachment":[{"href":"https:\/\/tourtravelandmore.com\/fr\/wp-json\/wp\/v2\/media?parent=105317"}],"wp:term":[{"taxonomy":"product_brand","embeddable":true,"href":"https:\/\/tourtravelandmore.com\/fr\/wp-json\/wp\/v2\/product_brand?post=105317"},{"taxonomy":"product_cat","embeddable":true,"href":"https:\/\/tourtravelandmore.com\/fr\/wp-json\/wp\/v2\/product_cat?post=105317"},{"taxonomy":"product_tag","embeddable":true,"href":"https:\/\/tourtravelandmore.com\/fr\/wp-json\/wp\/v2\/product_tag?post=105317"}],"curies":[{"name":"wp","href":"https:\/\/api.w.org\/{rel}","templated":true}]}}