{"id":105305,"date":"2020-10-28T11:19:55","date_gmt":"2020-10-28T10:19:55","guid":{"rendered":"https:\/\/tourtravelandmore.com\/tours\/non%20class\u00e9\/visite-privee-a-portland-au-depart-de-seattle\/"},"modified":"2021-03-24T20:53:32","modified_gmt":"2021-03-24T19:53:32","slug":"visite-privee-a-portland-au-depart-de-seattle","status":"publish","type":"product","link":"https:\/\/tourtravelandmore.com\/fr\/tours\/etats-unis-fr\/seattle-fr\/visite-privee-a-portland-au-depart-de-seattle\/","title":{"rendered":"Visite priv\u00e9e \u00e0 Portland au d\u00e9part de Seattle"},"content":{"rendered":"<h2>Description:<\/h2>\n<p>Que diriez-vous de vous \u00e9chapper de la ville de Seattle pendant une journ\u00e9e et de visiter une autre ville am\u00e9ricaine incroyable?. Nous savons que vous aimeriez l&#8217;id\u00e9e!, Alors rejoignez-nous pour cette visite priv\u00e9e \u00e0 Portland au d\u00e9part de Seattle. Vous profiterez d&#8217;un incroyable voyage de 3 heures jusqu&#8217;\u00e0 la plus grande ville de l&#8217;Oregon avec un chauffeur priv\u00e9 \u00e0 bord d&#8217;un v\u00e9hicule de luxe.<\/p>\n<p>Une fois \u00e0 Portland, vous rencontrerez votre guide officiel priv\u00e9 pour une visite guid\u00e9e de 3 heures. Votre guide vous r\u00e9v\u00e9lera tous les secrets de cette ville unique et vous montrera les lieux et monuments les plus importants.<\/p>\n<p>Portland, se trouve sur les rivi\u00e8res Columbia et Willamette. Cette ville est tr\u00e8s connue pour ses incroyables parcs, ponts, caf\u00e9s et microbrasseries. Elle est \u00e9galement consid\u00e9r\u00e9e comme l&#8217;une des villes les plus \u00e9cologiques des \u00c9tats-Unis.<\/p>\n<p>Tour Travel &amp; More planifiera la meilleure visite priv\u00e9e \u00e0 Portland au d\u00e9part de Seattle rien que pour vous. Nous avons une \u00e9quipe professionnelle et bilingue qui se fera un plaisir de vous aider \u00e0 organiser votre meilleure exp\u00e9rience. Vous n&#8217;avez qu&#8217;\u00e0 nous contacter, qu&#8217;attendez-vous?.<\/p>\n<h2>Sites d&#8217;int\u00e9r\u00eat et monuments<\/h2>\n<p>Tout d&#8217;abord, notre chauffeur priv\u00e9 vous attendra au point de prise en charge souhait\u00e9. Que ce soit \u00e0 votre h\u00f4tel ou au lieu de votre choix, nous attendons de vous que vous commenciez cette visite priv\u00e9e. Comme nous l&#8217;avons d\u00e9j\u00e0 mentionn\u00e9, le voyage dure environ 3 heures et le m\u00eame retour. Pendant votre trajet vers Portland, vous admirerez les magnifiques paysages qui caract\u00e9risent cette zone.<\/p>\n<p>Une fois \u00e0 Portland, votre guide officiel priv\u00e9 vous attendra pour commencer la visite. Lors de cette visite priv\u00e9e de Portland, vous pourrez admirer les endroits les plus incroyables tels que:<\/p>\n<ul>\n<li>Jardin japonais: l&#8217;un des incontournables de cette visite priv\u00e9e<\/li>\n<li>Zoo de l&#8217;Oregon<\/li>\n<li>Mus\u00e9e des sciences et de l&#8217;industrie de l&#8217;Oregon<\/li>\n<li>Quartier de la Perle<\/li>\n<li>Parc forestier<\/li>\n<li>&#8220;La grotte&#8221;<\/li>\n<li>Parc d&#8217;attractions Oaks<\/li>\n<li>T\u00e9l\u00e9ph\u00e9rique de Portland<\/li>\n<li>Mus\u00e9e d&#8217;art de Portland<\/li>\n<li>Manoir Pittock<\/li>\n<li>Jardin des roses<\/li>\n<li>et bien plus!<\/li>\n<\/ul>\n<p>Si vous souhaitez visiter un monument ou un mus\u00e9e de l&#8217;int\u00e9rieur, il vous suffit de nous le dire. Nous organiserons une entr\u00e9e coupe-file pour vous, afin que vous n&#8217;ayez \u00e0 vous soucier de rien!.<\/p>\n<p>Enfin, \u00e0 la fin de la visite guid\u00e9e, votre chauffeur priv\u00e9 vous ram\u00e8nera \u00e0 Seattle.<\/p>\n<p>Une autre option d&#8217;une excursion d&#8217;une journ\u00e9e compl\u00e8te pourrait \u00eatre notre visite priv\u00e9e \u00e0 Snoqualmie Falls et Seattle, jetez un coup d&#8217;\u0153il!.<\/p>\n","protected":false},"excerpt":{"rendered":"<p>Prenez une journ\u00e9e de cong\u00e9 de Seattle et rejoignez-nous pour cette visite priv\u00e9e \u00e0 Portland. Visitez la plus grande ville de l&#8217;Oregon aux c\u00f4t\u00e9s d&#8217;un guide priv\u00e9 local qui vous montrera tous les lieux les plus importants de la ville.<\/p>\n","protected":false},"featured_media":98516,"comment_status":"open","ping_status":"closed","template":"","meta":{"_acf_changed":false},"product_brand":[],"product_cat":[3547,3787],"product_tag":[],"class_list":{"0":"post-105305","1":"product","2":"type-product","3":"status-publish","4":"has-post-thumbnail","6":"product_cat-etats-unis-fr","7":"product_cat-seattle-fr","9":"first","10":"instock","11":"shipping-taxable","12":"purchasable","13":"product-type-simple"},"acf":[],"yoast_head":"<!-- This site is optimized with the Yoast SEO Premium plugin v25.3.1 (Yoast SEO v25.3.1) - https:\/\/yoast.com\/wordpress\/plugins\/seo\/ -->\n<title>Visite priv\u00e9e \u00e0 Portland au d\u00e9part de Seattle avec un chauffeur priv\u00e9<\/title>\n<meta name=\"description\" content=\"Venez avec nous lors de cette visite priv\u00e9e \u00e0 Portland au d\u00e9part de Seattle dans un v\u00e9hicule de luxe priv\u00e9 avec chauffeur. Votre guide vous attendra pour vous montrer la ville.\" \/>\n<meta name=\"robots\" content=\"index, follow, max-snippet:-1, max-image-preview:large, max-video-preview:-1\" \/>\n<link rel=\"canonical\" href=\"https:\/\/tourtravelandmore.com\/fr\/tours\/etats-unis-fr\/seattle-fr\/visite-privee-a-portland-au-depart-de-seattle\/\" \/>\n<meta property=\"og:locale\" content=\"fr_FR\" \/>\n<meta property=\"og:type\" content=\"article\" \/>\n<meta property=\"og:title\" content=\"Visite priv\u00e9e \u00e0 Portland au d\u00e9part de Seattle\" \/>\n<meta property=\"og:description\" content=\"Venez avec nous lors de cette visite priv\u00e9e \u00e0 Portland au d\u00e9part de Seattle dans un v\u00e9hicule de luxe priv\u00e9 avec chauffeur. Votre guide vous attendra pour vous montrer la ville.\" \/>\n<meta property=\"og:url\" content=\"https:\/\/tourtravelandmore.com\/fr\/tours\/etats-unis-fr\/seattle-fr\/visite-privee-a-portland-au-depart-de-seattle\/\" \/>\n<meta property=\"og:site_name\" content=\"Tour Travel And More\" \/>\n<meta property=\"article:publisher\" content=\"https:\/\/www.facebook.com\/tourtravelandmore\/\" \/>\n<meta property=\"article:modified_time\" content=\"2021-03-24T19:53:32+00:00\" \/>\n<meta property=\"og:image\" content=\"https:\/\/tourtravelandmore.com\/wp-content\/uploads\/2020\/10\/portland-4.jpg\" \/>\n\t<meta property=\"og:image:width\" content=\"910\" \/>\n\t<meta property=\"og:image:height\" content=\"607\" \/>\n\t<meta property=\"og:image:type\" content=\"image\/jpeg\" \/>\n<meta name=\"twitter:card\" content=\"summary_large_image\" \/>\n<meta name=\"twitter:site\" content=\"@TourTravel_More\" \/>\n<meta name=\"twitter:label1\" content=\"Dur\u00e9e de lecture estim\u00e9e\" \/>\n\t<meta name=\"twitter:data1\" content=\"2 minutes\" \/>\n<script type=\"application\/ld+json\" class=\"yoast-schema-graph\">{\"@context\":\"https:\/\/schema.org\",\"@graph\":[{\"@type\":\"WebPage\",\"@id\":\"https:\/\/tourtravelandmore.com\/fr\/tours\/etats-unis-fr\/seattle-fr\/visite-privee-a-portland-au-depart-de-seattle\/\",\"url\":\"https:\/\/tourtravelandmore.com\/fr\/tours\/etats-unis-fr\/seattle-fr\/visite-privee-a-portland-au-depart-de-seattle\/\",\"name\":\"Visite priv\u00e9e \u00e0 Portland au d\u00e9part de Seattle avec un chauffeur priv\u00e9\",\"isPartOf\":{\"@id\":\"https:\/\/tourtravelandmore.com\/fr\/#website\"},\"primaryImageOfPage\":{\"@id\":\"https:\/\/tourtravelandmore.com\/fr\/tours\/etats-unis-fr\/seattle-fr\/visite-privee-a-portland-au-depart-de-seattle\/#primaryimage\"},\"image\":{\"@id\":\"https:\/\/tourtravelandmore.com\/fr\/tours\/etats-unis-fr\/seattle-fr\/visite-privee-a-portland-au-depart-de-seattle\/#primaryimage\"},\"thumbnailUrl\":\"https:\/\/tourtravelandmore.com\/wp-content\/uploads\/2020\/10\/portland-4.jpg\",\"datePublished\":\"2020-10-28T10:19:55+00:00\",\"dateModified\":\"2021-03-24T19:53:32+00:00\",\"description\":\"Venez avec nous lors de cette visite priv\u00e9e \u00e0 Portland au d\u00e9part de Seattle dans un v\u00e9hicule de luxe priv\u00e9 avec chauffeur. Votre guide vous attendra pour vous montrer la ville.\",\"breadcrumb\":{\"@id\":\"https:\/\/tourtravelandmore.com\/fr\/tours\/etats-unis-fr\/seattle-fr\/visite-privee-a-portland-au-depart-de-seattle\/#breadcrumb\"},\"inLanguage\":\"fr-FR\",\"potentialAction\":[{\"@type\":\"ReadAction\",\"target\":[\"https:\/\/tourtravelandmore.com\/fr\/tours\/etats-unis-fr\/seattle-fr\/visite-privee-a-portland-au-depart-de-seattle\/\"]}]},{\"@type\":\"ImageObject\",\"inLanguage\":\"fr-FR\",\"@id\":\"https:\/\/tourtravelandmore.com\/fr\/tours\/etats-unis-fr\/seattle-fr\/visite-privee-a-portland-au-depart-de-seattle\/#primaryimage\",\"url\":\"https:\/\/tourtravelandmore.com\/wp-content\/uploads\/2020\/10\/portland-4.jpg\",\"contentUrl\":\"https:\/\/tourtravelandmore.com\/wp-content\/uploads\/2020\/10\/portland-4.jpg\",\"width\":910,\"height\":607},{\"@type\":\"BreadcrumbList\",\"@id\":\"https:\/\/tourtravelandmore.com\/fr\/tours\/etats-unis-fr\/seattle-fr\/visite-privee-a-portland-au-depart-de-seattle\/#breadcrumb\",\"itemListElement\":[{\"@type\":\"ListItem\",\"position\":1,\"name\":\"Home\",\"item\":\"https:\/\/tourtravelandmore.com\/fr\/\"},{\"@type\":\"ListItem\",\"position\":2,\"name\":\"Tours\",\"item\":\"https:\/\/tourtravelandmore.com\/fr\/tours\/\"},{\"@type\":\"ListItem\",\"position\":3,\"name\":\"Visite priv\u00e9e \u00e0 Portland au d\u00e9part de Seattle\"}]},{\"@type\":\"WebSite\",\"@id\":\"https:\/\/tourtravelandmore.com\/fr\/#website\",\"url\":\"https:\/\/tourtravelandmore.com\/fr\/\",\"name\":\"Tour Travel And More\",\"description\":\"Private sightseeing tours and luxury transfers in Spain\",\"publisher\":{\"@id\":\"https:\/\/tourtravelandmore.com\/fr\/#organization\"},\"potentialAction\":[{\"@type\":\"SearchAction\",\"target\":{\"@type\":\"EntryPoint\",\"urlTemplate\":\"https:\/\/tourtravelandmore.com\/fr\/?s={search_term_string}\"},\"query-input\":{\"@type\":\"PropertyValueSpecification\",\"valueRequired\":true,\"valueName\":\"search_term_string\"}}],\"inLanguage\":\"fr-FR\"},{\"@type\":\"Organization\",\"@id\":\"https:\/\/tourtravelandmore.com\/fr\/#organization\",\"name\":\"Tour Travel And More\",\"url\":\"https:\/\/tourtravelandmore.com\/fr\/\",\"logo\":{\"@type\":\"ImageObject\",\"inLanguage\":\"fr-FR\",\"@id\":\"https:\/\/tourtravelandmore.com\/fr\/#\/schema\/logo\/image\/\",\"url\":\"https:\/\/tourtravelandmore.com\/wp-content\/uploads\/2022\/12\/cropped-logo-cabecera-new.png\",\"contentUrl\":\"https:\/\/tourtravelandmore.com\/wp-content\/uploads\/2022\/12\/cropped-logo-cabecera-new.png\",\"width\":430,\"height\":61,\"caption\":\"Tour Travel And More\"},\"image\":{\"@id\":\"https:\/\/tourtravelandmore.com\/fr\/#\/schema\/logo\/image\/\"},\"sameAs\":[\"https:\/\/www.facebook.com\/tourtravelandmore\/\",\"https:\/\/x.com\/TourTravel_More\"]}]}<\/script>\n<!-- \/ Yoast SEO Premium plugin. -->","yoast_head_json":{"title":"Visite priv\u00e9e \u00e0 Portland au d\u00e9part de Seattle avec un chauffeur priv\u00e9","description":"Venez avec nous lors de cette visite priv\u00e9e \u00e0 Portland au d\u00e9part de Seattle dans un v\u00e9hicule de luxe priv\u00e9 avec chauffeur. Votre guide vous attendra pour vous montrer la ville.","robots":{"index":"index","follow":"follow","max-snippet":"max-snippet:-1","max-image-preview":"max-image-preview:large","max-video-preview":"max-video-preview:-1"},"canonical":"https:\/\/tourtravelandmore.com\/fr\/tours\/etats-unis-fr\/seattle-fr\/visite-privee-a-portland-au-depart-de-seattle\/","og_locale":"fr_FR","og_type":"article","og_title":"Visite priv\u00e9e \u00e0 Portland au d\u00e9part de Seattle","og_description":"Venez avec nous lors de cette visite priv\u00e9e \u00e0 Portland au d\u00e9part de Seattle dans un v\u00e9hicule de luxe priv\u00e9 avec chauffeur. Votre guide vous attendra pour vous montrer la ville.","og_url":"https:\/\/tourtravelandmore.com\/fr\/tours\/etats-unis-fr\/seattle-fr\/visite-privee-a-portland-au-depart-de-seattle\/","og_site_name":"Tour Travel And More","article_publisher":"https:\/\/www.facebook.com\/tourtravelandmore\/","article_modified_time":"2021-03-24T19:53:32+00:00","og_image":[{"width":910,"height":607,"url":"https:\/\/tourtravelandmore.com\/wp-content\/uploads\/2020\/10\/portland-4.jpg","type":"image\/jpeg"}],"twitter_card":"summary_large_image","twitter_site":"@TourTravel_More","twitter_misc":{"Dur\u00e9e de lecture estim\u00e9e":"2 minutes"},"schema":{"@context":"https:\/\/schema.org","@graph":[{"@type":"WebPage","@id":"https:\/\/tourtravelandmore.com\/fr\/tours\/etats-unis-fr\/seattle-fr\/visite-privee-a-portland-au-depart-de-seattle\/","url":"https:\/\/tourtravelandmore.com\/fr\/tours\/etats-unis-fr\/seattle-fr\/visite-privee-a-portland-au-depart-de-seattle\/","name":"Visite priv\u00e9e \u00e0 Portland au d\u00e9part de Seattle avec un chauffeur priv\u00e9","isPartOf":{"@id":"https:\/\/tourtravelandmore.com\/fr\/#website"},"primaryImageOfPage":{"@id":"https:\/\/tourtravelandmore.com\/fr\/tours\/etats-unis-fr\/seattle-fr\/visite-privee-a-portland-au-depart-de-seattle\/#primaryimage"},"image":{"@id":"https:\/\/tourtravelandmore.com\/fr\/tours\/etats-unis-fr\/seattle-fr\/visite-privee-a-portland-au-depart-de-seattle\/#primaryimage"},"thumbnailUrl":"https:\/\/tourtravelandmore.com\/wp-content\/uploads\/2020\/10\/portland-4.jpg","datePublished":"2020-10-28T10:19:55+00:00","dateModified":"2021-03-24T19:53:32+00:00","description":"Venez avec nous lors de cette visite priv\u00e9e \u00e0 Portland au d\u00e9part de Seattle dans un v\u00e9hicule de luxe priv\u00e9 avec chauffeur. Votre guide vous attendra pour vous montrer la ville.","breadcrumb":{"@id":"https:\/\/tourtravelandmore.com\/fr\/tours\/etats-unis-fr\/seattle-fr\/visite-privee-a-portland-au-depart-de-seattle\/#breadcrumb"},"inLanguage":"fr-FR","potentialAction":[{"@type":"ReadAction","target":["https:\/\/tourtravelandmore.com\/fr\/tours\/etats-unis-fr\/seattle-fr\/visite-privee-a-portland-au-depart-de-seattle\/"]}]},{"@type":"ImageObject","inLanguage":"fr-FR","@id":"https:\/\/tourtravelandmore.com\/fr\/tours\/etats-unis-fr\/seattle-fr\/visite-privee-a-portland-au-depart-de-seattle\/#primaryimage","url":"https:\/\/tourtravelandmore.com\/wp-content\/uploads\/2020\/10\/portland-4.jpg","contentUrl":"https:\/\/tourtravelandmore.com\/wp-content\/uploads\/2020\/10\/portland-4.jpg","width":910,"height":607},{"@type":"BreadcrumbList","@id":"https:\/\/tourtravelandmore.com\/fr\/tours\/etats-unis-fr\/seattle-fr\/visite-privee-a-portland-au-depart-de-seattle\/#breadcrumb","itemListElement":[{"@type":"ListItem","position":1,"name":"Home","item":"https:\/\/tourtravelandmore.com\/fr\/"},{"@type":"ListItem","position":2,"name":"Tours","item":"https:\/\/tourtravelandmore.com\/fr\/tours\/"},{"@type":"ListItem","position":3,"name":"Visite priv\u00e9e \u00e0 Portland au d\u00e9part de Seattle"}]},{"@type":"WebSite","@id":"https:\/\/tourtravelandmore.com\/fr\/#website","url":"https:\/\/tourtravelandmore.com\/fr\/","name":"Tour Travel And More","description":"Private sightseeing tours and luxury transfers in Spain","publisher":{"@id":"https:\/\/tourtravelandmore.com\/fr\/#organization"},"potentialAction":[{"@type":"SearchAction","target":{"@type":"EntryPoint","urlTemplate":"https:\/\/tourtravelandmore.com\/fr\/?s={search_term_string}"},"query-input":{"@type":"PropertyValueSpecification","valueRequired":true,"valueName":"search_term_string"}}],"inLanguage":"fr-FR"},{"@type":"Organization","@id":"https:\/\/tourtravelandmore.com\/fr\/#organization","name":"Tour Travel And More","url":"https:\/\/tourtravelandmore.com\/fr\/","logo":{"@type":"ImageObject","inLanguage":"fr-FR","@id":"https:\/\/tourtravelandmore.com\/fr\/#\/schema\/logo\/image\/","url":"https:\/\/tourtravelandmore.com\/wp-content\/uploads\/2022\/12\/cropped-logo-cabecera-new.png","contentUrl":"https:\/\/tourtravelandmore.com\/wp-content\/uploads\/2022\/12\/cropped-logo-cabecera-new.png","width":430,"height":61,"caption":"Tour Travel And More"},"image":{"@id":"https:\/\/tourtravelandmore.com\/fr\/#\/schema\/logo\/image\/"},"sameAs":["https:\/\/www.facebook.com\/tourtravelandmore\/","https:\/\/x.com\/TourTravel_More"]}]}},"_links":{"self":[{"href":"https:\/\/tourtravelandmore.com\/fr\/wp-json\/wp\/v2\/product\/105305","targetHints":{"allow":["GET"]}}],"collection":[{"href":"https:\/\/tourtravelandmore.com\/fr\/wp-json\/wp\/v2\/product"}],"about":[{"href":"https:\/\/tourtravelandmore.com\/fr\/wp-json\/wp\/v2\/types\/product"}],"replies":[{"embeddable":true,"href":"https:\/\/tourtravelandmore.com\/fr\/wp-json\/wp\/v2\/comments?post=105305"}],"wp:featuredmedia":[{"embeddable":true,"href":"https:\/\/tourtravelandmore.com\/fr\/wp-json\/wp\/v2\/media\/98516"}],"wp:attachment":[{"href":"https:\/\/tourtravelandmore.com\/fr\/wp-json\/wp\/v2\/media?parent=105305"}],"wp:term":[{"taxonomy":"product_brand","embeddable":true,"href":"https:\/\/tourtravelandmore.com\/fr\/wp-json\/wp\/v2\/product_brand?post=105305"},{"taxonomy":"product_cat","embeddable":true,"href":"https:\/\/tourtravelandmore.com\/fr\/wp-json\/wp\/v2\/product_cat?post=105305"},{"taxonomy":"product_tag","embeddable":true,"href":"https:\/\/tourtravelandmore.com\/fr\/wp-json\/wp\/v2\/product_tag?post=105305"}],"curies":[{"name":"wp","href":"https:\/\/api.w.org\/{rel}","templated":true}]}}