{"id":105293,"date":"2020-10-28T09:42:36","date_gmt":"2020-10-28T08:42:36","guid":{"rendered":"https:\/\/tourtravelandmore.com\/tours\/non%20class\u00e9\/visite-privee-des-chutes-de-snoqualmie-et-seattle\/"},"modified":"2021-03-24T20:51:03","modified_gmt":"2021-03-24T19:51:03","slug":"visite-privee-des-chutes-de-snoqualmie-et-seattle","status":"publish","type":"product","link":"https:\/\/tourtravelandmore.com\/fr\/tours\/etats-unis-fr\/seattle-fr\/visite-privee-des-chutes-de-snoqualmie-et-seattle\/","title":{"rendered":"Visite priv\u00e9e des chutes de Snoqualmie et Seattle"},"content":{"rendered":"<h2>Description:<\/h2>\n<p>Cette visite priv\u00e9e est id\u00e9ale pour non seulement conna\u00eetre Seattle, mais aussi faire une courte excursion hors de la ville jusqu&#8217;aux chutes de Snoqualmie. Cette visite priv\u00e9e des chutes de Snoqualmie et de Seattle est le choix parfait!<\/p>\n<p>Tout d&#8217;abord, cette visite priv\u00e9e d\u00e9butera par une prise en charge priv\u00e9e pour vous. Cette prise en charge priv\u00e9e peut se faire depuis votre h\u00f4tel, votre port de croisi\u00e8re ou le lieu de votre choix. Pour une excursion \u00e0 terre, nous aurions besoin de toutes les informations concernant vos heures d&#8217;accostage.<\/p>\n<p>Apr\u00e8s avoir rencontr\u00e9 votre guide priv\u00e9 et votre chauffeur, nous commencerons cette visite priv\u00e9e des chutes de Snoqualmie et vous d\u00e9couvrirez \u00e9galement Seattle!<\/p>\n<p>Nous nous dirigerons d&#8217;abord vers les chutes de Snoqualmie et profiterons de la cascade situ\u00e9e au nord-ouest des \u00c9tats-Unis \u00e0 seulement 40 minutes de Seattle. Cette cascade mesure 82 m\u00e8tres ou 268 pieds de haut. C&#8217;est vraiment l&#8217;une des attractions et des ic\u00f4nes les plus populaires de Seattle et en particulier de l&#8217;\u00c9tat de Washington. Snoqualmie Falls re\u00e7oit plus de 1,5 million de visiteurs chaque ann\u00e9e!<\/p>\n<p>Apr\u00e8s avoir visit\u00e9 Snoqualmie Falls, nous retournerons vers Seattle. Avec le temps restant, nous profiterons d&#8217;une visite de la ville de Seattle. Il s&#8217;agit d&#8217;une visite priv\u00e9e, nous pouvons donc passer autant de temps que vous le souhaitez aux chutes de Snoqualmie. Le reste du temps sera pass\u00e9 en cons\u00e9quence \u00e0 Seattle.<\/p>\n<p>Cette visite priv\u00e9e se terminera \u00e0 votre h\u00f4tel ou port de croisi\u00e8re \u00e0 Seattle.<\/p>\n<h2>Sites d&#8217;int\u00e9r\u00eat et monuments<\/h2>\n<p>Notre guide priv\u00e9 et chauffeur vous attendra au point de prise en charge souhait\u00e9. Soit \u00e0 votre h\u00f4tel ou au port de croisi\u00e8re, nous attendons de vous que vous commenciez cette visite priv\u00e9e.<\/p>\n<p>Cette visite comprendra tout d&#8217;abord la visite des chutes de Snoqualmie. Nous commen\u00e7ons par la cascade pour que vous puissiez y passer le plus de temps possible. Il n&#8217;y a pas de pr\u00e9cipitation et \u00e0 notre retour \u00e0 Seattle, nous commencerons la visite priv\u00e9e.<\/p>\n<p>Ce que vous verrez \u00e0 Seattle d\u00e9pendra du temps qu&#8217;il vous restera apr\u00e8s Snoqualmie Falls. Ceci \u00e9tant dit, voici quelques exemples des sites les plus importants de Seattle que vous pourriez avoir le temps de visiter.<\/p>\n<ul>\n<li>Space Needle: une ic\u00f4ne de la ville de Seattle<\/li>\n<li>Vue ext\u00e9rieure du Seattle Art Museum<\/li>\n<li>March\u00e9 de Pike Place<\/li>\n<li>Centre de Seattle<\/li>\n<li>Jardin et verre de Chihuly<\/li>\n<li>Queen Ann Hill<\/li>\n<li>Parc de sculptures olympiques<\/li>\n<li>Vue de la grande roue de Seattle<\/li>\n<li>Serrures Ballard<\/li>\n<li>Kerry Park (vue imprenable sur la ville)<\/li>\n<li>Place des pionniers<\/li>\n<li>Biblioth\u00e8que centrale de Seattle<\/li>\n<li>Smith Tower<\/li>\n<li>Arboretum de Washignton Park<\/li>\n<li>Beaucoup plus!<\/li>\n<\/ul>\n<p>Cette visite est une visite priv\u00e9e et elle sera personnalis\u00e9e pour r\u00e9pondre \u00e0 vos attentes. Nous pouvons passer plus ou moins de temps \u00e0 la cascade afin que vous puissiez profiter davantage de Seattle ou plus de la cascade.<\/p>\n<p>D\u00e9couvrez toutes nos visites priv\u00e9es \u00e0 Seattle. N&#8217;oubliez pas que nous proposons des services priv\u00e9s dans toutes les villes de votre choix.<\/p>\n","protected":false},"excerpt":{"rendered":"<p>Profitez de vos journ\u00e9es \u00e0 Seattle et visitez les chutes de Snoqualmie aux c\u00f4t\u00e9s de votre chauffeur et guide priv\u00e9. Ensuite, profitez d&#8217;une visite priv\u00e9e de la ville pour visiter le meilleur de Seattle avec cette visite priv\u00e9e d&#8217;une journ\u00e9e compl\u00e8te.<\/p>\n","protected":false},"featured_media":98513,"comment_status":"open","ping_status":"closed","template":"","meta":{"_acf_changed":false},"product_brand":[],"product_cat":[3547,3787],"product_tag":[],"class_list":{"0":"post-105293","1":"product","2":"type-product","3":"status-publish","4":"has-post-thumbnail","6":"product_cat-etats-unis-fr","7":"product_cat-seattle-fr","9":"first","10":"instock","11":"shipping-taxable","12":"purchasable","13":"product-type-simple"},"acf":[],"yoast_head":"<!-- This site is optimized with the Yoast SEO Premium plugin v25.3.1 (Yoast SEO v25.3.1) - https:\/\/yoast.com\/wordpress\/plugins\/seo\/ -->\n<title>Visite priv\u00e9e des chutes de Snoqualmie et de Seattle avec un guide local<\/title>\n<meta name=\"description\" content=\"Profitez de cette visite priv\u00e9e des chutes de Snoqualmie avec un guide et visitez l&#039;un des plus beaux endroits de Seattle. Ensuite, visite de la ville du meilleur de Seattle.\" \/>\n<meta name=\"robots\" content=\"index, follow, max-snippet:-1, max-image-preview:large, max-video-preview:-1\" \/>\n<link rel=\"canonical\" href=\"https:\/\/tourtravelandmore.com\/fr\/tours\/etats-unis-fr\/seattle-fr\/visite-privee-des-chutes-de-snoqualmie-et-seattle\/\" \/>\n<meta property=\"og:locale\" content=\"fr_FR\" \/>\n<meta property=\"og:type\" content=\"article\" \/>\n<meta property=\"og:title\" content=\"Visite priv\u00e9e des chutes de Snoqualmie et Seattle\" \/>\n<meta property=\"og:description\" content=\"Profitez de cette visite priv\u00e9e des chutes de Snoqualmie avec un guide et visitez l&#039;un des plus beaux endroits de Seattle. Ensuite, visite de la ville du meilleur de Seattle.\" \/>\n<meta property=\"og:url\" content=\"https:\/\/tourtravelandmore.com\/fr\/tours\/etats-unis-fr\/seattle-fr\/visite-privee-des-chutes-de-snoqualmie-et-seattle\/\" \/>\n<meta property=\"og:site_name\" content=\"Tour Travel And More\" \/>\n<meta property=\"article:publisher\" content=\"https:\/\/www.facebook.com\/tourtravelandmore\/\" \/>\n<meta property=\"article:modified_time\" content=\"2021-03-24T19:51:03+00:00\" \/>\n<meta property=\"og:image\" content=\"https:\/\/tourtravelandmore.com\/wp-content\/uploads\/2020\/10\/seattle-waterfall.jpg\" \/>\n\t<meta property=\"og:image:width\" content=\"884\" \/>\n\t<meta property=\"og:image:height\" content=\"663\" \/>\n\t<meta property=\"og:image:type\" content=\"image\/jpeg\" \/>\n<meta name=\"twitter:card\" content=\"summary_large_image\" \/>\n<meta name=\"twitter:site\" content=\"@TourTravel_More\" \/>\n<meta name=\"twitter:label1\" content=\"Dur\u00e9e de lecture estim\u00e9e\" \/>\n\t<meta name=\"twitter:data1\" content=\"3 minutes\" \/>\n<script type=\"application\/ld+json\" class=\"yoast-schema-graph\">{\"@context\":\"https:\/\/schema.org\",\"@graph\":[{\"@type\":\"WebPage\",\"@id\":\"https:\/\/tourtravelandmore.com\/fr\/tours\/etats-unis-fr\/seattle-fr\/visite-privee-des-chutes-de-snoqualmie-et-seattle\/\",\"url\":\"https:\/\/tourtravelandmore.com\/fr\/tours\/etats-unis-fr\/seattle-fr\/visite-privee-des-chutes-de-snoqualmie-et-seattle\/\",\"name\":\"Visite priv\u00e9e des chutes de Snoqualmie et de Seattle avec un guide local\",\"isPartOf\":{\"@id\":\"https:\/\/tourtravelandmore.com\/fr\/#website\"},\"primaryImageOfPage\":{\"@id\":\"https:\/\/tourtravelandmore.com\/fr\/tours\/etats-unis-fr\/seattle-fr\/visite-privee-des-chutes-de-snoqualmie-et-seattle\/#primaryimage\"},\"image\":{\"@id\":\"https:\/\/tourtravelandmore.com\/fr\/tours\/etats-unis-fr\/seattle-fr\/visite-privee-des-chutes-de-snoqualmie-et-seattle\/#primaryimage\"},\"thumbnailUrl\":\"https:\/\/tourtravelandmore.com\/wp-content\/uploads\/2020\/10\/seattle-waterfall.jpg\",\"datePublished\":\"2020-10-28T08:42:36+00:00\",\"dateModified\":\"2021-03-24T19:51:03+00:00\",\"description\":\"Profitez de cette visite priv\u00e9e des chutes de Snoqualmie avec un guide et visitez l'un des plus beaux endroits de Seattle. Ensuite, visite de la ville du meilleur de Seattle.\",\"breadcrumb\":{\"@id\":\"https:\/\/tourtravelandmore.com\/fr\/tours\/etats-unis-fr\/seattle-fr\/visite-privee-des-chutes-de-snoqualmie-et-seattle\/#breadcrumb\"},\"inLanguage\":\"fr-FR\",\"potentialAction\":[{\"@type\":\"ReadAction\",\"target\":[\"https:\/\/tourtravelandmore.com\/fr\/tours\/etats-unis-fr\/seattle-fr\/visite-privee-des-chutes-de-snoqualmie-et-seattle\/\"]}]},{\"@type\":\"ImageObject\",\"inLanguage\":\"fr-FR\",\"@id\":\"https:\/\/tourtravelandmore.com\/fr\/tours\/etats-unis-fr\/seattle-fr\/visite-privee-des-chutes-de-snoqualmie-et-seattle\/#primaryimage\",\"url\":\"https:\/\/tourtravelandmore.com\/wp-content\/uploads\/2020\/10\/seattle-waterfall.jpg\",\"contentUrl\":\"https:\/\/tourtravelandmore.com\/wp-content\/uploads\/2020\/10\/seattle-waterfall.jpg\",\"width\":884,\"height\":663},{\"@type\":\"BreadcrumbList\",\"@id\":\"https:\/\/tourtravelandmore.com\/fr\/tours\/etats-unis-fr\/seattle-fr\/visite-privee-des-chutes-de-snoqualmie-et-seattle\/#breadcrumb\",\"itemListElement\":[{\"@type\":\"ListItem\",\"position\":1,\"name\":\"Home\",\"item\":\"https:\/\/tourtravelandmore.com\/fr\/\"},{\"@type\":\"ListItem\",\"position\":2,\"name\":\"Tours\",\"item\":\"https:\/\/tourtravelandmore.com\/fr\/tours\/\"},{\"@type\":\"ListItem\",\"position\":3,\"name\":\"Visite priv\u00e9e des chutes de Snoqualmie et Seattle\"}]},{\"@type\":\"WebSite\",\"@id\":\"https:\/\/tourtravelandmore.com\/fr\/#website\",\"url\":\"https:\/\/tourtravelandmore.com\/fr\/\",\"name\":\"Tour Travel And More\",\"description\":\"Private sightseeing tours and luxury transfers in Spain\",\"publisher\":{\"@id\":\"https:\/\/tourtravelandmore.com\/fr\/#organization\"},\"potentialAction\":[{\"@type\":\"SearchAction\",\"target\":{\"@type\":\"EntryPoint\",\"urlTemplate\":\"https:\/\/tourtravelandmore.com\/fr\/?s={search_term_string}\"},\"query-input\":{\"@type\":\"PropertyValueSpecification\",\"valueRequired\":true,\"valueName\":\"search_term_string\"}}],\"inLanguage\":\"fr-FR\"},{\"@type\":\"Organization\",\"@id\":\"https:\/\/tourtravelandmore.com\/fr\/#organization\",\"name\":\"Tour Travel And More\",\"url\":\"https:\/\/tourtravelandmore.com\/fr\/\",\"logo\":{\"@type\":\"ImageObject\",\"inLanguage\":\"fr-FR\",\"@id\":\"https:\/\/tourtravelandmore.com\/fr\/#\/schema\/logo\/image\/\",\"url\":\"https:\/\/tourtravelandmore.com\/wp-content\/uploads\/2022\/12\/cropped-logo-cabecera-new.png\",\"contentUrl\":\"https:\/\/tourtravelandmore.com\/wp-content\/uploads\/2022\/12\/cropped-logo-cabecera-new.png\",\"width\":430,\"height\":61,\"caption\":\"Tour Travel And More\"},\"image\":{\"@id\":\"https:\/\/tourtravelandmore.com\/fr\/#\/schema\/logo\/image\/\"},\"sameAs\":[\"https:\/\/www.facebook.com\/tourtravelandmore\/\",\"https:\/\/x.com\/TourTravel_More\"]}]}<\/script>\n<!-- \/ Yoast SEO Premium plugin. -->","yoast_head_json":{"title":"Visite priv\u00e9e des chutes de Snoqualmie et de Seattle avec un guide local","description":"Profitez de cette visite priv\u00e9e des chutes de Snoqualmie avec un guide et visitez l'un des plus beaux endroits de Seattle. Ensuite, visite de la ville du meilleur de Seattle.","robots":{"index":"index","follow":"follow","max-snippet":"max-snippet:-1","max-image-preview":"max-image-preview:large","max-video-preview":"max-video-preview:-1"},"canonical":"https:\/\/tourtravelandmore.com\/fr\/tours\/etats-unis-fr\/seattle-fr\/visite-privee-des-chutes-de-snoqualmie-et-seattle\/","og_locale":"fr_FR","og_type":"article","og_title":"Visite priv\u00e9e des chutes de Snoqualmie et Seattle","og_description":"Profitez de cette visite priv\u00e9e des chutes de Snoqualmie avec un guide et visitez l'un des plus beaux endroits de Seattle. Ensuite, visite de la ville du meilleur de Seattle.","og_url":"https:\/\/tourtravelandmore.com\/fr\/tours\/etats-unis-fr\/seattle-fr\/visite-privee-des-chutes-de-snoqualmie-et-seattle\/","og_site_name":"Tour Travel And More","article_publisher":"https:\/\/www.facebook.com\/tourtravelandmore\/","article_modified_time":"2021-03-24T19:51:03+00:00","og_image":[{"width":884,"height":663,"url":"https:\/\/tourtravelandmore.com\/wp-content\/uploads\/2020\/10\/seattle-waterfall.jpg","type":"image\/jpeg"}],"twitter_card":"summary_large_image","twitter_site":"@TourTravel_More","twitter_misc":{"Dur\u00e9e de lecture estim\u00e9e":"3 minutes"},"schema":{"@context":"https:\/\/schema.org","@graph":[{"@type":"WebPage","@id":"https:\/\/tourtravelandmore.com\/fr\/tours\/etats-unis-fr\/seattle-fr\/visite-privee-des-chutes-de-snoqualmie-et-seattle\/","url":"https:\/\/tourtravelandmore.com\/fr\/tours\/etats-unis-fr\/seattle-fr\/visite-privee-des-chutes-de-snoqualmie-et-seattle\/","name":"Visite priv\u00e9e des chutes de Snoqualmie et de Seattle avec un guide local","isPartOf":{"@id":"https:\/\/tourtravelandmore.com\/fr\/#website"},"primaryImageOfPage":{"@id":"https:\/\/tourtravelandmore.com\/fr\/tours\/etats-unis-fr\/seattle-fr\/visite-privee-des-chutes-de-snoqualmie-et-seattle\/#primaryimage"},"image":{"@id":"https:\/\/tourtravelandmore.com\/fr\/tours\/etats-unis-fr\/seattle-fr\/visite-privee-des-chutes-de-snoqualmie-et-seattle\/#primaryimage"},"thumbnailUrl":"https:\/\/tourtravelandmore.com\/wp-content\/uploads\/2020\/10\/seattle-waterfall.jpg","datePublished":"2020-10-28T08:42:36+00:00","dateModified":"2021-03-24T19:51:03+00:00","description":"Profitez de cette visite priv\u00e9e des chutes de Snoqualmie avec un guide et visitez l'un des plus beaux endroits de Seattle. Ensuite, visite de la ville du meilleur de Seattle.","breadcrumb":{"@id":"https:\/\/tourtravelandmore.com\/fr\/tours\/etats-unis-fr\/seattle-fr\/visite-privee-des-chutes-de-snoqualmie-et-seattle\/#breadcrumb"},"inLanguage":"fr-FR","potentialAction":[{"@type":"ReadAction","target":["https:\/\/tourtravelandmore.com\/fr\/tours\/etats-unis-fr\/seattle-fr\/visite-privee-des-chutes-de-snoqualmie-et-seattle\/"]}]},{"@type":"ImageObject","inLanguage":"fr-FR","@id":"https:\/\/tourtravelandmore.com\/fr\/tours\/etats-unis-fr\/seattle-fr\/visite-privee-des-chutes-de-snoqualmie-et-seattle\/#primaryimage","url":"https:\/\/tourtravelandmore.com\/wp-content\/uploads\/2020\/10\/seattle-waterfall.jpg","contentUrl":"https:\/\/tourtravelandmore.com\/wp-content\/uploads\/2020\/10\/seattle-waterfall.jpg","width":884,"height":663},{"@type":"BreadcrumbList","@id":"https:\/\/tourtravelandmore.com\/fr\/tours\/etats-unis-fr\/seattle-fr\/visite-privee-des-chutes-de-snoqualmie-et-seattle\/#breadcrumb","itemListElement":[{"@type":"ListItem","position":1,"name":"Home","item":"https:\/\/tourtravelandmore.com\/fr\/"},{"@type":"ListItem","position":2,"name":"Tours","item":"https:\/\/tourtravelandmore.com\/fr\/tours\/"},{"@type":"ListItem","position":3,"name":"Visite priv\u00e9e des chutes de Snoqualmie et Seattle"}]},{"@type":"WebSite","@id":"https:\/\/tourtravelandmore.com\/fr\/#website","url":"https:\/\/tourtravelandmore.com\/fr\/","name":"Tour Travel And More","description":"Private sightseeing tours and luxury transfers in Spain","publisher":{"@id":"https:\/\/tourtravelandmore.com\/fr\/#organization"},"potentialAction":[{"@type":"SearchAction","target":{"@type":"EntryPoint","urlTemplate":"https:\/\/tourtravelandmore.com\/fr\/?s={search_term_string}"},"query-input":{"@type":"PropertyValueSpecification","valueRequired":true,"valueName":"search_term_string"}}],"inLanguage":"fr-FR"},{"@type":"Organization","@id":"https:\/\/tourtravelandmore.com\/fr\/#organization","name":"Tour Travel And More","url":"https:\/\/tourtravelandmore.com\/fr\/","logo":{"@type":"ImageObject","inLanguage":"fr-FR","@id":"https:\/\/tourtravelandmore.com\/fr\/#\/schema\/logo\/image\/","url":"https:\/\/tourtravelandmore.com\/wp-content\/uploads\/2022\/12\/cropped-logo-cabecera-new.png","contentUrl":"https:\/\/tourtravelandmore.com\/wp-content\/uploads\/2022\/12\/cropped-logo-cabecera-new.png","width":430,"height":61,"caption":"Tour Travel And More"},"image":{"@id":"https:\/\/tourtravelandmore.com\/fr\/#\/schema\/logo\/image\/"},"sameAs":["https:\/\/www.facebook.com\/tourtravelandmore\/","https:\/\/x.com\/TourTravel_More"]}]}},"_links":{"self":[{"href":"https:\/\/tourtravelandmore.com\/fr\/wp-json\/wp\/v2\/product\/105293","targetHints":{"allow":["GET"]}}],"collection":[{"href":"https:\/\/tourtravelandmore.com\/fr\/wp-json\/wp\/v2\/product"}],"about":[{"href":"https:\/\/tourtravelandmore.com\/fr\/wp-json\/wp\/v2\/types\/product"}],"replies":[{"embeddable":true,"href":"https:\/\/tourtravelandmore.com\/fr\/wp-json\/wp\/v2\/comments?post=105293"}],"wp:featuredmedia":[{"embeddable":true,"href":"https:\/\/tourtravelandmore.com\/fr\/wp-json\/wp\/v2\/media\/98513"}],"wp:attachment":[{"href":"https:\/\/tourtravelandmore.com\/fr\/wp-json\/wp\/v2\/media?parent=105293"}],"wp:term":[{"taxonomy":"product_brand","embeddable":true,"href":"https:\/\/tourtravelandmore.com\/fr\/wp-json\/wp\/v2\/product_brand?post=105293"},{"taxonomy":"product_cat","embeddable":true,"href":"https:\/\/tourtravelandmore.com\/fr\/wp-json\/wp\/v2\/product_cat?post=105293"},{"taxonomy":"product_tag","embeddable":true,"href":"https:\/\/tourtravelandmore.com\/fr\/wp-json\/wp\/v2\/product_tag?post=105293"}],"curies":[{"name":"wp","href":"https:\/\/api.w.org\/{rel}","templated":true}]}}