{"id":105287,"date":"2020-10-27T16:02:06","date_gmt":"2020-10-27T15:02:06","guid":{"rendered":"https:\/\/tourtravelandmore.com\/tours\/non%20class\u00e9\/visite-privee-a-pied-de-seattle\/"},"modified":"2021-03-24T20:49:36","modified_gmt":"2021-03-24T19:49:36","slug":"visite-privee-a-pied-de-seattle","status":"publish","type":"product","link":"https:\/\/tourtravelandmore.com\/fr\/tours\/etats-unis-fr\/seattle-fr\/visite-privee-a-pied-de-seattle\/","title":{"rendered":"Visite priv\u00e9e \u00e0 pied de Seattle"},"content":{"rendered":"<h2>Description:<\/h2>\n<p>Comme nous le disons toujours, l&#8217;un des meilleurs moyens de conna\u00eetre une ville est \u00e0 pied. C&#8217;est pourquoi cette visite \u00e0 pied priv\u00e9e de Seattle est un excellent choix. Notre guide priv\u00e9 sera \u00e0 votre disposition pour toute l&#8217;exp\u00e9rience de 4 heures et vous aidera \u00e0 explorer les sites uniques de la ville.<\/p>\n<p>Selon l&#8217;endroit o\u00f9 se trouve votre h\u00f4tel, nous nous retrouverons \u00e0 un point de rencontre central. Il en va de m\u00eame pour votre excursion \u00e0 terre. Selon l&#8217;endroit o\u00f9 votre croisi\u00e8re arrive, nous pouvons organiser une prise en charge \u00e0 pied. Sinon, cette visite priv\u00e9e peut commencer pr\u00e8s de Pioneer Square ou de Kerry Park. Contactez-nous avec votre h\u00f4tel ou votre choix de prise en charge et nous verrons le meilleur emplacement pour commencer votre visite priv\u00e9e.<\/p>\n<p>Une fois que nous vous aurons rencontr\u00e9s, notre guide priv\u00e9 commencera cette visite priv\u00e9e \u00e0 pied de Seattle pour vous. D\u00e9couvrez de superbes sites de la ville, des vues incroyables, des ic\u00f4nes comme la Space Needle et bien plus encore!<\/p>\n<p>Cette visite priv\u00e9e \u00e0 pied de Seattle est une excellente occasion de d\u00e9couvrir le centre-ville de Seattle. Contactez nos experts en voyages pour plus d&#8217;assistance!<\/p>\n<h2>Sites d&#8217;int\u00e9r\u00eat et points de rep\u00e8re<\/h2>\n<p>Tout d&#8217;abord, nous organiserons une prise en charge priv\u00e9e avec un point de rendez-vous central. Notre guide expert vous attendra pour vous c\u00f4toyer dans la ville que nous aimons! Cela rend l&#8217;exp\u00e9rience encore meilleure car nous adorons notre travail!<\/p>\n<p>Selon l&#8217;endroit o\u00f9 nous commencerons la visite, l&#8217;itin\u00e9raire exact et l&#8217;ordre peuvent varier. Voici quelques exemples des sites les plus importants que vous pouvez explorer!<\/p>\n<ul>\n<li>Kerry Park (vue imprenable sur la ville)<\/li>\n<li>Centre de Seattle<\/li>\n<li>Jardin et verre de Chihuly<\/li>\n<li>Space Needle: une ic\u00f4ne de la ville de Seattle<\/li>\n<li>Parc de sculptures olympiques<\/li>\n<li>March\u00e9 de Pike Place<\/li>\n<li>Place des pionniers<\/li>\n<li>Beaucoup plus!<\/li>\n<\/ul>\n<p>Ceci est une visite \u00e0 pied compl\u00e8tement priv\u00e9e de Seattle et juste pour vous. Si vous pr\u00e9f\u00e9rez, nous pouvons inclure plus d&#8217;heures \u00e0 votre exp\u00e9rience ou m\u00eame en faire une excursion d&#8217;une journ\u00e9e compl\u00e8te.<\/p>\n<p>Contactez nos experts en voyages pour obtenir plus d&#8217;informations! N&#8217;oubliez pas de consulter notre visite priv\u00e9e de la ville de Seattle pour une exp\u00e9rience plus compl\u00e8te.<\/p>\n","protected":false},"excerpt":{"rendered":"<p>Courez la chance de visiter l&#8217;une des villes les plus incroyables des \u00c9tats-Unis: Seattle. Promenez-vous dans ses rues aux c\u00f4t\u00e9s d&#8217;un guide officiel priv\u00e9. Visitez les monuments et sites les plus importants et embl\u00e9matiques avec cette visite priv\u00e9e \u00e0 pied.<\/p>\n","protected":false},"featured_media":98506,"comment_status":"open","ping_status":"closed","template":"","meta":{"_acf_changed":false},"product_brand":[],"product_cat":[3547,3787],"product_tag":[],"class_list":{"0":"post-105287","1":"product","2":"type-product","3":"status-publish","4":"has-post-thumbnail","6":"product_cat-etats-unis-fr","7":"product_cat-seattle-fr","9":"first","10":"instock","11":"shipping-taxable","12":"purchasable","13":"product-type-simple"},"acf":[],"yoast_head":"<!-- This site is optimized with the Yoast SEO Premium plugin v25.3.1 (Yoast SEO v25.3.1) - https:\/\/yoast.com\/wordpress\/plugins\/seo\/ -->\n<title>Visite priv\u00e9e \u00e0 pied de Seattle avec un guide officiel local<\/title>\n<meta name=\"description\" content=\"Profitez de cette occasion pour visiter l&#039;une des villes am\u00e9ricaines les plus \u00e9tonnantes avec cette visite priv\u00e9e \u00e0 pied de Seattle avec un guide local.\" \/>\n<meta name=\"robots\" content=\"index, follow, max-snippet:-1, max-image-preview:large, max-video-preview:-1\" \/>\n<link rel=\"canonical\" href=\"https:\/\/tourtravelandmore.com\/fr\/tours\/etats-unis-fr\/seattle-fr\/visite-privee-a-pied-de-seattle\/\" \/>\n<meta property=\"og:locale\" content=\"fr_FR\" \/>\n<meta property=\"og:type\" content=\"article\" \/>\n<meta property=\"og:title\" content=\"Visite priv\u00e9e \u00e0 pied de Seattle\" \/>\n<meta property=\"og:description\" content=\"Profitez de cette occasion pour visiter l&#039;une des villes am\u00e9ricaines les plus \u00e9tonnantes avec cette visite priv\u00e9e \u00e0 pied de Seattle avec un guide local.\" \/>\n<meta property=\"og:url\" content=\"https:\/\/tourtravelandmore.com\/fr\/tours\/etats-unis-fr\/seattle-fr\/visite-privee-a-pied-de-seattle\/\" \/>\n<meta property=\"og:site_name\" content=\"Tour Travel And More\" \/>\n<meta property=\"article:publisher\" content=\"https:\/\/www.facebook.com\/tourtravelandmore\/\" \/>\n<meta property=\"article:modified_time\" content=\"2021-03-24T19:49:36+00:00\" \/>\n<meta property=\"og:image\" content=\"https:\/\/tourtravelandmore.com\/wp-content\/uploads\/2020\/10\/seattle-3.jpg\" \/>\n\t<meta property=\"og:image:width\" content=\"910\" \/>\n\t<meta property=\"og:image:height\" content=\"607\" \/>\n\t<meta property=\"og:image:type\" content=\"image\/jpeg\" \/>\n<meta name=\"twitter:card\" content=\"summary_large_image\" \/>\n<meta name=\"twitter:site\" content=\"@TourTravel_More\" \/>\n<meta name=\"twitter:label1\" content=\"Dur\u00e9e de lecture estim\u00e9e\" \/>\n\t<meta name=\"twitter:data1\" content=\"2 minutes\" \/>\n<script type=\"application\/ld+json\" class=\"yoast-schema-graph\">{\"@context\":\"https:\/\/schema.org\",\"@graph\":[{\"@type\":\"WebPage\",\"@id\":\"https:\/\/tourtravelandmore.com\/fr\/tours\/etats-unis-fr\/seattle-fr\/visite-privee-a-pied-de-seattle\/\",\"url\":\"https:\/\/tourtravelandmore.com\/fr\/tours\/etats-unis-fr\/seattle-fr\/visite-privee-a-pied-de-seattle\/\",\"name\":\"Visite priv\u00e9e \u00e0 pied de Seattle avec un guide officiel local\",\"isPartOf\":{\"@id\":\"https:\/\/tourtravelandmore.com\/fr\/#website\"},\"primaryImageOfPage\":{\"@id\":\"https:\/\/tourtravelandmore.com\/fr\/tours\/etats-unis-fr\/seattle-fr\/visite-privee-a-pied-de-seattle\/#primaryimage\"},\"image\":{\"@id\":\"https:\/\/tourtravelandmore.com\/fr\/tours\/etats-unis-fr\/seattle-fr\/visite-privee-a-pied-de-seattle\/#primaryimage\"},\"thumbnailUrl\":\"https:\/\/tourtravelandmore.com\/wp-content\/uploads\/2020\/10\/seattle-3.jpg\",\"datePublished\":\"2020-10-27T15:02:06+00:00\",\"dateModified\":\"2021-03-24T19:49:36+00:00\",\"description\":\"Profitez de cette occasion pour visiter l'une des villes am\u00e9ricaines les plus \u00e9tonnantes avec cette visite priv\u00e9e \u00e0 pied de Seattle avec un guide local.\",\"breadcrumb\":{\"@id\":\"https:\/\/tourtravelandmore.com\/fr\/tours\/etats-unis-fr\/seattle-fr\/visite-privee-a-pied-de-seattle\/#breadcrumb\"},\"inLanguage\":\"fr-FR\",\"potentialAction\":[{\"@type\":\"ReadAction\",\"target\":[\"https:\/\/tourtravelandmore.com\/fr\/tours\/etats-unis-fr\/seattle-fr\/visite-privee-a-pied-de-seattle\/\"]}]},{\"@type\":\"ImageObject\",\"inLanguage\":\"fr-FR\",\"@id\":\"https:\/\/tourtravelandmore.com\/fr\/tours\/etats-unis-fr\/seattle-fr\/visite-privee-a-pied-de-seattle\/#primaryimage\",\"url\":\"https:\/\/tourtravelandmore.com\/wp-content\/uploads\/2020\/10\/seattle-3.jpg\",\"contentUrl\":\"https:\/\/tourtravelandmore.com\/wp-content\/uploads\/2020\/10\/seattle-3.jpg\",\"width\":910,\"height\":607},{\"@type\":\"BreadcrumbList\",\"@id\":\"https:\/\/tourtravelandmore.com\/fr\/tours\/etats-unis-fr\/seattle-fr\/visite-privee-a-pied-de-seattle\/#breadcrumb\",\"itemListElement\":[{\"@type\":\"ListItem\",\"position\":1,\"name\":\"Home\",\"item\":\"https:\/\/tourtravelandmore.com\/fr\/\"},{\"@type\":\"ListItem\",\"position\":2,\"name\":\"Tours\",\"item\":\"https:\/\/tourtravelandmore.com\/fr\/tours\/\"},{\"@type\":\"ListItem\",\"position\":3,\"name\":\"Visite priv\u00e9e \u00e0 pied de Seattle\"}]},{\"@type\":\"WebSite\",\"@id\":\"https:\/\/tourtravelandmore.com\/fr\/#website\",\"url\":\"https:\/\/tourtravelandmore.com\/fr\/\",\"name\":\"Tour Travel And More\",\"description\":\"Private sightseeing tours and luxury transfers in Spain\",\"publisher\":{\"@id\":\"https:\/\/tourtravelandmore.com\/fr\/#organization\"},\"potentialAction\":[{\"@type\":\"SearchAction\",\"target\":{\"@type\":\"EntryPoint\",\"urlTemplate\":\"https:\/\/tourtravelandmore.com\/fr\/?s={search_term_string}\"},\"query-input\":{\"@type\":\"PropertyValueSpecification\",\"valueRequired\":true,\"valueName\":\"search_term_string\"}}],\"inLanguage\":\"fr-FR\"},{\"@type\":\"Organization\",\"@id\":\"https:\/\/tourtravelandmore.com\/fr\/#organization\",\"name\":\"Tour Travel And More\",\"url\":\"https:\/\/tourtravelandmore.com\/fr\/\",\"logo\":{\"@type\":\"ImageObject\",\"inLanguage\":\"fr-FR\",\"@id\":\"https:\/\/tourtravelandmore.com\/fr\/#\/schema\/logo\/image\/\",\"url\":\"https:\/\/tourtravelandmore.com\/wp-content\/uploads\/2022\/12\/cropped-logo-cabecera-new.png\",\"contentUrl\":\"https:\/\/tourtravelandmore.com\/wp-content\/uploads\/2022\/12\/cropped-logo-cabecera-new.png\",\"width\":430,\"height\":61,\"caption\":\"Tour Travel And More\"},\"image\":{\"@id\":\"https:\/\/tourtravelandmore.com\/fr\/#\/schema\/logo\/image\/\"},\"sameAs\":[\"https:\/\/www.facebook.com\/tourtravelandmore\/\",\"https:\/\/x.com\/TourTravel_More\"]}]}<\/script>\n<!-- \/ Yoast SEO Premium plugin. -->","yoast_head_json":{"title":"Visite priv\u00e9e \u00e0 pied de Seattle avec un guide officiel local","description":"Profitez de cette occasion pour visiter l'une des villes am\u00e9ricaines les plus \u00e9tonnantes avec cette visite priv\u00e9e \u00e0 pied de Seattle avec un guide local.","robots":{"index":"index","follow":"follow","max-snippet":"max-snippet:-1","max-image-preview":"max-image-preview:large","max-video-preview":"max-video-preview:-1"},"canonical":"https:\/\/tourtravelandmore.com\/fr\/tours\/etats-unis-fr\/seattle-fr\/visite-privee-a-pied-de-seattle\/","og_locale":"fr_FR","og_type":"article","og_title":"Visite priv\u00e9e \u00e0 pied de Seattle","og_description":"Profitez de cette occasion pour visiter l'une des villes am\u00e9ricaines les plus \u00e9tonnantes avec cette visite priv\u00e9e \u00e0 pied de Seattle avec un guide local.","og_url":"https:\/\/tourtravelandmore.com\/fr\/tours\/etats-unis-fr\/seattle-fr\/visite-privee-a-pied-de-seattle\/","og_site_name":"Tour Travel And More","article_publisher":"https:\/\/www.facebook.com\/tourtravelandmore\/","article_modified_time":"2021-03-24T19:49:36+00:00","og_image":[{"width":910,"height":607,"url":"https:\/\/tourtravelandmore.com\/wp-content\/uploads\/2020\/10\/seattle-3.jpg","type":"image\/jpeg"}],"twitter_card":"summary_large_image","twitter_site":"@TourTravel_More","twitter_misc":{"Dur\u00e9e de lecture estim\u00e9e":"2 minutes"},"schema":{"@context":"https:\/\/schema.org","@graph":[{"@type":"WebPage","@id":"https:\/\/tourtravelandmore.com\/fr\/tours\/etats-unis-fr\/seattle-fr\/visite-privee-a-pied-de-seattle\/","url":"https:\/\/tourtravelandmore.com\/fr\/tours\/etats-unis-fr\/seattle-fr\/visite-privee-a-pied-de-seattle\/","name":"Visite priv\u00e9e \u00e0 pied de Seattle avec un guide officiel local","isPartOf":{"@id":"https:\/\/tourtravelandmore.com\/fr\/#website"},"primaryImageOfPage":{"@id":"https:\/\/tourtravelandmore.com\/fr\/tours\/etats-unis-fr\/seattle-fr\/visite-privee-a-pied-de-seattle\/#primaryimage"},"image":{"@id":"https:\/\/tourtravelandmore.com\/fr\/tours\/etats-unis-fr\/seattle-fr\/visite-privee-a-pied-de-seattle\/#primaryimage"},"thumbnailUrl":"https:\/\/tourtravelandmore.com\/wp-content\/uploads\/2020\/10\/seattle-3.jpg","datePublished":"2020-10-27T15:02:06+00:00","dateModified":"2021-03-24T19:49:36+00:00","description":"Profitez de cette occasion pour visiter l'une des villes am\u00e9ricaines les plus \u00e9tonnantes avec cette visite priv\u00e9e \u00e0 pied de Seattle avec un guide local.","breadcrumb":{"@id":"https:\/\/tourtravelandmore.com\/fr\/tours\/etats-unis-fr\/seattle-fr\/visite-privee-a-pied-de-seattle\/#breadcrumb"},"inLanguage":"fr-FR","potentialAction":[{"@type":"ReadAction","target":["https:\/\/tourtravelandmore.com\/fr\/tours\/etats-unis-fr\/seattle-fr\/visite-privee-a-pied-de-seattle\/"]}]},{"@type":"ImageObject","inLanguage":"fr-FR","@id":"https:\/\/tourtravelandmore.com\/fr\/tours\/etats-unis-fr\/seattle-fr\/visite-privee-a-pied-de-seattle\/#primaryimage","url":"https:\/\/tourtravelandmore.com\/wp-content\/uploads\/2020\/10\/seattle-3.jpg","contentUrl":"https:\/\/tourtravelandmore.com\/wp-content\/uploads\/2020\/10\/seattle-3.jpg","width":910,"height":607},{"@type":"BreadcrumbList","@id":"https:\/\/tourtravelandmore.com\/fr\/tours\/etats-unis-fr\/seattle-fr\/visite-privee-a-pied-de-seattle\/#breadcrumb","itemListElement":[{"@type":"ListItem","position":1,"name":"Home","item":"https:\/\/tourtravelandmore.com\/fr\/"},{"@type":"ListItem","position":2,"name":"Tours","item":"https:\/\/tourtravelandmore.com\/fr\/tours\/"},{"@type":"ListItem","position":3,"name":"Visite priv\u00e9e \u00e0 pied de Seattle"}]},{"@type":"WebSite","@id":"https:\/\/tourtravelandmore.com\/fr\/#website","url":"https:\/\/tourtravelandmore.com\/fr\/","name":"Tour Travel And More","description":"Private sightseeing tours and luxury transfers in Spain","publisher":{"@id":"https:\/\/tourtravelandmore.com\/fr\/#organization"},"potentialAction":[{"@type":"SearchAction","target":{"@type":"EntryPoint","urlTemplate":"https:\/\/tourtravelandmore.com\/fr\/?s={search_term_string}"},"query-input":{"@type":"PropertyValueSpecification","valueRequired":true,"valueName":"search_term_string"}}],"inLanguage":"fr-FR"},{"@type":"Organization","@id":"https:\/\/tourtravelandmore.com\/fr\/#organization","name":"Tour Travel And More","url":"https:\/\/tourtravelandmore.com\/fr\/","logo":{"@type":"ImageObject","inLanguage":"fr-FR","@id":"https:\/\/tourtravelandmore.com\/fr\/#\/schema\/logo\/image\/","url":"https:\/\/tourtravelandmore.com\/wp-content\/uploads\/2022\/12\/cropped-logo-cabecera-new.png","contentUrl":"https:\/\/tourtravelandmore.com\/wp-content\/uploads\/2022\/12\/cropped-logo-cabecera-new.png","width":430,"height":61,"caption":"Tour Travel And More"},"image":{"@id":"https:\/\/tourtravelandmore.com\/fr\/#\/schema\/logo\/image\/"},"sameAs":["https:\/\/www.facebook.com\/tourtravelandmore\/","https:\/\/x.com\/TourTravel_More"]}]}},"_links":{"self":[{"href":"https:\/\/tourtravelandmore.com\/fr\/wp-json\/wp\/v2\/product\/105287","targetHints":{"allow":["GET"]}}],"collection":[{"href":"https:\/\/tourtravelandmore.com\/fr\/wp-json\/wp\/v2\/product"}],"about":[{"href":"https:\/\/tourtravelandmore.com\/fr\/wp-json\/wp\/v2\/types\/product"}],"replies":[{"embeddable":true,"href":"https:\/\/tourtravelandmore.com\/fr\/wp-json\/wp\/v2\/comments?post=105287"}],"wp:featuredmedia":[{"embeddable":true,"href":"https:\/\/tourtravelandmore.com\/fr\/wp-json\/wp\/v2\/media\/98506"}],"wp:attachment":[{"href":"https:\/\/tourtravelandmore.com\/fr\/wp-json\/wp\/v2\/media?parent=105287"}],"wp:term":[{"taxonomy":"product_brand","embeddable":true,"href":"https:\/\/tourtravelandmore.com\/fr\/wp-json\/wp\/v2\/product_brand?post=105287"},{"taxonomy":"product_cat","embeddable":true,"href":"https:\/\/tourtravelandmore.com\/fr\/wp-json\/wp\/v2\/product_cat?post=105287"},{"taxonomy":"product_tag","embeddable":true,"href":"https:\/\/tourtravelandmore.com\/fr\/wp-json\/wp\/v2\/product_tag?post=105287"}],"curies":[{"name":"wp","href":"https:\/\/api.w.org\/{rel}","templated":true}]}}