{"id":105281,"date":"2020-10-27T12:46:52","date_gmt":"2020-10-27T11:46:52","guid":{"rendered":"https:\/\/tourtravelandmore.com\/tours\/non%20class\u00e9\/visite-privee-de-seattle-et-excursion-de-croissiere\/"},"modified":"2021-03-24T20:48:18","modified_gmt":"2021-03-24T19:48:18","slug":"visite-privee-de-seattle-et-excursion-de-croissiere","status":"publish","type":"product","link":"https:\/\/tourtravelandmore.com\/fr\/tours\/etats-unis-fr\/seattle-fr\/visite-privee-de-seattle-et-excursion-de-croissiere\/","title":{"rendered":"Visite priv\u00e9e de Seattle et excursion de croissiere"},"content":{"rendered":"<h2>Description:<\/h2>\n<p>Quand on pense \u00e0 Seattle pour la premi\u00e8re fois, le film Sleepless in Seattle vient \u00e0 l&#8217;esprit! Cela dit, quelle meilleure fa\u00e7on de d\u00e9couvrir cette ville unique qu&#8217;avec une visite priv\u00e9e de Seattle?<\/p>\n<p>Demandez \u00e0 nos chauffeurs priv\u00e9s de venir vous chercher aux c\u00f4t\u00e9s de votre guide priv\u00e9 et commencez votre visite priv\u00e9e de 4 heures de cette ville! Saviez-vous aussi que Seattle est la plus grande ville du Pacifique Nord-Ouest?! C\u2019est aussi une ville tr\u00e8s humide. Ses parcs et ses quartiers verdoyants sont donc incontournables.<\/p>\n<p>Saisissez cette chance et d\u00e9couvrez les meilleurs endroits avec cette visite priv\u00e9e de Seattle.<\/p>\n<p>Pour cette visite priv\u00e9e, nous commencerons par vous chercher \u00e0 votre h\u00f4tel situ\u00e9 au centre de Seattle. Nous pouvons bien s\u00fbr venir vous chercher au port de croisi\u00e8re si vous arrivez en croisi\u00e8re. Si votre h\u00f4tel ou appartement n&#8217;est pas dans le centre, faites-le nous savoir et nous vous indiquerons le prix exact pour venir vous chercher \u00e0 partir de l\u00e0.<\/p>\n<p>Une fois que nous serons ensemble, cette visite priv\u00e9e de Seattle commencera. Profitez des meilleurs sites de cette grande ville lors de cette visite priv\u00e9e de 4 heures.<\/p>\n<h2>Sites d&#8217;int\u00e9r\u00eat et monuments<\/h2>\n<p>Apr\u00e8s une prise en charge priv\u00e9e confortable, nous commencerons cette visite priv\u00e9e. Votre visite priv\u00e9e de 4 heures comprendra la visite des sites les plus importants de Seattle. Faites-vous accompagner par notre guide l\u00e0 o\u00f9 vous souhaitez descendre pendant que vos chauffeurs vous attendent pour ne pas perdre de temps!<\/p>\n<p>Il y a tant \u00e0 voir que voici une br\u00e8ve liste d&#8217;exemples:<\/p>\n<ul>\n<li>March\u00e9 de Pike Place<\/li>\n<li>Centre de Seattle<\/li>\n<li>Queen Ann Hill<\/li>\n<li>Space Needle: une ic\u00f4ne de la ville de Seattle<\/li>\n<li>Jardin et verre de Chihuly<\/li>\n<li>Vue ext\u00e9rieure du Seattle Art Museum<\/li>\n<li>Parc de sculptures olympiques<\/li>\n<li>Vue de la grande roue de Seattle<\/li>\n<li>Serrures Ballard<\/li>\n<li>Arboretum de Washignton Park<\/li>\n<li>Biblioth\u00e8que centrale de Seattle<\/li>\n<li>Smith Tower<\/li>\n<li>Columbia Center et le Sky View Observatory (ceci est facultatif)<\/li>\n<li>Kerry Park (vue imprenable sur la ville)<\/li>\n<li>Place des pionniers<\/li>\n<li>Beaucoup plus!<\/li>\n<\/ul>\n<p>Comme toutes nos visites, cette visite priv\u00e9e peut \u00eatre personnalis\u00e9e.<\/p>\n<p>Jetez un \u0153il \u00e0 toutes nos visites \u00e0 Seattle. Nous proposons des visites priv\u00e9es dans tous les \u00c9tats-Unis et en Europe! Contactez notre \u00e9quipe pour plus d&#8217;informations!<\/p>\n","protected":false},"excerpt":{"rendered":"<p>D\u00e9couvrez la merveilleuse ville de Seattle \u00e0 l&#8217;aise dans votre v\u00e9hicule priv\u00e9 et \u00e0 c\u00f4t\u00e9 d&#8217;un guide officiel. Visitez le march\u00e9 de Pike Place, le centre de Seattle, Queen Ann Hill et bien plus encore lors de cette visite priv\u00e9e d&#8217;une demi-journ\u00e9e.<\/p>\n","protected":false},"featured_media":98504,"comment_status":"open","ping_status":"closed","template":"","meta":{"_acf_changed":false},"product_brand":[],"product_cat":[3547,3787],"product_tag":[],"class_list":{"0":"post-105281","1":"product","2":"type-product","3":"status-publish","4":"has-post-thumbnail","6":"product_cat-etats-unis-fr","7":"product_cat-seattle-fr","9":"first","10":"instock","11":"shipping-taxable","12":"purchasable","13":"product-type-simple"},"acf":[],"yoast_head":"<!-- This site is optimized with the Yoast SEO Premium plugin v25.3.1 (Yoast SEO v25.3.1) - https:\/\/yoast.com\/wordpress\/plugins\/seo\/ -->\n<title>Visite priv\u00e9e de Seattle et excursion \u00e0 terre dans un v\u00e9hicule de luxe<\/title>\n<meta name=\"description\" content=\"Profitez de cette visite priv\u00e9e de Seattle avec un guide officiel et un chauffeur priv\u00e9. Apprenez \u00e0 conna\u00eetre les meilleurs endroits de la ville avec une \u00e9quipe professionnelle!.\" \/>\n<meta name=\"robots\" content=\"index, follow, max-snippet:-1, max-image-preview:large, max-video-preview:-1\" \/>\n<link rel=\"canonical\" href=\"https:\/\/tourtravelandmore.com\/fr\/tours\/etats-unis-fr\/seattle-fr\/visite-privee-de-seattle-et-excursion-de-croissiere\/\" \/>\n<meta property=\"og:locale\" content=\"fr_FR\" \/>\n<meta property=\"og:type\" content=\"article\" \/>\n<meta property=\"og:title\" content=\"Visite priv\u00e9e de Seattle et excursion de croissiere\" \/>\n<meta property=\"og:description\" content=\"Profitez de cette visite priv\u00e9e de Seattle avec un guide officiel et un chauffeur priv\u00e9. Apprenez \u00e0 conna\u00eetre les meilleurs endroits de la ville avec une \u00e9quipe professionnelle!.\" \/>\n<meta property=\"og:url\" content=\"https:\/\/tourtravelandmore.com\/fr\/tours\/etats-unis-fr\/seattle-fr\/visite-privee-de-seattle-et-excursion-de-croissiere\/\" \/>\n<meta property=\"og:site_name\" content=\"Tour Travel And More\" \/>\n<meta property=\"article:publisher\" content=\"https:\/\/www.facebook.com\/tourtravelandmore\/\" \/>\n<meta property=\"article:modified_time\" content=\"2021-03-24T19:48:18+00:00\" \/>\n<meta property=\"og:image\" content=\"https:\/\/tourtravelandmore.com\/wp-content\/uploads\/2020\/10\/seattle-5-1024x640.jpg\" \/>\n\t<meta property=\"og:image:width\" content=\"1024\" \/>\n\t<meta property=\"og:image:height\" content=\"640\" \/>\n\t<meta property=\"og:image:type\" content=\"image\/jpeg\" \/>\n<meta name=\"twitter:card\" content=\"summary_large_image\" \/>\n<meta name=\"twitter:site\" content=\"@TourTravel_More\" \/>\n<meta name=\"twitter:label1\" content=\"Dur\u00e9e de lecture estim\u00e9e\" \/>\n\t<meta name=\"twitter:data1\" content=\"2 minutes\" \/>\n<script type=\"application\/ld+json\" class=\"yoast-schema-graph\">{\"@context\":\"https:\/\/schema.org\",\"@graph\":[{\"@type\":\"WebPage\",\"@id\":\"https:\/\/tourtravelandmore.com\/fr\/tours\/etats-unis-fr\/seattle-fr\/visite-privee-de-seattle-et-excursion-de-croissiere\/\",\"url\":\"https:\/\/tourtravelandmore.com\/fr\/tours\/etats-unis-fr\/seattle-fr\/visite-privee-de-seattle-et-excursion-de-croissiere\/\",\"name\":\"Visite priv\u00e9e de Seattle et excursion \u00e0 terre dans un v\u00e9hicule de luxe\",\"isPartOf\":{\"@id\":\"https:\/\/tourtravelandmore.com\/fr\/#website\"},\"primaryImageOfPage\":{\"@id\":\"https:\/\/tourtravelandmore.com\/fr\/tours\/etats-unis-fr\/seattle-fr\/visite-privee-de-seattle-et-excursion-de-croissiere\/#primaryimage\"},\"image\":{\"@id\":\"https:\/\/tourtravelandmore.com\/fr\/tours\/etats-unis-fr\/seattle-fr\/visite-privee-de-seattle-et-excursion-de-croissiere\/#primaryimage\"},\"thumbnailUrl\":\"https:\/\/tourtravelandmore.com\/wp-content\/uploads\/2020\/10\/seattle-5.jpg\",\"datePublished\":\"2020-10-27T11:46:52+00:00\",\"dateModified\":\"2021-03-24T19:48:18+00:00\",\"description\":\"Profitez de cette visite priv\u00e9e de Seattle avec un guide officiel et un chauffeur priv\u00e9. Apprenez \u00e0 conna\u00eetre les meilleurs endroits de la ville avec une \u00e9quipe professionnelle!.\",\"breadcrumb\":{\"@id\":\"https:\/\/tourtravelandmore.com\/fr\/tours\/etats-unis-fr\/seattle-fr\/visite-privee-de-seattle-et-excursion-de-croissiere\/#breadcrumb\"},\"inLanguage\":\"fr-FR\",\"potentialAction\":[{\"@type\":\"ReadAction\",\"target\":[\"https:\/\/tourtravelandmore.com\/fr\/tours\/etats-unis-fr\/seattle-fr\/visite-privee-de-seattle-et-excursion-de-croissiere\/\"]}]},{\"@type\":\"ImageObject\",\"inLanguage\":\"fr-FR\",\"@id\":\"https:\/\/tourtravelandmore.com\/fr\/tours\/etats-unis-fr\/seattle-fr\/visite-privee-de-seattle-et-excursion-de-croissiere\/#primaryimage\",\"url\":\"https:\/\/tourtravelandmore.com\/wp-content\/uploads\/2020\/10\/seattle-5.jpg\",\"contentUrl\":\"https:\/\/tourtravelandmore.com\/wp-content\/uploads\/2020\/10\/seattle-5.jpg\",\"width\":2560,\"height\":1600},{\"@type\":\"BreadcrumbList\",\"@id\":\"https:\/\/tourtravelandmore.com\/fr\/tours\/etats-unis-fr\/seattle-fr\/visite-privee-de-seattle-et-excursion-de-croissiere\/#breadcrumb\",\"itemListElement\":[{\"@type\":\"ListItem\",\"position\":1,\"name\":\"Home\",\"item\":\"https:\/\/tourtravelandmore.com\/fr\/\"},{\"@type\":\"ListItem\",\"position\":2,\"name\":\"Tours\",\"item\":\"https:\/\/tourtravelandmore.com\/fr\/tours\/\"},{\"@type\":\"ListItem\",\"position\":3,\"name\":\"Visite priv\u00e9e de Seattle et excursion de croissiere\"}]},{\"@type\":\"WebSite\",\"@id\":\"https:\/\/tourtravelandmore.com\/fr\/#website\",\"url\":\"https:\/\/tourtravelandmore.com\/fr\/\",\"name\":\"Tour Travel And More\",\"description\":\"Private sightseeing tours and luxury transfers in Spain\",\"publisher\":{\"@id\":\"https:\/\/tourtravelandmore.com\/fr\/#organization\"},\"potentialAction\":[{\"@type\":\"SearchAction\",\"target\":{\"@type\":\"EntryPoint\",\"urlTemplate\":\"https:\/\/tourtravelandmore.com\/fr\/?s={search_term_string}\"},\"query-input\":{\"@type\":\"PropertyValueSpecification\",\"valueRequired\":true,\"valueName\":\"search_term_string\"}}],\"inLanguage\":\"fr-FR\"},{\"@type\":\"Organization\",\"@id\":\"https:\/\/tourtravelandmore.com\/fr\/#organization\",\"name\":\"Tour Travel And More\",\"url\":\"https:\/\/tourtravelandmore.com\/fr\/\",\"logo\":{\"@type\":\"ImageObject\",\"inLanguage\":\"fr-FR\",\"@id\":\"https:\/\/tourtravelandmore.com\/fr\/#\/schema\/logo\/image\/\",\"url\":\"https:\/\/tourtravelandmore.com\/wp-content\/uploads\/2022\/12\/cropped-logo-cabecera-new.png\",\"contentUrl\":\"https:\/\/tourtravelandmore.com\/wp-content\/uploads\/2022\/12\/cropped-logo-cabecera-new.png\",\"width\":430,\"height\":61,\"caption\":\"Tour Travel And More\"},\"image\":{\"@id\":\"https:\/\/tourtravelandmore.com\/fr\/#\/schema\/logo\/image\/\"},\"sameAs\":[\"https:\/\/www.facebook.com\/tourtravelandmore\/\",\"https:\/\/x.com\/TourTravel_More\"]}]}<\/script>\n<!-- \/ Yoast SEO Premium plugin. -->","yoast_head_json":{"title":"Visite priv\u00e9e de Seattle et excursion \u00e0 terre dans un v\u00e9hicule de luxe","description":"Profitez de cette visite priv\u00e9e de Seattle avec un guide officiel et un chauffeur priv\u00e9. Apprenez \u00e0 conna\u00eetre les meilleurs endroits de la ville avec une \u00e9quipe professionnelle!.","robots":{"index":"index","follow":"follow","max-snippet":"max-snippet:-1","max-image-preview":"max-image-preview:large","max-video-preview":"max-video-preview:-1"},"canonical":"https:\/\/tourtravelandmore.com\/fr\/tours\/etats-unis-fr\/seattle-fr\/visite-privee-de-seattle-et-excursion-de-croissiere\/","og_locale":"fr_FR","og_type":"article","og_title":"Visite priv\u00e9e de Seattle et excursion de croissiere","og_description":"Profitez de cette visite priv\u00e9e de Seattle avec un guide officiel et un chauffeur priv\u00e9. Apprenez \u00e0 conna\u00eetre les meilleurs endroits de la ville avec une \u00e9quipe professionnelle!.","og_url":"https:\/\/tourtravelandmore.com\/fr\/tours\/etats-unis-fr\/seattle-fr\/visite-privee-de-seattle-et-excursion-de-croissiere\/","og_site_name":"Tour Travel And More","article_publisher":"https:\/\/www.facebook.com\/tourtravelandmore\/","article_modified_time":"2021-03-24T19:48:18+00:00","og_image":[{"width":1024,"height":640,"url":"https:\/\/tourtravelandmore.com\/wp-content\/uploads\/2020\/10\/seattle-5-1024x640.jpg","type":"image\/jpeg"}],"twitter_card":"summary_large_image","twitter_site":"@TourTravel_More","twitter_misc":{"Dur\u00e9e de lecture estim\u00e9e":"2 minutes"},"schema":{"@context":"https:\/\/schema.org","@graph":[{"@type":"WebPage","@id":"https:\/\/tourtravelandmore.com\/fr\/tours\/etats-unis-fr\/seattle-fr\/visite-privee-de-seattle-et-excursion-de-croissiere\/","url":"https:\/\/tourtravelandmore.com\/fr\/tours\/etats-unis-fr\/seattle-fr\/visite-privee-de-seattle-et-excursion-de-croissiere\/","name":"Visite priv\u00e9e de Seattle et excursion \u00e0 terre dans un v\u00e9hicule de luxe","isPartOf":{"@id":"https:\/\/tourtravelandmore.com\/fr\/#website"},"primaryImageOfPage":{"@id":"https:\/\/tourtravelandmore.com\/fr\/tours\/etats-unis-fr\/seattle-fr\/visite-privee-de-seattle-et-excursion-de-croissiere\/#primaryimage"},"image":{"@id":"https:\/\/tourtravelandmore.com\/fr\/tours\/etats-unis-fr\/seattle-fr\/visite-privee-de-seattle-et-excursion-de-croissiere\/#primaryimage"},"thumbnailUrl":"https:\/\/tourtravelandmore.com\/wp-content\/uploads\/2020\/10\/seattle-5.jpg","datePublished":"2020-10-27T11:46:52+00:00","dateModified":"2021-03-24T19:48:18+00:00","description":"Profitez de cette visite priv\u00e9e de Seattle avec un guide officiel et un chauffeur priv\u00e9. Apprenez \u00e0 conna\u00eetre les meilleurs endroits de la ville avec une \u00e9quipe professionnelle!.","breadcrumb":{"@id":"https:\/\/tourtravelandmore.com\/fr\/tours\/etats-unis-fr\/seattle-fr\/visite-privee-de-seattle-et-excursion-de-croissiere\/#breadcrumb"},"inLanguage":"fr-FR","potentialAction":[{"@type":"ReadAction","target":["https:\/\/tourtravelandmore.com\/fr\/tours\/etats-unis-fr\/seattle-fr\/visite-privee-de-seattle-et-excursion-de-croissiere\/"]}]},{"@type":"ImageObject","inLanguage":"fr-FR","@id":"https:\/\/tourtravelandmore.com\/fr\/tours\/etats-unis-fr\/seattle-fr\/visite-privee-de-seattle-et-excursion-de-croissiere\/#primaryimage","url":"https:\/\/tourtravelandmore.com\/wp-content\/uploads\/2020\/10\/seattle-5.jpg","contentUrl":"https:\/\/tourtravelandmore.com\/wp-content\/uploads\/2020\/10\/seattle-5.jpg","width":2560,"height":1600},{"@type":"BreadcrumbList","@id":"https:\/\/tourtravelandmore.com\/fr\/tours\/etats-unis-fr\/seattle-fr\/visite-privee-de-seattle-et-excursion-de-croissiere\/#breadcrumb","itemListElement":[{"@type":"ListItem","position":1,"name":"Home","item":"https:\/\/tourtravelandmore.com\/fr\/"},{"@type":"ListItem","position":2,"name":"Tours","item":"https:\/\/tourtravelandmore.com\/fr\/tours\/"},{"@type":"ListItem","position":3,"name":"Visite priv\u00e9e de Seattle et excursion de croissiere"}]},{"@type":"WebSite","@id":"https:\/\/tourtravelandmore.com\/fr\/#website","url":"https:\/\/tourtravelandmore.com\/fr\/","name":"Tour Travel And More","description":"Private sightseeing tours and luxury transfers in Spain","publisher":{"@id":"https:\/\/tourtravelandmore.com\/fr\/#organization"},"potentialAction":[{"@type":"SearchAction","target":{"@type":"EntryPoint","urlTemplate":"https:\/\/tourtravelandmore.com\/fr\/?s={search_term_string}"},"query-input":{"@type":"PropertyValueSpecification","valueRequired":true,"valueName":"search_term_string"}}],"inLanguage":"fr-FR"},{"@type":"Organization","@id":"https:\/\/tourtravelandmore.com\/fr\/#organization","name":"Tour Travel And More","url":"https:\/\/tourtravelandmore.com\/fr\/","logo":{"@type":"ImageObject","inLanguage":"fr-FR","@id":"https:\/\/tourtravelandmore.com\/fr\/#\/schema\/logo\/image\/","url":"https:\/\/tourtravelandmore.com\/wp-content\/uploads\/2022\/12\/cropped-logo-cabecera-new.png","contentUrl":"https:\/\/tourtravelandmore.com\/wp-content\/uploads\/2022\/12\/cropped-logo-cabecera-new.png","width":430,"height":61,"caption":"Tour Travel And More"},"image":{"@id":"https:\/\/tourtravelandmore.com\/fr\/#\/schema\/logo\/image\/"},"sameAs":["https:\/\/www.facebook.com\/tourtravelandmore\/","https:\/\/x.com\/TourTravel_More"]}]}},"_links":{"self":[{"href":"https:\/\/tourtravelandmore.com\/fr\/wp-json\/wp\/v2\/product\/105281","targetHints":{"allow":["GET"]}}],"collection":[{"href":"https:\/\/tourtravelandmore.com\/fr\/wp-json\/wp\/v2\/product"}],"about":[{"href":"https:\/\/tourtravelandmore.com\/fr\/wp-json\/wp\/v2\/types\/product"}],"replies":[{"embeddable":true,"href":"https:\/\/tourtravelandmore.com\/fr\/wp-json\/wp\/v2\/comments?post=105281"}],"wp:featuredmedia":[{"embeddable":true,"href":"https:\/\/tourtravelandmore.com\/fr\/wp-json\/wp\/v2\/media\/98504"}],"wp:attachment":[{"href":"https:\/\/tourtravelandmore.com\/fr\/wp-json\/wp\/v2\/media?parent=105281"}],"wp:term":[{"taxonomy":"product_brand","embeddable":true,"href":"https:\/\/tourtravelandmore.com\/fr\/wp-json\/wp\/v2\/product_brand?post=105281"},{"taxonomy":"product_cat","embeddable":true,"href":"https:\/\/tourtravelandmore.com\/fr\/wp-json\/wp\/v2\/product_cat?post=105281"},{"taxonomy":"product_tag","embeddable":true,"href":"https:\/\/tourtravelandmore.com\/fr\/wp-json\/wp\/v2\/product_tag?post=105281"}],"curies":[{"name":"wp","href":"https:\/\/api.w.org\/{rel}","templated":true}]}}