{"id":105271,"date":"2020-11-27T09:16:03","date_gmt":"2020-11-27T08:16:03","guid":{"rendered":"https:\/\/tourtravelandmore.com\/tours\/non%20class\u00e9\/private-tour-to-springfield-from-st-louis\/"},"modified":"2021-03-24T20:40:51","modified_gmt":"2021-03-24T19:40:51","slug":"private-tour-to-springfield-from-st-louis","status":"publish","type":"product","link":"https:\/\/tourtravelandmore.com\/fr\/tours\/etats-unis-fr\/st-louis-fr\/private-tour-to-springfield-from-st-louis\/","title":{"rendered":"Visite priv\u00e9e \u00e0 Springfield depuis St Louis"},"content":{"rendered":"<h2>Description:<\/h2>\n<p>Aventure lors de cette visite priv\u00e9e \u00e0 Springfield au d\u00e9part de St Louis confortablement dans un v\u00e9hicule de luxe priv\u00e9. Vous serez \u00e9galement accompagn\u00e9 d&#8217;un chauffeur priv\u00e9 et une fois \u00e0 Springfield, vous rencontrerez un guide priv\u00e9 local. Pr\u00e9parez-vous \u00e0 passer une journ\u00e9e incroyable hors de St Louis avec des professionnels.<\/p>\n<p>La prise en charge sera organis\u00e9e depuis votre h\u00f4tel ou lieu de votre choix \u00e0 St Louis. Si vous avez besoin d&#8217;une prise en charge \u00e0 l&#8217;a\u00e9roport ou \u00e0 un endroit \u00e9loign\u00e9, faites-le nous savoir et nous organiserons tout pour vous.<\/p>\n<p>Springfield est la capitale de l&#8217;\u00e9tat de l&#8217;Illinois. L&#8217;un des habitants les plus importants et les plus importants de la ville \u00e0 partir de 1837 \u00e9tait Abraham Lincoln. Cette ville a une \u00e9conomie forte bas\u00e9e sur des t\u00e2ches gouvernementales. Springfield est une ville magnifique avec une architecture incroyable et unique.<\/p>\n<p>Saisissez l&#8217;occasion de visiter une ville diff\u00e9rente avec cette visite priv\u00e9e \u00e0 Springfield au d\u00e9part de St Louis. Vous pouvez personnaliser votre visite en contactant simplement Tour Travel &amp; More. Son \u00e9quipe est pr\u00eate \u00e0 vous aider et \u00e0 vous accompagner dans vos envies.<\/p>\n<h2>Sites d&#8217;int\u00e9r\u00eat et monuments<\/h2>\n<p>Tout d&#8217;abord, votre chauffeur priv\u00e9 viendra vous chercher \u00e0 votre h\u00f4tel \u00e0 St Louis. Le trajet jusqu&#8217;\u00e0 Springfield dure environ une heure et demie et le m\u00eame retour.<\/p>\n<p>Une fois \u00e0 Springfield, vous rencontrerez votre guide officiel priv\u00e9 pour une visite guid\u00e9e de 3 heures. Vous pourrez explorer les monuments et sites les plus importants de cette ville \u00e9tonnante. Au cours de cette excursion d&#8217;une journ\u00e9e, vous visiterez les lieux suivants:<\/p>\n<ul>\n<li>Maison Lincoln<\/li>\n<li>Parc de Washington<\/li>\n<li>Maison Dana-Thomas<\/li>\n<li>B\u00e2timent du Capitole de l&#8217;\u00c9tat de l&#8217;Illinois<\/li>\n<li>Old State Capitol<\/li>\n<li>Mus\u00e9e d&#8217;\u00c9tat de l&#8217;Illinois<\/li>\n<li>Parc Douglas<\/li>\n<li>Association du monument de Lincoln<\/li>\n<li>Parc des Iles<\/li>\n<li>et bien plus!<\/li>\n<\/ul>\n<p>Nous pouvons inclure un billet d&#8217;entr\u00e9e \u00e0 tout moment ou mus\u00e9e que vous souhaitez visiter. Bien s\u00fbr, vous ferez \u00e9galement une halte pour le d\u00e9jeuner et d\u00e9gusterez un plat typique de la ville et vous \u00e9merveillerez autour de son centre.<\/p>\n<p>Enfin, \u00e0 la fin de la visite, votre chauffeur priv\u00e9 vous ram\u00e8nera \u00e0 St Louis.<\/p>\n<p>Nous proposons \u00e9galement un transfert priv\u00e9 de St Louis \u00e0 l&#8217;a\u00e9roport ou \u00e0 toute ville proche, jetez un \u0153il ici!.<\/p>\n<p><button style=\"width: auto; height: auto; background-image: url('data:image\/png;base64,iVBORw0KGgoAAAANSUhEUgAAADAAAAAwCAYAAABXAvmHAAABS2lUWHRYTUw6Y29tLmFkb2JlLnhtcAAAAAAAPD94cGFja2V0IGJlZ2luPSLvu78iIGlkPSJXNU0wTXBDZWhpSHpyZVN6TlRjemtjOWQiPz4KPHg6eG1wbWV0YSB4bWxuczp4PSJhZG9iZTpuczptZXRhLyIgeDp4bXB0az0iQWRvYmUgWE1QIENvcmUgNS42LWMxMzggNzkuMTU5ODI0LCAyMDE2LzA5LzE0LTAxOjA5OjAxICAgICAgICAiPgogPHJkZjpSREYgeG1sbnM6cmRmPSJodHRwOi8vd3d3LnczLm9yZy8xOTk5LzAyLzIyLXJkZi1zeW50YXgtbnMjIj4KICA8cmRmOkRlc2NyaXB0aW9uIHJkZjphYm91dD0iIi8+CiA8L3JkZjpSREY+CjwveDp4bXBtZXRhPgo8P3hwYWNrZXQgZW5kPSJyIj8+IEmuOgAAAx5JREFUaIHtmj1L81wYx39JI75AbYtgBTFTRdQGXV2cxMlPICjiakHE0cVJB5FO4uLgN1AnZ\/0EgoLQtd6tL6hJIwia9DzDg6Wxpcb7hMTe+INCz+t1\/TnJuU7OOYoQ4g8Qpz2xFSGEiNoLGVTAjtoJCWw1ag9k0eoTQgg2NzcplUp0dHRE5VNTHMdB0zTy+TydnZ21fI8Ay7K4vr4ml8uRSqVCd7IVQgjW19cpFAoYhlHLbxiBTCbD9PR06A76YXx8HNd1PXmed0BRFBzHwTTNUB3zy\/v7O7FYzJPX9i\/xr4Co0b6u0prj42Pu7u5a1unp6UHXdSYmJkgmk7ImPUgLWFlZoVQq+aqbSCSYn59ne3ubRCIhaxoI4BHSdd13Xcuy2N\/fxzCML0fNL9IjoChK7f\/p6Smjo6MNdWzb5vz8nI2NDUzTpFgsMjMzw+Xlpax5eQH1TE5OMjAw0LQsm80yNzdHNpvFtm2urq44PDxkaWlJymags9D9\/X3Lcl3X2dnZqaX39vakbYY+jS4uLtLV1QXAxcUFlUpFqr\/QBXR3d9Pf3w\/8v8J8fn6W6i90Aa7r8vT0BEAsFpOeTkMXcHJywsvLCwAjIyPSgS1QAb29vS3LHx4eyOVytfTy8rK0zUAFPD4+8vb25vm9vr5SLBY5ODjAMAzK5TIAQ0NDrK6uStsMNA7Mzs42rNfrn\/kP0uk0Z2dnaJq8+UAFfHb0M6qqsrCwwO7uLn19fYHYDFTA2tpa00isaRqDg4NMTU19a+3kh0AFbG1t1YJUWAT6EhcKhSC780Xbf5H9CoiaXwFRIy2gPng5jiPb3beRjgPDw8NYlgUQegyAAAQcHR3xccgTxNrmu0hbjMJpj32ZxkIITNOkWq16tlf8tlVVlWQy+e229UgLKJfLuK77VwI+PikjE6CqKmNjYzJdSPPvxQFVVT2HaD8JVVX5fKzdcEZWLpe5vb39cYd8ADc3Nw1nZB4B8XicdDpNPp+PJCi1wnEcUqkUmUzGk68IISp8uitRqVSoVqth+ueLJntIdtNZ6Kv9nZ9E21\/20IASbXzd5j\/MIQu2KoJrJwAAAABJRU5ErkJggg=='); background-size: 14px 14px; background-color: #000000; position: absolute; opacity: 1; z-index: 86753099; display: none; cursor: pointer; border: none; border-top-left-radius: 3px; border-top-right-radius: 3px; border-bottom-right-radius: 3px; border-bottom-left-radius: 3px; text-indent: 20px; padding: 0px 4px 0px 0px; text-align: center; font-style: normal; font-variant-caps: normal; font-weight: bold; font-stretch: normal; font-size: 11px; line-height: 20px; font-family: 'Helvetica Neue', Helvetica, sans-serif; color: #ffffff; text-transform: capitalize; -webkit-font-smoothing: antialiased; top: 1397px; left: 563px; background-position: 3px 50%; background-repeat: no-repeat no-repeat;\">plan it<\/button><\/p>\n","protected":false},"excerpt":{"rendered":"<p>Nous entendons tous parler de la ville de Springfield, alors obtenez la possibilit\u00e9 de visiter cette ville incroyable de St Louis confortablement dans un v\u00e9hicule de luxe priv\u00e9 avec chauffeur. Vous visiterez les lieux les plus repr\u00e9sentatifs aux c\u00f4t\u00e9s d&#8217;un guide local.<\/p>\n","protected":false},"featured_media":88209,"comment_status":"open","ping_status":"closed","template":"","meta":{"_acf_changed":false},"product_brand":[],"product_cat":[3547,3786],"product_tag":[],"class_list":{"0":"post-105271","1":"product","2":"type-product","3":"status-publish","4":"has-post-thumbnail","6":"product_cat-etats-unis-fr","7":"product_cat-st-louis-fr","9":"first","10":"instock","11":"shipping-taxable","12":"purchasable","13":"product-type-simple"},"acf":[],"yoast_head":"<!-- This site is optimized with the Yoast SEO Premium plugin v25.3.1 (Yoast SEO v25.3.1) - https:\/\/yoast.com\/wordpress\/plugins\/seo\/ -->\n<title>Visite priv\u00e9e \u00e0 Springfield de St Louis en v\u00e9hicule de luxe priv\u00e9<\/title>\n<meta name=\"description\" content=\"Rejoignez-nous pour cette visite priv\u00e9e \u00e0 Springfield au d\u00e9part de St Louis et courez la chance de visiter la capitale des \u00c9tats de l&#039;Illinois avec un guide local.\" \/>\n<meta name=\"robots\" content=\"index, follow, max-snippet:-1, max-image-preview:large, max-video-preview:-1\" \/>\n<link rel=\"canonical\" href=\"https:\/\/tourtravelandmore.com\/fr\/tours\/etats-unis-fr\/st-louis-fr\/private-tour-to-springfield-from-st-louis\/\" \/>\n<meta property=\"og:locale\" content=\"fr_FR\" \/>\n<meta property=\"og:type\" content=\"article\" \/>\n<meta property=\"og:title\" content=\"Visite priv\u00e9e \u00e0 Springfield depuis St Louis\" \/>\n<meta property=\"og:description\" content=\"Rejoignez-nous pour cette visite priv\u00e9e \u00e0 Springfield au d\u00e9part de St Louis et courez la chance de visiter la capitale des \u00c9tats de l&#039;Illinois avec un guide local.\" \/>\n<meta property=\"og:url\" content=\"https:\/\/tourtravelandmore.com\/fr\/tours\/etats-unis-fr\/st-louis-fr\/private-tour-to-springfield-from-st-louis\/\" \/>\n<meta property=\"og:site_name\" content=\"Tour Travel And More\" \/>\n<meta property=\"article:publisher\" content=\"https:\/\/www.facebook.com\/tourtravelandmore\/\" \/>\n<meta property=\"article:modified_time\" content=\"2021-03-24T19:40:51+00:00\" \/>\n<meta property=\"og:image\" content=\"https:\/\/tourtravelandmore.com\/wp-content\/uploads\/2020\/11\/springfield-3.jpg\" \/>\n\t<meta property=\"og:image:width\" content=\"1600\" \/>\n\t<meta property=\"og:image:height\" content=\"1236\" \/>\n\t<meta property=\"og:image:type\" content=\"image\/jpeg\" \/>\n<meta name=\"twitter:card\" content=\"summary_large_image\" \/>\n<meta name=\"twitter:site\" content=\"@TourTravel_More\" \/>\n<meta name=\"twitter:label1\" content=\"Dur\u00e9e de lecture estim\u00e9e\" \/>\n\t<meta name=\"twitter:data1\" content=\"2 minutes\" \/>\n<script type=\"application\/ld+json\" class=\"yoast-schema-graph\">{\"@context\":\"https:\/\/schema.org\",\"@graph\":[{\"@type\":\"WebPage\",\"@id\":\"https:\/\/tourtravelandmore.com\/fr\/tours\/etats-unis-fr\/st-louis-fr\/private-tour-to-springfield-from-st-louis\/\",\"url\":\"https:\/\/tourtravelandmore.com\/fr\/tours\/etats-unis-fr\/st-louis-fr\/private-tour-to-springfield-from-st-louis\/\",\"name\":\"Visite priv\u00e9e \u00e0 Springfield de St Louis en v\u00e9hicule de luxe priv\u00e9\",\"isPartOf\":{\"@id\":\"https:\/\/tourtravelandmore.com\/fr\/#website\"},\"primaryImageOfPage\":{\"@id\":\"https:\/\/tourtravelandmore.com\/fr\/tours\/etats-unis-fr\/st-louis-fr\/private-tour-to-springfield-from-st-louis\/#primaryimage\"},\"image\":{\"@id\":\"https:\/\/tourtravelandmore.com\/fr\/tours\/etats-unis-fr\/st-louis-fr\/private-tour-to-springfield-from-st-louis\/#primaryimage\"},\"thumbnailUrl\":\"https:\/\/tourtravelandmore.com\/wp-content\/uploads\/2020\/11\/springfield-3.jpg\",\"datePublished\":\"2020-11-27T08:16:03+00:00\",\"dateModified\":\"2021-03-24T19:40:51+00:00\",\"description\":\"Rejoignez-nous pour cette visite priv\u00e9e \u00e0 Springfield au d\u00e9part de St Louis et courez la chance de visiter la capitale des \u00c9tats de l'Illinois avec un guide local.\",\"breadcrumb\":{\"@id\":\"https:\/\/tourtravelandmore.com\/fr\/tours\/etats-unis-fr\/st-louis-fr\/private-tour-to-springfield-from-st-louis\/#breadcrumb\"},\"inLanguage\":\"fr-FR\",\"potentialAction\":[{\"@type\":\"ReadAction\",\"target\":[\"https:\/\/tourtravelandmore.com\/fr\/tours\/etats-unis-fr\/st-louis-fr\/private-tour-to-springfield-from-st-louis\/\"]}]},{\"@type\":\"ImageObject\",\"inLanguage\":\"fr-FR\",\"@id\":\"https:\/\/tourtravelandmore.com\/fr\/tours\/etats-unis-fr\/st-louis-fr\/private-tour-to-springfield-from-st-louis\/#primaryimage\",\"url\":\"https:\/\/tourtravelandmore.com\/wp-content\/uploads\/2020\/11\/springfield-3.jpg\",\"contentUrl\":\"https:\/\/tourtravelandmore.com\/wp-content\/uploads\/2020\/11\/springfield-3.jpg\",\"width\":1600,\"height\":1236,\"caption\":\"Lincoln Tomb in Spring.\"},{\"@type\":\"BreadcrumbList\",\"@id\":\"https:\/\/tourtravelandmore.com\/fr\/tours\/etats-unis-fr\/st-louis-fr\/private-tour-to-springfield-from-st-louis\/#breadcrumb\",\"itemListElement\":[{\"@type\":\"ListItem\",\"position\":1,\"name\":\"Home\",\"item\":\"https:\/\/tourtravelandmore.com\/fr\/\"},{\"@type\":\"ListItem\",\"position\":2,\"name\":\"Tours\",\"item\":\"https:\/\/tourtravelandmore.com\/fr\/tours\/\"},{\"@type\":\"ListItem\",\"position\":3,\"name\":\"Visite priv\u00e9e \u00e0 Springfield depuis St Louis\"}]},{\"@type\":\"WebSite\",\"@id\":\"https:\/\/tourtravelandmore.com\/fr\/#website\",\"url\":\"https:\/\/tourtravelandmore.com\/fr\/\",\"name\":\"Tour Travel And More\",\"description\":\"Private sightseeing tours and luxury transfers in Spain\",\"publisher\":{\"@id\":\"https:\/\/tourtravelandmore.com\/fr\/#organization\"},\"potentialAction\":[{\"@type\":\"SearchAction\",\"target\":{\"@type\":\"EntryPoint\",\"urlTemplate\":\"https:\/\/tourtravelandmore.com\/fr\/?s={search_term_string}\"},\"query-input\":{\"@type\":\"PropertyValueSpecification\",\"valueRequired\":true,\"valueName\":\"search_term_string\"}}],\"inLanguage\":\"fr-FR\"},{\"@type\":\"Organization\",\"@id\":\"https:\/\/tourtravelandmore.com\/fr\/#organization\",\"name\":\"Tour Travel And More\",\"url\":\"https:\/\/tourtravelandmore.com\/fr\/\",\"logo\":{\"@type\":\"ImageObject\",\"inLanguage\":\"fr-FR\",\"@id\":\"https:\/\/tourtravelandmore.com\/fr\/#\/schema\/logo\/image\/\",\"url\":\"https:\/\/tourtravelandmore.com\/wp-content\/uploads\/2022\/12\/cropped-logo-cabecera-new.png\",\"contentUrl\":\"https:\/\/tourtravelandmore.com\/wp-content\/uploads\/2022\/12\/cropped-logo-cabecera-new.png\",\"width\":430,\"height\":61,\"caption\":\"Tour Travel And More\"},\"image\":{\"@id\":\"https:\/\/tourtravelandmore.com\/fr\/#\/schema\/logo\/image\/\"},\"sameAs\":[\"https:\/\/www.facebook.com\/tourtravelandmore\/\",\"https:\/\/x.com\/TourTravel_More\"]}]}<\/script>\n<!-- \/ Yoast SEO Premium plugin. -->","yoast_head_json":{"title":"Visite priv\u00e9e \u00e0 Springfield de St Louis en v\u00e9hicule de luxe priv\u00e9","description":"Rejoignez-nous pour cette visite priv\u00e9e \u00e0 Springfield au d\u00e9part de St Louis et courez la chance de visiter la capitale des \u00c9tats de l'Illinois avec un guide local.","robots":{"index":"index","follow":"follow","max-snippet":"max-snippet:-1","max-image-preview":"max-image-preview:large","max-video-preview":"max-video-preview:-1"},"canonical":"https:\/\/tourtravelandmore.com\/fr\/tours\/etats-unis-fr\/st-louis-fr\/private-tour-to-springfield-from-st-louis\/","og_locale":"fr_FR","og_type":"article","og_title":"Visite priv\u00e9e \u00e0 Springfield depuis St Louis","og_description":"Rejoignez-nous pour cette visite priv\u00e9e \u00e0 Springfield au d\u00e9part de St Louis et courez la chance de visiter la capitale des \u00c9tats de l'Illinois avec un guide local.","og_url":"https:\/\/tourtravelandmore.com\/fr\/tours\/etats-unis-fr\/st-louis-fr\/private-tour-to-springfield-from-st-louis\/","og_site_name":"Tour Travel And More","article_publisher":"https:\/\/www.facebook.com\/tourtravelandmore\/","article_modified_time":"2021-03-24T19:40:51+00:00","og_image":[{"width":1600,"height":1236,"url":"https:\/\/tourtravelandmore.com\/wp-content\/uploads\/2020\/11\/springfield-3.jpg","type":"image\/jpeg"}],"twitter_card":"summary_large_image","twitter_site":"@TourTravel_More","twitter_misc":{"Dur\u00e9e de lecture estim\u00e9e":"2 minutes"},"schema":{"@context":"https:\/\/schema.org","@graph":[{"@type":"WebPage","@id":"https:\/\/tourtravelandmore.com\/fr\/tours\/etats-unis-fr\/st-louis-fr\/private-tour-to-springfield-from-st-louis\/","url":"https:\/\/tourtravelandmore.com\/fr\/tours\/etats-unis-fr\/st-louis-fr\/private-tour-to-springfield-from-st-louis\/","name":"Visite priv\u00e9e \u00e0 Springfield de St Louis en v\u00e9hicule de luxe priv\u00e9","isPartOf":{"@id":"https:\/\/tourtravelandmore.com\/fr\/#website"},"primaryImageOfPage":{"@id":"https:\/\/tourtravelandmore.com\/fr\/tours\/etats-unis-fr\/st-louis-fr\/private-tour-to-springfield-from-st-louis\/#primaryimage"},"image":{"@id":"https:\/\/tourtravelandmore.com\/fr\/tours\/etats-unis-fr\/st-louis-fr\/private-tour-to-springfield-from-st-louis\/#primaryimage"},"thumbnailUrl":"https:\/\/tourtravelandmore.com\/wp-content\/uploads\/2020\/11\/springfield-3.jpg","datePublished":"2020-11-27T08:16:03+00:00","dateModified":"2021-03-24T19:40:51+00:00","description":"Rejoignez-nous pour cette visite priv\u00e9e \u00e0 Springfield au d\u00e9part de St Louis et courez la chance de visiter la capitale des \u00c9tats de l'Illinois avec un guide local.","breadcrumb":{"@id":"https:\/\/tourtravelandmore.com\/fr\/tours\/etats-unis-fr\/st-louis-fr\/private-tour-to-springfield-from-st-louis\/#breadcrumb"},"inLanguage":"fr-FR","potentialAction":[{"@type":"ReadAction","target":["https:\/\/tourtravelandmore.com\/fr\/tours\/etats-unis-fr\/st-louis-fr\/private-tour-to-springfield-from-st-louis\/"]}]},{"@type":"ImageObject","inLanguage":"fr-FR","@id":"https:\/\/tourtravelandmore.com\/fr\/tours\/etats-unis-fr\/st-louis-fr\/private-tour-to-springfield-from-st-louis\/#primaryimage","url":"https:\/\/tourtravelandmore.com\/wp-content\/uploads\/2020\/11\/springfield-3.jpg","contentUrl":"https:\/\/tourtravelandmore.com\/wp-content\/uploads\/2020\/11\/springfield-3.jpg","width":1600,"height":1236,"caption":"Lincoln Tomb in Spring."},{"@type":"BreadcrumbList","@id":"https:\/\/tourtravelandmore.com\/fr\/tours\/etats-unis-fr\/st-louis-fr\/private-tour-to-springfield-from-st-louis\/#breadcrumb","itemListElement":[{"@type":"ListItem","position":1,"name":"Home","item":"https:\/\/tourtravelandmore.com\/fr\/"},{"@type":"ListItem","position":2,"name":"Tours","item":"https:\/\/tourtravelandmore.com\/fr\/tours\/"},{"@type":"ListItem","position":3,"name":"Visite priv\u00e9e \u00e0 Springfield depuis St Louis"}]},{"@type":"WebSite","@id":"https:\/\/tourtravelandmore.com\/fr\/#website","url":"https:\/\/tourtravelandmore.com\/fr\/","name":"Tour Travel And More","description":"Private sightseeing tours and luxury transfers in Spain","publisher":{"@id":"https:\/\/tourtravelandmore.com\/fr\/#organization"},"potentialAction":[{"@type":"SearchAction","target":{"@type":"EntryPoint","urlTemplate":"https:\/\/tourtravelandmore.com\/fr\/?s={search_term_string}"},"query-input":{"@type":"PropertyValueSpecification","valueRequired":true,"valueName":"search_term_string"}}],"inLanguage":"fr-FR"},{"@type":"Organization","@id":"https:\/\/tourtravelandmore.com\/fr\/#organization","name":"Tour Travel And More","url":"https:\/\/tourtravelandmore.com\/fr\/","logo":{"@type":"ImageObject","inLanguage":"fr-FR","@id":"https:\/\/tourtravelandmore.com\/fr\/#\/schema\/logo\/image\/","url":"https:\/\/tourtravelandmore.com\/wp-content\/uploads\/2022\/12\/cropped-logo-cabecera-new.png","contentUrl":"https:\/\/tourtravelandmore.com\/wp-content\/uploads\/2022\/12\/cropped-logo-cabecera-new.png","width":430,"height":61,"caption":"Tour Travel And More"},"image":{"@id":"https:\/\/tourtravelandmore.com\/fr\/#\/schema\/logo\/image\/"},"sameAs":["https:\/\/www.facebook.com\/tourtravelandmore\/","https:\/\/x.com\/TourTravel_More"]}]}},"_links":{"self":[{"href":"https:\/\/tourtravelandmore.com\/fr\/wp-json\/wp\/v2\/product\/105271","targetHints":{"allow":["GET"]}}],"collection":[{"href":"https:\/\/tourtravelandmore.com\/fr\/wp-json\/wp\/v2\/product"}],"about":[{"href":"https:\/\/tourtravelandmore.com\/fr\/wp-json\/wp\/v2\/types\/product"}],"replies":[{"embeddable":true,"href":"https:\/\/tourtravelandmore.com\/fr\/wp-json\/wp\/v2\/comments?post=105271"}],"wp:featuredmedia":[{"embeddable":true,"href":"https:\/\/tourtravelandmore.com\/fr\/wp-json\/wp\/v2\/media\/88209"}],"wp:attachment":[{"href":"https:\/\/tourtravelandmore.com\/fr\/wp-json\/wp\/v2\/media?parent=105271"}],"wp:term":[{"taxonomy":"product_brand","embeddable":true,"href":"https:\/\/tourtravelandmore.com\/fr\/wp-json\/wp\/v2\/product_brand?post=105271"},{"taxonomy":"product_cat","embeddable":true,"href":"https:\/\/tourtravelandmore.com\/fr\/wp-json\/wp\/v2\/product_cat?post=105271"},{"taxonomy":"product_tag","embeddable":true,"href":"https:\/\/tourtravelandmore.com\/fr\/wp-json\/wp\/v2\/product_tag?post=105271"}],"curies":[{"name":"wp","href":"https:\/\/api.w.org\/{rel}","templated":true}]}}