{"id":105253,"date":"2020-11-26T09:55:10","date_gmt":"2020-11-26T08:55:10","guid":{"rendered":"https:\/\/tourtravelandmore.com\/tours\/non%20class\u00e9\/private-st-louis-walking-tour\/"},"modified":"2021-03-24T20:36:10","modified_gmt":"2021-03-24T19:36:10","slug":"private-st-louis-walking-tour","status":"publish","type":"product","link":"https:\/\/tourtravelandmore.com\/fr\/tours\/etats-unis-fr\/st-louis-fr\/private-st-louis-walking-tour\/","title":{"rendered":"Visite priv\u00e9e \u00e0 pied de Saint-Louis"},"content":{"rendered":"<h2>Description:<\/h2>\n<p>Obtenez la chance de vous \u00e9merveiller dans la ville avec cette visite priv\u00e9e \u00e0 pied de Saint-Louis. Votre guide priv\u00e9 officiel sera \u00e0 votre enti\u00e8re disposition pour une visite guid\u00e9e de 3 heures. Cette exp\u00e9rience priv\u00e9e vous donne l&#8217;opportunit\u00e9 de conna\u00eetre les points forts de la ville.<\/p>\n<p>Le point de rendez-vous avec votre guide officiel priv\u00e9 sera \u00e0 votre h\u00f4tel situ\u00e9 au centre ou au point de rendez-vous central de Saint-Louis. Si vous ne s\u00e9journez pas dans le centre, nous pouvons organiser un transfert priv\u00e9 rien que pour vous et votre groupe.<\/p>\n<p>Saint-Louis est une grande ville situ\u00e9e dans le Missouri, le long du fleuve Mississippi. Cette ville est tr\u00e8s connue comme la \u00abville du baseball\u00bb en raison de ses importantes \u00e9quipes de baseball. \u00c0 St Louis, vous trouverez une ville avec de nombreux parcs avec des \u00e9quipements tels que des installations sportives, des aires de concert, des aires de pique-nique et des lacs. Le plus grand parc situ\u00e9 \u00e0 l&#8217;ouest de la ville est le parc forestier.<\/p>\n<p>Venez avec nous lors de cette visite priv\u00e9e \u00e0 pied de St Louis et admirez vous-m\u00eame avec cette ville incroyable. Votre guide local vous expliquera l&#8217;histoire et la culture qui caract\u00e9risent Saint-Louis.<\/p>\n<h2>Sites d&#8217;int\u00e9r\u00eat et monuments<\/h2>\n<p>Tout d&#8217;abord, votre guide officiel priv\u00e9 viendra vous chercher dans un lieu central de St Louis. L&#8217;heure de d\u00e9but de la visite sera d\u00e9termin\u00e9e par vous, car il s&#8217;agit d&#8217;une visite \u00e0 pied priv\u00e9e et personnalis\u00e9e.<\/p>\n<p>St Louis est une ville ancr\u00e9e dans ses traditions, ici, vous \u00e9couterez du blues dans tous les lieux et magasins que vous visiterez. Un fait int\u00e9ressant est que vous pouvez assister \u00e0 un concert de blues tous les soirs de la semaine.<\/p>\n<p>Au cours de cette visite priv\u00e9e \u00e0 pied de St Louis, vous pourrez visiter:<\/p>\n<ul>\n<li>Gateway Arch: c&#8217;est la partie la plus importante du Jefferson National Expansion Monument<\/li>\n<li>Parc national de Gateway Arch<\/li>\n<li>Basilique Saint Louis<\/li>\n<li>Ancien palais de justice<\/li>\n<li>Pont d&#8217;Eads<\/li>\n<li>Parc de sculptures Citygarden<\/li>\n<li>Mus\u00e9e militaire comm\u00e9moratif des soldats<\/li>\n<li>Memorial Plaza<\/li>\n<li>Stade de Busch<\/li>\n<li>et bien plus!<\/li>\n<\/ul>\n<p>Cette visite priv\u00e9e a une dur\u00e9e totale de 3 heures, mais si vous \u00eates int\u00e9ress\u00e9, nous pouvons inclure plus d&#8217;heures \u00e0 votre exp\u00e9rience. M\u00eame, nous pouvons \u00e9galement inclure un billet d&#8217;entr\u00e9e \u00e0 n&#8217;importe quel monument ou mus\u00e9e.<\/p>\n<p>Enfin, \u00e0 la fin de la visite, votre guide officiel priv\u00e9 vous d\u00e9posera dans un lieu central de St Louis.<\/p>\n<p>Si vous recherchez une exp\u00e9rience plus compl\u00e8te, jetez un \u0153il \u00e0 notre visite priv\u00e9e de la ville de St Louis.<\/p>\n<p><button style=\"width: auto; height: auto; background-image: url('data:image\/png;base64,iVBORw0KGgoAAAANSUhEUgAAADAAAAAwCAYAAABXAvmHAAABS2lUWHRYTUw6Y29tLmFkb2JlLnhtcAAAAAAAPD94cGFja2V0IGJlZ2luPSLvu78iIGlkPSJXNU0wTXBDZWhpSHpyZVN6TlRjemtjOWQiPz4KPHg6eG1wbWV0YSB4bWxuczp4PSJhZG9iZTpuczptZXRhLyIgeDp4bXB0az0iQWRvYmUgWE1QIENvcmUgNS42LWMxMzggNzkuMTU5ODI0LCAyMDE2LzA5LzE0LTAxOjA5OjAxICAgICAgICAiPgogPHJkZjpSREYgeG1sbnM6cmRmPSJodHRwOi8vd3d3LnczLm9yZy8xOTk5LzAyLzIyLXJkZi1zeW50YXgtbnMjIj4KICA8cmRmOkRlc2NyaXB0aW9uIHJkZjphYm91dD0iIi8+CiA8L3JkZjpSREY+CjwveDp4bXBtZXRhPgo8P3hwYWNrZXQgZW5kPSJyIj8+IEmuOgAAAx5JREFUaIHtmj1L81wYx39JI75AbYtgBTFTRdQGXV2cxMlPICjiakHE0cVJB5FO4uLgN1AnZ\/0EgoLQtd6tL6hJIwia9DzDg6Wxpcb7hMTe+INCz+t1\/TnJuU7OOYoQ4g8Qpz2xFSGEiNoLGVTAjtoJCWw1ag9k0eoTQgg2NzcplUp0dHRE5VNTHMdB0zTy+TydnZ21fI8Ay7K4vr4ml8uRSqVCd7IVQgjW19cpFAoYhlHLbxiBTCbD9PR06A76YXx8HNd1PXmed0BRFBzHwTTNUB3zy\/v7O7FYzJPX9i\/xr4Co0b6u0prj42Pu7u5a1unp6UHXdSYmJkgmk7ImPUgLWFlZoVQq+aqbSCSYn59ne3ubRCIhaxoI4BHSdd13Xcuy2N\/fxzCML0fNL9IjoChK7f\/p6Smjo6MNdWzb5vz8nI2NDUzTpFgsMjMzw+Xlpax5eQH1TE5OMjAw0LQsm80yNzdHNpvFtm2urq44PDxkaWlJymags9D9\/X3Lcl3X2dnZqaX39vakbYY+jS4uLtLV1QXAxcUFlUpFqr\/QBXR3d9Pf3w\/8v8J8fn6W6i90Aa7r8vT0BEAsFpOeTkMXcHJywsvLCwAjIyPSgS1QAb29vS3LHx4eyOVytfTy8rK0zUAFPD4+8vb25vm9vr5SLBY5ODjAMAzK5TIAQ0NDrK6uStsMNA7Mzs42rNfrn\/kP0uk0Z2dnaJq8+UAFfHb0M6qqsrCwwO7uLn19fYHYDFTA2tpa00isaRqDg4NMTU19a+3kh0AFbG1t1YJUWAT6EhcKhSC780Xbf5H9CoiaXwFRIy2gPng5jiPb3beRjgPDw8NYlgUQegyAAAQcHR3xccgTxNrmu0hbjMJpj32ZxkIITNOkWq16tlf8tlVVlWQy+e229UgLKJfLuK77VwI+PikjE6CqKmNjYzJdSPPvxQFVVT2HaD8JVVX5fKzdcEZWLpe5vb39cYd8ADc3Nw1nZB4B8XicdDpNPp+PJCi1wnEcUqkUmUzGk68IISp8uitRqVSoVqth+ueLJntIdtNZ6Kv9nZ9E21\/20IASbXzd5j\/MIQu2KoJrJwAAAABJRU5ErkJggg=='); background-size: 14px 14px; background-color: #000000; position: absolute; opacity: 1; z-index: 86753099; display: none; cursor: pointer; border: none; border-top-left-radius: 3px; border-top-right-radius: 3px; border-bottom-right-radius: 3px; border-bottom-left-radius: 3px; text-indent: 20px; padding: 0px 4px 0px 0px; text-align: center; font-style: normal; font-variant-caps: normal; font-weight: bold; font-stretch: normal; font-size: 11px; line-height: 20px; font-family: 'Helvetica Neue', Helvetica, sans-serif; color: #ffffff; text-transform: capitalize; -webkit-font-smoothing: antialiased; top: 1397px; left: 563px; background-position: 3px 50%; background-repeat: no-repeat no-repeat;\">plan it<\/button><\/p>\n","protected":false},"excerpt":{"rendered":"<p>Saisissez l&#8217;occasion de conna\u00eetre la deuxi\u00e8me plus grande ville du Missouri: St Louis. Vous aurez un guide officiel priv\u00e9 disponible juste pour vous. Visitez les lieux et monuments les plus importants de cette ville incroyable.<\/p>\n","protected":false},"featured_media":88071,"comment_status":"open","ping_status":"closed","template":"","meta":{"_acf_changed":false},"product_brand":[],"product_cat":[3547,3786],"product_tag":[],"class_list":{"0":"post-105253","1":"product","2":"type-product","3":"status-publish","4":"has-post-thumbnail","6":"product_cat-etats-unis-fr","7":"product_cat-st-louis-fr","9":"first","10":"instock","11":"shipping-taxable","12":"purchasable","13":"product-type-simple"},"acf":[],"yoast_head":"<!-- This site is optimized with the Yoast SEO Premium plugin v25.3.1 (Yoast SEO v25.3.1) - https:\/\/yoast.com\/wordpress\/plugins\/seo\/ -->\n<title>Visite priv\u00e9e \u00e0 pied de Saint-Louis avec un guide officiel local<\/title>\n<meta name=\"description\" content=\"Rejoignez-nous pour cette visite priv\u00e9e \u00e0 pied de St Louis aux c\u00f4t\u00e9s d&#039;un guide officiel priv\u00e9 et visitez les points forts de cette ville incroyable.\" \/>\n<meta name=\"robots\" content=\"index, follow, max-snippet:-1, max-image-preview:large, max-video-preview:-1\" \/>\n<link rel=\"canonical\" href=\"https:\/\/tourtravelandmore.com\/fr\/tours\/etats-unis-fr\/st-louis-fr\/private-st-louis-walking-tour\/\" \/>\n<meta property=\"og:locale\" content=\"fr_FR\" \/>\n<meta property=\"og:type\" content=\"article\" \/>\n<meta property=\"og:title\" content=\"Visite priv\u00e9e \u00e0 pied de Saint-Louis\" \/>\n<meta property=\"og:description\" content=\"Rejoignez-nous pour cette visite priv\u00e9e \u00e0 pied de St Louis aux c\u00f4t\u00e9s d&#039;un guide officiel priv\u00e9 et visitez les points forts de cette ville incroyable.\" \/>\n<meta property=\"og:url\" content=\"https:\/\/tourtravelandmore.com\/fr\/tours\/etats-unis-fr\/st-louis-fr\/private-st-louis-walking-tour\/\" \/>\n<meta property=\"og:site_name\" content=\"Tour Travel And More\" \/>\n<meta property=\"article:publisher\" content=\"https:\/\/www.facebook.com\/tourtravelandmore\/\" \/>\n<meta property=\"article:modified_time\" content=\"2021-03-24T19:36:10+00:00\" \/>\n<meta property=\"og:image\" content=\"https:\/\/tourtravelandmore.com\/wp-content\/uploads\/2020\/11\/louis-2.jpg\" \/>\n\t<meta property=\"og:image:width\" content=\"2272\" \/>\n\t<meta property=\"og:image:height\" content=\"1704\" \/>\n\t<meta property=\"og:image:type\" content=\"image\/jpeg\" \/>\n<meta name=\"twitter:card\" content=\"summary_large_image\" \/>\n<meta name=\"twitter:site\" content=\"@TourTravel_More\" \/>\n<meta name=\"twitter:label1\" content=\"Dur\u00e9e de lecture estim\u00e9e\" \/>\n\t<meta name=\"twitter:data1\" content=\"2 minutes\" \/>\n<script type=\"application\/ld+json\" class=\"yoast-schema-graph\">{\"@context\":\"https:\/\/schema.org\",\"@graph\":[{\"@type\":\"WebPage\",\"@id\":\"https:\/\/tourtravelandmore.com\/fr\/tours\/etats-unis-fr\/st-louis-fr\/private-st-louis-walking-tour\/\",\"url\":\"https:\/\/tourtravelandmore.com\/fr\/tours\/etats-unis-fr\/st-louis-fr\/private-st-louis-walking-tour\/\",\"name\":\"Visite priv\u00e9e \u00e0 pied de Saint-Louis avec un guide officiel local\",\"isPartOf\":{\"@id\":\"https:\/\/tourtravelandmore.com\/fr\/#website\"},\"primaryImageOfPage\":{\"@id\":\"https:\/\/tourtravelandmore.com\/fr\/tours\/etats-unis-fr\/st-louis-fr\/private-st-louis-walking-tour\/#primaryimage\"},\"image\":{\"@id\":\"https:\/\/tourtravelandmore.com\/fr\/tours\/etats-unis-fr\/st-louis-fr\/private-st-louis-walking-tour\/#primaryimage\"},\"thumbnailUrl\":\"https:\/\/tourtravelandmore.com\/wp-content\/uploads\/2020\/11\/louis-2.jpg\",\"datePublished\":\"2020-11-26T08:55:10+00:00\",\"dateModified\":\"2021-03-24T19:36:10+00:00\",\"description\":\"Rejoignez-nous pour cette visite priv\u00e9e \u00e0 pied de St Louis aux c\u00f4t\u00e9s d'un guide officiel priv\u00e9 et visitez les points forts de cette ville incroyable.\",\"breadcrumb\":{\"@id\":\"https:\/\/tourtravelandmore.com\/fr\/tours\/etats-unis-fr\/st-louis-fr\/private-st-louis-walking-tour\/#breadcrumb\"},\"inLanguage\":\"fr-FR\",\"potentialAction\":[{\"@type\":\"ReadAction\",\"target\":[\"https:\/\/tourtravelandmore.com\/fr\/tours\/etats-unis-fr\/st-louis-fr\/private-st-louis-walking-tour\/\"]}]},{\"@type\":\"ImageObject\",\"inLanguage\":\"fr-FR\",\"@id\":\"https:\/\/tourtravelandmore.com\/fr\/tours\/etats-unis-fr\/st-louis-fr\/private-st-louis-walking-tour\/#primaryimage\",\"url\":\"https:\/\/tourtravelandmore.com\/wp-content\/uploads\/2020\/11\/louis-2.jpg\",\"contentUrl\":\"https:\/\/tourtravelandmore.com\/wp-content\/uploads\/2020\/11\/louis-2.jpg\",\"width\":2272,\"height\":1704},{\"@type\":\"BreadcrumbList\",\"@id\":\"https:\/\/tourtravelandmore.com\/fr\/tours\/etats-unis-fr\/st-louis-fr\/private-st-louis-walking-tour\/#breadcrumb\",\"itemListElement\":[{\"@type\":\"ListItem\",\"position\":1,\"name\":\"Home\",\"item\":\"https:\/\/tourtravelandmore.com\/fr\/\"},{\"@type\":\"ListItem\",\"position\":2,\"name\":\"Tours\",\"item\":\"https:\/\/tourtravelandmore.com\/fr\/tours\/\"},{\"@type\":\"ListItem\",\"position\":3,\"name\":\"Visite priv\u00e9e \u00e0 pied de Saint-Louis\"}]},{\"@type\":\"WebSite\",\"@id\":\"https:\/\/tourtravelandmore.com\/fr\/#website\",\"url\":\"https:\/\/tourtravelandmore.com\/fr\/\",\"name\":\"Tour Travel And More\",\"description\":\"Private sightseeing tours and luxury transfers in Spain\",\"publisher\":{\"@id\":\"https:\/\/tourtravelandmore.com\/fr\/#organization\"},\"potentialAction\":[{\"@type\":\"SearchAction\",\"target\":{\"@type\":\"EntryPoint\",\"urlTemplate\":\"https:\/\/tourtravelandmore.com\/fr\/?s={search_term_string}\"},\"query-input\":{\"@type\":\"PropertyValueSpecification\",\"valueRequired\":true,\"valueName\":\"search_term_string\"}}],\"inLanguage\":\"fr-FR\"},{\"@type\":\"Organization\",\"@id\":\"https:\/\/tourtravelandmore.com\/fr\/#organization\",\"name\":\"Tour Travel And More\",\"url\":\"https:\/\/tourtravelandmore.com\/fr\/\",\"logo\":{\"@type\":\"ImageObject\",\"inLanguage\":\"fr-FR\",\"@id\":\"https:\/\/tourtravelandmore.com\/fr\/#\/schema\/logo\/image\/\",\"url\":\"https:\/\/tourtravelandmore.com\/wp-content\/uploads\/2022\/12\/cropped-logo-cabecera-new.png\",\"contentUrl\":\"https:\/\/tourtravelandmore.com\/wp-content\/uploads\/2022\/12\/cropped-logo-cabecera-new.png\",\"width\":430,\"height\":61,\"caption\":\"Tour Travel And More\"},\"image\":{\"@id\":\"https:\/\/tourtravelandmore.com\/fr\/#\/schema\/logo\/image\/\"},\"sameAs\":[\"https:\/\/www.facebook.com\/tourtravelandmore\/\",\"https:\/\/x.com\/TourTravel_More\"]}]}<\/script>\n<!-- \/ Yoast SEO Premium plugin. -->","yoast_head_json":{"title":"Visite priv\u00e9e \u00e0 pied de Saint-Louis avec un guide officiel local","description":"Rejoignez-nous pour cette visite priv\u00e9e \u00e0 pied de St Louis aux c\u00f4t\u00e9s d'un guide officiel priv\u00e9 et visitez les points forts de cette ville incroyable.","robots":{"index":"index","follow":"follow","max-snippet":"max-snippet:-1","max-image-preview":"max-image-preview:large","max-video-preview":"max-video-preview:-1"},"canonical":"https:\/\/tourtravelandmore.com\/fr\/tours\/etats-unis-fr\/st-louis-fr\/private-st-louis-walking-tour\/","og_locale":"fr_FR","og_type":"article","og_title":"Visite priv\u00e9e \u00e0 pied de Saint-Louis","og_description":"Rejoignez-nous pour cette visite priv\u00e9e \u00e0 pied de St Louis aux c\u00f4t\u00e9s d'un guide officiel priv\u00e9 et visitez les points forts de cette ville incroyable.","og_url":"https:\/\/tourtravelandmore.com\/fr\/tours\/etats-unis-fr\/st-louis-fr\/private-st-louis-walking-tour\/","og_site_name":"Tour Travel And More","article_publisher":"https:\/\/www.facebook.com\/tourtravelandmore\/","article_modified_time":"2021-03-24T19:36:10+00:00","og_image":[{"width":2272,"height":1704,"url":"https:\/\/tourtravelandmore.com\/wp-content\/uploads\/2020\/11\/louis-2.jpg","type":"image\/jpeg"}],"twitter_card":"summary_large_image","twitter_site":"@TourTravel_More","twitter_misc":{"Dur\u00e9e de lecture estim\u00e9e":"2 minutes"},"schema":{"@context":"https:\/\/schema.org","@graph":[{"@type":"WebPage","@id":"https:\/\/tourtravelandmore.com\/fr\/tours\/etats-unis-fr\/st-louis-fr\/private-st-louis-walking-tour\/","url":"https:\/\/tourtravelandmore.com\/fr\/tours\/etats-unis-fr\/st-louis-fr\/private-st-louis-walking-tour\/","name":"Visite priv\u00e9e \u00e0 pied de Saint-Louis avec un guide officiel local","isPartOf":{"@id":"https:\/\/tourtravelandmore.com\/fr\/#website"},"primaryImageOfPage":{"@id":"https:\/\/tourtravelandmore.com\/fr\/tours\/etats-unis-fr\/st-louis-fr\/private-st-louis-walking-tour\/#primaryimage"},"image":{"@id":"https:\/\/tourtravelandmore.com\/fr\/tours\/etats-unis-fr\/st-louis-fr\/private-st-louis-walking-tour\/#primaryimage"},"thumbnailUrl":"https:\/\/tourtravelandmore.com\/wp-content\/uploads\/2020\/11\/louis-2.jpg","datePublished":"2020-11-26T08:55:10+00:00","dateModified":"2021-03-24T19:36:10+00:00","description":"Rejoignez-nous pour cette visite priv\u00e9e \u00e0 pied de St Louis aux c\u00f4t\u00e9s d'un guide officiel priv\u00e9 et visitez les points forts de cette ville incroyable.","breadcrumb":{"@id":"https:\/\/tourtravelandmore.com\/fr\/tours\/etats-unis-fr\/st-louis-fr\/private-st-louis-walking-tour\/#breadcrumb"},"inLanguage":"fr-FR","potentialAction":[{"@type":"ReadAction","target":["https:\/\/tourtravelandmore.com\/fr\/tours\/etats-unis-fr\/st-louis-fr\/private-st-louis-walking-tour\/"]}]},{"@type":"ImageObject","inLanguage":"fr-FR","@id":"https:\/\/tourtravelandmore.com\/fr\/tours\/etats-unis-fr\/st-louis-fr\/private-st-louis-walking-tour\/#primaryimage","url":"https:\/\/tourtravelandmore.com\/wp-content\/uploads\/2020\/11\/louis-2.jpg","contentUrl":"https:\/\/tourtravelandmore.com\/wp-content\/uploads\/2020\/11\/louis-2.jpg","width":2272,"height":1704},{"@type":"BreadcrumbList","@id":"https:\/\/tourtravelandmore.com\/fr\/tours\/etats-unis-fr\/st-louis-fr\/private-st-louis-walking-tour\/#breadcrumb","itemListElement":[{"@type":"ListItem","position":1,"name":"Home","item":"https:\/\/tourtravelandmore.com\/fr\/"},{"@type":"ListItem","position":2,"name":"Tours","item":"https:\/\/tourtravelandmore.com\/fr\/tours\/"},{"@type":"ListItem","position":3,"name":"Visite priv\u00e9e \u00e0 pied de Saint-Louis"}]},{"@type":"WebSite","@id":"https:\/\/tourtravelandmore.com\/fr\/#website","url":"https:\/\/tourtravelandmore.com\/fr\/","name":"Tour Travel And More","description":"Private sightseeing tours and luxury transfers in Spain","publisher":{"@id":"https:\/\/tourtravelandmore.com\/fr\/#organization"},"potentialAction":[{"@type":"SearchAction","target":{"@type":"EntryPoint","urlTemplate":"https:\/\/tourtravelandmore.com\/fr\/?s={search_term_string}"},"query-input":{"@type":"PropertyValueSpecification","valueRequired":true,"valueName":"search_term_string"}}],"inLanguage":"fr-FR"},{"@type":"Organization","@id":"https:\/\/tourtravelandmore.com\/fr\/#organization","name":"Tour Travel And More","url":"https:\/\/tourtravelandmore.com\/fr\/","logo":{"@type":"ImageObject","inLanguage":"fr-FR","@id":"https:\/\/tourtravelandmore.com\/fr\/#\/schema\/logo\/image\/","url":"https:\/\/tourtravelandmore.com\/wp-content\/uploads\/2022\/12\/cropped-logo-cabecera-new.png","contentUrl":"https:\/\/tourtravelandmore.com\/wp-content\/uploads\/2022\/12\/cropped-logo-cabecera-new.png","width":430,"height":61,"caption":"Tour Travel And More"},"image":{"@id":"https:\/\/tourtravelandmore.com\/fr\/#\/schema\/logo\/image\/"},"sameAs":["https:\/\/www.facebook.com\/tourtravelandmore\/","https:\/\/x.com\/TourTravel_More"]}]}},"_links":{"self":[{"href":"https:\/\/tourtravelandmore.com\/fr\/wp-json\/wp\/v2\/product\/105253","targetHints":{"allow":["GET"]}}],"collection":[{"href":"https:\/\/tourtravelandmore.com\/fr\/wp-json\/wp\/v2\/product"}],"about":[{"href":"https:\/\/tourtravelandmore.com\/fr\/wp-json\/wp\/v2\/types\/product"}],"replies":[{"embeddable":true,"href":"https:\/\/tourtravelandmore.com\/fr\/wp-json\/wp\/v2\/comments?post=105253"}],"wp:featuredmedia":[{"embeddable":true,"href":"https:\/\/tourtravelandmore.com\/fr\/wp-json\/wp\/v2\/media\/88071"}],"wp:attachment":[{"href":"https:\/\/tourtravelandmore.com\/fr\/wp-json\/wp\/v2\/media?parent=105253"}],"wp:term":[{"taxonomy":"product_brand","embeddable":true,"href":"https:\/\/tourtravelandmore.com\/fr\/wp-json\/wp\/v2\/product_brand?post=105253"},{"taxonomy":"product_cat","embeddable":true,"href":"https:\/\/tourtravelandmore.com\/fr\/wp-json\/wp\/v2\/product_cat?post=105253"},{"taxonomy":"product_tag","embeddable":true,"href":"https:\/\/tourtravelandmore.com\/fr\/wp-json\/wp\/v2\/product_tag?post=105253"}],"curies":[{"name":"wp","href":"https:\/\/api.w.org\/{rel}","templated":true}]}}