{"id":105241,"date":"2019-10-30T11:17:38","date_gmt":"2019-10-30T10:17:38","guid":{"rendered":"https:\/\/tourtravelandmore.com\/tours\/non%20class\u00e9\/transfert-prive-a-zurich\/"},"modified":"2023-06-16T18:43:31","modified_gmt":"2023-06-16T16:43:31","slug":"transfert-prive-a-zurich","status":"publish","type":"product","link":"https:\/\/tourtravelandmore.com\/fr\/tours\/la-suisse-fr\/zurich-fr\/all-private-tours-activities-fr-7-zurich-fr\/transfert-prive-a-zurich\/","title":{"rendered":"Transfert priv\u00e9 \u00e0 Zurich"},"content":{"rendered":"<h2>Description<\/h2>\n<p>Avec notre transfert priv\u00e9 \u00e0 Zurich, arrivez \u00e0 votre destination finale facilement et en toute s\u00e9curit\u00e9. Chez Tour Travel &amp; More, nous vous proposons le moyen le plus rapide et le plus simple d&#8217;atteindre votre destination finale \u00e0 Zurich. Notre chauffeur priv\u00e9 sera \u00e0 votre disposition de la prise en charge \u00e0 la d\u00e9pose.<\/p>\n<p>Profitez d&#8217;une exp\u00e9rience relaxante dans l&#8217;un de nos v\u00e9hicules priv\u00e9s de luxe. Nous proposons tous les types de transferts comme par exemple le transfert en train, les transferts a\u00e9roport, le transfert au restaurant ou les transferts vers n&#8217;importe quel endroit de la ville. Nous pouvons \u00e9galement vous emmener vers des transferts hors de la ville comme Lucerne, Gen\u00e8ve ou toute autre ville.<\/p>\n<p>Une fois arriv\u00e9 \u00e0 destination, notre personnel vous attendra avec un panneau au port ou \u00e0 la gare. Vous pourrez \u00e9galement profiter du paysage panoramique de la ville dans votre v\u00e9hicule priv\u00e9 de luxe.<\/p>\n<p>Nous organisons des transferts priv\u00e9s pour toute occasion et pour autant de personnes que n\u00e9cessaire. Nous avons \u00e9galement des si\u00e8ges enfants \u00e0 votre disposition pour ce transfert priv\u00e9 \u00e0 Zurich.<\/p>\n<h2>Sites d&#8217;int\u00e9r\u00eat et monuments<\/h2>\n<p>Zurich est la plus grande ville de Suisse et la capitale du canton de Zurich. Il est situ\u00e9 dans le centre-nord de la Suisse, \u00e0 la pointe nord-ouest du lac de Zurich. La commune compte environ 409 000 habitants, l&#8217;agglom\u00e9ration de 1,315 million d&#8217;habitants et l&#8217;agglom\u00e9ration zurichoise de 1,83 million. Le \u00abQuality of Life Survey\u00bb 2012 de Monocle a class\u00e9 Zurich au premier rang sur une liste des 25 meilleures villes du monde \u00abpour faire une base en\u00bb. Selon plusieurs enqu\u00eates de 2006 \u00e0 2008, Zurich a \u00e9t\u00e9 d\u00e9sign\u00e9e comme la ville offrant la meilleure qualit\u00e9 de vie au monde ainsi que la ville la plus riche d&#8217;Europe en termes de PIB par habitant.<\/p>\n<p>D\u00e9couvrez nos autres visites priv\u00e9es, exp\u00e9riences et activit\u00e9s \u00e0 Zurich.<\/p>\n","protected":false},"excerpt":{"rendered":"<p>Profitez de cette occasion pour profiter de ce moyen confortable pour vous rendre \u00e0 votre destination finale \u00e0 Zurich. Vous disposerez de votre propre v\u00e9hicule de luxe priv\u00e9 avec chauffeur pour vous conduire rapidement et confortablement \u00e0 l&#8217;emplacement de votre choix. La prise en charge peut se faire \u00e0 l&#8217;h\u00f4tel, \u00e0 l&#8217;a\u00e9roport, \u00e0 la gare ou au lieu de votre choix.<\/p>\n","protected":false},"featured_media":93541,"comment_status":"open","ping_status":"closed","template":"","meta":{"_acf_changed":false},"product_brand":[],"product_cat":[4430,4431,3736,4062,3804,4300],"product_tag":[4043,4042],"class_list":{"0":"post-105241","1":"product","2":"type-product","3":"status-publish","4":"has-post-thumbnail","6":"product_cat-private-transfers-fr-5","7":"product_cat-private-transfers-fr-7","8":"product_cat-la-suisse-fr","9":"product_cat-lucerne-fr","10":"product_cat-zurich-fr","11":"product_cat-all-private-tours-activities-fr-7-zurich-fr","12":"product_tag-private-fr","13":"product_tag-transfer-fr","15":"first","16":"instock","17":"shipping-taxable","18":"purchasable","19":"product-type-simple"},"acf":[],"yoast_head":"<!-- This site is optimized with the Yoast SEO Premium plugin v25.3.1 (Yoast SEO v25.3.1) - https:\/\/yoast.com\/wordpress\/plugins\/seo\/ -->\n<title>Transfert priv\u00e9 train \/ a\u00e9roport de Zurich - Transfert priv\u00e9 de Zurich<\/title>\n<meta name=\"description\" content=\"Arrivez \u00e0 votre destination finale \u00e0 Zurich avec notre transfert priv\u00e9 \u00e0 Zurich. V\u00e9hicule de luxe priv\u00e9 avec chauffeur pour vous rendre confortablement \u00e0 votre emplacement.\" \/>\n<meta name=\"robots\" content=\"index, follow, max-snippet:-1, max-image-preview:large, max-video-preview:-1\" \/>\n<link rel=\"canonical\" href=\"https:\/\/tourtravelandmore.com\/fr\/tours\/la-suisse-fr\/zurich-fr\/all-private-tours-activities-fr-7-zurich-fr\/transfert-prive-a-zurich\/\" \/>\n<meta property=\"og:locale\" content=\"fr_FR\" \/>\n<meta property=\"og:type\" content=\"article\" \/>\n<meta property=\"og:title\" content=\"Transfert priv\u00e9 \u00e0 Zurich\" \/>\n<meta property=\"og:description\" content=\"Arrivez \u00e0 votre destination finale \u00e0 Zurich avec notre transfert priv\u00e9 \u00e0 Zurich. V\u00e9hicule de luxe priv\u00e9 avec chauffeur pour vous rendre confortablement \u00e0 votre emplacement.\" \/>\n<meta property=\"og:url\" content=\"https:\/\/tourtravelandmore.com\/fr\/tours\/la-suisse-fr\/zurich-fr\/all-private-tours-activities-fr-7-zurich-fr\/transfert-prive-a-zurich\/\" \/>\n<meta property=\"og:site_name\" content=\"Tour Travel And More\" \/>\n<meta property=\"article:publisher\" content=\"https:\/\/www.facebook.com\/tourtravelandmore\/\" \/>\n<meta property=\"article:modified_time\" content=\"2023-06-16T16:43:31+00:00\" \/>\n<meta property=\"og:image\" content=\"https:\/\/tourtravelandmore.com\/wp-content\/uploads\/2016\/10\/transfer-airport-barcelona.jpg\" \/>\n\t<meta property=\"og:image:width\" content=\"955\" \/>\n\t<meta property=\"og:image:height\" content=\"636\" \/>\n\t<meta property=\"og:image:type\" content=\"image\/jpeg\" \/>\n<meta name=\"twitter:card\" content=\"summary_large_image\" \/>\n<meta name=\"twitter:site\" content=\"@TourTravel_More\" \/>\n<meta name=\"twitter:label1\" content=\"Dur\u00e9e de lecture estim\u00e9e\" \/>\n\t<meta name=\"twitter:data1\" content=\"2 minutes\" \/>\n<script type=\"application\/ld+json\" class=\"yoast-schema-graph\">{\"@context\":\"https:\/\/schema.org\",\"@graph\":[{\"@type\":\"WebPage\",\"@id\":\"https:\/\/tourtravelandmore.com\/fr\/tours\/la-suisse-fr\/zurich-fr\/all-private-tours-activities-fr-7-zurich-fr\/transfert-prive-a-zurich\/\",\"url\":\"https:\/\/tourtravelandmore.com\/fr\/tours\/la-suisse-fr\/zurich-fr\/all-private-tours-activities-fr-7-zurich-fr\/transfert-prive-a-zurich\/\",\"name\":\"Transfert priv\u00e9 train \/ a\u00e9roport de Zurich - Transfert priv\u00e9 de Zurich\",\"isPartOf\":{\"@id\":\"https:\/\/tourtravelandmore.com\/fr\/#website\"},\"primaryImageOfPage\":{\"@id\":\"https:\/\/tourtravelandmore.com\/fr\/tours\/la-suisse-fr\/zurich-fr\/all-private-tours-activities-fr-7-zurich-fr\/transfert-prive-a-zurich\/#primaryimage\"},\"image\":{\"@id\":\"https:\/\/tourtravelandmore.com\/fr\/tours\/la-suisse-fr\/zurich-fr\/all-private-tours-activities-fr-7-zurich-fr\/transfert-prive-a-zurich\/#primaryimage\"},\"thumbnailUrl\":\"https:\/\/tourtravelandmore.com\/wp-content\/uploads\/2016\/10\/transfer-airport-barcelona.jpg\",\"datePublished\":\"2019-10-30T10:17:38+00:00\",\"dateModified\":\"2023-06-16T16:43:31+00:00\",\"description\":\"Arrivez \u00e0 votre destination finale \u00e0 Zurich avec notre transfert priv\u00e9 \u00e0 Zurich. V\u00e9hicule de luxe priv\u00e9 avec chauffeur pour vous rendre confortablement \u00e0 votre emplacement.\",\"breadcrumb\":{\"@id\":\"https:\/\/tourtravelandmore.com\/fr\/tours\/la-suisse-fr\/zurich-fr\/all-private-tours-activities-fr-7-zurich-fr\/transfert-prive-a-zurich\/#breadcrumb\"},\"inLanguage\":\"fr-FR\",\"potentialAction\":[{\"@type\":\"ReadAction\",\"target\":[\"https:\/\/tourtravelandmore.com\/fr\/tours\/la-suisse-fr\/zurich-fr\/all-private-tours-activities-fr-7-zurich-fr\/transfert-prive-a-zurich\/\"]}]},{\"@type\":\"ImageObject\",\"inLanguage\":\"fr-FR\",\"@id\":\"https:\/\/tourtravelandmore.com\/fr\/tours\/la-suisse-fr\/zurich-fr\/all-private-tours-activities-fr-7-zurich-fr\/transfert-prive-a-zurich\/#primaryimage\",\"url\":\"https:\/\/tourtravelandmore.com\/wp-content\/uploads\/2016\/10\/transfer-airport-barcelona.jpg\",\"contentUrl\":\"https:\/\/tourtravelandmore.com\/wp-content\/uploads\/2016\/10\/transfer-airport-barcelona.jpg\",\"width\":955,\"height\":636},{\"@type\":\"BreadcrumbList\",\"@id\":\"https:\/\/tourtravelandmore.com\/fr\/tours\/la-suisse-fr\/zurich-fr\/all-private-tours-activities-fr-7-zurich-fr\/transfert-prive-a-zurich\/#breadcrumb\",\"itemListElement\":[{\"@type\":\"ListItem\",\"position\":1,\"name\":\"Home\",\"item\":\"https:\/\/tourtravelandmore.com\/fr\/\"},{\"@type\":\"ListItem\",\"position\":2,\"name\":\"Tours\",\"item\":\"https:\/\/tourtravelandmore.com\/fr\/tours\/\"},{\"@type\":\"ListItem\",\"position\":3,\"name\":\"Transfert priv\u00e9 \u00e0 Zurich\"}]},{\"@type\":\"WebSite\",\"@id\":\"https:\/\/tourtravelandmore.com\/fr\/#website\",\"url\":\"https:\/\/tourtravelandmore.com\/fr\/\",\"name\":\"Tour Travel And More\",\"description\":\"Private sightseeing tours and luxury transfers in Spain\",\"publisher\":{\"@id\":\"https:\/\/tourtravelandmore.com\/fr\/#organization\"},\"potentialAction\":[{\"@type\":\"SearchAction\",\"target\":{\"@type\":\"EntryPoint\",\"urlTemplate\":\"https:\/\/tourtravelandmore.com\/fr\/?s={search_term_string}\"},\"query-input\":{\"@type\":\"PropertyValueSpecification\",\"valueRequired\":true,\"valueName\":\"search_term_string\"}}],\"inLanguage\":\"fr-FR\"},{\"@type\":\"Organization\",\"@id\":\"https:\/\/tourtravelandmore.com\/fr\/#organization\",\"name\":\"Tour Travel And More\",\"url\":\"https:\/\/tourtravelandmore.com\/fr\/\",\"logo\":{\"@type\":\"ImageObject\",\"inLanguage\":\"fr-FR\",\"@id\":\"https:\/\/tourtravelandmore.com\/fr\/#\/schema\/logo\/image\/\",\"url\":\"https:\/\/tourtravelandmore.com\/wp-content\/uploads\/2022\/12\/cropped-logo-cabecera-new.png\",\"contentUrl\":\"https:\/\/tourtravelandmore.com\/wp-content\/uploads\/2022\/12\/cropped-logo-cabecera-new.png\",\"width\":430,\"height\":61,\"caption\":\"Tour Travel And More\"},\"image\":{\"@id\":\"https:\/\/tourtravelandmore.com\/fr\/#\/schema\/logo\/image\/\"},\"sameAs\":[\"https:\/\/www.facebook.com\/tourtravelandmore\/\",\"https:\/\/x.com\/TourTravel_More\"]}]}<\/script>\n<!-- \/ Yoast SEO Premium plugin. -->","yoast_head_json":{"title":"Transfert priv\u00e9 train \/ a\u00e9roport de Zurich - Transfert priv\u00e9 de Zurich","description":"Arrivez \u00e0 votre destination finale \u00e0 Zurich avec notre transfert priv\u00e9 \u00e0 Zurich. V\u00e9hicule de luxe priv\u00e9 avec chauffeur pour vous rendre confortablement \u00e0 votre emplacement.","robots":{"index":"index","follow":"follow","max-snippet":"max-snippet:-1","max-image-preview":"max-image-preview:large","max-video-preview":"max-video-preview:-1"},"canonical":"https:\/\/tourtravelandmore.com\/fr\/tours\/la-suisse-fr\/zurich-fr\/all-private-tours-activities-fr-7-zurich-fr\/transfert-prive-a-zurich\/","og_locale":"fr_FR","og_type":"article","og_title":"Transfert priv\u00e9 \u00e0 Zurich","og_description":"Arrivez \u00e0 votre destination finale \u00e0 Zurich avec notre transfert priv\u00e9 \u00e0 Zurich. V\u00e9hicule de luxe priv\u00e9 avec chauffeur pour vous rendre confortablement \u00e0 votre emplacement.","og_url":"https:\/\/tourtravelandmore.com\/fr\/tours\/la-suisse-fr\/zurich-fr\/all-private-tours-activities-fr-7-zurich-fr\/transfert-prive-a-zurich\/","og_site_name":"Tour Travel And More","article_publisher":"https:\/\/www.facebook.com\/tourtravelandmore\/","article_modified_time":"2023-06-16T16:43:31+00:00","og_image":[{"width":955,"height":636,"url":"https:\/\/tourtravelandmore.com\/wp-content\/uploads\/2016\/10\/transfer-airport-barcelona.jpg","type":"image\/jpeg"}],"twitter_card":"summary_large_image","twitter_site":"@TourTravel_More","twitter_misc":{"Dur\u00e9e de lecture estim\u00e9e":"2 minutes"},"schema":{"@context":"https:\/\/schema.org","@graph":[{"@type":"WebPage","@id":"https:\/\/tourtravelandmore.com\/fr\/tours\/la-suisse-fr\/zurich-fr\/all-private-tours-activities-fr-7-zurich-fr\/transfert-prive-a-zurich\/","url":"https:\/\/tourtravelandmore.com\/fr\/tours\/la-suisse-fr\/zurich-fr\/all-private-tours-activities-fr-7-zurich-fr\/transfert-prive-a-zurich\/","name":"Transfert priv\u00e9 train \/ a\u00e9roport de Zurich - Transfert priv\u00e9 de Zurich","isPartOf":{"@id":"https:\/\/tourtravelandmore.com\/fr\/#website"},"primaryImageOfPage":{"@id":"https:\/\/tourtravelandmore.com\/fr\/tours\/la-suisse-fr\/zurich-fr\/all-private-tours-activities-fr-7-zurich-fr\/transfert-prive-a-zurich\/#primaryimage"},"image":{"@id":"https:\/\/tourtravelandmore.com\/fr\/tours\/la-suisse-fr\/zurich-fr\/all-private-tours-activities-fr-7-zurich-fr\/transfert-prive-a-zurich\/#primaryimage"},"thumbnailUrl":"https:\/\/tourtravelandmore.com\/wp-content\/uploads\/2016\/10\/transfer-airport-barcelona.jpg","datePublished":"2019-10-30T10:17:38+00:00","dateModified":"2023-06-16T16:43:31+00:00","description":"Arrivez \u00e0 votre destination finale \u00e0 Zurich avec notre transfert priv\u00e9 \u00e0 Zurich. V\u00e9hicule de luxe priv\u00e9 avec chauffeur pour vous rendre confortablement \u00e0 votre emplacement.","breadcrumb":{"@id":"https:\/\/tourtravelandmore.com\/fr\/tours\/la-suisse-fr\/zurich-fr\/all-private-tours-activities-fr-7-zurich-fr\/transfert-prive-a-zurich\/#breadcrumb"},"inLanguage":"fr-FR","potentialAction":[{"@type":"ReadAction","target":["https:\/\/tourtravelandmore.com\/fr\/tours\/la-suisse-fr\/zurich-fr\/all-private-tours-activities-fr-7-zurich-fr\/transfert-prive-a-zurich\/"]}]},{"@type":"ImageObject","inLanguage":"fr-FR","@id":"https:\/\/tourtravelandmore.com\/fr\/tours\/la-suisse-fr\/zurich-fr\/all-private-tours-activities-fr-7-zurich-fr\/transfert-prive-a-zurich\/#primaryimage","url":"https:\/\/tourtravelandmore.com\/wp-content\/uploads\/2016\/10\/transfer-airport-barcelona.jpg","contentUrl":"https:\/\/tourtravelandmore.com\/wp-content\/uploads\/2016\/10\/transfer-airport-barcelona.jpg","width":955,"height":636},{"@type":"BreadcrumbList","@id":"https:\/\/tourtravelandmore.com\/fr\/tours\/la-suisse-fr\/zurich-fr\/all-private-tours-activities-fr-7-zurich-fr\/transfert-prive-a-zurich\/#breadcrumb","itemListElement":[{"@type":"ListItem","position":1,"name":"Home","item":"https:\/\/tourtravelandmore.com\/fr\/"},{"@type":"ListItem","position":2,"name":"Tours","item":"https:\/\/tourtravelandmore.com\/fr\/tours\/"},{"@type":"ListItem","position":3,"name":"Transfert priv\u00e9 \u00e0 Zurich"}]},{"@type":"WebSite","@id":"https:\/\/tourtravelandmore.com\/fr\/#website","url":"https:\/\/tourtravelandmore.com\/fr\/","name":"Tour Travel And More","description":"Private sightseeing tours and luxury transfers in Spain","publisher":{"@id":"https:\/\/tourtravelandmore.com\/fr\/#organization"},"potentialAction":[{"@type":"SearchAction","target":{"@type":"EntryPoint","urlTemplate":"https:\/\/tourtravelandmore.com\/fr\/?s={search_term_string}"},"query-input":{"@type":"PropertyValueSpecification","valueRequired":true,"valueName":"search_term_string"}}],"inLanguage":"fr-FR"},{"@type":"Organization","@id":"https:\/\/tourtravelandmore.com\/fr\/#organization","name":"Tour Travel And More","url":"https:\/\/tourtravelandmore.com\/fr\/","logo":{"@type":"ImageObject","inLanguage":"fr-FR","@id":"https:\/\/tourtravelandmore.com\/fr\/#\/schema\/logo\/image\/","url":"https:\/\/tourtravelandmore.com\/wp-content\/uploads\/2022\/12\/cropped-logo-cabecera-new.png","contentUrl":"https:\/\/tourtravelandmore.com\/wp-content\/uploads\/2022\/12\/cropped-logo-cabecera-new.png","width":430,"height":61,"caption":"Tour Travel And More"},"image":{"@id":"https:\/\/tourtravelandmore.com\/fr\/#\/schema\/logo\/image\/"},"sameAs":["https:\/\/www.facebook.com\/tourtravelandmore\/","https:\/\/x.com\/TourTravel_More"]}]}},"_links":{"self":[{"href":"https:\/\/tourtravelandmore.com\/fr\/wp-json\/wp\/v2\/product\/105241","targetHints":{"allow":["GET"]}}],"collection":[{"href":"https:\/\/tourtravelandmore.com\/fr\/wp-json\/wp\/v2\/product"}],"about":[{"href":"https:\/\/tourtravelandmore.com\/fr\/wp-json\/wp\/v2\/types\/product"}],"replies":[{"embeddable":true,"href":"https:\/\/tourtravelandmore.com\/fr\/wp-json\/wp\/v2\/comments?post=105241"}],"wp:featuredmedia":[{"embeddable":true,"href":"https:\/\/tourtravelandmore.com\/fr\/wp-json\/wp\/v2\/media\/93541"}],"wp:attachment":[{"href":"https:\/\/tourtravelandmore.com\/fr\/wp-json\/wp\/v2\/media?parent=105241"}],"wp:term":[{"taxonomy":"product_brand","embeddable":true,"href":"https:\/\/tourtravelandmore.com\/fr\/wp-json\/wp\/v2\/product_brand?post=105241"},{"taxonomy":"product_cat","embeddable":true,"href":"https:\/\/tourtravelandmore.com\/fr\/wp-json\/wp\/v2\/product_cat?post=105241"},{"taxonomy":"product_tag","embeddable":true,"href":"https:\/\/tourtravelandmore.com\/fr\/wp-json\/wp\/v2\/product_tag?post=105241"}],"curies":[{"name":"wp","href":"https:\/\/api.w.org\/{rel}","templated":true}]}}