{"id":105235,"date":"2019-10-30T01:53:31","date_gmt":"2019-10-30T00:53:31","guid":{"rendered":"https:\/\/tourtravelandmore.com\/tours\/non%20class\u00e9\/visite-privee-de-zurich\/"},"modified":"2023-03-03T16:04:18","modified_gmt":"2023-03-03T15:04:18","slug":"visite-privee-de-zurich","status":"publish","type":"product","link":"https:\/\/tourtravelandmore.com\/fr\/tours\/la-suisse-fr\/zurich-fr\/private-sightseeing-tours-fr-25-zurich-fr\/visite-privee-de-zurich\/","title":{"rendered":"Visite priv\u00e9e de Zurich"},"content":{"rendered":"<h2>Description<\/h2>\n<p>Il s&#8217;agit d&#8217;une visite enti\u00e8rement personnalis\u00e9e \u00e0 <strong>Zurich.<\/strong> Vous pouvez personnaliser chaque visite priv\u00e9e en Suisse simplement en nous contactant. Laissez-nous vous emmener dans cette incroyable visite priv\u00e9e de <strong>Zurich.<\/strong><\/p>\n<p>Vous d\u00e9couvrirez <strong>Zurich<\/strong> et ses lieux les plus embl\u00e9matiques avec votre guide priv\u00e9 officiel.<\/p>\n<p>Profitez de la flexibilit\u00e9 de ce circuit o\u00f9 nous pouvons nous concentrer sur les lieux qui vous int\u00e9ressent le plus. Pendant votre visite, votre guide vous emm\u00e8nera dans les meilleurs endroits de la ville pour prendre les meilleures photos.<\/p>\n<p>Il existe de nombreux autres endroits o\u00f9 votre guide priv\u00e9 peut vous aider \u00e0 explorer, m\u00eame les endroits les plus embl\u00e9matiques et les plus impressionnants de <strong>Zurich,<\/strong> o\u00f9 vous pouvez prendre les meilleures photos quand et o\u00f9 vous le souhaitez lors de votre visite priv\u00e9e. Les sites et le point de rencontre de cette visite sont enti\u00e8rement personnalisables. Veuillez nous contacter pour organiser la visite en fonction de vos besoins personnels.<\/p>\n<h2>Sites d&#8217;int\u00e9r\u00eat et monuments<\/h2>\n<p>Tout d&#8217;abord, nous organiserons une prise en charge priv\u00e9e depuis votre h\u00f4tel ou lieu de votre choix dans la <strong>ville.<\/strong> Nous commencerons ensuite cette visite priv\u00e9e de <strong>Zurich.<\/strong><\/p>\n<p>Au cours de votre visite, vous d\u00e9couvrirez certains des sites les plus embl\u00e9matiques de Zurich, tels que:<\/p>\n<ul>\n<li><strong>Hauptbahnhof (gare centrale)<\/strong><\/li>\n<li><strong>Bahnhofstrasse<\/strong><\/li>\n<li><strong>Observatoire d&#8217;Urania<\/strong><\/li>\n<li><strong>Kunsthaus Z\u00fcrich<\/strong><\/li>\n<li><strong>Sculpture de Max Bill<\/strong><\/li>\n<li><strong>Mus\u00e9e Zoologisches<\/strong><\/li>\n<li><strong>Paradeplatz (place du d\u00e9fil\u00e9)<\/strong><\/li>\n<li><strong>Mus\u00e9e national suisse<\/strong><\/li>\n<li><strong>March\u00e9 B\u00fcrkliplatz<\/strong><\/li>\n<li><strong>Fraum\u00fcnster (\u00e9glise Notre-Dame)<\/strong><\/li>\n<li><strong>St. Peterskirche<\/strong><\/li>\n<li><strong>\u00c9glise de Liebfrauen<\/strong><\/li>\n<li><strong>\u00c9glise d&#8217;Enge<\/strong><\/li>\n<li><strong>Mus\u00e9e Johann Jacobs<\/strong><\/li>\n<li><strong>Rathaus (h\u00f4tel de ville)<\/strong><\/li>\n<li><strong>Grossm\u00fcnster (Grande cath\u00e9drale)<\/strong><\/li>\n<li><strong>Statue de l&#8217;empereur Carolus Magnus<\/strong><\/li>\n<li><strong>Wasserkirche (\u00e9glise de l&#8217;eau)<\/strong><\/li>\n<li><strong>Kunsthaus Z\u00fcrich<\/strong><\/li>\n<li><strong>Niederdorfstrasse<\/strong><\/li>\n<li><strong>\u00c9glise du pr\u00e9dicateur<\/strong><\/li>\n<li><strong>Et bien d&#8217;autres endroits dans cette visite priv\u00e9e de la ville de Zurich.<\/strong><\/li>\n<\/ul>\n<p>Cette visite priv\u00e9e se terminera dans un lieu de choix dans la ville. Nous vous d\u00e9poserons une fois la visite termin\u00e9e. Notre chauffeur priv\u00e9 et guide officiel sera \u00e0 votre disposition pendant les4 heures.<\/p>\n<p><strong>D\u00e9couvrez nos visites priv\u00e9es de Zurich!<\/strong><\/p>\n","protected":false},"excerpt":{"rendered":"<p>Profitez de cette visite priv\u00e9e \u00e0 pied enti\u00e8rement personnalis\u00e9e de Zurich et d\u00e9couvrez ses magnifiques paysages et ses sites les plus importants. La ville de Zurich, en Suisse, se caract\u00e9rise par sa modeste architecture urbaine et ses charmantes rues m\u00e9di\u00e9vales et Renaissance.<\/p>\n","protected":false},"featured_media":96654,"comment_status":"open","ping_status":"closed","template":"","meta":{"_acf_changed":false},"product_brand":[],"product_cat":[3736,3804,4300,4299],"product_tag":[],"class_list":{"0":"post-105235","1":"product","2":"type-product","3":"status-publish","4":"has-post-thumbnail","6":"product_cat-la-suisse-fr","7":"product_cat-zurich-fr","8":"product_cat-all-private-tours-activities-fr-7-zurich-fr","9":"product_cat-private-sightseeing-tours-fr-25-zurich-fr","11":"first","12":"instock","13":"shipping-taxable","14":"purchasable","15":"product-type-simple"},"acf":[],"yoast_head":"<!-- This site is optimized with the Yoast SEO Premium plugin v25.3.1 (Yoast SEO v25.3.1) - https:\/\/yoast.com\/wordpress\/plugins\/seo\/ -->\n<title>Visite priv\u00e9e de Zurich avec chauffeur et guide officiel<\/title>\n<meta name=\"description\" content=\"Explorez et profitez de cette visite priv\u00e9e de la ville de Zurich avec un guide local et d\u00e9couvrez certains de ses endroits les plus reconnus.\" \/>\n<meta name=\"robots\" content=\"index, follow, max-snippet:-1, max-image-preview:large, max-video-preview:-1\" \/>\n<link rel=\"canonical\" href=\"https:\/\/tourtravelandmore.com\/fr\/tours\/la-suisse-fr\/zurich-fr\/private-sightseeing-tours-fr-25-zurich-fr\/visite-privee-de-zurich\/\" \/>\n<meta property=\"og:locale\" content=\"fr_FR\" \/>\n<meta property=\"og:type\" content=\"article\" \/>\n<meta property=\"og:title\" content=\"Visite priv\u00e9e de Zurich\" \/>\n<meta property=\"og:description\" content=\"Explorez et profitez de cette visite priv\u00e9e de la ville de Zurich avec un guide local et d\u00e9couvrez certains de ses endroits les plus reconnus.\" \/>\n<meta property=\"og:url\" content=\"https:\/\/tourtravelandmore.com\/fr\/tours\/la-suisse-fr\/zurich-fr\/private-sightseeing-tours-fr-25-zurich-fr\/visite-privee-de-zurich\/\" \/>\n<meta property=\"og:site_name\" content=\"Tour Travel And More\" \/>\n<meta property=\"article:publisher\" content=\"https:\/\/www.facebook.com\/tourtravelandmore\/\" \/>\n<meta property=\"article:modified_time\" content=\"2023-03-03T15:04:18+00:00\" \/>\n<meta property=\"og:image\" content=\"https:\/\/tourtravelandmore.com\/wp-content\/uploads\/2019\/10\/Bahnhofstrasse-zurich.jpg\" \/>\n\t<meta property=\"og:image:width\" content=\"1024\" \/>\n\t<meta property=\"og:image:height\" content=\"797\" \/>\n\t<meta property=\"og:image:type\" content=\"image\/jpeg\" \/>\n<meta name=\"twitter:card\" content=\"summary_large_image\" \/>\n<meta name=\"twitter:site\" content=\"@TourTravel_More\" \/>\n<meta name=\"twitter:label1\" content=\"Dur\u00e9e de lecture estim\u00e9e\" \/>\n\t<meta name=\"twitter:data1\" content=\"2 minutes\" \/>\n<script type=\"application\/ld+json\" class=\"yoast-schema-graph\">{\"@context\":\"https:\/\/schema.org\",\"@graph\":[{\"@type\":\"WebPage\",\"@id\":\"https:\/\/tourtravelandmore.com\/fr\/tours\/la-suisse-fr\/zurich-fr\/private-sightseeing-tours-fr-25-zurich-fr\/visite-privee-de-zurich\/\",\"url\":\"https:\/\/tourtravelandmore.com\/fr\/tours\/la-suisse-fr\/zurich-fr\/private-sightseeing-tours-fr-25-zurich-fr\/visite-privee-de-zurich\/\",\"name\":\"Visite priv\u00e9e de Zurich avec chauffeur et guide officiel\",\"isPartOf\":{\"@id\":\"https:\/\/tourtravelandmore.com\/fr\/#website\"},\"primaryImageOfPage\":{\"@id\":\"https:\/\/tourtravelandmore.com\/fr\/tours\/la-suisse-fr\/zurich-fr\/private-sightseeing-tours-fr-25-zurich-fr\/visite-privee-de-zurich\/#primaryimage\"},\"image\":{\"@id\":\"https:\/\/tourtravelandmore.com\/fr\/tours\/la-suisse-fr\/zurich-fr\/private-sightseeing-tours-fr-25-zurich-fr\/visite-privee-de-zurich\/#primaryimage\"},\"thumbnailUrl\":\"https:\/\/tourtravelandmore.com\/wp-content\/uploads\/2019\/10\/Bahnhofstrasse-zurich.jpg\",\"datePublished\":\"2019-10-30T00:53:31+00:00\",\"dateModified\":\"2023-03-03T15:04:18+00:00\",\"description\":\"Explorez et profitez de cette visite priv\u00e9e de la ville de Zurich avec un guide local et d\u00e9couvrez certains de ses endroits les plus reconnus.\",\"breadcrumb\":{\"@id\":\"https:\/\/tourtravelandmore.com\/fr\/tours\/la-suisse-fr\/zurich-fr\/private-sightseeing-tours-fr-25-zurich-fr\/visite-privee-de-zurich\/#breadcrumb\"},\"inLanguage\":\"fr-FR\",\"potentialAction\":[{\"@type\":\"ReadAction\",\"target\":[\"https:\/\/tourtravelandmore.com\/fr\/tours\/la-suisse-fr\/zurich-fr\/private-sightseeing-tours-fr-25-zurich-fr\/visite-privee-de-zurich\/\"]}]},{\"@type\":\"ImageObject\",\"inLanguage\":\"fr-FR\",\"@id\":\"https:\/\/tourtravelandmore.com\/fr\/tours\/la-suisse-fr\/zurich-fr\/private-sightseeing-tours-fr-25-zurich-fr\/visite-privee-de-zurich\/#primaryimage\",\"url\":\"https:\/\/tourtravelandmore.com\/wp-content\/uploads\/2019\/10\/Bahnhofstrasse-zurich.jpg\",\"contentUrl\":\"https:\/\/tourtravelandmore.com\/wp-content\/uploads\/2019\/10\/Bahnhofstrasse-zurich.jpg\",\"width\":1024,\"height\":797},{\"@type\":\"BreadcrumbList\",\"@id\":\"https:\/\/tourtravelandmore.com\/fr\/tours\/la-suisse-fr\/zurich-fr\/private-sightseeing-tours-fr-25-zurich-fr\/visite-privee-de-zurich\/#breadcrumb\",\"itemListElement\":[{\"@type\":\"ListItem\",\"position\":1,\"name\":\"Home\",\"item\":\"https:\/\/tourtravelandmore.com\/fr\/\"},{\"@type\":\"ListItem\",\"position\":2,\"name\":\"Tours\",\"item\":\"https:\/\/tourtravelandmore.com\/fr\/tours\/\"},{\"@type\":\"ListItem\",\"position\":3,\"name\":\"Visite priv\u00e9e de Zurich\"}]},{\"@type\":\"WebSite\",\"@id\":\"https:\/\/tourtravelandmore.com\/fr\/#website\",\"url\":\"https:\/\/tourtravelandmore.com\/fr\/\",\"name\":\"Tour Travel And More\",\"description\":\"Private sightseeing tours and luxury transfers in Spain\",\"publisher\":{\"@id\":\"https:\/\/tourtravelandmore.com\/fr\/#organization\"},\"potentialAction\":[{\"@type\":\"SearchAction\",\"target\":{\"@type\":\"EntryPoint\",\"urlTemplate\":\"https:\/\/tourtravelandmore.com\/fr\/?s={search_term_string}\"},\"query-input\":{\"@type\":\"PropertyValueSpecification\",\"valueRequired\":true,\"valueName\":\"search_term_string\"}}],\"inLanguage\":\"fr-FR\"},{\"@type\":\"Organization\",\"@id\":\"https:\/\/tourtravelandmore.com\/fr\/#organization\",\"name\":\"Tour Travel And More\",\"url\":\"https:\/\/tourtravelandmore.com\/fr\/\",\"logo\":{\"@type\":\"ImageObject\",\"inLanguage\":\"fr-FR\",\"@id\":\"https:\/\/tourtravelandmore.com\/fr\/#\/schema\/logo\/image\/\",\"url\":\"https:\/\/tourtravelandmore.com\/wp-content\/uploads\/2022\/12\/cropped-logo-cabecera-new.png\",\"contentUrl\":\"https:\/\/tourtravelandmore.com\/wp-content\/uploads\/2022\/12\/cropped-logo-cabecera-new.png\",\"width\":430,\"height\":61,\"caption\":\"Tour Travel And More\"},\"image\":{\"@id\":\"https:\/\/tourtravelandmore.com\/fr\/#\/schema\/logo\/image\/\"},\"sameAs\":[\"https:\/\/www.facebook.com\/tourtravelandmore\/\",\"https:\/\/x.com\/TourTravel_More\"]}]}<\/script>\n<!-- \/ Yoast SEO Premium plugin. -->","yoast_head_json":{"title":"Visite priv\u00e9e de Zurich avec chauffeur et guide officiel","description":"Explorez et profitez de cette visite priv\u00e9e de la ville de Zurich avec un guide local et d\u00e9couvrez certains de ses endroits les plus reconnus.","robots":{"index":"index","follow":"follow","max-snippet":"max-snippet:-1","max-image-preview":"max-image-preview:large","max-video-preview":"max-video-preview:-1"},"canonical":"https:\/\/tourtravelandmore.com\/fr\/tours\/la-suisse-fr\/zurich-fr\/private-sightseeing-tours-fr-25-zurich-fr\/visite-privee-de-zurich\/","og_locale":"fr_FR","og_type":"article","og_title":"Visite priv\u00e9e de Zurich","og_description":"Explorez et profitez de cette visite priv\u00e9e de la ville de Zurich avec un guide local et d\u00e9couvrez certains de ses endroits les plus reconnus.","og_url":"https:\/\/tourtravelandmore.com\/fr\/tours\/la-suisse-fr\/zurich-fr\/private-sightseeing-tours-fr-25-zurich-fr\/visite-privee-de-zurich\/","og_site_name":"Tour Travel And More","article_publisher":"https:\/\/www.facebook.com\/tourtravelandmore\/","article_modified_time":"2023-03-03T15:04:18+00:00","og_image":[{"width":1024,"height":797,"url":"https:\/\/tourtravelandmore.com\/wp-content\/uploads\/2019\/10\/Bahnhofstrasse-zurich.jpg","type":"image\/jpeg"}],"twitter_card":"summary_large_image","twitter_site":"@TourTravel_More","twitter_misc":{"Dur\u00e9e de lecture estim\u00e9e":"2 minutes"},"schema":{"@context":"https:\/\/schema.org","@graph":[{"@type":"WebPage","@id":"https:\/\/tourtravelandmore.com\/fr\/tours\/la-suisse-fr\/zurich-fr\/private-sightseeing-tours-fr-25-zurich-fr\/visite-privee-de-zurich\/","url":"https:\/\/tourtravelandmore.com\/fr\/tours\/la-suisse-fr\/zurich-fr\/private-sightseeing-tours-fr-25-zurich-fr\/visite-privee-de-zurich\/","name":"Visite priv\u00e9e de Zurich avec chauffeur et guide officiel","isPartOf":{"@id":"https:\/\/tourtravelandmore.com\/fr\/#website"},"primaryImageOfPage":{"@id":"https:\/\/tourtravelandmore.com\/fr\/tours\/la-suisse-fr\/zurich-fr\/private-sightseeing-tours-fr-25-zurich-fr\/visite-privee-de-zurich\/#primaryimage"},"image":{"@id":"https:\/\/tourtravelandmore.com\/fr\/tours\/la-suisse-fr\/zurich-fr\/private-sightseeing-tours-fr-25-zurich-fr\/visite-privee-de-zurich\/#primaryimage"},"thumbnailUrl":"https:\/\/tourtravelandmore.com\/wp-content\/uploads\/2019\/10\/Bahnhofstrasse-zurich.jpg","datePublished":"2019-10-30T00:53:31+00:00","dateModified":"2023-03-03T15:04:18+00:00","description":"Explorez et profitez de cette visite priv\u00e9e de la ville de Zurich avec un guide local et d\u00e9couvrez certains de ses endroits les plus reconnus.","breadcrumb":{"@id":"https:\/\/tourtravelandmore.com\/fr\/tours\/la-suisse-fr\/zurich-fr\/private-sightseeing-tours-fr-25-zurich-fr\/visite-privee-de-zurich\/#breadcrumb"},"inLanguage":"fr-FR","potentialAction":[{"@type":"ReadAction","target":["https:\/\/tourtravelandmore.com\/fr\/tours\/la-suisse-fr\/zurich-fr\/private-sightseeing-tours-fr-25-zurich-fr\/visite-privee-de-zurich\/"]}]},{"@type":"ImageObject","inLanguage":"fr-FR","@id":"https:\/\/tourtravelandmore.com\/fr\/tours\/la-suisse-fr\/zurich-fr\/private-sightseeing-tours-fr-25-zurich-fr\/visite-privee-de-zurich\/#primaryimage","url":"https:\/\/tourtravelandmore.com\/wp-content\/uploads\/2019\/10\/Bahnhofstrasse-zurich.jpg","contentUrl":"https:\/\/tourtravelandmore.com\/wp-content\/uploads\/2019\/10\/Bahnhofstrasse-zurich.jpg","width":1024,"height":797},{"@type":"BreadcrumbList","@id":"https:\/\/tourtravelandmore.com\/fr\/tours\/la-suisse-fr\/zurich-fr\/private-sightseeing-tours-fr-25-zurich-fr\/visite-privee-de-zurich\/#breadcrumb","itemListElement":[{"@type":"ListItem","position":1,"name":"Home","item":"https:\/\/tourtravelandmore.com\/fr\/"},{"@type":"ListItem","position":2,"name":"Tours","item":"https:\/\/tourtravelandmore.com\/fr\/tours\/"},{"@type":"ListItem","position":3,"name":"Visite priv\u00e9e de Zurich"}]},{"@type":"WebSite","@id":"https:\/\/tourtravelandmore.com\/fr\/#website","url":"https:\/\/tourtravelandmore.com\/fr\/","name":"Tour Travel And More","description":"Private sightseeing tours and luxury transfers in Spain","publisher":{"@id":"https:\/\/tourtravelandmore.com\/fr\/#organization"},"potentialAction":[{"@type":"SearchAction","target":{"@type":"EntryPoint","urlTemplate":"https:\/\/tourtravelandmore.com\/fr\/?s={search_term_string}"},"query-input":{"@type":"PropertyValueSpecification","valueRequired":true,"valueName":"search_term_string"}}],"inLanguage":"fr-FR"},{"@type":"Organization","@id":"https:\/\/tourtravelandmore.com\/fr\/#organization","name":"Tour Travel And More","url":"https:\/\/tourtravelandmore.com\/fr\/","logo":{"@type":"ImageObject","inLanguage":"fr-FR","@id":"https:\/\/tourtravelandmore.com\/fr\/#\/schema\/logo\/image\/","url":"https:\/\/tourtravelandmore.com\/wp-content\/uploads\/2022\/12\/cropped-logo-cabecera-new.png","contentUrl":"https:\/\/tourtravelandmore.com\/wp-content\/uploads\/2022\/12\/cropped-logo-cabecera-new.png","width":430,"height":61,"caption":"Tour Travel And More"},"image":{"@id":"https:\/\/tourtravelandmore.com\/fr\/#\/schema\/logo\/image\/"},"sameAs":["https:\/\/www.facebook.com\/tourtravelandmore\/","https:\/\/x.com\/TourTravel_More"]}]}},"_links":{"self":[{"href":"https:\/\/tourtravelandmore.com\/fr\/wp-json\/wp\/v2\/product\/105235","targetHints":{"allow":["GET"]}}],"collection":[{"href":"https:\/\/tourtravelandmore.com\/fr\/wp-json\/wp\/v2\/product"}],"about":[{"href":"https:\/\/tourtravelandmore.com\/fr\/wp-json\/wp\/v2\/types\/product"}],"replies":[{"embeddable":true,"href":"https:\/\/tourtravelandmore.com\/fr\/wp-json\/wp\/v2\/comments?post=105235"}],"wp:featuredmedia":[{"embeddable":true,"href":"https:\/\/tourtravelandmore.com\/fr\/wp-json\/wp\/v2\/media\/96654"}],"wp:attachment":[{"href":"https:\/\/tourtravelandmore.com\/fr\/wp-json\/wp\/v2\/media?parent=105235"}],"wp:term":[{"taxonomy":"product_brand","embeddable":true,"href":"https:\/\/tourtravelandmore.com\/fr\/wp-json\/wp\/v2\/product_brand?post=105235"},{"taxonomy":"product_cat","embeddable":true,"href":"https:\/\/tourtravelandmore.com\/fr\/wp-json\/wp\/v2\/product_cat?post=105235"},{"taxonomy":"product_tag","embeddable":true,"href":"https:\/\/tourtravelandmore.com\/fr\/wp-json\/wp\/v2\/product_tag?post=105235"}],"curies":[{"name":"wp","href":"https:\/\/api.w.org\/{rel}","templated":true}]}}