{"id":105229,"date":"2019-10-30T01:24:29","date_gmt":"2019-10-30T00:24:29","guid":{"rendered":"https:\/\/tourtravelandmore.com\/tours\/non%20class\u00e9\/visite-privee-a-pied-de-zurich\/"},"modified":"2023-03-03T18:37:20","modified_gmt":"2023-03-03T17:37:20","slug":"visite-privee-a-pied-de-zurich","status":"publish","type":"product","link":"https:\/\/tourtravelandmore.com\/fr\/tours\/la-suisse-fr\/zurich-fr\/private-sightseeing-tours-fr-25-zurich-fr\/visite-privee-a-pied-de-zurich\/","title":{"rendered":"Visite priv\u00e9e \u00e0 pied de Zurich"},"content":{"rendered":"<h2>Description<\/h2>\n<p>Nous adorons les visites \u00e0 pied car elles sont le v\u00e9ritable moyen de conna\u00eetre une ville. C&#8217;est pourquoi notre guide priv\u00e9 est \u00e0 votre disposition pour une grande visite priv\u00e9e \u00e0 pied de Zurich. Profitez de cette visite priv\u00e9e \u00e0 pied de 2-3 heures dans la ville de Zurich aux c\u00f4t\u00e9s de votre guide officiel priv\u00e9 et d\u00e9couvrez le meilleur de ce que Zurich a \u00e0 offrir lors de cette visite priv\u00e9e. Cette visite se concentrera sur la vieille ville de Zurich, l&#8217;Altsadt.<\/p>\n<p>Nous nous rencontrerons dans un point central \u00e0 Zurich ou dans le lieu de votre choix. Si votre h\u00f4tel est situ\u00e9 au centre, nous pouvons y organiser une r\u00e9union. Au cours de cette visite, nous visiterons les monuments et sites les plus c\u00e9l\u00e8bres de la ville. Nous marcherons de la gare centrale \u00e0 la rue Bahnhofstrasse, la principale rue du centre-ville de Zurich et l&#8217;une des avenues commer\u00e7antes les plus ch\u00e8res et exclusives du monde. Puis nous continuons vers l&#8217;Observatoire d&#8217;Uranian, la Paradeplatz, la Fraum\u00fcnster et St. Peterskirche, la plus ancienne \u00e9glise paroissiale de Zurich.<\/p>\n<p>De l\u00e0, nous marcherons jusqu&#8217;\u00e0 l&#8217;h\u00f4tel de ville de Zurich, le Grossm\u00fcnster, la Wasserkirche ou l&#8217;\u00e9glise de l&#8217;eau et l&#8217;un des mus\u00e9es les plus importants d&#8217;Europe, le Kunsthaus.<\/p>\n<p>Apr\u00e8s tout, nous ferons une pause dans l&#8217;un de ses restaurants dans la rue Niederdorfstrasse, la rue principale du quartier Niederdorf de Zurich, qui est une vieille ville, connue pour sa vie nocturne anim\u00e9e, ses boutiques abondantes et ses belles ruelles.<\/p>\n<h2>Sites d&#8217;int\u00e9r\u00eat et monuments<\/h2>\n<p>Lors de votre visite priv\u00e9e \u00e0 pied, vous d\u00e9couvrirez certains des endroits les plus reconnus de la ville. Vous serez t\u00e9moin de sa beaut\u00e9 architecturale unique. Parmi les sites que vous pouvez visiter \u00e0 travers cette visite priv\u00e9e, nous vous proposons:<\/p>\n<ul>\n<li>Hauptbahnhof (gare centrale)<\/li>\n<li>Bahnhofstrasse<\/li>\n<li>Observatoire d&#8217;Urania<\/li>\n<li>Sculpture de Max Bill<\/li>\n<li>Paradeplatz (place du d\u00e9fil\u00e9)<\/li>\n<li>March\u00e9 B\u00fcrkliplatz<\/li>\n<li>Fraum\u00fcnster (\u00e9glise Notre-Dame)<\/li>\n<li>St. Peterskirche<\/li>\n<li>Rathaus (h\u00f4tel de ville)<\/li>\n<li>Grossm\u00fcnster (Grande cath\u00e9drale)<\/li>\n<li>Statue de l&#8217;empereur Carolus Magnus<\/li>\n<li>Wasserkirche (\u00e9glise de l&#8217;eau)<\/li>\n<li>Kunsthaus Z\u00fcrich<\/li>\n<li>Niederdorfstrasse<\/li>\n<li>Et bien d&#8217;autres endroits dans cette visite priv\u00e9e \u00e0 pied de Zurich<\/li>\n<\/ul>\n<p>Consultez nos visites priv\u00e9es de Zurich en cliquant ici et d\u00e9couvrez nos visites de la ville et nos excursions d&#8217;une journ\u00e9e.<\/p>\n","protected":false},"excerpt":{"rendered":"<p>Profitez de votre s\u00e9jour \u00e0 Zurich et profitez de cette visite priv\u00e9e \u00e0 pied de 2-3 heures enti\u00e8rement personnalis\u00e9e dans les rues de Zurich, o\u00f9 vous pourrez admirer la beaut\u00e9 urbaine de ses rues, monuments et b\u00e2timents de la Renaissance les plus importants. En cours de route, votre guide officiel priv\u00e9 vous conduira \u00e0 la d\u00e9couverte de la beaut\u00e9 offerte par la ville et ses b\u00e2timents m\u00e9di\u00e9vaux.<\/p>\n<p>&nbsp;<\/p>\n","protected":false},"featured_media":96666,"comment_status":"open","ping_status":"closed","template":"","meta":{"_acf_changed":false},"product_brand":[],"product_cat":[3736,3804,4300,4299,4301],"product_tag":[],"class_list":{"0":"post-105229","1":"product","2":"type-product","3":"status-publish","4":"has-post-thumbnail","6":"product_cat-la-suisse-fr","7":"product_cat-zurich-fr","8":"product_cat-all-private-tours-activities-fr-7-zurich-fr","9":"product_cat-private-sightseeing-tours-fr-25-zurich-fr","10":"product_cat-private-walking-tours-fr-8","12":"first","13":"instock","14":"shipping-taxable","15":"purchasable","16":"product-type-simple"},"acf":[],"yoast_head":"<!-- This site is optimized with the Yoast SEO Premium plugin v25.3.1 (Yoast SEO v25.3.1) - https:\/\/yoast.com\/wordpress\/plugins\/seo\/ -->\n<title>Visite priv\u00e9e \u00e0 pied de Zurich avec guide officiel - Visite priv\u00e9e<\/title>\n<meta name=\"description\" content=\"Explorez et profitez de la ville de Zurich avec cette visite priv\u00e9e \u00e0 pied de Zurich avec un guide local et d\u00e9couvrez certains de ses endroits les plus reconnus.\" \/>\n<meta name=\"robots\" content=\"index, follow, max-snippet:-1, max-image-preview:large, max-video-preview:-1\" \/>\n<link rel=\"canonical\" href=\"https:\/\/tourtravelandmore.com\/fr\/tours\/la-suisse-fr\/zurich-fr\/private-sightseeing-tours-fr-25-zurich-fr\/visite-privee-a-pied-de-zurich\/\" \/>\n<meta property=\"og:locale\" content=\"fr_FR\" \/>\n<meta property=\"og:type\" content=\"article\" \/>\n<meta property=\"og:title\" content=\"Visite priv\u00e9e \u00e0 pied de Zurich\" \/>\n<meta property=\"og:description\" content=\"Explorez et profitez de la ville de Zurich avec cette visite priv\u00e9e \u00e0 pied de Zurich avec un guide local et d\u00e9couvrez certains de ses endroits les plus reconnus.\" \/>\n<meta property=\"og:url\" content=\"https:\/\/tourtravelandmore.com\/fr\/tours\/la-suisse-fr\/zurich-fr\/private-sightseeing-tours-fr-25-zurich-fr\/visite-privee-a-pied-de-zurich\/\" \/>\n<meta property=\"og:site_name\" content=\"Tour Travel And More\" \/>\n<meta property=\"article:publisher\" content=\"https:\/\/www.facebook.com\/tourtravelandmore\/\" \/>\n<meta property=\"article:modified_time\" content=\"2023-03-03T17:37:20+00:00\" \/>\n<meta property=\"og:image\" content=\"https:\/\/tourtravelandmore.com\/wp-content\/uploads\/2019\/11\/zurich-st_peter_kirche.jpg\" \/>\n\t<meta property=\"og:image:width\" content=\"960\" \/>\n\t<meta property=\"og:image:height\" content=\"640\" \/>\n\t<meta property=\"og:image:type\" content=\"image\/jpeg\" \/>\n<meta name=\"twitter:card\" content=\"summary_large_image\" \/>\n<meta name=\"twitter:site\" content=\"@TourTravel_More\" \/>\n<meta name=\"twitter:label1\" content=\"Dur\u00e9e de lecture estim\u00e9e\" \/>\n\t<meta name=\"twitter:data1\" content=\"2 minutes\" \/>\n<script type=\"application\/ld+json\" class=\"yoast-schema-graph\">{\"@context\":\"https:\/\/schema.org\",\"@graph\":[{\"@type\":\"WebPage\",\"@id\":\"https:\/\/tourtravelandmore.com\/fr\/tours\/la-suisse-fr\/zurich-fr\/private-sightseeing-tours-fr-25-zurich-fr\/visite-privee-a-pied-de-zurich\/\",\"url\":\"https:\/\/tourtravelandmore.com\/fr\/tours\/la-suisse-fr\/zurich-fr\/private-sightseeing-tours-fr-25-zurich-fr\/visite-privee-a-pied-de-zurich\/\",\"name\":\"Visite priv\u00e9e \u00e0 pied de Zurich avec guide officiel - Visite priv\u00e9e\",\"isPartOf\":{\"@id\":\"https:\/\/tourtravelandmore.com\/fr\/#website\"},\"primaryImageOfPage\":{\"@id\":\"https:\/\/tourtravelandmore.com\/fr\/tours\/la-suisse-fr\/zurich-fr\/private-sightseeing-tours-fr-25-zurich-fr\/visite-privee-a-pied-de-zurich\/#primaryimage\"},\"image\":{\"@id\":\"https:\/\/tourtravelandmore.com\/fr\/tours\/la-suisse-fr\/zurich-fr\/private-sightseeing-tours-fr-25-zurich-fr\/visite-privee-a-pied-de-zurich\/#primaryimage\"},\"thumbnailUrl\":\"https:\/\/tourtravelandmore.com\/wp-content\/uploads\/2019\/11\/zurich-st_peter_kirche.jpg\",\"datePublished\":\"2019-10-30T00:24:29+00:00\",\"dateModified\":\"2023-03-03T17:37:20+00:00\",\"description\":\"Explorez et profitez de la ville de Zurich avec cette visite priv\u00e9e \u00e0 pied de Zurich avec un guide local et d\u00e9couvrez certains de ses endroits les plus reconnus.\",\"breadcrumb\":{\"@id\":\"https:\/\/tourtravelandmore.com\/fr\/tours\/la-suisse-fr\/zurich-fr\/private-sightseeing-tours-fr-25-zurich-fr\/visite-privee-a-pied-de-zurich\/#breadcrumb\"},\"inLanguage\":\"fr-FR\",\"potentialAction\":[{\"@type\":\"ReadAction\",\"target\":[\"https:\/\/tourtravelandmore.com\/fr\/tours\/la-suisse-fr\/zurich-fr\/private-sightseeing-tours-fr-25-zurich-fr\/visite-privee-a-pied-de-zurich\/\"]}]},{\"@type\":\"ImageObject\",\"inLanguage\":\"fr-FR\",\"@id\":\"https:\/\/tourtravelandmore.com\/fr\/tours\/la-suisse-fr\/zurich-fr\/private-sightseeing-tours-fr-25-zurich-fr\/visite-privee-a-pied-de-zurich\/#primaryimage\",\"url\":\"https:\/\/tourtravelandmore.com\/wp-content\/uploads\/2019\/11\/zurich-st_peter_kirche.jpg\",\"contentUrl\":\"https:\/\/tourtravelandmore.com\/wp-content\/uploads\/2019\/11\/zurich-st_peter_kirche.jpg\",\"width\":960,\"height\":640},{\"@type\":\"BreadcrumbList\",\"@id\":\"https:\/\/tourtravelandmore.com\/fr\/tours\/la-suisse-fr\/zurich-fr\/private-sightseeing-tours-fr-25-zurich-fr\/visite-privee-a-pied-de-zurich\/#breadcrumb\",\"itemListElement\":[{\"@type\":\"ListItem\",\"position\":1,\"name\":\"Home\",\"item\":\"https:\/\/tourtravelandmore.com\/fr\/\"},{\"@type\":\"ListItem\",\"position\":2,\"name\":\"Tours\",\"item\":\"https:\/\/tourtravelandmore.com\/fr\/tours\/\"},{\"@type\":\"ListItem\",\"position\":3,\"name\":\"Visite priv\u00e9e \u00e0 pied de Zurich\"}]},{\"@type\":\"WebSite\",\"@id\":\"https:\/\/tourtravelandmore.com\/fr\/#website\",\"url\":\"https:\/\/tourtravelandmore.com\/fr\/\",\"name\":\"Tour Travel And More\",\"description\":\"Private sightseeing tours and luxury transfers in Spain\",\"publisher\":{\"@id\":\"https:\/\/tourtravelandmore.com\/fr\/#organization\"},\"potentialAction\":[{\"@type\":\"SearchAction\",\"target\":{\"@type\":\"EntryPoint\",\"urlTemplate\":\"https:\/\/tourtravelandmore.com\/fr\/?s={search_term_string}\"},\"query-input\":{\"@type\":\"PropertyValueSpecification\",\"valueRequired\":true,\"valueName\":\"search_term_string\"}}],\"inLanguage\":\"fr-FR\"},{\"@type\":\"Organization\",\"@id\":\"https:\/\/tourtravelandmore.com\/fr\/#organization\",\"name\":\"Tour Travel And More\",\"url\":\"https:\/\/tourtravelandmore.com\/fr\/\",\"logo\":{\"@type\":\"ImageObject\",\"inLanguage\":\"fr-FR\",\"@id\":\"https:\/\/tourtravelandmore.com\/fr\/#\/schema\/logo\/image\/\",\"url\":\"https:\/\/tourtravelandmore.com\/wp-content\/uploads\/2022\/12\/cropped-logo-cabecera-new.png\",\"contentUrl\":\"https:\/\/tourtravelandmore.com\/wp-content\/uploads\/2022\/12\/cropped-logo-cabecera-new.png\",\"width\":430,\"height\":61,\"caption\":\"Tour Travel And More\"},\"image\":{\"@id\":\"https:\/\/tourtravelandmore.com\/fr\/#\/schema\/logo\/image\/\"},\"sameAs\":[\"https:\/\/www.facebook.com\/tourtravelandmore\/\",\"https:\/\/x.com\/TourTravel_More\"]}]}<\/script>\n<!-- \/ Yoast SEO Premium plugin. -->","yoast_head_json":{"title":"Visite priv\u00e9e \u00e0 pied de Zurich avec guide officiel - Visite priv\u00e9e","description":"Explorez et profitez de la ville de Zurich avec cette visite priv\u00e9e \u00e0 pied de Zurich avec un guide local et d\u00e9couvrez certains de ses endroits les plus reconnus.","robots":{"index":"index","follow":"follow","max-snippet":"max-snippet:-1","max-image-preview":"max-image-preview:large","max-video-preview":"max-video-preview:-1"},"canonical":"https:\/\/tourtravelandmore.com\/fr\/tours\/la-suisse-fr\/zurich-fr\/private-sightseeing-tours-fr-25-zurich-fr\/visite-privee-a-pied-de-zurich\/","og_locale":"fr_FR","og_type":"article","og_title":"Visite priv\u00e9e \u00e0 pied de Zurich","og_description":"Explorez et profitez de la ville de Zurich avec cette visite priv\u00e9e \u00e0 pied de Zurich avec un guide local et d\u00e9couvrez certains de ses endroits les plus reconnus.","og_url":"https:\/\/tourtravelandmore.com\/fr\/tours\/la-suisse-fr\/zurich-fr\/private-sightseeing-tours-fr-25-zurich-fr\/visite-privee-a-pied-de-zurich\/","og_site_name":"Tour Travel And More","article_publisher":"https:\/\/www.facebook.com\/tourtravelandmore\/","article_modified_time":"2023-03-03T17:37:20+00:00","og_image":[{"width":960,"height":640,"url":"https:\/\/tourtravelandmore.com\/wp-content\/uploads\/2019\/11\/zurich-st_peter_kirche.jpg","type":"image\/jpeg"}],"twitter_card":"summary_large_image","twitter_site":"@TourTravel_More","twitter_misc":{"Dur\u00e9e de lecture estim\u00e9e":"2 minutes"},"schema":{"@context":"https:\/\/schema.org","@graph":[{"@type":"WebPage","@id":"https:\/\/tourtravelandmore.com\/fr\/tours\/la-suisse-fr\/zurich-fr\/private-sightseeing-tours-fr-25-zurich-fr\/visite-privee-a-pied-de-zurich\/","url":"https:\/\/tourtravelandmore.com\/fr\/tours\/la-suisse-fr\/zurich-fr\/private-sightseeing-tours-fr-25-zurich-fr\/visite-privee-a-pied-de-zurich\/","name":"Visite priv\u00e9e \u00e0 pied de Zurich avec guide officiel - Visite priv\u00e9e","isPartOf":{"@id":"https:\/\/tourtravelandmore.com\/fr\/#website"},"primaryImageOfPage":{"@id":"https:\/\/tourtravelandmore.com\/fr\/tours\/la-suisse-fr\/zurich-fr\/private-sightseeing-tours-fr-25-zurich-fr\/visite-privee-a-pied-de-zurich\/#primaryimage"},"image":{"@id":"https:\/\/tourtravelandmore.com\/fr\/tours\/la-suisse-fr\/zurich-fr\/private-sightseeing-tours-fr-25-zurich-fr\/visite-privee-a-pied-de-zurich\/#primaryimage"},"thumbnailUrl":"https:\/\/tourtravelandmore.com\/wp-content\/uploads\/2019\/11\/zurich-st_peter_kirche.jpg","datePublished":"2019-10-30T00:24:29+00:00","dateModified":"2023-03-03T17:37:20+00:00","description":"Explorez et profitez de la ville de Zurich avec cette visite priv\u00e9e \u00e0 pied de Zurich avec un guide local et d\u00e9couvrez certains de ses endroits les plus reconnus.","breadcrumb":{"@id":"https:\/\/tourtravelandmore.com\/fr\/tours\/la-suisse-fr\/zurich-fr\/private-sightseeing-tours-fr-25-zurich-fr\/visite-privee-a-pied-de-zurich\/#breadcrumb"},"inLanguage":"fr-FR","potentialAction":[{"@type":"ReadAction","target":["https:\/\/tourtravelandmore.com\/fr\/tours\/la-suisse-fr\/zurich-fr\/private-sightseeing-tours-fr-25-zurich-fr\/visite-privee-a-pied-de-zurich\/"]}]},{"@type":"ImageObject","inLanguage":"fr-FR","@id":"https:\/\/tourtravelandmore.com\/fr\/tours\/la-suisse-fr\/zurich-fr\/private-sightseeing-tours-fr-25-zurich-fr\/visite-privee-a-pied-de-zurich\/#primaryimage","url":"https:\/\/tourtravelandmore.com\/wp-content\/uploads\/2019\/11\/zurich-st_peter_kirche.jpg","contentUrl":"https:\/\/tourtravelandmore.com\/wp-content\/uploads\/2019\/11\/zurich-st_peter_kirche.jpg","width":960,"height":640},{"@type":"BreadcrumbList","@id":"https:\/\/tourtravelandmore.com\/fr\/tours\/la-suisse-fr\/zurich-fr\/private-sightseeing-tours-fr-25-zurich-fr\/visite-privee-a-pied-de-zurich\/#breadcrumb","itemListElement":[{"@type":"ListItem","position":1,"name":"Home","item":"https:\/\/tourtravelandmore.com\/fr\/"},{"@type":"ListItem","position":2,"name":"Tours","item":"https:\/\/tourtravelandmore.com\/fr\/tours\/"},{"@type":"ListItem","position":3,"name":"Visite priv\u00e9e \u00e0 pied de Zurich"}]},{"@type":"WebSite","@id":"https:\/\/tourtravelandmore.com\/fr\/#website","url":"https:\/\/tourtravelandmore.com\/fr\/","name":"Tour Travel And More","description":"Private sightseeing tours and luxury transfers in Spain","publisher":{"@id":"https:\/\/tourtravelandmore.com\/fr\/#organization"},"potentialAction":[{"@type":"SearchAction","target":{"@type":"EntryPoint","urlTemplate":"https:\/\/tourtravelandmore.com\/fr\/?s={search_term_string}"},"query-input":{"@type":"PropertyValueSpecification","valueRequired":true,"valueName":"search_term_string"}}],"inLanguage":"fr-FR"},{"@type":"Organization","@id":"https:\/\/tourtravelandmore.com\/fr\/#organization","name":"Tour Travel And More","url":"https:\/\/tourtravelandmore.com\/fr\/","logo":{"@type":"ImageObject","inLanguage":"fr-FR","@id":"https:\/\/tourtravelandmore.com\/fr\/#\/schema\/logo\/image\/","url":"https:\/\/tourtravelandmore.com\/wp-content\/uploads\/2022\/12\/cropped-logo-cabecera-new.png","contentUrl":"https:\/\/tourtravelandmore.com\/wp-content\/uploads\/2022\/12\/cropped-logo-cabecera-new.png","width":430,"height":61,"caption":"Tour Travel And More"},"image":{"@id":"https:\/\/tourtravelandmore.com\/fr\/#\/schema\/logo\/image\/"},"sameAs":["https:\/\/www.facebook.com\/tourtravelandmore\/","https:\/\/x.com\/TourTravel_More"]}]}},"_links":{"self":[{"href":"https:\/\/tourtravelandmore.com\/fr\/wp-json\/wp\/v2\/product\/105229","targetHints":{"allow":["GET"]}}],"collection":[{"href":"https:\/\/tourtravelandmore.com\/fr\/wp-json\/wp\/v2\/product"}],"about":[{"href":"https:\/\/tourtravelandmore.com\/fr\/wp-json\/wp\/v2\/types\/product"}],"replies":[{"embeddable":true,"href":"https:\/\/tourtravelandmore.com\/fr\/wp-json\/wp\/v2\/comments?post=105229"}],"wp:featuredmedia":[{"embeddable":true,"href":"https:\/\/tourtravelandmore.com\/fr\/wp-json\/wp\/v2\/media\/96666"}],"wp:attachment":[{"href":"https:\/\/tourtravelandmore.com\/fr\/wp-json\/wp\/v2\/media?parent=105229"}],"wp:term":[{"taxonomy":"product_brand","embeddable":true,"href":"https:\/\/tourtravelandmore.com\/fr\/wp-json\/wp\/v2\/product_brand?post=105229"},{"taxonomy":"product_cat","embeddable":true,"href":"https:\/\/tourtravelandmore.com\/fr\/wp-json\/wp\/v2\/product_cat?post=105229"},{"taxonomy":"product_tag","embeddable":true,"href":"https:\/\/tourtravelandmore.com\/fr\/wp-json\/wp\/v2\/product_tag?post=105229"}],"curies":[{"name":"wp","href":"https:\/\/api.w.org\/{rel}","templated":true}]}}