{"id":105223,"date":"2019-10-28T14:30:27","date_gmt":"2019-10-28T13:30:27","guid":{"rendered":"https:\/\/tourtravelandmore.com\/tours\/non%20class\u00e9\/visite-privee-de-lucerne-au-depart-de-zurich\/"},"modified":"2023-03-23T16:26:01","modified_gmt":"2023-03-23T15:26:01","slug":"visite-privee-de-lucerne-au-depart-de-zurich","status":"publish","type":"product","link":"https:\/\/tourtravelandmore.com\/fr\/tours\/la-suisse-fr\/lucerne-fr\/private-shore-excursions-fr-8-lucerne-fr\/visite-privee-de-lucerne-au-depart-de-zurich\/","title":{"rendered":"Visite priv\u00e9e de Lucerne au d\u00e9part de Zurich"},"content":{"rendered":"<h2>Description<\/h2>\n<p>Venez avec nous et profitez de cette visite priv\u00e9e de Lucerne au d\u00e9part de Zurich avec votre guide officiel et d\u00e9couvrez les sites les plus embl\u00e9matiques de Lucerne.<\/p>\n<p>Tout d&#8217;abord, un v\u00e9hicule priv\u00e9 avec chauffeur viendra vous chercher \u00e0 votre h\u00f4tel ou lieu de votre choix \u00e0 Zurich et vous emm\u00e8nera dans cette visite priv\u00e9e pour d\u00e9couvrir le meilleur de Lucerne. Une fois \u00e0 Lucerne, profitez d&#8217;une visite guid\u00e9e priv\u00e9e de 2 heures de Lucerne avec votre guide priv\u00e9.<\/p>\n<p>Une fois \u00e0 Lucerne, profitez du magnifique pont de la chapelle, du monument du Lion, du pont Spreuer et bien plus encore. Nous passerons par l&#8217;\u00e9glise Hofkirche St Leodegar et Museggmauer entre autres.<\/p>\n<p>Profitez du meilleur de la ville et ayez \u00e9galement du temps libre pour vous promener. Chez Tour Travel &amp; More, nous sommes \u00e0 votre disposition pour rendre cette exp\u00e9rience totalement unique.<\/p>\n<h2>Sites d&#8217;int\u00e9r\u00eat et monuments<\/h2>\n<p>Apr\u00e8s la prise en charge confortable, nous commencerons cette visite priv\u00e9e de Lucerne au d\u00e9part de Zurich.<\/p>\n<p>Une fois arriv\u00e9s \u00e0 Lucerne, vous rencontrerez notre guide priv\u00e9. Profitez d&#8217;une visite priv\u00e9e guid\u00e9e de 2 heures de Lucerne. Ayez du temps libre et nous vous ram\u00e8nerons ensuite \u00e0 votre h\u00f4tel \u00e0 Zurich.<\/p>\n<p>Entre autres monuments et sites que vous pourrez d\u00e9couvrir lors de cette excursion priv\u00e9e:<\/p>\n<ul>\n<li>Gare de Lucerne<\/li>\n<li>Mur de Musegg<\/li>\n<li>Tour Zyt<\/li>\n<li>Mus\u00e9e d&#8217;art moderne<\/li>\n<li>Rathaus (h\u00f4tel de ville)<\/li>\n<li>\u00c9glise de Saint-Leodegar<\/li>\n<li>Collection Rosengart<\/li>\n<li>\u00c9glise j\u00e9suite (Jesuitenkirche)<\/li>\n<li>Pont de la chapelle<\/li>\n<li>Panorama Bourbaki<\/li>\n<li>Lion mourant de Lucerne<\/li>\n<li>Jardin des glaciers<\/li>\n<li>Et bien d&#8217;autres endroits dans cette excursion priv\u00e9e \u00e0 terre de Lucerne<\/li>\n<\/ul>\n<p>Ne manquez pas toutes nos autres visites priv\u00e9es \u00e0 Lucerne et Zurich. Nous proposons des visites priv\u00e9es pour vous dans n&#8217;importe quel endroit.<\/p>\n","protected":false},"excerpt":{"rendered":"<p>Si vous avez d\u00e9j\u00e0 visit\u00e9 et vu l&#8217;ensemble de Zurich, rejoignez-nous pour cette visite priv\u00e9e \u00e0 Lucerne au d\u00e9part de Zurich en v\u00e9hicule priv\u00e9. Lucerne est une ville du centre de la Suisse avec une beaut\u00e9, une histoire et une architecture incroyables qui valent la peine d&#8217;\u00eatre connues. Votre guide officiel priv\u00e9 vous emm\u00e8nera \u00e0 la d\u00e9couverte des lieux les plus importants de la ville.<\/p>\n","protected":false},"featured_media":96652,"comment_status":"open","ping_status":"closed","template":"","meta":{"_acf_changed":false},"product_brand":[],"product_cat":[3736,4062,4303,4302,3804,4300,4304],"product_tag":[],"class_list":{"0":"post-105223","1":"product","2":"type-product","3":"status-publish","4":"has-post-thumbnail","6":"product_cat-la-suisse-fr","7":"product_cat-lucerne-fr","8":"product_cat-all-private-tours-activities-fr-19-lucerne-fr","9":"product_cat-private-shore-excursions-fr-8-lucerne-fr","10":"product_cat-zurich-fr","11":"product_cat-all-private-tours-activities-fr-7-zurich-fr","12":"product_cat-private-shore-excursions-fr-9-zurich-fr","14":"first","15":"instock","16":"shipping-taxable","17":"purchasable","18":"product-type-simple"},"acf":[],"yoast_head":"<!-- This site is optimized with the Yoast SEO Premium plugin v25.3.1 (Yoast SEO v25.3.1) - https:\/\/yoast.com\/wordpress\/plugins\/seo\/ -->\n<title>Visite priv\u00e9e de Lucerne au d\u00e9part de Zurich - ZURICH TOURS<\/title>\n<meta name=\"description\" content=\"Profitez de cette visite priv\u00e9e de Lucerne au d\u00e9part de Zurich et profitez de leurs monuments et sites les plus importants avec nos visites enti\u00e8rement personnalis\u00e9es.\" \/>\n<meta name=\"robots\" content=\"index, follow, max-snippet:-1, max-image-preview:large, max-video-preview:-1\" \/>\n<link rel=\"canonical\" href=\"https:\/\/tourtravelandmore.com\/fr\/tours\/la-suisse-fr\/lucerne-fr\/private-shore-excursions-fr-8-lucerne-fr\/visite-privee-de-lucerne-au-depart-de-zurich\/\" \/>\n<meta property=\"og:locale\" content=\"fr_FR\" \/>\n<meta property=\"og:type\" content=\"article\" \/>\n<meta property=\"og:title\" content=\"Visite priv\u00e9e de Lucerne au d\u00e9part de Zurich\" \/>\n<meta property=\"og:description\" content=\"Profitez de cette visite priv\u00e9e de Lucerne au d\u00e9part de Zurich et profitez de leurs monuments et sites les plus importants avec nos visites enti\u00e8rement personnalis\u00e9es.\" \/>\n<meta property=\"og:url\" content=\"https:\/\/tourtravelandmore.com\/fr\/tours\/la-suisse-fr\/lucerne-fr\/private-shore-excursions-fr-8-lucerne-fr\/visite-privee-de-lucerne-au-depart-de-zurich\/\" \/>\n<meta property=\"og:site_name\" content=\"Tour Travel And More\" \/>\n<meta property=\"article:publisher\" content=\"https:\/\/www.facebook.com\/tourtravelandmore\/\" \/>\n<meta property=\"article:modified_time\" content=\"2023-03-23T15:26:01+00:00\" \/>\n<meta property=\"og:image\" content=\"https:\/\/tourtravelandmore.com\/wp-content\/uploads\/2019\/10\/Lucerna-Jesuitenkirche-Iglesia-jesuita-de-San-Francisco-J.jpg\" \/>\n\t<meta property=\"og:image:width\" content=\"1024\" \/>\n\t<meta property=\"og:image:height\" content=\"690\" \/>\n\t<meta property=\"og:image:type\" content=\"image\/jpeg\" \/>\n<meta name=\"twitter:card\" content=\"summary_large_image\" \/>\n<meta name=\"twitter:site\" content=\"@TourTravel_More\" \/>\n<meta name=\"twitter:label1\" content=\"Dur\u00e9e de lecture estim\u00e9e\" \/>\n\t<meta name=\"twitter:data1\" content=\"2 minutes\" \/>\n<script type=\"application\/ld+json\" class=\"yoast-schema-graph\">{\"@context\":\"https:\/\/schema.org\",\"@graph\":[{\"@type\":\"WebPage\",\"@id\":\"https:\/\/tourtravelandmore.com\/fr\/tours\/la-suisse-fr\/lucerne-fr\/private-shore-excursions-fr-8-lucerne-fr\/visite-privee-de-lucerne-au-depart-de-zurich\/\",\"url\":\"https:\/\/tourtravelandmore.com\/fr\/tours\/la-suisse-fr\/lucerne-fr\/private-shore-excursions-fr-8-lucerne-fr\/visite-privee-de-lucerne-au-depart-de-zurich\/\",\"name\":\"Visite priv\u00e9e de Lucerne au d\u00e9part de Zurich - ZURICH TOURS\",\"isPartOf\":{\"@id\":\"https:\/\/tourtravelandmore.com\/fr\/#website\"},\"primaryImageOfPage\":{\"@id\":\"https:\/\/tourtravelandmore.com\/fr\/tours\/la-suisse-fr\/lucerne-fr\/private-shore-excursions-fr-8-lucerne-fr\/visite-privee-de-lucerne-au-depart-de-zurich\/#primaryimage\"},\"image\":{\"@id\":\"https:\/\/tourtravelandmore.com\/fr\/tours\/la-suisse-fr\/lucerne-fr\/private-shore-excursions-fr-8-lucerne-fr\/visite-privee-de-lucerne-au-depart-de-zurich\/#primaryimage\"},\"thumbnailUrl\":\"https:\/\/tourtravelandmore.com\/wp-content\/uploads\/2019\/10\/Lucerna-Jesuitenkirche-Iglesia-jesuita-de-San-Francisco-J.jpg\",\"datePublished\":\"2019-10-28T13:30:27+00:00\",\"dateModified\":\"2023-03-23T15:26:01+00:00\",\"description\":\"Profitez de cette visite priv\u00e9e de Lucerne au d\u00e9part de Zurich et profitez de leurs monuments et sites les plus importants avec nos visites enti\u00e8rement personnalis\u00e9es.\",\"breadcrumb\":{\"@id\":\"https:\/\/tourtravelandmore.com\/fr\/tours\/la-suisse-fr\/lucerne-fr\/private-shore-excursions-fr-8-lucerne-fr\/visite-privee-de-lucerne-au-depart-de-zurich\/#breadcrumb\"},\"inLanguage\":\"fr-FR\",\"potentialAction\":[{\"@type\":\"ReadAction\",\"target\":[\"https:\/\/tourtravelandmore.com\/fr\/tours\/la-suisse-fr\/lucerne-fr\/private-shore-excursions-fr-8-lucerne-fr\/visite-privee-de-lucerne-au-depart-de-zurich\/\"]}]},{\"@type\":\"ImageObject\",\"inLanguage\":\"fr-FR\",\"@id\":\"https:\/\/tourtravelandmore.com\/fr\/tours\/la-suisse-fr\/lucerne-fr\/private-shore-excursions-fr-8-lucerne-fr\/visite-privee-de-lucerne-au-depart-de-zurich\/#primaryimage\",\"url\":\"https:\/\/tourtravelandmore.com\/wp-content\/uploads\/2019\/10\/Lucerna-Jesuitenkirche-Iglesia-jesuita-de-San-Francisco-J.jpg\",\"contentUrl\":\"https:\/\/tourtravelandmore.com\/wp-content\/uploads\/2019\/10\/Lucerna-Jesuitenkirche-Iglesia-jesuita-de-San-Francisco-J.jpg\",\"width\":1024,\"height\":690},{\"@type\":\"BreadcrumbList\",\"@id\":\"https:\/\/tourtravelandmore.com\/fr\/tours\/la-suisse-fr\/lucerne-fr\/private-shore-excursions-fr-8-lucerne-fr\/visite-privee-de-lucerne-au-depart-de-zurich\/#breadcrumb\",\"itemListElement\":[{\"@type\":\"ListItem\",\"position\":1,\"name\":\"Home\",\"item\":\"https:\/\/tourtravelandmore.com\/fr\/\"},{\"@type\":\"ListItem\",\"position\":2,\"name\":\"Tours\",\"item\":\"https:\/\/tourtravelandmore.com\/fr\/tours\/\"},{\"@type\":\"ListItem\",\"position\":3,\"name\":\"Visite priv\u00e9e de Lucerne au d\u00e9part de Zurich\"}]},{\"@type\":\"WebSite\",\"@id\":\"https:\/\/tourtravelandmore.com\/fr\/#website\",\"url\":\"https:\/\/tourtravelandmore.com\/fr\/\",\"name\":\"Tour Travel And More\",\"description\":\"Private sightseeing tours and luxury transfers in Spain\",\"publisher\":{\"@id\":\"https:\/\/tourtravelandmore.com\/fr\/#organization\"},\"potentialAction\":[{\"@type\":\"SearchAction\",\"target\":{\"@type\":\"EntryPoint\",\"urlTemplate\":\"https:\/\/tourtravelandmore.com\/fr\/?s={search_term_string}\"},\"query-input\":{\"@type\":\"PropertyValueSpecification\",\"valueRequired\":true,\"valueName\":\"search_term_string\"}}],\"inLanguage\":\"fr-FR\"},{\"@type\":\"Organization\",\"@id\":\"https:\/\/tourtravelandmore.com\/fr\/#organization\",\"name\":\"Tour Travel And More\",\"url\":\"https:\/\/tourtravelandmore.com\/fr\/\",\"logo\":{\"@type\":\"ImageObject\",\"inLanguage\":\"fr-FR\",\"@id\":\"https:\/\/tourtravelandmore.com\/fr\/#\/schema\/logo\/image\/\",\"url\":\"https:\/\/tourtravelandmore.com\/wp-content\/uploads\/2022\/12\/cropped-logo-cabecera-new.png\",\"contentUrl\":\"https:\/\/tourtravelandmore.com\/wp-content\/uploads\/2022\/12\/cropped-logo-cabecera-new.png\",\"width\":430,\"height\":61,\"caption\":\"Tour Travel And More\"},\"image\":{\"@id\":\"https:\/\/tourtravelandmore.com\/fr\/#\/schema\/logo\/image\/\"},\"sameAs\":[\"https:\/\/www.facebook.com\/tourtravelandmore\/\",\"https:\/\/x.com\/TourTravel_More\"]}]}<\/script>\n<!-- \/ Yoast SEO Premium plugin. -->","yoast_head_json":{"title":"Visite priv\u00e9e de Lucerne au d\u00e9part de Zurich - ZURICH TOURS","description":"Profitez de cette visite priv\u00e9e de Lucerne au d\u00e9part de Zurich et profitez de leurs monuments et sites les plus importants avec nos visites enti\u00e8rement personnalis\u00e9es.","robots":{"index":"index","follow":"follow","max-snippet":"max-snippet:-1","max-image-preview":"max-image-preview:large","max-video-preview":"max-video-preview:-1"},"canonical":"https:\/\/tourtravelandmore.com\/fr\/tours\/la-suisse-fr\/lucerne-fr\/private-shore-excursions-fr-8-lucerne-fr\/visite-privee-de-lucerne-au-depart-de-zurich\/","og_locale":"fr_FR","og_type":"article","og_title":"Visite priv\u00e9e de Lucerne au d\u00e9part de Zurich","og_description":"Profitez de cette visite priv\u00e9e de Lucerne au d\u00e9part de Zurich et profitez de leurs monuments et sites les plus importants avec nos visites enti\u00e8rement personnalis\u00e9es.","og_url":"https:\/\/tourtravelandmore.com\/fr\/tours\/la-suisse-fr\/lucerne-fr\/private-shore-excursions-fr-8-lucerne-fr\/visite-privee-de-lucerne-au-depart-de-zurich\/","og_site_name":"Tour Travel And More","article_publisher":"https:\/\/www.facebook.com\/tourtravelandmore\/","article_modified_time":"2023-03-23T15:26:01+00:00","og_image":[{"width":1024,"height":690,"url":"https:\/\/tourtravelandmore.com\/wp-content\/uploads\/2019\/10\/Lucerna-Jesuitenkirche-Iglesia-jesuita-de-San-Francisco-J.jpg","type":"image\/jpeg"}],"twitter_card":"summary_large_image","twitter_site":"@TourTravel_More","twitter_misc":{"Dur\u00e9e de lecture estim\u00e9e":"2 minutes"},"schema":{"@context":"https:\/\/schema.org","@graph":[{"@type":"WebPage","@id":"https:\/\/tourtravelandmore.com\/fr\/tours\/la-suisse-fr\/lucerne-fr\/private-shore-excursions-fr-8-lucerne-fr\/visite-privee-de-lucerne-au-depart-de-zurich\/","url":"https:\/\/tourtravelandmore.com\/fr\/tours\/la-suisse-fr\/lucerne-fr\/private-shore-excursions-fr-8-lucerne-fr\/visite-privee-de-lucerne-au-depart-de-zurich\/","name":"Visite priv\u00e9e de Lucerne au d\u00e9part de Zurich - ZURICH TOURS","isPartOf":{"@id":"https:\/\/tourtravelandmore.com\/fr\/#website"},"primaryImageOfPage":{"@id":"https:\/\/tourtravelandmore.com\/fr\/tours\/la-suisse-fr\/lucerne-fr\/private-shore-excursions-fr-8-lucerne-fr\/visite-privee-de-lucerne-au-depart-de-zurich\/#primaryimage"},"image":{"@id":"https:\/\/tourtravelandmore.com\/fr\/tours\/la-suisse-fr\/lucerne-fr\/private-shore-excursions-fr-8-lucerne-fr\/visite-privee-de-lucerne-au-depart-de-zurich\/#primaryimage"},"thumbnailUrl":"https:\/\/tourtravelandmore.com\/wp-content\/uploads\/2019\/10\/Lucerna-Jesuitenkirche-Iglesia-jesuita-de-San-Francisco-J.jpg","datePublished":"2019-10-28T13:30:27+00:00","dateModified":"2023-03-23T15:26:01+00:00","description":"Profitez de cette visite priv\u00e9e de Lucerne au d\u00e9part de Zurich et profitez de leurs monuments et sites les plus importants avec nos visites enti\u00e8rement personnalis\u00e9es.","breadcrumb":{"@id":"https:\/\/tourtravelandmore.com\/fr\/tours\/la-suisse-fr\/lucerne-fr\/private-shore-excursions-fr-8-lucerne-fr\/visite-privee-de-lucerne-au-depart-de-zurich\/#breadcrumb"},"inLanguage":"fr-FR","potentialAction":[{"@type":"ReadAction","target":["https:\/\/tourtravelandmore.com\/fr\/tours\/la-suisse-fr\/lucerne-fr\/private-shore-excursions-fr-8-lucerne-fr\/visite-privee-de-lucerne-au-depart-de-zurich\/"]}]},{"@type":"ImageObject","inLanguage":"fr-FR","@id":"https:\/\/tourtravelandmore.com\/fr\/tours\/la-suisse-fr\/lucerne-fr\/private-shore-excursions-fr-8-lucerne-fr\/visite-privee-de-lucerne-au-depart-de-zurich\/#primaryimage","url":"https:\/\/tourtravelandmore.com\/wp-content\/uploads\/2019\/10\/Lucerna-Jesuitenkirche-Iglesia-jesuita-de-San-Francisco-J.jpg","contentUrl":"https:\/\/tourtravelandmore.com\/wp-content\/uploads\/2019\/10\/Lucerna-Jesuitenkirche-Iglesia-jesuita-de-San-Francisco-J.jpg","width":1024,"height":690},{"@type":"BreadcrumbList","@id":"https:\/\/tourtravelandmore.com\/fr\/tours\/la-suisse-fr\/lucerne-fr\/private-shore-excursions-fr-8-lucerne-fr\/visite-privee-de-lucerne-au-depart-de-zurich\/#breadcrumb","itemListElement":[{"@type":"ListItem","position":1,"name":"Home","item":"https:\/\/tourtravelandmore.com\/fr\/"},{"@type":"ListItem","position":2,"name":"Tours","item":"https:\/\/tourtravelandmore.com\/fr\/tours\/"},{"@type":"ListItem","position":3,"name":"Visite priv\u00e9e de Lucerne au d\u00e9part de Zurich"}]},{"@type":"WebSite","@id":"https:\/\/tourtravelandmore.com\/fr\/#website","url":"https:\/\/tourtravelandmore.com\/fr\/","name":"Tour Travel And More","description":"Private sightseeing tours and luxury transfers in Spain","publisher":{"@id":"https:\/\/tourtravelandmore.com\/fr\/#organization"},"potentialAction":[{"@type":"SearchAction","target":{"@type":"EntryPoint","urlTemplate":"https:\/\/tourtravelandmore.com\/fr\/?s={search_term_string}"},"query-input":{"@type":"PropertyValueSpecification","valueRequired":true,"valueName":"search_term_string"}}],"inLanguage":"fr-FR"},{"@type":"Organization","@id":"https:\/\/tourtravelandmore.com\/fr\/#organization","name":"Tour Travel And More","url":"https:\/\/tourtravelandmore.com\/fr\/","logo":{"@type":"ImageObject","inLanguage":"fr-FR","@id":"https:\/\/tourtravelandmore.com\/fr\/#\/schema\/logo\/image\/","url":"https:\/\/tourtravelandmore.com\/wp-content\/uploads\/2022\/12\/cropped-logo-cabecera-new.png","contentUrl":"https:\/\/tourtravelandmore.com\/wp-content\/uploads\/2022\/12\/cropped-logo-cabecera-new.png","width":430,"height":61,"caption":"Tour Travel And More"},"image":{"@id":"https:\/\/tourtravelandmore.com\/fr\/#\/schema\/logo\/image\/"},"sameAs":["https:\/\/www.facebook.com\/tourtravelandmore\/","https:\/\/x.com\/TourTravel_More"]}]}},"_links":{"self":[{"href":"https:\/\/tourtravelandmore.com\/fr\/wp-json\/wp\/v2\/product\/105223","targetHints":{"allow":["GET"]}}],"collection":[{"href":"https:\/\/tourtravelandmore.com\/fr\/wp-json\/wp\/v2\/product"}],"about":[{"href":"https:\/\/tourtravelandmore.com\/fr\/wp-json\/wp\/v2\/types\/product"}],"replies":[{"embeddable":true,"href":"https:\/\/tourtravelandmore.com\/fr\/wp-json\/wp\/v2\/comments?post=105223"}],"wp:featuredmedia":[{"embeddable":true,"href":"https:\/\/tourtravelandmore.com\/fr\/wp-json\/wp\/v2\/media\/96652"}],"wp:attachment":[{"href":"https:\/\/tourtravelandmore.com\/fr\/wp-json\/wp\/v2\/media?parent=105223"}],"wp:term":[{"taxonomy":"product_brand","embeddable":true,"href":"https:\/\/tourtravelandmore.com\/fr\/wp-json\/wp\/v2\/product_brand?post=105223"},{"taxonomy":"product_cat","embeddable":true,"href":"https:\/\/tourtravelandmore.com\/fr\/wp-json\/wp\/v2\/product_cat?post=105223"},{"taxonomy":"product_tag","embeddable":true,"href":"https:\/\/tourtravelandmore.com\/fr\/wp-json\/wp\/v2\/product_tag?post=105223"}],"curies":[{"name":"wp","href":"https:\/\/api.w.org\/{rel}","templated":true}]}}