{"id":105194,"date":"2021-01-04T17:31:17","date_gmt":"2019-12-27T12:31:17","guid":{"rendered":"https:\/\/tourtravelandmore.com\/tours\/non%20class\u00e9\/visite-privee-de-sharjah-et-ajman\/"},"modified":"2022-01-26T13:47:05","modified_gmt":"2022-01-26T12:47:05","slug":"visite-privee-de-sharjah-et-ajman-au-depart-de-dubai","status":"publish","type":"product","link":"https:\/\/tourtravelandmore.com\/fr\/tours\/emirats-arabes-unis-fr\/dubai-fr\/visite-privee-de-sharjah-et-ajman-au-depart-de-dubai\/","title":{"rendered":"Visite priv\u00e9e de Sharjah et Ajman au d\u00e9part de Duba\u00ef"},"content":{"rendered":"<h2><b>Visite priv\u00e9e de Sharjah et Ajman au d\u00e9part de Duba\u00ef<\/b><\/h2>\n<p><span style=\"font-weight: 400;\">Ce tour de ville d&#8217;une demi-journ\u00e9e au d\u00e9part de Duba\u00ef vous servira d&#8217;introduction aux <\/span><b>\u00e9mirats de Sharjah et d&#8217;Ajman, voisins de Duba\u00ef<\/b><span style=\"font-weight: 400;\">.<\/span><\/p>\n<p><span style=\"font-weight: 400;\">Sharjah, le seul \u00e9mirat qui borde \u00e0 la fois le golfe Persique et le golfe d&#8217;Oman, a \u00e9t\u00e9 nomm\u00e9 <\/span><b>capitale arabe de la culture <\/b><span style=\"font-weight: 400;\">et <\/span><b>capitale mondiale du livre <\/b><span style=\"font-weight: 400;\">par l&#8217;UNESCO, <\/span><b>ville saine <\/b><span style=\"font-weight: 400;\">par l&#8217;OMS, l&#8217;<\/span><b>une des meilleures villes pour les \u00e9tudiants universitaires, capitale culturelle des EAU et capitale de la culture islamique <\/b><span style=\"font-weight: 400;\">en 2014.<\/span><\/p>\n<p><span style=\"font-weight: 400;\">Elle abrite d&#8217;importants centres administratifs et commerciaux, plusieurs mus\u00e9es, deux grands souks couverts, des zones de loisirs, des parcs publics et de nombreuses mosqu\u00e9es.<\/span><\/p>\n<p><span style=\"font-weight: 400;\">Ajman, quant \u00e0 elle, est beaucoup plus petite que Sharjah et est compl\u00e8tement englob\u00e9e par celle-ci, si bien qu&#8217;on peut la traverser dans le cadre d&#8217;une visite \u00e0 Sharjah. Les attractions touristiques de l&#8217;\u00e9mirat se d\u00e9veloppent rapidement, et comprennent la <\/span><b>plage d&#8217;Ajman, le mus\u00e9e national d&#8217;Ajman, <\/b><span style=\"font-weight: 400;\">situ\u00e9 dans le fort d&#8217;Ajman, <\/span><b>le fort rouge et le mus\u00e9e de l&#8217;enclave int\u00e9rieure <\/b><span style=\"font-weight: 400;\">de Manama.<\/span><\/p>\n<p><span style=\"font-weight: 400;\">Votre <\/span><b>guide priv\u00e9 et votre chauffeur <\/b><span style=\"font-weight: 400;\">vous rencontreront \u00e0 l&#8217;endroit de votre choix dans la ville de Duba\u00ef et vous conduiront le long de cet itin\u00e9raire. \u00c0 la fin de l&#8217;excursion, vous serez ramen\u00e9 \u00e0 Duba\u00ef.<\/span><\/p>\n<h2><b>Points d&#8217;int\u00e9r\u00eat<\/b><\/h2>\n<p><strong><span style=\"color: #d3af37;\">Place de la culture de Sharjah<\/span><\/strong><\/p>\n<p><span style=\"font-weight: 400;\">La visite guid\u00e9e d&#8217;une demi-journ\u00e9e de Sharjah et Ajman au d\u00e9part de Duba\u00ef commencera par un arr\u00eat photo \u00e0 la place culturelle de Sharjah. Con\u00e7ue par le sculpteur espagnol Carlos Marinas Rubias, elle est cens\u00e9e repr\u00e9senter le c\u0153ur spirituel de la ville. Le monument, connu sous le nom de <\/span><b>monument du Coran<\/b><span style=\"font-weight: 400;\">, est entour\u00e9 de nombreux b\u00e2timents majestueux construits dans le <\/span><b>style architectural islamique traditionnel<\/b><span style=\"font-weight: 400;\">. La zone comprend le b\u00e2timent du gouvernement, la <\/span><b>mosqu\u00e9e Ahmed Hanbal <\/b><span style=\"font-weight: 400;\">et le <\/span><b>palais de la culture<\/b><span style=\"font-weight: 400;\">.<\/span><\/p>\n<p><strong><span style=\"color: #d3af37;\">Souk d&#8217;Al Majarrah<\/span><\/strong><\/p>\n<p><span style=\"font-weight: 400;\">Le b\u00e2timent du souk au toit dor\u00e9 attire de nombreux voyageurs chaque ann\u00e9e. Autrefois lieu de shopping populaire, le b\u00e2timent du souk a \u00e9t\u00e9 converti en <\/span><b>mus\u00e9e de la civilisation islamique de Sharjah<\/b><span style=\"font-weight: 400;\">. Le mus\u00e9e abrite certaines des plus belles collections d&#8217;<\/span><b>objets islamiques exquis provenant du monde entier<\/b><span style=\"font-weight: 400;\">.<\/span><\/p>\n<p><strong><span style=\"color: #d3af37;\">Fort Al Hisn<\/span><\/strong><\/p>\n<p><b>Patrimoine <\/b><span style=\"font-weight: 400;\">le plus important de Sharjah, le fort Al Hisn a \u00e9t\u00e9 construit en 1823, et est devenu un <\/span><b>mus\u00e9e <\/b><span style=\"font-weight: 400;\">en 1997. Ce fort, situ\u00e9 au <\/span><b>c\u0153ur de Sharjah<\/b><span style=\"font-weight: 400;\">, \u00e9tait le si\u00e8ge et la r\u00e9sidence de la famille r\u00e9gnante. \u00c0 l&#8217;\u00e9poque de sa construction, il s&#8217;agissait de la plus grande construction de Sharjah.<\/span><\/p>\n<p><strong><span style=\"color: #d3af37;\">Souk bleu<\/span><\/strong><\/p>\n<p><span style=\"font-weight: 400;\">Il s&#8217;agit d&#8217;un <\/span><b>authentique march\u00e9 arabe <\/b><span style=\"font-weight: 400;\">et d&#8217;un lieu incontournable \u00e0 Sharjah. C&#8217;est le meilleur endroit pour acheter des bijoux, des tapis, des textiles ou des antiquit\u00e9s. Par rapport aux souks de luxe de Duba\u00ef, les magasins du Souk bleu sont <\/span><b>plus authentiques et on y trouve une plus grande vari\u00e9t\u00e9 <\/b><span style=\"font-weight: 400;\">de produits traditionnels de la r\u00e9gion.<\/span><\/p>\n<p><strong><span style=\"color: #d3af37;\">Mosqu\u00e9e du roi Fay\u00e7al<\/span><\/strong><br \/>\n<span style=\"font-weight: 400;\">Couvrant une superficie de 12 000 m\u00e8tres carr\u00e9s, elle <\/span><b>porte le nom du roi Faisal bin Abdul Aziz Al Saud<\/b><span style=\"font-weight: 400;\">, ancien dirigeant du royaume d&#8217;Arabie saoudite. Cette mosqu\u00e9e, la <\/span><b>plus grande des \u00c9mirats arabes unis<\/b><span style=\"font-weight: 400;\">, est un parfait exemple de la belle <\/span><b>architecture arabe <\/b><span style=\"font-weight: 400;\">et offre de fantastiques possibilit\u00e9s de photos. Vous passerez \u00e9galement devant le &#8220;<\/span><b>Pearl Monument<\/b><span style=\"font-weight: 400;\">&#8220;, d\u00e9di\u00e9 \u00e0 l&#8217;union des sept \u00c9mirats.<\/span><\/p>\n<p><strong><span style=\"color: #d3af37;\">Mus\u00e9e d&#8217;Ajman<\/span><\/strong><\/p>\n<p><span style=\"font-weight: 400;\">Avec une collection int\u00e9ressante d&#8217;<\/span><b>artefacts de diff\u00e9rentes \u00e9poques <\/b><span style=\"font-weight: 400;\">conserv\u00e9s dans un <\/span><b>fort <\/b><span style=\"font-weight: 400;\">magnifiquement <\/span><b>restaur\u00e9<\/b><span style=\"font-weight: 400;\">, l&#8217;Ajman House Museum est l&#8217;une des attractions historiques les plus visit\u00e9es de l&#8217;\u00e9mirat. Au XVIIIe si\u00e8cle, le fort a servi de r\u00e9sidence au souverain jusqu&#8217;en 1970. Une d\u00e9cennie plus tard, le fort est devenu un mus\u00e9e. Le mus\u00e9e comporte une section consacr\u00e9e au <\/span><b>commerce des perles <\/b><span style=\"font-weight: 400;\">qui dominait autrefois l&#8217;\u00e9conomie de la r\u00e9gion. L&#8217;une des expositions les plus remarquables est celle des poteries et des bijoux fun\u00e9raires datant de <\/span><b>3000 ans avant J\u00e9sus-Christ<\/b><span style=\"font-weight: 400;\">. Le fort lui-m\u00eame est le plus bel exemple d&#8217;<\/span><b>architecture <\/b><span style=\"font-weight: 400;\">traditionnelle <\/span><b>\u00e9miratie<\/b><span style=\"font-weight: 400;\">.<\/span><\/p>\n<p><span style=\"font-weight: 400;\">La demi-journ\u00e9e de visite des villes de Sharjah et d&#8217;Ajman se terminera par cette visite, et vous serez ramen\u00e9 \u00e0 Duba\u00ef.<\/span><\/p>\n<p><span style=\"font-weight: 400;\">Si notre <\/span><b>visite priv\u00e9e de Sharjah et Ajman depuis Duba\u00ef <\/b><span style=\"font-weight: 400;\">vous donne envie d&#8217;en savoir plus sur cet endroit unique, <\/span><a href=\"https:\/\/tourtravelandmore.com\/fr\/city\/emirats-arabes-unis-fr\/dubai-fr\/\"><b>ne manquez pas nos autres visites priv\u00e9es de Duba\u00ef ici !<\/b><\/a><\/p>\n","protected":false},"excerpt":{"rendered":"<p><span style=\"font-weight: 400;\">Profitez d&#8217;une excursion priv\u00e9e \u00e0 <\/span><b>Sharjah et Ajman <\/b><span style=\"font-weight: 400;\">depuis Duba\u00ef. Plongez dans l&#8217;histoire de la r\u00e9gion et visitez des sites merveilleux comme la mosqu\u00e9e du roi Faisal et le mus\u00e9e national d&#8217;Ajman. Explorez la r\u00e9gion avec un <\/span><b>expert local priv\u00e9 et un v\u00e9hicule priv\u00e9 avec chauffeur.<\/b><\/p>\n","protected":false},"featured_media":96913,"comment_status":"open","ping_status":"closed","template":"","meta":{"_acf_changed":false},"product_brand":[],"product_cat":[3733,3803],"product_tag":[],"class_list":{"0":"post-105194","1":"product","2":"type-product","3":"status-publish","4":"has-post-thumbnail","6":"product_cat-emirats-arabes-unis-fr","7":"product_cat-dubai-fr","9":"first","10":"instock","11":"shipping-taxable","12":"purchasable","13":"product-type-simple"},"acf":[],"yoast_head":"<!-- This site is optimized with the Yoast SEO Premium plugin v25.3.1 (Yoast SEO v25.3.1) - https:\/\/yoast.com\/wordpress\/plugins\/seo\/ -->\n<title>Visite priv\u00e9e de Sharjah et Ajman au d\u00e9part de Duba\u00ef<\/title>\n<meta name=\"description\" content=\"Visite priv\u00e9e de Sharjah et Ajman. Explorez ses merveilleux mus\u00e9es, ses b\u00e2timents anciens, ses mosqu\u00e9es traditionnelles et bien plus encore.\" \/>\n<meta name=\"robots\" content=\"index, follow, max-snippet:-1, max-image-preview:large, max-video-preview:-1\" \/>\n<link rel=\"canonical\" href=\"https:\/\/tourtravelandmore.com\/fr\/tours\/emirats-arabes-unis-fr\/dubai-fr\/visite-privee-de-sharjah-et-ajman-au-depart-de-dubai\/\" \/>\n<meta property=\"og:locale\" content=\"fr_FR\" \/>\n<meta property=\"og:type\" content=\"article\" \/>\n<meta property=\"og:title\" content=\"Visite priv\u00e9e de Sharjah et Ajman au d\u00e9part de Duba\u00ef\" \/>\n<meta property=\"og:description\" content=\"Visite priv\u00e9e de Sharjah et Ajman. Explorez ses merveilleux mus\u00e9es, ses b\u00e2timents anciens, ses mosqu\u00e9es traditionnelles et bien plus encore.\" \/>\n<meta property=\"og:url\" content=\"https:\/\/tourtravelandmore.com\/fr\/tours\/emirats-arabes-unis-fr\/dubai-fr\/visite-privee-de-sharjah-et-ajman-au-depart-de-dubai\/\" \/>\n<meta property=\"og:site_name\" content=\"Tour Travel And More\" \/>\n<meta property=\"article:publisher\" content=\"https:\/\/www.facebook.com\/tourtravelandmore\/\" \/>\n<meta property=\"article:modified_time\" content=\"2022-01-26T12:47:05+00:00\" \/>\n<meta property=\"og:image\" content=\"https:\/\/tourtravelandmore.com\/wp-content\/uploads\/2019\/12\/du21-1024x667.jpg\" \/>\n\t<meta property=\"og:image:width\" content=\"1024\" \/>\n\t<meta property=\"og:image:height\" content=\"667\" \/>\n\t<meta property=\"og:image:type\" content=\"image\/jpeg\" \/>\n<meta name=\"twitter:card\" content=\"summary_large_image\" \/>\n<meta name=\"twitter:site\" content=\"@TourTravel_More\" \/>\n<meta name=\"twitter:label1\" content=\"Dur\u00e9e de lecture estim\u00e9e\" \/>\n\t<meta name=\"twitter:data1\" content=\"4 minutes\" \/>\n<script type=\"application\/ld+json\" class=\"yoast-schema-graph\">{\"@context\":\"https:\/\/schema.org\",\"@graph\":[{\"@type\":\"WebPage\",\"@id\":\"https:\/\/tourtravelandmore.com\/fr\/tours\/emirats-arabes-unis-fr\/dubai-fr\/visite-privee-de-sharjah-et-ajman-au-depart-de-dubai\/\",\"url\":\"https:\/\/tourtravelandmore.com\/fr\/tours\/emirats-arabes-unis-fr\/dubai-fr\/visite-privee-de-sharjah-et-ajman-au-depart-de-dubai\/\",\"name\":\"Visite priv\u00e9e de Sharjah et Ajman au d\u00e9part de Duba\u00ef\",\"isPartOf\":{\"@id\":\"https:\/\/tourtravelandmore.com\/fr\/#website\"},\"primaryImageOfPage\":{\"@id\":\"https:\/\/tourtravelandmore.com\/fr\/tours\/emirats-arabes-unis-fr\/dubai-fr\/visite-privee-de-sharjah-et-ajman-au-depart-de-dubai\/#primaryimage\"},\"image\":{\"@id\":\"https:\/\/tourtravelandmore.com\/fr\/tours\/emirats-arabes-unis-fr\/dubai-fr\/visite-privee-de-sharjah-et-ajman-au-depart-de-dubai\/#primaryimage\"},\"thumbnailUrl\":\"https:\/\/tourtravelandmore.com\/wp-content\/uploads\/2019\/12\/du21.jpg\",\"datePublished\":\"2019-12-27T12:31:17+00:00\",\"dateModified\":\"2022-01-26T12:47:05+00:00\",\"description\":\"Visite priv\u00e9e de Sharjah et Ajman. Explorez ses merveilleux mus\u00e9es, ses b\u00e2timents anciens, ses mosqu\u00e9es traditionnelles et bien plus encore.\",\"breadcrumb\":{\"@id\":\"https:\/\/tourtravelandmore.com\/fr\/tours\/emirats-arabes-unis-fr\/dubai-fr\/visite-privee-de-sharjah-et-ajman-au-depart-de-dubai\/#breadcrumb\"},\"inLanguage\":\"fr-FR\",\"potentialAction\":[{\"@type\":\"ReadAction\",\"target\":[\"https:\/\/tourtravelandmore.com\/fr\/tours\/emirats-arabes-unis-fr\/dubai-fr\/visite-privee-de-sharjah-et-ajman-au-depart-de-dubai\/\"]}]},{\"@type\":\"ImageObject\",\"inLanguage\":\"fr-FR\",\"@id\":\"https:\/\/tourtravelandmore.com\/fr\/tours\/emirats-arabes-unis-fr\/dubai-fr\/visite-privee-de-sharjah-et-ajman-au-depart-de-dubai\/#primaryimage\",\"url\":\"https:\/\/tourtravelandmore.com\/wp-content\/uploads\/2019\/12\/du21.jpg\",\"contentUrl\":\"https:\/\/tourtravelandmore.com\/wp-content\/uploads\/2019\/12\/du21.jpg\",\"width\":3008,\"height\":1960},{\"@type\":\"BreadcrumbList\",\"@id\":\"https:\/\/tourtravelandmore.com\/fr\/tours\/emirats-arabes-unis-fr\/dubai-fr\/visite-privee-de-sharjah-et-ajman-au-depart-de-dubai\/#breadcrumb\",\"itemListElement\":[{\"@type\":\"ListItem\",\"position\":1,\"name\":\"Home\",\"item\":\"https:\/\/tourtravelandmore.com\/fr\/\"},{\"@type\":\"ListItem\",\"position\":2,\"name\":\"Tours\",\"item\":\"https:\/\/tourtravelandmore.com\/fr\/tours\/\"},{\"@type\":\"ListItem\",\"position\":3,\"name\":\"Visite priv\u00e9e de Sharjah et Ajman au d\u00e9part de Duba\u00ef\"}]},{\"@type\":\"WebSite\",\"@id\":\"https:\/\/tourtravelandmore.com\/fr\/#website\",\"url\":\"https:\/\/tourtravelandmore.com\/fr\/\",\"name\":\"Tour Travel And More\",\"description\":\"Private sightseeing tours and luxury transfers in Spain\",\"publisher\":{\"@id\":\"https:\/\/tourtravelandmore.com\/fr\/#organization\"},\"potentialAction\":[{\"@type\":\"SearchAction\",\"target\":{\"@type\":\"EntryPoint\",\"urlTemplate\":\"https:\/\/tourtravelandmore.com\/fr\/?s={search_term_string}\"},\"query-input\":{\"@type\":\"PropertyValueSpecification\",\"valueRequired\":true,\"valueName\":\"search_term_string\"}}],\"inLanguage\":\"fr-FR\"},{\"@type\":\"Organization\",\"@id\":\"https:\/\/tourtravelandmore.com\/fr\/#organization\",\"name\":\"Tour Travel And More\",\"url\":\"https:\/\/tourtravelandmore.com\/fr\/\",\"logo\":{\"@type\":\"ImageObject\",\"inLanguage\":\"fr-FR\",\"@id\":\"https:\/\/tourtravelandmore.com\/fr\/#\/schema\/logo\/image\/\",\"url\":\"https:\/\/tourtravelandmore.com\/wp-content\/uploads\/2022\/12\/cropped-logo-cabecera-new.png\",\"contentUrl\":\"https:\/\/tourtravelandmore.com\/wp-content\/uploads\/2022\/12\/cropped-logo-cabecera-new.png\",\"width\":430,\"height\":61,\"caption\":\"Tour Travel And More\"},\"image\":{\"@id\":\"https:\/\/tourtravelandmore.com\/fr\/#\/schema\/logo\/image\/\"},\"sameAs\":[\"https:\/\/www.facebook.com\/tourtravelandmore\/\",\"https:\/\/x.com\/TourTravel_More\"]}]}<\/script>\n<!-- \/ Yoast SEO Premium plugin. -->","yoast_head_json":{"title":"Visite priv\u00e9e de Sharjah et Ajman au d\u00e9part de Duba\u00ef","description":"Visite priv\u00e9e de Sharjah et Ajman. Explorez ses merveilleux mus\u00e9es, ses b\u00e2timents anciens, ses mosqu\u00e9es traditionnelles et bien plus encore.","robots":{"index":"index","follow":"follow","max-snippet":"max-snippet:-1","max-image-preview":"max-image-preview:large","max-video-preview":"max-video-preview:-1"},"canonical":"https:\/\/tourtravelandmore.com\/fr\/tours\/emirats-arabes-unis-fr\/dubai-fr\/visite-privee-de-sharjah-et-ajman-au-depart-de-dubai\/","og_locale":"fr_FR","og_type":"article","og_title":"Visite priv\u00e9e de Sharjah et Ajman au d\u00e9part de Duba\u00ef","og_description":"Visite priv\u00e9e de Sharjah et Ajman. Explorez ses merveilleux mus\u00e9es, ses b\u00e2timents anciens, ses mosqu\u00e9es traditionnelles et bien plus encore.","og_url":"https:\/\/tourtravelandmore.com\/fr\/tours\/emirats-arabes-unis-fr\/dubai-fr\/visite-privee-de-sharjah-et-ajman-au-depart-de-dubai\/","og_site_name":"Tour Travel And More","article_publisher":"https:\/\/www.facebook.com\/tourtravelandmore\/","article_modified_time":"2022-01-26T12:47:05+00:00","og_image":[{"width":1024,"height":667,"url":"https:\/\/tourtravelandmore.com\/wp-content\/uploads\/2019\/12\/du21-1024x667.jpg","type":"image\/jpeg"}],"twitter_card":"summary_large_image","twitter_site":"@TourTravel_More","twitter_misc":{"Dur\u00e9e de lecture estim\u00e9e":"4 minutes"},"schema":{"@context":"https:\/\/schema.org","@graph":[{"@type":"WebPage","@id":"https:\/\/tourtravelandmore.com\/fr\/tours\/emirats-arabes-unis-fr\/dubai-fr\/visite-privee-de-sharjah-et-ajman-au-depart-de-dubai\/","url":"https:\/\/tourtravelandmore.com\/fr\/tours\/emirats-arabes-unis-fr\/dubai-fr\/visite-privee-de-sharjah-et-ajman-au-depart-de-dubai\/","name":"Visite priv\u00e9e de Sharjah et Ajman au d\u00e9part de Duba\u00ef","isPartOf":{"@id":"https:\/\/tourtravelandmore.com\/fr\/#website"},"primaryImageOfPage":{"@id":"https:\/\/tourtravelandmore.com\/fr\/tours\/emirats-arabes-unis-fr\/dubai-fr\/visite-privee-de-sharjah-et-ajman-au-depart-de-dubai\/#primaryimage"},"image":{"@id":"https:\/\/tourtravelandmore.com\/fr\/tours\/emirats-arabes-unis-fr\/dubai-fr\/visite-privee-de-sharjah-et-ajman-au-depart-de-dubai\/#primaryimage"},"thumbnailUrl":"https:\/\/tourtravelandmore.com\/wp-content\/uploads\/2019\/12\/du21.jpg","datePublished":"2019-12-27T12:31:17+00:00","dateModified":"2022-01-26T12:47:05+00:00","description":"Visite priv\u00e9e de Sharjah et Ajman. Explorez ses merveilleux mus\u00e9es, ses b\u00e2timents anciens, ses mosqu\u00e9es traditionnelles et bien plus encore.","breadcrumb":{"@id":"https:\/\/tourtravelandmore.com\/fr\/tours\/emirats-arabes-unis-fr\/dubai-fr\/visite-privee-de-sharjah-et-ajman-au-depart-de-dubai\/#breadcrumb"},"inLanguage":"fr-FR","potentialAction":[{"@type":"ReadAction","target":["https:\/\/tourtravelandmore.com\/fr\/tours\/emirats-arabes-unis-fr\/dubai-fr\/visite-privee-de-sharjah-et-ajman-au-depart-de-dubai\/"]}]},{"@type":"ImageObject","inLanguage":"fr-FR","@id":"https:\/\/tourtravelandmore.com\/fr\/tours\/emirats-arabes-unis-fr\/dubai-fr\/visite-privee-de-sharjah-et-ajman-au-depart-de-dubai\/#primaryimage","url":"https:\/\/tourtravelandmore.com\/wp-content\/uploads\/2019\/12\/du21.jpg","contentUrl":"https:\/\/tourtravelandmore.com\/wp-content\/uploads\/2019\/12\/du21.jpg","width":3008,"height":1960},{"@type":"BreadcrumbList","@id":"https:\/\/tourtravelandmore.com\/fr\/tours\/emirats-arabes-unis-fr\/dubai-fr\/visite-privee-de-sharjah-et-ajman-au-depart-de-dubai\/#breadcrumb","itemListElement":[{"@type":"ListItem","position":1,"name":"Home","item":"https:\/\/tourtravelandmore.com\/fr\/"},{"@type":"ListItem","position":2,"name":"Tours","item":"https:\/\/tourtravelandmore.com\/fr\/tours\/"},{"@type":"ListItem","position":3,"name":"Visite priv\u00e9e de Sharjah et Ajman au d\u00e9part de Duba\u00ef"}]},{"@type":"WebSite","@id":"https:\/\/tourtravelandmore.com\/fr\/#website","url":"https:\/\/tourtravelandmore.com\/fr\/","name":"Tour Travel And More","description":"Private sightseeing tours and luxury transfers in Spain","publisher":{"@id":"https:\/\/tourtravelandmore.com\/fr\/#organization"},"potentialAction":[{"@type":"SearchAction","target":{"@type":"EntryPoint","urlTemplate":"https:\/\/tourtravelandmore.com\/fr\/?s={search_term_string}"},"query-input":{"@type":"PropertyValueSpecification","valueRequired":true,"valueName":"search_term_string"}}],"inLanguage":"fr-FR"},{"@type":"Organization","@id":"https:\/\/tourtravelandmore.com\/fr\/#organization","name":"Tour Travel And More","url":"https:\/\/tourtravelandmore.com\/fr\/","logo":{"@type":"ImageObject","inLanguage":"fr-FR","@id":"https:\/\/tourtravelandmore.com\/fr\/#\/schema\/logo\/image\/","url":"https:\/\/tourtravelandmore.com\/wp-content\/uploads\/2022\/12\/cropped-logo-cabecera-new.png","contentUrl":"https:\/\/tourtravelandmore.com\/wp-content\/uploads\/2022\/12\/cropped-logo-cabecera-new.png","width":430,"height":61,"caption":"Tour Travel And More"},"image":{"@id":"https:\/\/tourtravelandmore.com\/fr\/#\/schema\/logo\/image\/"},"sameAs":["https:\/\/www.facebook.com\/tourtravelandmore\/","https:\/\/x.com\/TourTravel_More"]}]}},"_links":{"self":[{"href":"https:\/\/tourtravelandmore.com\/fr\/wp-json\/wp\/v2\/product\/105194","targetHints":{"allow":["GET"]}}],"collection":[{"href":"https:\/\/tourtravelandmore.com\/fr\/wp-json\/wp\/v2\/product"}],"about":[{"href":"https:\/\/tourtravelandmore.com\/fr\/wp-json\/wp\/v2\/types\/product"}],"replies":[{"embeddable":true,"href":"https:\/\/tourtravelandmore.com\/fr\/wp-json\/wp\/v2\/comments?post=105194"}],"wp:featuredmedia":[{"embeddable":true,"href":"https:\/\/tourtravelandmore.com\/fr\/wp-json\/wp\/v2\/media\/96913"}],"wp:attachment":[{"href":"https:\/\/tourtravelandmore.com\/fr\/wp-json\/wp\/v2\/media?parent=105194"}],"wp:term":[{"taxonomy":"product_brand","embeddable":true,"href":"https:\/\/tourtravelandmore.com\/fr\/wp-json\/wp\/v2\/product_brand?post=105194"},{"taxonomy":"product_cat","embeddable":true,"href":"https:\/\/tourtravelandmore.com\/fr\/wp-json\/wp\/v2\/product_cat?post=105194"},{"taxonomy":"product_tag","embeddable":true,"href":"https:\/\/tourtravelandmore.com\/fr\/wp-json\/wp\/v2\/product_tag?post=105194"}],"curies":[{"name":"wp","href":"https:\/\/api.w.org\/{rel}","templated":true}]}}