{"id":105188,"date":"2022-01-07T13:10:04","date_gmt":"2019-12-27T12:10:04","guid":{"rendered":"https:\/\/tourtravelandmore.com\/tours\/non%20class\u00e9\/visite-privee-dal-ain-au-depart-de-dubai\/"},"modified":"2022-01-26T13:53:39","modified_gmt":"2022-01-26T12:53:39","slug":"visite-privee-d-al-ain-au-depart-de-dubai","status":"publish","type":"product","link":"https:\/\/tourtravelandmore.com\/fr\/tours\/emirats-arabes-unis-fr\/dubai-fr\/visite-privee-d-al-ain-au-depart-de-dubai\/","title":{"rendered":"Visite priv\u00e9e d&#8217;Al Ain au d\u00e9part de Duba\u00ef"},"content":{"rendered":"<h2>Visite priv\u00e9e d&#8217;Al Ain au d\u00e9part de Duba\u00ef<\/h2>\n<p><span style=\"font-weight: 400;\">D\u00e9couvrez la <\/span><b>&#8220;ville-jardin&#8221; d&#8217;Al Ain, class\u00e9e au patrimoine mondial de l&#8217;UNESCO<\/b><span style=\"font-weight: 400;\">, lors d&#8217;une visite touristique d&#8217;une journ\u00e9e qui vous transportera dans une atmosph\u00e8re totalement diff\u00e9rente de celle de l&#8217;opulente Duba\u00ef.<\/span><\/p>\n<p><span style=\"font-weight: 400;\">La ville la plus verte des \u00c9mirats et le <\/span><b>lieu de naissance du <\/b><span style=\"font-weight: 400;\">cheikh Zayed bin Sultan Al Nahyan, consid\u00e9r\u00e9 comme <\/span><b>le p\u00e8re des \u00c9mirats arabes unis<\/b><span style=\"font-weight: 400;\">, est le meilleur endroit pour d\u00e9couvrir l&#8217;<\/span><b>histoire et la culture des <\/b><span style=\"font-weight: 400;\">\u00c9mirats. Elle propose une offre sans pr\u00e9c\u00e9dent comprenant des lieux tels que le <\/span><b>march\u00e9 et les courses de chameaux<\/b><span style=\"font-weight: 400;\">, le mont Hafit, des mus\u00e9es, des forteresses et m\u00eame une <\/span><b>oasis<\/b><span style=\"font-weight: 400;\">.<\/span><\/p>\n<p><span style=\"font-weight: 400;\">Votre <\/span><b>guide priv\u00e9 viendra vous <\/b><span style=\"font-weight: 400;\">chercher \u00e0 l&#8217;endroit de votre choix dans la ville de Duba\u00ef dans un <\/span><b>v\u00e9hicule priv\u00e9 climatis\u00e9<\/b><span style=\"font-weight: 400;\">, et vous commencerez votre visite. Pendant la visite, nous aurons le <\/span><b>temps de d\u00e9jeuner <\/b><span style=\"font-weight: 400;\">dans un restaurant local, et \u00e0 la fin, nous vous ram\u00e8nerons \u00e0 votre lieu d&#8217;origine.<\/span><\/p>\n<h2><strong>Points d&#8217;int\u00e9r\u00eat<\/strong><\/h2>\n<p><strong><span style=\"color: #d3af37;\">Mus\u00e9e d&#8217;Al Ain<\/span><\/strong><\/p>\n<p><span style=\"font-weight: 400;\">Le plus ancien mus\u00e9e du pays comprend un fort en adobe, une oasis et trois sections principales :<\/span><\/p>\n<ul>\n<li style=\"font-weight: 400;\" aria-level=\"1\"><b>Arch\u00e9ologie <\/b><span style=\"font-weight: 400;\">: vous avez des expositions allant de l&#8217;\u00e2ge de pierre \u00e0 la fondation des \u00c9mirats arabes unis, des artefacts de M\u00e9sopotamie, de l&#8217;\u00e2ge du bronze et du fer, des bijoux pr\u00e9historiques, des outils en silex, des pointes de fl\u00e8ches <\/span><b>vieilles de 8 000 ans<\/b><span style=\"font-weight: 400;\">, ou encore les plus anciennes techniques d&#8217;irrigation connues (<\/span><i><span style=\"font-weight: 400;\">falaj<\/span><\/i><span style=\"font-weight: 400;\">, pluriel <\/span><i><span style=\"font-weight: 400;\">aflaj<\/span><\/i><span style=\"font-weight: 400;\">) avec lesquelles Al Ain a prosp\u00e9r\u00e9 et permis la construction de ses b\u00e2timents en adobe caract\u00e9ristiques.<\/span><\/li>\n<li style=\"font-weight: 400;\" aria-level=\"1\"><b>Ethnographie <\/b><span style=\"font-weight: 400;\">: Explorez les traditions, les coutumes, l&#8217;\u00e9ducation, l&#8217;agriculture, la m\u00e9decine et la vie quotidienne des Emiratis et voyez combien de choses ont chang\u00e9 en quelques d\u00e9cennies.<\/span><\/li>\n<li style=\"font-weight: 400;\" aria-level=\"1\"><b>Cadeaux <\/b><span style=\"font-weight: 400;\">: Une exposition des cadeaux que Sheik Zayed a re\u00e7us des dirigeants du monde entier, dont une <\/span><b>pierre lunaire offerte par la NASA<\/b><span style=\"font-weight: 400;\">.<\/span><\/li>\n<\/ul>\n<p><strong><span style=\"color: #d3af37;\">Mus\u00e9e du palais d&#8217;Al Ain<\/span><\/strong><\/p>\n<p><span style=\"font-weight: 400;\">Le fort Qasr Al Ain est l&#8217;ancien palais o\u00f9 r\u00e9sidait le <\/span><b>p\u00e8re des \u00c9mirats arabes unis, le cheikh Zayed <\/b><span style=\"font-weight: 400;\">bin Sultan Al Nahyan. En tant que mus\u00e9e, il est d\u00e9di\u00e9 \u00e0 <\/span><b>sa vie et \u00e0 sa m\u00e9moire<\/b><span style=\"font-weight: 400;\">, et int\u00e8gre des \u00e9l\u00e9ments modernes dans sa conception, sans pour autant n\u00e9gliger le style et les techniques traditionnels \u00e9miriens.<\/span><\/p>\n<p><strong><span style=\"color: #d3af37;\">March\u00e9 du chameau<\/span><\/strong><\/p>\n<p><span style=\"font-weight: 400;\">Le d\u00e9sert et les chameaux sont probablement les premi\u00e8res choses qui vous viennent \u00e0 l&#8217;esprit lorsque vous pensez aux \u00e9mirats, et le march\u00e9 aux chameaux d&#8217;Al Ain vous donne certainement l&#8217;occasion d&#8217;observer de pr\u00e8s cet <\/span><b>animal embl\u00e9matique <\/b><span style=\"font-weight: 400;\">dans un lieu fascinant o\u00f9 les acheteurs et les vendeurs \u00e9changent des <\/span><b>chameaux par centaines <\/b><span style=\"font-weight: 400;\">et organisent souvent des <\/span><b>courses de chameaux<\/b><span style=\"font-weight: 400;\">.<\/span><\/p>\n<p><strong><span style=\"color: #d3af37;\">Al Ain Oasis<\/span><\/strong><\/p>\n<p><span style=\"font-weight: 400;\">Class\u00e9e au <\/span><b>patrimoine mondial de l&#8217;UNESCO<\/b><span style=\"font-weight: 400;\">, elle s&#8217;\u00e9tend sur 1 200 hectares et offre un aper\u00e7u unique des habitants de la r\u00e9gion qui ont commenc\u00e9 \u00e0 dominer les d\u00e9serts il y a 4 000 ans. L&#8217;oasis abrite <\/span><b>150 000 palmiers <\/b><span style=\"font-weight: 400;\">de diff\u00e9rentes vari\u00e9t\u00e9s et est entretenue par le syst\u00e8me d&#8217;irrigation traditionnel <\/span><i><span style=\"font-weight: 400;\">aflaj<\/span><\/i><span style=\"font-weight: 400;\">, qui achemine l&#8217;eau de source depuis les montagnes Hajar. L&#8217;\u00e9co-centre explique les caract\u00e9ristiques et l&#8217;histoire du lieu et de ses habitants.<\/span><\/p>\n<p><strong><span style=\"color: #d3af37;\">Fort Al Jahili<\/span><\/strong><\/p>\n<p><span style=\"font-weight: 400;\">Cette <\/span><b>forteresse <\/b><span style=\"font-weight: 400;\">du XIXe si\u00e8cle a \u00e9t\u00e9 transform\u00e9e en centre culturel et abrite d\u00e9sormais une exposition permanente consacr\u00e9e \u00e0 <\/span><b>Sir Wilfred Thesiger<\/b><span style=\"font-weight: 400;\">, l&#8217;intr\u00e9pide explorateur, \u00e9crivain de voyage et photographe qui, avec ses compagnons \u00e9miratis et omanais, a travers\u00e9 \u00e0 deux reprises, dans les ann\u00e9es 1940, la <\/span><b>plus grande masse de sable du monde<\/b><span style=\"font-weight: 400;\">, le Rub&#8217; al Khali (litt\u00e9ralement, &#8220;le quartier vide&#8221;). Le fort abrite \u00e9galement une galerie d&#8217;exposition temporaire. Entour\u00e9 d&#8217;un parc luxuriant, il a remport\u00e9 le prestigieux <\/span><b>prix Terra <\/b><span style=\"font-weight: 400;\">pour l&#8217;architecture contemporaine en terre crue.<\/span><\/p>\n<p><strong><span style=\"color: #d3af37;\">Le Mont Hafeet<\/span><\/strong><\/p>\n<p><span style=\"font-weight: 400;\">Situ\u00e9 \u00e0 la fronti\u00e8re avec Oman, son sommet de 1 240 m\u00e8tres en fait le <\/span><b>plus haut de l&#8217;\u00e9mirat. <\/b><span style=\"font-weight: 400;\">Pour l&#8217;atteindre, il faut emprunter une <\/span><b>route sinueuse consid\u00e9r\u00e9e comme l&#8217;une des meilleures du monde<\/b><span style=\"font-weight: 400;\">. La <\/span><b>vue du sommet <\/b><span style=\"font-weight: 400;\">est quelque chose dont vous vous souviendrez longtemps.<\/span><\/p>\n<p><span style=\"font-weight: 400;\">\u00c0 la fin de la visite, vous serez ramen\u00e9 \u00e0 votre lieu d&#8217;origine \u00e0 Duba\u00ef.<\/span><\/p>\n<p><span style=\"font-weight: 400;\">Si notre <\/span><b>visite priv\u00e9e d&#8217;Al Ain depuis Duba\u00ef <\/b><span style=\"font-weight: 400;\">vous donne envie d&#8217;en savoir plus sur ce lieu unique, <\/span><a href=\"https:\/\/tourtravelandmore.com\/fr\/city\/emirats-arabes-unis-fr\/dubai-fr\/#shop\/\"><b>ne manquez pas nos autres visites priv\u00e9es aux \u00c9mirats arabes unis ici !<\/b><\/a><\/p>\n","protected":false},"excerpt":{"rendered":"<p><span style=\"font-weight: 400;\">Visitez <strong>la ville historique la mieux pr\u00e9serv\u00e9e des \u00c9mirats Arabes Unis<\/strong> lors d&#8217;une <strong>excursion priv\u00e9e<\/strong> d&#8217;une journ\u00e9e au d\u00e9part de Duba\u00ef. Apprenez l&#8217;histoire du site avec votre guide officiel priv\u00e9 et installez-vous confortablement dans votre <strong>v\u00e9hicule priv\u00e9<\/strong>.<\/span><\/p>\n","protected":false},"featured_media":96888,"comment_status":"open","ping_status":"closed","template":"","meta":{"_acf_changed":false},"product_brand":[],"product_cat":[5598,5601,5600,3733,3803],"product_tag":[],"class_list":{"0":"post-105188","1":"product","2":"type-product","3":"status-publish","4":"has-post-thumbnail","6":"product_cat-all-private-tours-activities-fr-43","7":"product_cat-private-shore-excursions-fr-18","8":"product_cat-private-sightseeing-tours-fr-52","9":"product_cat-emirats-arabes-unis-fr","10":"product_cat-dubai-fr","12":"first","13":"instock","14":"shipping-taxable","15":"purchasable","16":"product-type-simple"},"acf":[],"yoast_head":"<!-- This site is optimized with the Yoast SEO Premium plugin v25.3.1 (Yoast SEO v25.3.1) - https:\/\/yoast.com\/wordpress\/plugins\/seo\/ -->\n<title>Visite priv\u00e9e d&#039;Al Ain au d\u00e9part de Duba\u00ef | TTM visite priv\u00e9e<\/title>\n<meta name=\"description\" content=\"Visite priv\u00e9e d&#039;Al Ain depuis Duba\u00ef. Ses sites merveilleux, son architecture historique, son oasis et bien plus encore. Visite priv\u00e9e\" \/>\n<meta name=\"robots\" content=\"index, follow, max-snippet:-1, max-image-preview:large, max-video-preview:-1\" \/>\n<link rel=\"canonical\" href=\"https:\/\/tourtravelandmore.com\/fr\/tours\/emirats-arabes-unis-fr\/dubai-fr\/visite-privee-d-al-ain-au-depart-de-dubai\/\" \/>\n<meta property=\"og:locale\" content=\"fr_FR\" \/>\n<meta property=\"og:type\" content=\"article\" \/>\n<meta property=\"og:title\" content=\"Visite priv\u00e9e d&#039;Al Ain au d\u00e9part de Duba\u00ef\" \/>\n<meta property=\"og:description\" content=\"Visite priv\u00e9e d&#039;Al Ain depuis Duba\u00ef. Ses sites merveilleux, son architecture historique, son oasis et bien plus encore. Visite priv\u00e9e\" \/>\n<meta property=\"og:url\" content=\"https:\/\/tourtravelandmore.com\/fr\/tours\/emirats-arabes-unis-fr\/dubai-fr\/visite-privee-d-al-ain-au-depart-de-dubai\/\" \/>\n<meta property=\"og:site_name\" content=\"Tour Travel And More\" \/>\n<meta property=\"article:publisher\" content=\"https:\/\/www.facebook.com\/tourtravelandmore\/\" \/>\n<meta property=\"article:modified_time\" content=\"2022-01-26T12:53:39+00:00\" \/>\n<meta property=\"og:image\" content=\"https:\/\/tourtravelandmore.com\/wp-content\/uploads\/2019\/12\/ain4-1024x683.jpg\" \/>\n\t<meta property=\"og:image:width\" content=\"1024\" \/>\n\t<meta property=\"og:image:height\" content=\"683\" \/>\n\t<meta property=\"og:image:type\" content=\"image\/jpeg\" \/>\n<meta name=\"twitter:card\" content=\"summary_large_image\" \/>\n<meta name=\"twitter:site\" content=\"@TourTravel_More\" \/>\n<meta name=\"twitter:label1\" content=\"Dur\u00e9e de lecture estim\u00e9e\" \/>\n\t<meta name=\"twitter:data1\" content=\"4 minutes\" \/>\n<script type=\"application\/ld+json\" class=\"yoast-schema-graph\">{\"@context\":\"https:\/\/schema.org\",\"@graph\":[{\"@type\":\"WebPage\",\"@id\":\"https:\/\/tourtravelandmore.com\/fr\/tours\/emirats-arabes-unis-fr\/dubai-fr\/visite-privee-d-al-ain-au-depart-de-dubai\/\",\"url\":\"https:\/\/tourtravelandmore.com\/fr\/tours\/emirats-arabes-unis-fr\/dubai-fr\/visite-privee-d-al-ain-au-depart-de-dubai\/\",\"name\":\"Visite priv\u00e9e d'Al Ain au d\u00e9part de Duba\u00ef | TTM visite priv\u00e9e\",\"isPartOf\":{\"@id\":\"https:\/\/tourtravelandmore.com\/fr\/#website\"},\"primaryImageOfPage\":{\"@id\":\"https:\/\/tourtravelandmore.com\/fr\/tours\/emirats-arabes-unis-fr\/dubai-fr\/visite-privee-d-al-ain-au-depart-de-dubai\/#primaryimage\"},\"image\":{\"@id\":\"https:\/\/tourtravelandmore.com\/fr\/tours\/emirats-arabes-unis-fr\/dubai-fr\/visite-privee-d-al-ain-au-depart-de-dubai\/#primaryimage\"},\"thumbnailUrl\":\"https:\/\/tourtravelandmore.com\/wp-content\/uploads\/2019\/12\/ain4.jpg\",\"datePublished\":\"2019-12-27T12:10:04+00:00\",\"dateModified\":\"2022-01-26T12:53:39+00:00\",\"description\":\"Visite priv\u00e9e d'Al Ain depuis Duba\u00ef. Ses sites merveilleux, son architecture historique, son oasis et bien plus encore. Visite priv\u00e9e\",\"breadcrumb\":{\"@id\":\"https:\/\/tourtravelandmore.com\/fr\/tours\/emirats-arabes-unis-fr\/dubai-fr\/visite-privee-d-al-ain-au-depart-de-dubai\/#breadcrumb\"},\"inLanguage\":\"fr-FR\",\"potentialAction\":[{\"@type\":\"ReadAction\",\"target\":[\"https:\/\/tourtravelandmore.com\/fr\/tours\/emirats-arabes-unis-fr\/dubai-fr\/visite-privee-d-al-ain-au-depart-de-dubai\/\"]}]},{\"@type\":\"ImageObject\",\"inLanguage\":\"fr-FR\",\"@id\":\"https:\/\/tourtravelandmore.com\/fr\/tours\/emirats-arabes-unis-fr\/dubai-fr\/visite-privee-d-al-ain-au-depart-de-dubai\/#primaryimage\",\"url\":\"https:\/\/tourtravelandmore.com\/wp-content\/uploads\/2019\/12\/ain4.jpg\",\"contentUrl\":\"https:\/\/tourtravelandmore.com\/wp-content\/uploads\/2019\/12\/ain4.jpg\",\"width\":3000,\"height\":2000},{\"@type\":\"BreadcrumbList\",\"@id\":\"https:\/\/tourtravelandmore.com\/fr\/tours\/emirats-arabes-unis-fr\/dubai-fr\/visite-privee-d-al-ain-au-depart-de-dubai\/#breadcrumb\",\"itemListElement\":[{\"@type\":\"ListItem\",\"position\":1,\"name\":\"Home\",\"item\":\"https:\/\/tourtravelandmore.com\/fr\/\"},{\"@type\":\"ListItem\",\"position\":2,\"name\":\"Tours\",\"item\":\"https:\/\/tourtravelandmore.com\/fr\/tours\/\"},{\"@type\":\"ListItem\",\"position\":3,\"name\":\"Visite priv\u00e9e d&#8217;Al Ain au d\u00e9part de Duba\u00ef\"}]},{\"@type\":\"WebSite\",\"@id\":\"https:\/\/tourtravelandmore.com\/fr\/#website\",\"url\":\"https:\/\/tourtravelandmore.com\/fr\/\",\"name\":\"Tour Travel And More\",\"description\":\"Private sightseeing tours and luxury transfers in Spain\",\"publisher\":{\"@id\":\"https:\/\/tourtravelandmore.com\/fr\/#organization\"},\"potentialAction\":[{\"@type\":\"SearchAction\",\"target\":{\"@type\":\"EntryPoint\",\"urlTemplate\":\"https:\/\/tourtravelandmore.com\/fr\/?s={search_term_string}\"},\"query-input\":{\"@type\":\"PropertyValueSpecification\",\"valueRequired\":true,\"valueName\":\"search_term_string\"}}],\"inLanguage\":\"fr-FR\"},{\"@type\":\"Organization\",\"@id\":\"https:\/\/tourtravelandmore.com\/fr\/#organization\",\"name\":\"Tour Travel And More\",\"url\":\"https:\/\/tourtravelandmore.com\/fr\/\",\"logo\":{\"@type\":\"ImageObject\",\"inLanguage\":\"fr-FR\",\"@id\":\"https:\/\/tourtravelandmore.com\/fr\/#\/schema\/logo\/image\/\",\"url\":\"https:\/\/tourtravelandmore.com\/wp-content\/uploads\/2022\/12\/cropped-logo-cabecera-new.png\",\"contentUrl\":\"https:\/\/tourtravelandmore.com\/wp-content\/uploads\/2022\/12\/cropped-logo-cabecera-new.png\",\"width\":430,\"height\":61,\"caption\":\"Tour Travel And More\"},\"image\":{\"@id\":\"https:\/\/tourtravelandmore.com\/fr\/#\/schema\/logo\/image\/\"},\"sameAs\":[\"https:\/\/www.facebook.com\/tourtravelandmore\/\",\"https:\/\/x.com\/TourTravel_More\"]}]}<\/script>\n<!-- \/ Yoast SEO Premium plugin. -->","yoast_head_json":{"title":"Visite priv\u00e9e d'Al Ain au d\u00e9part de Duba\u00ef | TTM visite priv\u00e9e","description":"Visite priv\u00e9e d'Al Ain depuis Duba\u00ef. Ses sites merveilleux, son architecture historique, son oasis et bien plus encore. Visite priv\u00e9e","robots":{"index":"index","follow":"follow","max-snippet":"max-snippet:-1","max-image-preview":"max-image-preview:large","max-video-preview":"max-video-preview:-1"},"canonical":"https:\/\/tourtravelandmore.com\/fr\/tours\/emirats-arabes-unis-fr\/dubai-fr\/visite-privee-d-al-ain-au-depart-de-dubai\/","og_locale":"fr_FR","og_type":"article","og_title":"Visite priv\u00e9e d'Al Ain au d\u00e9part de Duba\u00ef","og_description":"Visite priv\u00e9e d'Al Ain depuis Duba\u00ef. Ses sites merveilleux, son architecture historique, son oasis et bien plus encore. Visite priv\u00e9e","og_url":"https:\/\/tourtravelandmore.com\/fr\/tours\/emirats-arabes-unis-fr\/dubai-fr\/visite-privee-d-al-ain-au-depart-de-dubai\/","og_site_name":"Tour Travel And More","article_publisher":"https:\/\/www.facebook.com\/tourtravelandmore\/","article_modified_time":"2022-01-26T12:53:39+00:00","og_image":[{"width":1024,"height":683,"url":"https:\/\/tourtravelandmore.com\/wp-content\/uploads\/2019\/12\/ain4-1024x683.jpg","type":"image\/jpeg"}],"twitter_card":"summary_large_image","twitter_site":"@TourTravel_More","twitter_misc":{"Dur\u00e9e de lecture estim\u00e9e":"4 minutes"},"schema":{"@context":"https:\/\/schema.org","@graph":[{"@type":"WebPage","@id":"https:\/\/tourtravelandmore.com\/fr\/tours\/emirats-arabes-unis-fr\/dubai-fr\/visite-privee-d-al-ain-au-depart-de-dubai\/","url":"https:\/\/tourtravelandmore.com\/fr\/tours\/emirats-arabes-unis-fr\/dubai-fr\/visite-privee-d-al-ain-au-depart-de-dubai\/","name":"Visite priv\u00e9e d'Al Ain au d\u00e9part de Duba\u00ef | TTM visite priv\u00e9e","isPartOf":{"@id":"https:\/\/tourtravelandmore.com\/fr\/#website"},"primaryImageOfPage":{"@id":"https:\/\/tourtravelandmore.com\/fr\/tours\/emirats-arabes-unis-fr\/dubai-fr\/visite-privee-d-al-ain-au-depart-de-dubai\/#primaryimage"},"image":{"@id":"https:\/\/tourtravelandmore.com\/fr\/tours\/emirats-arabes-unis-fr\/dubai-fr\/visite-privee-d-al-ain-au-depart-de-dubai\/#primaryimage"},"thumbnailUrl":"https:\/\/tourtravelandmore.com\/wp-content\/uploads\/2019\/12\/ain4.jpg","datePublished":"2019-12-27T12:10:04+00:00","dateModified":"2022-01-26T12:53:39+00:00","description":"Visite priv\u00e9e d'Al Ain depuis Duba\u00ef. Ses sites merveilleux, son architecture historique, son oasis et bien plus encore. Visite priv\u00e9e","breadcrumb":{"@id":"https:\/\/tourtravelandmore.com\/fr\/tours\/emirats-arabes-unis-fr\/dubai-fr\/visite-privee-d-al-ain-au-depart-de-dubai\/#breadcrumb"},"inLanguage":"fr-FR","potentialAction":[{"@type":"ReadAction","target":["https:\/\/tourtravelandmore.com\/fr\/tours\/emirats-arabes-unis-fr\/dubai-fr\/visite-privee-d-al-ain-au-depart-de-dubai\/"]}]},{"@type":"ImageObject","inLanguage":"fr-FR","@id":"https:\/\/tourtravelandmore.com\/fr\/tours\/emirats-arabes-unis-fr\/dubai-fr\/visite-privee-d-al-ain-au-depart-de-dubai\/#primaryimage","url":"https:\/\/tourtravelandmore.com\/wp-content\/uploads\/2019\/12\/ain4.jpg","contentUrl":"https:\/\/tourtravelandmore.com\/wp-content\/uploads\/2019\/12\/ain4.jpg","width":3000,"height":2000},{"@type":"BreadcrumbList","@id":"https:\/\/tourtravelandmore.com\/fr\/tours\/emirats-arabes-unis-fr\/dubai-fr\/visite-privee-d-al-ain-au-depart-de-dubai\/#breadcrumb","itemListElement":[{"@type":"ListItem","position":1,"name":"Home","item":"https:\/\/tourtravelandmore.com\/fr\/"},{"@type":"ListItem","position":2,"name":"Tours","item":"https:\/\/tourtravelandmore.com\/fr\/tours\/"},{"@type":"ListItem","position":3,"name":"Visite priv\u00e9e d&#8217;Al Ain au d\u00e9part de Duba\u00ef"}]},{"@type":"WebSite","@id":"https:\/\/tourtravelandmore.com\/fr\/#website","url":"https:\/\/tourtravelandmore.com\/fr\/","name":"Tour Travel And More","description":"Private sightseeing tours and luxury transfers in Spain","publisher":{"@id":"https:\/\/tourtravelandmore.com\/fr\/#organization"},"potentialAction":[{"@type":"SearchAction","target":{"@type":"EntryPoint","urlTemplate":"https:\/\/tourtravelandmore.com\/fr\/?s={search_term_string}"},"query-input":{"@type":"PropertyValueSpecification","valueRequired":true,"valueName":"search_term_string"}}],"inLanguage":"fr-FR"},{"@type":"Organization","@id":"https:\/\/tourtravelandmore.com\/fr\/#organization","name":"Tour Travel And More","url":"https:\/\/tourtravelandmore.com\/fr\/","logo":{"@type":"ImageObject","inLanguage":"fr-FR","@id":"https:\/\/tourtravelandmore.com\/fr\/#\/schema\/logo\/image\/","url":"https:\/\/tourtravelandmore.com\/wp-content\/uploads\/2022\/12\/cropped-logo-cabecera-new.png","contentUrl":"https:\/\/tourtravelandmore.com\/wp-content\/uploads\/2022\/12\/cropped-logo-cabecera-new.png","width":430,"height":61,"caption":"Tour Travel And More"},"image":{"@id":"https:\/\/tourtravelandmore.com\/fr\/#\/schema\/logo\/image\/"},"sameAs":["https:\/\/www.facebook.com\/tourtravelandmore\/","https:\/\/x.com\/TourTravel_More"]}]}},"_links":{"self":[{"href":"https:\/\/tourtravelandmore.com\/fr\/wp-json\/wp\/v2\/product\/105188","targetHints":{"allow":["GET"]}}],"collection":[{"href":"https:\/\/tourtravelandmore.com\/fr\/wp-json\/wp\/v2\/product"}],"about":[{"href":"https:\/\/tourtravelandmore.com\/fr\/wp-json\/wp\/v2\/types\/product"}],"replies":[{"embeddable":true,"href":"https:\/\/tourtravelandmore.com\/fr\/wp-json\/wp\/v2\/comments?post=105188"}],"wp:featuredmedia":[{"embeddable":true,"href":"https:\/\/tourtravelandmore.com\/fr\/wp-json\/wp\/v2\/media\/96888"}],"wp:attachment":[{"href":"https:\/\/tourtravelandmore.com\/fr\/wp-json\/wp\/v2\/media?parent=105188"}],"wp:term":[{"taxonomy":"product_brand","embeddable":true,"href":"https:\/\/tourtravelandmore.com\/fr\/wp-json\/wp\/v2\/product_brand?post=105188"},{"taxonomy":"product_cat","embeddable":true,"href":"https:\/\/tourtravelandmore.com\/fr\/wp-json\/wp\/v2\/product_cat?post=105188"},{"taxonomy":"product_tag","embeddable":true,"href":"https:\/\/tourtravelandmore.com\/fr\/wp-json\/wp\/v2\/product_tag?post=105188"}],"curies":[{"name":"wp","href":"https:\/\/api.w.org\/{rel}","templated":true}]}}