{"id":105178,"date":"2019-12-27T12:51:56","date_gmt":"2019-12-27T11:51:56","guid":{"rendered":"https:\/\/tourtravelandmore.com\/tours\/non%20class\u00e9\/visite-privee-a-abu-dhabi\/"},"modified":"2025-09-17T20:00:00","modified_gmt":"2025-09-17T18:00:00","slug":"visite-privee-a-abu-dhabi","status":"publish","type":"product","link":"https:\/\/tourtravelandmore.com\/fr\/tours\/emirats-arabes-unis-fr\/dubai-fr\/visite-privee-a-abu-dhabi\/","title":{"rendered":"Visite priv\u00e9e \u00e0 Abu Dhabi"},"content":{"rendered":"<h2>Visite priv\u00e9e \u00e0 Abu Dhabi Description<\/h2>\n<p>D\u00e9couvrez le charme de la capitale des \u00c9mirats gr\u00e2ce \u00e0 notre visite priv\u00e9e \u00e0 Abu Dhabi au d\u00e9part de Duba\u00ef. En une seule journ\u00e9e, vous explorerez les merveilles modernes et les sites culturels embl\u00e9matiques tout en profitant du confort d&#8217;un v\u00e9hicule priv\u00e9 et de l&#8217;expertise d&#8217;un guide local. Ce voyage combine vues panoramiques, histoire et traditions, offrant une introduction compl\u00e8te \u00e0 la ville.<\/p>\n<p>La visite commence par un trajet en voiture le long de la route panoramique qui relie Duba\u00ef \u00e0 Abu Dhabi. Votre premier arr\u00eat sera la <b>Grande Mosqu\u00e9e Sheikh Zayed<\/b>, un chef-d&#8217;\u0153uvre architectural et l&#8217;une des plus grandes mosqu\u00e9es au monde. \u00c0 l&#8217;int\u00e9rieur, son marbre blanc, ses lustres et ses bassins r\u00e9fl\u00e9chissants cr\u00e9ent une atmosph\u00e8re \u00e0 couper le souffle. De l\u00e0, vous continuerez vers la <b>Corniche<\/b>, la promenade en bord de mer de la ville, id\u00e9ale pour profiter de la vue sur les toits.<\/p>\n<h2>Points forts de la visite priv\u00e9e d&#8217;Abu Dhabi au d\u00e9part de Duba\u00ef<\/h2>\n<ul>\n<li><b>Grande mosqu\u00e9e Sheikh Zayed<\/b> : visitez le monument religieux le plus embl\u00e9matique des \u00c9mirats arabes unis.<\/li>\n<li><b>Corniche<\/b> : front de mer pittoresque avec vue panoramique.<\/li>\n<li><b>Village du patrimoine<\/b> : aper\u00e7u des traditions et de l&#8217;artisanat \u00e9miratis.<\/li>\n<li><b>Qasr Al Watan (palais pr\u00e9sidentiel)<\/b> : vue ext\u00e9rieure d&#8217;un monument remarquable.<\/li>\n<li>Marina Mall ou souk local : temps libre pour faire du shopping ou prendre un caf\u00e9.<\/li>\n<\/ul>\n<p>Apr\u00e8s avoir d\u00e9couvert le c\u00f4t\u00e9 culturel d&#8217;Abu Dhabi, la visite se poursuit dans le quartier moderne, o\u00f9 l&#8217;architecture futuriste se m\u00eale \u00e0 l&#8217;h\u00e9ritage arabe. Votre guide vous racontera l&#8217;histoire de la transformation de la ville en capitale mondiale. Vous passerez \u00e9galement devant l&#8217;Emirates Palace Hotel, symbole de luxe et d&#8217;\u00e9l\u00e9gance, id\u00e9al pour prendre des photos.<\/p>\n<p>Pour plus d&#8217;informations sur la ville, vous pouvez consulter le site officiel du tourisme d&#8217;Abu Dhabi. Vous pouvez \u00e9galement explorer d&#8217;autres circuits sur mesure \u00e0 travers les \u00c9mirats arabes unis sur <a href=\"https:\/\/tourtravelandmore.com\/\">Tour Travel &amp; More<\/a>.<\/p>\n<p>En choisissant le <b>circuit priv\u00e9 \u00e0 Abu Dhabi au d\u00e9part de Duba\u00ef<\/b>, vous \u00eates assur\u00e9 de vivre une exp\u00e9rience enrichissante et confortable, et de d\u00e9couvrir le meilleur de la capitale des \u00c9mirats arabes unis en seulement huit heures.<\/p>\n","protected":false},"excerpt":{"rendered":"<p>Saisissez cette occasion pour visiter la magnifique mosqu\u00e9e Sheikh Zayed, l&#8217;Emirates Palace et bien d&#8217;autres endroits \u00e0 Abu Dhabi lors d&#8217;une excursion d&#8217;une journ\u00e9e au d\u00e9part de Duba\u00ef \u00e0 c\u00f4t\u00e9 d&#8217;un expert local.<\/p>\n","protected":false},"featured_media":89485,"comment_status":"open","ping_status":"closed","template":"","meta":{"_acf_changed":false},"product_brand":[],"product_cat":[5598,5601,5600,3733,3803],"product_tag":[],"class_list":{"0":"post-105178","1":"product","2":"type-product","3":"status-publish","4":"has-post-thumbnail","6":"product_cat-all-private-tours-activities-fr-43","7":"product_cat-private-shore-excursions-fr-18","8":"product_cat-private-sightseeing-tours-fr-52","9":"product_cat-emirats-arabes-unis-fr","10":"product_cat-dubai-fr","12":"first","13":"instock","14":"shipping-taxable","15":"purchasable","16":"product-type-simple"},"acf":[],"yoast_head":"<!-- This site is optimized with the Yoast SEO Premium plugin v25.3.1 (Yoast SEO v25.3.1) - https:\/\/yoast.com\/wordpress\/plugins\/seo\/ -->\n<title>Visite priv\u00e9e d&#039;Abou Dhabi au d\u00e9part de Duba\u00ef - VISITE PRIV\u00c9E DE DUBAI<\/title>\n<meta name=\"description\" content=\"Visite priv\u00e9e d&#039;Abou Dhabi au d\u00e9part de Duba\u00ef; ses merveilleuses mosqu\u00e9es, son architecture futuriste, ses \u00eeles artificielles \u00e9blouissantes et bien plus encore.\" \/>\n<meta name=\"robots\" content=\"index, follow, max-snippet:-1, max-image-preview:large, max-video-preview:-1\" \/>\n<link rel=\"canonical\" href=\"https:\/\/tourtravelandmore.com\/fr\/tours\/emirats-arabes-unis-fr\/dubai-fr\/visite-privee-a-abu-dhabi\/\" \/>\n<meta property=\"og:locale\" content=\"fr_FR\" \/>\n<meta property=\"og:type\" content=\"article\" \/>\n<meta property=\"og:title\" content=\"Visite priv\u00e9e \u00e0 Abu Dhabi\" \/>\n<meta property=\"og:description\" content=\"Visite priv\u00e9e d&#039;Abou Dhabi au d\u00e9part de Duba\u00ef; ses merveilleuses mosqu\u00e9es, son architecture futuriste, ses \u00eeles artificielles \u00e9blouissantes et bien plus encore.\" \/>\n<meta property=\"og:url\" content=\"https:\/\/tourtravelandmore.com\/fr\/tours\/emirats-arabes-unis-fr\/dubai-fr\/visite-privee-a-abu-dhabi\/\" \/>\n<meta property=\"og:site_name\" content=\"Tour Travel And More\" \/>\n<meta property=\"article:publisher\" content=\"https:\/\/www.facebook.com\/tourtravelandmore\/\" \/>\n<meta property=\"article:modified_time\" content=\"2025-09-17T18:00:00+00:00\" \/>\n<meta property=\"og:image\" content=\"https:\/\/tourtravelandmore.com\/wp-content\/uploads\/2019\/12\/Abu-Dhabi-2.jpeg\" \/>\n\t<meta property=\"og:image:width\" content=\"1051\" \/>\n\t<meta property=\"og:image:height\" content=\"701\" \/>\n\t<meta property=\"og:image:type\" content=\"image\/jpeg\" \/>\n<meta name=\"twitter:card\" content=\"summary_large_image\" \/>\n<meta name=\"twitter:site\" content=\"@TourTravel_More\" \/>\n<meta name=\"twitter:label1\" content=\"Dur\u00e9e de lecture estim\u00e9e\" \/>\n\t<meta name=\"twitter:data1\" content=\"2 minutes\" \/>\n<script type=\"application\/ld+json\" class=\"yoast-schema-graph\">{\"@context\":\"https:\/\/schema.org\",\"@graph\":[{\"@type\":\"WebPage\",\"@id\":\"https:\/\/tourtravelandmore.com\/fr\/tours\/emirats-arabes-unis-fr\/dubai-fr\/visite-privee-a-abu-dhabi\/\",\"url\":\"https:\/\/tourtravelandmore.com\/fr\/tours\/emirats-arabes-unis-fr\/dubai-fr\/visite-privee-a-abu-dhabi\/\",\"name\":\"Visite priv\u00e9e d'Abou Dhabi au d\u00e9part de Duba\u00ef - VISITE PRIV\u00c9E DE DUBAI\",\"isPartOf\":{\"@id\":\"https:\/\/tourtravelandmore.com\/fr\/#website\"},\"primaryImageOfPage\":{\"@id\":\"https:\/\/tourtravelandmore.com\/fr\/tours\/emirats-arabes-unis-fr\/dubai-fr\/visite-privee-a-abu-dhabi\/#primaryimage\"},\"image\":{\"@id\":\"https:\/\/tourtravelandmore.com\/fr\/tours\/emirats-arabes-unis-fr\/dubai-fr\/visite-privee-a-abu-dhabi\/#primaryimage\"},\"thumbnailUrl\":\"https:\/\/tourtravelandmore.com\/wp-content\/uploads\/2019\/12\/Abu-Dhabi-2.jpeg\",\"datePublished\":\"2019-12-27T11:51:56+00:00\",\"dateModified\":\"2025-09-17T18:00:00+00:00\",\"description\":\"Visite priv\u00e9e d'Abou Dhabi au d\u00e9part de Duba\u00ef; ses merveilleuses mosqu\u00e9es, son architecture futuriste, ses \u00eeles artificielles \u00e9blouissantes et bien plus encore.\",\"breadcrumb\":{\"@id\":\"https:\/\/tourtravelandmore.com\/fr\/tours\/emirats-arabes-unis-fr\/dubai-fr\/visite-privee-a-abu-dhabi\/#breadcrumb\"},\"inLanguage\":\"fr-FR\",\"potentialAction\":[{\"@type\":\"ReadAction\",\"target\":[\"https:\/\/tourtravelandmore.com\/fr\/tours\/emirats-arabes-unis-fr\/dubai-fr\/visite-privee-a-abu-dhabi\/\"]}]},{\"@type\":\"ImageObject\",\"inLanguage\":\"fr-FR\",\"@id\":\"https:\/\/tourtravelandmore.com\/fr\/tours\/emirats-arabes-unis-fr\/dubai-fr\/visite-privee-a-abu-dhabi\/#primaryimage\",\"url\":\"https:\/\/tourtravelandmore.com\/wp-content\/uploads\/2019\/12\/Abu-Dhabi-2.jpeg\",\"contentUrl\":\"https:\/\/tourtravelandmore.com\/wp-content\/uploads\/2019\/12\/Abu-Dhabi-2.jpeg\",\"width\":1051,\"height\":701,\"caption\":\"Abu Dhabi 2\"},{\"@type\":\"BreadcrumbList\",\"@id\":\"https:\/\/tourtravelandmore.com\/fr\/tours\/emirats-arabes-unis-fr\/dubai-fr\/visite-privee-a-abu-dhabi\/#breadcrumb\",\"itemListElement\":[{\"@type\":\"ListItem\",\"position\":1,\"name\":\"Home\",\"item\":\"https:\/\/tourtravelandmore.com\/fr\/\"},{\"@type\":\"ListItem\",\"position\":2,\"name\":\"Tours\",\"item\":\"https:\/\/tourtravelandmore.com\/fr\/tours\/\"},{\"@type\":\"ListItem\",\"position\":3,\"name\":\"Visite priv\u00e9e \u00e0 Abu Dhabi\"}]},{\"@type\":\"WebSite\",\"@id\":\"https:\/\/tourtravelandmore.com\/fr\/#website\",\"url\":\"https:\/\/tourtravelandmore.com\/fr\/\",\"name\":\"Tour Travel And More\",\"description\":\"Private sightseeing tours and luxury transfers in Spain\",\"publisher\":{\"@id\":\"https:\/\/tourtravelandmore.com\/fr\/#organization\"},\"potentialAction\":[{\"@type\":\"SearchAction\",\"target\":{\"@type\":\"EntryPoint\",\"urlTemplate\":\"https:\/\/tourtravelandmore.com\/fr\/?s={search_term_string}\"},\"query-input\":{\"@type\":\"PropertyValueSpecification\",\"valueRequired\":true,\"valueName\":\"search_term_string\"}}],\"inLanguage\":\"fr-FR\"},{\"@type\":\"Organization\",\"@id\":\"https:\/\/tourtravelandmore.com\/fr\/#organization\",\"name\":\"Tour Travel And More\",\"url\":\"https:\/\/tourtravelandmore.com\/fr\/\",\"logo\":{\"@type\":\"ImageObject\",\"inLanguage\":\"fr-FR\",\"@id\":\"https:\/\/tourtravelandmore.com\/fr\/#\/schema\/logo\/image\/\",\"url\":\"https:\/\/tourtravelandmore.com\/wp-content\/uploads\/2022\/12\/cropped-logo-cabecera-new.png\",\"contentUrl\":\"https:\/\/tourtravelandmore.com\/wp-content\/uploads\/2022\/12\/cropped-logo-cabecera-new.png\",\"width\":430,\"height\":61,\"caption\":\"Tour Travel And More\"},\"image\":{\"@id\":\"https:\/\/tourtravelandmore.com\/fr\/#\/schema\/logo\/image\/\"},\"sameAs\":[\"https:\/\/www.facebook.com\/tourtravelandmore\/\",\"https:\/\/x.com\/TourTravel_More\"]}]}<\/script>\n<!-- \/ Yoast SEO Premium plugin. -->","yoast_head_json":{"title":"Visite priv\u00e9e d'Abou Dhabi au d\u00e9part de Duba\u00ef - VISITE PRIV\u00c9E DE DUBAI","description":"Visite priv\u00e9e d'Abou Dhabi au d\u00e9part de Duba\u00ef; ses merveilleuses mosqu\u00e9es, son architecture futuriste, ses \u00eeles artificielles \u00e9blouissantes et bien plus encore.","robots":{"index":"index","follow":"follow","max-snippet":"max-snippet:-1","max-image-preview":"max-image-preview:large","max-video-preview":"max-video-preview:-1"},"canonical":"https:\/\/tourtravelandmore.com\/fr\/tours\/emirats-arabes-unis-fr\/dubai-fr\/visite-privee-a-abu-dhabi\/","og_locale":"fr_FR","og_type":"article","og_title":"Visite priv\u00e9e \u00e0 Abu Dhabi","og_description":"Visite priv\u00e9e d'Abou Dhabi au d\u00e9part de Duba\u00ef; ses merveilleuses mosqu\u00e9es, son architecture futuriste, ses \u00eeles artificielles \u00e9blouissantes et bien plus encore.","og_url":"https:\/\/tourtravelandmore.com\/fr\/tours\/emirats-arabes-unis-fr\/dubai-fr\/visite-privee-a-abu-dhabi\/","og_site_name":"Tour Travel And More","article_publisher":"https:\/\/www.facebook.com\/tourtravelandmore\/","article_modified_time":"2025-09-17T18:00:00+00:00","og_image":[{"width":1051,"height":701,"url":"https:\/\/tourtravelandmore.com\/wp-content\/uploads\/2019\/12\/Abu-Dhabi-2.jpeg","type":"image\/jpeg"}],"twitter_card":"summary_large_image","twitter_site":"@TourTravel_More","twitter_misc":{"Dur\u00e9e de lecture estim\u00e9e":"2 minutes"},"schema":{"@context":"https:\/\/schema.org","@graph":[{"@type":"WebPage","@id":"https:\/\/tourtravelandmore.com\/fr\/tours\/emirats-arabes-unis-fr\/dubai-fr\/visite-privee-a-abu-dhabi\/","url":"https:\/\/tourtravelandmore.com\/fr\/tours\/emirats-arabes-unis-fr\/dubai-fr\/visite-privee-a-abu-dhabi\/","name":"Visite priv\u00e9e d'Abou Dhabi au d\u00e9part de Duba\u00ef - VISITE PRIV\u00c9E DE DUBAI","isPartOf":{"@id":"https:\/\/tourtravelandmore.com\/fr\/#website"},"primaryImageOfPage":{"@id":"https:\/\/tourtravelandmore.com\/fr\/tours\/emirats-arabes-unis-fr\/dubai-fr\/visite-privee-a-abu-dhabi\/#primaryimage"},"image":{"@id":"https:\/\/tourtravelandmore.com\/fr\/tours\/emirats-arabes-unis-fr\/dubai-fr\/visite-privee-a-abu-dhabi\/#primaryimage"},"thumbnailUrl":"https:\/\/tourtravelandmore.com\/wp-content\/uploads\/2019\/12\/Abu-Dhabi-2.jpeg","datePublished":"2019-12-27T11:51:56+00:00","dateModified":"2025-09-17T18:00:00+00:00","description":"Visite priv\u00e9e d'Abou Dhabi au d\u00e9part de Duba\u00ef; ses merveilleuses mosqu\u00e9es, son architecture futuriste, ses \u00eeles artificielles \u00e9blouissantes et bien plus encore.","breadcrumb":{"@id":"https:\/\/tourtravelandmore.com\/fr\/tours\/emirats-arabes-unis-fr\/dubai-fr\/visite-privee-a-abu-dhabi\/#breadcrumb"},"inLanguage":"fr-FR","potentialAction":[{"@type":"ReadAction","target":["https:\/\/tourtravelandmore.com\/fr\/tours\/emirats-arabes-unis-fr\/dubai-fr\/visite-privee-a-abu-dhabi\/"]}]},{"@type":"ImageObject","inLanguage":"fr-FR","@id":"https:\/\/tourtravelandmore.com\/fr\/tours\/emirats-arabes-unis-fr\/dubai-fr\/visite-privee-a-abu-dhabi\/#primaryimage","url":"https:\/\/tourtravelandmore.com\/wp-content\/uploads\/2019\/12\/Abu-Dhabi-2.jpeg","contentUrl":"https:\/\/tourtravelandmore.com\/wp-content\/uploads\/2019\/12\/Abu-Dhabi-2.jpeg","width":1051,"height":701,"caption":"Abu Dhabi 2"},{"@type":"BreadcrumbList","@id":"https:\/\/tourtravelandmore.com\/fr\/tours\/emirats-arabes-unis-fr\/dubai-fr\/visite-privee-a-abu-dhabi\/#breadcrumb","itemListElement":[{"@type":"ListItem","position":1,"name":"Home","item":"https:\/\/tourtravelandmore.com\/fr\/"},{"@type":"ListItem","position":2,"name":"Tours","item":"https:\/\/tourtravelandmore.com\/fr\/tours\/"},{"@type":"ListItem","position":3,"name":"Visite priv\u00e9e \u00e0 Abu Dhabi"}]},{"@type":"WebSite","@id":"https:\/\/tourtravelandmore.com\/fr\/#website","url":"https:\/\/tourtravelandmore.com\/fr\/","name":"Tour Travel And More","description":"Private sightseeing tours and luxury transfers in Spain","publisher":{"@id":"https:\/\/tourtravelandmore.com\/fr\/#organization"},"potentialAction":[{"@type":"SearchAction","target":{"@type":"EntryPoint","urlTemplate":"https:\/\/tourtravelandmore.com\/fr\/?s={search_term_string}"},"query-input":{"@type":"PropertyValueSpecification","valueRequired":true,"valueName":"search_term_string"}}],"inLanguage":"fr-FR"},{"@type":"Organization","@id":"https:\/\/tourtravelandmore.com\/fr\/#organization","name":"Tour Travel And More","url":"https:\/\/tourtravelandmore.com\/fr\/","logo":{"@type":"ImageObject","inLanguage":"fr-FR","@id":"https:\/\/tourtravelandmore.com\/fr\/#\/schema\/logo\/image\/","url":"https:\/\/tourtravelandmore.com\/wp-content\/uploads\/2022\/12\/cropped-logo-cabecera-new.png","contentUrl":"https:\/\/tourtravelandmore.com\/wp-content\/uploads\/2022\/12\/cropped-logo-cabecera-new.png","width":430,"height":61,"caption":"Tour Travel And More"},"image":{"@id":"https:\/\/tourtravelandmore.com\/fr\/#\/schema\/logo\/image\/"},"sameAs":["https:\/\/www.facebook.com\/tourtravelandmore\/","https:\/\/x.com\/TourTravel_More"]}]}},"_links":{"self":[{"href":"https:\/\/tourtravelandmore.com\/fr\/wp-json\/wp\/v2\/product\/105178","targetHints":{"allow":["GET"]}}],"collection":[{"href":"https:\/\/tourtravelandmore.com\/fr\/wp-json\/wp\/v2\/product"}],"about":[{"href":"https:\/\/tourtravelandmore.com\/fr\/wp-json\/wp\/v2\/types\/product"}],"replies":[{"embeddable":true,"href":"https:\/\/tourtravelandmore.com\/fr\/wp-json\/wp\/v2\/comments?post=105178"}],"wp:featuredmedia":[{"embeddable":true,"href":"https:\/\/tourtravelandmore.com\/fr\/wp-json\/wp\/v2\/media\/89485"}],"wp:attachment":[{"href":"https:\/\/tourtravelandmore.com\/fr\/wp-json\/wp\/v2\/media?parent=105178"}],"wp:term":[{"taxonomy":"product_brand","embeddable":true,"href":"https:\/\/tourtravelandmore.com\/fr\/wp-json\/wp\/v2\/product_brand?post=105178"},{"taxonomy":"product_cat","embeddable":true,"href":"https:\/\/tourtravelandmore.com\/fr\/wp-json\/wp\/v2\/product_cat?post=105178"},{"taxonomy":"product_tag","embeddable":true,"href":"https:\/\/tourtravelandmore.com\/fr\/wp-json\/wp\/v2\/product_tag?post=105178"}],"curies":[{"name":"wp","href":"https:\/\/api.w.org\/{rel}","templated":true}]}}