{"id":105141,"date":"2020-05-21T11:09:48","date_gmt":"2020-05-21T09:09:48","guid":{"rendered":"https:\/\/tourtravelandmore.com\/tours\/non%20class\u00e9\/transfert-prive-a-cracovie\/"},"modified":"2021-03-24T09:24:04","modified_gmt":"2021-03-24T08:24:04","slug":"transfert-prive-a-cracovie","status":"publish","type":"product","link":"https:\/\/tourtravelandmore.com\/fr\/tours\/pologne-fr\/cracovie-fr\/transfert-prive-a-cracovie\/","title":{"rendered":"Transfert priv\u00e9 \u00e0 Cracovie"},"content":{"rendered":"<h2>Description<\/h2>\n<p>Chez Tour Travel and More, nous proposons des transferts priv\u00e9s \u00e0 l&#8217;arriv\u00e9e, au d\u00e9part et entre les villes \u00e0 Cracovie et dans toute autre ville de Pologne. Tous nos chauffeurs sont des professionnels et tous nos v\u00e9hicules sont des v\u00e9hicules de luxe avec le permis requis. Prenez notre transfert priv\u00e9 \u00e0 Cracovie pour une arriv\u00e9e rapide.<\/p>\n<p>Nous proposons des transferts priv\u00e9s pour les individus, les petits groupes et les grands groupes. Voyager avec nous vous garantit non seulement d&#8217;\u00eatre au bon endroit au bon moment. Nous avons \u00e9galement des guides, vous indiquant o\u00f9 manger, quoi voir ou o\u00f9 s\u00e9journer. Nous proposons \u00e9galement des visites priv\u00e9es au cas o\u00f9 vous auriez besoin de nous pour les organiser.<\/p>\n<p>N&#8217;h\u00e9sitez pas \u00e0 nous contacter au cas o\u00f9 vous auriez besoin de nous pour organiser votre transfert d&#8217;arriv\u00e9e ou de d\u00e9part \u00e0 Cracovie.<\/p>\n<p>Notre chauffeur vous attendra, \u00e0 l&#8217;heure souhait\u00e9e, au lieu de prise en charge souhait\u00e9. Ce transfert priv\u00e9 \u00e0 Cracovie est le d\u00e9but parfait pour votre exp\u00e9rience.<\/p>\n<h2>Sites d&#8217;int\u00e9r\u00eat et monuments<\/h2>\n<ul>\n<li>La chanson incompl\u00e8te: Vous savez s\u00fbrement d\u00e9j\u00e0 que pour marquer l&#8217;arriv\u00e9e des heures dans la basilique Sainte-Marie, le son d&#8217;une trompette se fait entendre en jouant la c\u00e9l\u00e8bre chanson Hejna\u0142 Mariacki, cependant la chanson n&#8217;est jamais entendue compl\u00e8tement mais est interrompue presque \u00e0 mi-chemin. , c&#8217;est parce qu&#8217;au Moyen \u00c2ge il y avait un trompettiste qui \u00e9tait celui qui pr\u00e9venait avec ses notes de tout danger, mais un jour il y eut un coup de foudre des<\/li>\n<li>Tartares et le jeune trompettiste tomba tu\u00e9 par une fl\u00e8che laissant sa chanson incompl\u00e8te. C&#8217;est en l&#8217;honneur de ce courageux trompettiste que le chant des heures de Cracovie ne se termine jamais.<\/li>\n<li>Le chakra du ch\u00e2teau de Wawel: Plus qu&#8217;un chakra c&#8217;est une pierre mystique lanc\u00e9e par le dieu hindou Shiva, ceci selon une l\u00e9gende indienne o\u00f9 il est dit que le dieu a jet\u00e9 7 pierres magiques qui seraient tomb\u00e9es \u00e0 Delhi, La Mecque, Delphes, J\u00e9rusalem, Rome, Velehrad dans la ville tch\u00e8que de Cracovie. Que ce soit vrai ou non, de nombreux visiteurs disent ressentir une \u00e9trange d\u00e9tente en se promenant dans la cour du ch\u00e2teau.<\/li>\n<\/ul>\n<p>Ne manquez pas nos visites priv\u00e9es que nous pouvons vous proposer \u00e0 Cracovie. D\u00e9couvrez toutes nos exp\u00e9riences priv\u00e9es. Nous pouvons personnaliser n&#8217;importe quel circuit pour vous, il vous suffit de contacter nos experts en voyages!<\/p>\n","protected":false},"excerpt":{"rendered":"<p>Profitez de cette occasion pour profiter de ce moyen confortable pour vous rendre \u00e0 votre destination finale \u00e0 Cracovie. Vous disposerez de votre propre v\u00e9hicule de luxe priv\u00e9 avec chauffeur pour vous conduire rapidement et confortablement \u00e0 l&#8217;emplacement de votre choix. La prise en charge peut se faire \u00e0 l&#8217;h\u00f4tel, \u00e0 l&#8217;a\u00e9roport, \u00e0 la gare ou au lieu de votre choix.<\/p>\n","protected":false},"featured_media":95809,"comment_status":"open","ping_status":"closed","template":"","meta":{"_acf_changed":false},"product_brand":[],"product_cat":[3742,3829],"product_tag":[],"class_list":{"0":"post-105141","1":"product","2":"type-product","3":"status-publish","4":"has-post-thumbnail","6":"product_cat-pologne-fr","7":"product_cat-cracovie-fr","9":"first","10":"instock","11":"shipping-taxable","12":"purchasable","13":"product-type-simple"},"acf":[],"yoast_head":"<!-- This site is optimized with the Yoast SEO Premium plugin v25.3.1 (Yoast SEO v25.3.1) - https:\/\/yoast.com\/wordpress\/plugins\/seo\/ -->\n<title>Transfert priv\u00e9 \u00e0 Cracovie - Transfert \u00e0 l&#039;arriv\u00e9e ou au d\u00e9part de l&#039;a\u00e9roport<\/title>\n<meta name=\"description\" content=\"Arrivez confortablement \u00e0 votre destination finale \u00e0 Cracovie dans notre transfert priv\u00e9 \u00e0 Cracovie et avec nos chauffeurs professionnels.\" \/>\n<meta name=\"robots\" content=\"index, follow, max-snippet:-1, max-image-preview:large, max-video-preview:-1\" \/>\n<link rel=\"canonical\" href=\"https:\/\/tourtravelandmore.com\/fr\/tours\/pologne-fr\/cracovie-fr\/transfert-prive-a-cracovie\/\" \/>\n<meta property=\"og:locale\" content=\"fr_FR\" \/>\n<meta property=\"og:type\" content=\"article\" \/>\n<meta property=\"og:title\" content=\"Transfert priv\u00e9 \u00e0 Cracovie\" \/>\n<meta property=\"og:description\" content=\"Arrivez confortablement \u00e0 votre destination finale \u00e0 Cracovie dans notre transfert priv\u00e9 \u00e0 Cracovie et avec nos chauffeurs professionnels.\" \/>\n<meta property=\"og:url\" content=\"https:\/\/tourtravelandmore.com\/fr\/tours\/pologne-fr\/cracovie-fr\/transfert-prive-a-cracovie\/\" \/>\n<meta property=\"og:site_name\" content=\"Tour Travel And More\" \/>\n<meta property=\"article:publisher\" content=\"https:\/\/www.facebook.com\/tourtravelandmore\/\" \/>\n<meta property=\"article:modified_time\" content=\"2021-03-24T08:24:04+00:00\" \/>\n<meta property=\"og:image\" content=\"https:\/\/tourtravelandmore.com\/wp-content\/uploads\/2016\/11\/TrasladoAlicante-1.png\" \/>\n\t<meta property=\"og:image:width\" content=\"640\" \/>\n\t<meta property=\"og:image:height\" content=\"425\" \/>\n\t<meta property=\"og:image:type\" content=\"image\/png\" \/>\n<meta name=\"twitter:card\" content=\"summary_large_image\" \/>\n<meta name=\"twitter:site\" content=\"@TourTravel_More\" \/>\n<meta name=\"twitter:label1\" content=\"Dur\u00e9e de lecture estim\u00e9e\" \/>\n\t<meta name=\"twitter:data1\" content=\"2 minutes\" \/>\n<script type=\"application\/ld+json\" class=\"yoast-schema-graph\">{\"@context\":\"https:\/\/schema.org\",\"@graph\":[{\"@type\":\"WebPage\",\"@id\":\"https:\/\/tourtravelandmore.com\/fr\/tours\/pologne-fr\/cracovie-fr\/transfert-prive-a-cracovie\/\",\"url\":\"https:\/\/tourtravelandmore.com\/fr\/tours\/pologne-fr\/cracovie-fr\/transfert-prive-a-cracovie\/\",\"name\":\"Transfert priv\u00e9 \u00e0 Cracovie - Transfert \u00e0 l'arriv\u00e9e ou au d\u00e9part de l'a\u00e9roport\",\"isPartOf\":{\"@id\":\"https:\/\/tourtravelandmore.com\/fr\/#website\"},\"primaryImageOfPage\":{\"@id\":\"https:\/\/tourtravelandmore.com\/fr\/tours\/pologne-fr\/cracovie-fr\/transfert-prive-a-cracovie\/#primaryimage\"},\"image\":{\"@id\":\"https:\/\/tourtravelandmore.com\/fr\/tours\/pologne-fr\/cracovie-fr\/transfert-prive-a-cracovie\/#primaryimage\"},\"thumbnailUrl\":\"https:\/\/tourtravelandmore.com\/wp-content\/uploads\/2016\/11\/TrasladoAlicante-1.png\",\"datePublished\":\"2020-05-21T09:09:48+00:00\",\"dateModified\":\"2021-03-24T08:24:04+00:00\",\"description\":\"Arrivez confortablement \u00e0 votre destination finale \u00e0 Cracovie dans notre transfert priv\u00e9 \u00e0 Cracovie et avec nos chauffeurs professionnels.\",\"breadcrumb\":{\"@id\":\"https:\/\/tourtravelandmore.com\/fr\/tours\/pologne-fr\/cracovie-fr\/transfert-prive-a-cracovie\/#breadcrumb\"},\"inLanguage\":\"fr-FR\",\"potentialAction\":[{\"@type\":\"ReadAction\",\"target\":[\"https:\/\/tourtravelandmore.com\/fr\/tours\/pologne-fr\/cracovie-fr\/transfert-prive-a-cracovie\/\"]}]},{\"@type\":\"ImageObject\",\"inLanguage\":\"fr-FR\",\"@id\":\"https:\/\/tourtravelandmore.com\/fr\/tours\/pologne-fr\/cracovie-fr\/transfert-prive-a-cracovie\/#primaryimage\",\"url\":\"https:\/\/tourtravelandmore.com\/wp-content\/uploads\/2016\/11\/TrasladoAlicante-1.png\",\"contentUrl\":\"https:\/\/tourtravelandmore.com\/wp-content\/uploads\/2016\/11\/TrasladoAlicante-1.png\",\"width\":640,\"height\":425},{\"@type\":\"BreadcrumbList\",\"@id\":\"https:\/\/tourtravelandmore.com\/fr\/tours\/pologne-fr\/cracovie-fr\/transfert-prive-a-cracovie\/#breadcrumb\",\"itemListElement\":[{\"@type\":\"ListItem\",\"position\":1,\"name\":\"Home\",\"item\":\"https:\/\/tourtravelandmore.com\/fr\/\"},{\"@type\":\"ListItem\",\"position\":2,\"name\":\"Tours\",\"item\":\"https:\/\/tourtravelandmore.com\/fr\/tours\/\"},{\"@type\":\"ListItem\",\"position\":3,\"name\":\"Transfert priv\u00e9 \u00e0 Cracovie\"}]},{\"@type\":\"WebSite\",\"@id\":\"https:\/\/tourtravelandmore.com\/fr\/#website\",\"url\":\"https:\/\/tourtravelandmore.com\/fr\/\",\"name\":\"Tour Travel And More\",\"description\":\"Private sightseeing tours and luxury transfers in Spain\",\"publisher\":{\"@id\":\"https:\/\/tourtravelandmore.com\/fr\/#organization\"},\"potentialAction\":[{\"@type\":\"SearchAction\",\"target\":{\"@type\":\"EntryPoint\",\"urlTemplate\":\"https:\/\/tourtravelandmore.com\/fr\/?s={search_term_string}\"},\"query-input\":{\"@type\":\"PropertyValueSpecification\",\"valueRequired\":true,\"valueName\":\"search_term_string\"}}],\"inLanguage\":\"fr-FR\"},{\"@type\":\"Organization\",\"@id\":\"https:\/\/tourtravelandmore.com\/fr\/#organization\",\"name\":\"Tour Travel And More\",\"url\":\"https:\/\/tourtravelandmore.com\/fr\/\",\"logo\":{\"@type\":\"ImageObject\",\"inLanguage\":\"fr-FR\",\"@id\":\"https:\/\/tourtravelandmore.com\/fr\/#\/schema\/logo\/image\/\",\"url\":\"https:\/\/tourtravelandmore.com\/wp-content\/uploads\/2022\/12\/cropped-logo-cabecera-new.png\",\"contentUrl\":\"https:\/\/tourtravelandmore.com\/wp-content\/uploads\/2022\/12\/cropped-logo-cabecera-new.png\",\"width\":430,\"height\":61,\"caption\":\"Tour Travel And More\"},\"image\":{\"@id\":\"https:\/\/tourtravelandmore.com\/fr\/#\/schema\/logo\/image\/\"},\"sameAs\":[\"https:\/\/www.facebook.com\/tourtravelandmore\/\",\"https:\/\/x.com\/TourTravel_More\"]}]}<\/script>\n<!-- \/ Yoast SEO Premium plugin. -->","yoast_head_json":{"title":"Transfert priv\u00e9 \u00e0 Cracovie - Transfert \u00e0 l'arriv\u00e9e ou au d\u00e9part de l'a\u00e9roport","description":"Arrivez confortablement \u00e0 votre destination finale \u00e0 Cracovie dans notre transfert priv\u00e9 \u00e0 Cracovie et avec nos chauffeurs professionnels.","robots":{"index":"index","follow":"follow","max-snippet":"max-snippet:-1","max-image-preview":"max-image-preview:large","max-video-preview":"max-video-preview:-1"},"canonical":"https:\/\/tourtravelandmore.com\/fr\/tours\/pologne-fr\/cracovie-fr\/transfert-prive-a-cracovie\/","og_locale":"fr_FR","og_type":"article","og_title":"Transfert priv\u00e9 \u00e0 Cracovie","og_description":"Arrivez confortablement \u00e0 votre destination finale \u00e0 Cracovie dans notre transfert priv\u00e9 \u00e0 Cracovie et avec nos chauffeurs professionnels.","og_url":"https:\/\/tourtravelandmore.com\/fr\/tours\/pologne-fr\/cracovie-fr\/transfert-prive-a-cracovie\/","og_site_name":"Tour Travel And More","article_publisher":"https:\/\/www.facebook.com\/tourtravelandmore\/","article_modified_time":"2021-03-24T08:24:04+00:00","og_image":[{"width":640,"height":425,"url":"https:\/\/tourtravelandmore.com\/wp-content\/uploads\/2016\/11\/TrasladoAlicante-1.png","type":"image\/png"}],"twitter_card":"summary_large_image","twitter_site":"@TourTravel_More","twitter_misc":{"Dur\u00e9e de lecture estim\u00e9e":"2 minutes"},"schema":{"@context":"https:\/\/schema.org","@graph":[{"@type":"WebPage","@id":"https:\/\/tourtravelandmore.com\/fr\/tours\/pologne-fr\/cracovie-fr\/transfert-prive-a-cracovie\/","url":"https:\/\/tourtravelandmore.com\/fr\/tours\/pologne-fr\/cracovie-fr\/transfert-prive-a-cracovie\/","name":"Transfert priv\u00e9 \u00e0 Cracovie - Transfert \u00e0 l'arriv\u00e9e ou au d\u00e9part de l'a\u00e9roport","isPartOf":{"@id":"https:\/\/tourtravelandmore.com\/fr\/#website"},"primaryImageOfPage":{"@id":"https:\/\/tourtravelandmore.com\/fr\/tours\/pologne-fr\/cracovie-fr\/transfert-prive-a-cracovie\/#primaryimage"},"image":{"@id":"https:\/\/tourtravelandmore.com\/fr\/tours\/pologne-fr\/cracovie-fr\/transfert-prive-a-cracovie\/#primaryimage"},"thumbnailUrl":"https:\/\/tourtravelandmore.com\/wp-content\/uploads\/2016\/11\/TrasladoAlicante-1.png","datePublished":"2020-05-21T09:09:48+00:00","dateModified":"2021-03-24T08:24:04+00:00","description":"Arrivez confortablement \u00e0 votre destination finale \u00e0 Cracovie dans notre transfert priv\u00e9 \u00e0 Cracovie et avec nos chauffeurs professionnels.","breadcrumb":{"@id":"https:\/\/tourtravelandmore.com\/fr\/tours\/pologne-fr\/cracovie-fr\/transfert-prive-a-cracovie\/#breadcrumb"},"inLanguage":"fr-FR","potentialAction":[{"@type":"ReadAction","target":["https:\/\/tourtravelandmore.com\/fr\/tours\/pologne-fr\/cracovie-fr\/transfert-prive-a-cracovie\/"]}]},{"@type":"ImageObject","inLanguage":"fr-FR","@id":"https:\/\/tourtravelandmore.com\/fr\/tours\/pologne-fr\/cracovie-fr\/transfert-prive-a-cracovie\/#primaryimage","url":"https:\/\/tourtravelandmore.com\/wp-content\/uploads\/2016\/11\/TrasladoAlicante-1.png","contentUrl":"https:\/\/tourtravelandmore.com\/wp-content\/uploads\/2016\/11\/TrasladoAlicante-1.png","width":640,"height":425},{"@type":"BreadcrumbList","@id":"https:\/\/tourtravelandmore.com\/fr\/tours\/pologne-fr\/cracovie-fr\/transfert-prive-a-cracovie\/#breadcrumb","itemListElement":[{"@type":"ListItem","position":1,"name":"Home","item":"https:\/\/tourtravelandmore.com\/fr\/"},{"@type":"ListItem","position":2,"name":"Tours","item":"https:\/\/tourtravelandmore.com\/fr\/tours\/"},{"@type":"ListItem","position":3,"name":"Transfert priv\u00e9 \u00e0 Cracovie"}]},{"@type":"WebSite","@id":"https:\/\/tourtravelandmore.com\/fr\/#website","url":"https:\/\/tourtravelandmore.com\/fr\/","name":"Tour Travel And More","description":"Private sightseeing tours and luxury transfers in Spain","publisher":{"@id":"https:\/\/tourtravelandmore.com\/fr\/#organization"},"potentialAction":[{"@type":"SearchAction","target":{"@type":"EntryPoint","urlTemplate":"https:\/\/tourtravelandmore.com\/fr\/?s={search_term_string}"},"query-input":{"@type":"PropertyValueSpecification","valueRequired":true,"valueName":"search_term_string"}}],"inLanguage":"fr-FR"},{"@type":"Organization","@id":"https:\/\/tourtravelandmore.com\/fr\/#organization","name":"Tour Travel And More","url":"https:\/\/tourtravelandmore.com\/fr\/","logo":{"@type":"ImageObject","inLanguage":"fr-FR","@id":"https:\/\/tourtravelandmore.com\/fr\/#\/schema\/logo\/image\/","url":"https:\/\/tourtravelandmore.com\/wp-content\/uploads\/2022\/12\/cropped-logo-cabecera-new.png","contentUrl":"https:\/\/tourtravelandmore.com\/wp-content\/uploads\/2022\/12\/cropped-logo-cabecera-new.png","width":430,"height":61,"caption":"Tour Travel And More"},"image":{"@id":"https:\/\/tourtravelandmore.com\/fr\/#\/schema\/logo\/image\/"},"sameAs":["https:\/\/www.facebook.com\/tourtravelandmore\/","https:\/\/x.com\/TourTravel_More"]}]}},"_links":{"self":[{"href":"https:\/\/tourtravelandmore.com\/fr\/wp-json\/wp\/v2\/product\/105141","targetHints":{"allow":["GET"]}}],"collection":[{"href":"https:\/\/tourtravelandmore.com\/fr\/wp-json\/wp\/v2\/product"}],"about":[{"href":"https:\/\/tourtravelandmore.com\/fr\/wp-json\/wp\/v2\/types\/product"}],"replies":[{"embeddable":true,"href":"https:\/\/tourtravelandmore.com\/fr\/wp-json\/wp\/v2\/comments?post=105141"}],"wp:featuredmedia":[{"embeddable":true,"href":"https:\/\/tourtravelandmore.com\/fr\/wp-json\/wp\/v2\/media\/95809"}],"wp:attachment":[{"href":"https:\/\/tourtravelandmore.com\/fr\/wp-json\/wp\/v2\/media?parent=105141"}],"wp:term":[{"taxonomy":"product_brand","embeddable":true,"href":"https:\/\/tourtravelandmore.com\/fr\/wp-json\/wp\/v2\/product_brand?post=105141"},{"taxonomy":"product_cat","embeddable":true,"href":"https:\/\/tourtravelandmore.com\/fr\/wp-json\/wp\/v2\/product_cat?post=105141"},{"taxonomy":"product_tag","embeddable":true,"href":"https:\/\/tourtravelandmore.com\/fr\/wp-json\/wp\/v2\/product_tag?post=105141"}],"curies":[{"name":"wp","href":"https:\/\/api.w.org\/{rel}","templated":true}]}}