{"id":105135,"date":"2020-05-12T12:34:14","date_gmt":"2020-05-12T10:34:14","guid":{"rendered":"https:\/\/tourtravelandmore.com\/tours\/non%20class\u00e9\/visite-privee-a-pied-de-cracovie\/"},"modified":"2021-03-24T09:19:15","modified_gmt":"2021-03-24T08:19:15","slug":"visite-privee-a-pied-de-cracovie","status":"publish","type":"product","link":"https:\/\/tourtravelandmore.com\/fr\/tours\/pologne-fr\/cracovie-fr\/visite-privee-a-pied-de-cracovie\/","title":{"rendered":"Visite priv\u00e9e \u00e0 pied de Cracovie"},"content":{"rendered":"<h2>Description:<\/h2>\n<p>Nous proposons l&#8217;une des visites les plus \u00e9tonnantes et les plus belles de la vieille ville de Cracovie. Cette ville est \u00e9galement connue sous le nom de &#8220;La Nouvelle Prague&#8221;. Notre visite priv\u00e9e \u00e0 pied de Cracovie vous emm\u00e8ne dans cette exp\u00e9rience unique. C&#8217;est l&#8217;un des lieux touristiques les plus visit\u00e9s de toute l&#8217;Europe gr\u00e2ce \u00e0 sa richesse architecturale. Lors de cette visite de la vieille ville, vous appr\u00e9cierez les tours baroques. Nous profiterons \u00e9galement de portails Renaissance et bien s\u00fbr d&#8217;une place m\u00e9di\u00e9vale. C&#8217;est le mieux conserv\u00e9 de tout le continent.<\/p>\n<p>Lors de ce voyage r\u00e9alis\u00e9 par Tour Travel &amp; More, vous r\u00e9ussirez \u00e0 d\u00e9voiler tous les myst\u00e8res de la belle ville polonaise. Apprenez \u00e0 conna\u00eetre tous ses faits int\u00e9ressants. Merci \u00e0 la compagnie de votre propre guide priv\u00e9 qui est un grand connaisseur de la r\u00e9gion, de ses anecdotes et de la riche culture que cache cette ancienne ville.<\/p>\n<p>Pour compl\u00e9ter le parcours complet de cette visite priv\u00e9e \u00e0 pied de Cracovie, il vous suffit de r\u00e9server 3 heures dans votre emploi du temps. Nous vous proposons une excursion sur mesure. C&#8217;est vous qui d\u00e9cidez des types d&#8217;exp\u00e9riences que vous souhaitez vivre dans la belle ville de Cracovie.<\/p>\n<h2>Sites d&#8217;int\u00e9r\u00eat et monuments<\/h2>\n<p>La visite d\u00e9butera \u00e0 Rynek Market Square. Il est d\u00e9clar\u00e9 site du patrimoine mondial par l&#8217;UNESCO. C&#8217;est l&#8217;une des places de march\u00e9 m\u00e9di\u00e9vales les plus anciennes et les mieux conserv\u00e9es de toute l&#8217;Europe.<\/p>\n<p>Petit \u00e0 petit, nous nous rapprocherons de la basilique Sainte-Marie. C&#8217;est une belle construction que l&#8217;on peut admirer et visiter \u00e0 pied pendant que le guide r\u00e9v\u00e8le tous ses secrets. Il nous raconte son r\u00f4le de premier plan dans l&#8217;histoire de la Pologne &#8230; Si nous avons de la chance, nous profiterons des notes de la trompette qui annonce l&#8217;arriv\u00e9e d&#8217;une nouvelle heure de la journ\u00e9e. Quand nous aurons fini l\u00e0-bas, nous irons au March\u00e9 de la Halle aux Draps. C&#8217;est l&#8217;endroit id\u00e9al pour faire du shopping de souvenirs, dans cet endroit, vous obtiendrez presque tout \u00e0 un prix avantageux.<\/p>\n<p>Le prochain point d&#8217;int\u00e9r\u00eat sera le Barbican. C&#8217;est un autre beau b\u00e2timent que nous admirerons de l&#8217;ext\u00e9rieur. Le guide nous dira \u00e0 quoi il doit son nom et les fonctions qu&#8217;il a eues pour la ville.<\/p>\n<p>Un autre endroit important pour de nombreux touristes est la r\u00e9gion o\u00f9 le pape Jean-Paul II a v\u00e9cu. L\u00e0, vous pouvez m\u00eame voir la petite fen\u00eatre o\u00f9 il avait l&#8217;habitude de regarder dehors.<\/p>\n<p>Enfin, nous monterons \u00e0 Wawel Hill. Il est couronn\u00e9 par le ch\u00e2teau du m\u00eame nom. C&#8217;\u00e9tait la r\u00e9sidence de la famille royale jusqu&#8217;en 1600 et est aujourd&#8217;hui l&#8217;un des principaux mus\u00e9es d&#8217;art du pays.<\/p>\n<h4>En savoir un peu plus sur Cracovie<\/h4>\n<p>Cracovie est situ\u00e9e au sud-est de la Pologne. Plus pr\u00e9cis\u00e9ment entre les hauts plateaux du Jura et les Tatras. Juste sur les rives de la Vistule. Entrer dans cette ville, c&#8217;est comme plonger dans un conte de f\u00e9es en raison de l&#8217;architecture pittoresque et de l&#8217;aspect ancien qui baigne toute la ville.<\/p>\n<p>C&#8217;est l&#8217;une des plus anciennes villes polonaises. Pendant des centaines d&#8217;ann\u00e9es, a servi de cl\u00f4ture pour le d\u00e9veloppement culturel, scientifique et artistique de toute la Pologne. C&#8217;est pourquoi aujourd&#8217;hui, c&#8217;est l&#8217;une des destinations touristiques les plus populaires, m\u00eame parmi les Polonais eux-m\u00eames.<\/p>\n<p>D\u00e9couvrez nos visites priv\u00e9es \u00e0 Cracovie!<\/p>\n","protected":false},"excerpt":{"rendered":"<p>Tirez le meilleur parti de votre visite et d\u00e9couvrez l&#8217;histoire de Cracovie, ses rues principales, ses sites et ses places avec un guide local agr\u00e9\u00e9 lors de cette visite priv\u00e9e \u00e0 pied de Cracovie.<\/p>\n","protected":false},"featured_media":97555,"comment_status":"open","ping_status":"closed","template":"","meta":{"_acf_changed":false},"product_brand":[],"product_cat":[3742,3829],"product_tag":[],"class_list":{"0":"post-105135","1":"product","2":"type-product","3":"status-publish","4":"has-post-thumbnail","6":"product_cat-pologne-fr","7":"product_cat-cracovie-fr","9":"first","10":"instock","11":"shipping-taxable","12":"purchasable","13":"product-type-simple"},"acf":[],"yoast_head":"<!-- This site is optimized with the Yoast SEO Premium plugin v25.3.1 (Yoast SEO v25.3.1) - https:\/\/yoast.com\/wordpress\/plugins\/seo\/ -->\n<title>Visite priv\u00e9e \u00e0 pied de Cracovie avec guide officiel<\/title>\n<meta name=\"description\" content=\"Apprenez l&#039;histoire de Cracovie, ses rues principales, ses sites et ses places avec un guide local agr\u00e9\u00e9 lors de cette visite priv\u00e9e \u00e0 pied de Cracovie.\" \/>\n<meta name=\"robots\" content=\"index, follow, max-snippet:-1, max-image-preview:large, max-video-preview:-1\" \/>\n<link rel=\"canonical\" href=\"https:\/\/tourtravelandmore.com\/fr\/tours\/pologne-fr\/cracovie-fr\/visite-privee-a-pied-de-cracovie\/\" \/>\n<meta property=\"og:locale\" content=\"fr_FR\" \/>\n<meta property=\"og:type\" content=\"article\" \/>\n<meta property=\"og:title\" content=\"Visite priv\u00e9e \u00e0 pied de Cracovie\" \/>\n<meta property=\"og:description\" content=\"Apprenez l&#039;histoire de Cracovie, ses rues principales, ses sites et ses places avec un guide local agr\u00e9\u00e9 lors de cette visite priv\u00e9e \u00e0 pied de Cracovie.\" \/>\n<meta property=\"og:url\" content=\"https:\/\/tourtravelandmore.com\/fr\/tours\/pologne-fr\/cracovie-fr\/visite-privee-a-pied-de-cracovie\/\" \/>\n<meta property=\"og:site_name\" content=\"Tour Travel And More\" \/>\n<meta property=\"article:publisher\" content=\"https:\/\/www.facebook.com\/tourtravelandmore\/\" \/>\n<meta property=\"article:modified_time\" content=\"2021-03-24T08:19:15+00:00\" \/>\n<meta property=\"og:image\" content=\"https:\/\/tourtravelandmore.com\/wp-content\/uploads\/2020\/05\/krakow-5003750_960_720.jpg\" \/>\n\t<meta property=\"og:image:width\" content=\"960\" \/>\n\t<meta property=\"og:image:height\" content=\"720\" \/>\n\t<meta property=\"og:image:type\" content=\"image\/jpeg\" \/>\n<meta name=\"twitter:card\" content=\"summary_large_image\" \/>\n<meta name=\"twitter:site\" content=\"@TourTravel_More\" \/>\n<meta name=\"twitter:label1\" content=\"Dur\u00e9e de lecture estim\u00e9e\" \/>\n\t<meta name=\"twitter:data1\" content=\"3 minutes\" \/>\n<script type=\"application\/ld+json\" class=\"yoast-schema-graph\">{\"@context\":\"https:\/\/schema.org\",\"@graph\":[{\"@type\":\"WebPage\",\"@id\":\"https:\/\/tourtravelandmore.com\/fr\/tours\/pologne-fr\/cracovie-fr\/visite-privee-a-pied-de-cracovie\/\",\"url\":\"https:\/\/tourtravelandmore.com\/fr\/tours\/pologne-fr\/cracovie-fr\/visite-privee-a-pied-de-cracovie\/\",\"name\":\"Visite priv\u00e9e \u00e0 pied de Cracovie avec guide officiel\",\"isPartOf\":{\"@id\":\"https:\/\/tourtravelandmore.com\/fr\/#website\"},\"primaryImageOfPage\":{\"@id\":\"https:\/\/tourtravelandmore.com\/fr\/tours\/pologne-fr\/cracovie-fr\/visite-privee-a-pied-de-cracovie\/#primaryimage\"},\"image\":{\"@id\":\"https:\/\/tourtravelandmore.com\/fr\/tours\/pologne-fr\/cracovie-fr\/visite-privee-a-pied-de-cracovie\/#primaryimage\"},\"thumbnailUrl\":\"https:\/\/tourtravelandmore.com\/wp-content\/uploads\/2020\/05\/krakow-5003750_960_720.jpg\",\"datePublished\":\"2020-05-12T10:34:14+00:00\",\"dateModified\":\"2021-03-24T08:19:15+00:00\",\"description\":\"Apprenez l'histoire de Cracovie, ses rues principales, ses sites et ses places avec un guide local agr\u00e9\u00e9 lors de cette visite priv\u00e9e \u00e0 pied de Cracovie.\",\"breadcrumb\":{\"@id\":\"https:\/\/tourtravelandmore.com\/fr\/tours\/pologne-fr\/cracovie-fr\/visite-privee-a-pied-de-cracovie\/#breadcrumb\"},\"inLanguage\":\"fr-FR\",\"potentialAction\":[{\"@type\":\"ReadAction\",\"target\":[\"https:\/\/tourtravelandmore.com\/fr\/tours\/pologne-fr\/cracovie-fr\/visite-privee-a-pied-de-cracovie\/\"]}]},{\"@type\":\"ImageObject\",\"inLanguage\":\"fr-FR\",\"@id\":\"https:\/\/tourtravelandmore.com\/fr\/tours\/pologne-fr\/cracovie-fr\/visite-privee-a-pied-de-cracovie\/#primaryimage\",\"url\":\"https:\/\/tourtravelandmore.com\/wp-content\/uploads\/2020\/05\/krakow-5003750_960_720.jpg\",\"contentUrl\":\"https:\/\/tourtravelandmore.com\/wp-content\/uploads\/2020\/05\/krakow-5003750_960_720.jpg\",\"width\":960,\"height\":720},{\"@type\":\"BreadcrumbList\",\"@id\":\"https:\/\/tourtravelandmore.com\/fr\/tours\/pologne-fr\/cracovie-fr\/visite-privee-a-pied-de-cracovie\/#breadcrumb\",\"itemListElement\":[{\"@type\":\"ListItem\",\"position\":1,\"name\":\"Home\",\"item\":\"https:\/\/tourtravelandmore.com\/fr\/\"},{\"@type\":\"ListItem\",\"position\":2,\"name\":\"Tours\",\"item\":\"https:\/\/tourtravelandmore.com\/fr\/tours\/\"},{\"@type\":\"ListItem\",\"position\":3,\"name\":\"Visite priv\u00e9e \u00e0 pied de Cracovie\"}]},{\"@type\":\"WebSite\",\"@id\":\"https:\/\/tourtravelandmore.com\/fr\/#website\",\"url\":\"https:\/\/tourtravelandmore.com\/fr\/\",\"name\":\"Tour Travel And More\",\"description\":\"Private sightseeing tours and luxury transfers in Spain\",\"publisher\":{\"@id\":\"https:\/\/tourtravelandmore.com\/fr\/#organization\"},\"potentialAction\":[{\"@type\":\"SearchAction\",\"target\":{\"@type\":\"EntryPoint\",\"urlTemplate\":\"https:\/\/tourtravelandmore.com\/fr\/?s={search_term_string}\"},\"query-input\":{\"@type\":\"PropertyValueSpecification\",\"valueRequired\":true,\"valueName\":\"search_term_string\"}}],\"inLanguage\":\"fr-FR\"},{\"@type\":\"Organization\",\"@id\":\"https:\/\/tourtravelandmore.com\/fr\/#organization\",\"name\":\"Tour Travel And More\",\"url\":\"https:\/\/tourtravelandmore.com\/fr\/\",\"logo\":{\"@type\":\"ImageObject\",\"inLanguage\":\"fr-FR\",\"@id\":\"https:\/\/tourtravelandmore.com\/fr\/#\/schema\/logo\/image\/\",\"url\":\"https:\/\/tourtravelandmore.com\/wp-content\/uploads\/2022\/12\/cropped-logo-cabecera-new.png\",\"contentUrl\":\"https:\/\/tourtravelandmore.com\/wp-content\/uploads\/2022\/12\/cropped-logo-cabecera-new.png\",\"width\":430,\"height\":61,\"caption\":\"Tour Travel And More\"},\"image\":{\"@id\":\"https:\/\/tourtravelandmore.com\/fr\/#\/schema\/logo\/image\/\"},\"sameAs\":[\"https:\/\/www.facebook.com\/tourtravelandmore\/\",\"https:\/\/x.com\/TourTravel_More\"]}]}<\/script>\n<!-- \/ Yoast SEO Premium plugin. -->","yoast_head_json":{"title":"Visite priv\u00e9e \u00e0 pied de Cracovie avec guide officiel","description":"Apprenez l'histoire de Cracovie, ses rues principales, ses sites et ses places avec un guide local agr\u00e9\u00e9 lors de cette visite priv\u00e9e \u00e0 pied de Cracovie.","robots":{"index":"index","follow":"follow","max-snippet":"max-snippet:-1","max-image-preview":"max-image-preview:large","max-video-preview":"max-video-preview:-1"},"canonical":"https:\/\/tourtravelandmore.com\/fr\/tours\/pologne-fr\/cracovie-fr\/visite-privee-a-pied-de-cracovie\/","og_locale":"fr_FR","og_type":"article","og_title":"Visite priv\u00e9e \u00e0 pied de Cracovie","og_description":"Apprenez l'histoire de Cracovie, ses rues principales, ses sites et ses places avec un guide local agr\u00e9\u00e9 lors de cette visite priv\u00e9e \u00e0 pied de Cracovie.","og_url":"https:\/\/tourtravelandmore.com\/fr\/tours\/pologne-fr\/cracovie-fr\/visite-privee-a-pied-de-cracovie\/","og_site_name":"Tour Travel And More","article_publisher":"https:\/\/www.facebook.com\/tourtravelandmore\/","article_modified_time":"2021-03-24T08:19:15+00:00","og_image":[{"width":960,"height":720,"url":"https:\/\/tourtravelandmore.com\/wp-content\/uploads\/2020\/05\/krakow-5003750_960_720.jpg","type":"image\/jpeg"}],"twitter_card":"summary_large_image","twitter_site":"@TourTravel_More","twitter_misc":{"Dur\u00e9e de lecture estim\u00e9e":"3 minutes"},"schema":{"@context":"https:\/\/schema.org","@graph":[{"@type":"WebPage","@id":"https:\/\/tourtravelandmore.com\/fr\/tours\/pologne-fr\/cracovie-fr\/visite-privee-a-pied-de-cracovie\/","url":"https:\/\/tourtravelandmore.com\/fr\/tours\/pologne-fr\/cracovie-fr\/visite-privee-a-pied-de-cracovie\/","name":"Visite priv\u00e9e \u00e0 pied de Cracovie avec guide officiel","isPartOf":{"@id":"https:\/\/tourtravelandmore.com\/fr\/#website"},"primaryImageOfPage":{"@id":"https:\/\/tourtravelandmore.com\/fr\/tours\/pologne-fr\/cracovie-fr\/visite-privee-a-pied-de-cracovie\/#primaryimage"},"image":{"@id":"https:\/\/tourtravelandmore.com\/fr\/tours\/pologne-fr\/cracovie-fr\/visite-privee-a-pied-de-cracovie\/#primaryimage"},"thumbnailUrl":"https:\/\/tourtravelandmore.com\/wp-content\/uploads\/2020\/05\/krakow-5003750_960_720.jpg","datePublished":"2020-05-12T10:34:14+00:00","dateModified":"2021-03-24T08:19:15+00:00","description":"Apprenez l'histoire de Cracovie, ses rues principales, ses sites et ses places avec un guide local agr\u00e9\u00e9 lors de cette visite priv\u00e9e \u00e0 pied de Cracovie.","breadcrumb":{"@id":"https:\/\/tourtravelandmore.com\/fr\/tours\/pologne-fr\/cracovie-fr\/visite-privee-a-pied-de-cracovie\/#breadcrumb"},"inLanguage":"fr-FR","potentialAction":[{"@type":"ReadAction","target":["https:\/\/tourtravelandmore.com\/fr\/tours\/pologne-fr\/cracovie-fr\/visite-privee-a-pied-de-cracovie\/"]}]},{"@type":"ImageObject","inLanguage":"fr-FR","@id":"https:\/\/tourtravelandmore.com\/fr\/tours\/pologne-fr\/cracovie-fr\/visite-privee-a-pied-de-cracovie\/#primaryimage","url":"https:\/\/tourtravelandmore.com\/wp-content\/uploads\/2020\/05\/krakow-5003750_960_720.jpg","contentUrl":"https:\/\/tourtravelandmore.com\/wp-content\/uploads\/2020\/05\/krakow-5003750_960_720.jpg","width":960,"height":720},{"@type":"BreadcrumbList","@id":"https:\/\/tourtravelandmore.com\/fr\/tours\/pologne-fr\/cracovie-fr\/visite-privee-a-pied-de-cracovie\/#breadcrumb","itemListElement":[{"@type":"ListItem","position":1,"name":"Home","item":"https:\/\/tourtravelandmore.com\/fr\/"},{"@type":"ListItem","position":2,"name":"Tours","item":"https:\/\/tourtravelandmore.com\/fr\/tours\/"},{"@type":"ListItem","position":3,"name":"Visite priv\u00e9e \u00e0 pied de Cracovie"}]},{"@type":"WebSite","@id":"https:\/\/tourtravelandmore.com\/fr\/#website","url":"https:\/\/tourtravelandmore.com\/fr\/","name":"Tour Travel And More","description":"Private sightseeing tours and luxury transfers in Spain","publisher":{"@id":"https:\/\/tourtravelandmore.com\/fr\/#organization"},"potentialAction":[{"@type":"SearchAction","target":{"@type":"EntryPoint","urlTemplate":"https:\/\/tourtravelandmore.com\/fr\/?s={search_term_string}"},"query-input":{"@type":"PropertyValueSpecification","valueRequired":true,"valueName":"search_term_string"}}],"inLanguage":"fr-FR"},{"@type":"Organization","@id":"https:\/\/tourtravelandmore.com\/fr\/#organization","name":"Tour Travel And More","url":"https:\/\/tourtravelandmore.com\/fr\/","logo":{"@type":"ImageObject","inLanguage":"fr-FR","@id":"https:\/\/tourtravelandmore.com\/fr\/#\/schema\/logo\/image\/","url":"https:\/\/tourtravelandmore.com\/wp-content\/uploads\/2022\/12\/cropped-logo-cabecera-new.png","contentUrl":"https:\/\/tourtravelandmore.com\/wp-content\/uploads\/2022\/12\/cropped-logo-cabecera-new.png","width":430,"height":61,"caption":"Tour Travel And More"},"image":{"@id":"https:\/\/tourtravelandmore.com\/fr\/#\/schema\/logo\/image\/"},"sameAs":["https:\/\/www.facebook.com\/tourtravelandmore\/","https:\/\/x.com\/TourTravel_More"]}]}},"_links":{"self":[{"href":"https:\/\/tourtravelandmore.com\/fr\/wp-json\/wp\/v2\/product\/105135","targetHints":{"allow":["GET"]}}],"collection":[{"href":"https:\/\/tourtravelandmore.com\/fr\/wp-json\/wp\/v2\/product"}],"about":[{"href":"https:\/\/tourtravelandmore.com\/fr\/wp-json\/wp\/v2\/types\/product"}],"replies":[{"embeddable":true,"href":"https:\/\/tourtravelandmore.com\/fr\/wp-json\/wp\/v2\/comments?post=105135"}],"wp:featuredmedia":[{"embeddable":true,"href":"https:\/\/tourtravelandmore.com\/fr\/wp-json\/wp\/v2\/media\/97555"}],"wp:attachment":[{"href":"https:\/\/tourtravelandmore.com\/fr\/wp-json\/wp\/v2\/media?parent=105135"}],"wp:term":[{"taxonomy":"product_brand","embeddable":true,"href":"https:\/\/tourtravelandmore.com\/fr\/wp-json\/wp\/v2\/product_brand?post=105135"},{"taxonomy":"product_cat","embeddable":true,"href":"https:\/\/tourtravelandmore.com\/fr\/wp-json\/wp\/v2\/product_cat?post=105135"},{"taxonomy":"product_tag","embeddable":true,"href":"https:\/\/tourtravelandmore.com\/fr\/wp-json\/wp\/v2\/product_tag?post=105135"}],"curies":[{"name":"wp","href":"https:\/\/api.w.org\/{rel}","templated":true}]}}