{"id":105129,"date":"2020-05-12T11:46:34","date_gmt":"2020-05-12T09:46:34","guid":{"rendered":"https:\/\/tourtravelandmore.com\/tours\/non%20class\u00e9\/visite-privee-dauschwitz-au-depart-de-cracovie\/"},"modified":"2021-03-24T09:18:03","modified_gmt":"2021-03-24T08:18:03","slug":"visite-privee-dauschwitz-au-depart-de-cracovie","status":"publish","type":"product","link":"https:\/\/tourtravelandmore.com\/fr\/tours\/pologne-fr\/cracovie-fr\/visite-privee-dauschwitz-au-depart-de-cracovie\/","title":{"rendered":"Visite priv\u00e9e d&#8217;Auschwitz au d\u00e9part de Cracovie"},"content":{"rendered":"<h2>Description:<\/h2>\n<p>Lors de cette excursion priv\u00e9e d&#8217;une journ\u00e9e \u00e0 Auschwitz au d\u00e9part de Cracovie, nous revisiterons l&#8217;un des chapitres les plus sombres de la Seconde Guerre mondiale qui a chang\u00e9 \u00e0 jamais l&#8217;histoire de l&#8217;humanit\u00e9. Faites cette visite priv\u00e9e d&#8217;Auschwitz au d\u00e9part de Cracovie.<\/p>\n<p>Auschwitz-Birkenau est l&#8217;endroit o\u00f9 se trouve le camp de concentration le plus cruel des nazis. Environ 1,1 million de personnes y sont mortes. Non seulement gr\u00e2ce aux chambres \u00e0 gaz Zyklon B, mais aussi par la famine, les ex\u00e9cutions, les maladies et m\u00eame les exp\u00e9riences m\u00e9dicales.<\/p>\n<p>C&#8217;est vraiment l&#8217;un des endroits les plus lugubres et les plus int\u00e9ressants \u00e0 visiter si vous voulez voir \u00e0 quoi ressemblait la vie d&#8217;un prisonnier juif.<\/p>\n<p>Cette visite dure 7 heures, y compris le temps de transfert dans votre propre v\u00e9hicule de luxe avec chauffeur. Une fois \u00e0 Auschwitz, vous rencontrerez votre guide fourni par le camp de concentration. Nous ne pouvons pas organiser de guide priv\u00e9 \u00e0 l&#8217;int\u00e9rieur du camp. Les visites \u00e0 l&#8217;int\u00e9rieur se font en groupes.<\/p>\n<h2>Sites d&#8217;int\u00e9r\u00eat et monuments<\/h2>\n<p>Nous viendrons vous chercher au point de rendez-vous sur lequel nous nous sommes pr\u00e9alablement entendus. Cela peut \u00eatre votre h\u00f4tel, votre centre de congr\u00e8s ou votre restaurant pr\u00e9f\u00e9r\u00e9. De l\u00e0, nous partirons pour Auschwitz. C&#8217;est l&#8217;endroit en Pologne qui a \u00e9t\u00e9 choisi pour construire les camps de concentration les plus terrifiants de l&#8217;histoire. Nous commencerons ensuite cette visite priv\u00e9e d&#8217;Auschwitz au d\u00e9part de Cracovie.<\/p>\n<p>En fait, Auschwitz, comprend trois camps de concentration dans toute son extension.<\/p>\n<p>Le premier a \u00e9t\u00e9 construit dans le but de loger des prisonniers politiques. Mais cela a chang\u00e9 au fil du temps, comme votre guide vous l&#8217;expliquera plus en d\u00e9tail. C&#8217;est dans ce complexe que se trouvent les soi-disant \u00abcellules de la faim\u00bb, o\u00f9 des centaines de prisonniers sont morts de faim.<\/p>\n<p>Auschwitz II- Birkenau, est le deuxi\u00e8me complexe auquel nous arriverons apr\u00e8s avoir parcouru une courte distance. C&#8217;est encore aujourd&#8217;hui le site des cr\u00e9matoriums et de la chambre \u00e0 gaz. Ce complexe a \u00e9t\u00e9 cr\u00e9\u00e9 dans le but d&#8217;\u00eatre \u00abla solution finale au probl\u00e8me juif\u00bb. En r\u00e9alit\u00e9, c&#8217;est un complexe de mort qui g\u00e8lera le sang de plus d&#8217;un visiteur.<\/p>\n<p>Auschwitz III &#8211; Monowitz n&#8217;existe pratiquement plus, mais c&#8217;\u00e9tait une prison de travaux forc\u00e9s. La plupart des gens mouraient des suites de maladies caus\u00e9es par la grossi\u00e8ret\u00e9 de leur travail quotidien.<\/p>\n<p>C&#8217;est une marche tr\u00e8s r\u00e9fl\u00e9chie, o\u00f9 nous nous retrouverons face \u00e0 face avec le pire que les \u00eatres humains peuvent engendrer en raison de la haine, de la peur et du ressentiment; mais aussi avec l&#8217;h\u00e9ritage de ceux qui ont surmont\u00e9 le pire pour nous apprendre \u00e0 appr\u00e9cier la vie et \u00e0 valoriser chaque individu ind\u00e9pendamment des petites diff\u00e9rences.<\/p>\n<h4>Donn\u00e9es historiques sur Auschwitz.<\/h4>\n<p>C&#8217;\u00e9tait le camp de concentration d&#8217;\u00e9lite de l&#8217;arm\u00e9e allemande pendant la Seconde Guerre mondiale, et a fonctionn\u00e9 \u00e0 cette fin jusqu&#8217;au 27 janvier 1945, quand il a \u00e9t\u00e9 saisi par l&#8217;Arm\u00e9e rouge et temporairement converti en camp de prisonniers. Ensuite, il a \u00e9t\u00e9 pris par le gouvernement polonais qui en a fait ce qu&#8217;il est aujourd&#8217;hui, un mus\u00e9e qui cherche \u00e0 nous rappeler le chemin que nous ne devrions plus jamais emprunter en tant qu&#8217;esp\u00e8ce humaine. Pour cette raison, il a \u00e9t\u00e9 converti en patrimoine mondial par l&#8217;UNESCO en 1979.<\/p>\n<p>Jetez un \u0153il \u00e0 nos autres visites priv\u00e9es de Cracovie ici!<\/p>\n","protected":false},"excerpt":{"rendered":"<p>Visitez Auschwitz-Birkenau lors de cette visite priv\u00e9e au d\u00e9part de Cracovie, qui abrite l&#8217;ancien camp de concentration, o\u00f9 environ 1,1 million de personnes ont perdu la vie, non seulement gr\u00e2ce \u00e0 la chambre \u00e0 gaz Zyklon B, mais aussi en raison de la famine, des ex\u00e9cutions, des maladies et m\u00eame des exp\u00e9riences m\u00e9dicales .<\/p>\n<p>&nbsp;<\/p>\n","protected":false},"featured_media":97554,"comment_status":"open","ping_status":"closed","template":"","meta":{"_acf_changed":false},"product_brand":[],"product_cat":[3742,3829],"product_tag":[],"class_list":{"0":"post-105129","1":"product","2":"type-product","3":"status-publish","4":"has-post-thumbnail","6":"product_cat-pologne-fr","7":"product_cat-cracovie-fr","9":"first","10":"instock","11":"shipping-taxable","12":"purchasable","13":"product-type-simple"},"acf":[],"yoast_head":"<!-- This site is optimized with the Yoast SEO Premium plugin v25.3.1 (Yoast SEO v25.3.1) - https:\/\/yoast.com\/wordpress\/plugins\/seo\/ -->\n<title>Visite priv\u00e9e d&#039;Auschwitz au d\u00e9part de Cracovie avec chauffeur et guide touristique<\/title>\n<meta name=\"description\" content=\"Revisitez l&#039;un des chapitres les plus sombres de la Seconde Guerre mondiale qui a chang\u00e9 \u00e0 jamais l&#039;histoire de l&#039;humanit\u00e9 avec un guide lors de cette visite priv\u00e9e d&#039;Auschwitz au d\u00e9part de Cracovie\" \/>\n<meta name=\"robots\" content=\"index, follow, max-snippet:-1, max-image-preview:large, max-video-preview:-1\" \/>\n<link rel=\"canonical\" href=\"https:\/\/tourtravelandmore.com\/fr\/tours\/pologne-fr\/cracovie-fr\/visite-privee-dauschwitz-au-depart-de-cracovie\/\" \/>\n<meta property=\"og:locale\" content=\"fr_FR\" \/>\n<meta property=\"og:type\" content=\"article\" \/>\n<meta property=\"og:title\" content=\"Visite priv\u00e9e d&#039;Auschwitz au d\u00e9part de Cracovie\" \/>\n<meta property=\"og:description\" content=\"Revisitez l&#039;un des chapitres les plus sombres de la Seconde Guerre mondiale qui a chang\u00e9 \u00e0 jamais l&#039;histoire de l&#039;humanit\u00e9 avec un guide lors de cette visite priv\u00e9e d&#039;Auschwitz au d\u00e9part de Cracovie\" \/>\n<meta property=\"og:url\" content=\"https:\/\/tourtravelandmore.com\/fr\/tours\/pologne-fr\/cracovie-fr\/visite-privee-dauschwitz-au-depart-de-cracovie\/\" \/>\n<meta property=\"og:site_name\" content=\"Tour Travel And More\" \/>\n<meta property=\"article:publisher\" content=\"https:\/\/www.facebook.com\/tourtravelandmore\/\" \/>\n<meta property=\"article:modified_time\" content=\"2021-03-24T08:18:03+00:00\" \/>\n<meta property=\"og:image\" content=\"https:\/\/tourtravelandmore.com\/wp-content\/uploads\/2020\/05\/Auschwitz_I_22_May_2010-scaled.jpg\" \/>\n\t<meta property=\"og:image:width\" content=\"2560\" \/>\n\t<meta property=\"og:image:height\" content=\"1714\" \/>\n\t<meta property=\"og:image:type\" content=\"image\/jpeg\" \/>\n<meta name=\"twitter:card\" content=\"summary_large_image\" \/>\n<meta name=\"twitter:site\" content=\"@TourTravel_More\" \/>\n<meta name=\"twitter:label1\" content=\"Dur\u00e9e de lecture estim\u00e9e\" \/>\n\t<meta name=\"twitter:data1\" content=\"3 minutes\" \/>\n<script type=\"application\/ld+json\" class=\"yoast-schema-graph\">{\"@context\":\"https:\/\/schema.org\",\"@graph\":[{\"@type\":\"WebPage\",\"@id\":\"https:\/\/tourtravelandmore.com\/fr\/tours\/pologne-fr\/cracovie-fr\/visite-privee-dauschwitz-au-depart-de-cracovie\/\",\"url\":\"https:\/\/tourtravelandmore.com\/fr\/tours\/pologne-fr\/cracovie-fr\/visite-privee-dauschwitz-au-depart-de-cracovie\/\",\"name\":\"Visite priv\u00e9e d'Auschwitz au d\u00e9part de Cracovie avec chauffeur et guide touristique\",\"isPartOf\":{\"@id\":\"https:\/\/tourtravelandmore.com\/fr\/#website\"},\"primaryImageOfPage\":{\"@id\":\"https:\/\/tourtravelandmore.com\/fr\/tours\/pologne-fr\/cracovie-fr\/visite-privee-dauschwitz-au-depart-de-cracovie\/#primaryimage\"},\"image\":{\"@id\":\"https:\/\/tourtravelandmore.com\/fr\/tours\/pologne-fr\/cracovie-fr\/visite-privee-dauschwitz-au-depart-de-cracovie\/#primaryimage\"},\"thumbnailUrl\":\"https:\/\/tourtravelandmore.com\/wp-content\/uploads\/2020\/05\/Auschwitz_I_22_May_2010-scaled.jpg\",\"datePublished\":\"2020-05-12T09:46:34+00:00\",\"dateModified\":\"2021-03-24T08:18:03+00:00\",\"description\":\"Revisitez l'un des chapitres les plus sombres de la Seconde Guerre mondiale qui a chang\u00e9 \u00e0 jamais l'histoire de l'humanit\u00e9 avec un guide lors de cette visite priv\u00e9e d'Auschwitz au d\u00e9part de Cracovie\",\"breadcrumb\":{\"@id\":\"https:\/\/tourtravelandmore.com\/fr\/tours\/pologne-fr\/cracovie-fr\/visite-privee-dauschwitz-au-depart-de-cracovie\/#breadcrumb\"},\"inLanguage\":\"fr-FR\",\"potentialAction\":[{\"@type\":\"ReadAction\",\"target\":[\"https:\/\/tourtravelandmore.com\/fr\/tours\/pologne-fr\/cracovie-fr\/visite-privee-dauschwitz-au-depart-de-cracovie\/\"]}]},{\"@type\":\"ImageObject\",\"inLanguage\":\"fr-FR\",\"@id\":\"https:\/\/tourtravelandmore.com\/fr\/tours\/pologne-fr\/cracovie-fr\/visite-privee-dauschwitz-au-depart-de-cracovie\/#primaryimage\",\"url\":\"https:\/\/tourtravelandmore.com\/wp-content\/uploads\/2020\/05\/Auschwitz_I_22_May_2010-scaled.jpg\",\"contentUrl\":\"https:\/\/tourtravelandmore.com\/wp-content\/uploads\/2020\/05\/Auschwitz_I_22_May_2010-scaled.jpg\",\"width\":2560,\"height\":1714},{\"@type\":\"BreadcrumbList\",\"@id\":\"https:\/\/tourtravelandmore.com\/fr\/tours\/pologne-fr\/cracovie-fr\/visite-privee-dauschwitz-au-depart-de-cracovie\/#breadcrumb\",\"itemListElement\":[{\"@type\":\"ListItem\",\"position\":1,\"name\":\"Home\",\"item\":\"https:\/\/tourtravelandmore.com\/fr\/\"},{\"@type\":\"ListItem\",\"position\":2,\"name\":\"Tours\",\"item\":\"https:\/\/tourtravelandmore.com\/fr\/tours\/\"},{\"@type\":\"ListItem\",\"position\":3,\"name\":\"Visite priv\u00e9e d&#8217;Auschwitz au d\u00e9part de Cracovie\"}]},{\"@type\":\"WebSite\",\"@id\":\"https:\/\/tourtravelandmore.com\/fr\/#website\",\"url\":\"https:\/\/tourtravelandmore.com\/fr\/\",\"name\":\"Tour Travel And More\",\"description\":\"Private sightseeing tours and luxury transfers in Spain\",\"publisher\":{\"@id\":\"https:\/\/tourtravelandmore.com\/fr\/#organization\"},\"potentialAction\":[{\"@type\":\"SearchAction\",\"target\":{\"@type\":\"EntryPoint\",\"urlTemplate\":\"https:\/\/tourtravelandmore.com\/fr\/?s={search_term_string}\"},\"query-input\":{\"@type\":\"PropertyValueSpecification\",\"valueRequired\":true,\"valueName\":\"search_term_string\"}}],\"inLanguage\":\"fr-FR\"},{\"@type\":\"Organization\",\"@id\":\"https:\/\/tourtravelandmore.com\/fr\/#organization\",\"name\":\"Tour Travel And More\",\"url\":\"https:\/\/tourtravelandmore.com\/fr\/\",\"logo\":{\"@type\":\"ImageObject\",\"inLanguage\":\"fr-FR\",\"@id\":\"https:\/\/tourtravelandmore.com\/fr\/#\/schema\/logo\/image\/\",\"url\":\"https:\/\/tourtravelandmore.com\/wp-content\/uploads\/2022\/12\/cropped-logo-cabecera-new.png\",\"contentUrl\":\"https:\/\/tourtravelandmore.com\/wp-content\/uploads\/2022\/12\/cropped-logo-cabecera-new.png\",\"width\":430,\"height\":61,\"caption\":\"Tour Travel And More\"},\"image\":{\"@id\":\"https:\/\/tourtravelandmore.com\/fr\/#\/schema\/logo\/image\/\"},\"sameAs\":[\"https:\/\/www.facebook.com\/tourtravelandmore\/\",\"https:\/\/x.com\/TourTravel_More\"]}]}<\/script>\n<!-- \/ Yoast SEO Premium plugin. -->","yoast_head_json":{"title":"Visite priv\u00e9e d'Auschwitz au d\u00e9part de Cracovie avec chauffeur et guide touristique","description":"Revisitez l'un des chapitres les plus sombres de la Seconde Guerre mondiale qui a chang\u00e9 \u00e0 jamais l'histoire de l'humanit\u00e9 avec un guide lors de cette visite priv\u00e9e d'Auschwitz au d\u00e9part de Cracovie","robots":{"index":"index","follow":"follow","max-snippet":"max-snippet:-1","max-image-preview":"max-image-preview:large","max-video-preview":"max-video-preview:-1"},"canonical":"https:\/\/tourtravelandmore.com\/fr\/tours\/pologne-fr\/cracovie-fr\/visite-privee-dauschwitz-au-depart-de-cracovie\/","og_locale":"fr_FR","og_type":"article","og_title":"Visite priv\u00e9e d'Auschwitz au d\u00e9part de Cracovie","og_description":"Revisitez l'un des chapitres les plus sombres de la Seconde Guerre mondiale qui a chang\u00e9 \u00e0 jamais l'histoire de l'humanit\u00e9 avec un guide lors de cette visite priv\u00e9e d'Auschwitz au d\u00e9part de Cracovie","og_url":"https:\/\/tourtravelandmore.com\/fr\/tours\/pologne-fr\/cracovie-fr\/visite-privee-dauschwitz-au-depart-de-cracovie\/","og_site_name":"Tour Travel And More","article_publisher":"https:\/\/www.facebook.com\/tourtravelandmore\/","article_modified_time":"2021-03-24T08:18:03+00:00","og_image":[{"width":2560,"height":1714,"url":"https:\/\/tourtravelandmore.com\/wp-content\/uploads\/2020\/05\/Auschwitz_I_22_May_2010-scaled.jpg","type":"image\/jpeg"}],"twitter_card":"summary_large_image","twitter_site":"@TourTravel_More","twitter_misc":{"Dur\u00e9e de lecture estim\u00e9e":"3 minutes"},"schema":{"@context":"https:\/\/schema.org","@graph":[{"@type":"WebPage","@id":"https:\/\/tourtravelandmore.com\/fr\/tours\/pologne-fr\/cracovie-fr\/visite-privee-dauschwitz-au-depart-de-cracovie\/","url":"https:\/\/tourtravelandmore.com\/fr\/tours\/pologne-fr\/cracovie-fr\/visite-privee-dauschwitz-au-depart-de-cracovie\/","name":"Visite priv\u00e9e d'Auschwitz au d\u00e9part de Cracovie avec chauffeur et guide touristique","isPartOf":{"@id":"https:\/\/tourtravelandmore.com\/fr\/#website"},"primaryImageOfPage":{"@id":"https:\/\/tourtravelandmore.com\/fr\/tours\/pologne-fr\/cracovie-fr\/visite-privee-dauschwitz-au-depart-de-cracovie\/#primaryimage"},"image":{"@id":"https:\/\/tourtravelandmore.com\/fr\/tours\/pologne-fr\/cracovie-fr\/visite-privee-dauschwitz-au-depart-de-cracovie\/#primaryimage"},"thumbnailUrl":"https:\/\/tourtravelandmore.com\/wp-content\/uploads\/2020\/05\/Auschwitz_I_22_May_2010-scaled.jpg","datePublished":"2020-05-12T09:46:34+00:00","dateModified":"2021-03-24T08:18:03+00:00","description":"Revisitez l'un des chapitres les plus sombres de la Seconde Guerre mondiale qui a chang\u00e9 \u00e0 jamais l'histoire de l'humanit\u00e9 avec un guide lors de cette visite priv\u00e9e d'Auschwitz au d\u00e9part de Cracovie","breadcrumb":{"@id":"https:\/\/tourtravelandmore.com\/fr\/tours\/pologne-fr\/cracovie-fr\/visite-privee-dauschwitz-au-depart-de-cracovie\/#breadcrumb"},"inLanguage":"fr-FR","potentialAction":[{"@type":"ReadAction","target":["https:\/\/tourtravelandmore.com\/fr\/tours\/pologne-fr\/cracovie-fr\/visite-privee-dauschwitz-au-depart-de-cracovie\/"]}]},{"@type":"ImageObject","inLanguage":"fr-FR","@id":"https:\/\/tourtravelandmore.com\/fr\/tours\/pologne-fr\/cracovie-fr\/visite-privee-dauschwitz-au-depart-de-cracovie\/#primaryimage","url":"https:\/\/tourtravelandmore.com\/wp-content\/uploads\/2020\/05\/Auschwitz_I_22_May_2010-scaled.jpg","contentUrl":"https:\/\/tourtravelandmore.com\/wp-content\/uploads\/2020\/05\/Auschwitz_I_22_May_2010-scaled.jpg","width":2560,"height":1714},{"@type":"BreadcrumbList","@id":"https:\/\/tourtravelandmore.com\/fr\/tours\/pologne-fr\/cracovie-fr\/visite-privee-dauschwitz-au-depart-de-cracovie\/#breadcrumb","itemListElement":[{"@type":"ListItem","position":1,"name":"Home","item":"https:\/\/tourtravelandmore.com\/fr\/"},{"@type":"ListItem","position":2,"name":"Tours","item":"https:\/\/tourtravelandmore.com\/fr\/tours\/"},{"@type":"ListItem","position":3,"name":"Visite priv\u00e9e d&#8217;Auschwitz au d\u00e9part de Cracovie"}]},{"@type":"WebSite","@id":"https:\/\/tourtravelandmore.com\/fr\/#website","url":"https:\/\/tourtravelandmore.com\/fr\/","name":"Tour Travel And More","description":"Private sightseeing tours and luxury transfers in Spain","publisher":{"@id":"https:\/\/tourtravelandmore.com\/fr\/#organization"},"potentialAction":[{"@type":"SearchAction","target":{"@type":"EntryPoint","urlTemplate":"https:\/\/tourtravelandmore.com\/fr\/?s={search_term_string}"},"query-input":{"@type":"PropertyValueSpecification","valueRequired":true,"valueName":"search_term_string"}}],"inLanguage":"fr-FR"},{"@type":"Organization","@id":"https:\/\/tourtravelandmore.com\/fr\/#organization","name":"Tour Travel And More","url":"https:\/\/tourtravelandmore.com\/fr\/","logo":{"@type":"ImageObject","inLanguage":"fr-FR","@id":"https:\/\/tourtravelandmore.com\/fr\/#\/schema\/logo\/image\/","url":"https:\/\/tourtravelandmore.com\/wp-content\/uploads\/2022\/12\/cropped-logo-cabecera-new.png","contentUrl":"https:\/\/tourtravelandmore.com\/wp-content\/uploads\/2022\/12\/cropped-logo-cabecera-new.png","width":430,"height":61,"caption":"Tour Travel And More"},"image":{"@id":"https:\/\/tourtravelandmore.com\/fr\/#\/schema\/logo\/image\/"},"sameAs":["https:\/\/www.facebook.com\/tourtravelandmore\/","https:\/\/x.com\/TourTravel_More"]}]}},"_links":{"self":[{"href":"https:\/\/tourtravelandmore.com\/fr\/wp-json\/wp\/v2\/product\/105129","targetHints":{"allow":["GET"]}}],"collection":[{"href":"https:\/\/tourtravelandmore.com\/fr\/wp-json\/wp\/v2\/product"}],"about":[{"href":"https:\/\/tourtravelandmore.com\/fr\/wp-json\/wp\/v2\/types\/product"}],"replies":[{"embeddable":true,"href":"https:\/\/tourtravelandmore.com\/fr\/wp-json\/wp\/v2\/comments?post=105129"}],"wp:featuredmedia":[{"embeddable":true,"href":"https:\/\/tourtravelandmore.com\/fr\/wp-json\/wp\/v2\/media\/97554"}],"wp:attachment":[{"href":"https:\/\/tourtravelandmore.com\/fr\/wp-json\/wp\/v2\/media?parent=105129"}],"wp:term":[{"taxonomy":"product_brand","embeddable":true,"href":"https:\/\/tourtravelandmore.com\/fr\/wp-json\/wp\/v2\/product_brand?post=105129"},{"taxonomy":"product_cat","embeddable":true,"href":"https:\/\/tourtravelandmore.com\/fr\/wp-json\/wp\/v2\/product_cat?post=105129"},{"taxonomy":"product_tag","embeddable":true,"href":"https:\/\/tourtravelandmore.com\/fr\/wp-json\/wp\/v2\/product_tag?post=105129"}],"curies":[{"name":"wp","href":"https:\/\/api.w.org\/{rel}","templated":true}]}}