{"id":105123,"date":"2020-05-12T10:37:54","date_gmt":"2020-05-12T08:37:54","guid":{"rendered":"https:\/\/tourtravelandmore.com\/tours\/non%20class\u00e9\/visite-privee-des-mines-de-sel-de-wieliczka\/"},"modified":"2021-03-24T09:16:50","modified_gmt":"2021-03-24T08:16:50","slug":"visite-privee-des-mines-de-sel-de-wieliczka","status":"publish","type":"product","link":"https:\/\/tourtravelandmore.com\/fr\/tours\/pologne-fr\/cracovie-fr\/visite-privee-des-mines-de-sel-de-wieliczka\/","title":{"rendered":"Visite priv\u00e9e des mines de sel de Wieliczka"},"content":{"rendered":"<h2>Description:<\/h2>\n<p>La visite priv\u00e9e de 4 heures \u00e0 travers les mines de sel de Wieliczka. C&#8217;est un voyage incroyable, rempli d&#8217;\u00e9normes galleris, de sculptures de sel, de vieilles machines, d&#8217;outils miniers m\u00e9di\u00e9vaux et de puits de sel de couleur \u00e9meraude. Ne manquez pas notre visite priv\u00e9e des mines de sel de Wieliczka.<\/p>\n<p>C&#8217;est l&#8217;un des premiers endroits de Pologne \u00e0 \u00eatre d\u00e9clar\u00e9 site du patrimoine mondial par l&#8217;UNESCO. Non seulement pour sa beaut\u00e9 artistique, mais aussi parce que les mines de sel fonctionnent encore aujourd&#8217;hui.<\/p>\n<p>Au cours de cette incroyable et spectaculaire balade, vous aurez la compagnie d&#8217;un guide priv\u00e9 bilingue. Vous aurez \u00e9galement \u00e0 votre disposition un v\u00e9hicule de luxe avec chauffeur pour vous d\u00e9placer plus facilement de Cracovie aux mines de sel.<\/p>\n<p>Nous vous assurons que vous aurez les billets d&#8217;entr\u00e9e dont vous avez besoin pour la promenade car tout est inclus dans le prix de notre excursion.<\/p>\n<p>Tout d&#8217;abord, nous organiserons une prise en charge confortable depuis votre h\u00f4tel ou lieu de votre choix \u00e0 Cracovie et nous nous dirigerons vers les mines de sel.<\/p>\n<p>Nous nous dirigerons vers les mines de sel. Enfin, nous vous d\u00e9poserons \u00e0 l&#8217;endroit de votre choix \u00e0 Cracovie.<\/p>\n<h2>Sites d&#8217;int\u00e9r\u00eat et monuments<\/h2>\n<p>Votre chauffeur d\u00e9sign\u00e9 viendra vous chercher \u00e0 n&#8217;importe quel endroit de Cracovie. De l\u00e0, vous parcourrez environ 12 kilom\u00e8tres jusqu&#8217;aux \u00e9tonnantes mines de sel de Wieliczka.<\/p>\n<p>Une fois dans les mines, vous rencontrerez le guide qui vous montrera l&#8217;endroit. Tenez compte du fait que le guide est fourni par les mines de sel de Wieliczka, nous ne pouvons donc pas fournir de guide priv\u00e9 \u00e0 l&#8217;int\u00e9rieur. La visite \u00e0 l&#8217;int\u00e9rieur est en groupe.<\/p>\n<p>Les mines, qui sont encore aujourd&#8217;hui exploit\u00e9es, ont une profondeur d&#8217;environ 327 m\u00e8tres divis\u00e9e en 9 niveaux. Une extension totale de 300 kilom\u00e8tres. Cependant, le passage pour touristes ne comprend que les trois premiers niveaux.<\/p>\n<p>Au niveau 1, \u00e0 64 m\u00e8tres sous terre, vous pouvez explorer 20 salines de 2 kilom\u00e8tres. Ici, il y a une exposition de toutes les diff\u00e9rentes m\u00e9thodes minig qui ont \u00e9t\u00e9 utilis\u00e9es \u00e0 Wieliczka du Moyen \u00c2ge \u00e0 nos jours.<\/p>\n<p>Vous pouvez \u00e9galement \u00e9couter des anecdotes et des l\u00e9gendes du lieu. Vous pouvez m\u00eame rencontrer le fant\u00f4me gardien du site Skarbnik. Un esprit qui a aid\u00e9 les mineurs \u00e0 survivre \u00e0 plus d&#8217;une occasion.<\/p>\n<p>Le plus embl\u00e9matique de cette visite est d&#8217;appr\u00e9cier les magnifiques sculptures de sel qui ornent ses galeries. Les lacs sal\u00e9s de couleur \u00e9meraude et, bien s\u00fbr, pour d\u00e9guster une collation dans le caf\u00e9 souterrain avant de continuer la visite.<\/p>\n<p>La travers\u00e9e des chambres dure environ 2 heures pendant lesquelles votre guide vous fera d\u00e9couvrir le monde fascinant qui se trouve sous vos pieds.<\/p>\n<p>Curiosit\u00e9s sur les mines de sel de Wieliczka.<\/p>\n<p>Les mines de sel de Wieliczka ont toujours \u00e9t\u00e9 un lieu d&#8217;int\u00e9r\u00eat. Pour cette raison, depuis l&#8217;\u00e9poque m\u00e9di\u00e9vale \u00e0 ce jour, ont \u00e9t\u00e9 visit\u00e9es par de grandes personnalit\u00e9s comme Nicolas Copernic, Humboldt, Johann Wolfgang von Goethe, Jean-Paul II, entre autres.<\/p>\n<p>Visiter les mines de sel ou tout autre site \u00e0 forte salinit\u00e9 est id\u00e9al pour les personnes souffrant d&#8217;un certain type d&#8217;affection des poumons. En effet, l&#8217;iode du sel aide \u00e0 d\u00e9gager leurs voies respiratoires et \u00e0 d\u00e9truire toutes les bact\u00e9ries trouv\u00e9es.<\/p>\n<p>En outre, il gu\u00e9rit tout type de plaie en emp\u00eachant son infection.<\/p>\n<p>Ne manquez pas nos visites priv\u00e9es \u00e0 Cracovie et d&#8217;autres visites et exp\u00e9riences priv\u00e9es que nous proposons.<\/p>\n","protected":false},"excerpt":{"rendered":"<p>Tirez le meilleur parti de votre s\u00e9jour \u00e0 Cracovie et profitez de notre visite priv\u00e9e de 4 heures \u00e0 travers les mines de sel de Wieliczka. Cette excursion est un voyage \u00e9tonnant rempli d&#8217;immenses galeries, de sculptures de sel, de vieilles machines, d&#8217;outils miniers m\u00e9di\u00e9vaux et de puits de sel de couleur \u00e9meraude.<\/p>\n","protected":false},"featured_media":97546,"comment_status":"open","ping_status":"closed","template":"","meta":{"_acf_changed":false},"product_brand":[],"product_cat":[3742,3829],"product_tag":[],"class_list":{"0":"post-105123","1":"product","2":"type-product","3":"status-publish","4":"has-post-thumbnail","6":"product_cat-pologne-fr","7":"product_cat-cracovie-fr","9":"first","10":"instock","11":"shipping-taxable","12":"purchasable","13":"product-type-simple"},"acf":[],"yoast_head":"<!-- This site is optimized with the Yoast SEO Premium plugin v25.3.1 (Yoast SEO v25.3.1) - https:\/\/yoast.com\/wordpress\/plugins\/seo\/ -->\n<title>De Cracovie: visite priv\u00e9e des mines de sel de Wieliczka de 4 heures<\/title>\n<meta name=\"description\" content=\"Visitez et d\u00e9couvrez l&#039;un des premiers endroits de Pologne \u00e0 \u00eatre d\u00e9clar\u00e9 site du patrimoine mondial par l&#039;UNESCO avec notre visite priv\u00e9e des mines de sel de Wieliczka\" \/>\n<meta name=\"robots\" content=\"index, follow, max-snippet:-1, max-image-preview:large, max-video-preview:-1\" \/>\n<link rel=\"canonical\" href=\"https:\/\/tourtravelandmore.com\/fr\/tours\/pologne-fr\/cracovie-fr\/visite-privee-des-mines-de-sel-de-wieliczka\/\" \/>\n<meta property=\"og:locale\" content=\"fr_FR\" \/>\n<meta property=\"og:type\" content=\"article\" \/>\n<meta property=\"og:title\" content=\"Visite priv\u00e9e des mines de sel de Wieliczka\" \/>\n<meta property=\"og:description\" content=\"Visitez et d\u00e9couvrez l&#039;un des premiers endroits de Pologne \u00e0 \u00eatre d\u00e9clar\u00e9 site du patrimoine mondial par l&#039;UNESCO avec notre visite priv\u00e9e des mines de sel de Wieliczka\" \/>\n<meta property=\"og:url\" content=\"https:\/\/tourtravelandmore.com\/fr\/tours\/pologne-fr\/cracovie-fr\/visite-privee-des-mines-de-sel-de-wieliczka\/\" \/>\n<meta property=\"og:site_name\" content=\"Tour Travel And More\" \/>\n<meta property=\"article:publisher\" content=\"https:\/\/www.facebook.com\/tourtravelandmore\/\" \/>\n<meta property=\"article:modified_time\" content=\"2021-03-24T08:16:50+00:00\" \/>\n<meta property=\"og:image\" content=\"https:\/\/tourtravelandmore.com\/wp-content\/uploads\/2020\/05\/wieliczka-kopalnya-salt-krakow.jpg\" \/>\n\t<meta property=\"og:image:width\" content=\"910\" \/>\n\t<meta property=\"og:image:height\" content=\"612\" \/>\n\t<meta property=\"og:image:type\" content=\"image\/jpeg\" \/>\n<meta name=\"twitter:card\" content=\"summary_large_image\" \/>\n<meta name=\"twitter:site\" content=\"@TourTravel_More\" \/>\n<meta name=\"twitter:label1\" content=\"Dur\u00e9e de lecture estim\u00e9e\" \/>\n\t<meta name=\"twitter:data1\" content=\"3 minutes\" \/>\n<script type=\"application\/ld+json\" class=\"yoast-schema-graph\">{\"@context\":\"https:\/\/schema.org\",\"@graph\":[{\"@type\":\"WebPage\",\"@id\":\"https:\/\/tourtravelandmore.com\/fr\/tours\/pologne-fr\/cracovie-fr\/visite-privee-des-mines-de-sel-de-wieliczka\/\",\"url\":\"https:\/\/tourtravelandmore.com\/fr\/tours\/pologne-fr\/cracovie-fr\/visite-privee-des-mines-de-sel-de-wieliczka\/\",\"name\":\"De Cracovie: visite priv\u00e9e des mines de sel de Wieliczka de 4 heures\",\"isPartOf\":{\"@id\":\"https:\/\/tourtravelandmore.com\/fr\/#website\"},\"primaryImageOfPage\":{\"@id\":\"https:\/\/tourtravelandmore.com\/fr\/tours\/pologne-fr\/cracovie-fr\/visite-privee-des-mines-de-sel-de-wieliczka\/#primaryimage\"},\"image\":{\"@id\":\"https:\/\/tourtravelandmore.com\/fr\/tours\/pologne-fr\/cracovie-fr\/visite-privee-des-mines-de-sel-de-wieliczka\/#primaryimage\"},\"thumbnailUrl\":\"https:\/\/tourtravelandmore.com\/wp-content\/uploads\/2020\/05\/wieliczka-kopalnya-salt-krakow.jpg\",\"datePublished\":\"2020-05-12T08:37:54+00:00\",\"dateModified\":\"2021-03-24T08:16:50+00:00\",\"description\":\"Visitez et d\u00e9couvrez l'un des premiers endroits de Pologne \u00e0 \u00eatre d\u00e9clar\u00e9 site du patrimoine mondial par l'UNESCO avec notre visite priv\u00e9e des mines de sel de Wieliczka\",\"breadcrumb\":{\"@id\":\"https:\/\/tourtravelandmore.com\/fr\/tours\/pologne-fr\/cracovie-fr\/visite-privee-des-mines-de-sel-de-wieliczka\/#breadcrumb\"},\"inLanguage\":\"fr-FR\",\"potentialAction\":[{\"@type\":\"ReadAction\",\"target\":[\"https:\/\/tourtravelandmore.com\/fr\/tours\/pologne-fr\/cracovie-fr\/visite-privee-des-mines-de-sel-de-wieliczka\/\"]}]},{\"@type\":\"ImageObject\",\"inLanguage\":\"fr-FR\",\"@id\":\"https:\/\/tourtravelandmore.com\/fr\/tours\/pologne-fr\/cracovie-fr\/visite-privee-des-mines-de-sel-de-wieliczka\/#primaryimage\",\"url\":\"https:\/\/tourtravelandmore.com\/wp-content\/uploads\/2020\/05\/wieliczka-kopalnya-salt-krakow.jpg\",\"contentUrl\":\"https:\/\/tourtravelandmore.com\/wp-content\/uploads\/2020\/05\/wieliczka-kopalnya-salt-krakow.jpg\",\"width\":910,\"height\":612},{\"@type\":\"BreadcrumbList\",\"@id\":\"https:\/\/tourtravelandmore.com\/fr\/tours\/pologne-fr\/cracovie-fr\/visite-privee-des-mines-de-sel-de-wieliczka\/#breadcrumb\",\"itemListElement\":[{\"@type\":\"ListItem\",\"position\":1,\"name\":\"Home\",\"item\":\"https:\/\/tourtravelandmore.com\/fr\/\"},{\"@type\":\"ListItem\",\"position\":2,\"name\":\"Tours\",\"item\":\"https:\/\/tourtravelandmore.com\/fr\/tours\/\"},{\"@type\":\"ListItem\",\"position\":3,\"name\":\"Visite priv\u00e9e des mines de sel de Wieliczka\"}]},{\"@type\":\"WebSite\",\"@id\":\"https:\/\/tourtravelandmore.com\/fr\/#website\",\"url\":\"https:\/\/tourtravelandmore.com\/fr\/\",\"name\":\"Tour Travel And More\",\"description\":\"Private sightseeing tours and luxury transfers in Spain\",\"publisher\":{\"@id\":\"https:\/\/tourtravelandmore.com\/fr\/#organization\"},\"potentialAction\":[{\"@type\":\"SearchAction\",\"target\":{\"@type\":\"EntryPoint\",\"urlTemplate\":\"https:\/\/tourtravelandmore.com\/fr\/?s={search_term_string}\"},\"query-input\":{\"@type\":\"PropertyValueSpecification\",\"valueRequired\":true,\"valueName\":\"search_term_string\"}}],\"inLanguage\":\"fr-FR\"},{\"@type\":\"Organization\",\"@id\":\"https:\/\/tourtravelandmore.com\/fr\/#organization\",\"name\":\"Tour Travel And More\",\"url\":\"https:\/\/tourtravelandmore.com\/fr\/\",\"logo\":{\"@type\":\"ImageObject\",\"inLanguage\":\"fr-FR\",\"@id\":\"https:\/\/tourtravelandmore.com\/fr\/#\/schema\/logo\/image\/\",\"url\":\"https:\/\/tourtravelandmore.com\/wp-content\/uploads\/2022\/12\/cropped-logo-cabecera-new.png\",\"contentUrl\":\"https:\/\/tourtravelandmore.com\/wp-content\/uploads\/2022\/12\/cropped-logo-cabecera-new.png\",\"width\":430,\"height\":61,\"caption\":\"Tour Travel And More\"},\"image\":{\"@id\":\"https:\/\/tourtravelandmore.com\/fr\/#\/schema\/logo\/image\/\"},\"sameAs\":[\"https:\/\/www.facebook.com\/tourtravelandmore\/\",\"https:\/\/x.com\/TourTravel_More\"]}]}<\/script>\n<!-- \/ Yoast SEO Premium plugin. -->","yoast_head_json":{"title":"De Cracovie: visite priv\u00e9e des mines de sel de Wieliczka de 4 heures","description":"Visitez et d\u00e9couvrez l'un des premiers endroits de Pologne \u00e0 \u00eatre d\u00e9clar\u00e9 site du patrimoine mondial par l'UNESCO avec notre visite priv\u00e9e des mines de sel de Wieliczka","robots":{"index":"index","follow":"follow","max-snippet":"max-snippet:-1","max-image-preview":"max-image-preview:large","max-video-preview":"max-video-preview:-1"},"canonical":"https:\/\/tourtravelandmore.com\/fr\/tours\/pologne-fr\/cracovie-fr\/visite-privee-des-mines-de-sel-de-wieliczka\/","og_locale":"fr_FR","og_type":"article","og_title":"Visite priv\u00e9e des mines de sel de Wieliczka","og_description":"Visitez et d\u00e9couvrez l'un des premiers endroits de Pologne \u00e0 \u00eatre d\u00e9clar\u00e9 site du patrimoine mondial par l'UNESCO avec notre visite priv\u00e9e des mines de sel de Wieliczka","og_url":"https:\/\/tourtravelandmore.com\/fr\/tours\/pologne-fr\/cracovie-fr\/visite-privee-des-mines-de-sel-de-wieliczka\/","og_site_name":"Tour Travel And More","article_publisher":"https:\/\/www.facebook.com\/tourtravelandmore\/","article_modified_time":"2021-03-24T08:16:50+00:00","og_image":[{"width":910,"height":612,"url":"https:\/\/tourtravelandmore.com\/wp-content\/uploads\/2020\/05\/wieliczka-kopalnya-salt-krakow.jpg","type":"image\/jpeg"}],"twitter_card":"summary_large_image","twitter_site":"@TourTravel_More","twitter_misc":{"Dur\u00e9e de lecture estim\u00e9e":"3 minutes"},"schema":{"@context":"https:\/\/schema.org","@graph":[{"@type":"WebPage","@id":"https:\/\/tourtravelandmore.com\/fr\/tours\/pologne-fr\/cracovie-fr\/visite-privee-des-mines-de-sel-de-wieliczka\/","url":"https:\/\/tourtravelandmore.com\/fr\/tours\/pologne-fr\/cracovie-fr\/visite-privee-des-mines-de-sel-de-wieliczka\/","name":"De Cracovie: visite priv\u00e9e des mines de sel de Wieliczka de 4 heures","isPartOf":{"@id":"https:\/\/tourtravelandmore.com\/fr\/#website"},"primaryImageOfPage":{"@id":"https:\/\/tourtravelandmore.com\/fr\/tours\/pologne-fr\/cracovie-fr\/visite-privee-des-mines-de-sel-de-wieliczka\/#primaryimage"},"image":{"@id":"https:\/\/tourtravelandmore.com\/fr\/tours\/pologne-fr\/cracovie-fr\/visite-privee-des-mines-de-sel-de-wieliczka\/#primaryimage"},"thumbnailUrl":"https:\/\/tourtravelandmore.com\/wp-content\/uploads\/2020\/05\/wieliczka-kopalnya-salt-krakow.jpg","datePublished":"2020-05-12T08:37:54+00:00","dateModified":"2021-03-24T08:16:50+00:00","description":"Visitez et d\u00e9couvrez l'un des premiers endroits de Pologne \u00e0 \u00eatre d\u00e9clar\u00e9 site du patrimoine mondial par l'UNESCO avec notre visite priv\u00e9e des mines de sel de Wieliczka","breadcrumb":{"@id":"https:\/\/tourtravelandmore.com\/fr\/tours\/pologne-fr\/cracovie-fr\/visite-privee-des-mines-de-sel-de-wieliczka\/#breadcrumb"},"inLanguage":"fr-FR","potentialAction":[{"@type":"ReadAction","target":["https:\/\/tourtravelandmore.com\/fr\/tours\/pologne-fr\/cracovie-fr\/visite-privee-des-mines-de-sel-de-wieliczka\/"]}]},{"@type":"ImageObject","inLanguage":"fr-FR","@id":"https:\/\/tourtravelandmore.com\/fr\/tours\/pologne-fr\/cracovie-fr\/visite-privee-des-mines-de-sel-de-wieliczka\/#primaryimage","url":"https:\/\/tourtravelandmore.com\/wp-content\/uploads\/2020\/05\/wieliczka-kopalnya-salt-krakow.jpg","contentUrl":"https:\/\/tourtravelandmore.com\/wp-content\/uploads\/2020\/05\/wieliczka-kopalnya-salt-krakow.jpg","width":910,"height":612},{"@type":"BreadcrumbList","@id":"https:\/\/tourtravelandmore.com\/fr\/tours\/pologne-fr\/cracovie-fr\/visite-privee-des-mines-de-sel-de-wieliczka\/#breadcrumb","itemListElement":[{"@type":"ListItem","position":1,"name":"Home","item":"https:\/\/tourtravelandmore.com\/fr\/"},{"@type":"ListItem","position":2,"name":"Tours","item":"https:\/\/tourtravelandmore.com\/fr\/tours\/"},{"@type":"ListItem","position":3,"name":"Visite priv\u00e9e des mines de sel de Wieliczka"}]},{"@type":"WebSite","@id":"https:\/\/tourtravelandmore.com\/fr\/#website","url":"https:\/\/tourtravelandmore.com\/fr\/","name":"Tour Travel And More","description":"Private sightseeing tours and luxury transfers in Spain","publisher":{"@id":"https:\/\/tourtravelandmore.com\/fr\/#organization"},"potentialAction":[{"@type":"SearchAction","target":{"@type":"EntryPoint","urlTemplate":"https:\/\/tourtravelandmore.com\/fr\/?s={search_term_string}"},"query-input":{"@type":"PropertyValueSpecification","valueRequired":true,"valueName":"search_term_string"}}],"inLanguage":"fr-FR"},{"@type":"Organization","@id":"https:\/\/tourtravelandmore.com\/fr\/#organization","name":"Tour Travel And More","url":"https:\/\/tourtravelandmore.com\/fr\/","logo":{"@type":"ImageObject","inLanguage":"fr-FR","@id":"https:\/\/tourtravelandmore.com\/fr\/#\/schema\/logo\/image\/","url":"https:\/\/tourtravelandmore.com\/wp-content\/uploads\/2022\/12\/cropped-logo-cabecera-new.png","contentUrl":"https:\/\/tourtravelandmore.com\/wp-content\/uploads\/2022\/12\/cropped-logo-cabecera-new.png","width":430,"height":61,"caption":"Tour Travel And More"},"image":{"@id":"https:\/\/tourtravelandmore.com\/fr\/#\/schema\/logo\/image\/"},"sameAs":["https:\/\/www.facebook.com\/tourtravelandmore\/","https:\/\/x.com\/TourTravel_More"]}]}},"_links":{"self":[{"href":"https:\/\/tourtravelandmore.com\/fr\/wp-json\/wp\/v2\/product\/105123","targetHints":{"allow":["GET"]}}],"collection":[{"href":"https:\/\/tourtravelandmore.com\/fr\/wp-json\/wp\/v2\/product"}],"about":[{"href":"https:\/\/tourtravelandmore.com\/fr\/wp-json\/wp\/v2\/types\/product"}],"replies":[{"embeddable":true,"href":"https:\/\/tourtravelandmore.com\/fr\/wp-json\/wp\/v2\/comments?post=105123"}],"wp:featuredmedia":[{"embeddable":true,"href":"https:\/\/tourtravelandmore.com\/fr\/wp-json\/wp\/v2\/media\/97546"}],"wp:attachment":[{"href":"https:\/\/tourtravelandmore.com\/fr\/wp-json\/wp\/v2\/media?parent=105123"}],"wp:term":[{"taxonomy":"product_brand","embeddable":true,"href":"https:\/\/tourtravelandmore.com\/fr\/wp-json\/wp\/v2\/product_brand?post=105123"},{"taxonomy":"product_cat","embeddable":true,"href":"https:\/\/tourtravelandmore.com\/fr\/wp-json\/wp\/v2\/product_cat?post=105123"},{"taxonomy":"product_tag","embeddable":true,"href":"https:\/\/tourtravelandmore.com\/fr\/wp-json\/wp\/v2\/product_tag?post=105123"}],"curies":[{"name":"wp","href":"https:\/\/api.w.org\/{rel}","templated":true}]}}