{"id":105116,"date":"2020-05-12T10:00:17","date_gmt":"2020-05-12T08:00:17","guid":{"rendered":"https:\/\/tourtravelandmore.com\/tours\/non%20class\u00e9\/visite-privee-du-quartier-juif-de-cracovie-de-lusine-schindler-et-du-vieux-ghetto\/"},"modified":"2021-03-24T09:15:37","modified_gmt":"2021-03-24T08:15:37","slug":"visite-privee-du-quartier-juif-de-cracovie-de-lusine-schindler-et-du-vieux-ghetto","status":"publish","type":"product","link":"https:\/\/tourtravelandmore.com\/fr\/tours\/pologne-fr\/cracovie-fr\/visite-privee-du-quartier-juif-de-cracovie-de-lusine-schindler-et-du-vieux-ghetto\/","title":{"rendered":"Visite priv\u00e9e du quartier juif de Cracovie, de l&#8217;usine Schindler et du vieux ghetto"},"content":{"rendered":"<h2>Description:<\/h2>\n<p>Participez \u00e0 notre visite du quartier juif priv\u00e9 de Cracovie, de l&#8217;usine Schindler et du vieux ghetto pour une exp\u00e9rience inoubliable.<\/p>\n<p>C&#8217;est une tourn\u00e9e sans pr\u00e9c\u00e9dent o\u00f9 nous vous d\u00e9voilerons toute la v\u00e9rit\u00e9 sur l&#8217;histoire juive de la Pologne. Nous visiterons surtout les lieux o\u00f9 a \u00e9t\u00e9 tourn\u00e9 le c\u00e9l\u00e8bre film &#8220;Schindler&#8217;s List&#8221;.<\/p>\n<p>Lors de la visite priv\u00e9e de la ville de Cracovie, nous visitons les trois grands joyaux de la ville polonaise. Un exemple est Kazimierz, Pod\u00f3rze et l&#8217;usine Schindler.<\/p>\n<p>Ce sont toutes des zones o\u00f9 le film a \u00e9t\u00e9 tourn\u00e9. Aussi les vrais lieux o\u00f9 s&#8217;est d\u00e9roul\u00e9 l&#8217;un des \u00e9v\u00e9nements les plus traumatisants de l&#8217;histoire moderne.<\/p>\n<p>Tout au long de la visite, vous serez accompagn\u00e9 par l&#8217;un de nos meilleurs guides priv\u00e9s. Notre guide conna\u00eet l&#8217;histoire, les anecdotes. Notre guide est quelqu&#8217;un qui sait montrer que le chemin le plus sombre peut mener \u00e0 une fin heureuse.<\/p>\n<p>Vous aurez \u00e9galement \u00e0 votre disposition un v\u00e9hicule de luxe et un chauffeur. Cela vous am\u00e8nera \u00e0 visiter Cracovie de la mani\u00e8re la plus confortable, la plus s\u00fbre et la plus relaxante. Lors de cette visite, seuls vous et ceux qui veulent vous accompagner lors d&#8217;un tel voyage iront.<\/p>\n<h2>Sites d&#8217;int\u00e9r\u00eat et monuments<\/h2>\n<p>L&#8217;ensemble de la visite commencera lorsque nous viendrons vous chercher \u00e0 votre lieu d&#8217;h\u00e9bergement. D\u00e8s que vous monterez \u00e0 bord de la voiture de luxe, vous vous retrouverez face \u00e0 face avec votre chauffeur et bien s\u00fbr avec votre guide priv\u00e9.<\/p>\n<p>De l\u00e0, nous nous dirigerons vers le quartier juif de Kazimierz, longtemps consid\u00e9r\u00e9 comme le foyer de la plus grande communaut\u00e9 juive du monde.<\/p>\n<p>Nous vous recommandons de vous promener dans la synagogue Remuh, d&#8217;admirer le monument aux victimes de l&#8217;holocauste. Apprenez \u00e0 conna\u00eetre la maison d&#8217;Helena Rubinstein et bien s\u00fbr prenez plus d&#8217;un selfie dans plusieurs des endroits o\u00f9 le film &#8220;Schindler\u00b4s List&#8221; a \u00e9t\u00e9 tourn\u00e9.<\/p>\n<p>\u00c0 ce stade, si vous voulez go\u00fbter quelque chose ou \u00e9tancher votre soif. Votre guide peut vous emmener \u00e0 la Plaza Nueva. C&#8217;est le c\u0153ur du quartier juif, plein de pubs et de restaurants o\u00f9 vous pourrez d\u00e9guster la cuisine locale.<\/p>\n<h4>Nous allons continuer &#8230;<\/h4>\n<p>Poursuivant avec ce quartier juif priv\u00e9 de Cracovie. Notre prochain arr\u00eat est l&#8217;ancien ghetto de Podg\u00f3rze.<\/p>\n<p>Il est situ\u00e9 dans la zone industrielle de Cracovie, mais cela n\u2019en fait pas un lieu moins \u00e9nigmatique ou moins int\u00e9ressant.<\/p>\n<p>En fait, ce lieu a \u00e9t\u00e9 t\u00e9moin d&#8217;une grande partie du drame de l&#8217;invasion nazie.<\/p>\n<p>Peut-\u00eatre l&#8217;un des endroits qui vous fera r\u00e9fl\u00e9chir sur la fugacit\u00e9 de la vie. Comment le destin peut d\u00e9truire en un clin d&#8217;\u0153il tout plan que nous avons cr\u00e9\u00e9, c&#8217;est le monument des chaises, un ensemble de si\u00e8ges vides que n&#8217;importe qui peut occuper pour \u00eatre la prochaine victime.<\/p>\n<p>Enfin, le dernier arr\u00eat de la promenade sera l&#8217;usine Schindler. Aujourd&#8217;hui, c&#8217;est le mus\u00e9e le plus moderne de Pologne. Ici, les visiteurs voient \u00e0 quoi ressemblait la ville lorsqu&#8217;elle \u00e9tait occup\u00e9e par les nazis. Comment il a \u00e9t\u00e9 racont\u00e9 sur la vie du remarquable Oskar Schindler. C&#8217;\u00e9tait un homme qui a d\u00fb repenser le cours de sa vie et qui a fini par sauver la vie de plus de 1000 Juifs.<\/p>\n<p>Faits amusants sur le ghetto juif de Podg\u00f3rze et la liste de Schindler.<\/p>\n<p>Bien que le ghetto de Podg\u00f3rze \u00e9tait la v\u00e9ritable prison juive de Cracovie, o\u00f9 toute la communaut\u00e9 juive \u00e9tait enferm\u00e9e pour la contr\u00f4ler, etc., c&#8217;\u00e9tait l&#8217;\u00e9picentre industriel o\u00f9 l&#8217;usine Schindler a \u00e9merg\u00e9, ainsi que de nombreuses autres qui ont profit\u00e9 d&#8217;une main-d&#8217;\u0153uvre bon march\u00e9. Dans le film r\u00e9alis\u00e9 par Steven Spielberg, cette zone ne pouvait pas \u00eatre utilis\u00e9e pour montrer la vie juive, mais a \u00e9t\u00e9 film\u00e9e \u00e0 Kazimierz parce que le vieux ghetto a \u00e9t\u00e9 d\u00e9truit apr\u00e8s la fin de la Seconde Guerre mondiale.<\/p>\n<p>D\u00e9couvrez les autres circuits priv\u00e9s de Cracovie que nous proposons ici!<\/p>\n","protected":false},"excerpt":{"rendered":"<p>D\u00e9couvrez et visitez les trois grands joyaux de la ville de Cracovie; Kazimierz, Podg\u00f3rze et l&#8217;usine de Schindler, au cours de cette visite priv\u00e9e de 3 heures. Vous visiterez toutes ces zones o\u00f9 le film a \u00e9t\u00e9 tourn\u00e9, mais ce sont aussi les v\u00e9ritables lieux o\u00f9 s&#8217;est d\u00e9roul\u00e9 l&#8217;un des \u00e9v\u00e9nements les plus traumatisants de l&#8217;histoire moderne. D\u00e9couvrez et apprenez l&#8217;histoire de Cracovie avec votre guide officiel priv\u00e9.<\/p>\n","protected":false},"featured_media":97538,"comment_status":"open","ping_status":"closed","template":"","meta":{"_acf_changed":false},"product_brand":[],"product_cat":[3742,3829],"product_tag":[],"class_list":{"0":"post-105116","1":"product","2":"type-product","3":"status-publish","4":"has-post-thumbnail","6":"product_cat-pologne-fr","7":"product_cat-cracovie-fr","9":"first","10":"instock","11":"shipping-taxable","12":"purchasable","13":"product-type-simple"},"acf":[],"yoast_head":"<!-- This site is optimized with the Yoast SEO Premium plugin v25.3.1 (Yoast SEO v25.3.1) - https:\/\/yoast.com\/wordpress\/plugins\/seo\/ -->\n<title>Quartier juif priv\u00e9 de Cracovie, usine Schindler et vieux ghetto<\/title>\n<meta name=\"description\" content=\"Profitez de ce quartier juif priv\u00e9 sans pr\u00e9c\u00e9dent de Cracovie o\u00f9 nous vous d\u00e9voilerons toute la v\u00e9rit\u00e9 sur l&#039;histoire juive de Pologne.\" \/>\n<meta name=\"robots\" content=\"index, follow, max-snippet:-1, max-image-preview:large, max-video-preview:-1\" \/>\n<link rel=\"canonical\" href=\"https:\/\/tourtravelandmore.com\/fr\/tours\/pologne-fr\/cracovie-fr\/visite-privee-du-quartier-juif-de-cracovie-de-lusine-schindler-et-du-vieux-ghetto\/\" \/>\n<meta property=\"og:locale\" content=\"fr_FR\" \/>\n<meta property=\"og:type\" content=\"article\" \/>\n<meta property=\"og:title\" content=\"Visite priv\u00e9e du quartier juif de Cracovie, de l&#039;usine Schindler et du vieux ghetto\" \/>\n<meta property=\"og:description\" content=\"Profitez de ce quartier juif priv\u00e9 sans pr\u00e9c\u00e9dent de Cracovie o\u00f9 nous vous d\u00e9voilerons toute la v\u00e9rit\u00e9 sur l&#039;histoire juive de Pologne.\" \/>\n<meta property=\"og:url\" content=\"https:\/\/tourtravelandmore.com\/fr\/tours\/pologne-fr\/cracovie-fr\/visite-privee-du-quartier-juif-de-cracovie-de-lusine-schindler-et-du-vieux-ghetto\/\" \/>\n<meta property=\"og:site_name\" content=\"Tour Travel And More\" \/>\n<meta property=\"article:publisher\" content=\"https:\/\/www.facebook.com\/tourtravelandmore\/\" \/>\n<meta property=\"article:modified_time\" content=\"2021-03-24T08:15:37+00:00\" \/>\n<meta property=\"og:image\" content=\"https:\/\/tourtravelandmore.com\/wp-content\/uploads\/2020\/05\/krakow-monument.jpg\" \/>\n\t<meta property=\"og:image:width\" content=\"1620\" \/>\n\t<meta property=\"og:image:height\" content=\"1080\" \/>\n\t<meta property=\"og:image:type\" content=\"image\/jpeg\" \/>\n<meta name=\"twitter:card\" content=\"summary_large_image\" \/>\n<meta name=\"twitter:site\" content=\"@TourTravel_More\" \/>\n<meta name=\"twitter:label1\" content=\"Dur\u00e9e de lecture estim\u00e9e\" \/>\n\t<meta name=\"twitter:data1\" content=\"3 minutes\" \/>\n<script type=\"application\/ld+json\" class=\"yoast-schema-graph\">{\"@context\":\"https:\/\/schema.org\",\"@graph\":[{\"@type\":\"WebPage\",\"@id\":\"https:\/\/tourtravelandmore.com\/fr\/tours\/pologne-fr\/cracovie-fr\/visite-privee-du-quartier-juif-de-cracovie-de-lusine-schindler-et-du-vieux-ghetto\/\",\"url\":\"https:\/\/tourtravelandmore.com\/fr\/tours\/pologne-fr\/cracovie-fr\/visite-privee-du-quartier-juif-de-cracovie-de-lusine-schindler-et-du-vieux-ghetto\/\",\"name\":\"Quartier juif priv\u00e9 de Cracovie, usine Schindler et vieux ghetto\",\"isPartOf\":{\"@id\":\"https:\/\/tourtravelandmore.com\/fr\/#website\"},\"primaryImageOfPage\":{\"@id\":\"https:\/\/tourtravelandmore.com\/fr\/tours\/pologne-fr\/cracovie-fr\/visite-privee-du-quartier-juif-de-cracovie-de-lusine-schindler-et-du-vieux-ghetto\/#primaryimage\"},\"image\":{\"@id\":\"https:\/\/tourtravelandmore.com\/fr\/tours\/pologne-fr\/cracovie-fr\/visite-privee-du-quartier-juif-de-cracovie-de-lusine-schindler-et-du-vieux-ghetto\/#primaryimage\"},\"thumbnailUrl\":\"https:\/\/tourtravelandmore.com\/wp-content\/uploads\/2020\/05\/krakow-monument.jpg\",\"datePublished\":\"2020-05-12T08:00:17+00:00\",\"dateModified\":\"2021-03-24T08:15:37+00:00\",\"description\":\"Profitez de ce quartier juif priv\u00e9 sans pr\u00e9c\u00e9dent de Cracovie o\u00f9 nous vous d\u00e9voilerons toute la v\u00e9rit\u00e9 sur l'histoire juive de Pologne.\",\"breadcrumb\":{\"@id\":\"https:\/\/tourtravelandmore.com\/fr\/tours\/pologne-fr\/cracovie-fr\/visite-privee-du-quartier-juif-de-cracovie-de-lusine-schindler-et-du-vieux-ghetto\/#breadcrumb\"},\"inLanguage\":\"fr-FR\",\"potentialAction\":[{\"@type\":\"ReadAction\",\"target\":[\"https:\/\/tourtravelandmore.com\/fr\/tours\/pologne-fr\/cracovie-fr\/visite-privee-du-quartier-juif-de-cracovie-de-lusine-schindler-et-du-vieux-ghetto\/\"]}]},{\"@type\":\"ImageObject\",\"inLanguage\":\"fr-FR\",\"@id\":\"https:\/\/tourtravelandmore.com\/fr\/tours\/pologne-fr\/cracovie-fr\/visite-privee-du-quartier-juif-de-cracovie-de-lusine-schindler-et-du-vieux-ghetto\/#primaryimage\",\"url\":\"https:\/\/tourtravelandmore.com\/wp-content\/uploads\/2020\/05\/krakow-monument.jpg\",\"contentUrl\":\"https:\/\/tourtravelandmore.com\/wp-content\/uploads\/2020\/05\/krakow-monument.jpg\",\"width\":1620,\"height\":1080},{\"@type\":\"BreadcrumbList\",\"@id\":\"https:\/\/tourtravelandmore.com\/fr\/tours\/pologne-fr\/cracovie-fr\/visite-privee-du-quartier-juif-de-cracovie-de-lusine-schindler-et-du-vieux-ghetto\/#breadcrumb\",\"itemListElement\":[{\"@type\":\"ListItem\",\"position\":1,\"name\":\"Home\",\"item\":\"https:\/\/tourtravelandmore.com\/fr\/\"},{\"@type\":\"ListItem\",\"position\":2,\"name\":\"Tours\",\"item\":\"https:\/\/tourtravelandmore.com\/fr\/tours\/\"},{\"@type\":\"ListItem\",\"position\":3,\"name\":\"Visite priv\u00e9e du quartier juif de Cracovie, de l&#8217;usine Schindler et du vieux ghetto\"}]},{\"@type\":\"WebSite\",\"@id\":\"https:\/\/tourtravelandmore.com\/fr\/#website\",\"url\":\"https:\/\/tourtravelandmore.com\/fr\/\",\"name\":\"Tour Travel And More\",\"description\":\"Private sightseeing tours and luxury transfers in Spain\",\"publisher\":{\"@id\":\"https:\/\/tourtravelandmore.com\/fr\/#organization\"},\"potentialAction\":[{\"@type\":\"SearchAction\",\"target\":{\"@type\":\"EntryPoint\",\"urlTemplate\":\"https:\/\/tourtravelandmore.com\/fr\/?s={search_term_string}\"},\"query-input\":{\"@type\":\"PropertyValueSpecification\",\"valueRequired\":true,\"valueName\":\"search_term_string\"}}],\"inLanguage\":\"fr-FR\"},{\"@type\":\"Organization\",\"@id\":\"https:\/\/tourtravelandmore.com\/fr\/#organization\",\"name\":\"Tour Travel And More\",\"url\":\"https:\/\/tourtravelandmore.com\/fr\/\",\"logo\":{\"@type\":\"ImageObject\",\"inLanguage\":\"fr-FR\",\"@id\":\"https:\/\/tourtravelandmore.com\/fr\/#\/schema\/logo\/image\/\",\"url\":\"https:\/\/tourtravelandmore.com\/wp-content\/uploads\/2022\/12\/cropped-logo-cabecera-new.png\",\"contentUrl\":\"https:\/\/tourtravelandmore.com\/wp-content\/uploads\/2022\/12\/cropped-logo-cabecera-new.png\",\"width\":430,\"height\":61,\"caption\":\"Tour Travel And More\"},\"image\":{\"@id\":\"https:\/\/tourtravelandmore.com\/fr\/#\/schema\/logo\/image\/\"},\"sameAs\":[\"https:\/\/www.facebook.com\/tourtravelandmore\/\",\"https:\/\/x.com\/TourTravel_More\"]}]}<\/script>\n<!-- \/ Yoast SEO Premium plugin. -->","yoast_head_json":{"title":"Quartier juif priv\u00e9 de Cracovie, usine Schindler et vieux ghetto","description":"Profitez de ce quartier juif priv\u00e9 sans pr\u00e9c\u00e9dent de Cracovie o\u00f9 nous vous d\u00e9voilerons toute la v\u00e9rit\u00e9 sur l'histoire juive de Pologne.","robots":{"index":"index","follow":"follow","max-snippet":"max-snippet:-1","max-image-preview":"max-image-preview:large","max-video-preview":"max-video-preview:-1"},"canonical":"https:\/\/tourtravelandmore.com\/fr\/tours\/pologne-fr\/cracovie-fr\/visite-privee-du-quartier-juif-de-cracovie-de-lusine-schindler-et-du-vieux-ghetto\/","og_locale":"fr_FR","og_type":"article","og_title":"Visite priv\u00e9e du quartier juif de Cracovie, de l'usine Schindler et du vieux ghetto","og_description":"Profitez de ce quartier juif priv\u00e9 sans pr\u00e9c\u00e9dent de Cracovie o\u00f9 nous vous d\u00e9voilerons toute la v\u00e9rit\u00e9 sur l'histoire juive de Pologne.","og_url":"https:\/\/tourtravelandmore.com\/fr\/tours\/pologne-fr\/cracovie-fr\/visite-privee-du-quartier-juif-de-cracovie-de-lusine-schindler-et-du-vieux-ghetto\/","og_site_name":"Tour Travel And More","article_publisher":"https:\/\/www.facebook.com\/tourtravelandmore\/","article_modified_time":"2021-03-24T08:15:37+00:00","og_image":[{"width":1620,"height":1080,"url":"https:\/\/tourtravelandmore.com\/wp-content\/uploads\/2020\/05\/krakow-monument.jpg","type":"image\/jpeg"}],"twitter_card":"summary_large_image","twitter_site":"@TourTravel_More","twitter_misc":{"Dur\u00e9e de lecture estim\u00e9e":"3 minutes"},"schema":{"@context":"https:\/\/schema.org","@graph":[{"@type":"WebPage","@id":"https:\/\/tourtravelandmore.com\/fr\/tours\/pologne-fr\/cracovie-fr\/visite-privee-du-quartier-juif-de-cracovie-de-lusine-schindler-et-du-vieux-ghetto\/","url":"https:\/\/tourtravelandmore.com\/fr\/tours\/pologne-fr\/cracovie-fr\/visite-privee-du-quartier-juif-de-cracovie-de-lusine-schindler-et-du-vieux-ghetto\/","name":"Quartier juif priv\u00e9 de Cracovie, usine Schindler et vieux ghetto","isPartOf":{"@id":"https:\/\/tourtravelandmore.com\/fr\/#website"},"primaryImageOfPage":{"@id":"https:\/\/tourtravelandmore.com\/fr\/tours\/pologne-fr\/cracovie-fr\/visite-privee-du-quartier-juif-de-cracovie-de-lusine-schindler-et-du-vieux-ghetto\/#primaryimage"},"image":{"@id":"https:\/\/tourtravelandmore.com\/fr\/tours\/pologne-fr\/cracovie-fr\/visite-privee-du-quartier-juif-de-cracovie-de-lusine-schindler-et-du-vieux-ghetto\/#primaryimage"},"thumbnailUrl":"https:\/\/tourtravelandmore.com\/wp-content\/uploads\/2020\/05\/krakow-monument.jpg","datePublished":"2020-05-12T08:00:17+00:00","dateModified":"2021-03-24T08:15:37+00:00","description":"Profitez de ce quartier juif priv\u00e9 sans pr\u00e9c\u00e9dent de Cracovie o\u00f9 nous vous d\u00e9voilerons toute la v\u00e9rit\u00e9 sur l'histoire juive de Pologne.","breadcrumb":{"@id":"https:\/\/tourtravelandmore.com\/fr\/tours\/pologne-fr\/cracovie-fr\/visite-privee-du-quartier-juif-de-cracovie-de-lusine-schindler-et-du-vieux-ghetto\/#breadcrumb"},"inLanguage":"fr-FR","potentialAction":[{"@type":"ReadAction","target":["https:\/\/tourtravelandmore.com\/fr\/tours\/pologne-fr\/cracovie-fr\/visite-privee-du-quartier-juif-de-cracovie-de-lusine-schindler-et-du-vieux-ghetto\/"]}]},{"@type":"ImageObject","inLanguage":"fr-FR","@id":"https:\/\/tourtravelandmore.com\/fr\/tours\/pologne-fr\/cracovie-fr\/visite-privee-du-quartier-juif-de-cracovie-de-lusine-schindler-et-du-vieux-ghetto\/#primaryimage","url":"https:\/\/tourtravelandmore.com\/wp-content\/uploads\/2020\/05\/krakow-monument.jpg","contentUrl":"https:\/\/tourtravelandmore.com\/wp-content\/uploads\/2020\/05\/krakow-monument.jpg","width":1620,"height":1080},{"@type":"BreadcrumbList","@id":"https:\/\/tourtravelandmore.com\/fr\/tours\/pologne-fr\/cracovie-fr\/visite-privee-du-quartier-juif-de-cracovie-de-lusine-schindler-et-du-vieux-ghetto\/#breadcrumb","itemListElement":[{"@type":"ListItem","position":1,"name":"Home","item":"https:\/\/tourtravelandmore.com\/fr\/"},{"@type":"ListItem","position":2,"name":"Tours","item":"https:\/\/tourtravelandmore.com\/fr\/tours\/"},{"@type":"ListItem","position":3,"name":"Visite priv\u00e9e du quartier juif de Cracovie, de l&#8217;usine Schindler et du vieux ghetto"}]},{"@type":"WebSite","@id":"https:\/\/tourtravelandmore.com\/fr\/#website","url":"https:\/\/tourtravelandmore.com\/fr\/","name":"Tour Travel And More","description":"Private sightseeing tours and luxury transfers in Spain","publisher":{"@id":"https:\/\/tourtravelandmore.com\/fr\/#organization"},"potentialAction":[{"@type":"SearchAction","target":{"@type":"EntryPoint","urlTemplate":"https:\/\/tourtravelandmore.com\/fr\/?s={search_term_string}"},"query-input":{"@type":"PropertyValueSpecification","valueRequired":true,"valueName":"search_term_string"}}],"inLanguage":"fr-FR"},{"@type":"Organization","@id":"https:\/\/tourtravelandmore.com\/fr\/#organization","name":"Tour Travel And More","url":"https:\/\/tourtravelandmore.com\/fr\/","logo":{"@type":"ImageObject","inLanguage":"fr-FR","@id":"https:\/\/tourtravelandmore.com\/fr\/#\/schema\/logo\/image\/","url":"https:\/\/tourtravelandmore.com\/wp-content\/uploads\/2022\/12\/cropped-logo-cabecera-new.png","contentUrl":"https:\/\/tourtravelandmore.com\/wp-content\/uploads\/2022\/12\/cropped-logo-cabecera-new.png","width":430,"height":61,"caption":"Tour Travel And More"},"image":{"@id":"https:\/\/tourtravelandmore.com\/fr\/#\/schema\/logo\/image\/"},"sameAs":["https:\/\/www.facebook.com\/tourtravelandmore\/","https:\/\/x.com\/TourTravel_More"]}]}},"_links":{"self":[{"href":"https:\/\/tourtravelandmore.com\/fr\/wp-json\/wp\/v2\/product\/105116","targetHints":{"allow":["GET"]}}],"collection":[{"href":"https:\/\/tourtravelandmore.com\/fr\/wp-json\/wp\/v2\/product"}],"about":[{"href":"https:\/\/tourtravelandmore.com\/fr\/wp-json\/wp\/v2\/types\/product"}],"replies":[{"embeddable":true,"href":"https:\/\/tourtravelandmore.com\/fr\/wp-json\/wp\/v2\/comments?post=105116"}],"wp:featuredmedia":[{"embeddable":true,"href":"https:\/\/tourtravelandmore.com\/fr\/wp-json\/wp\/v2\/media\/97538"}],"wp:attachment":[{"href":"https:\/\/tourtravelandmore.com\/fr\/wp-json\/wp\/v2\/media?parent=105116"}],"wp:term":[{"taxonomy":"product_brand","embeddable":true,"href":"https:\/\/tourtravelandmore.com\/fr\/wp-json\/wp\/v2\/product_brand?post=105116"},{"taxonomy":"product_cat","embeddable":true,"href":"https:\/\/tourtravelandmore.com\/fr\/wp-json\/wp\/v2\/product_cat?post=105116"},{"taxonomy":"product_tag","embeddable":true,"href":"https:\/\/tourtravelandmore.com\/fr\/wp-json\/wp\/v2\/product_tag?post=105116"}],"curies":[{"name":"wp","href":"https:\/\/api.w.org\/{rel}","templated":true}]}}