{"id":105110,"date":"2020-05-11T14:13:34","date_gmt":"2020-05-11T12:13:34","guid":{"rendered":"https:\/\/tourtravelandmore.com\/tours\/non%20class\u00e9\/private-krakow-tour\/"},"modified":"2021-03-24T09:05:20","modified_gmt":"2021-03-24T08:05:20","slug":"private-krakow-tour","status":"publish","type":"product","link":"https:\/\/tourtravelandmore.com\/fr\/tours\/pologne-fr\/cracovie-fr\/private-krakow-tour\/","title":{"rendered":"Visite priv\u00e9e de Cracovie"},"content":{"rendered":"<h2>Description:<\/h2>\n<p>Profitez de notre incroyable visite priv\u00e9e de 4 heures de Cracovie avec un guide officiel et un v\u00e9hicule avec chauffeur. Au cours de cette visite, vous conna\u00eetrez les lieux les plus importants de l&#8217;une des plus anciennes villes de Pologne. Cette visite priv\u00e9e de Cracovie est une exp\u00e9rience formidable pour vous.<\/p>\n<p>Visitez la vieille ville et d\u00e9couvrez l&#8217;une des places m\u00e9di\u00e9vales les mieux conserv\u00e9es de toute l&#8217;Europe. Faites un voyage \u00e0 travers les recoins les plus sombres de l&#8217;histoire locale en visitant certaines des zones qui ont servi de lieu au c\u00e9l\u00e8bre film de Steven Spielberg, \u00abThe Schindler&#8217;s List\u00bb.<\/p>\n<p>De plus, vous pouvez visiter le quartier juif de Cracovie. Votre guide vous raconte l&#8217;histoire du lieu et vous emm\u00e8ne \u00e0 la d\u00e9couverte de la vieille synagogue et de l&#8217;\u00e9glise Corpus Christi.<\/p>\n<p>Profitez du meilleur de cette visite priv\u00e9e de Cracovie.<\/p>\n<h2>Sites d&#8217;int\u00e9r\u00eat et monuments<\/h2>\n<p>Votre chauffeur viendra vous chercher \u00e0 l&#8217;endroit et \u00e0 l&#8217;heure convenus au pr\u00e9alable. Vous vous retrouverez face \u00e0 face avec votre guide personnel. Vous partagerez avec vous des informations pertinentes sur les activit\u00e9s et les lieux qui correspondent le mieux \u00e0 vos go\u00fbts.<\/p>\n<p>Le v\u00e9hicule se dirigera vers la vieille ville et s&#8217;arr\u00eatera juste \u00e0 la place du march\u00e9 Rynek. Ce site qui a \u00e9t\u00e9 d\u00e9clar\u00e9 site du patrimoine mondial par l&#8217;UNESCO.<\/p>\n<p>C&#8217;est vraiment la place la plus ancienne et la mieux conserv\u00e9e de toute l&#8217;Union europ\u00e9enne. C&#8217;est le c\u0153ur de cette petite ville polonaise, comme en t\u00e9moigne le nombre d&#8217;artistes de rue qui se produisent dans ses rues. Aussi par la cuisine locale qui l&#8217;entoure, et bien s\u00fbr aussi par la vie nocturne anim\u00e9e \u00e0 proximit\u00e9. Ce serait l&#8217;endroit id\u00e9al pour essayer la gastronomie de la r\u00e9gion. Votre guide se fera un plaisir de vous recommander o\u00f9 manger et quel plat essayer.<\/p>\n<p>Un autre endroit \u00e0 ne pas manquer est la Halle aux Draps. C&#8217;est un march\u00e9 ou une zone commerciale de la ville o\u00f9 vous pouvez acheter tous les souvenirs que vous voulez et m\u00eame acqu\u00e9rir certaines pi\u00e8ces uniques typiques de la culture polonaise.<\/p>\n<h3>\u00c0 quoi s&#8217;attendre ensuite?<\/h3>\n<p>Parmi les b\u00e2timents les plus importants de ce quartier et qui m\u00e9ritent d&#8217;\u00eatre visit\u00e9s. C&#8217;est surtout si vous aimez l&#8217;architecture baroque.<\/p>\n<p>Par exemple: l&#8217;\u00e9glise Saint-Adalbert, la basilique Sainte-Marie, la tour de la mairie et le lieu pr\u00e9f\u00e9r\u00e9 de tous les touristes, le ch\u00e2teau de Wawel. La maison royale par excellence qui est actuellement l&#8217;un des mus\u00e9es les plus r\u00e9put\u00e9s de la r\u00e9gion.<\/p>\n<p>En quittant la vieille ville, nous entrerons dans le c\u00e9l\u00e8bre quartier juif. C&#8217;est un endroit o\u00f9 la culture juive a impr\u00e9gn\u00e9 \u00e0 un tel degr\u00e9 que m\u00eame aujourd&#8217;hui une atmosph\u00e8re presque mystique est respir\u00e9e.<\/p>\n<p>C&#8217;est dans cette partie de la visite que nous visiterons les lieux qui ont \u00e9t\u00e9 utilis\u00e9s dans le c\u00e9l\u00e8bre film &#8220;Schindler&#8217;s List&#8221; et nous visiterons \u00e9galement des lieux embl\u00e9matiques tels que la vieille synagogue, le cimeti\u00e8re juif et l&#8217;\u00e9glise Corpus Christi.<\/p>\n<p>D\u00e9couvrez nos autres visites priv\u00e9es \u00e0 Cracovie et nos exp\u00e9riences d&#8217;une journ\u00e9e!<\/p>\n","protected":false},"excerpt":{"rendered":"<p>Profitez de cette visite priv\u00e9e personnalis\u00e9e de la ville de Cracovie et profitez de ses monuments et sites les plus importants avec un expert local. Personnalisez votre propre exp\u00e9rience. Ne manquez pas les monuments, les sites touristiques, les nombreuses \u00e9glises, ses mus\u00e9es et le patrimoine mondial de l&#8217;UNESCO: la place du march\u00e9 Rynek lors de cette visite priv\u00e9e lors de votre visite \u00e0 Cracovie.<\/p>\n<p>&nbsp;<\/p>\n","protected":false},"featured_media":97533,"comment_status":"open","ping_status":"closed","template":"","meta":{"_acf_changed":false},"product_brand":[],"product_cat":[3742,3829],"product_tag":[],"class_list":{"0":"post-105110","1":"product","2":"type-product","3":"status-publish","4":"has-post-thumbnail","6":"product_cat-pologne-fr","7":"product_cat-cracovie-fr","9":"first","10":"instock","11":"shipping-taxable","12":"purchasable","13":"product-type-simple"},"acf":[],"yoast_head":"<!-- This site is optimized with the Yoast SEO Premium plugin v25.3.1 (Yoast SEO v25.3.1) - https:\/\/yoast.com\/wordpress\/plugins\/seo\/ -->\n<title>Visite priv\u00e9e de Cracovie avec guide officiel et v\u00e9hicule avec chauffeur<\/title>\n<meta name=\"description\" content=\"Profitez de cette occasion pour d\u00e9couvrir les endroits les plus embl\u00e9matiques et les plus beaux de Cracovie avec notre visite priv\u00e9e de Cracovie et notre guide officiel et chauffeur.\" \/>\n<meta name=\"robots\" content=\"index, follow, max-snippet:-1, max-image-preview:large, max-video-preview:-1\" \/>\n<link rel=\"canonical\" href=\"https:\/\/tourtravelandmore.com\/fr\/tours\/pologne-fr\/cracovie-fr\/private-krakow-tour\/\" \/>\n<meta property=\"og:locale\" content=\"fr_FR\" \/>\n<meta property=\"og:type\" content=\"article\" \/>\n<meta property=\"og:title\" content=\"Visite priv\u00e9e de Cracovie\" \/>\n<meta property=\"og:description\" content=\"Profitez de cette occasion pour d\u00e9couvrir les endroits les plus embl\u00e9matiques et les plus beaux de Cracovie avec notre visite priv\u00e9e de Cracovie et notre guide officiel et chauffeur.\" \/>\n<meta property=\"og:url\" content=\"https:\/\/tourtravelandmore.com\/fr\/tours\/pologne-fr\/cracovie-fr\/private-krakow-tour\/\" \/>\n<meta property=\"og:site_name\" content=\"Tour Travel And More\" \/>\n<meta property=\"article:publisher\" content=\"https:\/\/www.facebook.com\/tourtravelandmore\/\" \/>\n<meta property=\"article:modified_time\" content=\"2021-03-24T08:05:20+00:00\" \/>\n<meta property=\"og:image\" content=\"https:\/\/tourtravelandmore.com\/wp-content\/uploads\/2020\/05\/Krakow.jpg\" \/>\n\t<meta property=\"og:image:width\" content=\"960\" \/>\n\t<meta property=\"og:image:height\" content=\"640\" \/>\n\t<meta property=\"og:image:type\" content=\"image\/jpeg\" \/>\n<meta name=\"twitter:card\" content=\"summary_large_image\" \/>\n<meta name=\"twitter:site\" content=\"@TourTravel_More\" \/>\n<meta name=\"twitter:label1\" content=\"Dur\u00e9e de lecture estim\u00e9e\" \/>\n\t<meta name=\"twitter:data1\" content=\"3 minutes\" \/>\n<script type=\"application\/ld+json\" class=\"yoast-schema-graph\">{\"@context\":\"https:\/\/schema.org\",\"@graph\":[{\"@type\":\"WebPage\",\"@id\":\"https:\/\/tourtravelandmore.com\/fr\/tours\/pologne-fr\/cracovie-fr\/private-krakow-tour\/\",\"url\":\"https:\/\/tourtravelandmore.com\/fr\/tours\/pologne-fr\/cracovie-fr\/private-krakow-tour\/\",\"name\":\"Visite priv\u00e9e de Cracovie avec guide officiel et v\u00e9hicule avec chauffeur\",\"isPartOf\":{\"@id\":\"https:\/\/tourtravelandmore.com\/fr\/#website\"},\"primaryImageOfPage\":{\"@id\":\"https:\/\/tourtravelandmore.com\/fr\/tours\/pologne-fr\/cracovie-fr\/private-krakow-tour\/#primaryimage\"},\"image\":{\"@id\":\"https:\/\/tourtravelandmore.com\/fr\/tours\/pologne-fr\/cracovie-fr\/private-krakow-tour\/#primaryimage\"},\"thumbnailUrl\":\"https:\/\/tourtravelandmore.com\/wp-content\/uploads\/2020\/05\/Krakow.jpg\",\"datePublished\":\"2020-05-11T12:13:34+00:00\",\"dateModified\":\"2021-03-24T08:05:20+00:00\",\"description\":\"Profitez de cette occasion pour d\u00e9couvrir les endroits les plus embl\u00e9matiques et les plus beaux de Cracovie avec notre visite priv\u00e9e de Cracovie et notre guide officiel et chauffeur.\",\"breadcrumb\":{\"@id\":\"https:\/\/tourtravelandmore.com\/fr\/tours\/pologne-fr\/cracovie-fr\/private-krakow-tour\/#breadcrumb\"},\"inLanguage\":\"fr-FR\",\"potentialAction\":[{\"@type\":\"ReadAction\",\"target\":[\"https:\/\/tourtravelandmore.com\/fr\/tours\/pologne-fr\/cracovie-fr\/private-krakow-tour\/\"]}]},{\"@type\":\"ImageObject\",\"inLanguage\":\"fr-FR\",\"@id\":\"https:\/\/tourtravelandmore.com\/fr\/tours\/pologne-fr\/cracovie-fr\/private-krakow-tour\/#primaryimage\",\"url\":\"https:\/\/tourtravelandmore.com\/wp-content\/uploads\/2020\/05\/Krakow.jpg\",\"contentUrl\":\"https:\/\/tourtravelandmore.com\/wp-content\/uploads\/2020\/05\/Krakow.jpg\",\"width\":960,\"height\":640},{\"@type\":\"BreadcrumbList\",\"@id\":\"https:\/\/tourtravelandmore.com\/fr\/tours\/pologne-fr\/cracovie-fr\/private-krakow-tour\/#breadcrumb\",\"itemListElement\":[{\"@type\":\"ListItem\",\"position\":1,\"name\":\"Home\",\"item\":\"https:\/\/tourtravelandmore.com\/fr\/\"},{\"@type\":\"ListItem\",\"position\":2,\"name\":\"Tours\",\"item\":\"https:\/\/tourtravelandmore.com\/fr\/tours\/\"},{\"@type\":\"ListItem\",\"position\":3,\"name\":\"Visite priv\u00e9e de Cracovie\"}]},{\"@type\":\"WebSite\",\"@id\":\"https:\/\/tourtravelandmore.com\/fr\/#website\",\"url\":\"https:\/\/tourtravelandmore.com\/fr\/\",\"name\":\"Tour Travel And More\",\"description\":\"Private sightseeing tours and luxury transfers in Spain\",\"publisher\":{\"@id\":\"https:\/\/tourtravelandmore.com\/fr\/#organization\"},\"potentialAction\":[{\"@type\":\"SearchAction\",\"target\":{\"@type\":\"EntryPoint\",\"urlTemplate\":\"https:\/\/tourtravelandmore.com\/fr\/?s={search_term_string}\"},\"query-input\":{\"@type\":\"PropertyValueSpecification\",\"valueRequired\":true,\"valueName\":\"search_term_string\"}}],\"inLanguage\":\"fr-FR\"},{\"@type\":\"Organization\",\"@id\":\"https:\/\/tourtravelandmore.com\/fr\/#organization\",\"name\":\"Tour Travel And More\",\"url\":\"https:\/\/tourtravelandmore.com\/fr\/\",\"logo\":{\"@type\":\"ImageObject\",\"inLanguage\":\"fr-FR\",\"@id\":\"https:\/\/tourtravelandmore.com\/fr\/#\/schema\/logo\/image\/\",\"url\":\"https:\/\/tourtravelandmore.com\/wp-content\/uploads\/2022\/12\/cropped-logo-cabecera-new.png\",\"contentUrl\":\"https:\/\/tourtravelandmore.com\/wp-content\/uploads\/2022\/12\/cropped-logo-cabecera-new.png\",\"width\":430,\"height\":61,\"caption\":\"Tour Travel And More\"},\"image\":{\"@id\":\"https:\/\/tourtravelandmore.com\/fr\/#\/schema\/logo\/image\/\"},\"sameAs\":[\"https:\/\/www.facebook.com\/tourtravelandmore\/\",\"https:\/\/x.com\/TourTravel_More\"]}]}<\/script>\n<!-- \/ Yoast SEO Premium plugin. -->","yoast_head_json":{"title":"Visite priv\u00e9e de Cracovie avec guide officiel et v\u00e9hicule avec chauffeur","description":"Profitez de cette occasion pour d\u00e9couvrir les endroits les plus embl\u00e9matiques et les plus beaux de Cracovie avec notre visite priv\u00e9e de Cracovie et notre guide officiel et chauffeur.","robots":{"index":"index","follow":"follow","max-snippet":"max-snippet:-1","max-image-preview":"max-image-preview:large","max-video-preview":"max-video-preview:-1"},"canonical":"https:\/\/tourtravelandmore.com\/fr\/tours\/pologne-fr\/cracovie-fr\/private-krakow-tour\/","og_locale":"fr_FR","og_type":"article","og_title":"Visite priv\u00e9e de Cracovie","og_description":"Profitez de cette occasion pour d\u00e9couvrir les endroits les plus embl\u00e9matiques et les plus beaux de Cracovie avec notre visite priv\u00e9e de Cracovie et notre guide officiel et chauffeur.","og_url":"https:\/\/tourtravelandmore.com\/fr\/tours\/pologne-fr\/cracovie-fr\/private-krakow-tour\/","og_site_name":"Tour Travel And More","article_publisher":"https:\/\/www.facebook.com\/tourtravelandmore\/","article_modified_time":"2021-03-24T08:05:20+00:00","og_image":[{"width":960,"height":640,"url":"https:\/\/tourtravelandmore.com\/wp-content\/uploads\/2020\/05\/Krakow.jpg","type":"image\/jpeg"}],"twitter_card":"summary_large_image","twitter_site":"@TourTravel_More","twitter_misc":{"Dur\u00e9e de lecture estim\u00e9e":"3 minutes"},"schema":{"@context":"https:\/\/schema.org","@graph":[{"@type":"WebPage","@id":"https:\/\/tourtravelandmore.com\/fr\/tours\/pologne-fr\/cracovie-fr\/private-krakow-tour\/","url":"https:\/\/tourtravelandmore.com\/fr\/tours\/pologne-fr\/cracovie-fr\/private-krakow-tour\/","name":"Visite priv\u00e9e de Cracovie avec guide officiel et v\u00e9hicule avec chauffeur","isPartOf":{"@id":"https:\/\/tourtravelandmore.com\/fr\/#website"},"primaryImageOfPage":{"@id":"https:\/\/tourtravelandmore.com\/fr\/tours\/pologne-fr\/cracovie-fr\/private-krakow-tour\/#primaryimage"},"image":{"@id":"https:\/\/tourtravelandmore.com\/fr\/tours\/pologne-fr\/cracovie-fr\/private-krakow-tour\/#primaryimage"},"thumbnailUrl":"https:\/\/tourtravelandmore.com\/wp-content\/uploads\/2020\/05\/Krakow.jpg","datePublished":"2020-05-11T12:13:34+00:00","dateModified":"2021-03-24T08:05:20+00:00","description":"Profitez de cette occasion pour d\u00e9couvrir les endroits les plus embl\u00e9matiques et les plus beaux de Cracovie avec notre visite priv\u00e9e de Cracovie et notre guide officiel et chauffeur.","breadcrumb":{"@id":"https:\/\/tourtravelandmore.com\/fr\/tours\/pologne-fr\/cracovie-fr\/private-krakow-tour\/#breadcrumb"},"inLanguage":"fr-FR","potentialAction":[{"@type":"ReadAction","target":["https:\/\/tourtravelandmore.com\/fr\/tours\/pologne-fr\/cracovie-fr\/private-krakow-tour\/"]}]},{"@type":"ImageObject","inLanguage":"fr-FR","@id":"https:\/\/tourtravelandmore.com\/fr\/tours\/pologne-fr\/cracovie-fr\/private-krakow-tour\/#primaryimage","url":"https:\/\/tourtravelandmore.com\/wp-content\/uploads\/2020\/05\/Krakow.jpg","contentUrl":"https:\/\/tourtravelandmore.com\/wp-content\/uploads\/2020\/05\/Krakow.jpg","width":960,"height":640},{"@type":"BreadcrumbList","@id":"https:\/\/tourtravelandmore.com\/fr\/tours\/pologne-fr\/cracovie-fr\/private-krakow-tour\/#breadcrumb","itemListElement":[{"@type":"ListItem","position":1,"name":"Home","item":"https:\/\/tourtravelandmore.com\/fr\/"},{"@type":"ListItem","position":2,"name":"Tours","item":"https:\/\/tourtravelandmore.com\/fr\/tours\/"},{"@type":"ListItem","position":3,"name":"Visite priv\u00e9e de Cracovie"}]},{"@type":"WebSite","@id":"https:\/\/tourtravelandmore.com\/fr\/#website","url":"https:\/\/tourtravelandmore.com\/fr\/","name":"Tour Travel And More","description":"Private sightseeing tours and luxury transfers in Spain","publisher":{"@id":"https:\/\/tourtravelandmore.com\/fr\/#organization"},"potentialAction":[{"@type":"SearchAction","target":{"@type":"EntryPoint","urlTemplate":"https:\/\/tourtravelandmore.com\/fr\/?s={search_term_string}"},"query-input":{"@type":"PropertyValueSpecification","valueRequired":true,"valueName":"search_term_string"}}],"inLanguage":"fr-FR"},{"@type":"Organization","@id":"https:\/\/tourtravelandmore.com\/fr\/#organization","name":"Tour Travel And More","url":"https:\/\/tourtravelandmore.com\/fr\/","logo":{"@type":"ImageObject","inLanguage":"fr-FR","@id":"https:\/\/tourtravelandmore.com\/fr\/#\/schema\/logo\/image\/","url":"https:\/\/tourtravelandmore.com\/wp-content\/uploads\/2022\/12\/cropped-logo-cabecera-new.png","contentUrl":"https:\/\/tourtravelandmore.com\/wp-content\/uploads\/2022\/12\/cropped-logo-cabecera-new.png","width":430,"height":61,"caption":"Tour Travel And More"},"image":{"@id":"https:\/\/tourtravelandmore.com\/fr\/#\/schema\/logo\/image\/"},"sameAs":["https:\/\/www.facebook.com\/tourtravelandmore\/","https:\/\/x.com\/TourTravel_More"]}]}},"_links":{"self":[{"href":"https:\/\/tourtravelandmore.com\/fr\/wp-json\/wp\/v2\/product\/105110","targetHints":{"allow":["GET"]}}],"collection":[{"href":"https:\/\/tourtravelandmore.com\/fr\/wp-json\/wp\/v2\/product"}],"about":[{"href":"https:\/\/tourtravelandmore.com\/fr\/wp-json\/wp\/v2\/types\/product"}],"replies":[{"embeddable":true,"href":"https:\/\/tourtravelandmore.com\/fr\/wp-json\/wp\/v2\/comments?post=105110"}],"wp:featuredmedia":[{"embeddable":true,"href":"https:\/\/tourtravelandmore.com\/fr\/wp-json\/wp\/v2\/media\/97533"}],"wp:attachment":[{"href":"https:\/\/tourtravelandmore.com\/fr\/wp-json\/wp\/v2\/media?parent=105110"}],"wp:term":[{"taxonomy":"product_brand","embeddable":true,"href":"https:\/\/tourtravelandmore.com\/fr\/wp-json\/wp\/v2\/product_brand?post=105110"},{"taxonomy":"product_cat","embeddable":true,"href":"https:\/\/tourtravelandmore.com\/fr\/wp-json\/wp\/v2\/product_cat?post=105110"},{"taxonomy":"product_tag","embeddable":true,"href":"https:\/\/tourtravelandmore.com\/fr\/wp-json\/wp\/v2\/product_tag?post=105110"}],"curies":[{"name":"wp","href":"https:\/\/api.w.org\/{rel}","templated":true}]}}