{"id":105091,"date":"2020-01-03T11:50:31","date_gmt":"2020-01-03T10:50:31","guid":{"rendered":"https:\/\/tourtravelandmore.com\/tours\/non%20class\u00e9\/visite-privee-de-nakhal-et-rustaq-au-depart-de-mascate\/"},"modified":"2021-03-23T21:05:46","modified_gmt":"2021-03-23T20:05:46","slug":"visite-privee-de-nakhal-et-rustaq-au-depart-de-mascate","status":"publish","type":"product","link":"https:\/\/tourtravelandmore.com\/fr\/tours\/oman-fr\/muscat-fr\/visite-privee-de-nakhal-et-rustaq-au-depart-de-mascate\/","title":{"rendered":"Visite priv\u00e9e de Nakhal et Rustaq au d\u00e9part de Mascate"},"content":{"rendered":"<h2>Description<\/h2>\n<p>Profitez de cette excursion priv\u00e9e d&#8217;une journ\u00e9e avec votre propre chauffeur priv\u00e9 et guide officiel et explorez les villes anim\u00e9es de Nakhal et Rustaq. Pr\u00e9parez-vous \u00e0 explorer ses merveilleuses forteresses, ses sources chaudes relaxantes et bien plus encore. Pour cela, notre visite priv\u00e9e de Nakhal et Rustaq au d\u00e9part de Mascate est parfaite pour cela!<\/p>\n<p>Nous viendrons vous chercher \u00e0 votre h\u00f4tel ou lieu de votre choix (h\u00f4tel, port de croisi\u00e8re, a\u00e9roport ou appartement) \u00e0 Mascate. Nous vous emm\u00e8nerons ensuite dans cette visite priv\u00e9e, avec votre propre chauffeur et guide \u00e0 Nakhal et Rustaq.<\/p>\n<p>L&#8217;\u00e9quipe de Tour Travel and More vous aidera \u00e0 concevoir votre visite de la meilleure fa\u00e7on qui corresponde \u00e0 vos propres int\u00e9r\u00eats et go\u00fbts.<\/p>\n<h2>Sites d&#8217;int\u00e9r\u00eat et monuments<\/h2>\n<p>Au cours de votre visite priv\u00e9e de 8 heures, vous d\u00e9couvrirez certains des sites les plus embl\u00e9matiques de Nakhal et Rustaq avec votre expert local. Notre visite priv\u00e9e de Nakhal et Rustaq au d\u00e9part de Mascate est la meilleure pour cette exp\u00e9rience!<\/p>\n<p>Une fois que nous avons commenc\u00e9 la visite \u00e0 Mascate, nous vous proposons de visiter, entre autres sites:<\/p>\n<p><strong>Oasis de Nakhal &#8220;Al Thowarah&#8221;<\/strong><br \/>\nD\u00e9couvrez l&#8217;un des joyaux cach\u00e9s d&#8217;Oman. Plongez dans l&#8217;eau et d\u00e9tendez-vous dans les sources chaudes pendant que les poissons se l\u00e8vent et nettoient toute la peau de la mort.<\/p>\n<p><strong>Fort de Nakhal<\/strong><br \/>\nS&#8217;\u00e9levant sur le rocher de la montagne, ce fort a \u00e9t\u00e9 construit \u00e0 une \u00e9poque pr\u00e9islamique par les Sassanides comme mesure de protection pour une zone d&#8217;oasis et les routes commerciales \u00e0 proximit\u00e9 contre les incursions des tribus arabes. La forteresse est la maison d&#8217;un mus\u00e9e o\u00f9 vous pouvez trouver l&#8217;une des meilleures expositions d&#8217;armes \u00e0 feu historiques. \u00c0 c\u00f4t\u00e9 du mus\u00e9e, vous trouverez \u00e9galement un march\u00e9 aux ch\u00e8vres hebdomadaire.<\/p>\n<h4>Continuons vers Rustaq!<\/h4>\n<p><strong>Rustaq<\/strong><br \/>\nVisitez cette ville sympathique et d\u00e9couvrez l&#8217;un des forts les plus impressionnants d&#8217;Oman. Berc\u00e9e de quatre hautes tours cette forteresse domine le paysage du lieu. Apr\u00e8s votre visite \u00e0 la citadelle, vous ralentirez et b\u00e9n\u00e9ficierez d&#8217;un bain th\u00e9rapeutique, en raison de sa teneur en soufre, dans les sources chaudes.<\/p>\n<p><strong>Fort d&#8217;Al Hazm<\/strong><br \/>\nAl Hazm est connu parmi d&#8217;autres ch\u00e2teaux omanais pour sa structure technologiquement avanc\u00e9e, qui n&#8217;utilisait pas de bois pour la construction de ses plafonds et utilisait des colonnes pour soutenir le toit. Le fort pr\u00e9sente \u00e9galement des conceptions architecturales uniques qui ne sont pas visibles dans d&#8217;autres ch\u00e2teaux, ce qui en fait un chef-d&#8217;\u0153uvre architectural islamique.<\/p>\n<p>D\u00e9couvrez toutes nos visites priv\u00e9es que nous proposons au d\u00e9part de Mascate!<\/p>\n","protected":false},"excerpt":{"rendered":"<p>Visite priv\u00e9e pour explorer les villes anim\u00e9es de Nakhal et Rustaq. Pr\u00e9parez-vous \u00e0 explorer ses merveilleuses forteresses, ses sources chaudes relaxantes et bien plus encore. Visite priv\u00e9e de Nakhal et Rustaq au d\u00e9part de Mascate<\/p>\n","protected":false},"featured_media":96935,"comment_status":"open","ping_status":"closed","template":"","meta":{"_acf_changed":false},"product_brand":[],"product_cat":[3724,3823,3547],"product_tag":[],"class_list":{"0":"post-105091","1":"product","2":"type-product","3":"status-publish","4":"has-post-thumbnail","6":"product_cat-oman-fr","7":"product_cat-muscat-fr","8":"product_cat-etats-unis-fr","10":"first","11":"instock","12":"shipping-taxable","13":"purchasable","14":"product-type-simple"},"acf":[],"yoast_head":"<!-- This site is optimized with the Yoast SEO Premium plugin v25.3.1 (Yoast SEO v25.3.1) - https:\/\/yoast.com\/wordpress\/plugins\/seo\/ -->\n<title>Visite priv\u00e9e de Nakhal et Rustaq au d\u00e9part de Mascate - Visite priv\u00e9e de Mascate<\/title>\n<meta name=\"description\" content=\"Visite pour explorer les villes anim\u00e9es de Nakhal et Rustaq. Pr\u00e9parez-vous \u00e0 explorer ses merveilleuses forteresses. Visite priv\u00e9e de Nakhal et Rustaq au d\u00e9part de Mascate\" \/>\n<meta name=\"robots\" content=\"index, follow, max-snippet:-1, max-image-preview:large, max-video-preview:-1\" \/>\n<link rel=\"canonical\" href=\"https:\/\/tourtravelandmore.com\/fr\/tours\/oman-fr\/muscat-fr\/visite-privee-de-nakhal-et-rustaq-au-depart-de-mascate\/\" \/>\n<meta property=\"og:locale\" content=\"fr_FR\" \/>\n<meta property=\"og:type\" content=\"article\" \/>\n<meta property=\"og:title\" content=\"Visite priv\u00e9e de Nakhal et Rustaq au d\u00e9part de Mascate\" \/>\n<meta property=\"og:description\" content=\"Visite pour explorer les villes anim\u00e9es de Nakhal et Rustaq. Pr\u00e9parez-vous \u00e0 explorer ses merveilleuses forteresses. Visite priv\u00e9e de Nakhal et Rustaq au d\u00e9part de Mascate\" \/>\n<meta property=\"og:url\" content=\"https:\/\/tourtravelandmore.com\/fr\/tours\/oman-fr\/muscat-fr\/visite-privee-de-nakhal-et-rustaq-au-depart-de-mascate\/\" \/>\n<meta property=\"og:site_name\" content=\"Tour Travel And More\" \/>\n<meta property=\"article:publisher\" content=\"https:\/\/www.facebook.com\/tourtravelandmore\/\" \/>\n<meta property=\"article:modified_time\" content=\"2021-03-23T20:05:46+00:00\" \/>\n<meta property=\"og:image\" content=\"https:\/\/tourtravelandmore.com\/wp-content\/uploads\/2020\/01\/mu16.jpg\" \/>\n\t<meta property=\"og:image:width\" content=\"1024\" \/>\n\t<meta property=\"og:image:height\" content=\"693\" \/>\n\t<meta property=\"og:image:type\" content=\"image\/jpeg\" \/>\n<meta name=\"twitter:card\" content=\"summary_large_image\" \/>\n<meta name=\"twitter:site\" content=\"@TourTravel_More\" \/>\n<meta name=\"twitter:label1\" content=\"Dur\u00e9e de lecture estim\u00e9e\" \/>\n\t<meta name=\"twitter:data1\" content=\"2 minutes\" \/>\n<script type=\"application\/ld+json\" class=\"yoast-schema-graph\">{\"@context\":\"https:\/\/schema.org\",\"@graph\":[{\"@type\":\"WebPage\",\"@id\":\"https:\/\/tourtravelandmore.com\/fr\/tours\/oman-fr\/muscat-fr\/visite-privee-de-nakhal-et-rustaq-au-depart-de-mascate\/\",\"url\":\"https:\/\/tourtravelandmore.com\/fr\/tours\/oman-fr\/muscat-fr\/visite-privee-de-nakhal-et-rustaq-au-depart-de-mascate\/\",\"name\":\"Visite priv\u00e9e de Nakhal et Rustaq au d\u00e9part de Mascate - Visite priv\u00e9e de Mascate\",\"isPartOf\":{\"@id\":\"https:\/\/tourtravelandmore.com\/fr\/#website\"},\"primaryImageOfPage\":{\"@id\":\"https:\/\/tourtravelandmore.com\/fr\/tours\/oman-fr\/muscat-fr\/visite-privee-de-nakhal-et-rustaq-au-depart-de-mascate\/#primaryimage\"},\"image\":{\"@id\":\"https:\/\/tourtravelandmore.com\/fr\/tours\/oman-fr\/muscat-fr\/visite-privee-de-nakhal-et-rustaq-au-depart-de-mascate\/#primaryimage\"},\"thumbnailUrl\":\"https:\/\/tourtravelandmore.com\/wp-content\/uploads\/2020\/01\/mu16.jpg\",\"datePublished\":\"2020-01-03T10:50:31+00:00\",\"dateModified\":\"2021-03-23T20:05:46+00:00\",\"description\":\"Visite pour explorer les villes anim\u00e9es de Nakhal et Rustaq. Pr\u00e9parez-vous \u00e0 explorer ses merveilleuses forteresses. Visite priv\u00e9e de Nakhal et Rustaq au d\u00e9part de Mascate\",\"breadcrumb\":{\"@id\":\"https:\/\/tourtravelandmore.com\/fr\/tours\/oman-fr\/muscat-fr\/visite-privee-de-nakhal-et-rustaq-au-depart-de-mascate\/#breadcrumb\"},\"inLanguage\":\"fr-FR\",\"potentialAction\":[{\"@type\":\"ReadAction\",\"target\":[\"https:\/\/tourtravelandmore.com\/fr\/tours\/oman-fr\/muscat-fr\/visite-privee-de-nakhal-et-rustaq-au-depart-de-mascate\/\"]}]},{\"@type\":\"ImageObject\",\"inLanguage\":\"fr-FR\",\"@id\":\"https:\/\/tourtravelandmore.com\/fr\/tours\/oman-fr\/muscat-fr\/visite-privee-de-nakhal-et-rustaq-au-depart-de-mascate\/#primaryimage\",\"url\":\"https:\/\/tourtravelandmore.com\/wp-content\/uploads\/2020\/01\/mu16.jpg\",\"contentUrl\":\"https:\/\/tourtravelandmore.com\/wp-content\/uploads\/2020\/01\/mu16.jpg\",\"width\":1024,\"height\":693},{\"@type\":\"BreadcrumbList\",\"@id\":\"https:\/\/tourtravelandmore.com\/fr\/tours\/oman-fr\/muscat-fr\/visite-privee-de-nakhal-et-rustaq-au-depart-de-mascate\/#breadcrumb\",\"itemListElement\":[{\"@type\":\"ListItem\",\"position\":1,\"name\":\"Home\",\"item\":\"https:\/\/tourtravelandmore.com\/fr\/\"},{\"@type\":\"ListItem\",\"position\":2,\"name\":\"Tours\",\"item\":\"https:\/\/tourtravelandmore.com\/fr\/tours\/\"},{\"@type\":\"ListItem\",\"position\":3,\"name\":\"Visite priv\u00e9e de Nakhal et Rustaq au d\u00e9part de Mascate\"}]},{\"@type\":\"WebSite\",\"@id\":\"https:\/\/tourtravelandmore.com\/fr\/#website\",\"url\":\"https:\/\/tourtravelandmore.com\/fr\/\",\"name\":\"Tour Travel And More\",\"description\":\"Private sightseeing tours and luxury transfers in Spain\",\"publisher\":{\"@id\":\"https:\/\/tourtravelandmore.com\/fr\/#organization\"},\"potentialAction\":[{\"@type\":\"SearchAction\",\"target\":{\"@type\":\"EntryPoint\",\"urlTemplate\":\"https:\/\/tourtravelandmore.com\/fr\/?s={search_term_string}\"},\"query-input\":{\"@type\":\"PropertyValueSpecification\",\"valueRequired\":true,\"valueName\":\"search_term_string\"}}],\"inLanguage\":\"fr-FR\"},{\"@type\":\"Organization\",\"@id\":\"https:\/\/tourtravelandmore.com\/fr\/#organization\",\"name\":\"Tour Travel And More\",\"url\":\"https:\/\/tourtravelandmore.com\/fr\/\",\"logo\":{\"@type\":\"ImageObject\",\"inLanguage\":\"fr-FR\",\"@id\":\"https:\/\/tourtravelandmore.com\/fr\/#\/schema\/logo\/image\/\",\"url\":\"https:\/\/tourtravelandmore.com\/wp-content\/uploads\/2022\/12\/cropped-logo-cabecera-new.png\",\"contentUrl\":\"https:\/\/tourtravelandmore.com\/wp-content\/uploads\/2022\/12\/cropped-logo-cabecera-new.png\",\"width\":430,\"height\":61,\"caption\":\"Tour Travel And More\"},\"image\":{\"@id\":\"https:\/\/tourtravelandmore.com\/fr\/#\/schema\/logo\/image\/\"},\"sameAs\":[\"https:\/\/www.facebook.com\/tourtravelandmore\/\",\"https:\/\/x.com\/TourTravel_More\"]}]}<\/script>\n<!-- \/ Yoast SEO Premium plugin. -->","yoast_head_json":{"title":"Visite priv\u00e9e de Nakhal et Rustaq au d\u00e9part de Mascate - Visite priv\u00e9e de Mascate","description":"Visite pour explorer les villes anim\u00e9es de Nakhal et Rustaq. Pr\u00e9parez-vous \u00e0 explorer ses merveilleuses forteresses. Visite priv\u00e9e de Nakhal et Rustaq au d\u00e9part de Mascate","robots":{"index":"index","follow":"follow","max-snippet":"max-snippet:-1","max-image-preview":"max-image-preview:large","max-video-preview":"max-video-preview:-1"},"canonical":"https:\/\/tourtravelandmore.com\/fr\/tours\/oman-fr\/muscat-fr\/visite-privee-de-nakhal-et-rustaq-au-depart-de-mascate\/","og_locale":"fr_FR","og_type":"article","og_title":"Visite priv\u00e9e de Nakhal et Rustaq au d\u00e9part de Mascate","og_description":"Visite pour explorer les villes anim\u00e9es de Nakhal et Rustaq. Pr\u00e9parez-vous \u00e0 explorer ses merveilleuses forteresses. Visite priv\u00e9e de Nakhal et Rustaq au d\u00e9part de Mascate","og_url":"https:\/\/tourtravelandmore.com\/fr\/tours\/oman-fr\/muscat-fr\/visite-privee-de-nakhal-et-rustaq-au-depart-de-mascate\/","og_site_name":"Tour Travel And More","article_publisher":"https:\/\/www.facebook.com\/tourtravelandmore\/","article_modified_time":"2021-03-23T20:05:46+00:00","og_image":[{"width":1024,"height":693,"url":"https:\/\/tourtravelandmore.com\/wp-content\/uploads\/2020\/01\/mu16.jpg","type":"image\/jpeg"}],"twitter_card":"summary_large_image","twitter_site":"@TourTravel_More","twitter_misc":{"Dur\u00e9e de lecture estim\u00e9e":"2 minutes"},"schema":{"@context":"https:\/\/schema.org","@graph":[{"@type":"WebPage","@id":"https:\/\/tourtravelandmore.com\/fr\/tours\/oman-fr\/muscat-fr\/visite-privee-de-nakhal-et-rustaq-au-depart-de-mascate\/","url":"https:\/\/tourtravelandmore.com\/fr\/tours\/oman-fr\/muscat-fr\/visite-privee-de-nakhal-et-rustaq-au-depart-de-mascate\/","name":"Visite priv\u00e9e de Nakhal et Rustaq au d\u00e9part de Mascate - Visite priv\u00e9e de Mascate","isPartOf":{"@id":"https:\/\/tourtravelandmore.com\/fr\/#website"},"primaryImageOfPage":{"@id":"https:\/\/tourtravelandmore.com\/fr\/tours\/oman-fr\/muscat-fr\/visite-privee-de-nakhal-et-rustaq-au-depart-de-mascate\/#primaryimage"},"image":{"@id":"https:\/\/tourtravelandmore.com\/fr\/tours\/oman-fr\/muscat-fr\/visite-privee-de-nakhal-et-rustaq-au-depart-de-mascate\/#primaryimage"},"thumbnailUrl":"https:\/\/tourtravelandmore.com\/wp-content\/uploads\/2020\/01\/mu16.jpg","datePublished":"2020-01-03T10:50:31+00:00","dateModified":"2021-03-23T20:05:46+00:00","description":"Visite pour explorer les villes anim\u00e9es de Nakhal et Rustaq. Pr\u00e9parez-vous \u00e0 explorer ses merveilleuses forteresses. Visite priv\u00e9e de Nakhal et Rustaq au d\u00e9part de Mascate","breadcrumb":{"@id":"https:\/\/tourtravelandmore.com\/fr\/tours\/oman-fr\/muscat-fr\/visite-privee-de-nakhal-et-rustaq-au-depart-de-mascate\/#breadcrumb"},"inLanguage":"fr-FR","potentialAction":[{"@type":"ReadAction","target":["https:\/\/tourtravelandmore.com\/fr\/tours\/oman-fr\/muscat-fr\/visite-privee-de-nakhal-et-rustaq-au-depart-de-mascate\/"]}]},{"@type":"ImageObject","inLanguage":"fr-FR","@id":"https:\/\/tourtravelandmore.com\/fr\/tours\/oman-fr\/muscat-fr\/visite-privee-de-nakhal-et-rustaq-au-depart-de-mascate\/#primaryimage","url":"https:\/\/tourtravelandmore.com\/wp-content\/uploads\/2020\/01\/mu16.jpg","contentUrl":"https:\/\/tourtravelandmore.com\/wp-content\/uploads\/2020\/01\/mu16.jpg","width":1024,"height":693},{"@type":"BreadcrumbList","@id":"https:\/\/tourtravelandmore.com\/fr\/tours\/oman-fr\/muscat-fr\/visite-privee-de-nakhal-et-rustaq-au-depart-de-mascate\/#breadcrumb","itemListElement":[{"@type":"ListItem","position":1,"name":"Home","item":"https:\/\/tourtravelandmore.com\/fr\/"},{"@type":"ListItem","position":2,"name":"Tours","item":"https:\/\/tourtravelandmore.com\/fr\/tours\/"},{"@type":"ListItem","position":3,"name":"Visite priv\u00e9e de Nakhal et Rustaq au d\u00e9part de Mascate"}]},{"@type":"WebSite","@id":"https:\/\/tourtravelandmore.com\/fr\/#website","url":"https:\/\/tourtravelandmore.com\/fr\/","name":"Tour Travel And More","description":"Private sightseeing tours and luxury transfers in Spain","publisher":{"@id":"https:\/\/tourtravelandmore.com\/fr\/#organization"},"potentialAction":[{"@type":"SearchAction","target":{"@type":"EntryPoint","urlTemplate":"https:\/\/tourtravelandmore.com\/fr\/?s={search_term_string}"},"query-input":{"@type":"PropertyValueSpecification","valueRequired":true,"valueName":"search_term_string"}}],"inLanguage":"fr-FR"},{"@type":"Organization","@id":"https:\/\/tourtravelandmore.com\/fr\/#organization","name":"Tour Travel And More","url":"https:\/\/tourtravelandmore.com\/fr\/","logo":{"@type":"ImageObject","inLanguage":"fr-FR","@id":"https:\/\/tourtravelandmore.com\/fr\/#\/schema\/logo\/image\/","url":"https:\/\/tourtravelandmore.com\/wp-content\/uploads\/2022\/12\/cropped-logo-cabecera-new.png","contentUrl":"https:\/\/tourtravelandmore.com\/wp-content\/uploads\/2022\/12\/cropped-logo-cabecera-new.png","width":430,"height":61,"caption":"Tour Travel And More"},"image":{"@id":"https:\/\/tourtravelandmore.com\/fr\/#\/schema\/logo\/image\/"},"sameAs":["https:\/\/www.facebook.com\/tourtravelandmore\/","https:\/\/x.com\/TourTravel_More"]}]}},"_links":{"self":[{"href":"https:\/\/tourtravelandmore.com\/fr\/wp-json\/wp\/v2\/product\/105091","targetHints":{"allow":["GET"]}}],"collection":[{"href":"https:\/\/tourtravelandmore.com\/fr\/wp-json\/wp\/v2\/product"}],"about":[{"href":"https:\/\/tourtravelandmore.com\/fr\/wp-json\/wp\/v2\/types\/product"}],"replies":[{"embeddable":true,"href":"https:\/\/tourtravelandmore.com\/fr\/wp-json\/wp\/v2\/comments?post=105091"}],"wp:featuredmedia":[{"embeddable":true,"href":"https:\/\/tourtravelandmore.com\/fr\/wp-json\/wp\/v2\/media\/96935"}],"wp:attachment":[{"href":"https:\/\/tourtravelandmore.com\/fr\/wp-json\/wp\/v2\/media?parent=105091"}],"wp:term":[{"taxonomy":"product_brand","embeddable":true,"href":"https:\/\/tourtravelandmore.com\/fr\/wp-json\/wp\/v2\/product_brand?post=105091"},{"taxonomy":"product_cat","embeddable":true,"href":"https:\/\/tourtravelandmore.com\/fr\/wp-json\/wp\/v2\/product_cat?post=105091"},{"taxonomy":"product_tag","embeddable":true,"href":"https:\/\/tourtravelandmore.com\/fr\/wp-json\/wp\/v2\/product_tag?post=105091"}],"curies":[{"name":"wp","href":"https:\/\/api.w.org\/{rel}","templated":true}]}}